{"id":85979,"date":"2025-03-10T17:19:19","date_gmt":"2025-03-10T17:19:19","guid":{"rendered":"https:\/\/www.accuratereviews.com\/?page_id=85979"},"modified":"2025-03-13T10:36:49","modified_gmt":"2025-03-13T10:36:49","slug":"ic3d-recensione","status":"publish","type":"page","link":"https:\/\/www.accuratereviews.com\/it\/programmi-disegno-3d\/ic3d-recensione\/","title":{"rendered":"iC3D"},"content":{"rendered":"<p><strong>iC3D<\/strong> \u00e8 un<strong> software di progettazione di imballaggi<\/strong> progettato per creare prototipi 3D e mockup virtuali. Gli amministratori possono utilizzare la funzionalit\u00e0 di ideazione e produzione 3D per visualizzare bottiglie, sacchetti, lattine, cartoni, scaffali e altro ancora. L&#8217;applicazione consente ai progettisti di modificare modelli 3D, mesh e superfici con pieghe o ammaccature, importare animazioni, modifiche, tagli e posizionamenti di grafica nei progetti e generare pellicole termoretraibili per scopi di stampa.<br \/>\n<strong>iC3D<\/strong> offre un modulo di visualizzazione di scaffali, che consente agli ingegneri di creare, visualizzare e confrontare diverse versioni di prototipi. Fornisce inoltre un editor UVW, che consente ai professionisti di distorcere qualsiasi grafica e rimodellarla per progettare <strong>modelli 3D<\/strong> in base ai requisiti. Altre funzionalit\u00e0 includono un menu di<strong> stampante 3D<\/strong>, animazione, movimento della telecamera, sfondi dinamici, etichettatura, collaborazione, visualizzazione competitiva in negozio, simulazione fisica e altro ancora.<\/p>\n<h2>IC3D &#8211; TUTORIAL<\/h2>\n<div id=\"fluid-wrapper-counter-1\" class=\"g1-fluid-wrapper \" style=\"width:686px;\">\n<div style=\"padding-bottom:56.268221574344%;\"><iframe loading=\"lazy\" title=\"iC3D v6 Showreel: Spanish\" width=\"686\" height=\"386\" src=\"https:\/\/www.youtube.com\/embed\/7aPt_bljJD0?feature=oembed&amp;wmode=transparent&amp;autohide=1&amp;autoplay=0&amp;disablekb=0&amp;fs=1&amp;loop=0&amp;enablejsapi=1&amp;rel=0&amp;controls=2&amp;showinfo=0&amp;wmode=transparent&amp;autohide=2&amp;autoplay=0&amp;disablekb=0&amp;fs=1&amp;loop=0&amp;enablejsapi=1&amp;rel=0&amp;controls=2&amp;showinfo=1\" frameborder=\"0\" allow=\"accelerometer; autoplay; clipboard-write; encrypted-media; gyroscope; picture-in-picture; web-share\" referrerpolicy=\"strict-origin-when-cross-origin\" allowfullscreen><\/iframe><\/div>\n<\/div>\n<h3>IC3D &#8211; CARATTERISTICHE<\/h3>\n<ul>\n<li>Visualizzazione 3D &#8220;in tempo reale&#8221; completa: bottiglie, sacchetti, cartoni, lattine, POS, scaffali<\/li>\n<li>Modulo Modellatore di forme 3D, Editor di punti\/fisica, Cartone\/scatola\/POS, etichettatura, visus<\/li>\n<li>Visualizzatore scaffali<\/li>\n<li>Libreria modelli 3D, materiali, texture, substrati cartone<\/li>\n<li>Elenco preset di esportazione<\/li>\n<li>Spinner 2D<\/li>\n<li>Collegamento bidirezionale Adobe Illustrator<\/li>\n<li>Formati di importazione 3D<\/li>\n<li>Effetti livelli Illustrator<\/li>\n<li>Editor UVW<\/li>\n<li>Spostamento bump<\/li>\n<li>Effetti lenticolari, olografici, Fresnel, riempimento liquido<\/li>\n<li>Riflessi sul pavimento<\/li>\n<li>Illuminazione da studio e generazione HDRI<\/li>\n<li>Sfondi dinamici<\/li>\n<li>Funzionalit\u00e0 di trasformazione<\/li>\n<li>Illuminazione del mondo reale\/ambienti HDRI<\/li>\n<li>Esporta immagini ad alta risoluzione e funzionalit\u00e0 di aumento<\/li>\n<li>Movimento della telecamera<\/li>\n<li>Animazione\/ Registrazione<\/li>\n<li>Esporta file 3D, Collada\/DAE, OBJ, STL<\/li>\n<\/ul>\n<h4>LE RECENSIONI DEGLI UTENTI<\/h4>\n<p><strong>Francesco Enrique &#8220;Se hai bisogno di lavorare in 3D, IC3D \u00e8 il programma che dovresti usare&#8221;<\/strong><br \/>\n<strong>Commenti<\/strong>: IC3D mi ha aiutato come ingegnere meccanico a materializzare i miei progetti 3D in modo facile e veloce nella progettazione di elementi meccanici.<br \/>\n<strong>Pro<\/strong>: IC3D \u00e8 un programma molto facile da usare, \u00e8 intuitivo e molto user friendly, ha un vantaggio rispetto ad altri software che lo fanno competere e pu\u00f2 essere utilizzato sia in modo amatoriale che professionale, per arrivare a questo c&#8217;\u00e8 solo da prendere il manuale e appropriarsi delle informazioni fornite.<br \/>\n<strong>Contro<\/strong>: Come ho detto prima, IC3D \u00e8 molto intuitivo e molto facile da usare, quindi \u00e8 difficile fare un commento contro di esso, ma anche cos\u00ec, l&#8217;interfaccia potrebbe essere migliorata e raggiungere qualsiasi pubblico, professionale o meno.<\/p>\n<p><strong>Hardik &#8220;iC3D \u00e8 essenziale per lavorare in 3d.&#8221;<\/strong><br \/>\n<strong>Commenti<\/strong>: iC3D \u00e8 ottimo quando si tratta di creare stampe personalizzate. \u00c8 possibile creare e modificare vari cataloghi ed eseguire diverse attivit\u00e0 con questo software. Include il caricamento di immagini, il dimensionamento, la regolazione e la creazione di tutti i tipi di oggetti da zero. L&#8217;interfaccia \u00e8 user-friendly, quindi non perderai molto tempo a capire cosa serve per cosa. Lo adoro assolutamente!<br \/>\n<strong>Pro<\/strong>: La stampa 3D ha un&#8217;ampia gamma di applicazioni in diverse aree di attivit\u00e0. Puoi anche eseguirlo in vari modi, ma \u00e8 meglio usare un software appropriato allo scopo. \u00c8 cos\u00ec che puoi trasformare un normale desktop in una vera attrezzatura aziendale. iC3D \u00e8 conosciuto come uno di qualit\u00e0. Dovrai esplorare questo software per saperne di pi\u00f9 sul suo utilizzo. Puoi anche utilizzare diversi manuali per imparare a usarlo nel miglior modo possibile. Sono spesso disponibili gratuitamente su Internet, quindi non avrai problemi a ottenere una di queste risorse. Fortunatamente, non \u00e8 difficile da imparare e funziona principalmente in modo intuitivo. Elencati, alcuni professionisti sono: Professionisti Software intuitivo Funziona con tutte le versioni di Windows Facile da imparare e da usare Semplicemente accessibile<br \/>\n<strong>Contro<\/strong>: iC3D \u00e8 incredibilmente facile da usare ed \u00e8 difficile trovare i contro di questo software. Tuttavia, si verificano occasionali problemi tecnici o momenti di mancata risposta durante il pilotaggio del software.<\/p>\n","protected":false},"excerpt":{"rendered":"<p>iC3D \u00e8 un software di progettazione di imballaggi progettato per creare prototipi 3D e mockup virtuali. Gli amministratori possono utilizzare la funzionalit\u00e0 di ideazione e produzione 3D per visualizzare bottiglie, sacchetti, lattine, cartoni, scaffali e altro ancora. L&#8217;applicazione consente ai progettisti di modificare modelli 3D, mesh e superfici con pieghe o ammaccature, importare animazioni, modifiche, tagli e posizionamenti di grafica nei progetti e generare pellicole termoretraibili per scopi di stampa<\/p>\n","protected":false},"author":19,"featured_media":85981,"parent":85867,"menu_order":0,"comment_status":"open","ping_status":"closed","template":"g1_template_page_review_new.php","meta":{"_acf_changed":false,"cwp_meta_box_check":"No","cwp_rev_product_name":"","cwp_rev_product_image":"","wppr_links":[],"cwp_rev_price":"","wppr_options":[],"wppr_pros":[],"wppr_cons":[],"_monsterinsights_skip_tracking":false,"_monsterinsights_sitenote_active":false,"_monsterinsights_sitenote_note":"","_monsterinsights_sitenote_category":0,"footnotes":""},"categories":[15900],"tags":[598,15902,15935,15932,15931,15934,15933],"features":[],"class_list":{"0":"post-85979","1":"page","2":"type-page","3":"status-publish","4":"has-post-thumbnail","6":"category-programmi-per-disegno-3d","7":"tag-3d","8":"tag-disegno-3d","9":"tag-ic3d","10":"tag-piattaforma-disegno-3d","11":"tag-programma-disegno-3d","12":"tag-software-disegno-3d","13":"tag-soluzione-disegno-3d"},"wppr_data":{"cwp_meta_box_check":"No"},"acf":[],"yoast_head":"<!-- This site is optimized with the Yoast SEO plugin v27.4 - https:\/\/yoast.com\/product\/yoast-seo-wordpress\/ -->\n<title>iC3D: recensione software disegno 3D - Accurate Reviews<\/title>\n<meta name=\"description\" content=\"iC3D: recensione software di progettazione di imballaggi progettato per creare prototipi 3D e mockup virtuali.\" \/>\n<meta name=\"robots\" content=\"index, follow, max-snippet:-1, max-image-preview:large, max-video-preview:-1\" \/>\n<link rel=\"canonical\" href=\"https:\/\/www.accuratereviews.com\/it\/programmi-disegno-3d\/ic3d-recensione\/\" \/>\n<meta property=\"og:locale\" content=\"it_IT\" \/>\n<meta property=\"og:type\" content=\"article\" \/>\n<meta property=\"og:title\" content=\"iC3D: recensione software disegno 3D - Accurate Reviews\" \/>\n<meta property=\"og:description\" content=\"iC3D: recensione software di progettazione di imballaggi progettato per creare prototipi 3D e mockup virtuali.\" \/>\n<meta property=\"og:url\" content=\"https:\/\/www.accuratereviews.com\/it\/programmi-disegno-3d\/ic3d-recensione\/\" \/>\n<meta property=\"og:site_name\" content=\"Accurate Reviews\" \/>\n<meta property=\"article:modified_time\" content=\"2025-03-13T10:36:49+00:00\" \/>\n<meta property=\"og:image\" content=\"https:\/\/www.accuratereviews.com\/wp-content\/uploads\/2025\/03\/iC3D.jpeg\" \/>\n\t<meta property=\"og:image:width\" content=\"200\" \/>\n\t<meta property=\"og:image:height\" content=\"200\" \/>\n\t<meta property=\"og:image:type\" content=\"image\/jpeg\" \/>\n<meta name=\"twitter:card\" content=\"summary_large_image\" \/>\n<meta name=\"twitter:label1\" content=\"Tempo di lettura stimato\" \/>\n\t<meta name=\"twitter:data1\" content=\"5 minuti\" \/>\n<script type=\"application\/ld+json\" class=\"yoast-schema-graph\">{\"@context\":\"https:\\\/\\\/schema.org\",\"@graph\":[{\"@type\":\"WebPage\",\"@id\":\"https:\\\/\\\/www.accuratereviews.com\\\/it\\\/programmi-disegno-3d\\\/ic3d-recensione\\\/\",\"url\":\"https:\\\/\\\/www.accuratereviews.com\\\/it\\\/programmi-disegno-3d\\\/ic3d-recensione\\\/\",\"name\":\"iC3D: recensione software disegno 3D - Accurate Reviews\",\"isPartOf\":{\"@id\":\"https:\\\/\\\/www.accuratereviews.com\\\/it\\\/#website\"},\"primaryImageOfPage\":{\"@id\":\"https:\\\/\\\/www.accuratereviews.com\\\/it\\\/programmi-disegno-3d\\\/ic3d-recensione\\\/#primaryimage\"},\"image\":{\"@id\":\"https:\\\/\\\/www.accuratereviews.com\\\/it\\\/programmi-disegno-3d\\\/ic3d-recensione\\\/#primaryimage\"},\"thumbnailUrl\":\"https:\\\/\\\/www.accuratereviews.com\\\/wp-content\\\/uploads\\\/2025\\\/03\\\/iC3D.jpeg\",\"datePublished\":\"2025-03-10T17:19:19+00:00\",\"dateModified\":\"2025-03-13T10:36:49+00:00\",\"description\":\"iC3D: recensione software di progettazione di imballaggi progettato per creare prototipi 3D e mockup virtuali.\",\"breadcrumb\":{\"@id\":\"https:\\\/\\\/www.accuratereviews.com\\\/it\\\/programmi-disegno-3d\\\/ic3d-recensione\\\/#breadcrumb\"},\"inLanguage\":\"it-IT\",\"potentialAction\":[{\"@type\":\"ReadAction\",\"target\":[\"https:\\\/\\\/www.accuratereviews.com\\\/it\\\/programmi-disegno-3d\\\/ic3d-recensione\\\/\"]}]},{\"@type\":\"ImageObject\",\"inLanguage\":\"it-IT\",\"@id\":\"https:\\\/\\\/www.accuratereviews.com\\\/it\\\/programmi-disegno-3d\\\/ic3d-recensione\\\/#primaryimage\",\"url\":\"https:\\\/\\\/www.accuratereviews.com\\\/wp-content\\\/uploads\\\/2025\\\/03\\\/iC3D.jpeg\",\"contentUrl\":\"https:\\\/\\\/www.accuratereviews.com\\\/wp-content\\\/uploads\\\/2025\\\/03\\\/iC3D.jpeg\",\"width\":200,\"height\":200},{\"@type\":\"BreadcrumbList\",\"@id\":\"https:\\\/\\\/www.accuratereviews.com\\\/it\\\/programmi-disegno-3d\\\/ic3d-recensione\\\/#breadcrumb\",\"itemListElement\":[{\"@type\":\"ListItem\",\"position\":1,\"name\":\"Home\",\"item\":\"https:\\\/\\\/www.accuratereviews.com\\\/it\\\/\"},{\"@type\":\"ListItem\",\"position\":2,\"name\":\"Programmi per disegno 3D\",\"item\":\"https:\\\/\\\/www.accuratereviews.com\\\/it\\\/programmi-disegno-3d\\\/\"},{\"@type\":\"ListItem\",\"position\":3,\"name\":\"iC3D\"}]},{\"@type\":\"WebSite\",\"@id\":\"https:\\\/\\\/www.accuratereviews.com\\\/it\\\/#website\",\"url\":\"https:\\\/\\\/www.accuratereviews.com\\\/it\\\/\",\"name\":\"Accurate Reviews\",\"description\":\"\",\"potentialAction\":[{\"@type\":\"SearchAction\",\"target\":{\"@type\":\"EntryPoint\",\"urlTemplate\":\"https:\\\/\\\/www.accuratereviews.com\\\/it\\\/?s={search_term_string}\"},\"query-input\":{\"@type\":\"PropertyValueSpecification\",\"valueRequired\":true,\"valueName\":\"search_term_string\"}}],\"inLanguage\":\"it-IT\"}]}<\/script>\n<!-- \/ Yoast SEO plugin. -->","yoast_head_json":{"title":"iC3D: recensione software disegno 3D - Accurate Reviews","description":"iC3D: recensione software di progettazione di imballaggi progettato per creare prototipi 3D e mockup virtuali.","robots":{"index":"index","follow":"follow","max-snippet":"max-snippet:-1","max-image-preview":"max-image-preview:large","max-video-preview":"max-video-preview:-1"},"canonical":"https:\/\/www.accuratereviews.com\/it\/programmi-disegno-3d\/ic3d-recensione\/","og_locale":"it_IT","og_type":"article","og_title":"iC3D: recensione software disegno 3D - Accurate Reviews","og_description":"iC3D: recensione software di progettazione di imballaggi progettato per creare prototipi 3D e mockup virtuali.","og_url":"https:\/\/www.accuratereviews.com\/it\/programmi-disegno-3d\/ic3d-recensione\/","og_site_name":"Accurate Reviews","article_modified_time":"2025-03-13T10:36:49+00:00","og_image":[{"width":200,"height":200,"url":"https:\/\/www.accuratereviews.com\/wp-content\/uploads\/2025\/03\/iC3D.jpeg","type":"image\/jpeg"}],"twitter_card":"summary_large_image","twitter_misc":{"Tempo di lettura stimato":"5 minuti"},"schema":{"@context":"https:\/\/schema.org","@graph":[{"@type":"WebPage","@id":"https:\/\/www.accuratereviews.com\/it\/programmi-disegno-3d\/ic3d-recensione\/","url":"https:\/\/www.accuratereviews.com\/it\/programmi-disegno-3d\/ic3d-recensione\/","name":"iC3D: recensione software disegno 3D - Accurate Reviews","isPartOf":{"@id":"https:\/\/www.accuratereviews.com\/it\/#website"},"primaryImageOfPage":{"@id":"https:\/\/www.accuratereviews.com\/it\/programmi-disegno-3d\/ic3d-recensione\/#primaryimage"},"image":{"@id":"https:\/\/www.accuratereviews.com\/it\/programmi-disegno-3d\/ic3d-recensione\/#primaryimage"},"thumbnailUrl":"https:\/\/www.accuratereviews.com\/wp-content\/uploads\/2025\/03\/iC3D.jpeg","datePublished":"2025-03-10T17:19:19+00:00","dateModified":"2025-03-13T10:36:49+00:00","description":"iC3D: recensione software di progettazione di imballaggi progettato per creare prototipi 3D e mockup virtuali.","breadcrumb":{"@id":"https:\/\/www.accuratereviews.com\/it\/programmi-disegno-3d\/ic3d-recensione\/#breadcrumb"},"inLanguage":"it-IT","potentialAction":[{"@type":"ReadAction","target":["https:\/\/www.accuratereviews.com\/it\/programmi-disegno-3d\/ic3d-recensione\/"]}]},{"@type":"ImageObject","inLanguage":"it-IT","@id":"https:\/\/www.accuratereviews.com\/it\/programmi-disegno-3d\/ic3d-recensione\/#primaryimage","url":"https:\/\/www.accuratereviews.com\/wp-content\/uploads\/2025\/03\/iC3D.jpeg","contentUrl":"https:\/\/www.accuratereviews.com\/wp-content\/uploads\/2025\/03\/iC3D.jpeg","width":200,"height":200},{"@type":"BreadcrumbList","@id":"https:\/\/www.accuratereviews.com\/it\/programmi-disegno-3d\/ic3d-recensione\/#breadcrumb","itemListElement":[{"@type":"ListItem","position":1,"name":"Home","item":"https:\/\/www.accuratereviews.com\/it\/"},{"@type":"ListItem","position":2,"name":"Programmi per disegno 3D","item":"https:\/\/www.accuratereviews.com\/it\/programmi-disegno-3d\/"},{"@type":"ListItem","position":3,"name":"iC3D"}]},{"@type":"WebSite","@id":"https:\/\/www.accuratereviews.com\/it\/#website","url":"https:\/\/www.accuratereviews.com\/it\/","name":"Accurate Reviews","description":"","potentialAction":[{"@type":"SearchAction","target":{"@type":"EntryPoint","urlTemplate":"https:\/\/www.accuratereviews.com\/it\/?s={search_term_string}"},"query-input":{"@type":"PropertyValueSpecification","valueRequired":true,"valueName":"search_term_string"}}],"inLanguage":"it-IT"}]}},"_links":{"self":[{"href":"https:\/\/www.accuratereviews.com\/it\/wp-json\/wp\/v2\/pages\/85979","targetHints":{"allow":["GET"]}}],"collection":[{"href":"https:\/\/www.accuratereviews.com\/it\/wp-json\/wp\/v2\/pages"}],"about":[{"href":"https:\/\/www.accuratereviews.com\/it\/wp-json\/wp\/v2\/types\/page"}],"author":[{"embeddable":true,"href":"https:\/\/www.accuratereviews.com\/it\/wp-json\/wp\/v2\/users\/19"}],"replies":[{"embeddable":true,"href":"https:\/\/www.accuratereviews.com\/it\/wp-json\/wp\/v2\/comments?post=85979"}],"version-history":[{"count":10,"href":"https:\/\/www.accuratereviews.com\/it\/wp-json\/wp\/v2\/pages\/85979\/revisions"}],"predecessor-version":[{"id":86125,"href":"https:\/\/www.accuratereviews.com\/it\/wp-json\/wp\/v2\/pages\/85979\/revisions\/86125"}],"up":[{"embeddable":true,"href":"https:\/\/www.accuratereviews.com\/it\/wp-json\/wp\/v2\/pages\/85867"}],"wp:featuredmedia":[{"embeddable":true,"href":"https:\/\/www.accuratereviews.com\/it\/wp-json\/wp\/v2\/media\/85981"}],"wp:attachment":[{"href":"https:\/\/www.accuratereviews.com\/it\/wp-json\/wp\/v2\/media?parent=85979"}],"wp:term":[{"taxonomy":"category","embeddable":true,"href":"https:\/\/www.accuratereviews.com\/it\/wp-json\/wp\/v2\/categories?post=85979"},{"taxonomy":"post_tag","embeddable":true,"href":"https:\/\/www.accuratereviews.com\/it\/wp-json\/wp\/v2\/tags?post=85979"},{"taxonomy":"features","embeddable":true,"href":"https:\/\/www.accuratereviews.com\/it\/wp-json\/wp\/v2\/features?post=85979"}],"curies":[{"name":"wp","href":"https:\/\/api.w.org\/{rel}","templated":true}]}}