{"id":86015,"date":"2025-03-11T19:01:19","date_gmt":"2025-03-11T19:01:19","guid":{"rendered":"https:\/\/www.accuratereviews.com\/?page_id=86015"},"modified":"2025-03-12T10:09:04","modified_gmt":"2025-03-12T10:09:04","slug":"mastercam-recensione","status":"publish","type":"page","link":"https:\/\/www.accuratereviews.com\/it\/programmi-disegno-3d\/mastercam-recensione\/","title":{"rendered":"Mastercam"},"content":{"rendered":"<p><strong>Mastercam<\/strong> \u00e8 una <strong>piattaforma di progettazione assistita da computer (CAD) 3D,<\/strong> sviluppata per aiutare le aziende a creare e progettare attrezzature di produzione utilizzando vari strumenti integrati con programmazione 2D, lavorazione multiasse, modelli di fili e altro ancora. I manager possono analizzare e modificare le direzioni UV nei modelli di superficie e utilizzare il percorso utensile<strong> Advanced Drill<\/strong> per i processi di foratura profonda.<br \/>\nIl percorso utensile Chamfer Drill di Mastercam esegue fori nei macchinari dopo aver calcolato la profondit\u00e0 in base alla larghezza richiesta, consente ai supervisori di selezionare fori con diametri o dimensioni specifici e di elaborarli in un&#8217;unica operazione. I programmatori CNC (computer numerically controlled) possono modellare, combinare ed elaborare la geometria CAD utilizzando vari strumenti di modellazione. Il sistema supporta anche pi\u00f9 formati di file come JPG, TIFF e altro ancora. Le sue capacit\u00e0 di simulazione consentono inoltre di rilevare collisioni tra i componenti della macchina.<\/p>\n<h2>MASTERCAM &#8211; TUTORIAL<\/h2>\n<div id=\"fluid-wrapper-counter-1\" class=\"g1-fluid-wrapper \" style=\"width:686px;\">\n<div style=\"padding-bottom:56.268221574344%;\"><iframe loading=\"lazy\" title=\"Mastercam 2025: Ciclo di Smussatura - Nuovo Metodo di Selezione nel Modello | Tutorial\" width=\"686\" height=\"386\" src=\"https:\/\/www.youtube.com\/embed\/CghmRxk3aDo?feature=oembed&amp;wmode=transparent&amp;autohide=1&amp;autoplay=0&amp;disablekb=0&amp;fs=1&amp;loop=0&amp;enablejsapi=1&amp;rel=0&amp;controls=2&amp;showinfo=0&amp;wmode=transparent&amp;autohide=2&amp;autoplay=0&amp;disablekb=0&amp;fs=1&amp;loop=0&amp;enablejsapi=1&amp;rel=0&amp;controls=2&amp;showinfo=1\" frameborder=\"0\" allow=\"accelerometer; autoplay; clipboard-write; encrypted-media; gyroscope; picture-in-picture; web-share\" referrerpolicy=\"strict-origin-when-cross-origin\" allowfullscreen><\/iframe><\/div>\n<\/div>\n<h3>MASTERCAM &#8211; CARATTERISTICHE<\/h3>\n<ul>\n<li>Aumenta le prestazioni di lavorazione e riduci i costi di produzione complessivi con percorsi utensile di fresatura potenti come Mastercam Deburr, miglioramenti di tornitura asse Y\/A\/B e altro ancora.<\/li>\n<li>Offri alla tua officina le migliori basi possibili per una fresatura rapida ed efficiente. Dai metodi generici come la tascatura ottimizzata ai percorsi utensile altamente specializzati come il taglio turbina a 5 assi, i tuoi pezzi vengono prodotti pi\u00f9 velocemente, con maggiore precisione, qualit\u00e0 e ripetibilit\u00e0.<\/li>\n<li>Il software di programmazione camme per torni ti offre un set di strumenti per tornire i tuoi pezzi esattamente come ti servono. Fornisce routine di sgrossatura, scanalatura, filettatura, troncatura, alesatura, foratura e finitura facili per una maggiore produttivit\u00e0.<\/li>\n<li>La programmazione tornio-fresa semplifica i centri di lavoro multistream ad alta potenza per prestazioni e sicurezza maggiori. Queste macchine CNC multitasking riducono le configurazioni multiple, la movimentazione manuale dei pezzi, i fissaggi ridondanti e i tempi di inattivit\u00e0 per una migliore produttivit\u00e0 nella produzione.<\/li>\n<li>Non hai pi\u00f9 bisogno di un pacchetto software separato per le macchine CNC Swiss, qualcosa che i programmatori e gli operatori apprezzano. Offri alla tua officina la praticit\u00e0 e la precisione per macchine di tipo gang e seleziona macchine con torretta gang e asse B.<\/li>\n<li>Soluzione per la programmazione di macchine CNC Wire EDM veloce, facile e produttivo.<\/li>\n<li>Mastercam Learning Edition \u00e8 un software CAD\/CAM scaricabile gratuitamente per scopi dimostrativi e didattici. \u00c8 una versione di prova di Mastercam che pu\u00f2 essere utilizzata per imparare a casa.<\/li>\n<li>Soluzione di progettazione assistita da computer che semplifica la creazione anche delle parti pi\u00f9 complesse con una solida suite di strumenti CAD. La progettazione \u00e8 inclusa nella suite di soluzioni CAM di Mastercam. \u00c8 disponibile anche come prodotto autonomo<\/li>\n<\/ul>\n<h4>LE RECENSIONI DEGLI UTENTI<\/h4>\n<p><strong>Joshua &#8220;Il miglior software CAD\/CAM per imprenditori.&#8221;<\/strong><br \/>\n<strong>Pro<\/strong>: mastercam \u00e8 un software molto potente e una volta che impari a usarlo, \u00e8 molto facile realizzare molto rapidamente progetti di parti\/percorsi utensile.<br \/>\n<strong>Contro<\/strong>: a volte la simulazione del percorso utensile \u00e8 un po&#8217; difettosa, ma si risolve se la si chiude e si esegue nuovamente la simulazione. Il prezzo \u00e8 piuttosto alto per un negozio pi\u00f9 piccolo, ma lo compensa con funzionalit\u00e0 e supporto.<\/p>\n<p><strong>Bugra &#8220;BS MasterCam&#8221;<\/strong><br \/>\n<strong>Commenti<\/strong>: ho studiato perito meccanico e abbiamo usato il mulino per progettare parti<br \/>\n<strong>Pro<\/strong>: \u00c8 molto divertente progettare il disegno e il processo di produzione, pu\u00f2 anche funzionare con hardware molto basso.<br \/>\n<strong>Contro<\/strong>: \u00c8 un&#8217;interfaccia del programma un po&#8217; vecchia, penso sia facile, ma penso che manchino i tipi di materiale che contiene.<\/p>\n<p><strong>Santiago &#8220;Soluzioni CAM con MasterCAM&#8221;<\/strong><br \/>\n<strong>Pro<\/strong>: puoi progettare molte cose come componenti in metallo e plastica, il software \u00e8 facile da usare ma se non sei bravo con quello puoi importare un disegno da un altro software di disegno e continuare a lavorare con MasterCAM<br \/>\n<strong>Contro<\/strong>: a volte ci sono problemi di lag al momento per simulare il tuo progetto<\/p>\n","protected":false},"excerpt":{"rendered":"<p>Mastercam \u00e8 una piattaforma di progettazione assistita da computer (CAD) 3D sviluppata per aiutare le aziende a creare e progettare attrezzature di produzione utilizzando vari strumenti integrati con programmazione 2D, lavorazione multiasse, modelli di fili e altro ancora. I manager possono analizzare e modificare le direzioni UV nei modelli di superficie e utilizzare il percorso utensile Advanced Drill per i processi di foratura profonda.<\/p>\n","protected":false},"author":19,"featured_media":86016,"parent":85867,"menu_order":0,"comment_status":"open","ping_status":"closed","template":"g1_template_page_review_new.php","meta":{"_acf_changed":false,"cwp_meta_box_check":"Yes","cwp_rev_product_name":"","cwp_rev_product_image":"","wppr_links":[],"cwp_rev_price":"0.00","wppr_options":[],"wppr_pros":["","","","",""],"wppr_cons":["","","","",""],"_monsterinsights_skip_tracking":false,"_monsterinsights_sitenote_active":false,"_monsterinsights_sitenote_note":"","_monsterinsights_sitenote_category":0,"footnotes":""},"categories":[15900],"tags":[15902,15939,15932,15940,15934,15933],"features":[],"class_list":{"0":"post-86015","1":"page","2":"type-page","3":"status-publish","4":"has-post-thumbnail","6":"category-programmi-per-disegno-3d","7":"tag-disegno-3d","8":"tag-mastercam","9":"tag-piattaforma-disegno-3d","10":"tag-programma-disegno-3-d","11":"tag-software-disegno-3d","12":"tag-soluzione-disegno-3d"},"wppr_data":{"cwp_meta_box_check":"Yes","_wppr_review_template":"default","cwp_rev_product_image":"","cwp_image_link":"image","wppr_links":[],"cwp_rev_price":"0.00","wppr_pros":["","","","",""],"wppr_cons":["","","","",""],"wppr_rating":"0.00","wppr_options":[],"wppr_review_type":"Product","wppr_review_custom_fields":{"additionalProperty":"","additionalType":"","aggregateRating":"","alternateName":"","audience":"","award":"","awards":"","brand":"","color":"","depth":"","description":"","disambiguatingDescription":"","gtin12":"","gtin13":"","gtin14":"","gtin8":"","height":"","identifier":"","image":"","isAccessoryOrSparePartFor":"","isConsumableFor":"","isRelatedTo":"","isSimilarTo":"","itemCondition":"","logo":"","mainEntityOfPage":"","manufacturer":"","material":"","model":"","mpn":"","name":"","offers":"","potentialAction":"","productID":"","productionDate":"","purchaseDate":"","releaseDate":"","review":"","reviews":"","sameAs":"","sku":"","slogan":"","subjectOf":"","url":"","weight":"","width":""}},"acf":[],"yoast_head":"<!-- This site is optimized with the Yoast SEO plugin v27.4 - https:\/\/yoast.com\/product\/yoast-seo-wordpress\/ -->\n<title>Mastercam: recensione software disegno 3D - Accurate Reviews<\/title>\n<meta name=\"description\" content=\"Mastercam: piattaforma progettazione assistita da computer 3D creata per progettare attrezzature di produzione con vari strumenti integrati.\" \/>\n<meta name=\"robots\" content=\"index, follow, max-snippet:-1, max-image-preview:large, max-video-preview:-1\" \/>\n<link rel=\"canonical\" href=\"https:\/\/www.accuratereviews.com\/it\/programmi-disegno-3d\/mastercam-recensione\/\" \/>\n<meta property=\"og:locale\" content=\"it_IT\" \/>\n<meta property=\"og:type\" content=\"article\" \/>\n<meta property=\"og:title\" content=\"Mastercam: recensione software disegno 3D - Accurate Reviews\" \/>\n<meta property=\"og:description\" content=\"Mastercam: piattaforma progettazione assistita da computer 3D creata per progettare attrezzature di produzione con vari strumenti integrati.\" \/>\n<meta property=\"og:url\" content=\"https:\/\/www.accuratereviews.com\/it\/programmi-disegno-3d\/mastercam-recensione\/\" \/>\n<meta property=\"og:site_name\" content=\"Accurate Reviews\" \/>\n<meta property=\"article:modified_time\" content=\"2025-03-12T10:09:04+00:00\" \/>\n<meta property=\"og:image\" content=\"https:\/\/www.accuratereviews.com\/wp-content\/uploads\/2025\/03\/Mastercam.png\" \/>\n\t<meta property=\"og:image:width\" content=\"357\" \/>\n\t<meta property=\"og:image:height\" content=\"357\" \/>\n\t<meta property=\"og:image:type\" content=\"image\/png\" \/>\n<meta name=\"twitter:card\" content=\"summary_large_image\" \/>\n<meta name=\"twitter:label1\" content=\"Tempo di lettura stimato\" \/>\n\t<meta name=\"twitter:data1\" content=\"5 minuti\" \/>\n<script type=\"application\/ld+json\" class=\"yoast-schema-graph\">{\"@context\":\"https:\\\/\\\/schema.org\",\"@graph\":[{\"@type\":\"WebPage\",\"@id\":\"https:\\\/\\\/www.accuratereviews.com\\\/it\\\/programmi-disegno-3d\\\/mastercam-recensione\\\/\",\"url\":\"https:\\\/\\\/www.accuratereviews.com\\\/it\\\/programmi-disegno-3d\\\/mastercam-recensione\\\/\",\"name\":\"Mastercam: recensione software disegno 3D - Accurate Reviews\",\"isPartOf\":{\"@id\":\"https:\\\/\\\/www.accuratereviews.com\\\/it\\\/#website\"},\"primaryImageOfPage\":{\"@id\":\"https:\\\/\\\/www.accuratereviews.com\\\/it\\\/programmi-disegno-3d\\\/mastercam-recensione\\\/#primaryimage\"},\"image\":{\"@id\":\"https:\\\/\\\/www.accuratereviews.com\\\/it\\\/programmi-disegno-3d\\\/mastercam-recensione\\\/#primaryimage\"},\"thumbnailUrl\":\"https:\\\/\\\/www.accuratereviews.com\\\/wp-content\\\/uploads\\\/2025\\\/03\\\/Mastercam.png\",\"datePublished\":\"2025-03-11T19:01:19+00:00\",\"dateModified\":\"2025-03-12T10:09:04+00:00\",\"description\":\"Mastercam: piattaforma progettazione assistita da computer 3D creata per progettare attrezzature di produzione con vari strumenti integrati.\",\"breadcrumb\":{\"@id\":\"https:\\\/\\\/www.accuratereviews.com\\\/it\\\/programmi-disegno-3d\\\/mastercam-recensione\\\/#breadcrumb\"},\"inLanguage\":\"it-IT\",\"potentialAction\":[{\"@type\":\"ReadAction\",\"target\":[\"https:\\\/\\\/www.accuratereviews.com\\\/it\\\/programmi-disegno-3d\\\/mastercam-recensione\\\/\"]}]},{\"@type\":\"ImageObject\",\"inLanguage\":\"it-IT\",\"@id\":\"https:\\\/\\\/www.accuratereviews.com\\\/it\\\/programmi-disegno-3d\\\/mastercam-recensione\\\/#primaryimage\",\"url\":\"https:\\\/\\\/www.accuratereviews.com\\\/wp-content\\\/uploads\\\/2025\\\/03\\\/Mastercam.png\",\"contentUrl\":\"https:\\\/\\\/www.accuratereviews.com\\\/wp-content\\\/uploads\\\/2025\\\/03\\\/Mastercam.png\",\"width\":357,\"height\":357},{\"@type\":\"BreadcrumbList\",\"@id\":\"https:\\\/\\\/www.accuratereviews.com\\\/it\\\/programmi-disegno-3d\\\/mastercam-recensione\\\/#breadcrumb\",\"itemListElement\":[{\"@type\":\"ListItem\",\"position\":1,\"name\":\"Home\",\"item\":\"https:\\\/\\\/www.accuratereviews.com\\\/it\\\/\"},{\"@type\":\"ListItem\",\"position\":2,\"name\":\"Programmi per disegno 3D\",\"item\":\"https:\\\/\\\/www.accuratereviews.com\\\/it\\\/programmi-disegno-3d\\\/\"},{\"@type\":\"ListItem\",\"position\":3,\"name\":\"Mastercam\"}]},{\"@type\":\"WebSite\",\"@id\":\"https:\\\/\\\/www.accuratereviews.com\\\/it\\\/#website\",\"url\":\"https:\\\/\\\/www.accuratereviews.com\\\/it\\\/\",\"name\":\"Accurate Reviews\",\"description\":\"\",\"potentialAction\":[{\"@type\":\"SearchAction\",\"target\":{\"@type\":\"EntryPoint\",\"urlTemplate\":\"https:\\\/\\\/www.accuratereviews.com\\\/it\\\/?s={search_term_string}\"},\"query-input\":{\"@type\":\"PropertyValueSpecification\",\"valueRequired\":true,\"valueName\":\"search_term_string\"}}],\"inLanguage\":\"it-IT\"}]}<\/script>\n<!-- \/ Yoast SEO plugin. -->","yoast_head_json":{"title":"Mastercam: recensione software disegno 3D - Accurate Reviews","description":"Mastercam: piattaforma progettazione assistita da computer 3D creata per progettare attrezzature di produzione con vari strumenti integrati.","robots":{"index":"index","follow":"follow","max-snippet":"max-snippet:-1","max-image-preview":"max-image-preview:large","max-video-preview":"max-video-preview:-1"},"canonical":"https:\/\/www.accuratereviews.com\/it\/programmi-disegno-3d\/mastercam-recensione\/","og_locale":"it_IT","og_type":"article","og_title":"Mastercam: recensione software disegno 3D - Accurate Reviews","og_description":"Mastercam: piattaforma progettazione assistita da computer 3D creata per progettare attrezzature di produzione con vari strumenti integrati.","og_url":"https:\/\/www.accuratereviews.com\/it\/programmi-disegno-3d\/mastercam-recensione\/","og_site_name":"Accurate Reviews","article_modified_time":"2025-03-12T10:09:04+00:00","og_image":[{"width":357,"height":357,"url":"https:\/\/www.accuratereviews.com\/wp-content\/uploads\/2025\/03\/Mastercam.png","type":"image\/png"}],"twitter_card":"summary_large_image","twitter_misc":{"Tempo di lettura stimato":"5 minuti"},"schema":{"@context":"https:\/\/schema.org","@graph":[{"@type":"WebPage","@id":"https:\/\/www.accuratereviews.com\/it\/programmi-disegno-3d\/mastercam-recensione\/","url":"https:\/\/www.accuratereviews.com\/it\/programmi-disegno-3d\/mastercam-recensione\/","name":"Mastercam: recensione software disegno 3D - Accurate Reviews","isPartOf":{"@id":"https:\/\/www.accuratereviews.com\/it\/#website"},"primaryImageOfPage":{"@id":"https:\/\/www.accuratereviews.com\/it\/programmi-disegno-3d\/mastercam-recensione\/#primaryimage"},"image":{"@id":"https:\/\/www.accuratereviews.com\/it\/programmi-disegno-3d\/mastercam-recensione\/#primaryimage"},"thumbnailUrl":"https:\/\/www.accuratereviews.com\/wp-content\/uploads\/2025\/03\/Mastercam.png","datePublished":"2025-03-11T19:01:19+00:00","dateModified":"2025-03-12T10:09:04+00:00","description":"Mastercam: piattaforma progettazione assistita da computer 3D creata per progettare attrezzature di produzione con vari strumenti integrati.","breadcrumb":{"@id":"https:\/\/www.accuratereviews.com\/it\/programmi-disegno-3d\/mastercam-recensione\/#breadcrumb"},"inLanguage":"it-IT","potentialAction":[{"@type":"ReadAction","target":["https:\/\/www.accuratereviews.com\/it\/programmi-disegno-3d\/mastercam-recensione\/"]}]},{"@type":"ImageObject","inLanguage":"it-IT","@id":"https:\/\/www.accuratereviews.com\/it\/programmi-disegno-3d\/mastercam-recensione\/#primaryimage","url":"https:\/\/www.accuratereviews.com\/wp-content\/uploads\/2025\/03\/Mastercam.png","contentUrl":"https:\/\/www.accuratereviews.com\/wp-content\/uploads\/2025\/03\/Mastercam.png","width":357,"height":357},{"@type":"BreadcrumbList","@id":"https:\/\/www.accuratereviews.com\/it\/programmi-disegno-3d\/mastercam-recensione\/#breadcrumb","itemListElement":[{"@type":"ListItem","position":1,"name":"Home","item":"https:\/\/www.accuratereviews.com\/it\/"},{"@type":"ListItem","position":2,"name":"Programmi per disegno 3D","item":"https:\/\/www.accuratereviews.com\/it\/programmi-disegno-3d\/"},{"@type":"ListItem","position":3,"name":"Mastercam"}]},{"@type":"WebSite","@id":"https:\/\/www.accuratereviews.com\/it\/#website","url":"https:\/\/www.accuratereviews.com\/it\/","name":"Accurate Reviews","description":"","potentialAction":[{"@type":"SearchAction","target":{"@type":"EntryPoint","urlTemplate":"https:\/\/www.accuratereviews.com\/it\/?s={search_term_string}"},"query-input":{"@type":"PropertyValueSpecification","valueRequired":true,"valueName":"search_term_string"}}],"inLanguage":"it-IT"}]}},"_links":{"self":[{"href":"https:\/\/www.accuratereviews.com\/it\/wp-json\/wp\/v2\/pages\/86015","targetHints":{"allow":["GET"]}}],"collection":[{"href":"https:\/\/www.accuratereviews.com\/it\/wp-json\/wp\/v2\/pages"}],"about":[{"href":"https:\/\/www.accuratereviews.com\/it\/wp-json\/wp\/v2\/types\/page"}],"author":[{"embeddable":true,"href":"https:\/\/www.accuratereviews.com\/it\/wp-json\/wp\/v2\/users\/19"}],"replies":[{"embeddable":true,"href":"https:\/\/www.accuratereviews.com\/it\/wp-json\/wp\/v2\/comments?post=86015"}],"version-history":[{"count":9,"href":"https:\/\/www.accuratereviews.com\/it\/wp-json\/wp\/v2\/pages\/86015\/revisions"}],"predecessor-version":[{"id":86075,"href":"https:\/\/www.accuratereviews.com\/it\/wp-json\/wp\/v2\/pages\/86015\/revisions\/86075"}],"up":[{"embeddable":true,"href":"https:\/\/www.accuratereviews.com\/it\/wp-json\/wp\/v2\/pages\/85867"}],"wp:featuredmedia":[{"embeddable":true,"href":"https:\/\/www.accuratereviews.com\/it\/wp-json\/wp\/v2\/media\/86016"}],"wp:attachment":[{"href":"https:\/\/www.accuratereviews.com\/it\/wp-json\/wp\/v2\/media?parent=86015"}],"wp:term":[{"taxonomy":"category","embeddable":true,"href":"https:\/\/www.accuratereviews.com\/it\/wp-json\/wp\/v2\/categories?post=86015"},{"taxonomy":"post_tag","embeddable":true,"href":"https:\/\/www.accuratereviews.com\/it\/wp-json\/wp\/v2\/tags?post=86015"},{"taxonomy":"features","embeddable":true,"href":"https:\/\/www.accuratereviews.com\/it\/wp-json\/wp\/v2\/features?post=86015"}],"curies":[{"name":"wp","href":"https:\/\/api.w.org\/{rel}","templated":true}]}}