{"id":86062,"date":"2025-03-12T16:59:01","date_gmt":"2025-03-12T16:59:01","guid":{"rendered":"https:\/\/www.accuratereviews.com\/?page_id=86062"},"modified":"2025-03-13T09:52:03","modified_gmt":"2025-03-13T09:52:03","slug":"4mcad-recensione","status":"publish","type":"page","link":"https:\/\/www.accuratereviews.com\/it\/programmi-disegno-3d\/4mcad-recensione\/","title":{"rendered":"4MCAD"},"content":{"rendered":"<p><strong>4MCAD<\/strong> \u00e8 un <strong>software di progettazione assistita<\/strong> <strong>da computer<\/strong>, progettato per aiutare le aziende a creare, visualizzare, stampare e modificare progetti 2D e 3D in diversi formati di file come DWG, IGES, STEP, RCP e altri. La piattaforma aiuta i professionisti a convertire entit\u00e0 di modellazione delle informazioni edilizie (BIM) in mesh o superfici tridimensionali.<br \/>\n<strong>4MCAD <\/strong>permette alle organizzazioni di creare muri, finestre, porte, aperture, scale, tetti, rampe, piastre, bulloni, montanti e altri oggetti in acciaio e strutture architettoniche. Facet Modeler consente ai manager di disegnare scatole, sfere, coni, piramidi e cilindri, tra gli altri tipi di entit\u00e0 3D. Le aziende possono anche salvare interi spazi di lavoro con impostazioni configurate, ridimensionare il testo in base ai requisiti e pubblicare disegni nei formati di file DWF e DWFx.<br \/>\nIl sistema consente, inoltre, alle aziende di tracciare linee di costruzione e di aggiungere propriet\u00e0 specifiche ai poligoni per scopi di modifica.<\/p>\n<h2>4MCAD &#8211; TUTORIAL<\/h2>\n<div id=\"fluid-wrapper-counter-1\" class=\"g1-fluid-wrapper \" style=\"width:686px;\">\n<div style=\"padding-bottom:56.268221574344%;\"><iframe loading=\"lazy\" title=\"4MCAD 24 PRO - \u041f\u0440\u0435\u0432\u043a\u043b\u044e\u0447\u0432\u0430\u043d\u0435 \u043d\u0430 \u0410\u043d\u0433\u043b\u0438\u0439\u0441\u043a\u0438 \u0438 \u0411\u044a\u043b\u0433\u0430\u0440\u0441\u043a\u0438 \u0435\u0437\u0438\u043a\" width=\"686\" height=\"386\" src=\"https:\/\/www.youtube.com\/embed\/e-T9uQ5-spE?feature=oembed&amp;wmode=transparent&amp;autohide=1&amp;autoplay=0&amp;disablekb=0&amp;fs=1&amp;loop=0&amp;enablejsapi=1&amp;rel=0&amp;controls=2&amp;showinfo=0&amp;wmode=transparent&amp;autohide=2&amp;autoplay=0&amp;disablekb=0&amp;fs=1&amp;loop=0&amp;enablejsapi=1&amp;rel=0&amp;controls=2&amp;showinfo=1\" frameborder=\"0\" allow=\"accelerometer; autoplay; clipboard-write; encrypted-media; gyroscope; picture-in-picture; web-share\" referrerpolicy=\"strict-origin-when-cross-origin\" allowfullscreen><\/iframe><\/div>\n<\/div>\n<h3>4MCAD &#8211; CARATTERISTICHE<\/h3>\n<ul>\n<li>Design riprogettato (ReD) sull&#8217;ultimo motore ICAD 11.1 e librerie ODA22.12 su un&#8217;architettura a 64 bit<\/li>\n<li>Prestazioni significativamente pi\u00f9 veloci per disegni molto grandi.<\/li>\n<li>Tour 3D Cammina e Vola.<\/li>\n<li>Importazione e modifica migliorate di tabelle, pubblicazione e stili visivi.<\/li>\n<li>Determinazione della posizione corrente su un file mappa.<\/li>\n<li>Proiezione e orbita del cubo ruotante 3D.<\/li>\n<li>Creazione muri ADT, aperture (finestre, porte), pareti divisorie, scale, rampe, tetti, parapetti, perni, travetti ecc.<\/li>\n<li>Conversione di entit\u00e0 in muri e solai.<\/li>\n<li>Elementi di acciaio: creazione e carpenteria di elementi: profili, lastre, bulloni, perni, travetti ecc.<\/li>\n<li>Creazione di linee di elevazione e di linee di sezione.<\/li>\n<li>Elementi di legno: creazione e carpenteria di elementi.<\/li>\n<li>Conversione di entit\u00e0 in reti oppure superfici tridimensionali utilizzando i comandi Convertire in Rete e Convertire in Superfice.<\/li>\n<li>Modellatore Sfaccettato per disegnare i seguenti tipi 3D di entit\u00e0: parallelepipedo (FMBOX), cono (FMCONE), cilindro (FMCYLINDER), piramide (FMPYRAMID), sfera (FMSPHERE), ed anello (FMTORUS).<\/li>\n<li>Disegnare linee di costruzione usando il nuovo comando Linea Costruzione.<\/li>\n<li>Comandi FM3DCONVERT e FMEXTRUDE per convertire pi\u00f9 tipi di entit\u00e0 tridimensionali in altri tipi di entit\u00e0 tridimensionali.<\/li>\n<li>Modificare le entit\u00e0 3D del nuovo Modellatore Sfaccettato: conversione 3D (FM3DCONVERT), estrusione (FMEXTRUDE), intersecare (FMINTERSECT), ruotare (FMREVOLVE), sottrarre (FMSUBTRACT), ed unire (FMUNION).<\/li>\n<\/ul>\n<h4>LE RECENSIONI DEGLI UTENTI<\/h4>\n<p><strong>Alexandros &#8220;4MCad: uno strumento eccezionale e facile per gli utenti Cad&#8221;<\/strong><br \/>\n<strong>Pro<\/strong>: 1) Compatibilit\u00e0 con programmi pi\u00f9 costosi: 4MCad ha la stessa architettura di programmazione dei programmi CAD pi\u00f9 costosi, il che rende pi\u00f9 semplice per gli utenti che hanno gi\u00e0 familiarit\u00e0 con tali programmi il passaggio a 4MCad.2) Facile da usare: 4MCad \u00e8 facile da usare, con comandi familiari e istruzioni per realizzare disegni ortogonali e 3D.<br \/>\n<strong>Contro<\/strong>: 1)Interfaccia limitata per la navigazione 3D: secondo la recensione, l&#8217;interfaccia per la navigazione in ambienti 3D \u00e8 limitata in 4MCad.2)Opzioni di rendering limitate: la recensione menziona anche che 4MCad ha opzioni limitate per generare immagini fotorealistiche di modelli 3D.<\/p>\n<p><strong>Jose Luis &#8220;Eccellente&#8221;<\/strong><br \/>\n<strong>Commenti<\/strong>: Pianificazione<br \/>\n<strong>Pro<\/strong>: Facile da usare, la configurazione \u00e8 molto semplice<br \/>\n<strong>Contro<\/strong>: 3 D pu\u00f2 essere migliorato. L&#8217;integrazione con i miei affari \u00e8 stata facile<\/p>\n<p><strong>J\u00f6rg &#8220;creare disegni con la familiare interfaccia utente DWG&#8221;<\/strong><br \/>\n<strong>Commenti<\/strong>: Utilizziamo 4MCAD per piani di lavoro e per l&#8217;ulteriore elaborazione di file DXF da Stairdesigner (programma per scale), Polyboard (software per mobili), nesting, falegnameria e per la preparazione di file DXF per CNC.<br \/>\n<strong>Pro<\/strong>: Gli utenti esperti lavorano con i comandi gi\u00e0 noti senza ulteriore formazione con 4MCAD. Per i principianti \u00e8 incluso un aiuto alla formazione di KesselEDV-Systems.<br \/>\n<strong>Contro<\/strong>: Uso solo le funzioni 3D per visualizzare file 3D esterni.<\/p>\n","protected":false},"excerpt":{"rendered":"<p>4MCAD \u00e8 un software di progettazione assistita da computer, progettato per aiutare le aziende a creare, visualizzare, stampare e modificare progetti 2D e 3D in diversi formati di file come DWG, IGES, STEP, RCP e altri. La piattaforma aiuta i professionisti a convertire entit\u00e0 di modellazione delle informazioni edilizie (BIM) in mesh o superfici tridimensionali.<\/p>\n","protected":false},"author":19,"featured_media":86063,"parent":85867,"menu_order":0,"comment_status":"open","ping_status":"closed","template":"g1_template_page_review_new.php","meta":{"_acf_changed":false,"cwp_meta_box_check":"Yes","cwp_rev_product_name":"","cwp_rev_product_image":"","wppr_links":[],"cwp_rev_price":"0.00","wppr_options":[],"wppr_pros":["","","","",""],"wppr_cons":["","","","",""],"_monsterinsights_skip_tracking":false,"_monsterinsights_sitenote_active":false,"_monsterinsights_sitenote_note":"","_monsterinsights_sitenote_category":0,"footnotes":""},"categories":[15900],"tags":[15942,15943,15945,15940,15946,15944],"features":[],"class_list":{"0":"post-86062","1":"page","2":"type-page","3":"status-publish","4":"has-post-thumbnail","6":"category-programmi-per-disegno-3d","7":"tag-4mcad","8":"tag-disegno-3-d","9":"tag-piattaforma-disegno-3-d","10":"tag-programma-disegno-3-d","11":"tag-software-disegno-3-d","12":"tag-soluzione-disegno-3-d"},"wppr_data":{"cwp_meta_box_check":"Yes","_wppr_review_template":"default","cwp_rev_product_image":"","cwp_image_link":"image","wppr_links":[],"cwp_rev_price":"0.00","wppr_pros":["","","","",""],"wppr_cons":["","","","",""],"wppr_rating":"0.00","wppr_options":[],"wppr_review_type":"Product","wppr_review_custom_fields":{"additionalProperty":"","additionalType":"","aggregateRating":"","alternateName":"","audience":"","award":"","awards":"","brand":"","color":"","depth":"","description":"","disambiguatingDescription":"","gtin12":"","gtin13":"","gtin14":"","gtin8":"","height":"","identifier":"","image":"","isAccessoryOrSparePartFor":"","isConsumableFor":"","isRelatedTo":"","isSimilarTo":"","itemCondition":"","logo":"","mainEntityOfPage":"","manufacturer":"","material":"","model":"","mpn":"","name":"","offers":"","potentialAction":"","productID":"","productionDate":"","purchaseDate":"","releaseDate":"","review":"","reviews":"","sameAs":"","sku":"","slogan":"","subjectOf":"","url":"","weight":"","width":""}},"acf":[],"yoast_head":"<!-- This site is optimized with the Yoast SEO plugin v27.4 - https:\/\/yoast.com\/product\/yoast-seo-wordpress\/ -->\n<title>4MCAD: recensione programma disegno 3D - Accurate Reviews<\/title>\n<meta name=\"description\" content=\"4MCAD: software di progettazione assistita sviluppato per aiutare le aziende a creare, visualizzare, stampare e modificare progetti 2D e 3D.\" \/>\n<meta name=\"robots\" content=\"index, follow, max-snippet:-1, max-image-preview:large, max-video-preview:-1\" \/>\n<link rel=\"canonical\" href=\"https:\/\/www.accuratereviews.com\/it\/programmi-disegno-3d\/4mcad-recensione\/\" \/>\n<meta property=\"og:locale\" content=\"it_IT\" \/>\n<meta property=\"og:type\" content=\"article\" \/>\n<meta property=\"og:title\" content=\"4MCAD: recensione programma disegno 3D - Accurate Reviews\" \/>\n<meta property=\"og:description\" content=\"4MCAD: software di progettazione assistita sviluppato per aiutare le aziende a creare, visualizzare, stampare e modificare progetti 2D e 3D.\" \/>\n<meta property=\"og:url\" content=\"https:\/\/www.accuratereviews.com\/it\/programmi-disegno-3d\/4mcad-recensione\/\" \/>\n<meta property=\"og:site_name\" content=\"Accurate Reviews\" \/>\n<meta property=\"article:modified_time\" content=\"2025-03-13T09:52:03+00:00\" \/>\n<meta property=\"og:image\" content=\"https:\/\/www.accuratereviews.com\/wp-content\/uploads\/2025\/03\/4MCAD.png\" \/>\n\t<meta property=\"og:image:width\" content=\"400\" \/>\n\t<meta property=\"og:image:height\" content=\"400\" \/>\n\t<meta property=\"og:image:type\" content=\"image\/png\" \/>\n<meta name=\"twitter:card\" content=\"summary_large_image\" \/>\n<meta name=\"twitter:label1\" content=\"Tempo di lettura stimato\" \/>\n\t<meta name=\"twitter:data1\" content=\"4 minuti\" \/>\n<script type=\"application\/ld+json\" class=\"yoast-schema-graph\">{\"@context\":\"https:\\\/\\\/schema.org\",\"@graph\":[{\"@type\":\"WebPage\",\"@id\":\"https:\\\/\\\/www.accuratereviews.com\\\/it\\\/programmi-disegno-3d\\\/4mcad-recensione\\\/\",\"url\":\"https:\\\/\\\/www.accuratereviews.com\\\/it\\\/programmi-disegno-3d\\\/4mcad-recensione\\\/\",\"name\":\"4MCAD: recensione programma disegno 3D - Accurate Reviews\",\"isPartOf\":{\"@id\":\"https:\\\/\\\/www.accuratereviews.com\\\/it\\\/#website\"},\"primaryImageOfPage\":{\"@id\":\"https:\\\/\\\/www.accuratereviews.com\\\/it\\\/programmi-disegno-3d\\\/4mcad-recensione\\\/#primaryimage\"},\"image\":{\"@id\":\"https:\\\/\\\/www.accuratereviews.com\\\/it\\\/programmi-disegno-3d\\\/4mcad-recensione\\\/#primaryimage\"},\"thumbnailUrl\":\"https:\\\/\\\/www.accuratereviews.com\\\/wp-content\\\/uploads\\\/2025\\\/03\\\/4MCAD.png\",\"datePublished\":\"2025-03-12T16:59:01+00:00\",\"dateModified\":\"2025-03-13T09:52:03+00:00\",\"description\":\"4MCAD: software di progettazione assistita sviluppato per aiutare le aziende a creare, visualizzare, stampare e modificare progetti 2D e 3D.\",\"breadcrumb\":{\"@id\":\"https:\\\/\\\/www.accuratereviews.com\\\/it\\\/programmi-disegno-3d\\\/4mcad-recensione\\\/#breadcrumb\"},\"inLanguage\":\"it-IT\",\"potentialAction\":[{\"@type\":\"ReadAction\",\"target\":[\"https:\\\/\\\/www.accuratereviews.com\\\/it\\\/programmi-disegno-3d\\\/4mcad-recensione\\\/\"]}]},{\"@type\":\"ImageObject\",\"inLanguage\":\"it-IT\",\"@id\":\"https:\\\/\\\/www.accuratereviews.com\\\/it\\\/programmi-disegno-3d\\\/4mcad-recensione\\\/#primaryimage\",\"url\":\"https:\\\/\\\/www.accuratereviews.com\\\/wp-content\\\/uploads\\\/2025\\\/03\\\/4MCAD.png\",\"contentUrl\":\"https:\\\/\\\/www.accuratereviews.com\\\/wp-content\\\/uploads\\\/2025\\\/03\\\/4MCAD.png\",\"width\":400,\"height\":400},{\"@type\":\"BreadcrumbList\",\"@id\":\"https:\\\/\\\/www.accuratereviews.com\\\/it\\\/programmi-disegno-3d\\\/4mcad-recensione\\\/#breadcrumb\",\"itemListElement\":[{\"@type\":\"ListItem\",\"position\":1,\"name\":\"Home\",\"item\":\"https:\\\/\\\/www.accuratereviews.com\\\/it\\\/\"},{\"@type\":\"ListItem\",\"position\":2,\"name\":\"Programmi per disegno 3D\",\"item\":\"https:\\\/\\\/www.accuratereviews.com\\\/it\\\/programmi-disegno-3d\\\/\"},{\"@type\":\"ListItem\",\"position\":3,\"name\":\"4MCAD\"}]},{\"@type\":\"WebSite\",\"@id\":\"https:\\\/\\\/www.accuratereviews.com\\\/it\\\/#website\",\"url\":\"https:\\\/\\\/www.accuratereviews.com\\\/it\\\/\",\"name\":\"Accurate Reviews\",\"description\":\"\",\"potentialAction\":[{\"@type\":\"SearchAction\",\"target\":{\"@type\":\"EntryPoint\",\"urlTemplate\":\"https:\\\/\\\/www.accuratereviews.com\\\/it\\\/?s={search_term_string}\"},\"query-input\":{\"@type\":\"PropertyValueSpecification\",\"valueRequired\":true,\"valueName\":\"search_term_string\"}}],\"inLanguage\":\"it-IT\"}]}<\/script>\n<!-- \/ Yoast SEO plugin. -->","yoast_head_json":{"title":"4MCAD: recensione programma disegno 3D - Accurate Reviews","description":"4MCAD: software di progettazione assistita sviluppato per aiutare le aziende a creare, visualizzare, stampare e modificare progetti 2D e 3D.","robots":{"index":"index","follow":"follow","max-snippet":"max-snippet:-1","max-image-preview":"max-image-preview:large","max-video-preview":"max-video-preview:-1"},"canonical":"https:\/\/www.accuratereviews.com\/it\/programmi-disegno-3d\/4mcad-recensione\/","og_locale":"it_IT","og_type":"article","og_title":"4MCAD: recensione programma disegno 3D - Accurate Reviews","og_description":"4MCAD: software di progettazione assistita sviluppato per aiutare le aziende a creare, visualizzare, stampare e modificare progetti 2D e 3D.","og_url":"https:\/\/www.accuratereviews.com\/it\/programmi-disegno-3d\/4mcad-recensione\/","og_site_name":"Accurate Reviews","article_modified_time":"2025-03-13T09:52:03+00:00","og_image":[{"width":400,"height":400,"url":"https:\/\/www.accuratereviews.com\/wp-content\/uploads\/2025\/03\/4MCAD.png","type":"image\/png"}],"twitter_card":"summary_large_image","twitter_misc":{"Tempo di lettura stimato":"4 minuti"},"schema":{"@context":"https:\/\/schema.org","@graph":[{"@type":"WebPage","@id":"https:\/\/www.accuratereviews.com\/it\/programmi-disegno-3d\/4mcad-recensione\/","url":"https:\/\/www.accuratereviews.com\/it\/programmi-disegno-3d\/4mcad-recensione\/","name":"4MCAD: recensione programma disegno 3D - Accurate Reviews","isPartOf":{"@id":"https:\/\/www.accuratereviews.com\/it\/#website"},"primaryImageOfPage":{"@id":"https:\/\/www.accuratereviews.com\/it\/programmi-disegno-3d\/4mcad-recensione\/#primaryimage"},"image":{"@id":"https:\/\/www.accuratereviews.com\/it\/programmi-disegno-3d\/4mcad-recensione\/#primaryimage"},"thumbnailUrl":"https:\/\/www.accuratereviews.com\/wp-content\/uploads\/2025\/03\/4MCAD.png","datePublished":"2025-03-12T16:59:01+00:00","dateModified":"2025-03-13T09:52:03+00:00","description":"4MCAD: software di progettazione assistita sviluppato per aiutare le aziende a creare, visualizzare, stampare e modificare progetti 2D e 3D.","breadcrumb":{"@id":"https:\/\/www.accuratereviews.com\/it\/programmi-disegno-3d\/4mcad-recensione\/#breadcrumb"},"inLanguage":"it-IT","potentialAction":[{"@type":"ReadAction","target":["https:\/\/www.accuratereviews.com\/it\/programmi-disegno-3d\/4mcad-recensione\/"]}]},{"@type":"ImageObject","inLanguage":"it-IT","@id":"https:\/\/www.accuratereviews.com\/it\/programmi-disegno-3d\/4mcad-recensione\/#primaryimage","url":"https:\/\/www.accuratereviews.com\/wp-content\/uploads\/2025\/03\/4MCAD.png","contentUrl":"https:\/\/www.accuratereviews.com\/wp-content\/uploads\/2025\/03\/4MCAD.png","width":400,"height":400},{"@type":"BreadcrumbList","@id":"https:\/\/www.accuratereviews.com\/it\/programmi-disegno-3d\/4mcad-recensione\/#breadcrumb","itemListElement":[{"@type":"ListItem","position":1,"name":"Home","item":"https:\/\/www.accuratereviews.com\/it\/"},{"@type":"ListItem","position":2,"name":"Programmi per disegno 3D","item":"https:\/\/www.accuratereviews.com\/it\/programmi-disegno-3d\/"},{"@type":"ListItem","position":3,"name":"4MCAD"}]},{"@type":"WebSite","@id":"https:\/\/www.accuratereviews.com\/it\/#website","url":"https:\/\/www.accuratereviews.com\/it\/","name":"Accurate Reviews","description":"","potentialAction":[{"@type":"SearchAction","target":{"@type":"EntryPoint","urlTemplate":"https:\/\/www.accuratereviews.com\/it\/?s={search_term_string}"},"query-input":{"@type":"PropertyValueSpecification","valueRequired":true,"valueName":"search_term_string"}}],"inLanguage":"it-IT"}]}},"_links":{"self":[{"href":"https:\/\/www.accuratereviews.com\/it\/wp-json\/wp\/v2\/pages\/86062","targetHints":{"allow":["GET"]}}],"collection":[{"href":"https:\/\/www.accuratereviews.com\/it\/wp-json\/wp\/v2\/pages"}],"about":[{"href":"https:\/\/www.accuratereviews.com\/it\/wp-json\/wp\/v2\/types\/page"}],"author":[{"embeddable":true,"href":"https:\/\/www.accuratereviews.com\/it\/wp-json\/wp\/v2\/users\/19"}],"replies":[{"embeddable":true,"href":"https:\/\/www.accuratereviews.com\/it\/wp-json\/wp\/v2\/comments?post=86062"}],"version-history":[{"count":12,"href":"https:\/\/www.accuratereviews.com\/it\/wp-json\/wp\/v2\/pages\/86062\/revisions"}],"predecessor-version":[{"id":86104,"href":"https:\/\/www.accuratereviews.com\/it\/wp-json\/wp\/v2\/pages\/86062\/revisions\/86104"}],"up":[{"embeddable":true,"href":"https:\/\/www.accuratereviews.com\/it\/wp-json\/wp\/v2\/pages\/85867"}],"wp:featuredmedia":[{"embeddable":true,"href":"https:\/\/www.accuratereviews.com\/it\/wp-json\/wp\/v2\/media\/86063"}],"wp:attachment":[{"href":"https:\/\/www.accuratereviews.com\/it\/wp-json\/wp\/v2\/media?parent=86062"}],"wp:term":[{"taxonomy":"category","embeddable":true,"href":"https:\/\/www.accuratereviews.com\/it\/wp-json\/wp\/v2\/categories?post=86062"},{"taxonomy":"post_tag","embeddable":true,"href":"https:\/\/www.accuratereviews.com\/it\/wp-json\/wp\/v2\/tags?post=86062"},{"taxonomy":"features","embeddable":true,"href":"https:\/\/www.accuratereviews.com\/it\/wp-json\/wp\/v2\/features?post=86062"}],"curies":[{"name":"wp","href":"https:\/\/api.w.org\/{rel}","templated":true}]}}