{"id":86094,"date":"2025-03-13T16:45:30","date_gmt":"2025-03-13T16:45:30","guid":{"rendered":"https:\/\/www.accuratereviews.com\/?page_id=86094"},"modified":"2025-03-14T14:14:36","modified_gmt":"2025-03-14T14:14:36","slug":"inspire-recensione","status":"publish","type":"page","link":"https:\/\/www.accuratereviews.com\/it\/programmi-disegno-3d\/inspire-recensione\/","title":{"rendered":"Inspire"},"content":{"rendered":"<p><strong>Inspire<\/strong> \u00e8 una <strong>soluzione per il disegno 3D<\/strong> sviluppata per creare, modificare e rimuovere rapidamente modelli solidi. Sfruttando le sue funzioni, puoi creare geometrie lisce e di forma libera e studiare pi\u00f9 configurazioni di assemblaggio. Scopri un ambiente di progettazione ingegneristica interattivo per una rapida esplorazione della progettazione e creazione del prodotto, senza la necessit\u00e0 di investire in nuovo hardware per computer.<br \/>\nUtilizzato all&#8217;inizio del processo di progettazione, <strong>Inspire<\/strong> consente la creazione di progetti incentrati sia sulle prestazioni che sulla producibilit\u00e0. Il programma inoltre permette ai suoi utenti di esplorare, sviluppare e produrre prodotti ad alte prestazioni in un unico ambiente intuitivo.<\/p>\n<h2>INSPIRE &#8211; TUTORIAL<\/h2>\n<div id=\"fluid-wrapper-counter-1\" class=\"g1-fluid-wrapper \" style=\"width:686px;\">\n<div style=\"padding-bottom:56.268221574344%;\"><iframe loading=\"lazy\" title=\"3. Build Better Robots Faster: Inspire Pro Tips and Insights\" width=\"686\" height=\"386\" src=\"https:\/\/www.youtube.com\/embed\/o_wCXISJQfA?feature=oembed&amp;wmode=transparent&amp;autohide=1&amp;autoplay=0&amp;disablekb=0&amp;fs=1&amp;loop=0&amp;enablejsapi=1&amp;rel=0&amp;controls=2&amp;showinfo=0&amp;wmode=transparent&amp;autohide=2&amp;autoplay=0&amp;disablekb=0&amp;fs=1&amp;loop=0&amp;enablejsapi=1&amp;rel=0&amp;controls=2&amp;showinfo=1\" frameborder=\"0\" allow=\"accelerometer; autoplay; clipboard-write; encrypted-media; gyroscope; picture-in-picture; web-share\" referrerpolicy=\"strict-origin-when-cross-origin\" allowfullscreen><\/iframe><\/div>\n<\/div>\n<h3>INSPIRE &#8211; CARATTERISTICHE<\/h3>\n<ul>\n<li><strong>Creazione e semplificazione della geometria<\/strong>: crea e modifica modelli solidi utilizzando gli strumenti di modellazione. Sfrutta la velocit\u00e0 e la precisione della soluzione per valutare pi\u00f9 varianti.<\/li>\n<li><strong>Strutture reticolari<\/strong>: apri il mondo delle strutture reticolari per prestazioni di progettazione ottimizzate con strumenti di progettazione implicita con un clic e unisciti alla rivoluzione della produzione additiva.<\/li>\n<li><strong>Progettazione industriale e rendering<\/strong>: combina diverse tecniche di modifica per creare ed esplorare senza sforzo anche i progetti pi\u00f9 complessi. Crea immagini straordinarie e animazioni dinamiche in tempo reale con illuminazione fisicamente accurata.<\/li>\n<li><strong>Movimento dinamico<\/strong>: genera facilmente movimento dinamico di meccanismi complessi, identificando automaticamente contatti, giunti, molle e smorzatori.<\/li>\n<li><strong>Ottimizzazione della topologia<\/strong>: il software offre diverse opzioni di topologia, tra cui obiettivi di ottimizzazione, vincoli di sollecitazione e spostamento, accelerazione, gravit\u00e0 e condizioni di carico della temperatura.<\/li>\n<li><strong>Progettazione per la produzione<\/strong>: con il suo set esclusivo di strumenti di simulazione, valuta la fattibilit\u00e0 del prodotto, ottimizza il processo di produzione ed esegui prove virtuali sia per la stampa 3D che per molti processi di produzione tradizionali.<\/li>\n<li><strong>Configurazione di assemblaggio:<\/strong> creare pi\u00f9 configurazioni di assemblaggio per valutare vari scenari di progettazione e i concetti risultanti.<\/li>\n<\/ul>\n<h4>LE RECENSIONI DEGLI UTENTI<\/h4>\n<p><strong>Nathan &#8220;Ingegnere progettista che utilizza Inspire&#8221;<\/strong><br \/>\n<strong>Pro<\/strong>: Inspire tende a essere un&#8217;ottima opzione per controlli rapidi sul design. La mesh sembra veloce e flessibile&#8230; molto meglio della maggior parte dei software. Gestisce bene condizioni strane come il contatto con i bordi.<br \/>\n<strong>Contro<\/strong>: Il plug-in non funziona particolarmente bene se incorporato nei programmi CAD. \u00c8 un po&#8217; noioso dover sempre esportare modelli da CAD, importare in Inspire e poi provare a trasferire i risultati di nuovo in CAD.<\/p>\n<p><strong>Mert &#8220;Facile da ottimizzare&#8221;<\/strong><br \/>\n<strong>Pro<\/strong>: Mi piace molto l&#8217;interfaccia user friendly, che usavo per ottimizzare i prodotti di stampaggio. \u00c8 cos\u00ec facile e pieno di fonti per imparare il programma. Anche se potrebbe essere pi\u00f9 difficile dare vincoli su altri programmi, \u00e8 cos\u00ec facile e compatto.<br \/>\n<strong>Contro<\/strong>: Non \u00e8 possibile avere una mesh dettagliata rispetto ad altri programmi di ottimizzazione della topologia.<\/p>\n<p><strong>Jorge &#8220;\u00c8 un software efficiente e dispone di un nuovo strumento come la generazione di forme di morfogenesi.&#8221;<\/strong><br \/>\n<strong>Commenti<\/strong>: Il suo utilizzo all&#8217;interno della mia organizzazione mi ha aiutato a confrontare questo software con altri e quindi a sfruttarlo al meglio, oltre a rendere dinamiche le classi e con dimostrazioni di funzionamento durante l&#8217;esecuzione delle simulazioni.<br \/>\n<strong>Pro<\/strong>: L&#8217;efficienza nella progettazione e la velocit\u00e0 con cui questo prodotto genera le parti meccaniche. Presenta importanti nuove funzionalit\u00e0 di solidThinking Inspire 2014, tra cui strumenti di semplificazione della geometria, analisi statica lineare, pezzi di pasta concentrati e opzioni di levigatura, oltre alla possibilit\u00e0 di esportare la geometria solida. Ci\u00f2 consente ai progettisti, ai progettisti di prodotto e agli architetti di creare e ricercare concetti strutturalmente efficienti in modo rapido e semplice, riducendo i costi, i tempi di sviluppo, il consumo di materiali e il peso del prodotto.<br \/>\n<strong>Contro<\/strong>: La poca diffusione ai paesi latini che la rende poco conosciuta, oltre al costo che \u00e8 alto per le condizioni di questi paesi, va promossa con una serie di piani accessibili all&#8217;utente finale, \u00e8 importante sottolineare che essendo un un alto livello software richiede una memoria ram ad alta capacit\u00e0 all&#8217;interno del pc, da considerare anche l&#8217;opzione di generare moduli che richiedono meno memoria per il suo funzionamento.<\/p>\n","protected":false},"excerpt":{"rendered":"<p>Inspire \u00e8 una soluzione per il disegno 3D sviluppata per creare, modificare e rimuovere rapidamente modelli solidi. Usandola, puoi creare geometrie lisce e di forma libera e studiare pi\u00f9 configurazioni di assemblaggio. Scopri un ambiente di progettazione ingegneristica interattivo per una rapida esplorazione della progettazione e creazione del prodotto, senza la necessit\u00e0 di investire in nuovo hardware per computer.<\/p>\n","protected":false},"author":19,"featured_media":86095,"parent":85867,"menu_order":0,"comment_status":"open","ping_status":"closed","template":"g1_template_page_review_new.php","meta":{"_acf_changed":false,"cwp_meta_box_check":"No","cwp_rev_product_name":"","cwp_rev_product_image":"","wppr_links":[],"cwp_rev_price":"","wppr_options":[],"wppr_pros":[],"wppr_cons":[],"_monsterinsights_skip_tracking":false,"_monsterinsights_sitenote_active":false,"_monsterinsights_sitenote_note":"","_monsterinsights_sitenote_category":0,"footnotes":""},"categories":[15900],"tags":[15902,15961,15932,15931,15903,15962],"features":[],"class_list":{"0":"post-86094","1":"page","2":"type-page","3":"status-publish","4":"has-post-thumbnail","6":"category-programmi-per-disegno-3d","7":"tag-disegno-3d","8":"tag-inspire","9":"tag-piattaforma-disegno-3d","10":"tag-programma-disegno-3d","11":"tag-software-per-disegno-3d","12":"tag-soluzione-per-disegno-3d"},"wppr_data":{"cwp_meta_box_check":"No"},"acf":[],"yoast_head":"<!-- This site is optimized with the Yoast SEO plugin v27.4 - https:\/\/yoast.com\/product\/yoast-seo-wordpress\/ -->\n<title>Inspire: recensione software disegno 3D - Accurate Reviews<\/title>\n<meta name=\"description\" content=\"Inspire: recensione soluzione per il disegno 3D sviluppata per creare, modificare e rimuovere rapidamente modelli solidi.\" \/>\n<meta name=\"robots\" content=\"index, follow, max-snippet:-1, max-image-preview:large, max-video-preview:-1\" \/>\n<link rel=\"canonical\" href=\"https:\/\/www.accuratereviews.com\/it\/programmi-disegno-3d\/inspire-recensione\/\" \/>\n<meta property=\"og:locale\" content=\"it_IT\" \/>\n<meta property=\"og:type\" content=\"article\" \/>\n<meta property=\"og:title\" content=\"Inspire: recensione software disegno 3D - Accurate Reviews\" \/>\n<meta property=\"og:description\" content=\"Inspire: recensione soluzione per il disegno 3D sviluppata per creare, modificare e rimuovere rapidamente modelli solidi.\" \/>\n<meta property=\"og:url\" content=\"https:\/\/www.accuratereviews.com\/it\/programmi-disegno-3d\/inspire-recensione\/\" \/>\n<meta property=\"og:site_name\" content=\"Accurate Reviews\" \/>\n<meta property=\"article:modified_time\" content=\"2025-03-14T14:14:36+00:00\" \/>\n<meta property=\"og:image\" content=\"https:\/\/www.accuratereviews.com\/wp-content\/uploads\/2025\/03\/inspire.png\" \/>\n\t<meta property=\"og:image:width\" content=\"400\" \/>\n\t<meta property=\"og:image:height\" content=\"400\" \/>\n\t<meta property=\"og:image:type\" content=\"image\/png\" \/>\n<meta name=\"twitter:card\" content=\"summary_large_image\" \/>\n<meta name=\"twitter:label1\" content=\"Tempo di lettura stimato\" \/>\n\t<meta name=\"twitter:data1\" content=\"5 minuti\" \/>\n<script type=\"application\/ld+json\" class=\"yoast-schema-graph\">{\"@context\":\"https:\\\/\\\/schema.org\",\"@graph\":[{\"@type\":\"WebPage\",\"@id\":\"https:\\\/\\\/www.accuratereviews.com\\\/it\\\/programmi-disegno-3d\\\/inspire-recensione\\\/\",\"url\":\"https:\\\/\\\/www.accuratereviews.com\\\/it\\\/programmi-disegno-3d\\\/inspire-recensione\\\/\",\"name\":\"Inspire: recensione software disegno 3D - Accurate Reviews\",\"isPartOf\":{\"@id\":\"https:\\\/\\\/www.accuratereviews.com\\\/it\\\/#website\"},\"primaryImageOfPage\":{\"@id\":\"https:\\\/\\\/www.accuratereviews.com\\\/it\\\/programmi-disegno-3d\\\/inspire-recensione\\\/#primaryimage\"},\"image\":{\"@id\":\"https:\\\/\\\/www.accuratereviews.com\\\/it\\\/programmi-disegno-3d\\\/inspire-recensione\\\/#primaryimage\"},\"thumbnailUrl\":\"https:\\\/\\\/www.accuratereviews.com\\\/wp-content\\\/uploads\\\/2025\\\/03\\\/inspire.png\",\"datePublished\":\"2025-03-13T16:45:30+00:00\",\"dateModified\":\"2025-03-14T14:14:36+00:00\",\"description\":\"Inspire: recensione soluzione per il disegno 3D sviluppata per creare, modificare e rimuovere rapidamente modelli solidi.\",\"breadcrumb\":{\"@id\":\"https:\\\/\\\/www.accuratereviews.com\\\/it\\\/programmi-disegno-3d\\\/inspire-recensione\\\/#breadcrumb\"},\"inLanguage\":\"it-IT\",\"potentialAction\":[{\"@type\":\"ReadAction\",\"target\":[\"https:\\\/\\\/www.accuratereviews.com\\\/it\\\/programmi-disegno-3d\\\/inspire-recensione\\\/\"]}]},{\"@type\":\"ImageObject\",\"inLanguage\":\"it-IT\",\"@id\":\"https:\\\/\\\/www.accuratereviews.com\\\/it\\\/programmi-disegno-3d\\\/inspire-recensione\\\/#primaryimage\",\"url\":\"https:\\\/\\\/www.accuratereviews.com\\\/wp-content\\\/uploads\\\/2025\\\/03\\\/inspire.png\",\"contentUrl\":\"https:\\\/\\\/www.accuratereviews.com\\\/wp-content\\\/uploads\\\/2025\\\/03\\\/inspire.png\",\"width\":400,\"height\":400},{\"@type\":\"BreadcrumbList\",\"@id\":\"https:\\\/\\\/www.accuratereviews.com\\\/it\\\/programmi-disegno-3d\\\/inspire-recensione\\\/#breadcrumb\",\"itemListElement\":[{\"@type\":\"ListItem\",\"position\":1,\"name\":\"Home\",\"item\":\"https:\\\/\\\/www.accuratereviews.com\\\/it\\\/\"},{\"@type\":\"ListItem\",\"position\":2,\"name\":\"Programmi per disegno 3D\",\"item\":\"https:\\\/\\\/www.accuratereviews.com\\\/it\\\/programmi-disegno-3d\\\/\"},{\"@type\":\"ListItem\",\"position\":3,\"name\":\"Inspire\"}]},{\"@type\":\"WebSite\",\"@id\":\"https:\\\/\\\/www.accuratereviews.com\\\/it\\\/#website\",\"url\":\"https:\\\/\\\/www.accuratereviews.com\\\/it\\\/\",\"name\":\"Accurate Reviews\",\"description\":\"\",\"potentialAction\":[{\"@type\":\"SearchAction\",\"target\":{\"@type\":\"EntryPoint\",\"urlTemplate\":\"https:\\\/\\\/www.accuratereviews.com\\\/it\\\/?s={search_term_string}\"},\"query-input\":{\"@type\":\"PropertyValueSpecification\",\"valueRequired\":true,\"valueName\":\"search_term_string\"}}],\"inLanguage\":\"it-IT\"}]}<\/script>\n<!-- \/ Yoast SEO plugin. -->","yoast_head_json":{"title":"Inspire: recensione software disegno 3D - Accurate Reviews","description":"Inspire: recensione soluzione per il disegno 3D sviluppata per creare, modificare e rimuovere rapidamente modelli solidi.","robots":{"index":"index","follow":"follow","max-snippet":"max-snippet:-1","max-image-preview":"max-image-preview:large","max-video-preview":"max-video-preview:-1"},"canonical":"https:\/\/www.accuratereviews.com\/it\/programmi-disegno-3d\/inspire-recensione\/","og_locale":"it_IT","og_type":"article","og_title":"Inspire: recensione software disegno 3D - Accurate Reviews","og_description":"Inspire: recensione soluzione per il disegno 3D sviluppata per creare, modificare e rimuovere rapidamente modelli solidi.","og_url":"https:\/\/www.accuratereviews.com\/it\/programmi-disegno-3d\/inspire-recensione\/","og_site_name":"Accurate Reviews","article_modified_time":"2025-03-14T14:14:36+00:00","og_image":[{"width":400,"height":400,"url":"https:\/\/www.accuratereviews.com\/wp-content\/uploads\/2025\/03\/inspire.png","type":"image\/png"}],"twitter_card":"summary_large_image","twitter_misc":{"Tempo di lettura stimato":"5 minuti"},"schema":{"@context":"https:\/\/schema.org","@graph":[{"@type":"WebPage","@id":"https:\/\/www.accuratereviews.com\/it\/programmi-disegno-3d\/inspire-recensione\/","url":"https:\/\/www.accuratereviews.com\/it\/programmi-disegno-3d\/inspire-recensione\/","name":"Inspire: recensione software disegno 3D - Accurate Reviews","isPartOf":{"@id":"https:\/\/www.accuratereviews.com\/it\/#website"},"primaryImageOfPage":{"@id":"https:\/\/www.accuratereviews.com\/it\/programmi-disegno-3d\/inspire-recensione\/#primaryimage"},"image":{"@id":"https:\/\/www.accuratereviews.com\/it\/programmi-disegno-3d\/inspire-recensione\/#primaryimage"},"thumbnailUrl":"https:\/\/www.accuratereviews.com\/wp-content\/uploads\/2025\/03\/inspire.png","datePublished":"2025-03-13T16:45:30+00:00","dateModified":"2025-03-14T14:14:36+00:00","description":"Inspire: recensione soluzione per il disegno 3D sviluppata per creare, modificare e rimuovere rapidamente modelli solidi.","breadcrumb":{"@id":"https:\/\/www.accuratereviews.com\/it\/programmi-disegno-3d\/inspire-recensione\/#breadcrumb"},"inLanguage":"it-IT","potentialAction":[{"@type":"ReadAction","target":["https:\/\/www.accuratereviews.com\/it\/programmi-disegno-3d\/inspire-recensione\/"]}]},{"@type":"ImageObject","inLanguage":"it-IT","@id":"https:\/\/www.accuratereviews.com\/it\/programmi-disegno-3d\/inspire-recensione\/#primaryimage","url":"https:\/\/www.accuratereviews.com\/wp-content\/uploads\/2025\/03\/inspire.png","contentUrl":"https:\/\/www.accuratereviews.com\/wp-content\/uploads\/2025\/03\/inspire.png","width":400,"height":400},{"@type":"BreadcrumbList","@id":"https:\/\/www.accuratereviews.com\/it\/programmi-disegno-3d\/inspire-recensione\/#breadcrumb","itemListElement":[{"@type":"ListItem","position":1,"name":"Home","item":"https:\/\/www.accuratereviews.com\/it\/"},{"@type":"ListItem","position":2,"name":"Programmi per disegno 3D","item":"https:\/\/www.accuratereviews.com\/it\/programmi-disegno-3d\/"},{"@type":"ListItem","position":3,"name":"Inspire"}]},{"@type":"WebSite","@id":"https:\/\/www.accuratereviews.com\/it\/#website","url":"https:\/\/www.accuratereviews.com\/it\/","name":"Accurate Reviews","description":"","potentialAction":[{"@type":"SearchAction","target":{"@type":"EntryPoint","urlTemplate":"https:\/\/www.accuratereviews.com\/it\/?s={search_term_string}"},"query-input":{"@type":"PropertyValueSpecification","valueRequired":true,"valueName":"search_term_string"}}],"inLanguage":"it-IT"}]}},"_links":{"self":[{"href":"https:\/\/www.accuratereviews.com\/it\/wp-json\/wp\/v2\/pages\/86094","targetHints":{"allow":["GET"]}}],"collection":[{"href":"https:\/\/www.accuratereviews.com\/it\/wp-json\/wp\/v2\/pages"}],"about":[{"href":"https:\/\/www.accuratereviews.com\/it\/wp-json\/wp\/v2\/types\/page"}],"author":[{"embeddable":true,"href":"https:\/\/www.accuratereviews.com\/it\/wp-json\/wp\/v2\/users\/19"}],"replies":[{"embeddable":true,"href":"https:\/\/www.accuratereviews.com\/it\/wp-json\/wp\/v2\/comments?post=86094"}],"version-history":[{"count":11,"href":"https:\/\/www.accuratereviews.com\/it\/wp-json\/wp\/v2\/pages\/86094\/revisions"}],"predecessor-version":[{"id":86184,"href":"https:\/\/www.accuratereviews.com\/it\/wp-json\/wp\/v2\/pages\/86094\/revisions\/86184"}],"up":[{"embeddable":true,"href":"https:\/\/www.accuratereviews.com\/it\/wp-json\/wp\/v2\/pages\/85867"}],"wp:featuredmedia":[{"embeddable":true,"href":"https:\/\/www.accuratereviews.com\/it\/wp-json\/wp\/v2\/media\/86095"}],"wp:attachment":[{"href":"https:\/\/www.accuratereviews.com\/it\/wp-json\/wp\/v2\/media?parent=86094"}],"wp:term":[{"taxonomy":"category","embeddable":true,"href":"https:\/\/www.accuratereviews.com\/it\/wp-json\/wp\/v2\/categories?post=86094"},{"taxonomy":"post_tag","embeddable":true,"href":"https:\/\/www.accuratereviews.com\/it\/wp-json\/wp\/v2\/tags?post=86094"},{"taxonomy":"features","embeddable":true,"href":"https:\/\/www.accuratereviews.com\/it\/wp-json\/wp\/v2\/features?post=86094"}],"curies":[{"name":"wp","href":"https:\/\/api.w.org\/{rel}","templated":true}]}}