{"id":86254,"date":"2025-03-17T22:15:00","date_gmt":"2025-03-17T22:15:00","guid":{"rendered":"https:\/\/www.accuratereviews.com\/?page_id=86254"},"modified":"2025-03-18T10:59:49","modified_gmt":"2025-03-18T10:59:49","slug":"zw3d-recensione","status":"publish","type":"page","link":"https:\/\/www.accuratereviews.com\/it\/programmi-disegno-3d\/zw3d-recensione\/","title":{"rendered":"ZW3D"},"content":{"rendered":"<p><strong>ZW3D<\/strong> \u00e8 una <strong>soluzione CAD\/CAM 3D<\/strong> integrata basata su un <strong>kernel<\/strong> di modellazione geometrica 3D auto-sviluppato. La piattaforma \u00e8 progettata per l&#8217;intero processo di sviluppo del prodotto, con il kernel veloce per la modifica ibrida solido-superficie, la separazione di stampi non solidi e strategie di lavorazione CNC intelligenti da 2 assi a 5 assi. Dotato di un potente traduttore per massimizzare il riutilizzo dei dati, offre anche disegno 2D automatico e strumenti PMI intelligenti per ottimizzare il flusso di lavoro. Offre un&#8217;ampia libreria di basi e componenti di stampi con standard diversi e numerosi strumenti di verifica e simulazione per garantire una lavorazione fattibile, affidabile e sicura e funzioni di assemblaggio avanzate per aumentare la produttivit\u00e0.<br \/>\n<strong>ZW3D <\/strong>\u00e8 disponibile in 15 lingue: Cinese (semplificato e tradizionale), Inglese, Ceco, Francese, Tedesco, Ungherese, Italiano, Giapponese, Coreano, Polacco, Portoghese, Russo, Spagnolo, Turco.<\/p>\n<h2>ZW3D &#8211; TUTORIAL<\/h2>\n<div id=\"fluid-wrapper-counter-1\" class=\"g1-fluid-wrapper \" style=\"width:686px;\">\n<div style=\"padding-bottom:56.268221574344%;\"><iframe loading=\"lazy\" title=\"ZW3D 2023 Basic Sheet Metal Tutorial For Beginner\" width=\"686\" height=\"386\" src=\"https:\/\/www.youtube.com\/embed\/CtVHbdQvqDk?list=PLjyiWW2QlmFyPKww4F971RPaKUFbDAupr\" frameborder=\"0\" allow=\"accelerometer; autoplay; clipboard-write; encrypted-media; gyroscope; picture-in-picture; web-share\" referrerpolicy=\"strict-origin-when-cross-origin\" allowfullscreen><\/iframe><\/div>\n<\/div>\n<h3>ZW3D &#8211; CARATTERISTICHE<\/h3>\n<ul>\n<li>Abilita una facile interazione tra aziende upstream e downstream con importazione\/esportazione di alta qualit\u00e0 e altri formati di file comuni.<\/li>\n<li>Ottieni la velocit\u00e0 in modo rapido e semplice con costi di apprendimento minimi.<\/li>\n<li>Soddisfa tutte le tue esigenze di progettazione con un flusso di lavoro completo dalla progettazione di componenti e assiemi, attraverso analisi strutturali e disegno 2D.<\/li>\n<li>Accelera il tuo processo di progettazione con moduli specifici del settore per lamiera, struttura in acciaio, tubazioni, cablaggi e altro.<\/li>\n<li>Ottimizza le prestazioni del prodotto, abbrevia i tempi di sviluppo del prodotto e riduci i costi del prototipo con la simulazione strutturale.<\/li>\n<li>Gestisci i dati senza sforzo avendo parti, assiemi, disegni 2D e persino piani CAM in un unico file.<\/li>\n<li>Importa e apri direttamente file da Rhino\u00ae, Creo\u00ae e altre soluzioni software comuni per la progettazione industriale.<\/li>\n<li>Completa progetti complessi pi\u00f9 velocemente con strumenti di modellazione completa di scheletro e top-down, potente modellazione parametrica per la progettazione strutturale e la capacit\u00e0 di creare superfici di continuit\u00e0 G3. Convalida la resistenza strutturale e migliora la qualit\u00e0 del prodotto con una combinazione di tipi di simulazione.<\/li>\n<li>Dai vita alle tue idee rapidamente e comunicale facilmente con rendering fotorealistici di alta qualit\u00e0.<\/li>\n<li>Modifica e correggi modelli 3D non parametrici in meno tempo con la potente modifica diretta e una variet\u00e0 di strumenti di modifica delle superfici.<\/li>\n<li>Crea rapidamente preventivi accurati per evitare di perdere opportunit\u00e0 di business con la separazione dello stampo non solido.<\/li>\n<li>Adatta le esigenze di lavorazione di parti e stampi con capacit\u00e0 di tornitura e fresatura a 2 e 3 assi.<\/li>\n<li>Accelera la programmazione e la lavorazione con pi\u00f9 strategie di lavorazione.<\/li>\n<li>Fornisci personalizzazione gratuita del post-processore adattandosi a diverse macchine utensili.<\/li>\n<li>Riduci i tempi di preparazione dei modelli per la programmazione e soddisfa le esigenze di progettazione di maschere e dispositivi di fissaggio con potenti funzionalit\u00e0 CAD.<\/li>\n<\/ul>\n<h4>LE RECENSIONI DEGLI UTENTI<\/h4>\n<p><strong>Zachary &#8220;Buon servizio&#8221;<\/strong><br \/>\n<strong>Commenti<\/strong>: 5 stelle, ottimo da usare<br \/>\n<strong>Pro<\/strong>: Per il suo prezzo \u00e8 molto buono. Facile da imparare, molte caratteristiche diverse che rendono la modellazione o la progettazione molto facile.<br \/>\n<strong>Contro<\/strong>: A volte pu\u00f2 essere un po &#8216;buggato, il che non \u00e8 nuovo per questo regno del software, ma \u00e8 un po&#8217; pi\u00f9 buggato di altri<\/p>\n<p><strong>Turan &#8220;ZW3D \u00e8 un buon CAD \/ CAM integrato&#8221;<\/strong><br \/>\n<strong>Commenti<\/strong>: Il software \u00e8 adatto per lavori regolari. Per le grandi parti automobilistiche e aerospaziali pu\u00f2 essere lento.<br \/>\nCAM per 3 assi \u00e8 buono ma per 4 e 5 assi \u00e8 possibile utilizzare solo alcuni lavori.<br \/>\n<strong>Pro<\/strong>: interfaccia intuitiva e moderna. Facile da usare. Buone strategie di modellazione e lavorazione Rapidi miglioramenti.<br \/>\n<strong>Contro<\/strong>: la gestione di file di grandi dimensioni non \u00e8 facile. Grande assemblaggio anche.<\/p>\n<p><strong>Mert &#8220;Soluzione CAD di facile utilizzo&#8221;<\/strong><br \/>\n<strong>Pro<\/strong>: Interfaccia utente semplice e prezzo di acquisto contenuto<br \/>\n<strong>Contro<\/strong>: Ho problemi a gestire dati ad alta dimensione.<\/p>\n","protected":false},"excerpt":{"rendered":"<p>ZW3D \u00e8 una soluzione CAD\/CAM 3D integrata basata su un kernel di modellazione geometrica 3D auto-sviluppato. La piattaforma \u00e8 progettata per l&#8217;intero processo di sviluppo del prodotto, con il kernel veloce per la modifica ibrida solido-superficie, la separazione di stampi non solidi e strategie di lavorazione CNC intelligenti da 2 assi a 5 assi.<\/p>\n","protected":false},"author":19,"featured_media":86255,"parent":85867,"menu_order":0,"comment_status":"open","ping_status":"closed","template":"g1_template_page_review_new.php","meta":{"_acf_changed":false,"cwp_meta_box_check":"No","cwp_rev_product_name":"","cwp_rev_product_image":"","wppr_links":[],"cwp_rev_price":"","wppr_options":[],"wppr_pros":[],"wppr_cons":[],"_monsterinsights_skip_tracking":false,"_monsterinsights_sitenote_active":false,"_monsterinsights_sitenote_note":"","_monsterinsights_sitenote_category":0,"footnotes":""},"categories":[15900],"tags":[15902,15932,15931,15934,15933,15995],"features":[],"class_list":{"0":"post-86254","1":"page","2":"type-page","3":"status-publish","4":"has-post-thumbnail","6":"category-programmi-per-disegno-3d","7":"tag-disegno-3d","8":"tag-piattaforma-disegno-3d","9":"tag-programma-disegno-3d","10":"tag-software-disegno-3d","11":"tag-soluzione-disegno-3d","12":"tag-zw3d"},"wppr_data":{"cwp_meta_box_check":"No"},"acf":[],"yoast_head":"<!-- This site is optimized with the Yoast SEO plugin v27.4 - https:\/\/yoast.com\/product\/yoast-seo-wordpress\/ -->\n<title>ZW3D: recensione software disegno 3D - Accurate Reviews<\/title>\n<meta name=\"description\" content=\"ZW3D: recensione soluzione CAD\/CAM 3D integrata basata su un kernel di modellazione geometrica 3D auto-sviluppato.\" \/>\n<meta name=\"robots\" content=\"index, follow, max-snippet:-1, max-image-preview:large, max-video-preview:-1\" \/>\n<link rel=\"canonical\" href=\"https:\/\/www.accuratereviews.com\/it\/programmi-disegno-3d\/zw3d-recensione\/\" \/>\n<meta property=\"og:locale\" content=\"it_IT\" \/>\n<meta property=\"og:type\" content=\"article\" \/>\n<meta property=\"og:title\" content=\"ZW3D: recensione software disegno 3D - Accurate Reviews\" \/>\n<meta property=\"og:description\" content=\"ZW3D: recensione soluzione CAD\/CAM 3D integrata basata su un kernel di modellazione geometrica 3D auto-sviluppato.\" \/>\n<meta property=\"og:url\" content=\"https:\/\/www.accuratereviews.com\/it\/programmi-disegno-3d\/zw3d-recensione\/\" \/>\n<meta property=\"og:site_name\" content=\"Accurate Reviews\" \/>\n<meta property=\"article:modified_time\" content=\"2025-03-18T10:59:49+00:00\" \/>\n<meta property=\"og:image\" content=\"https:\/\/www.accuratereviews.com\/wp-content\/uploads\/2025\/03\/ZW3D.jpg\" \/>\n\t<meta property=\"og:image:width\" content=\"300\" \/>\n\t<meta property=\"og:image:height\" content=\"300\" \/>\n\t<meta property=\"og:image:type\" content=\"image\/jpeg\" \/>\n<meta name=\"twitter:card\" content=\"summary_large_image\" \/>\n<meta name=\"twitter:label1\" content=\"Tempo di lettura stimato\" \/>\n\t<meta name=\"twitter:data1\" content=\"5 minuti\" \/>\n<script type=\"application\/ld+json\" class=\"yoast-schema-graph\">{\"@context\":\"https:\\\/\\\/schema.org\",\"@graph\":[{\"@type\":\"WebPage\",\"@id\":\"https:\\\/\\\/www.accuratereviews.com\\\/it\\\/programmi-disegno-3d\\\/zw3d-recensione\\\/\",\"url\":\"https:\\\/\\\/www.accuratereviews.com\\\/it\\\/programmi-disegno-3d\\\/zw3d-recensione\\\/\",\"name\":\"ZW3D: recensione software disegno 3D - Accurate Reviews\",\"isPartOf\":{\"@id\":\"https:\\\/\\\/www.accuratereviews.com\\\/it\\\/#website\"},\"primaryImageOfPage\":{\"@id\":\"https:\\\/\\\/www.accuratereviews.com\\\/it\\\/programmi-disegno-3d\\\/zw3d-recensione\\\/#primaryimage\"},\"image\":{\"@id\":\"https:\\\/\\\/www.accuratereviews.com\\\/it\\\/programmi-disegno-3d\\\/zw3d-recensione\\\/#primaryimage\"},\"thumbnailUrl\":\"https:\\\/\\\/www.accuratereviews.com\\\/wp-content\\\/uploads\\\/2025\\\/03\\\/ZW3D.jpg\",\"datePublished\":\"2025-03-17T22:15:00+00:00\",\"dateModified\":\"2025-03-18T10:59:49+00:00\",\"description\":\"ZW3D: recensione soluzione CAD\\\/CAM 3D integrata basata su un kernel di modellazione geometrica 3D auto-sviluppato.\",\"breadcrumb\":{\"@id\":\"https:\\\/\\\/www.accuratereviews.com\\\/it\\\/programmi-disegno-3d\\\/zw3d-recensione\\\/#breadcrumb\"},\"inLanguage\":\"it-IT\",\"potentialAction\":[{\"@type\":\"ReadAction\",\"target\":[\"https:\\\/\\\/www.accuratereviews.com\\\/it\\\/programmi-disegno-3d\\\/zw3d-recensione\\\/\"]}]},{\"@type\":\"ImageObject\",\"inLanguage\":\"it-IT\",\"@id\":\"https:\\\/\\\/www.accuratereviews.com\\\/it\\\/programmi-disegno-3d\\\/zw3d-recensione\\\/#primaryimage\",\"url\":\"https:\\\/\\\/www.accuratereviews.com\\\/wp-content\\\/uploads\\\/2025\\\/03\\\/ZW3D.jpg\",\"contentUrl\":\"https:\\\/\\\/www.accuratereviews.com\\\/wp-content\\\/uploads\\\/2025\\\/03\\\/ZW3D.jpg\",\"width\":300,\"height\":300},{\"@type\":\"BreadcrumbList\",\"@id\":\"https:\\\/\\\/www.accuratereviews.com\\\/it\\\/programmi-disegno-3d\\\/zw3d-recensione\\\/#breadcrumb\",\"itemListElement\":[{\"@type\":\"ListItem\",\"position\":1,\"name\":\"Home\",\"item\":\"https:\\\/\\\/www.accuratereviews.com\\\/it\\\/\"},{\"@type\":\"ListItem\",\"position\":2,\"name\":\"Programmi per disegno 3D\",\"item\":\"https:\\\/\\\/www.accuratereviews.com\\\/it\\\/programmi-disegno-3d\\\/\"},{\"@type\":\"ListItem\",\"position\":3,\"name\":\"ZW3D\"}]},{\"@type\":\"WebSite\",\"@id\":\"https:\\\/\\\/www.accuratereviews.com\\\/it\\\/#website\",\"url\":\"https:\\\/\\\/www.accuratereviews.com\\\/it\\\/\",\"name\":\"Accurate Reviews\",\"description\":\"\",\"potentialAction\":[{\"@type\":\"SearchAction\",\"target\":{\"@type\":\"EntryPoint\",\"urlTemplate\":\"https:\\\/\\\/www.accuratereviews.com\\\/it\\\/?s={search_term_string}\"},\"query-input\":{\"@type\":\"PropertyValueSpecification\",\"valueRequired\":true,\"valueName\":\"search_term_string\"}}],\"inLanguage\":\"it-IT\"}]}<\/script>\n<!-- \/ Yoast SEO plugin. -->","yoast_head_json":{"title":"ZW3D: recensione software disegno 3D - Accurate Reviews","description":"ZW3D: recensione soluzione CAD\/CAM 3D integrata basata su un kernel di modellazione geometrica 3D auto-sviluppato.","robots":{"index":"index","follow":"follow","max-snippet":"max-snippet:-1","max-image-preview":"max-image-preview:large","max-video-preview":"max-video-preview:-1"},"canonical":"https:\/\/www.accuratereviews.com\/it\/programmi-disegno-3d\/zw3d-recensione\/","og_locale":"it_IT","og_type":"article","og_title":"ZW3D: recensione software disegno 3D - Accurate Reviews","og_description":"ZW3D: recensione soluzione CAD\/CAM 3D integrata basata su un kernel di modellazione geometrica 3D auto-sviluppato.","og_url":"https:\/\/www.accuratereviews.com\/it\/programmi-disegno-3d\/zw3d-recensione\/","og_site_name":"Accurate Reviews","article_modified_time":"2025-03-18T10:59:49+00:00","og_image":[{"width":300,"height":300,"url":"https:\/\/www.accuratereviews.com\/wp-content\/uploads\/2025\/03\/ZW3D.jpg","type":"image\/jpeg"}],"twitter_card":"summary_large_image","twitter_misc":{"Tempo di lettura stimato":"5 minuti"},"schema":{"@context":"https:\/\/schema.org","@graph":[{"@type":"WebPage","@id":"https:\/\/www.accuratereviews.com\/it\/programmi-disegno-3d\/zw3d-recensione\/","url":"https:\/\/www.accuratereviews.com\/it\/programmi-disegno-3d\/zw3d-recensione\/","name":"ZW3D: recensione software disegno 3D - Accurate Reviews","isPartOf":{"@id":"https:\/\/www.accuratereviews.com\/it\/#website"},"primaryImageOfPage":{"@id":"https:\/\/www.accuratereviews.com\/it\/programmi-disegno-3d\/zw3d-recensione\/#primaryimage"},"image":{"@id":"https:\/\/www.accuratereviews.com\/it\/programmi-disegno-3d\/zw3d-recensione\/#primaryimage"},"thumbnailUrl":"https:\/\/www.accuratereviews.com\/wp-content\/uploads\/2025\/03\/ZW3D.jpg","datePublished":"2025-03-17T22:15:00+00:00","dateModified":"2025-03-18T10:59:49+00:00","description":"ZW3D: recensione soluzione CAD\/CAM 3D integrata basata su un kernel di modellazione geometrica 3D auto-sviluppato.","breadcrumb":{"@id":"https:\/\/www.accuratereviews.com\/it\/programmi-disegno-3d\/zw3d-recensione\/#breadcrumb"},"inLanguage":"it-IT","potentialAction":[{"@type":"ReadAction","target":["https:\/\/www.accuratereviews.com\/it\/programmi-disegno-3d\/zw3d-recensione\/"]}]},{"@type":"ImageObject","inLanguage":"it-IT","@id":"https:\/\/www.accuratereviews.com\/it\/programmi-disegno-3d\/zw3d-recensione\/#primaryimage","url":"https:\/\/www.accuratereviews.com\/wp-content\/uploads\/2025\/03\/ZW3D.jpg","contentUrl":"https:\/\/www.accuratereviews.com\/wp-content\/uploads\/2025\/03\/ZW3D.jpg","width":300,"height":300},{"@type":"BreadcrumbList","@id":"https:\/\/www.accuratereviews.com\/it\/programmi-disegno-3d\/zw3d-recensione\/#breadcrumb","itemListElement":[{"@type":"ListItem","position":1,"name":"Home","item":"https:\/\/www.accuratereviews.com\/it\/"},{"@type":"ListItem","position":2,"name":"Programmi per disegno 3D","item":"https:\/\/www.accuratereviews.com\/it\/programmi-disegno-3d\/"},{"@type":"ListItem","position":3,"name":"ZW3D"}]},{"@type":"WebSite","@id":"https:\/\/www.accuratereviews.com\/it\/#website","url":"https:\/\/www.accuratereviews.com\/it\/","name":"Accurate Reviews","description":"","potentialAction":[{"@type":"SearchAction","target":{"@type":"EntryPoint","urlTemplate":"https:\/\/www.accuratereviews.com\/it\/?s={search_term_string}"},"query-input":{"@type":"PropertyValueSpecification","valueRequired":true,"valueName":"search_term_string"}}],"inLanguage":"it-IT"}]}},"_links":{"self":[{"href":"https:\/\/www.accuratereviews.com\/it\/wp-json\/wp\/v2\/pages\/86254","targetHints":{"allow":["GET"]}}],"collection":[{"href":"https:\/\/www.accuratereviews.com\/it\/wp-json\/wp\/v2\/pages"}],"about":[{"href":"https:\/\/www.accuratereviews.com\/it\/wp-json\/wp\/v2\/types\/page"}],"author":[{"embeddable":true,"href":"https:\/\/www.accuratereviews.com\/it\/wp-json\/wp\/v2\/users\/19"}],"replies":[{"embeddable":true,"href":"https:\/\/www.accuratereviews.com\/it\/wp-json\/wp\/v2\/comments?post=86254"}],"version-history":[{"count":7,"href":"https:\/\/www.accuratereviews.com\/it\/wp-json\/wp\/v2\/pages\/86254\/revisions"}],"predecessor-version":[{"id":86327,"href":"https:\/\/www.accuratereviews.com\/it\/wp-json\/wp\/v2\/pages\/86254\/revisions\/86327"}],"up":[{"embeddable":true,"href":"https:\/\/www.accuratereviews.com\/it\/wp-json\/wp\/v2\/pages\/85867"}],"wp:featuredmedia":[{"embeddable":true,"href":"https:\/\/www.accuratereviews.com\/it\/wp-json\/wp\/v2\/media\/86255"}],"wp:attachment":[{"href":"https:\/\/www.accuratereviews.com\/it\/wp-json\/wp\/v2\/media?parent=86254"}],"wp:term":[{"taxonomy":"category","embeddable":true,"href":"https:\/\/www.accuratereviews.com\/it\/wp-json\/wp\/v2\/categories?post=86254"},{"taxonomy":"post_tag","embeddable":true,"href":"https:\/\/www.accuratereviews.com\/it\/wp-json\/wp\/v2\/tags?post=86254"},{"taxonomy":"features","embeddable":true,"href":"https:\/\/www.accuratereviews.com\/it\/wp-json\/wp\/v2\/features?post=86254"}],"curies":[{"name":"wp","href":"https:\/\/api.w.org\/{rel}","templated":true}]}}