{"id":86399,"date":"2025-03-20T18:38:43","date_gmt":"2025-03-20T18:38:43","guid":{"rendered":"https:\/\/www.accuratereviews.com\/?page_id=86399"},"modified":"2025-03-20T18:38:43","modified_gmt":"2025-03-20T18:38:43","slug":"shapr3d-recensione","status":"publish","type":"page","link":"https:\/\/www.accuratereviews.com\/it\/programmi-disegno-3d\/shapr3d-recensione\/","title":{"rendered":"Shapr3D"},"content":{"rendered":"<p><strong>Shapr3D<\/strong> \u00e8 un <strong>software CAD 3D<\/strong> che consente agli utenti di progettare modelli pronti per la produzione. Il software fornisce un&#8217;interfaccia utente adattabile a una vasta gamma di settori. L&#8217;esperienza di modellazione intuitiva di questa soluzione permette ai progettisti di esplorare concetti e iterare sulle loro idee, garantendo al contempo che i progetti soddisfino i requisiti di ingegneria.<br \/>\n<strong>Shapr3D <\/strong>offre un set completo di funzionalit\u00e0 per semplificare il percorso di progettazione del prodotto. Supporta sia la modellazione parametrica che quella diretta, offrendo agli utenti la flessibilit\u00e0 di creare progetti precisi e incentrati sull&#8217;ingegneria, nonch\u00e9 modelli concettuali a forma libera. Il software consente inoltre ai progettisti di lavorare senza problemi su dispositivi Windows, macOS e iPadOS, consentendo la collaborazione e le revisioni di progettazione. Inoltre, <strong>Shapr3D<\/strong> si integra con Apple Vision Pro, sbloccando capacit\u00e0 di prototipazione digitale basate su XR e collaborazione remota.<\/p>\n<h2>SHARPR3D &#8211; TUTORIAL<\/h2>\n<div id=\"fluid-wrapper-counter-1\" class=\"g1-fluid-wrapper \" style=\"width:686px;\">\n<div style=\"padding-bottom:56.268221574344%;\"><iframe loading=\"lazy\" title=\"Model a CPU cooler with #Shapr3D\" width=\"686\" height=\"386\" src=\"https:\/\/www.youtube.com\/embed\/HHIX51SZpHw?feature=oembed&amp;wmode=transparent&amp;autohide=1&amp;autoplay=0&amp;disablekb=0&amp;fs=1&amp;loop=0&amp;enablejsapi=1&amp;rel=0&amp;controls=2&amp;showinfo=0&amp;wmode=transparent&amp;autohide=2&amp;autoplay=0&amp;disablekb=0&amp;fs=1&amp;loop=0&amp;enablejsapi=1&amp;rel=0&amp;controls=2&amp;showinfo=1\" frameborder=\"0\" allow=\"accelerometer; autoplay; clipboard-write; encrypted-media; gyroscope; picture-in-picture; web-share\" referrerpolicy=\"strict-origin-when-cross-origin\" allowfullscreen><\/iframe><\/div>\n<\/div>\n<h3>SHARPR3D &#8211; CARATTERISTICHE<\/h3>\n<ul>\n<li><strong>Tutti gli strumenti CAD di cui hai bisogno<\/strong>: offre gli strumenti ideali per realizzare con precisione il tuo progetto, dalle semplici operazioni booleane e di raccordo alle operazioni di loft completamente parametrizzate.<\/li>\n<li><strong>Esamina rapidamente le forme<\/strong>: elimina, perfeziona e finalizza le forme senza vincoli predefiniti, esercitando una libert\u00e0 illimitata per esaminare i concetti. Scegli tra scala non uniforme, bordi mobili, loft guidati e sfumati e altro ancora.<\/li>\n<li><strong>Modellazione parametrica adattiva<\/strong>: la modellazione parametrica adattiva eseguita su un&#8217;interfaccia utente pulita offre flessibilit\u00e0 per progettare e prendere decisioni rapide nel contesto. Basta selezionare una funzione per filtrare la cronologia di progettazione per i passaggi rilevanti o modificare direttamente la geometria in tempo reale con i controlli on-canvas.<\/li>\n<li><strong>Lavora online o offline<\/strong>: il programma funziona in modo nativo su tutti i dispositivi, salvando i progetti localmente ed eseguendo il backup su cloud dedicato per consentirti di accedere ai progetti all&#8217;istante da qualsiasi luogo. Lavora su pi\u00f9 dispositivi o vai offline. Non \u00e8 richiesta alcuna connessione Internet.<\/li>\n<li><strong>Multidispositivo<\/strong>: combina dispositivi macOS, iPadOS, Windows e VisionOS per adattarli al tuo flusso di lavoro ideale. Un&#8217;interfaccia utente adattiva che funziona bene su tutte le piattaforme combina il meglio del desktop e del mobile, cos\u00ec ti sentirai a tuo agio, indipendentemente da quale scegli.<\/li>\n<li><strong>Controlla in AR, decidi nel contesto<\/strong>: la visualizzazione dei modelli in tempo reale e nello spazio in AR rende la comunicazione pi\u00f9 precisa per ridurre i costi di prototipazione, aumentando al contempo la frequenza e la qualit\u00e0 della revisione del progetto.<\/li>\n<li><strong>Materiali di visualizzazione<\/strong>: scegli tra oltre 130 materiali, che vanno da diversi materiali in legno, materiali colorabili, metalli, ceramiche e tessuti, con l&#8217;opzione di ruotare manualmente la direzione della grana per un aspetto personalizzato.<\/li>\n<\/ul>\n<h4>LE RECENSIONI DEGLI UTENTI<\/h4>\n<p><strong>Andrew \u201cSharpr3D \u00e8 un software facile ed economico per la creazione di modelli 3D\u201d.<\/strong><br \/>\nPro: La possibilit\u00e0 di iniziare a creare disegni 3D senza avere precedenti esperienze, ad un prezzo accessibile a quasi tutti, dai principianti alle piccole imprese.<br \/>\nContro: Nessuno che mi venga in mente al momento, ritengo che questo prodotto sia ben supportato e facile da usare e che offra una grande quantit\u00e0 di funzioni.<\/p>\n<p><strong>Lisandro \u201cShapr3D\u201d<\/strong><br \/>\nPro: \u00c8 uno strumento interessante e utile per la modellazione 3d. Ha un tutorial che pu\u00f2 essere visitato in qualsiasi momento del lavoro. \u00c8 facile da usare e inoltre, essendo un&#8217;applicazione, non richiede un computer potente per il suo funzionamento.<br \/>\nContro: Sebbene sia interessante e funzioni perfettamente, sembra un&#8217;applicazione limitata. Non la userei per molti layout di componenti.<\/p>\n<p><strong>Orlando \u201cFacile da usare\u201d<\/strong><br \/>\nPro: \u00c8 facile da usare, \u00e8 semplice da usare con una Apple Pencil e offrono diversi tutorial scritti e video ben fatti che spiegano molto bene le funzionalit\u00e0 del software. Permette inoltre di esportare in pi\u00f9 tipi di file, da utilizzare con altri software per la stampa 3D o per ulteriori elementi di progettazione come la modellazione delle sollecitazioni.<br \/>\nContro: Per utilizzare il software \u00e8 necessario possedere una Apple Pencil, per cui alcuni potenziali utenti potrebbero non essere qualificati.<\/p>\n","protected":false},"excerpt":{"rendered":"<p>Shapr3D \u00e8 un software CAD 3D che consente agli utenti di progettare modelli pronti per la produzione. Il software fornisce un&#8217;interfaccia utente adattabile a una vasta gamma di settori. L&#8217;esperienza di modellazione intuitiva di Shapr3D permette ai progettisti di esplorare concetti e iterare sulle loro idee, garantendo al contempo che i progetti soddisfino i requisiti di ingegneria.<\/p>\n","protected":false},"author":19,"featured_media":86403,"parent":85867,"menu_order":0,"comment_status":"open","ping_status":"closed","template":"g1_template_page_review_new.php","meta":{"_acf_changed":false,"cwp_meta_box_check":"Yes","cwp_rev_product_name":"","cwp_rev_product_image":"","wppr_links":[],"cwp_rev_price":"0.00","wppr_options":[],"wppr_pros":["","","","",""],"wppr_cons":["","","","",""],"_monsterinsights_skip_tracking":false,"_monsterinsights_sitenote_active":false,"_monsterinsights_sitenote_note":"","_monsterinsights_sitenote_category":0,"footnotes":""},"categories":[15900],"tags":[15902,15932,15931,16014,15934,15933],"features":[],"class_list":{"0":"post-86399","1":"page","2":"type-page","3":"status-publish","4":"has-post-thumbnail","6":"category-programmi-per-disegno-3d","7":"tag-disegno-3d","8":"tag-piattaforma-disegno-3d","9":"tag-programma-disegno-3d","10":"tag-shapr3d","11":"tag-software-disegno-3d","12":"tag-soluzione-disegno-3d"},"wppr_data":{"cwp_meta_box_check":"Yes","_wppr_review_template":"default","cwp_rev_product_image":"","cwp_image_link":"image","wppr_links":[],"cwp_rev_price":"0.00","wppr_pros":["","","","",""],"wppr_cons":["","","","",""],"wppr_rating":"0.00","wppr_options":[],"wppr_review_type":"Product","wppr_review_custom_fields":{"additionalProperty":"","additionalType":"","aggregateRating":"","alternateName":"","audience":"","award":"","awards":"","brand":"","color":"","depth":"","description":"","disambiguatingDescription":"","gtin12":"","gtin13":"","gtin14":"","gtin8":"","height":"","identifier":"","image":"","isAccessoryOrSparePartFor":"","isConsumableFor":"","isRelatedTo":"","isSimilarTo":"","itemCondition":"","logo":"","mainEntityOfPage":"","manufacturer":"","material":"","model":"","mpn":"","name":"","offers":"","potentialAction":"","productID":"","productionDate":"","purchaseDate":"","releaseDate":"","review":"","reviews":"","sameAs":"","sku":"","slogan":"","subjectOf":"","url":"","weight":"","width":""}},"acf":[],"yoast_head":"<!-- This site is optimized with the Yoast SEO plugin v27.4 - https:\/\/yoast.com\/product\/yoast-seo-wordpress\/ -->\n<title>Shapr3D: recensione software disegno 3D - Accurate Reviews<\/title>\n<meta name=\"description\" content=\"Shapr3D: recensione software CAD 3D che consente agli utenti di progettare modelli pronti per la produzione.\" \/>\n<meta name=\"robots\" content=\"index, follow, max-snippet:-1, max-image-preview:large, max-video-preview:-1\" \/>\n<link rel=\"canonical\" href=\"https:\/\/www.accuratereviews.com\/it\/programmi-disegno-3d\/shapr3d-recensione\/\" \/>\n<meta property=\"og:locale\" content=\"it_IT\" \/>\n<meta property=\"og:type\" content=\"article\" \/>\n<meta property=\"og:title\" content=\"Shapr3D: recensione software disegno 3D - Accurate Reviews\" \/>\n<meta property=\"og:description\" content=\"Shapr3D: recensione software CAD 3D che consente agli utenti di progettare modelli pronti per la produzione.\" \/>\n<meta property=\"og:url\" content=\"https:\/\/www.accuratereviews.com\/it\/programmi-disegno-3d\/shapr3d-recensione\/\" \/>\n<meta property=\"og:site_name\" content=\"Accurate Reviews\" \/>\n<meta property=\"og:image\" content=\"https:\/\/www.accuratereviews.com\/wp-content\/uploads\/2025\/03\/Shapr3D.jpg\" \/>\n\t<meta property=\"og:image:width\" content=\"900\" \/>\n\t<meta property=\"og:image:height\" content=\"900\" \/>\n\t<meta property=\"og:image:type\" content=\"image\/jpeg\" \/>\n<meta name=\"twitter:card\" content=\"summary_large_image\" \/>\n<meta name=\"twitter:label1\" content=\"Tempo di lettura stimato\" \/>\n\t<meta name=\"twitter:data1\" content=\"5 minuti\" \/>\n<script type=\"application\/ld+json\" class=\"yoast-schema-graph\">{\"@context\":\"https:\\\/\\\/schema.org\",\"@graph\":[{\"@type\":\"WebPage\",\"@id\":\"https:\\\/\\\/www.accuratereviews.com\\\/it\\\/programmi-disegno-3d\\\/shapr3d-recensione\\\/\",\"url\":\"https:\\\/\\\/www.accuratereviews.com\\\/it\\\/programmi-disegno-3d\\\/shapr3d-recensione\\\/\",\"name\":\"Shapr3D: recensione software disegno 3D - Accurate Reviews\",\"isPartOf\":{\"@id\":\"https:\\\/\\\/www.accuratereviews.com\\\/it\\\/#website\"},\"primaryImageOfPage\":{\"@id\":\"https:\\\/\\\/www.accuratereviews.com\\\/it\\\/programmi-disegno-3d\\\/shapr3d-recensione\\\/#primaryimage\"},\"image\":{\"@id\":\"https:\\\/\\\/www.accuratereviews.com\\\/it\\\/programmi-disegno-3d\\\/shapr3d-recensione\\\/#primaryimage\"},\"thumbnailUrl\":\"https:\\\/\\\/www.accuratereviews.com\\\/wp-content\\\/uploads\\\/2025\\\/03\\\/Shapr3D.jpg\",\"datePublished\":\"2025-03-20T18:38:43+00:00\",\"description\":\"Shapr3D: recensione software CAD 3D che consente agli utenti di progettare modelli pronti per la produzione.\",\"breadcrumb\":{\"@id\":\"https:\\\/\\\/www.accuratereviews.com\\\/it\\\/programmi-disegno-3d\\\/shapr3d-recensione\\\/#breadcrumb\"},\"inLanguage\":\"it-IT\",\"potentialAction\":[{\"@type\":\"ReadAction\",\"target\":[\"https:\\\/\\\/www.accuratereviews.com\\\/it\\\/programmi-disegno-3d\\\/shapr3d-recensione\\\/\"]}]},{\"@type\":\"ImageObject\",\"inLanguage\":\"it-IT\",\"@id\":\"https:\\\/\\\/www.accuratereviews.com\\\/it\\\/programmi-disegno-3d\\\/shapr3d-recensione\\\/#primaryimage\",\"url\":\"https:\\\/\\\/www.accuratereviews.com\\\/wp-content\\\/uploads\\\/2025\\\/03\\\/Shapr3D.jpg\",\"contentUrl\":\"https:\\\/\\\/www.accuratereviews.com\\\/wp-content\\\/uploads\\\/2025\\\/03\\\/Shapr3D.jpg\",\"width\":900,\"height\":900},{\"@type\":\"BreadcrumbList\",\"@id\":\"https:\\\/\\\/www.accuratereviews.com\\\/it\\\/programmi-disegno-3d\\\/shapr3d-recensione\\\/#breadcrumb\",\"itemListElement\":[{\"@type\":\"ListItem\",\"position\":1,\"name\":\"Home\",\"item\":\"https:\\\/\\\/www.accuratereviews.com\\\/it\\\/\"},{\"@type\":\"ListItem\",\"position\":2,\"name\":\"Programmi per disegno 3D\",\"item\":\"https:\\\/\\\/www.accuratereviews.com\\\/it\\\/programmi-disegno-3d\\\/\"},{\"@type\":\"ListItem\",\"position\":3,\"name\":\"Shapr3D\"}]},{\"@type\":\"WebSite\",\"@id\":\"https:\\\/\\\/www.accuratereviews.com\\\/it\\\/#website\",\"url\":\"https:\\\/\\\/www.accuratereviews.com\\\/it\\\/\",\"name\":\"Accurate Reviews\",\"description\":\"\",\"potentialAction\":[{\"@type\":\"SearchAction\",\"target\":{\"@type\":\"EntryPoint\",\"urlTemplate\":\"https:\\\/\\\/www.accuratereviews.com\\\/it\\\/?s={search_term_string}\"},\"query-input\":{\"@type\":\"PropertyValueSpecification\",\"valueRequired\":true,\"valueName\":\"search_term_string\"}}],\"inLanguage\":\"it-IT\"}]}<\/script>\n<!-- \/ Yoast SEO plugin. -->","yoast_head_json":{"title":"Shapr3D: recensione software disegno 3D - Accurate Reviews","description":"Shapr3D: recensione software CAD 3D che consente agli utenti di progettare modelli pronti per la produzione.","robots":{"index":"index","follow":"follow","max-snippet":"max-snippet:-1","max-image-preview":"max-image-preview:large","max-video-preview":"max-video-preview:-1"},"canonical":"https:\/\/www.accuratereviews.com\/it\/programmi-disegno-3d\/shapr3d-recensione\/","og_locale":"it_IT","og_type":"article","og_title":"Shapr3D: recensione software disegno 3D - Accurate Reviews","og_description":"Shapr3D: recensione software CAD 3D che consente agli utenti di progettare modelli pronti per la produzione.","og_url":"https:\/\/www.accuratereviews.com\/it\/programmi-disegno-3d\/shapr3d-recensione\/","og_site_name":"Accurate Reviews","og_image":[{"width":900,"height":900,"url":"https:\/\/www.accuratereviews.com\/wp-content\/uploads\/2025\/03\/Shapr3D.jpg","type":"image\/jpeg"}],"twitter_card":"summary_large_image","twitter_misc":{"Tempo di lettura stimato":"5 minuti"},"schema":{"@context":"https:\/\/schema.org","@graph":[{"@type":"WebPage","@id":"https:\/\/www.accuratereviews.com\/it\/programmi-disegno-3d\/shapr3d-recensione\/","url":"https:\/\/www.accuratereviews.com\/it\/programmi-disegno-3d\/shapr3d-recensione\/","name":"Shapr3D: recensione software disegno 3D - Accurate Reviews","isPartOf":{"@id":"https:\/\/www.accuratereviews.com\/it\/#website"},"primaryImageOfPage":{"@id":"https:\/\/www.accuratereviews.com\/it\/programmi-disegno-3d\/shapr3d-recensione\/#primaryimage"},"image":{"@id":"https:\/\/www.accuratereviews.com\/it\/programmi-disegno-3d\/shapr3d-recensione\/#primaryimage"},"thumbnailUrl":"https:\/\/www.accuratereviews.com\/wp-content\/uploads\/2025\/03\/Shapr3D.jpg","datePublished":"2025-03-20T18:38:43+00:00","description":"Shapr3D: recensione software CAD 3D che consente agli utenti di progettare modelli pronti per la produzione.","breadcrumb":{"@id":"https:\/\/www.accuratereviews.com\/it\/programmi-disegno-3d\/shapr3d-recensione\/#breadcrumb"},"inLanguage":"it-IT","potentialAction":[{"@type":"ReadAction","target":["https:\/\/www.accuratereviews.com\/it\/programmi-disegno-3d\/shapr3d-recensione\/"]}]},{"@type":"ImageObject","inLanguage":"it-IT","@id":"https:\/\/www.accuratereviews.com\/it\/programmi-disegno-3d\/shapr3d-recensione\/#primaryimage","url":"https:\/\/www.accuratereviews.com\/wp-content\/uploads\/2025\/03\/Shapr3D.jpg","contentUrl":"https:\/\/www.accuratereviews.com\/wp-content\/uploads\/2025\/03\/Shapr3D.jpg","width":900,"height":900},{"@type":"BreadcrumbList","@id":"https:\/\/www.accuratereviews.com\/it\/programmi-disegno-3d\/shapr3d-recensione\/#breadcrumb","itemListElement":[{"@type":"ListItem","position":1,"name":"Home","item":"https:\/\/www.accuratereviews.com\/it\/"},{"@type":"ListItem","position":2,"name":"Programmi per disegno 3D","item":"https:\/\/www.accuratereviews.com\/it\/programmi-disegno-3d\/"},{"@type":"ListItem","position":3,"name":"Shapr3D"}]},{"@type":"WebSite","@id":"https:\/\/www.accuratereviews.com\/it\/#website","url":"https:\/\/www.accuratereviews.com\/it\/","name":"Accurate Reviews","description":"","potentialAction":[{"@type":"SearchAction","target":{"@type":"EntryPoint","urlTemplate":"https:\/\/www.accuratereviews.com\/it\/?s={search_term_string}"},"query-input":{"@type":"PropertyValueSpecification","valueRequired":true,"valueName":"search_term_string"}}],"inLanguage":"it-IT"}]}},"_links":{"self":[{"href":"https:\/\/www.accuratereviews.com\/it\/wp-json\/wp\/v2\/pages\/86399","targetHints":{"allow":["GET"]}}],"collection":[{"href":"https:\/\/www.accuratereviews.com\/it\/wp-json\/wp\/v2\/pages"}],"about":[{"href":"https:\/\/www.accuratereviews.com\/it\/wp-json\/wp\/v2\/types\/page"}],"author":[{"embeddable":true,"href":"https:\/\/www.accuratereviews.com\/it\/wp-json\/wp\/v2\/users\/19"}],"replies":[{"embeddable":true,"href":"https:\/\/www.accuratereviews.com\/it\/wp-json\/wp\/v2\/comments?post=86399"}],"version-history":[{"count":11,"href":"https:\/\/www.accuratereviews.com\/it\/wp-json\/wp\/v2\/pages\/86399\/revisions"}],"predecessor-version":[{"id":86436,"href":"https:\/\/www.accuratereviews.com\/it\/wp-json\/wp\/v2\/pages\/86399\/revisions\/86436"}],"up":[{"embeddable":true,"href":"https:\/\/www.accuratereviews.com\/it\/wp-json\/wp\/v2\/pages\/85867"}],"wp:featuredmedia":[{"embeddable":true,"href":"https:\/\/www.accuratereviews.com\/it\/wp-json\/wp\/v2\/media\/86403"}],"wp:attachment":[{"href":"https:\/\/www.accuratereviews.com\/it\/wp-json\/wp\/v2\/media?parent=86399"}],"wp:term":[{"taxonomy":"category","embeddable":true,"href":"https:\/\/www.accuratereviews.com\/it\/wp-json\/wp\/v2\/categories?post=86399"},{"taxonomy":"post_tag","embeddable":true,"href":"https:\/\/www.accuratereviews.com\/it\/wp-json\/wp\/v2\/tags?post=86399"},{"taxonomy":"features","embeddable":true,"href":"https:\/\/www.accuratereviews.com\/it\/wp-json\/wp\/v2\/features?post=86399"}],"curies":[{"name":"wp","href":"https:\/\/api.w.org\/{rel}","templated":true}]}}