{"id":86443,"date":"2025-03-21T13:22:33","date_gmt":"2025-03-21T13:22:33","guid":{"rendered":"https:\/\/www.accuratereviews.com\/?page_id=86443"},"modified":"2025-03-21T13:22:33","modified_gmt":"2025-03-21T13:22:33","slug":"tekla-structures-recensione","status":"publish","type":"page","link":"https:\/\/www.accuratereviews.com\/it\/programmi-disegno-3d\/tekla-structures-recensione\/","title":{"rendered":"Tekla Structures"},"content":{"rendered":"<p><strong>Tekla Structures<\/strong> (in precedenza conosciuto come Tekla BIMsight) \u00e8 un software di gestione delle costruzioni progettato per aiutare le aziende a creare e condividere <strong>dati strutturali come modelli 3D<\/strong>. La piattaforma multilingue consente agli amministratori di importare, esportare e condividere dati tramite Trimble Cloud Engine. I manager possono collaborare con clienti e colleghi all&#8217;ottimizzazione dei dati del modello utilizzando applicazioni mobili su dispositivi Android e iOS.<br \/>\n<strong>Tekla Structures <\/strong>offre uno strumento di rilevamento delle interferenze, che consente ai team di identificare e risolvere i conflitti tra diversi <strong>modelli 3D<\/strong>. I supervisori possono anche utilizzare piastre loft per creare disegni monocomponente spiegati su un&#8217;interfaccia unificata.<\/p>\n<h2>TEKLA STRUCTURES &#8211; TUTORIAL<\/h2>\n<div id=\"fluid-wrapper-counter-1\" class=\"g1-fluid-wrapper \" style=\"width:686px;\">\n<div style=\"padding-bottom:56.268221574344%;\"><iframe loading=\"lazy\" title=\"Tekla Structures Tutorial #01 (ITA) - Muoversi all&#039;interno del progetto\" width=\"686\" height=\"386\" src=\"https:\/\/www.youtube.com\/embed\/5q4slV0ofQU?list=PLkqSCGkm4Y1PyyCTw6s436PSfqKr3INOx\" frameborder=\"0\" allow=\"accelerometer; autoplay; clipboard-write; encrypted-media; gyroscope; picture-in-picture; web-share\" referrerpolicy=\"strict-origin-when-cross-origin\" allowfullscreen><\/iframe><\/div>\n<\/div>\n<h3>TEKLA STRUCTURES &#8211; CARATTERISTICHE<\/h3>\n<ul>\n<li><strong>Fornisci dati realmente costruibili:<\/strong> disponi di tutto ci\u00f2 di cui hai bisogno per migliorare la precisione BIM, utilizzare i dati e ridurre le costose sorprese. Aumenta la redditivit\u00e0 con il pi\u00f9 alto livello di sviluppo (LOD) e riduci l&#8217;incertezza dei documenti di costruzione non coordinati.<\/li>\n<li><strong>Collabora con facilit\u00e0<\/strong>: importa, esporta e collega i dati del tuo modello con altre parti del progetto, software, strumenti di costruzione digitale e macchinari per flussi di lavoro fluidi. Ad esempio, puoi collegarti con software di progettazione architettonica, MEP e impiantistica tramite IFC.<\/li>\n<li><strong>Disponi di software e supporto nella tua lingua<\/strong>: lavora con soluzioni software rivoluzionarie che si adattano alla tua cultura e ai tuoi processi unici. Software e formazione sono disponibili in oltre 15 lingue, quindi rimani istruito e informato. Con questa soluzione, puoi essere al posto di guida e avere il controllo su ogni progetto.<\/li>\n<li><strong>Scegli la licenza che fa per te<\/strong>: il basso investimento iniziale \u00e8 tutto ci\u00f2 che serve per far progredire i tuoi progetti e fornire risultati con una velocit\u00e0 sorprendente. Raggiungi il cielo e modifica la tua licenza in base alle tue esigenze man mano che la tua azienda si sviluppa e cresce.<\/li>\n<\/ul>\n<h4>LE RECENSIONI DEGLI UTENTI<\/h4>\n<p><strong>MOHAMED &#8220;Tekla leggerezza del telaio&#8221;<\/strong><br \/>\n<strong>Pro<\/strong>: apporta mille modifiche alle strutture metalliche oltre alla sua capacit\u00e0 di dare ritorni efficienti per la realizzazione e il monitoraggio dei progetti<br \/>\n<strong>Contro<\/strong>: interfaccia un po&#8217; complicata rispetto ad altri software.<\/p>\n<p><strong>Jhordann &#8220;Software per la progettazione di strutture metalliche&#8221;<\/strong><br \/>\n<strong>Commenti<\/strong>: in generale \u00e8 molto bravo nel disegno e nella progettazione dettagliata di strutture metalliche.<br \/>\n<strong>Pro<\/strong>: \u00e8 molto facile da usare, ci sono molte informazioni online che aiutano nell&#8217;apprendimento.<br \/>\n<strong>Contro<\/strong>: \u00e8 un po\u2019 costoso, a volte \u00e8 complesso realizzare i collegamenti meccanici<\/p>\n<p><strong>Henrique &#8220;Dal meglio del 3D alle strutture metalliche&#8221;<\/strong><br \/>\n<strong>Commenti<\/strong>: un grande vantaggio \u00e8 la facilit\u00e0 con cui questo software consente a pi\u00f9 persone di lavorare sullo stesso progetto.<br \/>\n<strong>Pro<\/strong>: il miglior software sul mercato per la progettazione di strutture metalliche 3D.<br \/>\n<strong>Contro<\/strong>: software molto costoso ma ne vale la pena.<\/p>\n","protected":false},"excerpt":{"rendered":"<p>Tekla Structures (in precedenza conosciuto Tekla BIMsight) \u00e8 un software di gestione delle costruzioni progettato per aiutare le aziende a creare e condividere dati strutturali come modelli 3D. La piattaforma multilingue consente agli amministratori di importare, esportare e condividere dati tramite Trimble Cloud Engine.<\/p>\n","protected":false},"author":19,"featured_media":86448,"parent":85867,"menu_order":0,"comment_status":"open","ping_status":"closed","template":"g1_template_page_review_new.php","meta":{"_acf_changed":false,"cwp_meta_box_check":"Yes","cwp_rev_product_name":"","cwp_rev_product_image":"","wppr_links":[],"cwp_rev_price":"0.00","wppr_options":[],"wppr_pros":["","","","",""],"wppr_cons":["","","","",""],"_monsterinsights_skip_tracking":false,"_monsterinsights_sitenote_active":false,"_monsterinsights_sitenote_note":"","_monsterinsights_sitenote_category":0,"footnotes":""},"categories":[15900],"tags":[16017,15902,15932,15931,15934,15933,16016],"features":[],"class_list":{"0":"post-86443","1":"page","2":"type-page","3":"status-publish","4":"has-post-thumbnail","6":"category-programmi-per-disegno-3d","7":"tag-app-disegno-3d","8":"tag-disegno-3d","9":"tag-piattaforma-disegno-3d","10":"tag-programma-disegno-3d","11":"tag-software-disegno-3d","12":"tag-soluzione-disegno-3d","13":"tag-tekla-structures"},"wppr_data":{"cwp_meta_box_check":"Yes","_wppr_review_template":"default","cwp_rev_product_image":"","cwp_image_link":"image","wppr_links":[],"cwp_rev_price":"0.00","wppr_pros":["","","","",""],"wppr_cons":["","","","",""],"wppr_rating":"0.00","wppr_options":[],"wppr_review_type":"Product","wppr_review_custom_fields":{"additionalProperty":"","additionalType":"","aggregateRating":"","alternateName":"","audience":"","award":"","awards":"","brand":"","color":"","depth":"","description":"","disambiguatingDescription":"","gtin12":"","gtin13":"","gtin14":"","gtin8":"","height":"","identifier":"","image":"","isAccessoryOrSparePartFor":"","isConsumableFor":"","isRelatedTo":"","isSimilarTo":"","itemCondition":"","logo":"","mainEntityOfPage":"","manufacturer":"","material":"","model":"","mpn":"","name":"","offers":"","potentialAction":"","productID":"","productionDate":"","purchaseDate":"","releaseDate":"","review":"","reviews":"","sameAs":"","sku":"","slogan":"","subjectOf":"","url":"","weight":"","width":""}},"acf":[],"yoast_head":"<!-- This site is optimized with the Yoast SEO plugin v27.4 - https:\/\/yoast.com\/product\/yoast-seo-wordpress\/ -->\n<title>Tekla Structures: recensione programma disegno 3D - Accurate Reviews<\/title>\n<meta name=\"description\" content=\"Tekla Structures: recensione software di gestione delle costruzioni progettato per aiutare a crear dati strutturali come modelli 3D.\" \/>\n<meta name=\"robots\" content=\"index, follow, max-snippet:-1, max-image-preview:large, max-video-preview:-1\" \/>\n<link rel=\"canonical\" href=\"https:\/\/www.accuratereviews.com\/it\/programmi-disegno-3d\/tekla-structures-recensione\/\" \/>\n<meta property=\"og:locale\" content=\"it_IT\" \/>\n<meta property=\"og:type\" content=\"article\" \/>\n<meta property=\"og:title\" content=\"Tekla Structures: recensione programma disegno 3D - Accurate Reviews\" \/>\n<meta property=\"og:description\" content=\"Tekla Structures: recensione software di gestione delle costruzioni progettato per aiutare a crear dati strutturali come modelli 3D.\" \/>\n<meta property=\"og:url\" content=\"https:\/\/www.accuratereviews.com\/it\/programmi-disegno-3d\/tekla-structures-recensione\/\" \/>\n<meta property=\"og:site_name\" content=\"Accurate Reviews\" \/>\n<meta property=\"og:image\" content=\"https:\/\/www.accuratereviews.com\/wp-content\/uploads\/2025\/03\/Tekla.png\" \/>\n\t<meta property=\"og:image:width\" content=\"1673\" \/>\n\t<meta property=\"og:image:height\" content=\"631\" \/>\n\t<meta property=\"og:image:type\" content=\"image\/png\" \/>\n<meta name=\"twitter:card\" content=\"summary_large_image\" \/>\n<meta name=\"twitter:label1\" content=\"Tempo di lettura stimato\" \/>\n\t<meta name=\"twitter:data1\" content=\"4 minuti\" \/>\n<script type=\"application\/ld+json\" class=\"yoast-schema-graph\">{\"@context\":\"https:\\\/\\\/schema.org\",\"@graph\":[{\"@type\":\"WebPage\",\"@id\":\"https:\\\/\\\/www.accuratereviews.com\\\/it\\\/programmi-disegno-3d\\\/tekla-structures-recensione\\\/\",\"url\":\"https:\\\/\\\/www.accuratereviews.com\\\/it\\\/programmi-disegno-3d\\\/tekla-structures-recensione\\\/\",\"name\":\"Tekla Structures: recensione programma disegno 3D - Accurate Reviews\",\"isPartOf\":{\"@id\":\"https:\\\/\\\/www.accuratereviews.com\\\/it\\\/#website\"},\"primaryImageOfPage\":{\"@id\":\"https:\\\/\\\/www.accuratereviews.com\\\/it\\\/programmi-disegno-3d\\\/tekla-structures-recensione\\\/#primaryimage\"},\"image\":{\"@id\":\"https:\\\/\\\/www.accuratereviews.com\\\/it\\\/programmi-disegno-3d\\\/tekla-structures-recensione\\\/#primaryimage\"},\"thumbnailUrl\":\"https:\\\/\\\/www.accuratereviews.com\\\/wp-content\\\/uploads\\\/2025\\\/03\\\/Tekla.png\",\"datePublished\":\"2025-03-21T13:22:33+00:00\",\"description\":\"Tekla Structures: recensione software di gestione delle costruzioni progettato per aiutare a crear dati strutturali come modelli 3D.\",\"breadcrumb\":{\"@id\":\"https:\\\/\\\/www.accuratereviews.com\\\/it\\\/programmi-disegno-3d\\\/tekla-structures-recensione\\\/#breadcrumb\"},\"inLanguage\":\"it-IT\",\"potentialAction\":[{\"@type\":\"ReadAction\",\"target\":[\"https:\\\/\\\/www.accuratereviews.com\\\/it\\\/programmi-disegno-3d\\\/tekla-structures-recensione\\\/\"]}]},{\"@type\":\"ImageObject\",\"inLanguage\":\"it-IT\",\"@id\":\"https:\\\/\\\/www.accuratereviews.com\\\/it\\\/programmi-disegno-3d\\\/tekla-structures-recensione\\\/#primaryimage\",\"url\":\"https:\\\/\\\/www.accuratereviews.com\\\/wp-content\\\/uploads\\\/2025\\\/03\\\/Tekla.png\",\"contentUrl\":\"https:\\\/\\\/www.accuratereviews.com\\\/wp-content\\\/uploads\\\/2025\\\/03\\\/Tekla.png\",\"width\":1673,\"height\":631},{\"@type\":\"BreadcrumbList\",\"@id\":\"https:\\\/\\\/www.accuratereviews.com\\\/it\\\/programmi-disegno-3d\\\/tekla-structures-recensione\\\/#breadcrumb\",\"itemListElement\":[{\"@type\":\"ListItem\",\"position\":1,\"name\":\"Home\",\"item\":\"https:\\\/\\\/www.accuratereviews.com\\\/it\\\/\"},{\"@type\":\"ListItem\",\"position\":2,\"name\":\"Programmi per disegno 3D\",\"item\":\"https:\\\/\\\/www.accuratereviews.com\\\/it\\\/programmi-disegno-3d\\\/\"},{\"@type\":\"ListItem\",\"position\":3,\"name\":\"Tekla Structures\"}]},{\"@type\":\"WebSite\",\"@id\":\"https:\\\/\\\/www.accuratereviews.com\\\/it\\\/#website\",\"url\":\"https:\\\/\\\/www.accuratereviews.com\\\/it\\\/\",\"name\":\"Accurate Reviews\",\"description\":\"\",\"potentialAction\":[{\"@type\":\"SearchAction\",\"target\":{\"@type\":\"EntryPoint\",\"urlTemplate\":\"https:\\\/\\\/www.accuratereviews.com\\\/it\\\/?s={search_term_string}\"},\"query-input\":{\"@type\":\"PropertyValueSpecification\",\"valueRequired\":true,\"valueName\":\"search_term_string\"}}],\"inLanguage\":\"it-IT\"}]}<\/script>\n<!-- \/ Yoast SEO plugin. -->","yoast_head_json":{"title":"Tekla Structures: recensione programma disegno 3D - Accurate Reviews","description":"Tekla Structures: recensione software di gestione delle costruzioni progettato per aiutare a crear dati strutturali come modelli 3D.","robots":{"index":"index","follow":"follow","max-snippet":"max-snippet:-1","max-image-preview":"max-image-preview:large","max-video-preview":"max-video-preview:-1"},"canonical":"https:\/\/www.accuratereviews.com\/it\/programmi-disegno-3d\/tekla-structures-recensione\/","og_locale":"it_IT","og_type":"article","og_title":"Tekla Structures: recensione programma disegno 3D - Accurate Reviews","og_description":"Tekla Structures: recensione software di gestione delle costruzioni progettato per aiutare a crear dati strutturali come modelli 3D.","og_url":"https:\/\/www.accuratereviews.com\/it\/programmi-disegno-3d\/tekla-structures-recensione\/","og_site_name":"Accurate Reviews","og_image":[{"width":1673,"height":631,"url":"https:\/\/www.accuratereviews.com\/wp-content\/uploads\/2025\/03\/Tekla.png","type":"image\/png"}],"twitter_card":"summary_large_image","twitter_misc":{"Tempo di lettura stimato":"4 minuti"},"schema":{"@context":"https:\/\/schema.org","@graph":[{"@type":"WebPage","@id":"https:\/\/www.accuratereviews.com\/it\/programmi-disegno-3d\/tekla-structures-recensione\/","url":"https:\/\/www.accuratereviews.com\/it\/programmi-disegno-3d\/tekla-structures-recensione\/","name":"Tekla Structures: recensione programma disegno 3D - Accurate Reviews","isPartOf":{"@id":"https:\/\/www.accuratereviews.com\/it\/#website"},"primaryImageOfPage":{"@id":"https:\/\/www.accuratereviews.com\/it\/programmi-disegno-3d\/tekla-structures-recensione\/#primaryimage"},"image":{"@id":"https:\/\/www.accuratereviews.com\/it\/programmi-disegno-3d\/tekla-structures-recensione\/#primaryimage"},"thumbnailUrl":"https:\/\/www.accuratereviews.com\/wp-content\/uploads\/2025\/03\/Tekla.png","datePublished":"2025-03-21T13:22:33+00:00","description":"Tekla Structures: recensione software di gestione delle costruzioni progettato per aiutare a crear dati strutturali come modelli 3D.","breadcrumb":{"@id":"https:\/\/www.accuratereviews.com\/it\/programmi-disegno-3d\/tekla-structures-recensione\/#breadcrumb"},"inLanguage":"it-IT","potentialAction":[{"@type":"ReadAction","target":["https:\/\/www.accuratereviews.com\/it\/programmi-disegno-3d\/tekla-structures-recensione\/"]}]},{"@type":"ImageObject","inLanguage":"it-IT","@id":"https:\/\/www.accuratereviews.com\/it\/programmi-disegno-3d\/tekla-structures-recensione\/#primaryimage","url":"https:\/\/www.accuratereviews.com\/wp-content\/uploads\/2025\/03\/Tekla.png","contentUrl":"https:\/\/www.accuratereviews.com\/wp-content\/uploads\/2025\/03\/Tekla.png","width":1673,"height":631},{"@type":"BreadcrumbList","@id":"https:\/\/www.accuratereviews.com\/it\/programmi-disegno-3d\/tekla-structures-recensione\/#breadcrumb","itemListElement":[{"@type":"ListItem","position":1,"name":"Home","item":"https:\/\/www.accuratereviews.com\/it\/"},{"@type":"ListItem","position":2,"name":"Programmi per disegno 3D","item":"https:\/\/www.accuratereviews.com\/it\/programmi-disegno-3d\/"},{"@type":"ListItem","position":3,"name":"Tekla Structures"}]},{"@type":"WebSite","@id":"https:\/\/www.accuratereviews.com\/it\/#website","url":"https:\/\/www.accuratereviews.com\/it\/","name":"Accurate Reviews","description":"","potentialAction":[{"@type":"SearchAction","target":{"@type":"EntryPoint","urlTemplate":"https:\/\/www.accuratereviews.com\/it\/?s={search_term_string}"},"query-input":{"@type":"PropertyValueSpecification","valueRequired":true,"valueName":"search_term_string"}}],"inLanguage":"it-IT"}]}},"_links":{"self":[{"href":"https:\/\/www.accuratereviews.com\/it\/wp-json\/wp\/v2\/pages\/86443","targetHints":{"allow":["GET"]}}],"collection":[{"href":"https:\/\/www.accuratereviews.com\/it\/wp-json\/wp\/v2\/pages"}],"about":[{"href":"https:\/\/www.accuratereviews.com\/it\/wp-json\/wp\/v2\/types\/page"}],"author":[{"embeddable":true,"href":"https:\/\/www.accuratereviews.com\/it\/wp-json\/wp\/v2\/users\/19"}],"replies":[{"embeddable":true,"href":"https:\/\/www.accuratereviews.com\/it\/wp-json\/wp\/v2\/comments?post=86443"}],"version-history":[{"count":11,"href":"https:\/\/www.accuratereviews.com\/it\/wp-json\/wp\/v2\/pages\/86443\/revisions"}],"predecessor-version":[{"id":86471,"href":"https:\/\/www.accuratereviews.com\/it\/wp-json\/wp\/v2\/pages\/86443\/revisions\/86471"}],"up":[{"embeddable":true,"href":"https:\/\/www.accuratereviews.com\/it\/wp-json\/wp\/v2\/pages\/85867"}],"wp:featuredmedia":[{"embeddable":true,"href":"https:\/\/www.accuratereviews.com\/it\/wp-json\/wp\/v2\/media\/86448"}],"wp:attachment":[{"href":"https:\/\/www.accuratereviews.com\/it\/wp-json\/wp\/v2\/media?parent=86443"}],"wp:term":[{"taxonomy":"category","embeddable":true,"href":"https:\/\/www.accuratereviews.com\/it\/wp-json\/wp\/v2\/categories?post=86443"},{"taxonomy":"post_tag","embeddable":true,"href":"https:\/\/www.accuratereviews.com\/it\/wp-json\/wp\/v2\/tags?post=86443"},{"taxonomy":"features","embeddable":true,"href":"https:\/\/www.accuratereviews.com\/it\/wp-json\/wp\/v2\/features?post=86443"}],"curies":[{"name":"wp","href":"https:\/\/api.w.org\/{rel}","templated":true}]}}