{"id":86535,"date":"2025-03-24T18:28:16","date_gmt":"2025-03-24T18:28:16","guid":{"rendered":"https:\/\/www.accuratereviews.com\/?page_id=86535"},"modified":"2025-03-25T10:27:07","modified_gmt":"2025-03-25T10:27:07","slug":"ultimaker-cura-enterprise-recensione","status":"publish","type":"page","link":"https:\/\/www.accuratereviews.com\/it\/programmi-disegno-3d\/ultimaker-cura-enterprise-recensione\/","title":{"rendered":"Ultimaker Cura Enterprise"},"content":{"rendered":"<p><strong>Ultimaker Cura Enterprise<\/strong> \u00e8 un <strong>software open source<\/strong> per l&#8217;automazione dei flussi di lavoro di <strong>stampa 3D<\/strong>. Pu\u00f2 controllare pi\u00f9 stampanti 3D e lavori di stampa con l&#8217;interfaccia Cura Connect. Utilizzando i profili standard e l&#8217;integrazione del software CAD, i professionisti inoltre possono eseguire la preparazione del lavoro di stampa in tempo reale.<br \/>\nOltre ai formati comuni di <strong>GIF, JPG, BMP e PNG<\/strong>, il software supporta anche <strong>STL, OBJ, X3D e 3MF<\/strong>. La caratteristica principale del software \u00e8 il motore di taglio<strong> open source<\/strong>. L&#8217;applicazione ha profili preconfigurati per stampanti 3D FDM (modellazione a deposizione fusa), quindi non \u00e8 necessario immettere manualmente diversi parametri. Tuttavia, \u00e8 ancora possibile personalizzare le impostazioni. \u00c8 possibile scegliere tra 400 impostazioni per il controllo granulare. Fornisce l&#8217;accesso a Ultimaker Marketplace, dove \u00e8 possibile scaricare plugin verificati per la stampa 3D.<\/p>\n<h2><a href=\"https:\/\/www.accuratereviews.com\/wp-content\/uploads\/2025\/03\/Ultimaker-Cura-Enterprise1.webp\"><img loading=\"lazy\" decoding=\"async\" class=\"size-full wp-image-86548 aligncenter\" src=\"https:\/\/www.accuratereviews.com\/wp-content\/uploads\/2025\/03\/Ultimaker-Cura-Enterprise1.webp\" alt=\"\" width=\"648\" height=\"550\" srcset=\"https:\/\/www.accuratereviews.com\/wp-content\/uploads\/2025\/03\/Ultimaker-Cura-Enterprise1.webp 648w, https:\/\/www.accuratereviews.com\/wp-content\/uploads\/2025\/03\/Ultimaker-Cura-Enterprise1-300x255.webp 300w, https:\/\/www.accuratereviews.com\/wp-content\/uploads\/2025\/03\/Ultimaker-Cura-Enterprise1-50x42.webp 50w, https:\/\/www.accuratereviews.com\/wp-content\/uploads\/2025\/03\/Ultimaker-Cura-Enterprise1-147x125.webp 147w, https:\/\/www.accuratereviews.com\/wp-content\/uploads\/2025\/03\/Ultimaker-Cura-Enterprise1-636x540.webp 636w, https:\/\/www.accuratereviews.com\/wp-content\/uploads\/2025\/03\/Ultimaker-Cura-Enterprise1-320x272.webp 320w, https:\/\/www.accuratereviews.com\/wp-content\/uploads\/2025\/03\/Ultimaker-Cura-Enterprise1-239x203.webp 239w\" sizes=\"auto, (max-width: 648px) 100vw, 648px\" \/><\/a><\/h2>\n<h2>ULTIMAKER CURA ENTERPRISE &#8211; CARATTERISTICHE<\/h2>\n<ul>\n<li>Integrazione del plugin CAD con SolidWorks, Siemens NX, Autodesk Inventor\u200b e altro<\/li>\n<li>Tipi di file compatibili: STL, OBJ, X3D, 3MF, BMP, GIF, JPG, PNG<\/li>\n<li>Prepara il suo modello 3D per la stampa in pochi minuti con le impostazioni consigliate<\/li>\n<li>Scegli semplicemente le impostazioni di velocit\u00e0 e qualit\u00e0 e puoi iniziare a stampare<\/li>\n<li>Scalabile e open source<\/li>\n<li>Scarica i profili dei materiali dalle marche leader per la tua applicazione<\/li>\n<li>Evita l&#8217;impostazione manuale quando utilizza materiali di terze parti<\/li>\n<li>Pu\u00f2 essere distribuito, configurato e gestito con sistemi di distribuzione multipiattaforma<\/li>\n<li>Riceve due aggiornamenti all&#8217;anno. Questi vengono accuratamente testati dalla community e garantiscono l&#8217;applicazione desktop stabile.<\/li>\n<li>Supporta gli aggiornamenti per 12 mesi dopo il rilascio (incluse patch di sicurezza e correzioni di bug)<\/li>\n<li>Ogni rilascio viene analizzato, testato e controllato indipendentemente dalla vulnerabilit\u00e0. Pubblica un riassunto di quel rapporto e si impegna a migliorare continuamente la sicurezza\u200b<\/li>\n<\/ul>\n<h3>LE RECENSIONI DEGLI UTENTI<\/h3>\n<p><strong>Roger &#8220;Creativit\u00e0 3D con Ultimaker Cura&#8221;<\/strong><br \/>\n<strong>Commenti<\/strong>: Ho creato un robot per le competizioni, che richiede una progettazione e una stampa agevoli dei componenti, tenendo conto dell&#8217;anteprima di stampa. Mi \u00e8 piaciuto utilizzarlo fin dalle versioni precedenti.<br \/>\n<strong>Pro<\/strong>: \u00e8 uno strumento che mi ha permesso di gestire la stampa di parti 3D di varie dimensioni, diverse configurazioni e di organizzare i tempi di stampa.<br \/>\n<strong>Contro<\/strong>: \u00e8 uno strumento molto dettagliato anche nella sua modalit\u00e0 semplice, richiede una buona dose di tempo e pratica per comprendere le impostazioni necessarie per ottimizzare la stampa di un pezzo.<\/p>\n<p><strong>IRESHYN &#8220;Ultimaker CURA \u00e8 un must per il tuo progetto di stampa 3D&#8221;<\/strong><br \/>\n<strong>Commenti<\/strong>: Un software eccellente, indispensabile per chi inizia a usare la stampante 3D.<br \/>\n<strong>Pro<\/strong>: facile da installare, configurare e utilizzare in pochi minuti. Numerose funzionalit\u00e0 disponibili per ottenere il meglio dalla tua stampante 3D<br \/>\n<strong>Contro<\/strong>: durante l&#8217;aggiornamento si verificano alcune incompatibilit\u00e0 di versione, che causano errori di slicing.<\/p>\n<p><strong>Cleidson &#8220;Ultimaker Cura&#8221;<\/strong><br \/>\n<strong>Commenti<\/strong>: Ultimaker Cura \u00e8 stato il primo software di slicing 3D che ho utilizzato per la stampa 3D e lo uso ancora oggi.<br \/>\n<strong>Pro<\/strong>: facilit\u00e0 d&#8217;uso, funzionalit\u00e0 avanzate e, soprattutto, \u00e8 gratuito<br \/>\n<strong>Controllo<\/strong>: niente di cui pentirsi. Il software soddisfa molto bene le esigenze degli utenti.<\/p>\n","protected":false},"excerpt":{"rendered":"<p>Ultimaker Cura Enterprise \u00e8 un software open source per l&#8217;automazione dei flussi di lavoro di stampa 3D. Pu\u00f2 controllare pi\u00f9 stampanti 3D e lavori di stampa con l&#8217;interfaccia Cura Connect. Utilizzando i profili standard e l&#8217;integrazione del software CAD, i professionisti possono eseguire la preparazione del lavoro di stampa in tempo reale.<\/p>\n","protected":false},"author":19,"featured_media":86538,"parent":85867,"menu_order":0,"comment_status":"open","ping_status":"closed","template":"g1_template_page_review_new.php","meta":{"_acf_changed":false,"cwp_meta_box_check":"No","cwp_rev_product_name":"","cwp_rev_product_image":"","wppr_links":[],"cwp_rev_price":"","wppr_options":[],"wppr_pros":[],"wppr_cons":[],"_monsterinsights_skip_tracking":false,"_monsterinsights_sitenote_active":false,"_monsterinsights_sitenote_note":"","_monsterinsights_sitenote_category":0,"footnotes":""},"categories":[15900],"tags":[15902,15932,15931,15934,15933,16028],"features":[],"class_list":{"0":"post-86535","1":"page","2":"type-page","3":"status-publish","4":"has-post-thumbnail","6":"category-programmi-per-disegno-3d","7":"tag-disegno-3d","8":"tag-piattaforma-disegno-3d","9":"tag-programma-disegno-3d","10":"tag-software-disegno-3d","11":"tag-soluzione-disegno-3d","12":"tag-ultimaker-cura-enterprise"},"wppr_data":{"cwp_meta_box_check":"No"},"acf":[],"yoast_head":"<!-- This site is optimized with the Yoast SEO plugin v27.4 - https:\/\/yoast.com\/product\/yoast-seo-wordpress\/ -->\n<title>Ultimaker Cura Enterprise: recensione software disegni 3D - Accurate Reviews<\/title>\n<meta name=\"description\" content=\"Ultimaker Cura Enterprise: recensione software open source per l&#039;automazione dei flussi di lavoro di stampa 3D.\" \/>\n<meta name=\"robots\" content=\"index, follow, max-snippet:-1, max-image-preview:large, max-video-preview:-1\" \/>\n<link rel=\"canonical\" href=\"https:\/\/www.accuratereviews.com\/it\/programmi-disegno-3d\/ultimaker-cura-enterprise-recensione\/\" \/>\n<meta property=\"og:locale\" content=\"it_IT\" \/>\n<meta property=\"og:type\" content=\"article\" \/>\n<meta property=\"og:title\" content=\"Ultimaker Cura Enterprise: recensione software disegni 3D - Accurate Reviews\" \/>\n<meta property=\"og:description\" content=\"Ultimaker Cura Enterprise: recensione software open source per l&#039;automazione dei flussi di lavoro di stampa 3D.\" \/>\n<meta property=\"og:url\" content=\"https:\/\/www.accuratereviews.com\/it\/programmi-disegno-3d\/ultimaker-cura-enterprise-recensione\/\" \/>\n<meta property=\"og:site_name\" content=\"Accurate Reviews\" \/>\n<meta property=\"article:modified_time\" content=\"2025-03-25T10:27:07+00:00\" \/>\n<meta property=\"og:image\" content=\"https:\/\/www.accuratereviews.com\/wp-content\/uploads\/2025\/03\/ultimaker.png\" \/>\n\t<meta property=\"og:image:width\" content=\"800\" \/>\n\t<meta property=\"og:image:height\" content=\"233\" \/>\n\t<meta property=\"og:image:type\" content=\"image\/png\" \/>\n<meta name=\"twitter:card\" content=\"summary_large_image\" \/>\n<meta name=\"twitter:label1\" content=\"Tempo di lettura stimato\" \/>\n\t<meta name=\"twitter:data1\" content=\"4 minuti\" \/>\n<script type=\"application\/ld+json\" class=\"yoast-schema-graph\">{\"@context\":\"https:\\\/\\\/schema.org\",\"@graph\":[{\"@type\":\"WebPage\",\"@id\":\"https:\\\/\\\/www.accuratereviews.com\\\/it\\\/programmi-disegno-3d\\\/ultimaker-cura-enterprise-recensione\\\/\",\"url\":\"https:\\\/\\\/www.accuratereviews.com\\\/it\\\/programmi-disegno-3d\\\/ultimaker-cura-enterprise-recensione\\\/\",\"name\":\"Ultimaker Cura Enterprise: recensione software disegni 3D - Accurate Reviews\",\"isPartOf\":{\"@id\":\"https:\\\/\\\/www.accuratereviews.com\\\/it\\\/#website\"},\"primaryImageOfPage\":{\"@id\":\"https:\\\/\\\/www.accuratereviews.com\\\/it\\\/programmi-disegno-3d\\\/ultimaker-cura-enterprise-recensione\\\/#primaryimage\"},\"image\":{\"@id\":\"https:\\\/\\\/www.accuratereviews.com\\\/it\\\/programmi-disegno-3d\\\/ultimaker-cura-enterprise-recensione\\\/#primaryimage\"},\"thumbnailUrl\":\"https:\\\/\\\/www.accuratereviews.com\\\/wp-content\\\/uploads\\\/2025\\\/03\\\/ultimaker.png\",\"datePublished\":\"2025-03-24T18:28:16+00:00\",\"dateModified\":\"2025-03-25T10:27:07+00:00\",\"description\":\"Ultimaker Cura Enterprise: recensione software open source per l'automazione dei flussi di lavoro di stampa 3D.\",\"breadcrumb\":{\"@id\":\"https:\\\/\\\/www.accuratereviews.com\\\/it\\\/programmi-disegno-3d\\\/ultimaker-cura-enterprise-recensione\\\/#breadcrumb\"},\"inLanguage\":\"it-IT\",\"potentialAction\":[{\"@type\":\"ReadAction\",\"target\":[\"https:\\\/\\\/www.accuratereviews.com\\\/it\\\/programmi-disegno-3d\\\/ultimaker-cura-enterprise-recensione\\\/\"]}]},{\"@type\":\"ImageObject\",\"inLanguage\":\"it-IT\",\"@id\":\"https:\\\/\\\/www.accuratereviews.com\\\/it\\\/programmi-disegno-3d\\\/ultimaker-cura-enterprise-recensione\\\/#primaryimage\",\"url\":\"https:\\\/\\\/www.accuratereviews.com\\\/wp-content\\\/uploads\\\/2025\\\/03\\\/ultimaker.png\",\"contentUrl\":\"https:\\\/\\\/www.accuratereviews.com\\\/wp-content\\\/uploads\\\/2025\\\/03\\\/ultimaker.png\",\"width\":800,\"height\":233},{\"@type\":\"BreadcrumbList\",\"@id\":\"https:\\\/\\\/www.accuratereviews.com\\\/it\\\/programmi-disegno-3d\\\/ultimaker-cura-enterprise-recensione\\\/#breadcrumb\",\"itemListElement\":[{\"@type\":\"ListItem\",\"position\":1,\"name\":\"Home\",\"item\":\"https:\\\/\\\/www.accuratereviews.com\\\/it\\\/\"},{\"@type\":\"ListItem\",\"position\":2,\"name\":\"Programmi per disegno 3D\",\"item\":\"https:\\\/\\\/www.accuratereviews.com\\\/it\\\/programmi-disegno-3d\\\/\"},{\"@type\":\"ListItem\",\"position\":3,\"name\":\"Ultimaker Cura Enterprise\"}]},{\"@type\":\"WebSite\",\"@id\":\"https:\\\/\\\/www.accuratereviews.com\\\/it\\\/#website\",\"url\":\"https:\\\/\\\/www.accuratereviews.com\\\/it\\\/\",\"name\":\"Accurate Reviews\",\"description\":\"\",\"potentialAction\":[{\"@type\":\"SearchAction\",\"target\":{\"@type\":\"EntryPoint\",\"urlTemplate\":\"https:\\\/\\\/www.accuratereviews.com\\\/it\\\/?s={search_term_string}\"},\"query-input\":{\"@type\":\"PropertyValueSpecification\",\"valueRequired\":true,\"valueName\":\"search_term_string\"}}],\"inLanguage\":\"it-IT\"}]}<\/script>\n<!-- \/ Yoast SEO plugin. -->","yoast_head_json":{"title":"Ultimaker Cura Enterprise: recensione software disegni 3D - Accurate Reviews","description":"Ultimaker Cura Enterprise: recensione software open source per l'automazione dei flussi di lavoro di stampa 3D.","robots":{"index":"index","follow":"follow","max-snippet":"max-snippet:-1","max-image-preview":"max-image-preview:large","max-video-preview":"max-video-preview:-1"},"canonical":"https:\/\/www.accuratereviews.com\/it\/programmi-disegno-3d\/ultimaker-cura-enterprise-recensione\/","og_locale":"it_IT","og_type":"article","og_title":"Ultimaker Cura Enterprise: recensione software disegni 3D - Accurate Reviews","og_description":"Ultimaker Cura Enterprise: recensione software open source per l'automazione dei flussi di lavoro di stampa 3D.","og_url":"https:\/\/www.accuratereviews.com\/it\/programmi-disegno-3d\/ultimaker-cura-enterprise-recensione\/","og_site_name":"Accurate Reviews","article_modified_time":"2025-03-25T10:27:07+00:00","og_image":[{"width":800,"height":233,"url":"https:\/\/www.accuratereviews.com\/wp-content\/uploads\/2025\/03\/ultimaker.png","type":"image\/png"}],"twitter_card":"summary_large_image","twitter_misc":{"Tempo di lettura stimato":"4 minuti"},"schema":{"@context":"https:\/\/schema.org","@graph":[{"@type":"WebPage","@id":"https:\/\/www.accuratereviews.com\/it\/programmi-disegno-3d\/ultimaker-cura-enterprise-recensione\/","url":"https:\/\/www.accuratereviews.com\/it\/programmi-disegno-3d\/ultimaker-cura-enterprise-recensione\/","name":"Ultimaker Cura Enterprise: recensione software disegni 3D - Accurate Reviews","isPartOf":{"@id":"https:\/\/www.accuratereviews.com\/it\/#website"},"primaryImageOfPage":{"@id":"https:\/\/www.accuratereviews.com\/it\/programmi-disegno-3d\/ultimaker-cura-enterprise-recensione\/#primaryimage"},"image":{"@id":"https:\/\/www.accuratereviews.com\/it\/programmi-disegno-3d\/ultimaker-cura-enterprise-recensione\/#primaryimage"},"thumbnailUrl":"https:\/\/www.accuratereviews.com\/wp-content\/uploads\/2025\/03\/ultimaker.png","datePublished":"2025-03-24T18:28:16+00:00","dateModified":"2025-03-25T10:27:07+00:00","description":"Ultimaker Cura Enterprise: recensione software open source per l'automazione dei flussi di lavoro di stampa 3D.","breadcrumb":{"@id":"https:\/\/www.accuratereviews.com\/it\/programmi-disegno-3d\/ultimaker-cura-enterprise-recensione\/#breadcrumb"},"inLanguage":"it-IT","potentialAction":[{"@type":"ReadAction","target":["https:\/\/www.accuratereviews.com\/it\/programmi-disegno-3d\/ultimaker-cura-enterprise-recensione\/"]}]},{"@type":"ImageObject","inLanguage":"it-IT","@id":"https:\/\/www.accuratereviews.com\/it\/programmi-disegno-3d\/ultimaker-cura-enterprise-recensione\/#primaryimage","url":"https:\/\/www.accuratereviews.com\/wp-content\/uploads\/2025\/03\/ultimaker.png","contentUrl":"https:\/\/www.accuratereviews.com\/wp-content\/uploads\/2025\/03\/ultimaker.png","width":800,"height":233},{"@type":"BreadcrumbList","@id":"https:\/\/www.accuratereviews.com\/it\/programmi-disegno-3d\/ultimaker-cura-enterprise-recensione\/#breadcrumb","itemListElement":[{"@type":"ListItem","position":1,"name":"Home","item":"https:\/\/www.accuratereviews.com\/it\/"},{"@type":"ListItem","position":2,"name":"Programmi per disegno 3D","item":"https:\/\/www.accuratereviews.com\/it\/programmi-disegno-3d\/"},{"@type":"ListItem","position":3,"name":"Ultimaker Cura Enterprise"}]},{"@type":"WebSite","@id":"https:\/\/www.accuratereviews.com\/it\/#website","url":"https:\/\/www.accuratereviews.com\/it\/","name":"Accurate Reviews","description":"","potentialAction":[{"@type":"SearchAction","target":{"@type":"EntryPoint","urlTemplate":"https:\/\/www.accuratereviews.com\/it\/?s={search_term_string}"},"query-input":{"@type":"PropertyValueSpecification","valueRequired":true,"valueName":"search_term_string"}}],"inLanguage":"it-IT"}]}},"_links":{"self":[{"href":"https:\/\/www.accuratereviews.com\/it\/wp-json\/wp\/v2\/pages\/86535","targetHints":{"allow":["GET"]}}],"collection":[{"href":"https:\/\/www.accuratereviews.com\/it\/wp-json\/wp\/v2\/pages"}],"about":[{"href":"https:\/\/www.accuratereviews.com\/it\/wp-json\/wp\/v2\/types\/page"}],"author":[{"embeddable":true,"href":"https:\/\/www.accuratereviews.com\/it\/wp-json\/wp\/v2\/users\/19"}],"replies":[{"embeddable":true,"href":"https:\/\/www.accuratereviews.com\/it\/wp-json\/wp\/v2\/comments?post=86535"}],"version-history":[{"count":12,"href":"https:\/\/www.accuratereviews.com\/it\/wp-json\/wp\/v2\/pages\/86535\/revisions"}],"predecessor-version":[{"id":86589,"href":"https:\/\/www.accuratereviews.com\/it\/wp-json\/wp\/v2\/pages\/86535\/revisions\/86589"}],"up":[{"embeddable":true,"href":"https:\/\/www.accuratereviews.com\/it\/wp-json\/wp\/v2\/pages\/85867"}],"wp:featuredmedia":[{"embeddable":true,"href":"https:\/\/www.accuratereviews.com\/it\/wp-json\/wp\/v2\/media\/86538"}],"wp:attachment":[{"href":"https:\/\/www.accuratereviews.com\/it\/wp-json\/wp\/v2\/media?parent=86535"}],"wp:term":[{"taxonomy":"category","embeddable":true,"href":"https:\/\/www.accuratereviews.com\/it\/wp-json\/wp\/v2\/categories?post=86535"},{"taxonomy":"post_tag","embeddable":true,"href":"https:\/\/www.accuratereviews.com\/it\/wp-json\/wp\/v2\/tags?post=86535"},{"taxonomy":"features","embeddable":true,"href":"https:\/\/www.accuratereviews.com\/it\/wp-json\/wp\/v2\/features?post=86535"}],"curies":[{"name":"wp","href":"https:\/\/api.w.org\/{rel}","templated":true}]}}