{"id":86581,"date":"2025-03-25T19:18:11","date_gmt":"2025-03-25T19:18:11","guid":{"rendered":"https:\/\/www.accuratereviews.com\/?page_id=86581"},"modified":"2025-03-25T19:18:11","modified_gmt":"2025-03-25T19:18:11","slug":"solid-edge-recensione","status":"publish","type":"page","link":"https:\/\/www.accuratereviews.com\/it\/programmi-disegno-3d\/solid-edge-recensione\/","title":{"rendered":"Solid Edge"},"content":{"rendered":"<p><strong>Solid Edge<\/strong> di Siemens offre alle aziende una gamma di strumenti modulari di modellazione e simulazione end-to-end per affrontare tutti gli aspetti del processo di sviluppo del prodotto. Il portafoglio software comprende progettazione elettrica e 3D, produzione assistita da computer (CAM), stampa 3D, simulazione, gestione dei dati e altro ancora. Con questo programma, gli utenti possono produrre illustrazioni e documenti di alta qualit\u00e0 direttamente dai loro modelli 3D.<br \/>\n<strong>Solid Edge<\/strong>\u00a0mira ad aiutare gli utenti a produrre rapidamente progetti accurati con la modellazione di suddivisione, reverse engineering, progettazione di pannelli di armadi per layout 2D di pannelli di controllo industriali, modellazione concettuale rapida, ricerca di modelli 3D e altro ancora. Le funzionalit\u00e0 <strong>cloud<\/strong> consentono agli utenti di accedere alla soluzione da qualsiasi dispositivo e di visualizzare i file CAD da qualsiasi luogo con il portale dedicato.<\/p>\n<h2>SOLID EDGE &#8211; TUTORIAL<\/h2>\n<div id=\"fluid-wrapper-counter-1\" class=\"g1-fluid-wrapper \" style=\"width:686px;\">\n<div style=\"padding-bottom:56.268221574344%;\"><iframe loading=\"lazy\" title=\"Solid Edge 2025 tutorial - Roller-Pin Support\" width=\"686\" height=\"386\" src=\"https:\/\/www.youtube.com\/embed\/Psm5cbEOLPk?list=PLsazGtdtYPVujZU3jNsop-qu8H8moYCVI\" frameborder=\"0\" allow=\"accelerometer; autoplay; clipboard-write; encrypted-media; gyroscope; picture-in-picture; web-share\" referrerpolicy=\"strict-origin-when-cross-origin\" allowfullscreen><\/iframe><\/div>\n<\/div>\n<h3>SOLID EDGE &#8211; CARATTERISTICHE<\/h3>\n<ul>\n<li><strong>Velocit\u00e0, flessibilit\u00e0 e progettazione all&#8217;avanguardia<\/strong>: tutto ci\u00f2 che ti serve e di cui hai bisogno in una soluzione per le attivit\u00e0 di progettazione, comprensiva di tecnologia sincrona, modellazione generativa, produzione additiva e reverse engineering.<\/li>\n<li><strong>Progettazione delle parti elettriche integrate<\/strong>: risoluzione degli aspetti critici nella progettazione delle parti elettriche all&#8217;inizio del ciclo di progettazione. Il software per la progettazione delle parti elettriche \u00e8 stato sviluppato per andare incontro ai requisiti delle aziende che attribuiscono alle funzionalit\u00e0 la stessa importanza assegnata al valore e alla semplicit\u00e0 d&#8217;utilizzo.<\/li>\n<li><strong>Software di simulazione scalabile che guida la progettazione<\/strong>: se la simulazione viene eseguita all&#8217;inizio della fase di progettazione, le modifiche vengono introdotte nel momento pi\u00f9 conveniente, si riduce il tempo necessario per la produzione e si riducono i costi delle attivit\u00e0 di fabbricazione.<\/li>\n<li><strong>Gestione dei dati:<\/strong> funzionalit\u00e0 di gestione dei dati per le esigenze di tutte le aziende manifatturiere, dalle startup e dalle imprese di piccole dimensioni ai produttori pi\u00f9 grandi con operazioni distribuite.<\/li>\n<li><strong>Produzione tradizionale e manifattura additiva<\/strong>: soluzioni in grado di supportare un&#8217;ampia serie di tecniche produttive, sia tradizionali che di nuova generazione, come la lavorazione, la saldatura, la modanatura e l&#8217;Additive Manufacturing.<\/li>\n<li><strong>Pubblicazioni tecniche dinamiche<\/strong>: crea rapidamente diversi tipi di documenti tecnici, da semplici illustrazioni per i manuali dell&#8217;utente finale a documenti tecnici interattivi per le attivit\u00e0 di produzione e assistenza.<\/li>\n<li><strong>Collaborazione di nuova generazione<\/strong>: per una collaborazione immediata, sicura e semplice con colleghi, soci e clienti, affidati alla soluzione di collaborazione basata su cloud di ultima generazione della soluzione.<\/li>\n<\/ul>\n<h4>LE RECENSIONI DEGLI UTENTI<\/h4>\n<p><strong>Babis &#8220;Nessun supporto nel mio paese&#8221;<\/strong><br \/>\n<strong>Commenti<\/strong>: Siamo utenti di Solide Edge ST8 (1 licenza per posto di lavoro) dal 2015. A causa di un crash del disco rigido, dobbiamo reinstallare il programma, ma non riusciamo a trovare il DVD originale. Abbiamo solo il file SELicense.dat<br \/>\nIl distributore locale ha detto che non pu\u00f2 darci una copia di Solide Edge ST8 per la quale abbiamo una licenza, e dobbiamo acquistare l&#8217;ultima versione.<br \/>\n<strong>Pro<\/strong>: Tutte le funzionalit\u00e0 sono perfette e lo utilizziamo da 9 anni senza alcun problema.<br \/>\n<strong>Contro<\/strong>: Il sostegno nel mio paese \u00e8 il peggiore di sempre<\/p>\n<p><strong>Carlos &#8220;Il CAD 3D pi\u00f9 innovativo e con il miglior rapporto qualit\u00e0-prezzo sul mercato&#8221;<\/strong><br \/>\n<strong>Pro<\/strong>: La facilit\u00e0 d&#8217;uso, i potenti strumenti di creazione superfici, la migliore modalit\u00e0 foglio sul mercato, la tecnologia sincrona e l&#8217;eccellente modalit\u00e0 2D.<br \/>\n<strong>Contro<\/strong>: Non ci sono molte risorse disponibili in rete.<\/p>\n<p><strong>Bryce &#8220;Ottimo software&#8221;<\/strong><br \/>\n<strong>Commenti<\/strong>: Ho seguito un corso all&#8217;universit\u00e0 e avevamo il libro Solid Edge, l&#8217;ho letto abbastanza velocemente e mi sono sentito un professionista nella progettazione di cose.<br \/>\n<strong>Pro<\/strong>: Solid Edge \u00e8 molto intuitivo. Lo abbiamo usato al college e ha funzionato benissimo.<br \/>\n<strong>Contro<\/strong>: Non c&#8217;erano molte cose che non mi piacevano di Solid Edge, a parte i problemi di trasferimento dei file.<\/p>\n","protected":false},"excerpt":{"rendered":"<p>Solid Edge di Siemens offre alle aziende una gamma di strumenti modulari di modellazione e simulazione end-to-end per affrontare tutti gli aspetti del processo di sviluppo del prodotto. Il portafoglio software comprende progettazione elettrica e 3D, produzione assistita da computer (CAM), stampa 3D, simulazione, gestione dei dati e altro ancora.<\/p>\n","protected":false},"author":19,"featured_media":86582,"parent":85867,"menu_order":0,"comment_status":"open","ping_status":"closed","template":"g1_template_page_review_new.php","meta":{"_acf_changed":false,"cwp_meta_box_check":"No","cwp_rev_product_name":"","cwp_rev_product_image":"","wppr_links":[],"cwp_rev_price":"","wppr_options":[],"wppr_pros":[],"wppr_cons":[],"_monsterinsights_skip_tracking":false,"_monsterinsights_sitenote_active":false,"_monsterinsights_sitenote_note":"","_monsterinsights_sitenote_category":0,"footnotes":""},"categories":[15900],"tags":[15902,15932,15931,15934,16030,15933],"features":[],"class_list":{"0":"post-86581","1":"page","2":"type-page","3":"status-publish","4":"has-post-thumbnail","6":"category-programmi-per-disegno-3d","7":"tag-disegno-3d","8":"tag-piattaforma-disegno-3d","9":"tag-programma-disegno-3d","10":"tag-software-disegno-3d","11":"tag-solid-edge","12":"tag-soluzione-disegno-3d"},"wppr_data":{"cwp_meta_box_check":"No"},"acf":[],"yoast_head":"<!-- This site is optimized with the Yoast SEO plugin v27.4 - https:\/\/yoast.com\/product\/yoast-seo-wordpress\/ -->\n<title>Solid Edge: recensione software disegno 3D - Accurate Reviews<\/title>\n<meta name=\"description\" content=\"Solid Edge: recensione software per disegno 3D che offre alle aziende una gamma di strumenti modulari di modifica e simulazione end-to-end.\" \/>\n<meta name=\"robots\" content=\"index, follow, max-snippet:-1, max-image-preview:large, max-video-preview:-1\" \/>\n<link rel=\"canonical\" href=\"https:\/\/www.accuratereviews.com\/it\/programmi-disegno-3d\/solid-edge-recensione\/\" \/>\n<meta property=\"og:locale\" content=\"it_IT\" \/>\n<meta property=\"og:type\" content=\"article\" \/>\n<meta property=\"og:title\" content=\"Solid Edge: recensione software disegno 3D - Accurate Reviews\" \/>\n<meta property=\"og:description\" content=\"Solid Edge: recensione software per disegno 3D che offre alle aziende una gamma di strumenti modulari di modifica e simulazione end-to-end.\" \/>\n<meta property=\"og:url\" content=\"https:\/\/www.accuratereviews.com\/it\/programmi-disegno-3d\/solid-edge-recensione\/\" \/>\n<meta property=\"og:site_name\" content=\"Accurate Reviews\" \/>\n<meta property=\"og:image\" content=\"https:\/\/www.accuratereviews.com\/wp-content\/uploads\/2025\/03\/solid-edge.jpeg\" \/>\n\t<meta property=\"og:image:width\" content=\"500\" \/>\n\t<meta property=\"og:image:height\" content=\"500\" \/>\n\t<meta property=\"og:image:type\" content=\"image\/jpeg\" \/>\n<meta name=\"twitter:card\" content=\"summary_large_image\" \/>\n<meta name=\"twitter:label1\" content=\"Tempo di lettura stimato\" \/>\n\t<meta name=\"twitter:data1\" content=\"5 minuti\" \/>\n<script type=\"application\/ld+json\" class=\"yoast-schema-graph\">{\"@context\":\"https:\\\/\\\/schema.org\",\"@graph\":[{\"@type\":\"WebPage\",\"@id\":\"https:\\\/\\\/www.accuratereviews.com\\\/it\\\/programmi-disegno-3d\\\/solid-edge-recensione\\\/\",\"url\":\"https:\\\/\\\/www.accuratereviews.com\\\/it\\\/programmi-disegno-3d\\\/solid-edge-recensione\\\/\",\"name\":\"Solid Edge: recensione software disegno 3D - Accurate Reviews\",\"isPartOf\":{\"@id\":\"https:\\\/\\\/www.accuratereviews.com\\\/it\\\/#website\"},\"primaryImageOfPage\":{\"@id\":\"https:\\\/\\\/www.accuratereviews.com\\\/it\\\/programmi-disegno-3d\\\/solid-edge-recensione\\\/#primaryimage\"},\"image\":{\"@id\":\"https:\\\/\\\/www.accuratereviews.com\\\/it\\\/programmi-disegno-3d\\\/solid-edge-recensione\\\/#primaryimage\"},\"thumbnailUrl\":\"https:\\\/\\\/www.accuratereviews.com\\\/wp-content\\\/uploads\\\/2025\\\/03\\\/solid-edge.jpeg\",\"datePublished\":\"2025-03-25T19:18:11+00:00\",\"description\":\"Solid Edge: recensione software per disegno 3D che offre alle aziende una gamma di strumenti modulari di modifica e simulazione end-to-end.\",\"breadcrumb\":{\"@id\":\"https:\\\/\\\/www.accuratereviews.com\\\/it\\\/programmi-disegno-3d\\\/solid-edge-recensione\\\/#breadcrumb\"},\"inLanguage\":\"it-IT\",\"potentialAction\":[{\"@type\":\"ReadAction\",\"target\":[\"https:\\\/\\\/www.accuratereviews.com\\\/it\\\/programmi-disegno-3d\\\/solid-edge-recensione\\\/\"]}]},{\"@type\":\"ImageObject\",\"inLanguage\":\"it-IT\",\"@id\":\"https:\\\/\\\/www.accuratereviews.com\\\/it\\\/programmi-disegno-3d\\\/solid-edge-recensione\\\/#primaryimage\",\"url\":\"https:\\\/\\\/www.accuratereviews.com\\\/wp-content\\\/uploads\\\/2025\\\/03\\\/solid-edge.jpeg\",\"contentUrl\":\"https:\\\/\\\/www.accuratereviews.com\\\/wp-content\\\/uploads\\\/2025\\\/03\\\/solid-edge.jpeg\",\"width\":500,\"height\":500},{\"@type\":\"BreadcrumbList\",\"@id\":\"https:\\\/\\\/www.accuratereviews.com\\\/it\\\/programmi-disegno-3d\\\/solid-edge-recensione\\\/#breadcrumb\",\"itemListElement\":[{\"@type\":\"ListItem\",\"position\":1,\"name\":\"Home\",\"item\":\"https:\\\/\\\/www.accuratereviews.com\\\/it\\\/\"},{\"@type\":\"ListItem\",\"position\":2,\"name\":\"Programmi per disegno 3D\",\"item\":\"https:\\\/\\\/www.accuratereviews.com\\\/it\\\/programmi-disegno-3d\\\/\"},{\"@type\":\"ListItem\",\"position\":3,\"name\":\"Solid Edge\"}]},{\"@type\":\"WebSite\",\"@id\":\"https:\\\/\\\/www.accuratereviews.com\\\/it\\\/#website\",\"url\":\"https:\\\/\\\/www.accuratereviews.com\\\/it\\\/\",\"name\":\"Accurate Reviews\",\"description\":\"\",\"potentialAction\":[{\"@type\":\"SearchAction\",\"target\":{\"@type\":\"EntryPoint\",\"urlTemplate\":\"https:\\\/\\\/www.accuratereviews.com\\\/it\\\/?s={search_term_string}\"},\"query-input\":{\"@type\":\"PropertyValueSpecification\",\"valueRequired\":true,\"valueName\":\"search_term_string\"}}],\"inLanguage\":\"it-IT\"}]}<\/script>\n<!-- \/ Yoast SEO plugin. -->","yoast_head_json":{"title":"Solid Edge: recensione software disegno 3D - Accurate Reviews","description":"Solid Edge: recensione software per disegno 3D che offre alle aziende una gamma di strumenti modulari di modifica e simulazione end-to-end.","robots":{"index":"index","follow":"follow","max-snippet":"max-snippet:-1","max-image-preview":"max-image-preview:large","max-video-preview":"max-video-preview:-1"},"canonical":"https:\/\/www.accuratereviews.com\/it\/programmi-disegno-3d\/solid-edge-recensione\/","og_locale":"it_IT","og_type":"article","og_title":"Solid Edge: recensione software disegno 3D - Accurate Reviews","og_description":"Solid Edge: recensione software per disegno 3D che offre alle aziende una gamma di strumenti modulari di modifica e simulazione end-to-end.","og_url":"https:\/\/www.accuratereviews.com\/it\/programmi-disegno-3d\/solid-edge-recensione\/","og_site_name":"Accurate Reviews","og_image":[{"width":500,"height":500,"url":"https:\/\/www.accuratereviews.com\/wp-content\/uploads\/2025\/03\/solid-edge.jpeg","type":"image\/jpeg"}],"twitter_card":"summary_large_image","twitter_misc":{"Tempo di lettura stimato":"5 minuti"},"schema":{"@context":"https:\/\/schema.org","@graph":[{"@type":"WebPage","@id":"https:\/\/www.accuratereviews.com\/it\/programmi-disegno-3d\/solid-edge-recensione\/","url":"https:\/\/www.accuratereviews.com\/it\/programmi-disegno-3d\/solid-edge-recensione\/","name":"Solid Edge: recensione software disegno 3D - Accurate Reviews","isPartOf":{"@id":"https:\/\/www.accuratereviews.com\/it\/#website"},"primaryImageOfPage":{"@id":"https:\/\/www.accuratereviews.com\/it\/programmi-disegno-3d\/solid-edge-recensione\/#primaryimage"},"image":{"@id":"https:\/\/www.accuratereviews.com\/it\/programmi-disegno-3d\/solid-edge-recensione\/#primaryimage"},"thumbnailUrl":"https:\/\/www.accuratereviews.com\/wp-content\/uploads\/2025\/03\/solid-edge.jpeg","datePublished":"2025-03-25T19:18:11+00:00","description":"Solid Edge: recensione software per disegno 3D che offre alle aziende una gamma di strumenti modulari di modifica e simulazione end-to-end.","breadcrumb":{"@id":"https:\/\/www.accuratereviews.com\/it\/programmi-disegno-3d\/solid-edge-recensione\/#breadcrumb"},"inLanguage":"it-IT","potentialAction":[{"@type":"ReadAction","target":["https:\/\/www.accuratereviews.com\/it\/programmi-disegno-3d\/solid-edge-recensione\/"]}]},{"@type":"ImageObject","inLanguage":"it-IT","@id":"https:\/\/www.accuratereviews.com\/it\/programmi-disegno-3d\/solid-edge-recensione\/#primaryimage","url":"https:\/\/www.accuratereviews.com\/wp-content\/uploads\/2025\/03\/solid-edge.jpeg","contentUrl":"https:\/\/www.accuratereviews.com\/wp-content\/uploads\/2025\/03\/solid-edge.jpeg","width":500,"height":500},{"@type":"BreadcrumbList","@id":"https:\/\/www.accuratereviews.com\/it\/programmi-disegno-3d\/solid-edge-recensione\/#breadcrumb","itemListElement":[{"@type":"ListItem","position":1,"name":"Home","item":"https:\/\/www.accuratereviews.com\/it\/"},{"@type":"ListItem","position":2,"name":"Programmi per disegno 3D","item":"https:\/\/www.accuratereviews.com\/it\/programmi-disegno-3d\/"},{"@type":"ListItem","position":3,"name":"Solid Edge"}]},{"@type":"WebSite","@id":"https:\/\/www.accuratereviews.com\/it\/#website","url":"https:\/\/www.accuratereviews.com\/it\/","name":"Accurate Reviews","description":"","potentialAction":[{"@type":"SearchAction","target":{"@type":"EntryPoint","urlTemplate":"https:\/\/www.accuratereviews.com\/it\/?s={search_term_string}"},"query-input":{"@type":"PropertyValueSpecification","valueRequired":true,"valueName":"search_term_string"}}],"inLanguage":"it-IT"}]}},"_links":{"self":[{"href":"https:\/\/www.accuratereviews.com\/it\/wp-json\/wp\/v2\/pages\/86581","targetHints":{"allow":["GET"]}}],"collection":[{"href":"https:\/\/www.accuratereviews.com\/it\/wp-json\/wp\/v2\/pages"}],"about":[{"href":"https:\/\/www.accuratereviews.com\/it\/wp-json\/wp\/v2\/types\/page"}],"author":[{"embeddable":true,"href":"https:\/\/www.accuratereviews.com\/it\/wp-json\/wp\/v2\/users\/19"}],"replies":[{"embeddable":true,"href":"https:\/\/www.accuratereviews.com\/it\/wp-json\/wp\/v2\/comments?post=86581"}],"version-history":[{"count":6,"href":"https:\/\/www.accuratereviews.com\/it\/wp-json\/wp\/v2\/pages\/86581\/revisions"}],"predecessor-version":[{"id":86609,"href":"https:\/\/www.accuratereviews.com\/it\/wp-json\/wp\/v2\/pages\/86581\/revisions\/86609"}],"up":[{"embeddable":true,"href":"https:\/\/www.accuratereviews.com\/it\/wp-json\/wp\/v2\/pages\/85867"}],"wp:featuredmedia":[{"embeddable":true,"href":"https:\/\/www.accuratereviews.com\/it\/wp-json\/wp\/v2\/media\/86582"}],"wp:attachment":[{"href":"https:\/\/www.accuratereviews.com\/it\/wp-json\/wp\/v2\/media?parent=86581"}],"wp:term":[{"taxonomy":"category","embeddable":true,"href":"https:\/\/www.accuratereviews.com\/it\/wp-json\/wp\/v2\/categories?post=86581"},{"taxonomy":"post_tag","embeddable":true,"href":"https:\/\/www.accuratereviews.com\/it\/wp-json\/wp\/v2\/tags?post=86581"},{"taxonomy":"features","embeddable":true,"href":"https:\/\/www.accuratereviews.com\/it\/wp-json\/wp\/v2\/features?post=86581"}],"curies":[{"name":"wp","href":"https:\/\/api.w.org\/{rel}","templated":true}]}}