{"id":86653,"date":"2025-03-26T19:35:09","date_gmt":"2025-03-26T19:35:09","guid":{"rendered":"https:\/\/www.accuratereviews.com\/?page_id=86653"},"modified":"2025-03-27T10:00:19","modified_gmt":"2025-03-27T10:00:19","slug":"vectorworks-architect-recensione","status":"publish","type":"page","link":"https:\/\/www.accuratereviews.com\/it\/programmi-disegno-3d\/vectorworks-architect-recensione\/","title":{"rendered":"Vectorworks Architect"},"content":{"rendered":"<p><strong>Vectorworks Architect <\/strong>\u00e8 un&#8217;applicazione versatile e on-premise che offre ampie capacit\u00e0 di disegno 2D, <strong>modellazione 3D<\/strong>, BIM e rendering per le tue esigenze di progettazione architettonica e paesaggistica.\u00a0Un punto di forza fondamentale del software \u00e8 la sua capacit\u00e0 di servire l&#8217;intero processo creativo, dalla fase iniziale del concept allo sviluppo del design, ai disegni di costruzione e alle presentazioni. I disegni 2D e la grafica sono di alta qualit\u00e0 e i rendering possono spaziare da stili di schizzo a fotorealistici, tutto in questa applicazione. Utilizzando <strong>Vectorworks<\/strong> \u00e8 molto probabile che non avrai bisogno di acquistare, imparare o mantenere nessun altro software per le tue esigenze di progettazione.<br \/>\nGrazie alla profonda integrazione BIM, <strong>Vectorworks<\/strong> consente molte tecniche e percorsi per incorporare i dati di costruzione nel tuo design e segnalare tali dati su richiesta. Ci\u00f2 si traduce in un elevato livello di accuratezza e produttivit\u00e0 per la tua azienda.<\/p>\n<h2>VECTORWORKS ARCHITECT &#8211; TUTORIAL<\/h2>\n<div id=\"fluid-wrapper-counter-1\" class=\"g1-fluid-wrapper \" style=\"width:686px;\">\n<div style=\"padding-bottom:56.268221574344%;\"><iframe loading=\"lazy\" title=\"2025 Bluebeam Connection\" width=\"686\" height=\"386\" src=\"https:\/\/www.youtube.com\/embed\/2oLsUl66uZo?feature=oembed&amp;wmode=transparent&amp;autohide=1&amp;autoplay=0&amp;disablekb=0&amp;fs=1&amp;loop=0&amp;enablejsapi=1&amp;rel=0&amp;controls=2&amp;showinfo=0&amp;wmode=transparent&amp;autohide=2&amp;autoplay=0&amp;disablekb=0&amp;fs=1&amp;loop=0&amp;enablejsapi=1&amp;rel=0&amp;controls=2&amp;showinfo=1\" frameborder=\"0\" allow=\"accelerometer; autoplay; clipboard-write; encrypted-media; gyroscope; picture-in-picture; web-share\" referrerpolicy=\"strict-origin-when-cross-origin\" allowfullscreen><\/iframe><\/div>\n<\/div>\n<h3>VECTORWORKS ARCHITECT &#8211; CARATTERISTICHE<\/h3>\n<ul>\n<li><strong>Piani di lavoro<\/strong>: elimina i processi manuali quando crei piani di lavoro dettagliati con mobili personalizzati e produci immagini e report di qualit\u00e0.<\/li>\n<li><strong>Finiture delle stanze<\/strong>: applica finiture superficiali a pi\u00f9 pareti in un&#8217;unica operazione e potenti strumenti di dati semplificano la modifica e la generazione di documentazione.<\/li>\n<li><strong>Classificazione BIM<\/strong>: semplifica la classificazione BIM risparmiando tempo e riducendo il rischio di errori con l&#8217;applicazione automatizzata di standard di classificazione locali e nazionali.<\/li>\n<li><strong>Cordoli, bordature e bordi<\/strong>: modifica facilmente i tuoi modelli di terreno e crea stili di progettazione per coerenza, semplificando i tuoi flussi di lavoro hardscape e softscape.<\/li>\n<li><strong>Punti di rilevamento:<\/strong> stabilisci punti di rilevamento geografico o di riferimento con un&#8217;unica operazione, risparmiando tempo ed evitando complicazioni tra i collaboratori.<\/li>\n<li><strong>Sostenibilit\u00e0: hardscape e aree paesaggistiche<\/strong>: semplifica l&#8217;analisi della sostenibilit\u00e0 con strumenti facili da usare che ti consentono di definire e gestire pi\u00f9 informazioni in modo da poter fare scelte di progettazione pi\u00f9 intelligenti.<\/li>\n<li><strong>Showcase Previz<\/strong>: ottieni una pre-visualizzazione in tempo reale direttamente all&#8217;interno della soluzione con la possibilit\u00e0 di testare il tuo show, sperimentare e modificare a tuo piacimento.<\/li>\n<li><strong>GDTF File Mapping<\/strong>: mantieni i tuoi file aggiornati con informazioni precise sui dispositivi per evitare errori e collaborare meglio con formati di file pi\u00f9 standard del settore.<\/li>\n<li><strong>Controllo della vista sullo schermo<\/strong>: scopri la navigazione interattiva e l&#8217;orbita del modello con accesso immediato a tutte le viste.<\/li>\n<\/ul>\n<h4>LE RECENSIONI DEGLI UTENTI<\/h4>\n<p><strong>Erwin &#8220;Intuitivo, facile da usare, potente&#8221;<\/strong><br \/>\n<strong>Commenti<\/strong>: in generale, la mia esperienza di molti anni di utilizzo del software e di crescita con esso rispetto alle sue versioni molto primitive \u00e8 stata molto buona. Sono riuscito a realizzare progettazioni complete con un&#8217;ottima integrazione nel BIM, in modo molto semplice e intuitivo.<br \/>\nSenza esitazione consiglio questa piattaforma per lo sviluppo di qualsiasi progetto nel settore.<br \/>\n<strong>Pro<\/strong>: soluzione completa per sviluppare progetti architettonici fin dai primi schizzi, con completa facilit\u00e0 di controllo 3D della volumetria e delle forme, perfetta integrazione del disegno 2D e della generazione di documenti di costruzione, nonch\u00e9 la possibilit\u00e0 di generare report completi per un buon processo costruttivo. In realt\u00e0 un&#8217;eccellente opzione BIM.<br \/>\n<strong>Contro<\/strong>: la possibilit\u00e0 di generare rendering di qualit\u00e0 ottimale sulla piattaforma MAC OS \u00e8 quasi impossibile. Va integrato con altre soluzioni software e almeno su MacBook Pro \u00e8 un disastro. Capisco che non sia del tutto un problema software ma \u00e8 davvero deprimente.<\/p>\n<p><strong>David &#8220;Il fulcro del mio flusso di lavoro architettonico&#8221;<\/strong><br \/>\n<strong>Commenti<\/strong>: nel complesso, ne sono soddisfatto. Si adatta bene al mio flusso di lavoro. \u00c8 un po&#8217; caro e trovo un po&#8217; frustrante che Vectorworks offra sconti stagionali di cui non potr\u00f2 mai approfittare perch\u00e9 il rinnovo del mio abbonamento annuale non coincide mai con questi!<br \/>\n<strong>Pro<\/strong>: adoro la flessibilit\u00e0 e le opzioni di personalizzazione che Vectorworks mi offre. Posso usarlo come un software di disegno molto semplice per progetti semplici o come un&#8217;applicazione BIM completa per progetti pi\u00f9 grandi. Con Vectorworks, non sento di dover progettare nel modo in cui il software vuole che io progetti.<br \/>\n<strong>Contro<\/strong>: c&#8217;\u00e8 una curva di apprendimento abbastanza lunga per ottenere il massimo dal software e, occasionalmente, devi fare un po&#8217; di grattacapo per capire qualcosa. Tuttavia, ritengo che ci\u00f2 sia inevitabile per un software che offre questo grado di flessibilit\u00e0.<\/p>\n<p><strong>Garin Osvaldo &#8220;Strumenti CAD 2D affidabili&#8221;<\/strong><br \/>\n<strong>Commenti<\/strong>: Facile da lavorare sotto pressione.<br \/>\n<strong>Pro<\/strong>: per l&#8217;applicazione 2D \u00e8 molto amichevole e facile da usare.<br \/>\n<strong>Contro<\/strong>: il prezzo e la mancanza di interconnessione con altri programmi.<\/p>\n","protected":false},"excerpt":{"rendered":"<p>Vectorworks Architect \u00e8 un&#8217;applicazione versatile e on-premise che offre ampie capacit\u00e0 di disegno 2D, modellazione 3D, BIM e rendering per le tue esigenze di progettazione architettonica e paesaggistica.\u00a0Un punto di forza fondamentale del software \u00e8 la sua capacit\u00e0 di servire l&#8217;intero processo creativo, dalla fase iniziale del concept allo sviluppo del design, ai disegni di costruzione e alle presentazioni.<\/p>\n","protected":false},"author":19,"featured_media":86658,"parent":85867,"menu_order":0,"comment_status":"open","ping_status":"closed","template":"g1_template_page_review_new.php","meta":{"_acf_changed":false,"cwp_meta_box_check":"Yes","cwp_rev_product_name":"","cwp_rev_product_image":"","wppr_links":[],"cwp_rev_price":"0.00","wppr_options":[{"name":"Usability","value":"0"},{"name":"Speed","value":"0"},{"name":"Features","value":"0"},{"name":"Support","value":"0"},{"name":"Pricing","value":"0"}],"wppr_pros":["","","","",""],"wppr_cons":["","","","",""],"_monsterinsights_skip_tracking":false,"_monsterinsights_sitenote_active":false,"_monsterinsights_sitenote_note":"","_monsterinsights_sitenote_category":0,"footnotes":""},"categories":[15900],"tags":[15902,15932,15931,15934,15933,16047],"features":[],"class_list":{"0":"post-86653","1":"page","2":"type-page","3":"status-publish","4":"has-post-thumbnail","6":"category-programmi-per-disegno-3d","7":"tag-disegno-3d","8":"tag-piattaforma-disegno-3d","9":"tag-programma-disegno-3d","10":"tag-software-disegno-3d","11":"tag-soluzione-disegno-3d","12":"tag-vectorworks-architect"},"wppr_data":{"cwp_meta_box_check":"Yes","_wppr_review_template":"default","cwp_rev_product_image":"","cwp_image_link":"image","wppr_links":[],"cwp_rev_price":"0.00","wppr_pros":["","","","",""],"wppr_cons":["","","","",""],"wppr_rating":"0.00","wppr_options":{"1":{"name":"Usability","value":"0"},"2":{"name":"Speed","value":"0"},"3":{"name":"Features","value":"0"},"4":{"name":"Support","value":"0"},"5":{"name":"Pricing","value":"0"}},"wppr_review_type":"Product","wppr_review_custom_fields":{"additionalProperty":"","additionalType":"","aggregateRating":"","alternateName":"","audience":"","award":"","awards":"","brand":"","color":"","depth":"","description":"","disambiguatingDescription":"","gtin12":"","gtin13":"","gtin14":"","gtin8":"","height":"","identifier":"","image":"","isAccessoryOrSparePartFor":"","isConsumableFor":"","isRelatedTo":"","isSimilarTo":"","itemCondition":"","logo":"","mainEntityOfPage":"","manufacturer":"","material":"","model":"","mpn":"","name":"","offers":"","potentialAction":"","productID":"","productionDate":"","purchaseDate":"","releaseDate":"","review":"","reviews":"","sameAs":"","sku":"","slogan":"","subjectOf":"","url":"","weight":"","width":""}},"acf":[],"yoast_head":"<!-- This site is optimized with the Yoast SEO plugin v27.4 - https:\/\/yoast.com\/product\/yoast-seo-wordpress\/ -->\n<title>Vectorworks Architect: recensione software disegno 3D - Accurate Reviews<\/title>\n<meta name=\"description\" content=\"Vectorworks Architect: applicazione versatile e on-premise che offre ampie capacit\u00e0 di disegno 2D, modellazione 3D, BIM e rendering.\" \/>\n<meta name=\"robots\" content=\"index, follow, max-snippet:-1, max-image-preview:large, max-video-preview:-1\" \/>\n<link rel=\"canonical\" href=\"https:\/\/www.accuratereviews.com\/it\/programmi-disegno-3d\/vectorworks-architect-recensione\/\" \/>\n<meta property=\"og:locale\" content=\"it_IT\" \/>\n<meta property=\"og:type\" content=\"article\" \/>\n<meta property=\"og:title\" content=\"Vectorworks Architect: recensione software disegno 3D - Accurate Reviews\" \/>\n<meta property=\"og:description\" content=\"Vectorworks Architect: applicazione versatile e on-premise che offre ampie capacit\u00e0 di disegno 2D, modellazione 3D, BIM e rendering.\" \/>\n<meta property=\"og:url\" content=\"https:\/\/www.accuratereviews.com\/it\/programmi-disegno-3d\/vectorworks-architect-recensione\/\" \/>\n<meta property=\"og:site_name\" content=\"Accurate Reviews\" \/>\n<meta property=\"article:modified_time\" content=\"2025-03-27T10:00:19+00:00\" \/>\n<meta property=\"og:image\" content=\"https:\/\/www.accuratereviews.com\/wp-content\/uploads\/2025\/03\/Vectorworks-Architect.png\" \/>\n\t<meta property=\"og:image:width\" content=\"300\" \/>\n\t<meta property=\"og:image:height\" content=\"300\" \/>\n\t<meta property=\"og:image:type\" content=\"image\/png\" \/>\n<meta name=\"twitter:card\" content=\"summary_large_image\" \/>\n<meta name=\"twitter:label1\" content=\"Tempo di lettura stimato\" \/>\n\t<meta name=\"twitter:data1\" content=\"5 minuti\" \/>\n<script type=\"application\/ld+json\" class=\"yoast-schema-graph\">{\"@context\":\"https:\\\/\\\/schema.org\",\"@graph\":[{\"@type\":\"WebPage\",\"@id\":\"https:\\\/\\\/www.accuratereviews.com\\\/it\\\/programmi-disegno-3d\\\/vectorworks-architect-recensione\\\/\",\"url\":\"https:\\\/\\\/www.accuratereviews.com\\\/it\\\/programmi-disegno-3d\\\/vectorworks-architect-recensione\\\/\",\"name\":\"Vectorworks Architect: recensione software disegno 3D - Accurate Reviews\",\"isPartOf\":{\"@id\":\"https:\\\/\\\/www.accuratereviews.com\\\/it\\\/#website\"},\"primaryImageOfPage\":{\"@id\":\"https:\\\/\\\/www.accuratereviews.com\\\/it\\\/programmi-disegno-3d\\\/vectorworks-architect-recensione\\\/#primaryimage\"},\"image\":{\"@id\":\"https:\\\/\\\/www.accuratereviews.com\\\/it\\\/programmi-disegno-3d\\\/vectorworks-architect-recensione\\\/#primaryimage\"},\"thumbnailUrl\":\"https:\\\/\\\/www.accuratereviews.com\\\/wp-content\\\/uploads\\\/2025\\\/03\\\/Vectorworks-Architect.png\",\"datePublished\":\"2025-03-26T19:35:09+00:00\",\"dateModified\":\"2025-03-27T10:00:19+00:00\",\"description\":\"Vectorworks Architect: applicazione versatile e on-premise che offre ampie capacit\u00e0 di disegno 2D, modellazione 3D, BIM e rendering.\",\"breadcrumb\":{\"@id\":\"https:\\\/\\\/www.accuratereviews.com\\\/it\\\/programmi-disegno-3d\\\/vectorworks-architect-recensione\\\/#breadcrumb\"},\"inLanguage\":\"it-IT\",\"potentialAction\":[{\"@type\":\"ReadAction\",\"target\":[\"https:\\\/\\\/www.accuratereviews.com\\\/it\\\/programmi-disegno-3d\\\/vectorworks-architect-recensione\\\/\"]}]},{\"@type\":\"ImageObject\",\"inLanguage\":\"it-IT\",\"@id\":\"https:\\\/\\\/www.accuratereviews.com\\\/it\\\/programmi-disegno-3d\\\/vectorworks-architect-recensione\\\/#primaryimage\",\"url\":\"https:\\\/\\\/www.accuratereviews.com\\\/wp-content\\\/uploads\\\/2025\\\/03\\\/Vectorworks-Architect.png\",\"contentUrl\":\"https:\\\/\\\/www.accuratereviews.com\\\/wp-content\\\/uploads\\\/2025\\\/03\\\/Vectorworks-Architect.png\",\"width\":300,\"height\":300},{\"@type\":\"BreadcrumbList\",\"@id\":\"https:\\\/\\\/www.accuratereviews.com\\\/it\\\/programmi-disegno-3d\\\/vectorworks-architect-recensione\\\/#breadcrumb\",\"itemListElement\":[{\"@type\":\"ListItem\",\"position\":1,\"name\":\"Home\",\"item\":\"https:\\\/\\\/www.accuratereviews.com\\\/it\\\/\"},{\"@type\":\"ListItem\",\"position\":2,\"name\":\"Programmi per disegno 3D\",\"item\":\"https:\\\/\\\/www.accuratereviews.com\\\/it\\\/programmi-disegno-3d\\\/\"},{\"@type\":\"ListItem\",\"position\":3,\"name\":\"Vectorworks Architect\"}]},{\"@type\":\"WebSite\",\"@id\":\"https:\\\/\\\/www.accuratereviews.com\\\/it\\\/#website\",\"url\":\"https:\\\/\\\/www.accuratereviews.com\\\/it\\\/\",\"name\":\"Accurate Reviews\",\"description\":\"\",\"potentialAction\":[{\"@type\":\"SearchAction\",\"target\":{\"@type\":\"EntryPoint\",\"urlTemplate\":\"https:\\\/\\\/www.accuratereviews.com\\\/it\\\/?s={search_term_string}\"},\"query-input\":{\"@type\":\"PropertyValueSpecification\",\"valueRequired\":true,\"valueName\":\"search_term_string\"}}],\"inLanguage\":\"it-IT\"}]}<\/script>\n<!-- \/ Yoast SEO plugin. -->","yoast_head_json":{"title":"Vectorworks Architect: recensione software disegno 3D - Accurate Reviews","description":"Vectorworks Architect: applicazione versatile e on-premise che offre ampie capacit\u00e0 di disegno 2D, modellazione 3D, BIM e rendering.","robots":{"index":"index","follow":"follow","max-snippet":"max-snippet:-1","max-image-preview":"max-image-preview:large","max-video-preview":"max-video-preview:-1"},"canonical":"https:\/\/www.accuratereviews.com\/it\/programmi-disegno-3d\/vectorworks-architect-recensione\/","og_locale":"it_IT","og_type":"article","og_title":"Vectorworks Architect: recensione software disegno 3D - Accurate Reviews","og_description":"Vectorworks Architect: applicazione versatile e on-premise che offre ampie capacit\u00e0 di disegno 2D, modellazione 3D, BIM e rendering.","og_url":"https:\/\/www.accuratereviews.com\/it\/programmi-disegno-3d\/vectorworks-architect-recensione\/","og_site_name":"Accurate Reviews","article_modified_time":"2025-03-27T10:00:19+00:00","og_image":[{"width":300,"height":300,"url":"https:\/\/www.accuratereviews.com\/wp-content\/uploads\/2025\/03\/Vectorworks-Architect.png","type":"image\/png"}],"twitter_card":"summary_large_image","twitter_misc":{"Tempo di lettura stimato":"5 minuti"},"schema":{"@context":"https:\/\/schema.org","@graph":[{"@type":"WebPage","@id":"https:\/\/www.accuratereviews.com\/it\/programmi-disegno-3d\/vectorworks-architect-recensione\/","url":"https:\/\/www.accuratereviews.com\/it\/programmi-disegno-3d\/vectorworks-architect-recensione\/","name":"Vectorworks Architect: recensione software disegno 3D - Accurate Reviews","isPartOf":{"@id":"https:\/\/www.accuratereviews.com\/it\/#website"},"primaryImageOfPage":{"@id":"https:\/\/www.accuratereviews.com\/it\/programmi-disegno-3d\/vectorworks-architect-recensione\/#primaryimage"},"image":{"@id":"https:\/\/www.accuratereviews.com\/it\/programmi-disegno-3d\/vectorworks-architect-recensione\/#primaryimage"},"thumbnailUrl":"https:\/\/www.accuratereviews.com\/wp-content\/uploads\/2025\/03\/Vectorworks-Architect.png","datePublished":"2025-03-26T19:35:09+00:00","dateModified":"2025-03-27T10:00:19+00:00","description":"Vectorworks Architect: applicazione versatile e on-premise che offre ampie capacit\u00e0 di disegno 2D, modellazione 3D, BIM e rendering.","breadcrumb":{"@id":"https:\/\/www.accuratereviews.com\/it\/programmi-disegno-3d\/vectorworks-architect-recensione\/#breadcrumb"},"inLanguage":"it-IT","potentialAction":[{"@type":"ReadAction","target":["https:\/\/www.accuratereviews.com\/it\/programmi-disegno-3d\/vectorworks-architect-recensione\/"]}]},{"@type":"ImageObject","inLanguage":"it-IT","@id":"https:\/\/www.accuratereviews.com\/it\/programmi-disegno-3d\/vectorworks-architect-recensione\/#primaryimage","url":"https:\/\/www.accuratereviews.com\/wp-content\/uploads\/2025\/03\/Vectorworks-Architect.png","contentUrl":"https:\/\/www.accuratereviews.com\/wp-content\/uploads\/2025\/03\/Vectorworks-Architect.png","width":300,"height":300},{"@type":"BreadcrumbList","@id":"https:\/\/www.accuratereviews.com\/it\/programmi-disegno-3d\/vectorworks-architect-recensione\/#breadcrumb","itemListElement":[{"@type":"ListItem","position":1,"name":"Home","item":"https:\/\/www.accuratereviews.com\/it\/"},{"@type":"ListItem","position":2,"name":"Programmi per disegno 3D","item":"https:\/\/www.accuratereviews.com\/it\/programmi-disegno-3d\/"},{"@type":"ListItem","position":3,"name":"Vectorworks Architect"}]},{"@type":"WebSite","@id":"https:\/\/www.accuratereviews.com\/it\/#website","url":"https:\/\/www.accuratereviews.com\/it\/","name":"Accurate Reviews","description":"","potentialAction":[{"@type":"SearchAction","target":{"@type":"EntryPoint","urlTemplate":"https:\/\/www.accuratereviews.com\/it\/?s={search_term_string}"},"query-input":{"@type":"PropertyValueSpecification","valueRequired":true,"valueName":"search_term_string"}}],"inLanguage":"it-IT"}]}},"_links":{"self":[{"href":"https:\/\/www.accuratereviews.com\/it\/wp-json\/wp\/v2\/pages\/86653","targetHints":{"allow":["GET"]}}],"collection":[{"href":"https:\/\/www.accuratereviews.com\/it\/wp-json\/wp\/v2\/pages"}],"about":[{"href":"https:\/\/www.accuratereviews.com\/it\/wp-json\/wp\/v2\/types\/page"}],"author":[{"embeddable":true,"href":"https:\/\/www.accuratereviews.com\/it\/wp-json\/wp\/v2\/users\/19"}],"replies":[{"embeddable":true,"href":"https:\/\/www.accuratereviews.com\/it\/wp-json\/wp\/v2\/comments?post=86653"}],"version-history":[{"count":13,"href":"https:\/\/www.accuratereviews.com\/it\/wp-json\/wp\/v2\/pages\/86653\/revisions"}],"predecessor-version":[{"id":86699,"href":"https:\/\/www.accuratereviews.com\/it\/wp-json\/wp\/v2\/pages\/86653\/revisions\/86699"}],"up":[{"embeddable":true,"href":"https:\/\/www.accuratereviews.com\/it\/wp-json\/wp\/v2\/pages\/85867"}],"wp:featuredmedia":[{"embeddable":true,"href":"https:\/\/www.accuratereviews.com\/it\/wp-json\/wp\/v2\/media\/86658"}],"wp:attachment":[{"href":"https:\/\/www.accuratereviews.com\/it\/wp-json\/wp\/v2\/media?parent=86653"}],"wp:term":[{"taxonomy":"category","embeddable":true,"href":"https:\/\/www.accuratereviews.com\/it\/wp-json\/wp\/v2\/categories?post=86653"},{"taxonomy":"post_tag","embeddable":true,"href":"https:\/\/www.accuratereviews.com\/it\/wp-json\/wp\/v2\/tags?post=86653"},{"taxonomy":"features","embeddable":true,"href":"https:\/\/www.accuratereviews.com\/it\/wp-json\/wp\/v2\/features?post=86653"}],"curies":[{"name":"wp","href":"https:\/\/api.w.org\/{rel}","templated":true}]}}