{"id":86678,"date":"2025-03-27T19:19:16","date_gmt":"2025-03-27T19:19:16","guid":{"rendered":"https:\/\/www.accuratereviews.com\/?page_id=86678"},"modified":"2025-03-28T16:55:56","modified_gmt":"2025-03-28T16:55:56","slug":"ironcad-recensione","status":"publish","type":"page","link":"https:\/\/www.accuratereviews.com\/it\/programmi-disegno-3d\/ironcad-recensione\/","title":{"rendered":"IronCAD"},"content":{"rendered":"<p><strong>IronCAD<\/strong> Design Collaboration Suite fornisce prodotti CAD per aiutare le aziende a ottimizzare i processi di progettazione ingegneristica e la <strong>transizione tra 2D e 3D<\/strong>. Consente ai progettisti di concentrarsi sulla progettazione offrendo loro una piattaforma intuitiva che rispecchia il modo in cui interagiamo con il mondo fisico. Riposiziona facilmente i componenti con lo strumento di visualizzazione brevettato <strong>TriBall<\/strong>, ridimensiona gli oggetti allungandoli \u00a0e trascina e rilascia forme predefinite nella scena di progettazione per un processo di elaborazione migliore e rapido.<br \/>\nI <strong>modelli 3D<\/strong> realizzati in <strong>IronCad<\/strong> richiedono un solo file, indipendentemente dalla loro complessit\u00e0. I \u200b\u200bdati delle parti di assemblaggio sono integrati nell&#8217;ambiente di progettazione unificato di un file, anzich\u00e9 essere collegati a file esterni.<\/p>\n<h2>IRONCAD &#8211; TUTORIAL<\/h2>\n<div id=\"fluid-wrapper-counter-1\" class=\"g1-fluid-wrapper \" style=\"width:686px;\">\n<div style=\"padding-bottom:56.268221574344%;\"><iframe loading=\"lazy\" title=\"Attachment Point Editing (List All Attachment Points and Select Editing)\" width=\"686\" height=\"386\" src=\"https:\/\/www.youtube.com\/embed\/CsS8TVAfdZM?list=PL-Q_fTQONlcN_caleuKaY54ZT2Q4bpoau\" frameborder=\"0\" allow=\"accelerometer; autoplay; clipboard-write; encrypted-media; gyroscope; picture-in-picture; web-share\" referrerpolicy=\"strict-origin-when-cross-origin\" allowfullscreen><\/iframe><\/div>\n<\/div>\n<h3>IRONCAD &#8211; CARATTERISTICHE<\/h3>\n<ul>\n<li><strong>Semplice, dinamico, potente<\/strong>: il software di modellazione 3D consente ai designer di concentrarsi sulla progettazione offrendo loro una piattaforma intuitiva che rispecchia il modo in cui il progetto interagisce con il mondo fisico.<\/li>\n<li><strong>Metodologia di progettazione fluida<\/strong>:\u00a0programma di progettazione desktop 3D e 2D che consente agli utenti di scegliere tra modalit\u00e0 parametrica, diretta o una combinazione di entrambe su richiesta in un unico ambiente<\/li>\n<li><strong>Ambiente di progettazione unificato:<\/strong> i modelli 3D realizzati nella soluzione richiedono un solo file, indipendentemente dalla loro complessit\u00e0. I \u200b\u200bdati delle parti di assemblaggio sono integrati nell&#8217;ambiente di progettazione unificato di un file, anzich\u00e9 essere collegati a file esterni.<\/li>\n<li><strong>Dettaglio 2D per dati 3D:<\/strong> software CAD 2D conveniente e potente con un&#8217;interfaccia utente facile da imparare e capacit\u00e0 di integrazione 3D uniche. Utilizzalo per analizzare, sfruttare, eseguire il rendering e fare riferimento ai dati del modello 3D creati da clienti e colleghi, continuando a lavorare in un ambiente CAD 2D con un&#8217;interfaccia utente familiare e strumenti comuni per il dettaglio.<\/li>\n<li><strong>Libreria di parti che fa risparmiare tempo<\/strong>: include una libreria che contiene centinaia di progetti di parti standard con dati parametrici associati. Basta trascinare e rilasciare le parti desiderate nell&#8217;ambiente di progettazione e specificare i parametri. Le parti verranno create automaticamente e disposte in una presentazione software CAD 2D standard, risparmiando innumerevoli ore di tempo di progettazione.<\/li>\n<li><strong>Collaborazione attiva e reale<\/strong>: \u00e8 un potente software di collaborazione CAD che coinvolge attivamente le parti interessate non ingegneristiche, come venditori e clienti, nel processo di progettazione, consentendo loro di leggere i dati CAD, interrogare la geometria, aggiungere commenti, costruire nuovi assiemi e creare rendering e animazioni, il tutto in tempo reale.<\/li>\n<\/ul>\n<h4>LE RECENSIONI DEGLI UTENTI<\/h4>\n<p><strong>Nigel &#8220;IronCAD da un insider&#8221;<\/strong><br \/>\n<strong>Commenti<\/strong>: Non posso parlare a nome della nostra attivit\u00e0 perch\u00e9 siamo rivenditori del software, ma posso dire categoricamente che abbiamo un sacco di clienti estremamente soddisfatti che amano dirci quanto amano il software e quanto ha trasformato le loro attivit\u00e0. Siamo molto orgogliosi di far parte di questo processo. Quando riceviamo questo tipo di feedback, la vendita del software diventa molto gratificante.<br \/>\n<strong>Pro<\/strong>: Dopo molti anni di lotta contro i giganti di Autodesk Inventor e Dassault&#8217;s SolidWorks, abbiamo ormai raggiunto il punto di svolta e scopriamo che le persone stanno abbracciando con entusiasmo IronCAD rispetto alle altre scelte. Per quanto ne so, non abbiamo mai avuto un ex utente del software della concorrenza che \u00e8 mai tornato a quei prodotti e questo \u00e8 una testimonianza delle capacit\u00e0 di IronCAD e degli aumenti di produttivit\u00e0 per i suoi utenti.<br \/>\n<strong>Contro<\/strong>: Semplicemente la mancanza di marketing proattivo da parte degli sviluppatori che erano molto concentrati sul software e sulle sue capacit\u00e0 piuttosto che essere coinvolti nella sua consapevolezza sul mercato. Se nei primi anni si fossero concentrati maggiormente sul marketing, avrebbero avuto prima i fondi per lo sviluppo per il miglioramento del prodotto.<\/p>\n<p><strong>Souleymane &#8220;Per la progettazione o la modellazione dei tuoi progetti, scegli IronCAD.&#8221;<\/strong><br \/>\n<strong>Commenti<\/strong>: IronCAD \u00e8 ancora oggi un software di progettazione utilizzato da ingegneri e progettisti per la modellazione e la documentazione dei prodotti.<br \/>\n<strong>Pro<\/strong>: Ho apprezzato molto la funzionalit\u00e0 basata sulla tecnologia di progettazione Dual Kernel in IronCAD, che consente agli utenti di creare modelli 3D utilizzando tecniche di modellazione parametrica. Inoltre, consenti di importare pi\u00f9 formati di file.<br \/>\n<strong>Contro<\/strong>: Non mi piacevano molto l&#8217;interfaccia e alcune delle funzionalit\u00e0 di IronCAD. L&#8217;ho usato solo per qualche mese per un progetto di costruzione e alla fine non mi \u00e8 stato di grande aiuto.<\/p>\n<p><strong>Piotr &#8220;Alternativa CAD economica per i migliori operatori del mercato&#8221;<\/strong><br \/>\n<strong>Commenti<\/strong>: Ho iniziato a utilizzare IronCAD come alternativa ad AutoCAD e Inventor a causa dell&#8217;aumento dei prezzi. All&#8217;inizio non ero soddisfatto. Il suo strano menu, meno intuitivo di Autodesk o SolidWorks, e alcuni bug che interrompono il lavoro mi hanno un po&#8217; scoraggiato. Tuttavia, man mano che lo usavo sempre di pi\u00f9, ho iniziato a sentirmi pi\u00f9 a mio agio con IronCAD. \u00c8 vero, \u00e8 un po&#8217; diverso dagli strumenti leader di mercato, ma non \u00e8 peggiore. La funzionalit\u00e0 TriBall \u00e8 piuttosto sorprendente, fa risparmiare un sacco di tempo durante la creazione del modello. Le funzionalit\u00e0 sono praticamente le stesse di altri strumenti CAD, con piccole differenze. L&#8217;importazione di molti tipi di file diversi con possibilit\u00e0 di modifica \u00e8 fantastica e non esiste cos\u00ec spesso negli strumenti concorrenti. L&#8217;enorme vantaggio \u00e8 l&#8217;assistenza clienti. Rispondono rapidamente e fanno del loro meglio per aiutare con i problemi. Inoltre, IronCAD \u00e8 in continuo sviluppo e si nota in modo positivo. Tutto sommato, non \u00e8 un AutoCAD, n\u00e9 SolidWorks, ma vale la pena provarlo, soprattutto per un costo significativamente inferiore.<br \/>\n<strong>Pro<\/strong>: prezzo relativamente basso. TriBall. quantit\u00e0 di funzionalit\u00e0. assistenza clienti.<br \/>\n<strong>Contro<\/strong>: piccoli bug rendono il lavoro fastidioso. Piccoli problemi con le viste di anteprima che si fondono insieme<\/p>\n","protected":false},"excerpt":{"rendered":"<p>IronCAD Design Collaboration Suite fornisce prodotti CAD per aiutare le aziende a ottimizzare i processi di progettazione ingegneristica e la transizione tra 2D e 3D. Consente ai progettisti di concentrarsi sulla progettazione offrendo loro una piattaforma intuitiva che rispecchia il modo in cui interagiamo con il mondo fisico.<\/p>\n","protected":false},"author":19,"featured_media":86688,"parent":85867,"menu_order":0,"comment_status":"open","ping_status":"closed","template":"g1_template_page_review_new.php","meta":{"_acf_changed":false,"cwp_meta_box_check":"No","cwp_rev_product_name":"","cwp_rev_product_image":"","wppr_links":[],"cwp_rev_price":"","wppr_options":[],"wppr_pros":[],"wppr_cons":[],"_monsterinsights_skip_tracking":false,"_monsterinsights_sitenote_active":false,"_monsterinsights_sitenote_note":"","_monsterinsights_sitenote_category":0,"footnotes":""},"categories":[15900],"tags":[15902,16048,15932,15931,15934,15933],"features":[],"class_list":{"0":"post-86678","1":"page","2":"type-page","3":"status-publish","4":"has-post-thumbnail","6":"category-programmi-per-disegno-3d","7":"tag-disegno-3d","8":"tag-ironcad","9":"tag-piattaforma-disegno-3d","10":"tag-programma-disegno-3d","11":"tag-software-disegno-3d","12":"tag-soluzione-disegno-3d"},"wppr_data":{"cwp_meta_box_check":"No"},"acf":[],"yoast_head":"<!-- This site is optimized with the Yoast SEO plugin v27.4 - https:\/\/yoast.com\/product\/yoast-seo-wordpress\/ -->\n<title>IronCAD: recensione software disegno 3D - Accurate Reviews<\/title>\n<meta name=\"description\" content=\"IronCAD: soluzione che fornisce prodotti per aiutare a ottimizzare i processi di progettazione ingegneristica e la transizione tra 2D e 3D.\" \/>\n<meta name=\"robots\" content=\"index, follow, max-snippet:-1, max-image-preview:large, max-video-preview:-1\" \/>\n<link rel=\"canonical\" href=\"https:\/\/www.accuratereviews.com\/it\/programmi-disegno-3d\/ironcad-recensione\/\" \/>\n<meta property=\"og:locale\" content=\"it_IT\" \/>\n<meta property=\"og:type\" content=\"article\" \/>\n<meta property=\"og:title\" content=\"IronCAD: recensione software disegno 3D - Accurate Reviews\" \/>\n<meta property=\"og:description\" content=\"IronCAD: soluzione che fornisce prodotti per aiutare a ottimizzare i processi di progettazione ingegneristica e la transizione tra 2D e 3D.\" \/>\n<meta property=\"og:url\" content=\"https:\/\/www.accuratereviews.com\/it\/programmi-disegno-3d\/ironcad-recensione\/\" \/>\n<meta property=\"og:site_name\" content=\"Accurate Reviews\" \/>\n<meta property=\"article:modified_time\" content=\"2025-03-28T16:55:56+00:00\" \/>\n<meta property=\"og:image\" content=\"https:\/\/www.accuratereviews.com\/wp-content\/uploads\/2025\/03\/IronCAD.png\" \/>\n\t<meta property=\"og:image:width\" content=\"224\" \/>\n\t<meta property=\"og:image:height\" content=\"224\" \/>\n\t<meta property=\"og:image:type\" content=\"image\/png\" \/>\n<meta name=\"twitter:card\" content=\"summary_large_image\" \/>\n<meta name=\"twitter:label1\" content=\"Tempo di lettura stimato\" \/>\n\t<meta name=\"twitter:data1\" content=\"6 minuti\" \/>\n<script type=\"application\/ld+json\" class=\"yoast-schema-graph\">{\"@context\":\"https:\\\/\\\/schema.org\",\"@graph\":[{\"@type\":\"WebPage\",\"@id\":\"https:\\\/\\\/www.accuratereviews.com\\\/it\\\/programmi-disegno-3d\\\/ironcad-recensione\\\/\",\"url\":\"https:\\\/\\\/www.accuratereviews.com\\\/it\\\/programmi-disegno-3d\\\/ironcad-recensione\\\/\",\"name\":\"IronCAD: recensione software disegno 3D - Accurate Reviews\",\"isPartOf\":{\"@id\":\"https:\\\/\\\/www.accuratereviews.com\\\/it\\\/#website\"},\"primaryImageOfPage\":{\"@id\":\"https:\\\/\\\/www.accuratereviews.com\\\/it\\\/programmi-disegno-3d\\\/ironcad-recensione\\\/#primaryimage\"},\"image\":{\"@id\":\"https:\\\/\\\/www.accuratereviews.com\\\/it\\\/programmi-disegno-3d\\\/ironcad-recensione\\\/#primaryimage\"},\"thumbnailUrl\":\"https:\\\/\\\/www.accuratereviews.com\\\/wp-content\\\/uploads\\\/2025\\\/03\\\/IronCAD.png\",\"datePublished\":\"2025-03-27T19:19:16+00:00\",\"dateModified\":\"2025-03-28T16:55:56+00:00\",\"description\":\"IronCAD: soluzione che fornisce prodotti per aiutare a ottimizzare i processi di progettazione ingegneristica e la transizione tra 2D e 3D.\",\"breadcrumb\":{\"@id\":\"https:\\\/\\\/www.accuratereviews.com\\\/it\\\/programmi-disegno-3d\\\/ironcad-recensione\\\/#breadcrumb\"},\"inLanguage\":\"it-IT\",\"potentialAction\":[{\"@type\":\"ReadAction\",\"target\":[\"https:\\\/\\\/www.accuratereviews.com\\\/it\\\/programmi-disegno-3d\\\/ironcad-recensione\\\/\"]}]},{\"@type\":\"ImageObject\",\"inLanguage\":\"it-IT\",\"@id\":\"https:\\\/\\\/www.accuratereviews.com\\\/it\\\/programmi-disegno-3d\\\/ironcad-recensione\\\/#primaryimage\",\"url\":\"https:\\\/\\\/www.accuratereviews.com\\\/wp-content\\\/uploads\\\/2025\\\/03\\\/IronCAD.png\",\"contentUrl\":\"https:\\\/\\\/www.accuratereviews.com\\\/wp-content\\\/uploads\\\/2025\\\/03\\\/IronCAD.png\",\"width\":224,\"height\":224},{\"@type\":\"BreadcrumbList\",\"@id\":\"https:\\\/\\\/www.accuratereviews.com\\\/it\\\/programmi-disegno-3d\\\/ironcad-recensione\\\/#breadcrumb\",\"itemListElement\":[{\"@type\":\"ListItem\",\"position\":1,\"name\":\"Home\",\"item\":\"https:\\\/\\\/www.accuratereviews.com\\\/it\\\/\"},{\"@type\":\"ListItem\",\"position\":2,\"name\":\"Programmi per disegno 3D\",\"item\":\"https:\\\/\\\/www.accuratereviews.com\\\/it\\\/programmi-disegno-3d\\\/\"},{\"@type\":\"ListItem\",\"position\":3,\"name\":\"IronCAD\"}]},{\"@type\":\"WebSite\",\"@id\":\"https:\\\/\\\/www.accuratereviews.com\\\/it\\\/#website\",\"url\":\"https:\\\/\\\/www.accuratereviews.com\\\/it\\\/\",\"name\":\"Accurate Reviews\",\"description\":\"\",\"potentialAction\":[{\"@type\":\"SearchAction\",\"target\":{\"@type\":\"EntryPoint\",\"urlTemplate\":\"https:\\\/\\\/www.accuratereviews.com\\\/it\\\/?s={search_term_string}\"},\"query-input\":{\"@type\":\"PropertyValueSpecification\",\"valueRequired\":true,\"valueName\":\"search_term_string\"}}],\"inLanguage\":\"it-IT\"}]}<\/script>\n<!-- \/ Yoast SEO plugin. -->","yoast_head_json":{"title":"IronCAD: recensione software disegno 3D - Accurate Reviews","description":"IronCAD: soluzione che fornisce prodotti per aiutare a ottimizzare i processi di progettazione ingegneristica e la transizione tra 2D e 3D.","robots":{"index":"index","follow":"follow","max-snippet":"max-snippet:-1","max-image-preview":"max-image-preview:large","max-video-preview":"max-video-preview:-1"},"canonical":"https:\/\/www.accuratereviews.com\/it\/programmi-disegno-3d\/ironcad-recensione\/","og_locale":"it_IT","og_type":"article","og_title":"IronCAD: recensione software disegno 3D - Accurate Reviews","og_description":"IronCAD: soluzione che fornisce prodotti per aiutare a ottimizzare i processi di progettazione ingegneristica e la transizione tra 2D e 3D.","og_url":"https:\/\/www.accuratereviews.com\/it\/programmi-disegno-3d\/ironcad-recensione\/","og_site_name":"Accurate Reviews","article_modified_time":"2025-03-28T16:55:56+00:00","og_image":[{"width":224,"height":224,"url":"https:\/\/www.accuratereviews.com\/wp-content\/uploads\/2025\/03\/IronCAD.png","type":"image\/png"}],"twitter_card":"summary_large_image","twitter_misc":{"Tempo di lettura stimato":"6 minuti"},"schema":{"@context":"https:\/\/schema.org","@graph":[{"@type":"WebPage","@id":"https:\/\/www.accuratereviews.com\/it\/programmi-disegno-3d\/ironcad-recensione\/","url":"https:\/\/www.accuratereviews.com\/it\/programmi-disegno-3d\/ironcad-recensione\/","name":"IronCAD: recensione software disegno 3D - Accurate Reviews","isPartOf":{"@id":"https:\/\/www.accuratereviews.com\/it\/#website"},"primaryImageOfPage":{"@id":"https:\/\/www.accuratereviews.com\/it\/programmi-disegno-3d\/ironcad-recensione\/#primaryimage"},"image":{"@id":"https:\/\/www.accuratereviews.com\/it\/programmi-disegno-3d\/ironcad-recensione\/#primaryimage"},"thumbnailUrl":"https:\/\/www.accuratereviews.com\/wp-content\/uploads\/2025\/03\/IronCAD.png","datePublished":"2025-03-27T19:19:16+00:00","dateModified":"2025-03-28T16:55:56+00:00","description":"IronCAD: soluzione che fornisce prodotti per aiutare a ottimizzare i processi di progettazione ingegneristica e la transizione tra 2D e 3D.","breadcrumb":{"@id":"https:\/\/www.accuratereviews.com\/it\/programmi-disegno-3d\/ironcad-recensione\/#breadcrumb"},"inLanguage":"it-IT","potentialAction":[{"@type":"ReadAction","target":["https:\/\/www.accuratereviews.com\/it\/programmi-disegno-3d\/ironcad-recensione\/"]}]},{"@type":"ImageObject","inLanguage":"it-IT","@id":"https:\/\/www.accuratereviews.com\/it\/programmi-disegno-3d\/ironcad-recensione\/#primaryimage","url":"https:\/\/www.accuratereviews.com\/wp-content\/uploads\/2025\/03\/IronCAD.png","contentUrl":"https:\/\/www.accuratereviews.com\/wp-content\/uploads\/2025\/03\/IronCAD.png","width":224,"height":224},{"@type":"BreadcrumbList","@id":"https:\/\/www.accuratereviews.com\/it\/programmi-disegno-3d\/ironcad-recensione\/#breadcrumb","itemListElement":[{"@type":"ListItem","position":1,"name":"Home","item":"https:\/\/www.accuratereviews.com\/it\/"},{"@type":"ListItem","position":2,"name":"Programmi per disegno 3D","item":"https:\/\/www.accuratereviews.com\/it\/programmi-disegno-3d\/"},{"@type":"ListItem","position":3,"name":"IronCAD"}]},{"@type":"WebSite","@id":"https:\/\/www.accuratereviews.com\/it\/#website","url":"https:\/\/www.accuratereviews.com\/it\/","name":"Accurate Reviews","description":"","potentialAction":[{"@type":"SearchAction","target":{"@type":"EntryPoint","urlTemplate":"https:\/\/www.accuratereviews.com\/it\/?s={search_term_string}"},"query-input":{"@type":"PropertyValueSpecification","valueRequired":true,"valueName":"search_term_string"}}],"inLanguage":"it-IT"}]}},"_links":{"self":[{"href":"https:\/\/www.accuratereviews.com\/it\/wp-json\/wp\/v2\/pages\/86678","targetHints":{"allow":["GET"]}}],"collection":[{"href":"https:\/\/www.accuratereviews.com\/it\/wp-json\/wp\/v2\/pages"}],"about":[{"href":"https:\/\/www.accuratereviews.com\/it\/wp-json\/wp\/v2\/types\/page"}],"author":[{"embeddable":true,"href":"https:\/\/www.accuratereviews.com\/it\/wp-json\/wp\/v2\/users\/19"}],"replies":[{"embeddable":true,"href":"https:\/\/www.accuratereviews.com\/it\/wp-json\/wp\/v2\/comments?post=86678"}],"version-history":[{"count":12,"href":"https:\/\/www.accuratereviews.com\/it\/wp-json\/wp\/v2\/pages\/86678\/revisions"}],"predecessor-version":[{"id":86745,"href":"https:\/\/www.accuratereviews.com\/it\/wp-json\/wp\/v2\/pages\/86678\/revisions\/86745"}],"up":[{"embeddable":true,"href":"https:\/\/www.accuratereviews.com\/it\/wp-json\/wp\/v2\/pages\/85867"}],"wp:featuredmedia":[{"embeddable":true,"href":"https:\/\/www.accuratereviews.com\/it\/wp-json\/wp\/v2\/media\/86688"}],"wp:attachment":[{"href":"https:\/\/www.accuratereviews.com\/it\/wp-json\/wp\/v2\/media?parent=86678"}],"wp:term":[{"taxonomy":"category","embeddable":true,"href":"https:\/\/www.accuratereviews.com\/it\/wp-json\/wp\/v2\/categories?post=86678"},{"taxonomy":"post_tag","embeddable":true,"href":"https:\/\/www.accuratereviews.com\/it\/wp-json\/wp\/v2\/tags?post=86678"},{"taxonomy":"features","embeddable":true,"href":"https:\/\/www.accuratereviews.com\/it\/wp-json\/wp\/v2\/features?post=86678"}],"curies":[{"name":"wp","href":"https:\/\/api.w.org\/{rel}","templated":true}]}}