{"id":86718,"date":"2025-03-28T14:58:35","date_gmt":"2025-03-28T14:58:35","guid":{"rendered":"https:\/\/www.accuratereviews.com\/?page_id=86718"},"modified":"2025-03-31T10:21:09","modified_gmt":"2025-03-31T10:21:09","slug":"progecad-recensione","status":"publish","type":"page","link":"https:\/\/www.accuratereviews.com\/it\/programmi-disegno-3d\/progecad-recensione\/","title":{"rendered":"ProgeCAD"},"content":{"rendered":"<p><strong>ProgeCAD<\/strong> \u00e8 un <strong>software CAD di disegno 2D e modellazione 3D<\/strong> che fornisce agli studi di architettura varie funzionalit\u00e0 come conversioni di file, importazione\/esportazione di dati, modifica multi-grip, estrazione di dati, correzione delle immagini e altro ancora. Permette agli utenti di tracciare PDF, utilizzando tabelle di colori e stili insieme a file di parametri di configurazione della stampante. Supporta vari formati di file come disegni <strong>AutoCAD<\/strong>, script, formati di scambio di disegni, font TrueType e SHP\/SHX, modelli di tratteggio, tipi di linea e blocchi. I professionisti possono utilizzare la tavolozza degli strumenti per organizzare blocchi, tratteggi e strumenti personalizzati.<br \/>\nCon la sua interfaccia <strong>Google Earth<\/strong>, gli utenti possono esportare modelli su Google Earth e visualizzare i loro progetti nel luogo in cui \u00e8 prevista la costruzione.<\/p>\n<h2>PROGECAD &#8211; TUTORIAL<\/h2>\n<div id=\"fluid-wrapper-counter-1\" class=\"g1-fluid-wrapper \" style=\"width:686px;\">\n<div style=\"padding-bottom:56.268221574344%;\"><iframe loading=\"lazy\" title=\"ProgeCAD 2021 2D Modeling Tutorial For Beginner [COMPLETE]\" width=\"686\" height=\"386\" src=\"https:\/\/www.youtube.com\/embed\/FZZKNG1-OVY?list=PLjyiWW2QlmFyG97jYv2Hq-r6YUP2ySCHo\" frameborder=\"0\" allow=\"accelerometer; autoplay; clipboard-write; encrypted-media; gyroscope; picture-in-picture; web-share\" referrerpolicy=\"strict-origin-when-cross-origin\" allowfullscreen><\/iframe><\/div>\n<\/div>\n<h3>PROGECAD &#8211; CARATTERISTICHE<\/h3>\n<div class=\"col-sm-6\">\n<div class=\"ccm-custom-style-container ccm-custom-style-main122-13470\">\n<ul>\n<li class=\"title-thin\">Esporta PDF con i Layer &#8211; include\u00a0PDF\/A ISO19005 esportazione standard<\/li>\n<li>Conversione da PDF a DWG<\/li>\n<li>Importa BIM &#8211; Inserire modelli BIM Autodesk Revit\u00ae e IFC all&#8217;interno di file DWG<\/li>\n<li>Esporta STEP, IGES, PDF, DWF, 3DS, DAE (Collada), STL, LWO, POV, MA(Maya), OBJ(Wavefront), BMP, JPG, WMF, EMF, SVG<\/li>\n<li>Importa STEP, IGES,\u00a0 IFC, Rvt\/Rfa (Revit\u00ae),\u00a0 Parti SolidWorks .sldprt e Assiemi .sldasmy,\u00a0 ESRI-SHAPE SHP, 3DS, DGN(Microstation), LWO, OBJ, STL, IFC, RGT,\u00a0 DXF, DWF, DWFx<\/li>\n<li>Importa PointCloud\u00a0( ReCap\u00ae .rcp, .rcs, .las, .laz,.pcg, .isd, .xyz, .ply)<\/li>\n<li>Importazione Geo Data e FDO &#8211; Inserisce geometrie da un file SDF, SQLite e SHAPE (esri). E&#8217; possibile utilizzare un servizio web di tipo WFS<\/li>\n<li>Tavolozze degli Strumenti (Tool Palette) per Blocchi, Tratteggi e comandi<\/li>\n<li>Stampa 3D\u00a0&#8211; STL esporta per stampanti 3D<\/li>\n<li>Gestione blocchi iCADLib. Pi\u00f9 di 22.000 blocchi 2D\/3D pronti all&#8217;uso<\/li>\n<li>Accesso diretto a\u00a0Traceparts e Cadenas con milioni di blocchi disponibili online<\/li>\n<li>Modifica dinamica dei blocchi<\/li>\n<li>EasyArch &#8211; plugin architettonico 2D e 3D<\/li>\n<li>SuperHatch<\/li>\n<li>Crea nuove entit\u00e0 dello stesso tipo di quelle selezionate, copiando le loro caratteristiche generali ma dimensioni diverse<\/li>\n<li>Comandi Elica e Loft<\/li>\n<li>Multi-Direttrici (Multileaders)<\/li>\n<li>Tratteggi Sfumati (Gradient Hatch)<\/li>\n<li>Supporto Bitmap\/Raster &#8211; Jpeg, TIFF, Png, Gif, ECW, MrSID and Jpeg 2000<\/li>\n<li>Ritaglio poligonale bitmap<\/li>\n<li>Personalizzazione area di stampa &#8211; Stampa senza bordi<\/li>\n<li>\u00a0Creazione di profili del terreno (Sezioni topografiche &#8211; Funzionalit\u00e0 di AutoCAD Civil 3D)<\/li>\n<li>Firma Digitale sui file .dwg<\/li>\n<li>ESTRDATI Estrae informazioni dagli oggetti in modo configurabile e crea elenchi dettagliati, liste parti o distinte base<\/li>\n<li>BARBETTE &#8211; disegno di pendenze<\/li>\n<li>Ottimizzato per display in 4K<\/li>\n<li>Editor dei Blocchi<\/li>\n<li>Crea e inserisci QRCODE da qualunque testo, URL ecc.<\/li>\n<li>Trova e Sostituisci<\/li>\n<li>Collega dinamicamente un foglio di Excel ad una tabella.<\/li>\n<li>Importa un file .xls o .xlsx in una tabella statica.<\/li>\n<li>Supporto oggetti AEC, Civil, GeoMaps, Mechanical<\/li>\n<li>UCS dinamico<\/li>\n<li>Input dinamico<\/li>\n<li>TestoArea: calcola l&#8217;area in base a un contorno e inserisce un testo con il suo valore al centro dell&#8217;area<\/li>\n<li>Comando Geometria Piatta &#8211; Genera una accurata vista piana di un modello 3D<\/li>\n<li>Express Tools &#8211; Set completo di funzioni extra per blocchi, layer, testi<\/li>\n<li>Oggetti annotativi<\/li>\n<li>Testi allineati agli archi<\/li>\n<li>Editazione MultiGrip<\/li>\n<li>Render professionale &#8211; Artisan Renderer integrato gratuitamente<\/li>\n<li>SerieTraiett: dispone oggetti copiati uniformemente lungo un percorso o una porzione di un percorso<\/li>\n<li>Correzione della prospettiva delle immagini<\/li>\n<li>Tavolozza Propriet\u00e0 rapide Accesso veloce alle propriet\u00e0 oggetto di uso pi\u00f9 comune<\/li>\n<li>Supporto a SpaceMouse 3D Connection<\/li>\n<li>eTransmit &#8211; Compressione e invio tramite email dei file DWG con tutti i file dipendenti correlati<\/li>\n<li>Eattedit &#8211; Editazione avanzata degli attributi<\/li>\n<li>Estrazione dati avanzata<\/li>\n<li>Integrazione a Google Earth<\/li>\n<li>Correttore Ortografico<\/li>\n<li>Comando Pubblica (Batch Plot)<\/li>\n<li>PASSEGG3D (3DWalk) e VOLO3D (3DFly)<\/li>\n<li>Modificano la vista 3D nel disegno per simulare una camminata\/volo all&#8217;interno del modello.<\/li>\n<li>Convertitore da raster a vettoriale: converti i tuoi disegni su carta in file DWG modificabili<\/li>\n<li>Cloud &#8211; Condividi i file su Cloud &#8211; Supporta i principali servizi cloud per la condivisione e sincronizzazione di file come DropBox, Google Drive e Microsoft One Drive<\/li>\n<\/ul>\n<h4>LE RECENSIONI DEGLI UTENTI<\/h4>\n<\/div>\n<\/div>\n<p><strong>Gioacchino &#8220;Una buona alternativa&#8221;<\/strong><br \/>\n<strong>Commenti<\/strong>: Essendo studente di Ingegneria Informatica ed avendo seguito il corso di Disegno Industriale, il primo programma che scaricai fu proprio questo. Il primo approccio non \u00e8 stato dei migliori in quanto abbastanza complicato come interfaccia. Alla fine fa il suo lavoro comunque. Consigliato con riserva.<br \/>\n<strong>Pro<\/strong>: Ci sono tutte le funzioni CAD essenziali disponibili ed \u00e8 compatibile con i file AutoCAD.<br \/>\n<strong>Contro<\/strong>: Purtroppo l&#8217;interfaccia non \u00e8 delle pi\u00f9 intuitive e molte funzioni non sono disponibili rispetto ad altri concorrenti.<\/p>\n<p><strong>Francesco &#8220;progeCAD &#8211; Software con ottime qualit\u00e0 e prestazioni.&#8221;<\/strong><br \/>\n<strong>Commenti<\/strong>: Finora ho usato progeCAD all&#8217;universit\u00e0, presso alcuni studi di progettazione architettonica e presso l&#8217;attuale scuola dove lavoro come docente.<br \/>\n<strong>Pro<\/strong>: Il software si installa con molta rapidit\u00e0 e semplicit\u00e0. Ottimo e facile da usare sia per professionisti (progettisti e docenti) sia per studenti.<br \/>\n<strong>Contro<\/strong>: Il software risulta molto semplice da usare, con ottimi risultati soprattutto per il disegno 2D. Buone anche le prestazioni per il 3D.<\/p>\n<p><strong>Bandaru &#8220;Recensione per progeCAD&#8221;<\/strong><br \/>\n<strong>Commenti<\/strong>: L&#8217;esperienza complessiva con progeCAD \u00e8 ottima. Ha molte funzionalit\u00e0 per creare i tuoi progetti. \u00c8 anche un basso costo rispetto ad AutoCAD.<br \/>\n<strong>Pro<\/strong>: ProgeCAD ha molte funzionalit\u00e0 come AutoCAD. \u00c8 conveniente e semplice da capire. Possiamo usare questa applicazione per il disegno 2D anche per il 3D. Possiamo disegnare e fare annotazioni usando questo.<br \/>\n<strong>Contro<\/strong>: Alcune funzionalit\u00e0 in AutoCAD non sono disponibili in progeCAD. Sono anche alcuni problemi nel disegno 3D. Rimanendo tutto bene.<\/p>\n","protected":false},"excerpt":{"rendered":"<p>ProgeCAD \u00e8 un software CAD di disegno 2D e modellazione 3D che fornisce agli studi di architettura varie funzionalit\u00e0 come conversioni di file, importazione\/esportazione di dati, modifica multi-grip, estrazione di dati, correzione delle immagini e altro ancora. Permette agli utenti di tracciare PDF utilizzando tabelle di colori e stili insieme a file di parametri di configurazione della stampante.<\/p>\n","protected":false},"author":19,"featured_media":86719,"parent":85867,"menu_order":0,"comment_status":"open","ping_status":"closed","template":"g1_template_page_review_new.php","meta":{"_acf_changed":false,"cwp_meta_box_check":"No","cwp_rev_product_name":"","cwp_rev_product_image":"","wppr_links":[],"cwp_rev_price":"","wppr_options":[],"wppr_pros":[],"wppr_cons":[],"_monsterinsights_skip_tracking":false,"_monsterinsights_sitenote_active":false,"_monsterinsights_sitenote_note":"","_monsterinsights_sitenote_category":0,"footnotes":""},"categories":[15900],"tags":[15902,15932,16051,15931,15934,15933],"features":[],"class_list":{"0":"post-86718","1":"page","2":"type-page","3":"status-publish","4":"has-post-thumbnail","6":"category-programmi-per-disegno-3d","7":"tag-disegno-3d","8":"tag-piattaforma-disegno-3d","9":"tag-progecad","10":"tag-programma-disegno-3d","11":"tag-software-disegno-3d","12":"tag-soluzione-disegno-3d"},"wppr_data":{"cwp_meta_box_check":"No"},"acf":[],"yoast_head":"<!-- This site is optimized with the Yoast SEO plugin v27.4 - https:\/\/yoast.com\/product\/yoast-seo-wordpress\/ -->\n<title>ProgeCAD: recensione software disegni 3D - Accurate Reviews<\/title>\n<meta name=\"description\" content=\"ProgeCAD: recensione software CAD di disegno 2D e modifiche 3D che fornisce agli studi di architettura varie funzionalit\u00e0 per i loro progetti\" \/>\n<meta name=\"robots\" content=\"index, follow, max-snippet:-1, max-image-preview:large, max-video-preview:-1\" \/>\n<link rel=\"canonical\" href=\"https:\/\/www.accuratereviews.com\/it\/programmi-disegno-3d\/progecad-recensione\/\" \/>\n<meta property=\"og:locale\" content=\"it_IT\" \/>\n<meta property=\"og:type\" content=\"article\" \/>\n<meta property=\"og:title\" content=\"ProgeCAD: recensione software disegni 3D - Accurate Reviews\" \/>\n<meta property=\"og:description\" content=\"ProgeCAD: recensione software CAD di disegno 2D e modifiche 3D che fornisce agli studi di architettura varie funzionalit\u00e0 per i loro progetti\" \/>\n<meta property=\"og:url\" content=\"https:\/\/www.accuratereviews.com\/it\/programmi-disegno-3d\/progecad-recensione\/\" \/>\n<meta property=\"og:site_name\" content=\"Accurate Reviews\" \/>\n<meta property=\"article:modified_time\" content=\"2025-03-31T10:21:09+00:00\" \/>\n<meta property=\"og:image\" content=\"https:\/\/www.accuratereviews.com\/wp-content\/uploads\/2025\/03\/progecad-logo.png\" \/>\n\t<meta property=\"og:image:width\" content=\"600\" \/>\n\t<meta property=\"og:image:height\" content=\"205\" \/>\n\t<meta property=\"og:image:type\" content=\"image\/png\" \/>\n<meta name=\"twitter:card\" content=\"summary_large_image\" \/>\n<meta name=\"twitter:label1\" content=\"Tempo di lettura stimato\" \/>\n\t<meta name=\"twitter:data1\" content=\"6 minuti\" \/>\n<script type=\"application\/ld+json\" class=\"yoast-schema-graph\">{\"@context\":\"https:\\\/\\\/schema.org\",\"@graph\":[{\"@type\":\"WebPage\",\"@id\":\"https:\\\/\\\/www.accuratereviews.com\\\/it\\\/programmi-disegno-3d\\\/progecad-recensione\\\/\",\"url\":\"https:\\\/\\\/www.accuratereviews.com\\\/it\\\/programmi-disegno-3d\\\/progecad-recensione\\\/\",\"name\":\"ProgeCAD: recensione software disegni 3D - Accurate Reviews\",\"isPartOf\":{\"@id\":\"https:\\\/\\\/www.accuratereviews.com\\\/it\\\/#website\"},\"primaryImageOfPage\":{\"@id\":\"https:\\\/\\\/www.accuratereviews.com\\\/it\\\/programmi-disegno-3d\\\/progecad-recensione\\\/#primaryimage\"},\"image\":{\"@id\":\"https:\\\/\\\/www.accuratereviews.com\\\/it\\\/programmi-disegno-3d\\\/progecad-recensione\\\/#primaryimage\"},\"thumbnailUrl\":\"https:\\\/\\\/www.accuratereviews.com\\\/wp-content\\\/uploads\\\/2025\\\/03\\\/progecad-logo.png\",\"datePublished\":\"2025-03-28T14:58:35+00:00\",\"dateModified\":\"2025-03-31T10:21:09+00:00\",\"description\":\"ProgeCAD: recensione software CAD di disegno 2D e modifiche 3D che fornisce agli studi di architettura varie funzionalit\u00e0 per i loro progetti\",\"breadcrumb\":{\"@id\":\"https:\\\/\\\/www.accuratereviews.com\\\/it\\\/programmi-disegno-3d\\\/progecad-recensione\\\/#breadcrumb\"},\"inLanguage\":\"it-IT\",\"potentialAction\":[{\"@type\":\"ReadAction\",\"target\":[\"https:\\\/\\\/www.accuratereviews.com\\\/it\\\/programmi-disegno-3d\\\/progecad-recensione\\\/\"]}]},{\"@type\":\"ImageObject\",\"inLanguage\":\"it-IT\",\"@id\":\"https:\\\/\\\/www.accuratereviews.com\\\/it\\\/programmi-disegno-3d\\\/progecad-recensione\\\/#primaryimage\",\"url\":\"https:\\\/\\\/www.accuratereviews.com\\\/wp-content\\\/uploads\\\/2025\\\/03\\\/progecad-logo.png\",\"contentUrl\":\"https:\\\/\\\/www.accuratereviews.com\\\/wp-content\\\/uploads\\\/2025\\\/03\\\/progecad-logo.png\",\"width\":600,\"height\":205},{\"@type\":\"BreadcrumbList\",\"@id\":\"https:\\\/\\\/www.accuratereviews.com\\\/it\\\/programmi-disegno-3d\\\/progecad-recensione\\\/#breadcrumb\",\"itemListElement\":[{\"@type\":\"ListItem\",\"position\":1,\"name\":\"Home\",\"item\":\"https:\\\/\\\/www.accuratereviews.com\\\/it\\\/\"},{\"@type\":\"ListItem\",\"position\":2,\"name\":\"Programmi per disegno 3D\",\"item\":\"https:\\\/\\\/www.accuratereviews.com\\\/it\\\/programmi-disegno-3d\\\/\"},{\"@type\":\"ListItem\",\"position\":3,\"name\":\"ProgeCAD\"}]},{\"@type\":\"WebSite\",\"@id\":\"https:\\\/\\\/www.accuratereviews.com\\\/it\\\/#website\",\"url\":\"https:\\\/\\\/www.accuratereviews.com\\\/it\\\/\",\"name\":\"Accurate Reviews\",\"description\":\"\",\"potentialAction\":[{\"@type\":\"SearchAction\",\"target\":{\"@type\":\"EntryPoint\",\"urlTemplate\":\"https:\\\/\\\/www.accuratereviews.com\\\/it\\\/?s={search_term_string}\"},\"query-input\":{\"@type\":\"PropertyValueSpecification\",\"valueRequired\":true,\"valueName\":\"search_term_string\"}}],\"inLanguage\":\"it-IT\"}]}<\/script>\n<!-- \/ Yoast SEO plugin. -->","yoast_head_json":{"title":"ProgeCAD: recensione software disegni 3D - Accurate Reviews","description":"ProgeCAD: recensione software CAD di disegno 2D e modifiche 3D che fornisce agli studi di architettura varie funzionalit\u00e0 per i loro progetti","robots":{"index":"index","follow":"follow","max-snippet":"max-snippet:-1","max-image-preview":"max-image-preview:large","max-video-preview":"max-video-preview:-1"},"canonical":"https:\/\/www.accuratereviews.com\/it\/programmi-disegno-3d\/progecad-recensione\/","og_locale":"it_IT","og_type":"article","og_title":"ProgeCAD: recensione software disegni 3D - Accurate Reviews","og_description":"ProgeCAD: recensione software CAD di disegno 2D e modifiche 3D che fornisce agli studi di architettura varie funzionalit\u00e0 per i loro progetti","og_url":"https:\/\/www.accuratereviews.com\/it\/programmi-disegno-3d\/progecad-recensione\/","og_site_name":"Accurate Reviews","article_modified_time":"2025-03-31T10:21:09+00:00","og_image":[{"width":600,"height":205,"url":"https:\/\/www.accuratereviews.com\/wp-content\/uploads\/2025\/03\/progecad-logo.png","type":"image\/png"}],"twitter_card":"summary_large_image","twitter_misc":{"Tempo di lettura stimato":"6 minuti"},"schema":{"@context":"https:\/\/schema.org","@graph":[{"@type":"WebPage","@id":"https:\/\/www.accuratereviews.com\/it\/programmi-disegno-3d\/progecad-recensione\/","url":"https:\/\/www.accuratereviews.com\/it\/programmi-disegno-3d\/progecad-recensione\/","name":"ProgeCAD: recensione software disegni 3D - Accurate Reviews","isPartOf":{"@id":"https:\/\/www.accuratereviews.com\/it\/#website"},"primaryImageOfPage":{"@id":"https:\/\/www.accuratereviews.com\/it\/programmi-disegno-3d\/progecad-recensione\/#primaryimage"},"image":{"@id":"https:\/\/www.accuratereviews.com\/it\/programmi-disegno-3d\/progecad-recensione\/#primaryimage"},"thumbnailUrl":"https:\/\/www.accuratereviews.com\/wp-content\/uploads\/2025\/03\/progecad-logo.png","datePublished":"2025-03-28T14:58:35+00:00","dateModified":"2025-03-31T10:21:09+00:00","description":"ProgeCAD: recensione software CAD di disegno 2D e modifiche 3D che fornisce agli studi di architettura varie funzionalit\u00e0 per i loro progetti","breadcrumb":{"@id":"https:\/\/www.accuratereviews.com\/it\/programmi-disegno-3d\/progecad-recensione\/#breadcrumb"},"inLanguage":"it-IT","potentialAction":[{"@type":"ReadAction","target":["https:\/\/www.accuratereviews.com\/it\/programmi-disegno-3d\/progecad-recensione\/"]}]},{"@type":"ImageObject","inLanguage":"it-IT","@id":"https:\/\/www.accuratereviews.com\/it\/programmi-disegno-3d\/progecad-recensione\/#primaryimage","url":"https:\/\/www.accuratereviews.com\/wp-content\/uploads\/2025\/03\/progecad-logo.png","contentUrl":"https:\/\/www.accuratereviews.com\/wp-content\/uploads\/2025\/03\/progecad-logo.png","width":600,"height":205},{"@type":"BreadcrumbList","@id":"https:\/\/www.accuratereviews.com\/it\/programmi-disegno-3d\/progecad-recensione\/#breadcrumb","itemListElement":[{"@type":"ListItem","position":1,"name":"Home","item":"https:\/\/www.accuratereviews.com\/it\/"},{"@type":"ListItem","position":2,"name":"Programmi per disegno 3D","item":"https:\/\/www.accuratereviews.com\/it\/programmi-disegno-3d\/"},{"@type":"ListItem","position":3,"name":"ProgeCAD"}]},{"@type":"WebSite","@id":"https:\/\/www.accuratereviews.com\/it\/#website","url":"https:\/\/www.accuratereviews.com\/it\/","name":"Accurate Reviews","description":"","potentialAction":[{"@type":"SearchAction","target":{"@type":"EntryPoint","urlTemplate":"https:\/\/www.accuratereviews.com\/it\/?s={search_term_string}"},"query-input":{"@type":"PropertyValueSpecification","valueRequired":true,"valueName":"search_term_string"}}],"inLanguage":"it-IT"}]}},"_links":{"self":[{"href":"https:\/\/www.accuratereviews.com\/it\/wp-json\/wp\/v2\/pages\/86718","targetHints":{"allow":["GET"]}}],"collection":[{"href":"https:\/\/www.accuratereviews.com\/it\/wp-json\/wp\/v2\/pages"}],"about":[{"href":"https:\/\/www.accuratereviews.com\/it\/wp-json\/wp\/v2\/types\/page"}],"author":[{"embeddable":true,"href":"https:\/\/www.accuratereviews.com\/it\/wp-json\/wp\/v2\/users\/19"}],"replies":[{"embeddable":true,"href":"https:\/\/www.accuratereviews.com\/it\/wp-json\/wp\/v2\/comments?post=86718"}],"version-history":[{"count":11,"href":"https:\/\/www.accuratereviews.com\/it\/wp-json\/wp\/v2\/pages\/86718\/revisions"}],"predecessor-version":[{"id":86788,"href":"https:\/\/www.accuratereviews.com\/it\/wp-json\/wp\/v2\/pages\/86718\/revisions\/86788"}],"up":[{"embeddable":true,"href":"https:\/\/www.accuratereviews.com\/it\/wp-json\/wp\/v2\/pages\/85867"}],"wp:featuredmedia":[{"embeddable":true,"href":"https:\/\/www.accuratereviews.com\/it\/wp-json\/wp\/v2\/media\/86719"}],"wp:attachment":[{"href":"https:\/\/www.accuratereviews.com\/it\/wp-json\/wp\/v2\/media?parent=86718"}],"wp:term":[{"taxonomy":"category","embeddable":true,"href":"https:\/\/www.accuratereviews.com\/it\/wp-json\/wp\/v2\/categories?post=86718"},{"taxonomy":"post_tag","embeddable":true,"href":"https:\/\/www.accuratereviews.com\/it\/wp-json\/wp\/v2\/tags?post=86718"},{"taxonomy":"features","embeddable":true,"href":"https:\/\/www.accuratereviews.com\/it\/wp-json\/wp\/v2\/features?post=86718"}],"curies":[{"name":"wp","href":"https:\/\/api.w.org\/{rel}","templated":true}]}}