{"id":86772,"date":"2025-03-31T14:03:50","date_gmt":"2025-03-31T14:03:50","guid":{"rendered":"https:\/\/www.accuratereviews.com\/?page_id=86772"},"modified":"2025-03-31T14:03:50","modified_gmt":"2025-03-31T14:03:50","slug":"rhino-recensione","status":"publish","type":"page","link":"https:\/\/www.accuratereviews.com\/it\/programmi-disegno-3d\/rhino-recensione\/","title":{"rendered":"Rhino"},"content":{"rendered":"<p><strong>Rhino <\/strong>\u00e8 un\u00a0<strong>software per disegno 3D<\/strong> che pu\u00f2 essere utilizzato come strumento di disegno aggiuntivo se combinato con altri programmi di progettazione, CAM, disegno, rendering, illustrazione e animazione. Conserva l&#8217;accuratezza e la complessit\u00e0 dei progetti software di ingegneria, il che significa che pu\u00f2 essere utilizzato anche per analisi approfondite e accurate.<br \/>\n<strong>Rhino<\/strong> consente agli utenti di creare forme organiche, con un elevato livello di accuratezza e modificabilit\u00e0 abilitate dai tipi di geometria SubD. Gli utenti, inoltre, possono spostare pi\u00f9 piani, bordi, linee e vettori contemporaneamente con precisione millimetrica e riportarli in posizione come richiesto. I progetti possono essere trasformati utilizzando mesh, curve, BlendEdge e operazioni booleane. La compatibilit\u00e0 integrata significa che i piani di altri software possono essere caricati in questo strumento senza perdere l&#8217;integrit\u00e0 della forma o della scala designata.<\/p>\n<h2>RHINO &#8211; TUTORIAL<\/h2>\n<div id=\"fluid-wrapper-counter-1\" class=\"g1-fluid-wrapper \" style=\"width:686px;\">\n<div style=\"padding-bottom:56.268221574344%;\"><iframe loading=\"lazy\" title=\"VideoGuida - Scarica ed Installa Rhino 7, Facile, Veloce, Prova Ultima Versione Rhinoceros 90 Giorni\" width=\"686\" height=\"386\" src=\"https:\/\/www.youtube.com\/embed\/9ZpKCzvWc0M?list=PLTZhWSINdiMwp29YO8Mg3gnYHbmVUJMlz\" frameborder=\"0\" allow=\"accelerometer; autoplay; clipboard-write; encrypted-media; gyroscope; picture-in-picture; web-share\" referrerpolicy=\"strict-origin-when-cross-origin\" allowfullscreen><\/iframe><\/div>\n<\/div>\n<h3>RHINO &#8211; CARATTERISTICHE<\/h3>\n<ul>\n<li>Precisione necessaria per il design, la creazione di prototipi, la progettazione, l\u2019analisi e la fabbricazione di qualsiasi modello, da un aeroplano a un gioiello.<\/li>\n<li>Compatibilit\u00e0 con tutti gli altri programmi di design, disegno tecnico, CAM, progettazione, analisi, rendering, animazione ed illustrazione.<\/li>\n<li>Lettura e riparazione di mesh e file IGES estremamente complicati.<\/li>\n<li>Accessibilit\u00e0. Facile da imparare e usare: l\u2019utente pu\u00f2 concentrarsi sulla progettazione e la visualizzazione senza essere distratto dal software.<\/li>\n<li>Velocit\u00e0, anche su un normale laptop. Non richiede nessun hardware specifico.<\/li>\n<li>Piattaforma di sviluppo per centinaia di prodotti 3D specializzati.<\/li>\n<li>Alla portata di tutti. Hardware comune. Apprendimento rapido. Prezzo alla portata di tutti. Nessun costo di manutenzione.<\/li>\n<li>Cross-Platform: Il modellatore 3D pi\u00f9 versatile al mondo, disponibile su Windows e macOS.<\/li>\n<li>Punti: punti, nuvole di punti, griglia di punti, estrai da oggetti, segna (intersezione, dividi, estremi, pi\u00f9 vicino, fuochi).<\/li>\n<li>Curve: linea, polilinea, polilinea su mesh, curva a forma libera, cerchio, arco, ellisse, rettangolo, poligono, elica, spirale, conica, testi TrueType, interpolazione di punti, punti di controllo (vertici), disegno a mano libera.<\/li>\n<li>Curve da altri oggetti: attraverso punti, attraverso polilinea, estensione, curva continua, raccordo fillet, smusso, offset, raccordo blend, raccordo blend arco, curve da due viste, curva intermedia, sezioni da profili, intersezione, contorno su una superficie NURBS o mesh, sezione su superficie NURBS o mesh, bordo, silhouette, estrazione di curve isoparametriche, estrazione del grafico di curvatura, proiezione, riporto, disegno a mano libera, wireframe, separazione taglio, messa in tavola 2D con quote e testi, spianatura di superfici sviluppabili.<\/li>\n<li>Gumball: Il widget di spostamento, scalatura e rotazione ottiene nuove maniglie per l\u2019estensione e l\u2019estrusione.<\/li>\n<li>PianiC automatici: I piani C intelligenti si allineano automaticamente alle selezioni appropriate.<\/li>\n<li>Booleane mesh migliorate: Booleane mesh completamente riscritte e pi\u00f9 affidabili.<\/li>\n<li>RigeneraTaglio: Controlla struttura e continuit\u00e0 per modelli con superfici ben formate.<\/li>\n<li>Layout finestra: Personalizza, salva, condividi e reimposta i tuoi layout finestra preferiti.<\/li>\n<li>Gestore livelli: Completamente riscritto, su Windows e Mac, comprese tutte le nuove funzionalit\u00e0.<\/li>\n<li>Raccordi fillet superfici: Il comando RaccordaSrf presenta una nuova IU con antepriem di raggio dinamico.<\/li>\n<\/ul>\n<h4>LE RECENSIONI DEGLI UTENTI<\/h4>\n<p><strong>Vanessa &#8220;Completa e stimolante&#8221;<\/strong><br \/>\n<strong>Commenti<\/strong>: Un&#8217;esperienza completa e soddisfacente. Rhinoceros \u00e8 un programma ricco e ben articolato, con tanti strumenti che, man mano che vengono utilizzati, diventano intuitivi.<br \/>\n<strong>Pro<\/strong>: rhino permette di avvicinare il mondo del design a quello dell&#8217;industria in modo semplice e intuitivo<br \/>\n<strong>Contro<\/strong>: a primo impatto pu\u00f2 sembrare un programma complicato e ci\u00f2 potrebbe spaventare, ma non appena si prende un po&#8217; di dimestichezza con l&#8217;interfaccia, il suo utilizzo \u00e8 intuitivo e completo<\/p>\n<p><strong>Erin &#8220;Un eccellente pacchetto software CAD&#8221;<\/strong><br \/>\n<strong>Commenti<\/strong>: Mi piace molto lavorare con rhino durante la modellazione e il rendering.<br \/>\n<strong>Pro<\/strong>: rhino \u00e8 eccellente per lavorare tra modelli 2D e 3D.<br \/>\n<strong>Contro<\/strong>: Rhino pu\u00f2 essere complesso per un utente CAD inesperto<\/p>\n<p><strong>Edwin &#8220;Rhino ideale per la grafica vettoriale&#8221;<\/strong><br \/>\n<strong>Commenti<\/strong>: rhino ha dimostrato di essere utile sul posto di lavoro quando si tratta di convertire progetti in file Illustrator, EPS e DXF per l&#8217;uso da parte dei contractor. \u00c8 molto facile disegnare o tracciare progetti complicati tramite Rhino.<br \/>\n<strong>Pro<\/strong>: convertire modelli 3D in linee 2D o semplicemente disegnare progetti 2D per file Illustrator o DXF \u00e8 una funzionalit\u00e0 utile e semplice tramite Rhino. La funzionalit\u00e0 &#8220;Make2D&#8221; \u00e8 una funzionalit\u00e0 molto buona.<br \/>\n<strong>Contro<\/strong>: ogni elemento, come una finestra, deve essere disegnato o modellato individualmente. Rhino non offre preset di muri, porte e finestre. Pu\u00f2 richiedere molto tempo quando si producono disegni architettonici.<\/p>\n","protected":false},"excerpt":{"rendered":"<p>Rhino, software per disegno 3D pu\u00f2 essere utilizzato come strumento di disegno aggiuntivo se combinato con altri programmi di progettazione, CAM, disegno, rendering, illustrazione e animazione. Conserva l&#8217;accuratezza e la complessit\u00e0 dei progetti software di ingegneria, il che significa che pu\u00f2 essere utilizzato anche per analisi approfondite e accurate.<\/p>\n","protected":false},"author":19,"featured_media":86779,"parent":85867,"menu_order":0,"comment_status":"open","ping_status":"closed","template":"g1_template_page_review_new.php","meta":{"_acf_changed":false,"cwp_meta_box_check":"No","cwp_rev_product_name":"","cwp_rev_product_image":"","wppr_links":[],"cwp_rev_price":"","wppr_options":[],"wppr_pros":[],"wppr_cons":[],"_monsterinsights_skip_tracking":false,"_monsterinsights_sitenote_active":false,"_monsterinsights_sitenote_note":"","_monsterinsights_sitenote_category":0,"footnotes":""},"categories":[15900],"tags":[15902,15932,15931,16059,15934,15933],"features":[],"class_list":{"0":"post-86772","1":"page","2":"type-page","3":"status-publish","4":"has-post-thumbnail","6":"category-programmi-per-disegno-3d","7":"tag-disegno-3d","8":"tag-piattaforma-disegno-3d","9":"tag-programma-disegno-3d","10":"tag-rhino","11":"tag-software-disegno-3d","12":"tag-soluzione-disegno-3d"},"wppr_data":{"cwp_meta_box_check":"No"},"acf":[],"yoast_head":"<!-- This site is optimized with the Yoast SEO plugin v27.4 - https:\/\/yoast.com\/product\/yoast-seo-wordpress\/ -->\n<title>Rhino: recensione software disegno 3D - Accurate Reviews<\/title>\n<meta name=\"description\" content=\"Rhino: software per disegno 3D utilizzato come strumento di disegno aggiuntivo se combinato con altri programmi di progettazione.\" \/>\n<meta name=\"robots\" content=\"index, follow, max-snippet:-1, max-image-preview:large, max-video-preview:-1\" \/>\n<link rel=\"canonical\" href=\"https:\/\/www.accuratereviews.com\/it\/programmi-disegno-3d\/rhino-recensione\/\" \/>\n<meta property=\"og:locale\" content=\"it_IT\" \/>\n<meta property=\"og:type\" content=\"article\" \/>\n<meta property=\"og:title\" content=\"Rhino: recensione software disegno 3D - Accurate Reviews\" \/>\n<meta property=\"og:description\" content=\"Rhino: software per disegno 3D utilizzato come strumento di disegno aggiuntivo se combinato con altri programmi di progettazione.\" \/>\n<meta property=\"og:url\" content=\"https:\/\/www.accuratereviews.com\/it\/programmi-disegno-3d\/rhino-recensione\/\" \/>\n<meta property=\"og:site_name\" content=\"Accurate Reviews\" \/>\n<meta property=\"og:image\" content=\"https:\/\/www.accuratereviews.com\/wp-content\/uploads\/2025\/03\/Rhino.jpeg\" \/>\n\t<meta property=\"og:image:width\" content=\"266\" \/>\n\t<meta property=\"og:image:height\" content=\"315\" \/>\n\t<meta property=\"og:image:type\" content=\"image\/jpeg\" \/>\n<meta name=\"twitter:card\" content=\"summary_large_image\" \/>\n<meta name=\"twitter:label1\" content=\"Tempo di lettura stimato\" \/>\n\t<meta name=\"twitter:data1\" content=\"5 minuti\" \/>\n<script type=\"application\/ld+json\" class=\"yoast-schema-graph\">{\"@context\":\"https:\\\/\\\/schema.org\",\"@graph\":[{\"@type\":\"WebPage\",\"@id\":\"https:\\\/\\\/www.accuratereviews.com\\\/it\\\/programmi-disegno-3d\\\/rhino-recensione\\\/\",\"url\":\"https:\\\/\\\/www.accuratereviews.com\\\/it\\\/programmi-disegno-3d\\\/rhino-recensione\\\/\",\"name\":\"Rhino: recensione software disegno 3D - Accurate Reviews\",\"isPartOf\":{\"@id\":\"https:\\\/\\\/www.accuratereviews.com\\\/it\\\/#website\"},\"primaryImageOfPage\":{\"@id\":\"https:\\\/\\\/www.accuratereviews.com\\\/it\\\/programmi-disegno-3d\\\/rhino-recensione\\\/#primaryimage\"},\"image\":{\"@id\":\"https:\\\/\\\/www.accuratereviews.com\\\/it\\\/programmi-disegno-3d\\\/rhino-recensione\\\/#primaryimage\"},\"thumbnailUrl\":\"https:\\\/\\\/www.accuratereviews.com\\\/wp-content\\\/uploads\\\/2025\\\/03\\\/Rhino.jpeg\",\"datePublished\":\"2025-03-31T14:03:50+00:00\",\"description\":\"Rhino: software per disegno 3D utilizzato come strumento di disegno aggiuntivo se combinato con altri programmi di progettazione.\",\"breadcrumb\":{\"@id\":\"https:\\\/\\\/www.accuratereviews.com\\\/it\\\/programmi-disegno-3d\\\/rhino-recensione\\\/#breadcrumb\"},\"inLanguage\":\"it-IT\",\"potentialAction\":[{\"@type\":\"ReadAction\",\"target\":[\"https:\\\/\\\/www.accuratereviews.com\\\/it\\\/programmi-disegno-3d\\\/rhino-recensione\\\/\"]}]},{\"@type\":\"ImageObject\",\"inLanguage\":\"it-IT\",\"@id\":\"https:\\\/\\\/www.accuratereviews.com\\\/it\\\/programmi-disegno-3d\\\/rhino-recensione\\\/#primaryimage\",\"url\":\"https:\\\/\\\/www.accuratereviews.com\\\/wp-content\\\/uploads\\\/2025\\\/03\\\/Rhino.jpeg\",\"contentUrl\":\"https:\\\/\\\/www.accuratereviews.com\\\/wp-content\\\/uploads\\\/2025\\\/03\\\/Rhino.jpeg\",\"width\":266,\"height\":315},{\"@type\":\"BreadcrumbList\",\"@id\":\"https:\\\/\\\/www.accuratereviews.com\\\/it\\\/programmi-disegno-3d\\\/rhino-recensione\\\/#breadcrumb\",\"itemListElement\":[{\"@type\":\"ListItem\",\"position\":1,\"name\":\"Home\",\"item\":\"https:\\\/\\\/www.accuratereviews.com\\\/it\\\/\"},{\"@type\":\"ListItem\",\"position\":2,\"name\":\"Programmi per disegno 3D\",\"item\":\"https:\\\/\\\/www.accuratereviews.com\\\/it\\\/programmi-disegno-3d\\\/\"},{\"@type\":\"ListItem\",\"position\":3,\"name\":\"Rhino\"}]},{\"@type\":\"WebSite\",\"@id\":\"https:\\\/\\\/www.accuratereviews.com\\\/it\\\/#website\",\"url\":\"https:\\\/\\\/www.accuratereviews.com\\\/it\\\/\",\"name\":\"Accurate Reviews\",\"description\":\"\",\"potentialAction\":[{\"@type\":\"SearchAction\",\"target\":{\"@type\":\"EntryPoint\",\"urlTemplate\":\"https:\\\/\\\/www.accuratereviews.com\\\/it\\\/?s={search_term_string}\"},\"query-input\":{\"@type\":\"PropertyValueSpecification\",\"valueRequired\":true,\"valueName\":\"search_term_string\"}}],\"inLanguage\":\"it-IT\"}]}<\/script>\n<!-- \/ Yoast SEO plugin. -->","yoast_head_json":{"title":"Rhino: recensione software disegno 3D - Accurate Reviews","description":"Rhino: software per disegno 3D utilizzato come strumento di disegno aggiuntivo se combinato con altri programmi di progettazione.","robots":{"index":"index","follow":"follow","max-snippet":"max-snippet:-1","max-image-preview":"max-image-preview:large","max-video-preview":"max-video-preview:-1"},"canonical":"https:\/\/www.accuratereviews.com\/it\/programmi-disegno-3d\/rhino-recensione\/","og_locale":"it_IT","og_type":"article","og_title":"Rhino: recensione software disegno 3D - Accurate Reviews","og_description":"Rhino: software per disegno 3D utilizzato come strumento di disegno aggiuntivo se combinato con altri programmi di progettazione.","og_url":"https:\/\/www.accuratereviews.com\/it\/programmi-disegno-3d\/rhino-recensione\/","og_site_name":"Accurate Reviews","og_image":[{"width":266,"height":315,"url":"https:\/\/www.accuratereviews.com\/wp-content\/uploads\/2025\/03\/Rhino.jpeg","type":"image\/jpeg"}],"twitter_card":"summary_large_image","twitter_misc":{"Tempo di lettura stimato":"5 minuti"},"schema":{"@context":"https:\/\/schema.org","@graph":[{"@type":"WebPage","@id":"https:\/\/www.accuratereviews.com\/it\/programmi-disegno-3d\/rhino-recensione\/","url":"https:\/\/www.accuratereviews.com\/it\/programmi-disegno-3d\/rhino-recensione\/","name":"Rhino: recensione software disegno 3D - Accurate Reviews","isPartOf":{"@id":"https:\/\/www.accuratereviews.com\/it\/#website"},"primaryImageOfPage":{"@id":"https:\/\/www.accuratereviews.com\/it\/programmi-disegno-3d\/rhino-recensione\/#primaryimage"},"image":{"@id":"https:\/\/www.accuratereviews.com\/it\/programmi-disegno-3d\/rhino-recensione\/#primaryimage"},"thumbnailUrl":"https:\/\/www.accuratereviews.com\/wp-content\/uploads\/2025\/03\/Rhino.jpeg","datePublished":"2025-03-31T14:03:50+00:00","description":"Rhino: software per disegno 3D utilizzato come strumento di disegno aggiuntivo se combinato con altri programmi di progettazione.","breadcrumb":{"@id":"https:\/\/www.accuratereviews.com\/it\/programmi-disegno-3d\/rhino-recensione\/#breadcrumb"},"inLanguage":"it-IT","potentialAction":[{"@type":"ReadAction","target":["https:\/\/www.accuratereviews.com\/it\/programmi-disegno-3d\/rhino-recensione\/"]}]},{"@type":"ImageObject","inLanguage":"it-IT","@id":"https:\/\/www.accuratereviews.com\/it\/programmi-disegno-3d\/rhino-recensione\/#primaryimage","url":"https:\/\/www.accuratereviews.com\/wp-content\/uploads\/2025\/03\/Rhino.jpeg","contentUrl":"https:\/\/www.accuratereviews.com\/wp-content\/uploads\/2025\/03\/Rhino.jpeg","width":266,"height":315},{"@type":"BreadcrumbList","@id":"https:\/\/www.accuratereviews.com\/it\/programmi-disegno-3d\/rhino-recensione\/#breadcrumb","itemListElement":[{"@type":"ListItem","position":1,"name":"Home","item":"https:\/\/www.accuratereviews.com\/it\/"},{"@type":"ListItem","position":2,"name":"Programmi per disegno 3D","item":"https:\/\/www.accuratereviews.com\/it\/programmi-disegno-3d\/"},{"@type":"ListItem","position":3,"name":"Rhino"}]},{"@type":"WebSite","@id":"https:\/\/www.accuratereviews.com\/it\/#website","url":"https:\/\/www.accuratereviews.com\/it\/","name":"Accurate Reviews","description":"","potentialAction":[{"@type":"SearchAction","target":{"@type":"EntryPoint","urlTemplate":"https:\/\/www.accuratereviews.com\/it\/?s={search_term_string}"},"query-input":{"@type":"PropertyValueSpecification","valueRequired":true,"valueName":"search_term_string"}}],"inLanguage":"it-IT"}]}},"_links":{"self":[{"href":"https:\/\/www.accuratereviews.com\/it\/wp-json\/wp\/v2\/pages\/86772","targetHints":{"allow":["GET"]}}],"collection":[{"href":"https:\/\/www.accuratereviews.com\/it\/wp-json\/wp\/v2\/pages"}],"about":[{"href":"https:\/\/www.accuratereviews.com\/it\/wp-json\/wp\/v2\/types\/page"}],"author":[{"embeddable":true,"href":"https:\/\/www.accuratereviews.com\/it\/wp-json\/wp\/v2\/users\/19"}],"replies":[{"embeddable":true,"href":"https:\/\/www.accuratereviews.com\/it\/wp-json\/wp\/v2\/comments?post=86772"}],"version-history":[{"count":10,"href":"https:\/\/www.accuratereviews.com\/it\/wp-json\/wp\/v2\/pages\/86772\/revisions"}],"predecessor-version":[{"id":86811,"href":"https:\/\/www.accuratereviews.com\/it\/wp-json\/wp\/v2\/pages\/86772\/revisions\/86811"}],"up":[{"embeddable":true,"href":"https:\/\/www.accuratereviews.com\/it\/wp-json\/wp\/v2\/pages\/85867"}],"wp:featuredmedia":[{"embeddable":true,"href":"https:\/\/www.accuratereviews.com\/it\/wp-json\/wp\/v2\/media\/86779"}],"wp:attachment":[{"href":"https:\/\/www.accuratereviews.com\/it\/wp-json\/wp\/v2\/media?parent=86772"}],"wp:term":[{"taxonomy":"category","embeddable":true,"href":"https:\/\/www.accuratereviews.com\/it\/wp-json\/wp\/v2\/categories?post=86772"},{"taxonomy":"post_tag","embeddable":true,"href":"https:\/\/www.accuratereviews.com\/it\/wp-json\/wp\/v2\/tags?post=86772"},{"taxonomy":"features","embeddable":true,"href":"https:\/\/www.accuratereviews.com\/it\/wp-json\/wp\/v2\/features?post=86772"}],"curies":[{"name":"wp","href":"https:\/\/api.w.org\/{rel}","templated":true}]}}