{"id":86856,"date":"2025-04-02T13:37:39","date_gmt":"2025-04-02T13:37:39","guid":{"rendered":"https:\/\/www.accuratereviews.com\/?page_id=86856"},"modified":"2025-04-02T13:37:39","modified_gmt":"2025-04-02T13:37:39","slug":"lumion-recensione","status":"publish","type":"page","link":"https:\/\/www.accuratereviews.com\/it\/programmi-disegno-3d\/lumion-recensione\/","title":{"rendered":"Lumion"},"content":{"rendered":"<p><strong>Lumion<\/strong> \u00e8 un <strong>software di rendering 3D<\/strong> in tempo reale con un flusso di lavoro intuitivo e una buona velocit\u00e0 di rendering. Consente di dare vita a progetti architettonici, interni, paesaggi e piani urbani con una rapidit\u00e0 e precisione senza pari. Il programma \u00e8 compatibile con tutti i principali software CAD e di <strong>modellazione 3D<\/strong> come SketchUp, Revit, Archicad, Rhino, AutoCAD, Allplan, Vectorworks, BricsCAD e molti altri. Grazie all&#8217;integrazione perfetta nel tuo flusso di lavoro di visualizzazione, hai il controllo delle tue idee, in qualsiasi momento del tuo processo creativo.<br \/>\nCon un&#8217;ampia libreria di quasi 10.000 caratteri, oggetti e materiali, <strong>Lumion<\/strong> offre un ampio kit di strumenti che puoi utilizzare per trasformare la tua visione in esperienze immersive che affascinano e ispirano.<\/p>\n<h2>LUMION &#8211; TUTORIAL<\/h2>\n<div id=\"fluid-wrapper-counter-1\" class=\"g1-fluid-wrapper \" style=\"width:686px;\">\n<div style=\"padding-bottom:56.268221574344%;\"><iframe loading=\"lazy\" title=\"A rewind through Lumion 2024\" width=\"686\" height=\"386\" src=\"https:\/\/www.youtube.com\/embed\/vx58sPDg9YI?feature=oembed&amp;wmode=transparent&amp;autohide=1&amp;autoplay=0&amp;disablekb=0&amp;fs=1&amp;loop=0&amp;enablejsapi=1&amp;rel=0&amp;controls=2&amp;showinfo=0&amp;wmode=transparent&amp;autohide=2&amp;autoplay=0&amp;disablekb=0&amp;fs=1&amp;loop=0&amp;enablejsapi=1&amp;rel=0&amp;controls=2&amp;showinfo=1\" frameborder=\"0\" allow=\"accelerometer; autoplay; clipboard-write; encrypted-media; gyroscope; picture-in-picture; web-share\" referrerpolicy=\"strict-origin-when-cross-origin\" allowfullscreen><\/iframe><\/div>\n<\/div>\n<h3>LUMION &#8211; CARATTERISTICHE<\/h3>\n<ul>\n<li><strong>Semplifica il tuo flusso di lavoro<\/strong>: modella ed esegui il rendering contemporaneamente, apporta modifiche al volo e prendi decisioni di progettazione pi\u00f9 rapide. Compatibile con tutti i principali software di modellazione CAD o 3D e si adatta perfettamente al tuo flusso di lavoro.Permette di creare una connessione in tempo reale con il tuo software CAD, semplificando il rendering rapido di immagini, video o panorami a 360 gradi mentre perfeziona il tuo progetto.<\/li>\n<li><strong>Rendi reali le superfici<\/strong>: i materiali danno vita agli edifici. Apre i sensi e dona carattere agli spazi. Viene fornito con migliaia di materiali di alta qualit\u00e0 che puoi creare con decalcomanie di superficie, agenti atmosferici, bordi morbidi e altro ancora.<\/li>\n<li><strong>I tuoi materiali, il tuo mondo<\/strong>: rendi le tue superfici esattamente come le avevi immaginate importando, personalizzando e creando qualsiasi texture ti venga in mente. L&#8217;editor di materiali facile da usare ti consente di controllare facilmente la trama, il rilievo, la rugosit\u00e0, la riflettivit\u00e0, la metalleria, l&#8217;opacit\u00e0 o l&#8217;emissivit\u00e0 dei tuoi materiali PBR<\/li>\n<li><strong>Guarda i tuoi progetti sotto una nuova luce<\/strong>: i materiali danno vita agli edifici. Apre i sensi e dona carattere agli spazi. Viene fornito con migliaia di materiali di alta qualit\u00e0 che puoi creare con decalcomanie di superficie, agenti atmosferici, bordi morbidi e altro ancora.<\/li>\n<li><strong>Aggiungi un tocco di magia<\/strong>: il rendering architettonico fa molto di pi\u00f9 che mostrare forma e funzione. Trasmette una sensazione. Con molteplici effetti atmosferici e cinematografici, puoi dare ai tuoi progetti architettonici uno stato d&#8217;animo distinto che \u00e8 destinato a catturare i cuori e le menti.<\/li>\n<li><strong>Dal concettuale al realistico<\/strong>: scegli tra 8 diversi stili predefiniti per bilanciare all&#8217;istante luce, profondit\u00e0 e realismo. Permette inoltre di creare pile di effetti personalizzati che puoi facilmente riutilizzare in pi\u00f9 progetti, per dare a tutti i tuoi rendendo architettonici uno stile distintivo.<\/li>\n<li><strong>Ispira in ogni angolo<\/strong>:\u00a0puoi realizzare straordinarie viste ortografiche con piani, sezioni e prospetti vivaci del tuo progetto architettonico.<\/li>\n<li><strong>Racconta una storia avvincente:<\/strong> mostra il processo alla base dello sviluppo o della costruzione del tuo progetto attraverso la potenza delle fasi animate.<\/li>\n<li><strong>Rivela la tua creativit\u00e0<\/strong>: confronta pi\u00f9 varianti di modelli e materiali e mostra diverse soluzioni di design per guidare il processo decisionale.<\/li>\n<\/ul>\n<h4>LE RECENSIONI DEGLI UTENTI<\/h4>\n<p><strong>Rafael &#8220;Intuitivo&#8221;<\/strong><br \/>\n<strong>Commenti<\/strong>: In generale va sempre tutto bene, anche se a volte ci vuole un po&#8217; di tempo<br \/>\n<strong>Pro<\/strong>: Il programma \u00e8 facile da usare, dispone di un&#8217;ampia libreria di materiali e oggetti, oltre alla vegetazione<br \/>\n<strong>Contro<\/strong>: Il grosso problema \u00e8 avere un computer compatibile<\/p>\n<p><strong>Jhordann &#8220;Software di mappatura e rendering del progetto&#8221;<\/strong><br \/>\n<strong>Commenti<\/strong>: \u00c8 molto buono, l&#8217;esperienza di funzionamento \u00e8 molto fluida, aiuta nei tempi e genera visualizzazioni molto realistiche<br \/>\n<strong>Pro<\/strong>: \u00c8 molto facile da usare e offre una prospettiva realistica di ogni progetto<br \/>\n<strong>Contro<\/strong>: \u00c8 molto pesante e nessun PC pu\u00f2 gestirlo bene.<\/p>\n<p><strong>MOHAMED &#8220;Lumion un buon software&#8221;<\/strong><br \/>\n<strong>Pro<\/strong>: veloce e facile da usare, buon software<br \/>\n<strong>Contro<\/strong>: la qualit\u00e0 del rendering non \u00e8 buona per chi cerca il dettaglio 3D<\/p>\n","protected":false},"excerpt":{"rendered":"<p>Lumion \u00e8 un software di rendering 3D in tempo reale con un flusso di lavoro intuitivo e una buona velocit\u00e0 di rendering. Consente di dare vita a progetti architettonici, interni, paesaggi e piani urbani con una rapidit\u00e0 e precisione senza pari. Il programma \u00e8 compatibile con tutti i principali software CAD e di modellazione 3D come SketchUp, Revit, Archicad, Rhino, AutoCAD, Allplan, Vectorworks, BricsCAD e molti altri.<\/p>\n","protected":false},"author":19,"featured_media":86859,"parent":85867,"menu_order":0,"comment_status":"open","ping_status":"closed","template":"g1_template_page_review_new.php","meta":{"_acf_changed":false,"cwp_meta_box_check":"No","cwp_rev_product_name":"","cwp_rev_product_image":"","wppr_links":[],"cwp_rev_price":"","wppr_options":[],"wppr_pros":[],"wppr_cons":[],"_monsterinsights_skip_tracking":false,"_monsterinsights_sitenote_active":false,"_monsterinsights_sitenote_note":"","_monsterinsights_sitenote_category":0,"footnotes":""},"categories":[15900],"tags":[15902,16066,15932,15931,15934,15933],"features":[],"class_list":{"0":"post-86856","1":"page","2":"type-page","3":"status-publish","4":"has-post-thumbnail","6":"category-programmi-per-disegno-3d","7":"tag-disegno-3d","8":"tag-lumion","9":"tag-piattaforma-disegno-3d","10":"tag-programma-disegno-3d","11":"tag-software-disegno-3d","12":"tag-soluzione-disegno-3d"},"wppr_data":{"cwp_meta_box_check":"No"},"acf":[],"yoast_head":"<!-- This site is optimized with the Yoast SEO plugin v27.4 - https:\/\/yoast.com\/product\/yoast-seo-wordpress\/ -->\n<title>Lumion: recensione software disegno 3D - Accurate Reviews<\/title>\n<meta name=\"description\" content=\"Lumion: recensione software di rendering 3D in tempo reale con un flusso di lavoro intuitivo e una velocit\u00e0 di rendering rapida.\" \/>\n<meta name=\"robots\" content=\"index, follow, max-snippet:-1, max-image-preview:large, max-video-preview:-1\" \/>\n<link rel=\"canonical\" href=\"https:\/\/www.accuratereviews.com\/it\/programmi-disegno-3d\/lumion-recensione\/\" \/>\n<meta property=\"og:locale\" content=\"it_IT\" \/>\n<meta property=\"og:type\" content=\"article\" \/>\n<meta property=\"og:title\" content=\"Lumion: recensione software disegno 3D - Accurate Reviews\" \/>\n<meta property=\"og:description\" content=\"Lumion: recensione software di rendering 3D in tempo reale con un flusso di lavoro intuitivo e una velocit\u00e0 di rendering rapida.\" \/>\n<meta property=\"og:url\" content=\"https:\/\/www.accuratereviews.com\/it\/programmi-disegno-3d\/lumion-recensione\/\" \/>\n<meta property=\"og:site_name\" content=\"Accurate Reviews\" \/>\n<meta property=\"og:image\" content=\"https:\/\/www.accuratereviews.com\/wp-content\/uploads\/2025\/04\/lumion.png\" \/>\n\t<meta property=\"og:image:width\" content=\"232\" \/>\n\t<meta property=\"og:image:height\" content=\"217\" \/>\n\t<meta property=\"og:image:type\" content=\"image\/png\" \/>\n<meta name=\"twitter:card\" content=\"summary_large_image\" \/>\n<meta name=\"twitter:label1\" content=\"Tempo di lettura stimato\" \/>\n\t<meta name=\"twitter:data1\" content=\"5 minuti\" \/>\n<script type=\"application\/ld+json\" class=\"yoast-schema-graph\">{\"@context\":\"https:\\\/\\\/schema.org\",\"@graph\":[{\"@type\":\"WebPage\",\"@id\":\"https:\\\/\\\/www.accuratereviews.com\\\/it\\\/programmi-disegno-3d\\\/lumion-recensione\\\/\",\"url\":\"https:\\\/\\\/www.accuratereviews.com\\\/it\\\/programmi-disegno-3d\\\/lumion-recensione\\\/\",\"name\":\"Lumion: recensione software disegno 3D - Accurate Reviews\",\"isPartOf\":{\"@id\":\"https:\\\/\\\/www.accuratereviews.com\\\/it\\\/#website\"},\"primaryImageOfPage\":{\"@id\":\"https:\\\/\\\/www.accuratereviews.com\\\/it\\\/programmi-disegno-3d\\\/lumion-recensione\\\/#primaryimage\"},\"image\":{\"@id\":\"https:\\\/\\\/www.accuratereviews.com\\\/it\\\/programmi-disegno-3d\\\/lumion-recensione\\\/#primaryimage\"},\"thumbnailUrl\":\"https:\\\/\\\/www.accuratereviews.com\\\/wp-content\\\/uploads\\\/2025\\\/04\\\/lumion.png\",\"datePublished\":\"2025-04-02T13:37:39+00:00\",\"description\":\"Lumion: recensione software di rendering 3D in tempo reale con un flusso di lavoro intuitivo e una velocit\u00e0 di rendering rapida.\",\"breadcrumb\":{\"@id\":\"https:\\\/\\\/www.accuratereviews.com\\\/it\\\/programmi-disegno-3d\\\/lumion-recensione\\\/#breadcrumb\"},\"inLanguage\":\"it-IT\",\"potentialAction\":[{\"@type\":\"ReadAction\",\"target\":[\"https:\\\/\\\/www.accuratereviews.com\\\/it\\\/programmi-disegno-3d\\\/lumion-recensione\\\/\"]}]},{\"@type\":\"ImageObject\",\"inLanguage\":\"it-IT\",\"@id\":\"https:\\\/\\\/www.accuratereviews.com\\\/it\\\/programmi-disegno-3d\\\/lumion-recensione\\\/#primaryimage\",\"url\":\"https:\\\/\\\/www.accuratereviews.com\\\/wp-content\\\/uploads\\\/2025\\\/04\\\/lumion.png\",\"contentUrl\":\"https:\\\/\\\/www.accuratereviews.com\\\/wp-content\\\/uploads\\\/2025\\\/04\\\/lumion.png\",\"width\":232,\"height\":217},{\"@type\":\"BreadcrumbList\",\"@id\":\"https:\\\/\\\/www.accuratereviews.com\\\/it\\\/programmi-disegno-3d\\\/lumion-recensione\\\/#breadcrumb\",\"itemListElement\":[{\"@type\":\"ListItem\",\"position\":1,\"name\":\"Home\",\"item\":\"https:\\\/\\\/www.accuratereviews.com\\\/it\\\/\"},{\"@type\":\"ListItem\",\"position\":2,\"name\":\"Programmi per disegno 3D\",\"item\":\"https:\\\/\\\/www.accuratereviews.com\\\/it\\\/programmi-disegno-3d\\\/\"},{\"@type\":\"ListItem\",\"position\":3,\"name\":\"Lumion\"}]},{\"@type\":\"WebSite\",\"@id\":\"https:\\\/\\\/www.accuratereviews.com\\\/it\\\/#website\",\"url\":\"https:\\\/\\\/www.accuratereviews.com\\\/it\\\/\",\"name\":\"Accurate Reviews\",\"description\":\"\",\"potentialAction\":[{\"@type\":\"SearchAction\",\"target\":{\"@type\":\"EntryPoint\",\"urlTemplate\":\"https:\\\/\\\/www.accuratereviews.com\\\/it\\\/?s={search_term_string}\"},\"query-input\":{\"@type\":\"PropertyValueSpecification\",\"valueRequired\":true,\"valueName\":\"search_term_string\"}}],\"inLanguage\":\"it-IT\"}]}<\/script>\n<!-- \/ Yoast SEO plugin. -->","yoast_head_json":{"title":"Lumion: recensione software disegno 3D - Accurate Reviews","description":"Lumion: recensione software di rendering 3D in tempo reale con un flusso di lavoro intuitivo e una velocit\u00e0 di rendering rapida.","robots":{"index":"index","follow":"follow","max-snippet":"max-snippet:-1","max-image-preview":"max-image-preview:large","max-video-preview":"max-video-preview:-1"},"canonical":"https:\/\/www.accuratereviews.com\/it\/programmi-disegno-3d\/lumion-recensione\/","og_locale":"it_IT","og_type":"article","og_title":"Lumion: recensione software disegno 3D - Accurate Reviews","og_description":"Lumion: recensione software di rendering 3D in tempo reale con un flusso di lavoro intuitivo e una velocit\u00e0 di rendering rapida.","og_url":"https:\/\/www.accuratereviews.com\/it\/programmi-disegno-3d\/lumion-recensione\/","og_site_name":"Accurate Reviews","og_image":[{"width":232,"height":217,"url":"https:\/\/www.accuratereviews.com\/wp-content\/uploads\/2025\/04\/lumion.png","type":"image\/png"}],"twitter_card":"summary_large_image","twitter_misc":{"Tempo di lettura stimato":"5 minuti"},"schema":{"@context":"https:\/\/schema.org","@graph":[{"@type":"WebPage","@id":"https:\/\/www.accuratereviews.com\/it\/programmi-disegno-3d\/lumion-recensione\/","url":"https:\/\/www.accuratereviews.com\/it\/programmi-disegno-3d\/lumion-recensione\/","name":"Lumion: recensione software disegno 3D - Accurate Reviews","isPartOf":{"@id":"https:\/\/www.accuratereviews.com\/it\/#website"},"primaryImageOfPage":{"@id":"https:\/\/www.accuratereviews.com\/it\/programmi-disegno-3d\/lumion-recensione\/#primaryimage"},"image":{"@id":"https:\/\/www.accuratereviews.com\/it\/programmi-disegno-3d\/lumion-recensione\/#primaryimage"},"thumbnailUrl":"https:\/\/www.accuratereviews.com\/wp-content\/uploads\/2025\/04\/lumion.png","datePublished":"2025-04-02T13:37:39+00:00","description":"Lumion: recensione software di rendering 3D in tempo reale con un flusso di lavoro intuitivo e una velocit\u00e0 di rendering rapida.","breadcrumb":{"@id":"https:\/\/www.accuratereviews.com\/it\/programmi-disegno-3d\/lumion-recensione\/#breadcrumb"},"inLanguage":"it-IT","potentialAction":[{"@type":"ReadAction","target":["https:\/\/www.accuratereviews.com\/it\/programmi-disegno-3d\/lumion-recensione\/"]}]},{"@type":"ImageObject","inLanguage":"it-IT","@id":"https:\/\/www.accuratereviews.com\/it\/programmi-disegno-3d\/lumion-recensione\/#primaryimage","url":"https:\/\/www.accuratereviews.com\/wp-content\/uploads\/2025\/04\/lumion.png","contentUrl":"https:\/\/www.accuratereviews.com\/wp-content\/uploads\/2025\/04\/lumion.png","width":232,"height":217},{"@type":"BreadcrumbList","@id":"https:\/\/www.accuratereviews.com\/it\/programmi-disegno-3d\/lumion-recensione\/#breadcrumb","itemListElement":[{"@type":"ListItem","position":1,"name":"Home","item":"https:\/\/www.accuratereviews.com\/it\/"},{"@type":"ListItem","position":2,"name":"Programmi per disegno 3D","item":"https:\/\/www.accuratereviews.com\/it\/programmi-disegno-3d\/"},{"@type":"ListItem","position":3,"name":"Lumion"}]},{"@type":"WebSite","@id":"https:\/\/www.accuratereviews.com\/it\/#website","url":"https:\/\/www.accuratereviews.com\/it\/","name":"Accurate Reviews","description":"","potentialAction":[{"@type":"SearchAction","target":{"@type":"EntryPoint","urlTemplate":"https:\/\/www.accuratereviews.com\/it\/?s={search_term_string}"},"query-input":{"@type":"PropertyValueSpecification","valueRequired":true,"valueName":"search_term_string"}}],"inLanguage":"it-IT"}]}},"_links":{"self":[{"href":"https:\/\/www.accuratereviews.com\/it\/wp-json\/wp\/v2\/pages\/86856","targetHints":{"allow":["GET"]}}],"collection":[{"href":"https:\/\/www.accuratereviews.com\/it\/wp-json\/wp\/v2\/pages"}],"about":[{"href":"https:\/\/www.accuratereviews.com\/it\/wp-json\/wp\/v2\/types\/page"}],"author":[{"embeddable":true,"href":"https:\/\/www.accuratereviews.com\/it\/wp-json\/wp\/v2\/users\/19"}],"replies":[{"embeddable":true,"href":"https:\/\/www.accuratereviews.com\/it\/wp-json\/wp\/v2\/comments?post=86856"}],"version-history":[{"count":5,"href":"https:\/\/www.accuratereviews.com\/it\/wp-json\/wp\/v2\/pages\/86856\/revisions"}],"predecessor-version":[{"id":86869,"href":"https:\/\/www.accuratereviews.com\/it\/wp-json\/wp\/v2\/pages\/86856\/revisions\/86869"}],"up":[{"embeddable":true,"href":"https:\/\/www.accuratereviews.com\/it\/wp-json\/wp\/v2\/pages\/85867"}],"wp:featuredmedia":[{"embeddable":true,"href":"https:\/\/www.accuratereviews.com\/it\/wp-json\/wp\/v2\/media\/86859"}],"wp:attachment":[{"href":"https:\/\/www.accuratereviews.com\/it\/wp-json\/wp\/v2\/media?parent=86856"}],"wp:term":[{"taxonomy":"category","embeddable":true,"href":"https:\/\/www.accuratereviews.com\/it\/wp-json\/wp\/v2\/categories?post=86856"},{"taxonomy":"post_tag","embeddable":true,"href":"https:\/\/www.accuratereviews.com\/it\/wp-json\/wp\/v2\/tags?post=86856"},{"taxonomy":"features","embeddable":true,"href":"https:\/\/www.accuratereviews.com\/it\/wp-json\/wp\/v2\/features?post=86856"}],"curies":[{"name":"wp","href":"https:\/\/api.w.org\/{rel}","templated":true}]}}