{"id":86873,"date":"2025-04-03T16:02:18","date_gmt":"2025-04-03T16:02:18","guid":{"rendered":"https:\/\/www.accuratereviews.com\/?page_id=86873"},"modified":"2025-04-04T08:48:17","modified_gmt":"2025-04-04T08:48:17","slug":"ansys-spaceclaim-recensione","status":"publish","type":"page","link":"https:\/\/www.accuratereviews.com\/it\/programmi-disegno-3d\/ansys-spaceclaim-recensione\/","title":{"rendered":"Ansys SpaceClaim"},"content":{"rendered":"<p><strong>Ansys<\/strong> \u00e8 un <strong>software di simulazione ingegneristica e progettazione 3D<\/strong> che aiuta le organizzazioni a gestire i processi correlati all&#8217;automazione del flusso di lavoro, analisi predittiva, visualizzazione della simulazione, personalizzazione delle applicazioni e test di prodotto. Utilizzando la metodologia di simulazione multifisica, gli ingegneri possono combinare componenti termici, fluidi, elettromagnetici, strutturali e altri componenti fisici per valutare interazioni reali tra prodotti complessi.<br \/>\nLa piattaforma <strong>EnSight<\/strong> consente ai membri del team di analizzare, visualizzare e collaborare alle operazioni di simulazione post-elaborazione. Lo strumento Exalto consente ai membri dello staff di prevedere gli effetti di accoppiamento elettromagnetico nei circuiti integrati (IC) durante la fase di approvazione. Il modulo elettronico consente agli sviluppatori di simulare e analizzare gli effetti di temperatura e vibrazione nei progetti di componenti, circuiti e sistemi. Consente, inoltre, agli utenti di creare progetti <strong>geometrici 3D<\/strong> per componenti di macchinari rotanti, quali pompe, ventole, compressori, turbine, turbocompressori e soffianti.<\/p>\n<h2>ANSYS SPACECLAIM &#8211; TUTORIAL<\/h2>\n<div id=\"fluid-wrapper-counter-1\" class=\"g1-fluid-wrapper \" style=\"width:686px;\">\n<div style=\"padding-bottom:56.268221574344%;\"><iframe loading=\"lazy\" title=\"Ansys SpaceClaim | Announcing New Features\" width=\"686\" height=\"386\" src=\"https:\/\/www.youtube.com\/embed\/6vUMkT28q20?list=PLQMtm0_chcLy5Zzp8Rf9TjTUGVYlFPJTi\" frameborder=\"0\" allow=\"accelerometer; autoplay; clipboard-write; encrypted-media; gyroscope; picture-in-picture; web-share\" referrerpolicy=\"strict-origin-when-cross-origin\" allowfullscreen><\/iframe><\/div>\n<\/div>\n<h3>ANSYS SPACECLAIM &#8211; CARATTERISTICHE<\/h3>\n<ul>\n<li><strong>Preparazione del modello per la simulazione:<\/strong> semplifica i modelli in pochi minuti anzich\u00e9 in ore. Modifica, ottimizza e parametrizza rapidamente qualsiasi file CAD per ridurre la complessit\u00e0 della mesh e velocizzare i tempi di risoluzione della simulazione.<\/li>\n<li><strong>Reverse Engineering<\/strong>: utilizza strumenti intuitivi e potenti per creare automaticamente superfici di dati mesh semplici o complessi, creare parti complesse o ricreare rapidamente ed efficientemente dispositivi.<\/li>\n<li><strong>Modellazione di progettazione e concetto:<\/strong> crea parti, assiemi e disegni. Apri, ripara e modifica qualsiasi file CAD. La tecnologia di modellazione diretta di SpaceClaim \u00e8 pi\u00f9 veloce, pi\u00f9 semplice e pi\u00f9 flessibile di qualsiasi altro strumento di modellazione 3D.<\/li>\n<li><strong>Preparazione del modello per la produzione<\/strong>: prepara i modelli per le fasi di produzione e massimizza i tempi di lavorazione. Modifica qualsiasi file CAD, ripara file CAD corrotti o difficili e progetta maschere e dispositivi di fissaggio pi\u00f9 velocemente che mai.<\/li>\n<li><strong>Progettazione e produzione di lamiere<\/strong>: completa rapidamente i lavori di lamiera riducendo al minimo i tempi di fermo in officina. Progetta custodie e converti file 3D in layout spiegati e importa e ripara progetti di lamiere spiegabili.<\/li>\n<li><strong>Stampa 3D<\/strong>: rendi qualsiasi file 3D pronto per la stampa. Analizza e ripara dati sfaccettati sporchi o corrotti o crea, modifica e prepara rapidamente modelli ottimizzati per la stampa 3D.<\/li>\n<\/ul>\n<h4>LE RECENSIONI DEGLI UTENTI<\/h4>\n<p><strong>Serdar &#8220;Lo adoro!&#8221;<\/strong><br \/>\n<strong>Commenti<\/strong>: Si tratta di un software appositamente studiato per preparare geometrie per le analisi.<br \/>\n<strong>Pro<\/strong>: Mi piace quanto sia facile preparare geometrie ottimali per analisi da quelle complesse. SpaceClaim ha strumenti specifici per questo scopo e trova automaticamente gli errori. Funzionano, ma devono essere migliorati, ovviamente.<br \/>\n<strong>Contro<\/strong>: In realt\u00e0, niente di che. Voi ragazzi potreste preparare altri tutorial. Sarebbe utile.<\/p>\n<p><strong>Nishant &#8220;Recensione degli utenti di Ansys&#8221;<\/strong><br \/>\n<strong>Commenti<\/strong>: L&#8217;esperienza complessiva \u00e8 stata buona con ansys e sto cercando di esplorarla di pi\u00f9.<br \/>\n<strong>Pro<\/strong>: Ansys \u00e8 un&#8217;applicazione utilizzata principalmente nella ricerca e dai professionisti. Inoltre viene utilizzata dagli studenti per ottenere risultati accurati e quindi super utile nell&#8217;esecuzione di analisi nella sezione di progettazione di materiali e materiali di ingegneria.<br \/>\n<strong>Contro<\/strong>: La parte meno apprezzata \u00e8 tanta collaborazione e possiamo avere strumenti diversi per questo&#8230; A volte \u00e8 in ritardo, ma va bene poich\u00e9 offre cos\u00ec tanti vantaggi rispetto agli svantaggi.<\/p>\n<p><strong>Souleymane &#8220;Il software di modellazione di cui hai bisogno.&#8221;<\/strong><br \/>\n<strong>Commenti<\/strong>: Nel complesso, ANSYS SpaceClaim consente agli utenti di riparare modelli, apportare modifiche e preparare geometrie per ulteriori analisi.<br \/>\n<strong>Pro<\/strong>: Ci\u00f2 che mi piace di questo software \u00e8 la sua capacit\u00e0 di eseguire operazioni di modellazione in modo rapido ed efficiente. \u00c8 possibile modificare le geometrie ruotandole o ridimensionandole.<br \/>\n<strong>Contro<\/strong>: Penso che ANSYS SpaceClaim sia uno strumento potente e facile da usare; quindi non ne trovo alcun aspetto che non mi piaccia.<\/p>\n","protected":false},"excerpt":{"rendered":"<p>Ansys \u00e8 un software di simulazione ingegneristica e progettazione 3D aiuta le organizzazioni a gestire i processi correlati all&#8217;automazione del flusso di lavoro, analisi predittiva, visualizzazione della simulazione, personalizzazione delle applicazioni e test di prodotto. Utilizzando la metodologia di simulazione multifisica, gli ingegneri possono combinare componenti termici, fluidi, elettromagnetici, strutturali e altri componenti fisici per valutare interazioni reali tra prodotti complessi.<\/p>\n","protected":false},"author":19,"featured_media":86875,"parent":85867,"menu_order":0,"comment_status":"closed","ping_status":"closed","template":"g1_template_page_review_new.php","meta":{"_acf_changed":false,"cwp_meta_box_check":"No","cwp_rev_product_name":"","cwp_rev_product_image":"","wppr_links":[],"cwp_rev_price":"","wppr_options":[],"wppr_pros":[],"wppr_cons":[],"_monsterinsights_skip_tracking":false,"_monsterinsights_sitenote_active":false,"_monsterinsights_sitenote_note":"","_monsterinsights_sitenote_category":0,"footnotes":""},"categories":[15900],"tags":[16067,15902,15932,15931,15934,15933],"features":[],"class_list":{"0":"post-86873","1":"page","2":"type-page","3":"status-publish","4":"has-post-thumbnail","6":"category-programmi-per-disegno-3d","7":"tag-ansys-spaceclaim","8":"tag-disegno-3d","9":"tag-piattaforma-disegno-3d","10":"tag-programma-disegno-3d","11":"tag-software-disegno-3d","12":"tag-soluzione-disegno-3d"},"wppr_data":{"cwp_meta_box_check":"No"},"acf":[],"yoast_head":"<!-- This site is optimized with the Yoast SEO plugin v27.4 - https:\/\/yoast.com\/product\/yoast-seo-wordpress\/ -->\n<title>Ansys SpaceClaim: recensione software disegno 3D - Accurate Reviews<\/title>\n<meta name=\"description\" content=\"Ansys SpaceClaim: recensione software di progettazione 3D che aiuta a gestire i processi correlati all&#039;automazione del flusso di lavoro.\" \/>\n<meta name=\"robots\" content=\"index, follow, max-snippet:-1, max-image-preview:large, max-video-preview:-1\" \/>\n<link rel=\"canonical\" href=\"https:\/\/www.accuratereviews.com\/it\/programmi-disegno-3d\/ansys-spaceclaim-recensione\/\" \/>\n<meta property=\"og:locale\" content=\"it_IT\" \/>\n<meta property=\"og:type\" content=\"article\" \/>\n<meta property=\"og:title\" content=\"Ansys SpaceClaim: recensione software disegno 3D - Accurate Reviews\" \/>\n<meta property=\"og:description\" content=\"Ansys SpaceClaim: recensione software di progettazione 3D che aiuta a gestire i processi correlati all&#039;automazione del flusso di lavoro.\" \/>\n<meta property=\"og:url\" content=\"https:\/\/www.accuratereviews.com\/it\/programmi-disegno-3d\/ansys-spaceclaim-recensione\/\" \/>\n<meta property=\"og:site_name\" content=\"Accurate Reviews\" \/>\n<meta property=\"article:modified_time\" content=\"2025-04-04T08:48:17+00:00\" \/>\n<meta property=\"og:image\" content=\"https:\/\/www.accuratereviews.com\/wp-content\/uploads\/2025\/04\/Ansys-SpaceClaim.webp\" \/>\n\t<meta property=\"og:image:width\" content=\"704\" \/>\n\t<meta property=\"og:image:height\" content=\"379\" \/>\n\t<meta property=\"og:image:type\" content=\"image\/webp\" \/>\n<meta name=\"twitter:card\" content=\"summary_large_image\" \/>\n<meta name=\"twitter:label1\" content=\"Tempo di lettura stimato\" \/>\n\t<meta name=\"twitter:data1\" content=\"5 minuti\" \/>\n<script type=\"application\/ld+json\" class=\"yoast-schema-graph\">{\"@context\":\"https:\\\/\\\/schema.org\",\"@graph\":[{\"@type\":\"WebPage\",\"@id\":\"https:\\\/\\\/www.accuratereviews.com\\\/it\\\/programmi-disegno-3d\\\/ansys-spaceclaim-recensione\\\/\",\"url\":\"https:\\\/\\\/www.accuratereviews.com\\\/it\\\/programmi-disegno-3d\\\/ansys-spaceclaim-recensione\\\/\",\"name\":\"Ansys SpaceClaim: recensione software disegno 3D - Accurate Reviews\",\"isPartOf\":{\"@id\":\"https:\\\/\\\/www.accuratereviews.com\\\/it\\\/#website\"},\"primaryImageOfPage\":{\"@id\":\"https:\\\/\\\/www.accuratereviews.com\\\/it\\\/programmi-disegno-3d\\\/ansys-spaceclaim-recensione\\\/#primaryimage\"},\"image\":{\"@id\":\"https:\\\/\\\/www.accuratereviews.com\\\/it\\\/programmi-disegno-3d\\\/ansys-spaceclaim-recensione\\\/#primaryimage\"},\"thumbnailUrl\":\"https:\\\/\\\/www.accuratereviews.com\\\/wp-content\\\/uploads\\\/2025\\\/04\\\/Ansys-SpaceClaim.webp\",\"datePublished\":\"2025-04-03T16:02:18+00:00\",\"dateModified\":\"2025-04-04T08:48:17+00:00\",\"description\":\"Ansys SpaceClaim: recensione software di progettazione 3D che aiuta a gestire i processi correlati all'automazione del flusso di lavoro.\",\"breadcrumb\":{\"@id\":\"https:\\\/\\\/www.accuratereviews.com\\\/it\\\/programmi-disegno-3d\\\/ansys-spaceclaim-recensione\\\/#breadcrumb\"},\"inLanguage\":\"it-IT\",\"potentialAction\":[{\"@type\":\"ReadAction\",\"target\":[\"https:\\\/\\\/www.accuratereviews.com\\\/it\\\/programmi-disegno-3d\\\/ansys-spaceclaim-recensione\\\/\"]}]},{\"@type\":\"ImageObject\",\"inLanguage\":\"it-IT\",\"@id\":\"https:\\\/\\\/www.accuratereviews.com\\\/it\\\/programmi-disegno-3d\\\/ansys-spaceclaim-recensione\\\/#primaryimage\",\"url\":\"https:\\\/\\\/www.accuratereviews.com\\\/wp-content\\\/uploads\\\/2025\\\/04\\\/Ansys-SpaceClaim.webp\",\"contentUrl\":\"https:\\\/\\\/www.accuratereviews.com\\\/wp-content\\\/uploads\\\/2025\\\/04\\\/Ansys-SpaceClaim.webp\",\"width\":704,\"height\":379},{\"@type\":\"BreadcrumbList\",\"@id\":\"https:\\\/\\\/www.accuratereviews.com\\\/it\\\/programmi-disegno-3d\\\/ansys-spaceclaim-recensione\\\/#breadcrumb\",\"itemListElement\":[{\"@type\":\"ListItem\",\"position\":1,\"name\":\"Home\",\"item\":\"https:\\\/\\\/www.accuratereviews.com\\\/it\\\/\"},{\"@type\":\"ListItem\",\"position\":2,\"name\":\"Programmi per disegno 3D\",\"item\":\"https:\\\/\\\/www.accuratereviews.com\\\/it\\\/programmi-disegno-3d\\\/\"},{\"@type\":\"ListItem\",\"position\":3,\"name\":\"Ansys SpaceClaim\"}]},{\"@type\":\"WebSite\",\"@id\":\"https:\\\/\\\/www.accuratereviews.com\\\/it\\\/#website\",\"url\":\"https:\\\/\\\/www.accuratereviews.com\\\/it\\\/\",\"name\":\"Accurate Reviews\",\"description\":\"\",\"potentialAction\":[{\"@type\":\"SearchAction\",\"target\":{\"@type\":\"EntryPoint\",\"urlTemplate\":\"https:\\\/\\\/www.accuratereviews.com\\\/it\\\/?s={search_term_string}\"},\"query-input\":{\"@type\":\"PropertyValueSpecification\",\"valueRequired\":true,\"valueName\":\"search_term_string\"}}],\"inLanguage\":\"it-IT\"}]}<\/script>\n<!-- \/ Yoast SEO plugin. -->","yoast_head_json":{"title":"Ansys SpaceClaim: recensione software disegno 3D - Accurate Reviews","description":"Ansys SpaceClaim: recensione software di progettazione 3D che aiuta a gestire i processi correlati all'automazione del flusso di lavoro.","robots":{"index":"index","follow":"follow","max-snippet":"max-snippet:-1","max-image-preview":"max-image-preview:large","max-video-preview":"max-video-preview:-1"},"canonical":"https:\/\/www.accuratereviews.com\/it\/programmi-disegno-3d\/ansys-spaceclaim-recensione\/","og_locale":"it_IT","og_type":"article","og_title":"Ansys SpaceClaim: recensione software disegno 3D - Accurate Reviews","og_description":"Ansys SpaceClaim: recensione software di progettazione 3D che aiuta a gestire i processi correlati all'automazione del flusso di lavoro.","og_url":"https:\/\/www.accuratereviews.com\/it\/programmi-disegno-3d\/ansys-spaceclaim-recensione\/","og_site_name":"Accurate Reviews","article_modified_time":"2025-04-04T08:48:17+00:00","og_image":[{"width":704,"height":379,"url":"https:\/\/www.accuratereviews.com\/wp-content\/uploads\/2025\/04\/Ansys-SpaceClaim.webp","type":"image\/webp"}],"twitter_card":"summary_large_image","twitter_misc":{"Tempo di lettura stimato":"5 minuti"},"schema":{"@context":"https:\/\/schema.org","@graph":[{"@type":"WebPage","@id":"https:\/\/www.accuratereviews.com\/it\/programmi-disegno-3d\/ansys-spaceclaim-recensione\/","url":"https:\/\/www.accuratereviews.com\/it\/programmi-disegno-3d\/ansys-spaceclaim-recensione\/","name":"Ansys SpaceClaim: recensione software disegno 3D - Accurate Reviews","isPartOf":{"@id":"https:\/\/www.accuratereviews.com\/it\/#website"},"primaryImageOfPage":{"@id":"https:\/\/www.accuratereviews.com\/it\/programmi-disegno-3d\/ansys-spaceclaim-recensione\/#primaryimage"},"image":{"@id":"https:\/\/www.accuratereviews.com\/it\/programmi-disegno-3d\/ansys-spaceclaim-recensione\/#primaryimage"},"thumbnailUrl":"https:\/\/www.accuratereviews.com\/wp-content\/uploads\/2025\/04\/Ansys-SpaceClaim.webp","datePublished":"2025-04-03T16:02:18+00:00","dateModified":"2025-04-04T08:48:17+00:00","description":"Ansys SpaceClaim: recensione software di progettazione 3D che aiuta a gestire i processi correlati all'automazione del flusso di lavoro.","breadcrumb":{"@id":"https:\/\/www.accuratereviews.com\/it\/programmi-disegno-3d\/ansys-spaceclaim-recensione\/#breadcrumb"},"inLanguage":"it-IT","potentialAction":[{"@type":"ReadAction","target":["https:\/\/www.accuratereviews.com\/it\/programmi-disegno-3d\/ansys-spaceclaim-recensione\/"]}]},{"@type":"ImageObject","inLanguage":"it-IT","@id":"https:\/\/www.accuratereviews.com\/it\/programmi-disegno-3d\/ansys-spaceclaim-recensione\/#primaryimage","url":"https:\/\/www.accuratereviews.com\/wp-content\/uploads\/2025\/04\/Ansys-SpaceClaim.webp","contentUrl":"https:\/\/www.accuratereviews.com\/wp-content\/uploads\/2025\/04\/Ansys-SpaceClaim.webp","width":704,"height":379},{"@type":"BreadcrumbList","@id":"https:\/\/www.accuratereviews.com\/it\/programmi-disegno-3d\/ansys-spaceclaim-recensione\/#breadcrumb","itemListElement":[{"@type":"ListItem","position":1,"name":"Home","item":"https:\/\/www.accuratereviews.com\/it\/"},{"@type":"ListItem","position":2,"name":"Programmi per disegno 3D","item":"https:\/\/www.accuratereviews.com\/it\/programmi-disegno-3d\/"},{"@type":"ListItem","position":3,"name":"Ansys SpaceClaim"}]},{"@type":"WebSite","@id":"https:\/\/www.accuratereviews.com\/it\/#website","url":"https:\/\/www.accuratereviews.com\/it\/","name":"Accurate Reviews","description":"","potentialAction":[{"@type":"SearchAction","target":{"@type":"EntryPoint","urlTemplate":"https:\/\/www.accuratereviews.com\/it\/?s={search_term_string}"},"query-input":{"@type":"PropertyValueSpecification","valueRequired":true,"valueName":"search_term_string"}}],"inLanguage":"it-IT"}]}},"_links":{"self":[{"href":"https:\/\/www.accuratereviews.com\/it\/wp-json\/wp\/v2\/pages\/86873","targetHints":{"allow":["GET"]}}],"collection":[{"href":"https:\/\/www.accuratereviews.com\/it\/wp-json\/wp\/v2\/pages"}],"about":[{"href":"https:\/\/www.accuratereviews.com\/it\/wp-json\/wp\/v2\/types\/page"}],"author":[{"embeddable":true,"href":"https:\/\/www.accuratereviews.com\/it\/wp-json\/wp\/v2\/users\/19"}],"replies":[{"embeddable":true,"href":"https:\/\/www.accuratereviews.com\/it\/wp-json\/wp\/v2\/comments?post=86873"}],"version-history":[{"count":8,"href":"https:\/\/www.accuratereviews.com\/it\/wp-json\/wp\/v2\/pages\/86873\/revisions"}],"predecessor-version":[{"id":86915,"href":"https:\/\/www.accuratereviews.com\/it\/wp-json\/wp\/v2\/pages\/86873\/revisions\/86915"}],"up":[{"embeddable":true,"href":"https:\/\/www.accuratereviews.com\/it\/wp-json\/wp\/v2\/pages\/85867"}],"wp:featuredmedia":[{"embeddable":true,"href":"https:\/\/www.accuratereviews.com\/it\/wp-json\/wp\/v2\/media\/86875"}],"wp:attachment":[{"href":"https:\/\/www.accuratereviews.com\/it\/wp-json\/wp\/v2\/media?parent=86873"}],"wp:term":[{"taxonomy":"category","embeddable":true,"href":"https:\/\/www.accuratereviews.com\/it\/wp-json\/wp\/v2\/categories?post=86873"},{"taxonomy":"post_tag","embeddable":true,"href":"https:\/\/www.accuratereviews.com\/it\/wp-json\/wp\/v2\/tags?post=86873"},{"taxonomy":"features","embeddable":true,"href":"https:\/\/www.accuratereviews.com\/it\/wp-json\/wp\/v2\/features?post=86873"}],"curies":[{"name":"wp","href":"https:\/\/api.w.org\/{rel}","templated":true}]}}