{"id":86905,"date":"2025-04-04T13:23:09","date_gmt":"2025-04-04T13:23:09","guid":{"rendered":"https:\/\/www.accuratereviews.com\/?page_id=86905"},"modified":"2025-04-04T13:23:09","modified_gmt":"2025-04-04T13:23:09","slug":"microstation-recensione","status":"publish","type":"page","link":"https:\/\/www.accuratereviews.com\/it\/programmi-disegno-3d\/microstation-recensione\/","title":{"rendered":"MicroStation"},"content":{"rendered":"<p><strong>MicroStation<\/strong> \u00e8 un <strong>software di architettura 3D<\/strong> che aiuta a creare e visualizzare disegni 2D e progetti 3D assistiti da computer. La piattaforma consente ai creatori di creare modelli utilizzando vari strumenti di progettazione parametrica, tra cui mesh, superfici e modellazione solida. I progettisti possono creare <strong>modelli fisici 3D<\/strong>, stili di visualizzazione, grafici su carta e markup digitali di vari progetti in una dashboard centralizzata.<br \/>\n<strong>MicroStation<\/strong> consente ai manager di integrare immagini, informazioni geospaziali e<strong> mesh 3D<\/strong> per creare modelli di costruzione geospaziali. I team possono anche applicare standard di geometria specifici del progetto, come quote, simboli, linee e testi, per unificare i disegni in base agli standard di conformit\u00e0. Gli operatori possono, inoltre, collaborare con i membri del team su vari progetti e tenere traccia delle modifiche in una dashboard centralizzata.<\/p>\n<h2>MICROSTATION &#8211; TUTORIAL<\/h2>\n<div id=\"fluid-wrapper-counter-1\" class=\"g1-fluid-wrapper \" style=\"width:686px;\">\n<div style=\"padding-bottom:56.268221574344%;\"><iframe loading=\"lazy\" title=\"Creating a 3D Chair in #microstation #tutorial #learning #3d\" width=\"686\" height=\"386\" src=\"https:\/\/www.youtube.com\/embed\/L_rMJNcyvvA?feature=oembed&amp;wmode=transparent&amp;autohide=1&amp;autoplay=0&amp;disablekb=0&amp;fs=1&amp;loop=0&amp;enablejsapi=1&amp;rel=0&amp;controls=2&amp;showinfo=0&amp;wmode=transparent&amp;autohide=2&amp;autoplay=0&amp;disablekb=0&amp;fs=1&amp;loop=0&amp;enablejsapi=1&amp;rel=0&amp;controls=2&amp;showinfo=1\" frameborder=\"0\" allow=\"accelerometer; autoplay; clipboard-write; encrypted-media; gyroscope; picture-in-picture; web-share\" referrerpolicy=\"strict-origin-when-cross-origin\" allowfullscreen><\/iframe><\/div>\n<\/div>\n<h3>MICROSTATION &#8211; CARATTERISTICHE<\/h3>\n<ul>\n<li><strong>Bozza in 2D<\/strong>: sviluppa disegni precisi utilizzando un set completo di strumenti di disegno per creare in modo efficiente la geometria 2D. Fai progredire rapidamente i tuoi progetti dal concept al completamento utilizzando vincoli persistenti per mantenere l&#8217;intento di progettazione.<\/li>\n<li><strong>Modella in 3D<\/strong>: sviluppa modelli in un contesto reale con un&#8217;ampia gamma di strumenti di modellazione 3D. Crea e modifica modelli di curve, superfici, mesh, feature e solidi. Crea componenti funzionali e parametrici con varianti predefinite per semplificare la gestione e la ricerca di molti componenti simili.<\/li>\n<li><strong>Sviluppa una documentazione completa del modello<\/strong>: presenta la documentazione e le informazioni di progettazione correlate all&#8217;interno del contesto spaziale del modello 3D per migliorarne significativamente la chiarezza. Incorpora collegamenti a documenti e siti Web di Microsoft Office correlati. Passa facilmente dal contenuto di un file o modello ad altri.<\/li>\n<li><strong>Analizza e visualizza modelli<\/strong>: analizza e visualizza modelli in base alla loro geometria o attributi. Rileva e risolvi conflitti; esegui analisi dell&#8217;esposizione solare e dell&#8217;ombreggiatura nel mondo reale. Applica stili di visualizzazione in tempo reale per visualizzare modelli in base all&#8217;altezza, alla pendenza, all&#8217;angolo di aspetto e ad altre propriet\u00e0 incorporate di ciascun oggetto.<\/li>\n<li><strong>Accelera i flussi di lavoro<\/strong>: accelera le attivit\u00e0 di progettazione e i flussi di lavoro correlati con snap interattivi intelligenti. Migliora la produttivit\u00e0 con lo strumento AccuDraw per l&#8217;immissione dinamica di dati con visualizzazione heads-up. Personalizza e raggruppa strumenti e attivit\u00e0 e riduci le sequenze di tasti con la mappatura della posizione della tastiera e la possibilit\u00e0 di personalizzare i menu del cursore.<\/li>\n<li><strong>Proteggi i tuoi dati<\/strong>: assicurati che solo determinati individui possano visualizzare e\/o modificare i file. Puoi garantire l&#8217;integrit\u00e0 dei tuoi documenti utilizzando firme digitali e controllare i diritti digitali per visualizzare, modificare, stampare e copiare i contenuti dei file, inclusa una data di scadenza predefinita in cui \u00e8 possibile accedere al file<\/li>\n<li><strong>Crea animazioni<\/strong>: produci filmati e simulazioni realistici da modelli di progettazione, costruzione e operativi con il motore di rendering VUE integrato. Scegli tra animazioni basate su fotogrammi chiave e temporali. Ottieni i risultati che desideri, pi\u00f9 velocemente, utilizzando anteprime di animazione live sullo schermo ed elaborazione di rete distribuita.<\/li>\n<li><strong>Genera rendering realistici<\/strong>: crea visualizzazioni realistiche utilizzando un motore di rendering VUE integrato. Utilizza librerie online e distribuite di materiali fisicamente corretti, illuminazione e contenuti fotorealistici avanzati (RPC). Ottieni risultati pi\u00f9 velocemente con il rendering di rete distribuito.<\/li>\n<li><strong>Produci documentazione intelligente<\/strong>: genera documenti cartacei e digitali coerenti e di alta qualit\u00e0, come grafici cartacei, report, PDF 2D\/3D e modelli fisici 3D. Automatizza e velocizza annotazioni, stili di visualizzazione e report generandoli direttamente dalle propriet\u00e0 incorporate degli oggetti. Ci\u00f2 automatizza e velocizza gli stili di visualizzazione delle annotazioni e i report visivi e ti d\u00e0 la certezza che rimarranno sempre sincronizzati con il modello durante il lavoro in corso.<\/li>\n<li><strong>Crea il tuo gemello digitale<\/strong>: inizia facilmente a sincronizzare i tuoi progetti esistenti con un iModel per sfruttare un gemello digitale. Condividi il gemello digitale con il tuo team di progetto per vedere le ultime revisioni e modifiche al progetto.<\/li>\n<li><strong>Revisiona i progetti in modo collaborativo<\/strong>: lavora in tempo reale con i membri del tuo team di progetto esaminando\/monitorando\/risolvendo con il servizio di risoluzione dei problemi. Identifica, assegna e rivedi l&#8217;avanzamento delle revisioni e delle modifiche per qualsiasi tipo di problema che si verifica nel modello.<\/li>\n<li><strong>Mantieni e applica gli standard:<\/strong> assicurati la corretta applicazione degli standard specifici dell&#8217;organizzazione e del progetto. Applica modelli per controllare la geometria e gli standard dei dati come stili per quote, testo, linee, simboli di dettaglio e altro. Una volta completati i progetti, usa strumenti automatizzati per controllare i disegni per la conformit\u00e0 agli standard.<\/li>\n<li><strong>Progetti di localizzazione geospaziale<\/strong>: integra informazioni geospaziali da centinaia di sistemi di coordinate supportati nei tuoi progetti. Accedi ai dati da server di mappe Web OGC, usa dati GPS in tempo reale, mappe Microsoft Bing e crea e fai riferimento a PDF geospaziali.<\/li>\n<li><strong>Incorpora formati di progettazione comuni<\/strong>: leggi, condividi e consuma facilmente dati precisi in formati di settore chiave come RealDWG\u2122 di Autodesk\u00ae (condividi e consuma), IFC (leggi), Esri SHP (leggi) e altro. Aggrega e assembla pi\u00f9 formati di file tra cui PDF, U3D, 3DS, Rhino 3DM, IGES, Parasolid, ACIS SAT, CGM, STEP AP203\/AP214, STL, OBJ, VRMLWorld, SketchUp SKP e Collada.<\/li>\n<li><strong>Incorpora contenuti di progettazione referenziati<\/strong>: visualizza e lavora con informazioni di progettazione da altri in tempo reale utilizzando il riferimento live di file DGN 2D\/3D, DWG e immagini di grandi dimensioni, aggiornati su richiesta. Puoi persino fare riferimento in modo nativo ai file PDF nei tuoi progetti.<\/li>\n<li><strong>Integrazione di nuvole di punti:<\/strong> incorpora facilmente un&#8217;ampia gamma e scala di dati di nuvole di punti nell&#8217;ambiente di progettazione. &#8220;Visualizza, renderizza e misura i dati point-cloud per comprendere meglio le condizioni esistenti e velocizzare il dimensionamento e la modellazione.<\/li>\n<li><strong>Lavora in un ambiente personalizzato<\/strong>: lavora con sicurezza nel contesto giusto per ogni progetto perch\u00e9 le impostazioni e gli standard richiesti vengono applicati automaticamente. Sfrutta i consigli personalizzati per aiutarti a ottenere il massimo dall&#8217;uso del software.<\/li>\n<li><strong>Integra immagini raster<\/strong>: incorpora facilmente immagini raster di tutti i tipi, tra cui immagini aeree e satellitari e documenti scansionati. Scegli tra decine di formati di file supportati, tra cui CALS, BMP, TIF, GeoTIFF, JPG e molti altri.<\/li>\n<li><strong>Estendi e personalizza i flussi di lavoro<\/strong>: semplifica il tuo flusso di lavoro e integralo con i sistemi aziendali utilizzando un&#8217;ampia gamma di strumenti disponibili per personalizzare l&#8217;interfaccia utente. Sviluppa soluzioni utilizzando Microsoft (VBA), .NET, C++, C# e macro definite dall&#8217;utente.<\/li>\n<li><strong>Integra mesh di realt\u00e0:<\/strong> incorpora modelli 3D realistici con texture fotografica o mesh di realt\u00e0 nei tuoi progetti. Questi modelli altamente realistici possono essere utilizzati direttamente nell&#8217;ambiente di progettazione come base per la modellazione di progettazione e costruzione per modelli pi\u00f9 rapidi e di migliore qualit\u00e0.<\/li>\n<li><strong>Gestisci le modifiche di progettazione<\/strong>: traccia e comprendi facilmente le modifiche apportate ai file di progettazione, anche a livello di componente, durante tutto il loro ciclo di vita. Visualizza, traccia e ripristina selettivamente qualsiasi modifica individuale apportata nella cronologia di un file.<\/li>\n<\/ul>\n<h4>LE RECENSIONI DEGLI UTENTI<\/h4>\n<p><strong>David &#8220;Utilizzo di MicroStation&#8221;<\/strong><br \/>\n<strong>Pro<\/strong>: ho apprezzato la facilit\u00e0 d&#8217;uso e di configurazione\/distribuzione per i nostri utenti finali<br \/>\n<strong>Contro<\/strong>: non ho trovato niente di specifico che non mi piacesse.<\/p>\n<p><strong>Julius &#8220;Microstation supera le aspettative&#8221;<\/strong><br \/>\n<strong>Commenti<\/strong>: Ho utilizzato Microstation per 5 anni e ha dato ci\u00f2 che ci si aspetta da esso quando si tratta di redazione e documentazione 2D. Consiglierei Microstation a chiunque voglia sperimentare un diverso tipo di ambiente di lavoro che fornisca un software pi\u00f9 flessibile.<br \/>\n<strong>Pro<\/strong>: Mi piace l&#8217;ambiente software di Microstation e l&#8217;immissione diretta dei comandi senza il fastidio di essere confusi con alcune delle sue interfacce. I menu a discesa, i nastri e le palette dei comandi sono facili da usare e sono utili per velocizzare i lavori di stesura e il coordinamento dei disegni non \u00e8 cos\u00ec difficile.<br \/>\n<strong>Contro<\/strong>: Microstation non ha alcuni degli aggiornamenti che renderebbero la stesura pi\u00f9 dinamica quando si tratta di generazione di comandi per fornire un rapido turnaround. Oggigiorno, la produzione di disegni \u00e8 critica e spero che Bentley possa trovare alcune innovazioni che possano competere con altri software di disegno.<\/p>\n<p><strong>Nina &#8220;Microstation &#8211; Edizione Connect&#8221;<\/strong><br \/>\n<strong>Commenti<\/strong>: Nel complesso \u00e8 una buona esperienza, abbastanza logica.<br \/>\nVorrei che molte opzioni di V8i potessero essere mostrate con la stessa logica per Connect Edition (che utilizziamo ora)<br \/>\n<strong>Pro<\/strong>: Mi piace la funzionalit\u00e0 del riferimento (rispetto ad AutoCAD, \u00e8 molto pi\u00f9 semplice e veloce)<br \/>\n<strong>Contro<\/strong>: Quando si fa riferimento a file AutoCAD (ci\u00f2 di cui abbiamo bisogno abbastanza spesso) &#8211; a volte non funziona, \u00e8 necessario trasferire i file AutoCAD in Microstation<\/p>\n","protected":false},"excerpt":{"rendered":"<p>MicroStation \u00e8 un software di architettura 3D che aiuta a creare e visualizzare disegni 2D e progetti 3D assistiti da computer. La piattaforma consente ai creatori di creare modelli utilizzando vari strumenti di progettazione parametrica, tra cui mesh, superfici e modellazione solida. I progettisti possono creare modelli fisici 3D, stili di visualizzazione, grafici su carta e markup digitali di vari progetti in una dashboard centralizzata.<\/p>\n","protected":false},"author":19,"featured_media":86907,"parent":85867,"menu_order":0,"comment_status":"open","ping_status":"closed","template":"g1_template_page_review_new.php","meta":{"_acf_changed":false,"cwp_meta_box_check":"Yes","cwp_rev_product_name":"","cwp_rev_product_image":"","wppr_links":[],"cwp_rev_price":"0.00","wppr_options":[{"name":"Usability","value":"0"},{"name":"Speed","value":"0"},{"name":"Features","value":"0"},{"name":"Support","value":"0"},{"name":"Pricing","value":"0"}],"wppr_pros":["","","","",""],"wppr_cons":["","","","",""],"_monsterinsights_skip_tracking":false,"_monsterinsights_sitenote_active":false,"_monsterinsights_sitenote_note":"","_monsterinsights_sitenote_category":0,"footnotes":""},"categories":[15900],"tags":[15902,16074,15932,15931,15934,15933],"features":[],"class_list":{"0":"post-86905","1":"page","2":"type-page","3":"status-publish","4":"has-post-thumbnail","6":"category-programmi-per-disegno-3d","7":"tag-disegno-3d","8":"tag-microstation","9":"tag-piattaforma-disegno-3d","10":"tag-programma-disegno-3d","11":"tag-software-disegno-3d","12":"tag-soluzione-disegno-3d"},"wppr_data":{"cwp_meta_box_check":"Yes","_wppr_review_template":"default","cwp_rev_product_image":"","cwp_image_link":"image","wppr_links":[],"cwp_rev_price":"0.00","wppr_pros":["","","","",""],"wppr_cons":["","","","",""],"wppr_rating":"0.00","wppr_options":{"1":{"name":"Usability","value":"0"},"2":{"name":"Speed","value":"0"},"3":{"name":"Features","value":"0"},"4":{"name":"Support","value":"0"},"5":{"name":"Pricing","value":"0"}},"wppr_review_type":"Product","wppr_review_custom_fields":{"additionalProperty":"","additionalType":"","aggregateRating":"","alternateName":"","audience":"","award":"","awards":"","brand":"","color":"","depth":"","description":"","disambiguatingDescription":"","gtin12":"","gtin13":"","gtin14":"","gtin8":"","height":"","identifier":"","image":"","isAccessoryOrSparePartFor":"","isConsumableFor":"","isRelatedTo":"","isSimilarTo":"","itemCondition":"","logo":"","mainEntityOfPage":"","manufacturer":"","material":"","model":"","mpn":"","name":"","offers":"","potentialAction":"","productID":"","productionDate":"","purchaseDate":"","releaseDate":"","review":"","reviews":"","sameAs":"","sku":"","slogan":"","subjectOf":"","url":"","weight":"","width":""}},"acf":[],"yoast_head":"<!-- This site is optimized with the Yoast SEO plugin v27.4 - https:\/\/yoast.com\/product\/yoast-seo-wordpress\/ -->\n<title>MicroStation: recensione software disegno 3D - Accurate Reviews<\/title>\n<meta name=\"description\" content=\"MicroStation: recensione software di architettura 3D che aiuta a creare e visualizzare disegni 2D e progetti 3D assistiti da computer.\" \/>\n<meta name=\"robots\" content=\"index, follow, max-snippet:-1, max-image-preview:large, max-video-preview:-1\" \/>\n<link rel=\"canonical\" href=\"https:\/\/www.accuratereviews.com\/it\/programmi-disegno-3d\/microstation-recensione\/\" \/>\n<meta property=\"og:locale\" content=\"it_IT\" \/>\n<meta property=\"og:type\" content=\"article\" \/>\n<meta property=\"og:title\" content=\"MicroStation: recensione software disegno 3D - Accurate Reviews\" \/>\n<meta property=\"og:description\" content=\"MicroStation: recensione software di architettura 3D che aiuta a creare e visualizzare disegni 2D e progetti 3D assistiti da computer.\" \/>\n<meta property=\"og:url\" content=\"https:\/\/www.accuratereviews.com\/it\/programmi-disegno-3d\/microstation-recensione\/\" \/>\n<meta property=\"og:site_name\" content=\"Accurate Reviews\" \/>\n<meta property=\"og:image\" content=\"https:\/\/www.accuratereviews.com\/wp-content\/uploads\/2025\/04\/MicroStation.png\" \/>\n\t<meta property=\"og:image:width\" content=\"239\" \/>\n\t<meta property=\"og:image:height\" content=\"239\" \/>\n\t<meta property=\"og:image:type\" content=\"image\/png\" \/>\n<meta name=\"twitter:card\" content=\"summary_large_image\" \/>\n<meta name=\"twitter:label1\" content=\"Tempo di lettura stimato\" \/>\n\t<meta name=\"twitter:data1\" content=\"9 minuti\" \/>\n<script type=\"application\/ld+json\" class=\"yoast-schema-graph\">{\"@context\":\"https:\\\/\\\/schema.org\",\"@graph\":[{\"@type\":\"WebPage\",\"@id\":\"https:\\\/\\\/www.accuratereviews.com\\\/it\\\/programmi-disegno-3d\\\/microstation-recensione\\\/\",\"url\":\"https:\\\/\\\/www.accuratereviews.com\\\/it\\\/programmi-disegno-3d\\\/microstation-recensione\\\/\",\"name\":\"MicroStation: recensione software disegno 3D - Accurate Reviews\",\"isPartOf\":{\"@id\":\"https:\\\/\\\/www.accuratereviews.com\\\/it\\\/#website\"},\"primaryImageOfPage\":{\"@id\":\"https:\\\/\\\/www.accuratereviews.com\\\/it\\\/programmi-disegno-3d\\\/microstation-recensione\\\/#primaryimage\"},\"image\":{\"@id\":\"https:\\\/\\\/www.accuratereviews.com\\\/it\\\/programmi-disegno-3d\\\/microstation-recensione\\\/#primaryimage\"},\"thumbnailUrl\":\"https:\\\/\\\/www.accuratereviews.com\\\/wp-content\\\/uploads\\\/2025\\\/04\\\/MicroStation.png\",\"datePublished\":\"2025-04-04T13:23:09+00:00\",\"description\":\"MicroStation: recensione software di architettura 3D che aiuta a creare e visualizzare disegni 2D e progetti 3D assistiti da computer.\",\"breadcrumb\":{\"@id\":\"https:\\\/\\\/www.accuratereviews.com\\\/it\\\/programmi-disegno-3d\\\/microstation-recensione\\\/#breadcrumb\"},\"inLanguage\":\"it-IT\",\"potentialAction\":[{\"@type\":\"ReadAction\",\"target\":[\"https:\\\/\\\/www.accuratereviews.com\\\/it\\\/programmi-disegno-3d\\\/microstation-recensione\\\/\"]}]},{\"@type\":\"ImageObject\",\"inLanguage\":\"it-IT\",\"@id\":\"https:\\\/\\\/www.accuratereviews.com\\\/it\\\/programmi-disegno-3d\\\/microstation-recensione\\\/#primaryimage\",\"url\":\"https:\\\/\\\/www.accuratereviews.com\\\/wp-content\\\/uploads\\\/2025\\\/04\\\/MicroStation.png\",\"contentUrl\":\"https:\\\/\\\/www.accuratereviews.com\\\/wp-content\\\/uploads\\\/2025\\\/04\\\/MicroStation.png\",\"width\":239,\"height\":239},{\"@type\":\"BreadcrumbList\",\"@id\":\"https:\\\/\\\/www.accuratereviews.com\\\/it\\\/programmi-disegno-3d\\\/microstation-recensione\\\/#breadcrumb\",\"itemListElement\":[{\"@type\":\"ListItem\",\"position\":1,\"name\":\"Home\",\"item\":\"https:\\\/\\\/www.accuratereviews.com\\\/it\\\/\"},{\"@type\":\"ListItem\",\"position\":2,\"name\":\"Programmi per disegno 3D\",\"item\":\"https:\\\/\\\/www.accuratereviews.com\\\/it\\\/programmi-disegno-3d\\\/\"},{\"@type\":\"ListItem\",\"position\":3,\"name\":\"MicroStation\"}]},{\"@type\":\"WebSite\",\"@id\":\"https:\\\/\\\/www.accuratereviews.com\\\/it\\\/#website\",\"url\":\"https:\\\/\\\/www.accuratereviews.com\\\/it\\\/\",\"name\":\"Accurate Reviews\",\"description\":\"\",\"potentialAction\":[{\"@type\":\"SearchAction\",\"target\":{\"@type\":\"EntryPoint\",\"urlTemplate\":\"https:\\\/\\\/www.accuratereviews.com\\\/it\\\/?s={search_term_string}\"},\"query-input\":{\"@type\":\"PropertyValueSpecification\",\"valueRequired\":true,\"valueName\":\"search_term_string\"}}],\"inLanguage\":\"it-IT\"}]}<\/script>\n<!-- \/ Yoast SEO plugin. -->","yoast_head_json":{"title":"MicroStation: recensione software disegno 3D - Accurate Reviews","description":"MicroStation: recensione software di architettura 3D che aiuta a creare e visualizzare disegni 2D e progetti 3D assistiti da computer.","robots":{"index":"index","follow":"follow","max-snippet":"max-snippet:-1","max-image-preview":"max-image-preview:large","max-video-preview":"max-video-preview:-1"},"canonical":"https:\/\/www.accuratereviews.com\/it\/programmi-disegno-3d\/microstation-recensione\/","og_locale":"it_IT","og_type":"article","og_title":"MicroStation: recensione software disegno 3D - Accurate Reviews","og_description":"MicroStation: recensione software di architettura 3D che aiuta a creare e visualizzare disegni 2D e progetti 3D assistiti da computer.","og_url":"https:\/\/www.accuratereviews.com\/it\/programmi-disegno-3d\/microstation-recensione\/","og_site_name":"Accurate Reviews","og_image":[{"width":239,"height":239,"url":"https:\/\/www.accuratereviews.com\/wp-content\/uploads\/2025\/04\/MicroStation.png","type":"image\/png"}],"twitter_card":"summary_large_image","twitter_misc":{"Tempo di lettura stimato":"9 minuti"},"schema":{"@context":"https:\/\/schema.org","@graph":[{"@type":"WebPage","@id":"https:\/\/www.accuratereviews.com\/it\/programmi-disegno-3d\/microstation-recensione\/","url":"https:\/\/www.accuratereviews.com\/it\/programmi-disegno-3d\/microstation-recensione\/","name":"MicroStation: recensione software disegno 3D - Accurate Reviews","isPartOf":{"@id":"https:\/\/www.accuratereviews.com\/it\/#website"},"primaryImageOfPage":{"@id":"https:\/\/www.accuratereviews.com\/it\/programmi-disegno-3d\/microstation-recensione\/#primaryimage"},"image":{"@id":"https:\/\/www.accuratereviews.com\/it\/programmi-disegno-3d\/microstation-recensione\/#primaryimage"},"thumbnailUrl":"https:\/\/www.accuratereviews.com\/wp-content\/uploads\/2025\/04\/MicroStation.png","datePublished":"2025-04-04T13:23:09+00:00","description":"MicroStation: recensione software di architettura 3D che aiuta a creare e visualizzare disegni 2D e progetti 3D assistiti da computer.","breadcrumb":{"@id":"https:\/\/www.accuratereviews.com\/it\/programmi-disegno-3d\/microstation-recensione\/#breadcrumb"},"inLanguage":"it-IT","potentialAction":[{"@type":"ReadAction","target":["https:\/\/www.accuratereviews.com\/it\/programmi-disegno-3d\/microstation-recensione\/"]}]},{"@type":"ImageObject","inLanguage":"it-IT","@id":"https:\/\/www.accuratereviews.com\/it\/programmi-disegno-3d\/microstation-recensione\/#primaryimage","url":"https:\/\/www.accuratereviews.com\/wp-content\/uploads\/2025\/04\/MicroStation.png","contentUrl":"https:\/\/www.accuratereviews.com\/wp-content\/uploads\/2025\/04\/MicroStation.png","width":239,"height":239},{"@type":"BreadcrumbList","@id":"https:\/\/www.accuratereviews.com\/it\/programmi-disegno-3d\/microstation-recensione\/#breadcrumb","itemListElement":[{"@type":"ListItem","position":1,"name":"Home","item":"https:\/\/www.accuratereviews.com\/it\/"},{"@type":"ListItem","position":2,"name":"Programmi per disegno 3D","item":"https:\/\/www.accuratereviews.com\/it\/programmi-disegno-3d\/"},{"@type":"ListItem","position":3,"name":"MicroStation"}]},{"@type":"WebSite","@id":"https:\/\/www.accuratereviews.com\/it\/#website","url":"https:\/\/www.accuratereviews.com\/it\/","name":"Accurate Reviews","description":"","potentialAction":[{"@type":"SearchAction","target":{"@type":"EntryPoint","urlTemplate":"https:\/\/www.accuratereviews.com\/it\/?s={search_term_string}"},"query-input":{"@type":"PropertyValueSpecification","valueRequired":true,"valueName":"search_term_string"}}],"inLanguage":"it-IT"}]}},"_links":{"self":[{"href":"https:\/\/www.accuratereviews.com\/it\/wp-json\/wp\/v2\/pages\/86905","targetHints":{"allow":["GET"]}}],"collection":[{"href":"https:\/\/www.accuratereviews.com\/it\/wp-json\/wp\/v2\/pages"}],"about":[{"href":"https:\/\/www.accuratereviews.com\/it\/wp-json\/wp\/v2\/types\/page"}],"author":[{"embeddable":true,"href":"https:\/\/www.accuratereviews.com\/it\/wp-json\/wp\/v2\/users\/19"}],"replies":[{"embeddable":true,"href":"https:\/\/www.accuratereviews.com\/it\/wp-json\/wp\/v2\/comments?post=86905"}],"version-history":[{"count":8,"href":"https:\/\/www.accuratereviews.com\/it\/wp-json\/wp\/v2\/pages\/86905\/revisions"}],"predecessor-version":[{"id":86937,"href":"https:\/\/www.accuratereviews.com\/it\/wp-json\/wp\/v2\/pages\/86905\/revisions\/86937"}],"up":[{"embeddable":true,"href":"https:\/\/www.accuratereviews.com\/it\/wp-json\/wp\/v2\/pages\/85867"}],"wp:featuredmedia":[{"embeddable":true,"href":"https:\/\/www.accuratereviews.com\/it\/wp-json\/wp\/v2\/media\/86907"}],"wp:attachment":[{"href":"https:\/\/www.accuratereviews.com\/it\/wp-json\/wp\/v2\/media?parent=86905"}],"wp:term":[{"taxonomy":"category","embeddable":true,"href":"https:\/\/www.accuratereviews.com\/it\/wp-json\/wp\/v2\/categories?post=86905"},{"taxonomy":"post_tag","embeddable":true,"href":"https:\/\/www.accuratereviews.com\/it\/wp-json\/wp\/v2\/tags?post=86905"},{"taxonomy":"features","embeddable":true,"href":"https:\/\/www.accuratereviews.com\/it\/wp-json\/wp\/v2\/features?post=86905"}],"curies":[{"name":"wp","href":"https:\/\/api.w.org\/{rel}","templated":true}]}}