{"id":87028,"date":"2025-04-08T14:55:14","date_gmt":"2025-04-08T14:55:14","guid":{"rendered":"https:\/\/www.accuratereviews.com\/?page_id=87028"},"modified":"2025-04-08T14:55:14","modified_gmt":"2025-04-08T14:55:14","slug":"revit-recensione","status":"publish","type":"page","link":"https:\/\/www.accuratereviews.com\/it\/programmi-disegno-3d\/revit-recensione\/","title":{"rendered":"Revit"},"content":{"rendered":"<p><strong>Revit<\/strong> \u00e8 una <strong>soluzione BIM (Building Information Modeling)<\/strong> che \u00a0facilita la<strong> progettazione 3D<\/strong> coordinata e offre strumenti quali progettazione di planimetrie, visualizzazioni 3D, annotazioni, un editor WYSIWYG, condivisione del lavoro e altro ancora. Progettato per supportare team multidisciplinari durante tutto il ciclo di vita del progetto con funzionalit\u00e0 quali pianificazione del progetto, gestione dei componenti dell&#8217;edificio e coordinamento della costruzione.<br \/>\nLa piattaforma <strong>Revit<\/strong> aiuta gli utenti con la progettazione di costruzioni, ingegneria MEP, ingegneria strutturale e piani architettonici offrendo viste a schede per agganciare, affiancare e visualizzare il lavoro su un monitor secondario. Il sistema ha anche un editor WYSIWYG per personalizzare testo, simboli, tag, dimensioni e altro ancora. Gli utenti possono produrre progetti di edifici coerenti basati su modelli quali planimetrie, prospetti e <strong>viste 3D e utilizzare visualizzazioni 3D<\/strong> per vedere come apparir\u00e0 un edificio dopo il completamento.<\/p>\n<h2>REVIT &#8211; TUTORIAL<\/h2>\n<div id=\"fluid-wrapper-counter-1\" class=\"g1-fluid-wrapper \" style=\"width:686px;\">\n<div style=\"padding-bottom:56.268221574344%;\"><iframe loading=\"lazy\" title=\"Videocorso REVIT - 01 - Introduzione, Interfaccia, BIM e CAD, Building Information Modelling\" width=\"686\" height=\"386\" src=\"https:\/\/www.youtube.com\/embed\/jgrRGfT2Hcw?list=PLTZhWSINdiMxX8b5D9KwIYTY-QjnkpcnJ\" frameborder=\"0\" allow=\"accelerometer; autoplay; clipboard-write; encrypted-media; gyroscope; picture-in-picture; web-share\" referrerpolicy=\"strict-origin-when-cross-origin\" allowfullscreen><\/iframe><\/div>\n<\/div>\n<h2>REVIT &#8211; CARATTERISTICHE<\/h2>\n<ul>\n<li>Modella forme, strutture e sistemi in 3D con accuratezza parametrica, precisione e facilit\u00e0.<\/li>\n<li>Semplifica la gestione dei progetti con revisioni immediate di planimetrie, prospetti, abachi, sezioni, fogli e visualizzazioni 3D.<\/li>\n<li>Unisci team di progetto multidisciplinari per una maggiore efficienza, collaborazione e impatto in ufficio o in cantiere.<\/li>\n<li>Con strumenti per schizzi, programmazione, condivisione, annotazione e visualizzazione, la soluzione aiuta architetti, ingegneri e ap paltatori a collaborare in modo efficace.<\/li>\n<li>Autodesk supporta il modo in cui lavorano i team di progetto AEC, sia in ufficio che in viaggio. La condivisione del lavoro nel cloud supporta la collaborazione e un ambiente dati comune.<\/li>\n<li>Con strumenti di analisi integrati e la possibilit\u00e0 di unire pi\u00f9 set di dati e tipi di file, architetti e ingegneri utilizzano Autodesk Revit per progettare con sicurezza.<\/li>\n<\/ul>\n<h4>LE RECENSIONI DEGLI UTENTI<\/h4>\n<p><strong>Tammy &#8220;Revit fa risparmiare tempo e denaro&#8221;<\/strong><br \/>\n<strong>Commenti<\/strong>: Revit ci fa risparmiare un sacco di tempo potendo collaborare in tempo reale. Siamo in grado di progettare e costruire a una velocit\u00e0 molto pi\u00f9 elevata che mai.<br \/>\n<strong>Pro<\/strong>: La cosa che amo di pi\u00f9 di Autodesk Revit \u00e8 la funzionalit\u00e0 di condivisione del lavoro nel cloud. Ci\u00f2 consente al nostro team di essere tutti sulla stessa pagina e ci fa risparmiare un sacco di tempo.<br \/>\n<strong>Contro<\/strong>: Se non si hanno mai utilizzato prima i prodotti Autodesk, \u00e8 necessario imparare un po&#8217;, ma \u00e8 facile formare i nuovi dipendenti sulle loro funzionalit\u00e0.<\/p>\n<p><strong>Amanda &#8220;Revit \u00e8 fantastico!&#8221;<\/strong><br \/>\n<strong>Commenti<\/strong>: Sono un utente accanito di Revit da otto anni e non sono mai rimasto deluso. \u00c8 uno strumento fantastico che \u00e8 solo migliorato e diventato pi\u00f9 funzionale nel corso degli anni.<br \/>\n<strong>Pro<\/strong>: Revit \u00e8 facile da usare e offre numerose funzionalit\u00e0 che consentono di catturare l&#8217;intero progetto che si sta cercando di creare e di renderlo realistico per la costruzione.<br \/>\n<strong>Contro<\/strong>: A volte \u00e8 difficile infrangere le barriere del design, \u00e8 molto funzionale e questo a volte limita il lavoro di progettazione.<\/p>\n<p><strong>Chiara &#8220;Ottimo programma&#8221;<\/strong><br \/>\n<strong>Pro<\/strong>: Software molto completo e immediato, utile per la modellazione 3D, semplicit\u00e0 nell&#8217;utilizzo, indispensabile per l&#8217;ingegneria<br \/>\n<strong>Contro<\/strong>: prezzo molto alto rispetto agli altri programmi<\/p>\n","protected":false},"excerpt":{"rendered":"<p>Revit \u00e8 una soluzione BIM (Building Information Modeling) che \u00a0facilita la progettazione 3D coordinata e offre strumenti quali progettazione di planimetrie, visualizzazioni 3D, annotazioni, un editor WYSIWYG, condivisione del lavoro e altro ancora. Progettato per supportare team multidisciplinari durante tutto il ciclo di vita del progetto con funzionalit\u00e0 quali pianificazione del progetto, gestione dei componenti dell&#8217;edificio e coordinamento della costruzione.<\/p>\n","protected":false},"author":19,"featured_media":87029,"parent":85867,"menu_order":0,"comment_status":"closed","ping_status":"closed","template":"g1_template_page_review_new.php","meta":{"_acf_changed":false,"cwp_meta_box_check":"Yes","cwp_rev_product_name":"","cwp_rev_product_image":"","wppr_links":[],"cwp_rev_price":"0.00","wppr_options":[{"name":"Usability","value":"0"},{"name":"Speed","value":"0"},{"name":"Features","value":"0"},{"name":"Support","value":"0"},{"name":"Pricing","value":"0"}],"wppr_pros":["","","","",""],"wppr_cons":["","","","",""],"_monsterinsights_skip_tracking":false,"_monsterinsights_sitenote_active":false,"_monsterinsights_sitenote_note":"","_monsterinsights_sitenote_category":0,"footnotes":""},"categories":[15900],"tags":[15902,15932,15931,16087,15934,15933],"features":[],"class_list":{"0":"post-87028","1":"page","2":"type-page","3":"status-publish","4":"has-post-thumbnail","6":"category-programmi-per-disegno-3d","7":"tag-disegno-3d","8":"tag-piattaforma-disegno-3d","9":"tag-programma-disegno-3d","10":"tag-revit","11":"tag-software-disegno-3d","12":"tag-soluzione-disegno-3d"},"wppr_data":{"cwp_meta_box_check":"Yes","_wppr_review_template":"default","cwp_rev_product_image":"","cwp_image_link":"image","wppr_links":[],"cwp_rev_price":"0.00","wppr_pros":["","","","",""],"wppr_cons":["","","","",""],"wppr_rating":"0.00","wppr_options":{"1":{"name":"Usability","value":"0"},"2":{"name":"Speed","value":"0"},"3":{"name":"Features","value":"0"},"4":{"name":"Support","value":"0"},"5":{"name":"Pricing","value":"0"}},"wppr_review_type":"Product","wppr_review_custom_fields":{"additionalProperty":"","additionalType":"","aggregateRating":"","alternateName":"","audience":"","award":"","awards":"","brand":"","color":"","depth":"","description":"","disambiguatingDescription":"","gtin12":"","gtin13":"","gtin14":"","gtin8":"","height":"","identifier":"","image":"","isAccessoryOrSparePartFor":"","isConsumableFor":"","isRelatedTo":"","isSimilarTo":"","itemCondition":"","logo":"","mainEntityOfPage":"","manufacturer":"","material":"","model":"","mpn":"","name":"","offers":"","potentialAction":"","productID":"","productionDate":"","purchaseDate":"","releaseDate":"","review":"","reviews":"","sameAs":"","sku":"","slogan":"","subjectOf":"","url":"","weight":"","width":""}},"acf":[],"yoast_head":"<!-- This site is optimized with the Yoast SEO plugin v27.4 - https:\/\/yoast.com\/product\/yoast-seo-wordpress\/ -->\n<title>Revit: recensione software disegno 3D - Accurate Reviews<\/title>\n<meta name=\"description\" content=\"Revit: software che\u00a0facilita la progettazione 3D coordinata. Offre strumenti per progettare planimetrie, visualizzazioni 3D e annotazioni.\" \/>\n<meta name=\"robots\" content=\"index, follow, max-snippet:-1, max-image-preview:large, max-video-preview:-1\" \/>\n<link rel=\"canonical\" href=\"https:\/\/www.accuratereviews.com\/it\/programmi-disegno-3d\/revit-recensione\/\" \/>\n<meta property=\"og:locale\" content=\"it_IT\" \/>\n<meta property=\"og:type\" content=\"article\" \/>\n<meta property=\"og:title\" content=\"Revit: recensione software disegno 3D - Accurate Reviews\" \/>\n<meta property=\"og:description\" content=\"Revit: software che\u00a0facilita la progettazione 3D coordinata. Offre strumenti per progettare planimetrie, visualizzazioni 3D e annotazioni.\" \/>\n<meta property=\"og:url\" content=\"https:\/\/www.accuratereviews.com\/it\/programmi-disegno-3d\/revit-recensione\/\" \/>\n<meta property=\"og:site_name\" content=\"Accurate Reviews\" \/>\n<meta property=\"og:image\" content=\"https:\/\/www.accuratereviews.com\/wp-content\/uploads\/2025\/04\/Revit.png\" \/>\n\t<meta property=\"og:image:width\" content=\"400\" \/>\n\t<meta property=\"og:image:height\" content=\"400\" \/>\n\t<meta property=\"og:image:type\" content=\"image\/png\" \/>\n<meta name=\"twitter:card\" content=\"summary_large_image\" \/>\n<meta name=\"twitter:label1\" content=\"Tempo di lettura stimato\" \/>\n\t<meta name=\"twitter:data1\" content=\"4 minuti\" \/>\n<script type=\"application\/ld+json\" class=\"yoast-schema-graph\">{\"@context\":\"https:\\\/\\\/schema.org\",\"@graph\":[{\"@type\":\"WebPage\",\"@id\":\"https:\\\/\\\/www.accuratereviews.com\\\/it\\\/programmi-disegno-3d\\\/revit-recensione\\\/\",\"url\":\"https:\\\/\\\/www.accuratereviews.com\\\/it\\\/programmi-disegno-3d\\\/revit-recensione\\\/\",\"name\":\"Revit: recensione software disegno 3D - Accurate Reviews\",\"isPartOf\":{\"@id\":\"https:\\\/\\\/www.accuratereviews.com\\\/it\\\/#website\"},\"primaryImageOfPage\":{\"@id\":\"https:\\\/\\\/www.accuratereviews.com\\\/it\\\/programmi-disegno-3d\\\/revit-recensione\\\/#primaryimage\"},\"image\":{\"@id\":\"https:\\\/\\\/www.accuratereviews.com\\\/it\\\/programmi-disegno-3d\\\/revit-recensione\\\/#primaryimage\"},\"thumbnailUrl\":\"https:\\\/\\\/www.accuratereviews.com\\\/wp-content\\\/uploads\\\/2025\\\/04\\\/Revit.png\",\"datePublished\":\"2025-04-08T14:55:14+00:00\",\"description\":\"Revit: software che\u00a0facilita la progettazione 3D coordinata. Offre strumenti per progettare planimetrie, visualizzazioni 3D e annotazioni.\",\"breadcrumb\":{\"@id\":\"https:\\\/\\\/www.accuratereviews.com\\\/it\\\/programmi-disegno-3d\\\/revit-recensione\\\/#breadcrumb\"},\"inLanguage\":\"it-IT\",\"potentialAction\":[{\"@type\":\"ReadAction\",\"target\":[\"https:\\\/\\\/www.accuratereviews.com\\\/it\\\/programmi-disegno-3d\\\/revit-recensione\\\/\"]}]},{\"@type\":\"ImageObject\",\"inLanguage\":\"it-IT\",\"@id\":\"https:\\\/\\\/www.accuratereviews.com\\\/it\\\/programmi-disegno-3d\\\/revit-recensione\\\/#primaryimage\",\"url\":\"https:\\\/\\\/www.accuratereviews.com\\\/wp-content\\\/uploads\\\/2025\\\/04\\\/Revit.png\",\"contentUrl\":\"https:\\\/\\\/www.accuratereviews.com\\\/wp-content\\\/uploads\\\/2025\\\/04\\\/Revit.png\",\"width\":400,\"height\":400},{\"@type\":\"BreadcrumbList\",\"@id\":\"https:\\\/\\\/www.accuratereviews.com\\\/it\\\/programmi-disegno-3d\\\/revit-recensione\\\/#breadcrumb\",\"itemListElement\":[{\"@type\":\"ListItem\",\"position\":1,\"name\":\"Home\",\"item\":\"https:\\\/\\\/www.accuratereviews.com\\\/it\\\/\"},{\"@type\":\"ListItem\",\"position\":2,\"name\":\"Programmi per disegno 3D\",\"item\":\"https:\\\/\\\/www.accuratereviews.com\\\/it\\\/programmi-disegno-3d\\\/\"},{\"@type\":\"ListItem\",\"position\":3,\"name\":\"Revit\"}]},{\"@type\":\"WebSite\",\"@id\":\"https:\\\/\\\/www.accuratereviews.com\\\/it\\\/#website\",\"url\":\"https:\\\/\\\/www.accuratereviews.com\\\/it\\\/\",\"name\":\"Accurate Reviews\",\"description\":\"\",\"potentialAction\":[{\"@type\":\"SearchAction\",\"target\":{\"@type\":\"EntryPoint\",\"urlTemplate\":\"https:\\\/\\\/www.accuratereviews.com\\\/it\\\/?s={search_term_string}\"},\"query-input\":{\"@type\":\"PropertyValueSpecification\",\"valueRequired\":true,\"valueName\":\"search_term_string\"}}],\"inLanguage\":\"it-IT\"}]}<\/script>\n<!-- \/ Yoast SEO plugin. -->","yoast_head_json":{"title":"Revit: recensione software disegno 3D - Accurate Reviews","description":"Revit: software che\u00a0facilita la progettazione 3D coordinata. Offre strumenti per progettare planimetrie, visualizzazioni 3D e annotazioni.","robots":{"index":"index","follow":"follow","max-snippet":"max-snippet:-1","max-image-preview":"max-image-preview:large","max-video-preview":"max-video-preview:-1"},"canonical":"https:\/\/www.accuratereviews.com\/it\/programmi-disegno-3d\/revit-recensione\/","og_locale":"it_IT","og_type":"article","og_title":"Revit: recensione software disegno 3D - Accurate Reviews","og_description":"Revit: software che\u00a0facilita la progettazione 3D coordinata. Offre strumenti per progettare planimetrie, visualizzazioni 3D e annotazioni.","og_url":"https:\/\/www.accuratereviews.com\/it\/programmi-disegno-3d\/revit-recensione\/","og_site_name":"Accurate Reviews","og_image":[{"width":400,"height":400,"url":"https:\/\/www.accuratereviews.com\/wp-content\/uploads\/2025\/04\/Revit.png","type":"image\/png"}],"twitter_card":"summary_large_image","twitter_misc":{"Tempo di lettura stimato":"4 minuti"},"schema":{"@context":"https:\/\/schema.org","@graph":[{"@type":"WebPage","@id":"https:\/\/www.accuratereviews.com\/it\/programmi-disegno-3d\/revit-recensione\/","url":"https:\/\/www.accuratereviews.com\/it\/programmi-disegno-3d\/revit-recensione\/","name":"Revit: recensione software disegno 3D - Accurate Reviews","isPartOf":{"@id":"https:\/\/www.accuratereviews.com\/it\/#website"},"primaryImageOfPage":{"@id":"https:\/\/www.accuratereviews.com\/it\/programmi-disegno-3d\/revit-recensione\/#primaryimage"},"image":{"@id":"https:\/\/www.accuratereviews.com\/it\/programmi-disegno-3d\/revit-recensione\/#primaryimage"},"thumbnailUrl":"https:\/\/www.accuratereviews.com\/wp-content\/uploads\/2025\/04\/Revit.png","datePublished":"2025-04-08T14:55:14+00:00","description":"Revit: software che\u00a0facilita la progettazione 3D coordinata. Offre strumenti per progettare planimetrie, visualizzazioni 3D e annotazioni.","breadcrumb":{"@id":"https:\/\/www.accuratereviews.com\/it\/programmi-disegno-3d\/revit-recensione\/#breadcrumb"},"inLanguage":"it-IT","potentialAction":[{"@type":"ReadAction","target":["https:\/\/www.accuratereviews.com\/it\/programmi-disegno-3d\/revit-recensione\/"]}]},{"@type":"ImageObject","inLanguage":"it-IT","@id":"https:\/\/www.accuratereviews.com\/it\/programmi-disegno-3d\/revit-recensione\/#primaryimage","url":"https:\/\/www.accuratereviews.com\/wp-content\/uploads\/2025\/04\/Revit.png","contentUrl":"https:\/\/www.accuratereviews.com\/wp-content\/uploads\/2025\/04\/Revit.png","width":400,"height":400},{"@type":"BreadcrumbList","@id":"https:\/\/www.accuratereviews.com\/it\/programmi-disegno-3d\/revit-recensione\/#breadcrumb","itemListElement":[{"@type":"ListItem","position":1,"name":"Home","item":"https:\/\/www.accuratereviews.com\/it\/"},{"@type":"ListItem","position":2,"name":"Programmi per disegno 3D","item":"https:\/\/www.accuratereviews.com\/it\/programmi-disegno-3d\/"},{"@type":"ListItem","position":3,"name":"Revit"}]},{"@type":"WebSite","@id":"https:\/\/www.accuratereviews.com\/it\/#website","url":"https:\/\/www.accuratereviews.com\/it\/","name":"Accurate Reviews","description":"","potentialAction":[{"@type":"SearchAction","target":{"@type":"EntryPoint","urlTemplate":"https:\/\/www.accuratereviews.com\/it\/?s={search_term_string}"},"query-input":{"@type":"PropertyValueSpecification","valueRequired":true,"valueName":"search_term_string"}}],"inLanguage":"it-IT"}]}},"_links":{"self":[{"href":"https:\/\/www.accuratereviews.com\/it\/wp-json\/wp\/v2\/pages\/87028","targetHints":{"allow":["GET"]}}],"collection":[{"href":"https:\/\/www.accuratereviews.com\/it\/wp-json\/wp\/v2\/pages"}],"about":[{"href":"https:\/\/www.accuratereviews.com\/it\/wp-json\/wp\/v2\/types\/page"}],"author":[{"embeddable":true,"href":"https:\/\/www.accuratereviews.com\/it\/wp-json\/wp\/v2\/users\/19"}],"replies":[{"embeddable":true,"href":"https:\/\/www.accuratereviews.com\/it\/wp-json\/wp\/v2\/comments?post=87028"}],"version-history":[{"count":9,"href":"https:\/\/www.accuratereviews.com\/it\/wp-json\/wp\/v2\/pages\/87028\/revisions"}],"predecessor-version":[{"id":87057,"href":"https:\/\/www.accuratereviews.com\/it\/wp-json\/wp\/v2\/pages\/87028\/revisions\/87057"}],"up":[{"embeddable":true,"href":"https:\/\/www.accuratereviews.com\/it\/wp-json\/wp\/v2\/pages\/85867"}],"wp:featuredmedia":[{"embeddable":true,"href":"https:\/\/www.accuratereviews.com\/it\/wp-json\/wp\/v2\/media\/87029"}],"wp:attachment":[{"href":"https:\/\/www.accuratereviews.com\/it\/wp-json\/wp\/v2\/media?parent=87028"}],"wp:term":[{"taxonomy":"category","embeddable":true,"href":"https:\/\/www.accuratereviews.com\/it\/wp-json\/wp\/v2\/categories?post=87028"},{"taxonomy":"post_tag","embeddable":true,"href":"https:\/\/www.accuratereviews.com\/it\/wp-json\/wp\/v2\/tags?post=87028"},{"taxonomy":"features","embeddable":true,"href":"https:\/\/www.accuratereviews.com\/it\/wp-json\/wp\/v2\/features?post=87028"}],"curies":[{"name":"wp","href":"https:\/\/api.w.org\/{rel}","templated":true}]}}