{"id":87066,"date":"2025-04-09T16:23:42","date_gmt":"2025-04-09T16:23:42","guid":{"rendered":"https:\/\/www.accuratereviews.com\/?page_id=87066"},"modified":"2025-04-10T10:19:59","modified_gmt":"2025-04-10T10:19:59","slug":"solidworks-recensione","status":"publish","type":"page","link":"https:\/\/www.accuratereviews.com\/it\/programmi-disegno-3d\/solidworks-recensione\/","title":{"rendered":"SolidWorks Premium"},"content":{"rendered":"<p><strong>SolidWorks Premium<\/strong> \u00e8 una <strong>soluzione CAD 3D<\/strong> completa, progettata per semplificare e ottimizzare il processo di sviluppo prodotto. Dalla creazione di modelli 3D complessi alla progettazione di assiemi complessi, il programma consente agli utenti di dare vita alle proprie idee innovative con facilit\u00e0. Offre una vasta gamma di funzionalit\u00e0 che includono la modellazione di superfici, lamiere, progettazione di stampi, simulazione e instradamento elettrico. Il software include, inoltre, strumenti di convalida per garantire che parti e assiemi siano robusti e affidabili prima della fabbricazione o della produzione.<br \/>\nGrazie all&#8217;integrazione di vari processi di produzione, come la lavorazione CNC, la stampa 3D e lo stampaggio a iniezione, <strong>SolidWorks Premium<\/strong> fornisce soluzioni di progettazione e sviluppo end-to-end.<\/p>\n<h2>SOLIDWORKD PREMIUM &#8211; TUTORIAL<\/h2>\n<div id=\"fluid-wrapper-counter-1\" class=\"g1-fluid-wrapper \" style=\"width:686px;\">\n<div style=\"padding-bottom:56.268221574344%;\"><iframe loading=\"lazy\" title=\"SolidWorks Premium is the right choice for Design Engineers that need everything\" width=\"686\" height=\"386\" src=\"https:\/\/www.youtube.com\/embed\/CDpQEglDCfg?list=PL082A4dTxnln9oNzKlRS7Axa5iAw7xwMO\" frameborder=\"0\" allow=\"accelerometer; autoplay; clipboard-write; encrypted-media; gyroscope; picture-in-picture; web-share\" referrerpolicy=\"strict-origin-when-cross-origin\" allowfullscreen><\/iframe><\/div>\n<\/div>\n<h3>SOLIDWORKD PREMIUM &#8211; CARATTERISTICHE<\/h3>\n<ul>\n<li>Aumenta l&#8217;efficienza con la possibilit\u00e0 di selezionare rapidamente i bordi per il comando Smusso con acceleratori di selezione e di copiare i componenti insieme ai relativi accoppiamenti avanzati e meccanici.<\/li>\n<li>Applica le regole aziendali con timbri di approvazione multipla sui disegni in qualsiasi momento, su qualsiasi dispositivo connesso.<\/li>\n<li>Connettiti e collabora con i colleghi direttamente dall&#8217;interfaccia della soluzione.<\/li>\n<li>Definisci i requisiti di produzione con i familiari flussi di lavoro di disegno 2D per la creazione di fogli, viste, quote, tolleranze e altro ancora.<\/li>\n<li>Progetta rapidamente una forma libera attorno alla geometria esistente con nuove funzionalit\u00e0 per allineare la suddivisione alla geometria esterna.<\/li>\n<li>Aggiungi viste, quote e tolleranze direttamente all&#8217;interno dell&#8217;ambiente di disegno, anzich\u00e9 poterle aggiungere solo al modello 3D.<\/li>\n<li>Comprendi facilmente l&#8217;ordine delle strutture dell&#8217;assieme con una distinta base che segue lo stesso ordine.<\/li>\n<li>Scopri nuove opzioni per la memorizzazione nella cache delle revisioni e ottieni la revisione recente o una revisione specifica.<\/li>\n<li>Crea facilmente connettori a molla personalizzati tra superfici definendo solo assiali. Molle isotrope o ortotrope<\/li>\n<li>Migliora le prestazioni della soluzione per tutti gli studi utilizzando l&#8217;opzione di carico distribuito per i connettori a pin<\/li>\n<li>Risolvi rapidamente i problemi degli studi di simulazione con componenti instabili<\/li>\n<li>Crea la struttura del prodotto dal tuo progetto elettrico e combinala con la struttura meccanica del prodotto del software sulla piattaforma 3DEXPERIENCE\u00ae<\/li>\n<li>Migliora la capacit\u00e0 di progettazione degli schemi elettrici utilizzando una nuova funzionalit\u00e0 di terminale distribuito e ottimizza i disegni delle morsettiere che includono i simboli dei componenti collegati<\/li>\n<li>Trasferisci modelli e assiemi 3D complessi con precisione grazie alla possibilit\u00e0 di importare file STEP<\/li>\n<li>Migliora i layout dei disegni 3D dei progetti con disegni dinamici e nuove funzionalit\u00e0 di annotazione degli schemi<\/li>\n<li>Mantieni la compatibilit\u00e0 tra le piattaforme CAD e preserva l&#8217;integrit\u00e0 dei dati di progettazione complessi durante i trasferimenti con l&#8217;esportazione DGN<\/li>\n<li>Crea ancora pi\u00f9 versatilit\u00e0 per i blocchi personalizzati con la nuova possibilit\u00e0 di inserire pi\u00f9 elementi di visibilit\u00e0<\/li>\n<\/ul>\n<h4>LE RECENSIONI DEGLI UTENTI<\/h4>\n<p><strong>Jacob &#8220;SoldWork funziona!&#8221;<\/strong><br \/>\n<strong>Commenti<\/strong>: SolidWorks si \u00e8 dimostrato molto affidabile e ogni volta che ho avuto problemi, la colpa era dell&#8217;hardware.<br \/>\n<strong>Pro<\/strong>: SolidWorks mi ha permesso di tradurre le mie idee in qualcosa che altre persone possono capire esattamente come le capisco io.<br \/>\n<strong>Contro<\/strong>: SolidWorks pu\u00f2 essere costoso, ma in un&#8217;azienda si ripaga facilmente da solo.<\/p>\n<p><strong>Suvajit &#8220;Modellazione 3D multiuso con Solidworks Premium2<\/strong><br \/>\n<strong>Commenti<\/strong>: \u00c8 davvero uno strumento produttivo se usato correttamente. Interfaccia molto intuitiva e facile da usare.<br \/>\n<strong>Pro<\/strong>: Pu\u00f2 essere utilizzato in quasi tutti i settori che producono prodotti fisici\/beni di consumo. La curva di apprendimento \u00e8 ripida, ma a lungo termine dar\u00e0 buoni risultati.<br \/>\n<strong>Contro<\/strong>: Ci sono troppe funzionalit\u00e0 che potrebbero non essere utili per un certo tipo di azienda, ma bisogna comunque pagare per il pacchetto completo. Ripida curva di apprendimento.<\/p>\n<p><strong>harsha &#8220;Recensione di Solidworks&#8221;<\/strong><br \/>\n<strong>Commenti<\/strong>: Utilizzo SolidWorks da quasi 5 anni per i dispositivi medici&#8230; \u00e8 il migliore sul mercato e non ho mai riscontrato problemi seri che non potessero essere risolti<br \/>\n<strong>Pro<\/strong>: In grado di gestire grandi assemblaggi in modo fluido e migliore<br \/>\n<strong>Contro<\/strong>: C&#8217;\u00e8 ancora molto ritardo nell&#8217;utilizzo di PDM all&#8217;interno della scheda<\/p>\n","protected":false},"excerpt":{"rendered":"<p>SolidWorks Premium \u00e8 una soluzione CAD 3D completa, progettata per semplificare e ottimizzare il processo di sviluppo prodotto. Dalla creazione di modelli 3D complessi alla progettazione di assiemi complessi, il programma consente agli utenti di dare vita alle proprie idee innovative con facilit\u00e0.<\/p>\n","protected":false},"author":19,"featured_media":87070,"parent":85867,"menu_order":0,"comment_status":"open","ping_status":"closed","template":"g1_template_page_review_new.php","meta":{"_acf_changed":false,"cwp_meta_box_check":"No","cwp_rev_product_name":"","cwp_rev_product_image":"","wppr_links":[],"cwp_rev_price":"","wppr_options":[],"wppr_pros":[],"wppr_cons":[],"_monsterinsights_skip_tracking":false,"_monsterinsights_sitenote_active":false,"_monsterinsights_sitenote_note":"","_monsterinsights_sitenote_category":0,"footnotes":""},"categories":[15900],"tags":[15902,15932,15931,15934,16088,15933],"features":[],"class_list":{"0":"post-87066","1":"page","2":"type-page","3":"status-publish","4":"has-post-thumbnail","6":"category-programmi-per-disegno-3d","7":"tag-disegno-3d","8":"tag-piattaforma-disegno-3d","9":"tag-programma-disegno-3d","10":"tag-software-disegno-3d","11":"tag-solidworks-premium","12":"tag-soluzione-disegno-3d"},"wppr_data":{"cwp_meta_box_check":"No"},"acf":[],"yoast_head":"<!-- This site is optimized with the Yoast SEO plugin v27.4 - https:\/\/yoast.com\/product\/yoast-seo-wordpress\/ -->\n<title>SolidWorks: recensione software disegno 3D - Accurate Reviews<\/title>\n<meta name=\"description\" content=\"SolidWorks: recensione soluzione CAD 3D completa, progettata per semplificare e ottimizzare il processo di sviluppo prodotto.\" \/>\n<meta name=\"robots\" content=\"index, follow, max-snippet:-1, max-image-preview:large, max-video-preview:-1\" \/>\n<link rel=\"canonical\" href=\"https:\/\/www.accuratereviews.com\/it\/programmi-disegno-3d\/solidworks-recensione\/\" \/>\n<meta property=\"og:locale\" content=\"it_IT\" \/>\n<meta property=\"og:type\" content=\"article\" \/>\n<meta property=\"og:title\" content=\"SolidWorks: recensione software disegno 3D - Accurate Reviews\" \/>\n<meta property=\"og:description\" content=\"SolidWorks: recensione soluzione CAD 3D completa, progettata per semplificare e ottimizzare il processo di sviluppo prodotto.\" \/>\n<meta property=\"og:url\" content=\"https:\/\/www.accuratereviews.com\/it\/programmi-disegno-3d\/solidworks-recensione\/\" \/>\n<meta property=\"og:site_name\" content=\"Accurate Reviews\" \/>\n<meta property=\"article:modified_time\" content=\"2025-04-10T10:19:59+00:00\" \/>\n<meta property=\"og:image\" content=\"https:\/\/www.accuratereviews.com\/wp-content\/uploads\/2025\/04\/SolidWorks-Premium.png\" \/>\n\t<meta property=\"og:image:width\" content=\"790\" \/>\n\t<meta property=\"og:image:height\" content=\"214\" \/>\n\t<meta property=\"og:image:type\" content=\"image\/png\" \/>\n<meta name=\"twitter:card\" content=\"summary_large_image\" \/>\n<meta name=\"twitter:label1\" content=\"Tempo di lettura stimato\" \/>\n\t<meta name=\"twitter:data1\" content=\"5 minuti\" \/>\n<script type=\"application\/ld+json\" class=\"yoast-schema-graph\">{\"@context\":\"https:\\\/\\\/schema.org\",\"@graph\":[{\"@type\":\"WebPage\",\"@id\":\"https:\\\/\\\/www.accuratereviews.com\\\/it\\\/programmi-disegno-3d\\\/solidworks-recensione\\\/\",\"url\":\"https:\\\/\\\/www.accuratereviews.com\\\/it\\\/programmi-disegno-3d\\\/solidworks-recensione\\\/\",\"name\":\"SolidWorks: recensione software disegno 3D - Accurate Reviews\",\"isPartOf\":{\"@id\":\"https:\\\/\\\/www.accuratereviews.com\\\/it\\\/#website\"},\"primaryImageOfPage\":{\"@id\":\"https:\\\/\\\/www.accuratereviews.com\\\/it\\\/programmi-disegno-3d\\\/solidworks-recensione\\\/#primaryimage\"},\"image\":{\"@id\":\"https:\\\/\\\/www.accuratereviews.com\\\/it\\\/programmi-disegno-3d\\\/solidworks-recensione\\\/#primaryimage\"},\"thumbnailUrl\":\"https:\\\/\\\/www.accuratereviews.com\\\/wp-content\\\/uploads\\\/2025\\\/04\\\/SolidWorks-Premium.png\",\"datePublished\":\"2025-04-09T16:23:42+00:00\",\"dateModified\":\"2025-04-10T10:19:59+00:00\",\"description\":\"SolidWorks: recensione soluzione CAD 3D completa, progettata per semplificare e ottimizzare il processo di sviluppo prodotto.\",\"breadcrumb\":{\"@id\":\"https:\\\/\\\/www.accuratereviews.com\\\/it\\\/programmi-disegno-3d\\\/solidworks-recensione\\\/#breadcrumb\"},\"inLanguage\":\"it-IT\",\"potentialAction\":[{\"@type\":\"ReadAction\",\"target\":[\"https:\\\/\\\/www.accuratereviews.com\\\/it\\\/programmi-disegno-3d\\\/solidworks-recensione\\\/\"]}]},{\"@type\":\"ImageObject\",\"inLanguage\":\"it-IT\",\"@id\":\"https:\\\/\\\/www.accuratereviews.com\\\/it\\\/programmi-disegno-3d\\\/solidworks-recensione\\\/#primaryimage\",\"url\":\"https:\\\/\\\/www.accuratereviews.com\\\/wp-content\\\/uploads\\\/2025\\\/04\\\/SolidWorks-Premium.png\",\"contentUrl\":\"https:\\\/\\\/www.accuratereviews.com\\\/wp-content\\\/uploads\\\/2025\\\/04\\\/SolidWorks-Premium.png\",\"width\":790,\"height\":214},{\"@type\":\"BreadcrumbList\",\"@id\":\"https:\\\/\\\/www.accuratereviews.com\\\/it\\\/programmi-disegno-3d\\\/solidworks-recensione\\\/#breadcrumb\",\"itemListElement\":[{\"@type\":\"ListItem\",\"position\":1,\"name\":\"Home\",\"item\":\"https:\\\/\\\/www.accuratereviews.com\\\/it\\\/\"},{\"@type\":\"ListItem\",\"position\":2,\"name\":\"Programmi per disegno 3D\",\"item\":\"https:\\\/\\\/www.accuratereviews.com\\\/it\\\/programmi-disegno-3d\\\/\"},{\"@type\":\"ListItem\",\"position\":3,\"name\":\"SolidWorks Premium\"}]},{\"@type\":\"WebSite\",\"@id\":\"https:\\\/\\\/www.accuratereviews.com\\\/it\\\/#website\",\"url\":\"https:\\\/\\\/www.accuratereviews.com\\\/it\\\/\",\"name\":\"Accurate Reviews\",\"description\":\"\",\"potentialAction\":[{\"@type\":\"SearchAction\",\"target\":{\"@type\":\"EntryPoint\",\"urlTemplate\":\"https:\\\/\\\/www.accuratereviews.com\\\/it\\\/?s={search_term_string}\"},\"query-input\":{\"@type\":\"PropertyValueSpecification\",\"valueRequired\":true,\"valueName\":\"search_term_string\"}}],\"inLanguage\":\"it-IT\"}]}<\/script>\n<!-- \/ Yoast SEO plugin. -->","yoast_head_json":{"title":"SolidWorks: recensione software disegno 3D - Accurate Reviews","description":"SolidWorks: recensione soluzione CAD 3D completa, progettata per semplificare e ottimizzare il processo di sviluppo prodotto.","robots":{"index":"index","follow":"follow","max-snippet":"max-snippet:-1","max-image-preview":"max-image-preview:large","max-video-preview":"max-video-preview:-1"},"canonical":"https:\/\/www.accuratereviews.com\/it\/programmi-disegno-3d\/solidworks-recensione\/","og_locale":"it_IT","og_type":"article","og_title":"SolidWorks: recensione software disegno 3D - Accurate Reviews","og_description":"SolidWorks: recensione soluzione CAD 3D completa, progettata per semplificare e ottimizzare il processo di sviluppo prodotto.","og_url":"https:\/\/www.accuratereviews.com\/it\/programmi-disegno-3d\/solidworks-recensione\/","og_site_name":"Accurate Reviews","article_modified_time":"2025-04-10T10:19:59+00:00","og_image":[{"width":790,"height":214,"url":"https:\/\/www.accuratereviews.com\/wp-content\/uploads\/2025\/04\/SolidWorks-Premium.png","type":"image\/png"}],"twitter_card":"summary_large_image","twitter_misc":{"Tempo di lettura stimato":"5 minuti"},"schema":{"@context":"https:\/\/schema.org","@graph":[{"@type":"WebPage","@id":"https:\/\/www.accuratereviews.com\/it\/programmi-disegno-3d\/solidworks-recensione\/","url":"https:\/\/www.accuratereviews.com\/it\/programmi-disegno-3d\/solidworks-recensione\/","name":"SolidWorks: recensione software disegno 3D - Accurate Reviews","isPartOf":{"@id":"https:\/\/www.accuratereviews.com\/it\/#website"},"primaryImageOfPage":{"@id":"https:\/\/www.accuratereviews.com\/it\/programmi-disegno-3d\/solidworks-recensione\/#primaryimage"},"image":{"@id":"https:\/\/www.accuratereviews.com\/it\/programmi-disegno-3d\/solidworks-recensione\/#primaryimage"},"thumbnailUrl":"https:\/\/www.accuratereviews.com\/wp-content\/uploads\/2025\/04\/SolidWorks-Premium.png","datePublished":"2025-04-09T16:23:42+00:00","dateModified":"2025-04-10T10:19:59+00:00","description":"SolidWorks: recensione soluzione CAD 3D completa, progettata per semplificare e ottimizzare il processo di sviluppo prodotto.","breadcrumb":{"@id":"https:\/\/www.accuratereviews.com\/it\/programmi-disegno-3d\/solidworks-recensione\/#breadcrumb"},"inLanguage":"it-IT","potentialAction":[{"@type":"ReadAction","target":["https:\/\/www.accuratereviews.com\/it\/programmi-disegno-3d\/solidworks-recensione\/"]}]},{"@type":"ImageObject","inLanguage":"it-IT","@id":"https:\/\/www.accuratereviews.com\/it\/programmi-disegno-3d\/solidworks-recensione\/#primaryimage","url":"https:\/\/www.accuratereviews.com\/wp-content\/uploads\/2025\/04\/SolidWorks-Premium.png","contentUrl":"https:\/\/www.accuratereviews.com\/wp-content\/uploads\/2025\/04\/SolidWorks-Premium.png","width":790,"height":214},{"@type":"BreadcrumbList","@id":"https:\/\/www.accuratereviews.com\/it\/programmi-disegno-3d\/solidworks-recensione\/#breadcrumb","itemListElement":[{"@type":"ListItem","position":1,"name":"Home","item":"https:\/\/www.accuratereviews.com\/it\/"},{"@type":"ListItem","position":2,"name":"Programmi per disegno 3D","item":"https:\/\/www.accuratereviews.com\/it\/programmi-disegno-3d\/"},{"@type":"ListItem","position":3,"name":"SolidWorks Premium"}]},{"@type":"WebSite","@id":"https:\/\/www.accuratereviews.com\/it\/#website","url":"https:\/\/www.accuratereviews.com\/it\/","name":"Accurate Reviews","description":"","potentialAction":[{"@type":"SearchAction","target":{"@type":"EntryPoint","urlTemplate":"https:\/\/www.accuratereviews.com\/it\/?s={search_term_string}"},"query-input":{"@type":"PropertyValueSpecification","valueRequired":true,"valueName":"search_term_string"}}],"inLanguage":"it-IT"}]}},"_links":{"self":[{"href":"https:\/\/www.accuratereviews.com\/it\/wp-json\/wp\/v2\/pages\/87066","targetHints":{"allow":["GET"]}}],"collection":[{"href":"https:\/\/www.accuratereviews.com\/it\/wp-json\/wp\/v2\/pages"}],"about":[{"href":"https:\/\/www.accuratereviews.com\/it\/wp-json\/wp\/v2\/types\/page"}],"author":[{"embeddable":true,"href":"https:\/\/www.accuratereviews.com\/it\/wp-json\/wp\/v2\/users\/19"}],"replies":[{"embeddable":true,"href":"https:\/\/www.accuratereviews.com\/it\/wp-json\/wp\/v2\/comments?post=87066"}],"version-history":[{"count":11,"href":"https:\/\/www.accuratereviews.com\/it\/wp-json\/wp\/v2\/pages\/87066\/revisions"}],"predecessor-version":[{"id":87133,"href":"https:\/\/www.accuratereviews.com\/it\/wp-json\/wp\/v2\/pages\/87066\/revisions\/87133"}],"up":[{"embeddable":true,"href":"https:\/\/www.accuratereviews.com\/it\/wp-json\/wp\/v2\/pages\/85867"}],"wp:featuredmedia":[{"embeddable":true,"href":"https:\/\/www.accuratereviews.com\/it\/wp-json\/wp\/v2\/media\/87070"}],"wp:attachment":[{"href":"https:\/\/www.accuratereviews.com\/it\/wp-json\/wp\/v2\/media?parent=87066"}],"wp:term":[{"taxonomy":"category","embeddable":true,"href":"https:\/\/www.accuratereviews.com\/it\/wp-json\/wp\/v2\/categories?post=87066"},{"taxonomy":"post_tag","embeddable":true,"href":"https:\/\/www.accuratereviews.com\/it\/wp-json\/wp\/v2\/tags?post=87066"},{"taxonomy":"features","embeddable":true,"href":"https:\/\/www.accuratereviews.com\/it\/wp-json\/wp\/v2\/features?post=87066"}],"curies":[{"name":"wp","href":"https:\/\/api.w.org\/{rel}","templated":true}]}}