{"id":87160,"date":"2025-04-11T16:12:21","date_gmt":"2025-04-11T16:12:21","guid":{"rendered":"https:\/\/www.accuratereviews.com\/?page_id=87160"},"modified":"2025-04-11T16:12:21","modified_gmt":"2025-04-11T16:12:21","slug":"autocad-recensione","status":"publish","type":"page","link":"https:\/\/www.accuratereviews.com\/it\/programmi-disegno-3d\/autocad-recensione\/","title":{"rendered":"AutoCAD"},"content":{"rendered":"<p><strong>AutoCAD<\/strong> \u00e8 una piattaforma di progettazione che supporta strumenti di disegno, annotazione e disegno 2D, oltre a tecnologie di modellazione e visualizzazione 3D. Grazie alle app mobili native per<strong> iOS e Android<\/strong>, offre inoltre agli utenti la flessibilit\u00e0 di visualizzare, creare, modificare e condividere i disegni in mobilit\u00e0, tramite qualsiasi smartphone o tablet. Consente agli utenti di gestire le impostazioni del testo, la quotatura intelligente e le direttrici, nonch\u00e9 tabelle, layout, campi e altro ancora.<br \/>\nGli strumenti di modellazione e visualizzazione 3D di <strong>AutoCAD<\/strong> permettono di gestire la modellazione di solidi, superfici e mesh, la<strong> navigazione 3D<\/strong> e gli stili di visualizzazione, oltre a rendering fotorealistici, scansioni 3D, nuvole di punti e altro ancora. Funzioni di collaborazione come l&#8217;<strong>importazione\/esportazione di PDF e DGN,<\/strong> l&#8217;importazione di modelli 3D, le informazioni sulla posizione geografica e le mappe online consentono di condividere e riutilizzare i dati, nonch\u00e9 di aggiungere informazioni sulla posizione in un disegno.<\/p>\n<h2>AUTOCAD &#8211; TUTORIAL<\/h2>\n<div id=\"fluid-wrapper-counter-1\" class=\"g1-fluid-wrapper \" style=\"width:686px;\">\n<div style=\"padding-bottom:56.268221574344%;\"><iframe loading=\"lazy\" title=\"Primi passi con AutoCAD - Tutorial 1\" width=\"515\" height=\"386\" src=\"https:\/\/www.youtube.com\/embed\/Ove0XEQj6O8?feature=oembed&amp;wmode=transparent&amp;autohide=1&amp;autoplay=0&amp;disablekb=0&amp;fs=1&amp;loop=0&amp;enablejsapi=1&amp;rel=0&amp;controls=2&amp;showinfo=0&amp;wmode=transparent&amp;autohide=2&amp;autoplay=0&amp;disablekb=0&amp;fs=1&amp;loop=0&amp;enablejsapi=1&amp;rel=0&amp;controls=2&amp;showinfo=1\" frameborder=\"0\" allow=\"accelerometer; autoplay; clipboard-write; encrypted-media; gyroscope; picture-in-picture; web-share\" referrerpolicy=\"strict-origin-when-cross-origin\" allowfullscreen><\/iframe><\/div>\n<\/div>\n<h3>AUTOCAD &#8211; CARATTERISTICHE<\/h3>\n<ul>\n<li><strong>Progettare e annotare la geometria 2D e i modelli 3D con solidi, superfici e oggetti mesh<\/strong>: automatizzare le attivit\u00e0 di disegno per posizionare gli oggetti con l&#8217;intelligenza artificiale, confrontare i disegni, creare pianificazioni, pubblicare layout e altro ancora<\/li>\n<li><strong>Oltre 8.800 componenti architettonici intelligenti<\/strong>, inclusi i blocchi multilivello, per supportare vari standard di layer. Se nessuno degli standard di layer preesistenti risponde alle esigenze del progetto, puoi personalizzarne uno esistente per crearne uno nuovo.<\/li>\n<li><strong>Generazione automatica di oggetti<\/strong>: risparmio di tempo e maggiore produttivit\u00e0 grazie alla generazione automatica degli oggetti architettonici pi\u00f9 utilizzati, quali piante dei piani, prospetti, sezioni e griglie di soffitto.<\/li>\n<li><strong>Muri, porte e finestre<\/strong>: elementi che riproducono il comportamento e la costruzione di quelli reali, consentendo un posizionamento pi\u00f9 rapido nei documenti e nei disegni creati.<\/li>\n<li><strong>Gestione delle versioni dei disegni<\/strong>: \u00e8 possibile estrarre e archiviare i file al fine di gestire il controllo delle versioni, impedire modifiche non autorizzate e garantire l&#8217;integrit\u00e0 dei disegni. Facilit\u00e0 di ripristino di una versione precedente del disegno con la cronologia dei commenti e aggiunta dell&#8217;ora di archiviazione al nome del disegno.<\/li>\n<li><strong>Supporto per gli standard dei layer<\/strong>: il set di strumenti crea pi\u00f9 layer in base allo standard corrente, utilizzando gli standard di layer predefiniti e i corrispondenti stili di chiavi layer. In questo modo puoi generare automaticamente i layer necessari quando aggiungi oggetti a un disegno.<\/li>\n<li><strong>Sistema di visualizzazione<\/strong>: grazie al sistema di visualizzazione, \u00e8 sufficiente disegnare un oggetto architettonico una sola volta. L&#8217;aspetto di tale oggetto cambia quindi automaticamente in base ai requisiti dei diversi tipi di disegni, alla direzione della vista e ai livelli di dettaglio.<\/li>\n<li><strong>Progettazione con oggetti vano e zona<\/strong>: miglioramento delle opzioni di progettazione. Organizza i rapporti con i vani e utilizza le zone per strutturare i vani in vari gruppi a seconda dei diversi criteri utilizzati.<\/li>\n<li><strong>Gestione componenti di dettaglio<\/strong>: la finestra di dialogo Gestione componenti di dettaglio permette di spostarsi tra i diversi database di componenti di dettaglio. La struttura gerarchica ad albero e la funzionalit\u00e0 di filtro consentono di individuare con facilit\u00e0 i componenti desiderati in un database.<\/li>\n<li><strong>Ristrutturazione architettonica<\/strong>: visualizzazione delle costruzioni esistenti, demolite e nuove in un unico disegno. Ci\u00f2 consente di progettare e realizzare pi\u00f9 rapidamente le ristrutturazioni, evitando al contempo gli errori comunemente commessi quando si modificano pi\u00f9 disegni.<\/li>\n<\/ul>\n<h4>LE RECENSIONI DEGLI UTENTI<\/h4>\n<p><strong>Valerio &#8220;Non si pu\u00f2 farne a meno&#8221;<\/strong><br \/>\n<strong>Commenti<\/strong>: esperienza positiva, ho eseguito molti progetti<br \/>\n<strong>Pro<\/strong>: il migliore software 2d di sempre, facile nell&#8217;utilizzo e nella sua comprensione.<br \/>\n<strong>Contro<\/strong>: svantaggiosa la comprensione per l&#8217;impostazione degli stili, dei cartigli e delle impostazioni generali delle linee<\/p>\n<p><strong>Matteo &#8220;Autocad progettare in semplicit\u00e0&#8221;<\/strong><br \/>\n<strong>Commenti<\/strong>: in generale una bella esperienza lo utilizzo tutti i giorni sul pc di lavoro<br \/>\n<strong>Pro<\/strong>: la facilit\u00e0 di creare progetti spettacolari, molto intuitivo e di una precisione assoluta, il migliore, tantissime funzioni sembrano infinite<br \/>\n<strong>Contro<\/strong>: come svantaggio a mio parere \u00e8 che serve un computer abbastanza bello, non funzionante su qualsiasi pc<\/p>\n<p><strong>Alessandro &#8220;Autocad 2d\/3d&#8221;<\/strong><br \/>\n<strong>Commenti<\/strong>: Positiva al massimo<br \/>\nSchemi, sketch, disegno 3d proiezioni tutto quello che mi serve per rendere i miei progetti molto interessanti nel 2d<br \/>\nPer non parlare del render che d\u00e0 la possibilit\u00e0 di tirare fuori la potenzialit\u00e0 del 3d per rendere VIVI pi\u00f9 che mai i progetti<br \/>\n<strong>Pro<\/strong>: per il mio ex lavoro da geometra \u00e8 stato molto utile, semplice nel suo utilizzo una volta imparato con i vari passaggi realizzare progetti non \u00e8 mai stato cos\u00ec semplice e veloce<br \/>\n<strong>Contro<\/strong>: complessivamente nessuno, bisogna solo conoscere il software<\/p>\n","protected":false},"excerpt":{"rendered":"<p>AutoCAD \u00e8 una piattaforma di progettazione che supporta strumenti di disegno, annotazione e disegno 2D, oltre a tecnologie di modellazione e visualizzazione 3D. Grazie alle app mobili native per iOS e Android, offre inoltre agli utenti la flessibilit\u00e0 di visualizzare, creare, modificare e condividere i disegni in mobilit\u00e0, tramite qualsiasi smartphone o tablet.<\/p>\n","protected":false},"author":19,"featured_media":87161,"parent":85867,"menu_order":0,"comment_status":"open","ping_status":"closed","template":"g1_template_page_review_new.php","meta":{"_acf_changed":false,"cwp_meta_box_check":"No","cwp_rev_product_name":"","cwp_rev_product_image":"","wppr_links":[],"cwp_rev_price":"","wppr_options":[],"wppr_pros":[],"wppr_cons":[],"_monsterinsights_skip_tracking":false,"_monsterinsights_sitenote_active":false,"_monsterinsights_sitenote_note":"","_monsterinsights_sitenote_category":0,"footnotes":""},"categories":[15900],"tags":[16102,15902,15932,15931,15934,15933],"features":[],"class_list":{"0":"post-87160","1":"page","2":"type-page","3":"status-publish","4":"has-post-thumbnail","6":"category-programmi-per-disegno-3d","7":"tag-autocad","8":"tag-disegno-3d","9":"tag-piattaforma-disegno-3d","10":"tag-programma-disegno-3d","11":"tag-software-disegno-3d","12":"tag-soluzione-disegno-3d"},"wppr_data":{"cwp_meta_box_check":"No"},"acf":[],"yoast_head":"<!-- This site is optimized with the Yoast SEO plugin v27.4 - https:\/\/yoast.com\/product\/yoast-seo-wordpress\/ -->\n<title>AutoCAD: recensione software disegno 3D - Accurate Reviews<\/title>\n<meta name=\"description\" content=\"AutoCAD: recensione piattaforma di progettazione che supporta strumenti di disegno, annotazione, disegno 2D e modifica e visualizzazione 3D.\" \/>\n<meta name=\"robots\" content=\"index, follow, max-snippet:-1, max-image-preview:large, max-video-preview:-1\" \/>\n<link rel=\"canonical\" href=\"https:\/\/www.accuratereviews.com\/it\/programmi-disegno-3d\/autocad-recensione\/\" \/>\n<meta property=\"og:locale\" content=\"it_IT\" \/>\n<meta property=\"og:type\" content=\"article\" \/>\n<meta property=\"og:title\" content=\"AutoCAD: recensione software disegno 3D - Accurate Reviews\" \/>\n<meta property=\"og:description\" content=\"AutoCAD: recensione piattaforma di progettazione che supporta strumenti di disegno, annotazione, disegno 2D e modifica e visualizzazione 3D.\" \/>\n<meta property=\"og:url\" content=\"https:\/\/www.accuratereviews.com\/it\/programmi-disegno-3d\/autocad-recensione\/\" \/>\n<meta property=\"og:site_name\" content=\"Accurate Reviews\" \/>\n<meta property=\"og:image\" content=\"https:\/\/www.accuratereviews.com\/wp-content\/uploads\/2025\/04\/AutoCAD.png\" \/>\n\t<meta property=\"og:image:width\" content=\"2560\" \/>\n\t<meta property=\"og:image:height\" content=\"802\" \/>\n\t<meta property=\"og:image:type\" content=\"image\/png\" \/>\n<meta name=\"twitter:card\" content=\"summary_large_image\" \/>\n<meta name=\"twitter:label1\" content=\"Tempo di lettura stimato\" \/>\n\t<meta name=\"twitter:data1\" content=\"5 minuti\" \/>\n<script type=\"application\/ld+json\" class=\"yoast-schema-graph\">{\"@context\":\"https:\\\/\\\/schema.org\",\"@graph\":[{\"@type\":\"WebPage\",\"@id\":\"https:\\\/\\\/www.accuratereviews.com\\\/it\\\/programmi-disegno-3d\\\/autocad-recensione\\\/\",\"url\":\"https:\\\/\\\/www.accuratereviews.com\\\/it\\\/programmi-disegno-3d\\\/autocad-recensione\\\/\",\"name\":\"AutoCAD: recensione software disegno 3D - Accurate Reviews\",\"isPartOf\":{\"@id\":\"https:\\\/\\\/www.accuratereviews.com\\\/it\\\/#website\"},\"primaryImageOfPage\":{\"@id\":\"https:\\\/\\\/www.accuratereviews.com\\\/it\\\/programmi-disegno-3d\\\/autocad-recensione\\\/#primaryimage\"},\"image\":{\"@id\":\"https:\\\/\\\/www.accuratereviews.com\\\/it\\\/programmi-disegno-3d\\\/autocad-recensione\\\/#primaryimage\"},\"thumbnailUrl\":\"https:\\\/\\\/www.accuratereviews.com\\\/wp-content\\\/uploads\\\/2025\\\/04\\\/AutoCAD.png\",\"datePublished\":\"2025-04-11T16:12:21+00:00\",\"description\":\"AutoCAD: recensione piattaforma di progettazione che supporta strumenti di disegno, annotazione, disegno 2D e modifica e visualizzazione 3D.\",\"breadcrumb\":{\"@id\":\"https:\\\/\\\/www.accuratereviews.com\\\/it\\\/programmi-disegno-3d\\\/autocad-recensione\\\/#breadcrumb\"},\"inLanguage\":\"it-IT\",\"potentialAction\":[{\"@type\":\"ReadAction\",\"target\":[\"https:\\\/\\\/www.accuratereviews.com\\\/it\\\/programmi-disegno-3d\\\/autocad-recensione\\\/\"]}]},{\"@type\":\"ImageObject\",\"inLanguage\":\"it-IT\",\"@id\":\"https:\\\/\\\/www.accuratereviews.com\\\/it\\\/programmi-disegno-3d\\\/autocad-recensione\\\/#primaryimage\",\"url\":\"https:\\\/\\\/www.accuratereviews.com\\\/wp-content\\\/uploads\\\/2025\\\/04\\\/AutoCAD.png\",\"contentUrl\":\"https:\\\/\\\/www.accuratereviews.com\\\/wp-content\\\/uploads\\\/2025\\\/04\\\/AutoCAD.png\",\"width\":2560,\"height\":802},{\"@type\":\"BreadcrumbList\",\"@id\":\"https:\\\/\\\/www.accuratereviews.com\\\/it\\\/programmi-disegno-3d\\\/autocad-recensione\\\/#breadcrumb\",\"itemListElement\":[{\"@type\":\"ListItem\",\"position\":1,\"name\":\"Home\",\"item\":\"https:\\\/\\\/www.accuratereviews.com\\\/it\\\/\"},{\"@type\":\"ListItem\",\"position\":2,\"name\":\"Programmi per disegno 3D\",\"item\":\"https:\\\/\\\/www.accuratereviews.com\\\/it\\\/programmi-disegno-3d\\\/\"},{\"@type\":\"ListItem\",\"position\":3,\"name\":\"AutoCAD\"}]},{\"@type\":\"WebSite\",\"@id\":\"https:\\\/\\\/www.accuratereviews.com\\\/it\\\/#website\",\"url\":\"https:\\\/\\\/www.accuratereviews.com\\\/it\\\/\",\"name\":\"Accurate Reviews\",\"description\":\"\",\"potentialAction\":[{\"@type\":\"SearchAction\",\"target\":{\"@type\":\"EntryPoint\",\"urlTemplate\":\"https:\\\/\\\/www.accuratereviews.com\\\/it\\\/?s={search_term_string}\"},\"query-input\":{\"@type\":\"PropertyValueSpecification\",\"valueRequired\":true,\"valueName\":\"search_term_string\"}}],\"inLanguage\":\"it-IT\"}]}<\/script>\n<!-- \/ Yoast SEO plugin. -->","yoast_head_json":{"title":"AutoCAD: recensione software disegno 3D - Accurate Reviews","description":"AutoCAD: recensione piattaforma di progettazione che supporta strumenti di disegno, annotazione, disegno 2D e modifica e visualizzazione 3D.","robots":{"index":"index","follow":"follow","max-snippet":"max-snippet:-1","max-image-preview":"max-image-preview:large","max-video-preview":"max-video-preview:-1"},"canonical":"https:\/\/www.accuratereviews.com\/it\/programmi-disegno-3d\/autocad-recensione\/","og_locale":"it_IT","og_type":"article","og_title":"AutoCAD: recensione software disegno 3D - Accurate Reviews","og_description":"AutoCAD: recensione piattaforma di progettazione che supporta strumenti di disegno, annotazione, disegno 2D e modifica e visualizzazione 3D.","og_url":"https:\/\/www.accuratereviews.com\/it\/programmi-disegno-3d\/autocad-recensione\/","og_site_name":"Accurate Reviews","og_image":[{"width":2560,"height":802,"url":"https:\/\/www.accuratereviews.com\/wp-content\/uploads\/2025\/04\/AutoCAD.png","type":"image\/png"}],"twitter_card":"summary_large_image","twitter_misc":{"Tempo di lettura stimato":"5 minuti"},"schema":{"@context":"https:\/\/schema.org","@graph":[{"@type":"WebPage","@id":"https:\/\/www.accuratereviews.com\/it\/programmi-disegno-3d\/autocad-recensione\/","url":"https:\/\/www.accuratereviews.com\/it\/programmi-disegno-3d\/autocad-recensione\/","name":"AutoCAD: recensione software disegno 3D - Accurate Reviews","isPartOf":{"@id":"https:\/\/www.accuratereviews.com\/it\/#website"},"primaryImageOfPage":{"@id":"https:\/\/www.accuratereviews.com\/it\/programmi-disegno-3d\/autocad-recensione\/#primaryimage"},"image":{"@id":"https:\/\/www.accuratereviews.com\/it\/programmi-disegno-3d\/autocad-recensione\/#primaryimage"},"thumbnailUrl":"https:\/\/www.accuratereviews.com\/wp-content\/uploads\/2025\/04\/AutoCAD.png","datePublished":"2025-04-11T16:12:21+00:00","description":"AutoCAD: recensione piattaforma di progettazione che supporta strumenti di disegno, annotazione, disegno 2D e modifica e visualizzazione 3D.","breadcrumb":{"@id":"https:\/\/www.accuratereviews.com\/it\/programmi-disegno-3d\/autocad-recensione\/#breadcrumb"},"inLanguage":"it-IT","potentialAction":[{"@type":"ReadAction","target":["https:\/\/www.accuratereviews.com\/it\/programmi-disegno-3d\/autocad-recensione\/"]}]},{"@type":"ImageObject","inLanguage":"it-IT","@id":"https:\/\/www.accuratereviews.com\/it\/programmi-disegno-3d\/autocad-recensione\/#primaryimage","url":"https:\/\/www.accuratereviews.com\/wp-content\/uploads\/2025\/04\/AutoCAD.png","contentUrl":"https:\/\/www.accuratereviews.com\/wp-content\/uploads\/2025\/04\/AutoCAD.png","width":2560,"height":802},{"@type":"BreadcrumbList","@id":"https:\/\/www.accuratereviews.com\/it\/programmi-disegno-3d\/autocad-recensione\/#breadcrumb","itemListElement":[{"@type":"ListItem","position":1,"name":"Home","item":"https:\/\/www.accuratereviews.com\/it\/"},{"@type":"ListItem","position":2,"name":"Programmi per disegno 3D","item":"https:\/\/www.accuratereviews.com\/it\/programmi-disegno-3d\/"},{"@type":"ListItem","position":3,"name":"AutoCAD"}]},{"@type":"WebSite","@id":"https:\/\/www.accuratereviews.com\/it\/#website","url":"https:\/\/www.accuratereviews.com\/it\/","name":"Accurate Reviews","description":"","potentialAction":[{"@type":"SearchAction","target":{"@type":"EntryPoint","urlTemplate":"https:\/\/www.accuratereviews.com\/it\/?s={search_term_string}"},"query-input":{"@type":"PropertyValueSpecification","valueRequired":true,"valueName":"search_term_string"}}],"inLanguage":"it-IT"}]}},"_links":{"self":[{"href":"https:\/\/www.accuratereviews.com\/it\/wp-json\/wp\/v2\/pages\/87160","targetHints":{"allow":["GET"]}}],"collection":[{"href":"https:\/\/www.accuratereviews.com\/it\/wp-json\/wp\/v2\/pages"}],"about":[{"href":"https:\/\/www.accuratereviews.com\/it\/wp-json\/wp\/v2\/types\/page"}],"author":[{"embeddable":true,"href":"https:\/\/www.accuratereviews.com\/it\/wp-json\/wp\/v2\/users\/19"}],"replies":[{"embeddable":true,"href":"https:\/\/www.accuratereviews.com\/it\/wp-json\/wp\/v2\/comments?post=87160"}],"version-history":[{"count":13,"href":"https:\/\/www.accuratereviews.com\/it\/wp-json\/wp\/v2\/pages\/87160\/revisions"}],"predecessor-version":[{"id":87182,"href":"https:\/\/www.accuratereviews.com\/it\/wp-json\/wp\/v2\/pages\/87160\/revisions\/87182"}],"up":[{"embeddable":true,"href":"https:\/\/www.accuratereviews.com\/it\/wp-json\/wp\/v2\/pages\/85867"}],"wp:featuredmedia":[{"embeddable":true,"href":"https:\/\/www.accuratereviews.com\/it\/wp-json\/wp\/v2\/media\/87161"}],"wp:attachment":[{"href":"https:\/\/www.accuratereviews.com\/it\/wp-json\/wp\/v2\/media?parent=87160"}],"wp:term":[{"taxonomy":"category","embeddable":true,"href":"https:\/\/www.accuratereviews.com\/it\/wp-json\/wp\/v2\/categories?post=87160"},{"taxonomy":"post_tag","embeddable":true,"href":"https:\/\/www.accuratereviews.com\/it\/wp-json\/wp\/v2\/tags?post=87160"},{"taxonomy":"features","embeddable":true,"href":"https:\/\/www.accuratereviews.com\/it\/wp-json\/wp\/v2\/features?post=87160"}],"curies":[{"name":"wp","href":"https:\/\/api.w.org\/{rel}","templated":true}]}}