{"id":87227,"date":"2025-04-15T16:48:57","date_gmt":"2025-04-15T16:48:57","guid":{"rendered":"https:\/\/www.accuratereviews.com\/?page_id=87227"},"modified":"2025-04-16T09:46:21","modified_gmt":"2025-04-16T09:46:21","slug":"timezynk-recensione","status":"publish","type":"page","link":"https:\/\/www.accuratereviews.com\/it\/programmi-gestione-turni-lavoro\/timezynk-recensione\/","title":{"rendered":"Timezynk"},"content":{"rendered":"<p><strong>Timezynk<\/strong> \u00e8 una<strong> piattaforma di pianificazione online<\/strong>, basata su <strong>cloud<\/strong>, che consente a dipendenti e manager di gestire orari, rendicontazione delle ore, buste paga e richieste di prenotazione. Grazie alle funzionalit\u00e0 mobile e desktop, gli utenti possono gestire le operazioni di pianificazione da qualsiasi luogo. Per i dipendenti, il programma fornisce gli strumenti per rendicontare facilmente le ore e soddisfare le richieste di prenotazione da qualsiasi luogo e in qualsiasi momento. I calendari di lavoro sono sempre disponibili su dispositivi mobili e desktop. Per turni aggiuntivi, i dipendenti possono richiedere nuove assegnazioni di lavoro con un solo clic.<br \/>\n<strong>Timezynk <\/strong>\u00e8 accessibile da <strong>Android, iPhone, PC, Mac e tablet<\/strong>. Per i manager, il programma pu\u00f2 gestire le richieste di pianificazione e i flussi di lavoro di approvazione per controllare le assegnazioni in caso di interruzioni di turno. Tutto il tempo rendicontato pu\u00f2 essere <strong>riepilogato in report<\/strong> in tempo reale, accessibili tramite web o dispositivi mobili. \u00c8 possibile inviare promemoria ai dipendenti per avvisarli di eventuali correzioni relative a errori nella rendicontazione delle ore.<\/p>\n<h2>TIMEZYNK &#8211; TUTORIAL<\/h2>\n<div id=\"fluid-wrapper-counter-1\" class=\"g1-fluid-wrapper \" style=\"width:686px;\">\n<div style=\"padding-bottom:56.268221574344%;\"><iframe loading=\"lazy\" title=\"How to create and manage users\" width=\"686\" height=\"386\" src=\"https:\/\/www.youtube.com\/embed\/HeOT6MPGfHw?feature=oembed&amp;wmode=transparent&amp;autohide=1&amp;autoplay=0&amp;disablekb=0&amp;fs=1&amp;loop=0&amp;enablejsapi=1&amp;rel=0&amp;controls=2&amp;showinfo=0&amp;wmode=transparent&amp;autohide=2&amp;autoplay=0&amp;disablekb=0&amp;fs=1&amp;loop=0&amp;enablejsapi=1&amp;rel=0&amp;controls=2&amp;showinfo=1\" frameborder=\"0\" allow=\"accelerometer; autoplay; clipboard-write; encrypted-media; gyroscope; picture-in-picture; web-share\" referrerpolicy=\"strict-origin-when-cross-origin\" allowfullscreen><\/iframe><\/div>\n<\/div>\n<h2>TIMEZYNK &#8211; CARATTERISTICHE<\/h2>\n<ul>\n<li><strong>Gestione efficiente dei turni del personale<\/strong>: utilizza il software per la gestione dei turni del personale per creare in modo semplice ed efficace i turni del personale per periodi prolungati. Grazie a funzionalit\u00e0 come la programmazione continua, i modelli riutilizzabili e uno strumento copia-incolla, risparmierai tempo ed energie.<\/li>\n<li><strong>Invia richieste di lavoro<\/strong>: raggiungi efficacemente sia il personale fisso che i lavoratori temporanei con i turni disponibili per un impiego pi\u00f9 rapido.<\/li>\n<li><strong>Gestione dei turni del personale in tempo reale<\/strong>: collabora con i tuoi colleghi in tempo reale utilizzando l&#8217;app per la gestione dei turni del personale e accedi immediatamente alla versione pi\u00f9 recente dei turni, senza dover aggiornare la pagina.<\/li>\n<li><strong>Segnala la disponibilit\u00e0<\/strong>: semplifica la pianificazione consentendo al personale di segnalare la propria disponibilit\u00e0, facilitando la personalizzazione della pianificazione del personale in base alle proprie preferenze.<\/li>\n<li><strong>Gestione dei turni ottimizzata per dispositivi mobili:<\/strong> crea e modifica facilmente i turni del personale direttamente nella soluzione per la gestione dei turni del personale ottimizzata per dispositivi mobili. Perfetta per chi ha bisogno di flessibilit\u00e0, sia che lavori in ufficio che sul campo.<\/li>\n<li><strong>Scambia i turni<\/strong>: consenti ai dipendenti di scambiarsi i turni e di approvare lo scambio con un semplice clic.<\/li>\n<li><strong>Automatizza la prenotazione dei turni<\/strong>: assegna automaticamente i turni tramite l&#8217;app per la gestione dei turni del personale in base all&#8217;ordine di arrivo per un impiego rapido dei turni urgenti.<\/li>\n<li><strong>Tagga il tuo personale<\/strong>: utilizzando i tag nel software per la gestione dei turni del personale, puoi creare una pianificazione ottimale in cui i turni vengono assegnati in base alle competenze, alla formazione, all&#8217;esperienza, alla sede o ad altre qualifiche dei dipendenti.<\/li>\n<li><strong>Blocca il personale<\/strong>: specifica a quali progetti, clienti o sedi di lavoro i membri del personale selezionati non devono essere prenotati e per quanto tempo, assicurandoti che il personale giusto venga assegnato ai turni giusti durante la pianificazione.<\/li>\n<li><strong>Prenota il numero corretto di risorse per turno:<\/strong> evita doppie prenotazioni di veicoli, spazi di lavoro o altre risorse limitate specificando il numero di risorse disponibili direttamente nell&#8217;app per la gestione dei turni del personale.<\/li>\n<\/ul>\n<h4>LE RECENSIONI DEGLI UTENTI<\/h4>\n<p><strong>Martin &#8220;Facile da imparare e da usare. Ottima panoramica. L&#8217;app \u00e8 fantastica. Niente stress nei periodi di punta.&#8221;<\/strong><br \/>\n<strong>Commenti<\/strong>: Dobbiamo tenere traccia di molte persone che svolgono lavori diversi con orari diversi.<br \/>\nQuesto programma fa tutto questo. E l&#8217;app semplifica ai nostri dipendenti l&#8217;accesso a tutte le informazioni e la possibilit\u00e0 di rispondere s\u00ec o no ai lavori che vengono loro proposti.<br \/>\nE poich\u00e9 non dobbiamo telefonargli, ma possiamo contattarli con un semplice &#8220;pling&#8221; o una chat, una persona pu\u00f2 svolgere il lavoro di tre persone.<br \/>\n<strong>Pro<\/strong>: L&#8217;integrazione con altri programmi \u00e8 stata semplicissima. E l&#8217;app \u00e8 di gran lunga la migliore funzionalit\u00e0. Possiamo lavorare di pi\u00f9 in meno tempo e senza stress, perch\u00e9 non abbiamo il telefono che squilla in continuazione.<br \/>\n<strong>Contro<\/strong>: Mancano alcuni segnali d&#8217;allarme, come ad esempio quando si richiede l&#8217;orario completo o la possibile fatturazione per un periodo specifico: non viene segnalato se si ha un giorno o una persona al di fuori del periodo richiesto. Si ottiene ci\u00f2 che si chiede e basta. Ma semplici procedure manuali hanno risolto il problema per noi.<\/p>\n<p><strong>Johan &#8220;Cliente soddisfatto&#8221;<\/strong><br \/>\n<strong>Commenti<\/strong>: \u00c8 un cliente molto soddisfatto, dove tutti, dal supporto al cliente chiave del team TimeZynk, si prendono cura di noi<br \/>\n<strong>Pro<\/strong>: Fornitore reattivo che offre un servizio di prima classe. In uno strumento molto facile da usare e da capire.<br \/>\n<strong>Contro<\/strong>: Se manca qualcosa, ascoltano e soddisfano le esigenze<\/p>\n","protected":false},"excerpt":{"rendered":"<p>Timezynk \u00e8 una piattaforma di pianificazione online, basata su cloud, che consente a dipendenti e manager di gestire orari, rendicontazione delle ore, buste paga e richieste di prenotazione. Grazie alle funzionalit\u00e0 mobile e desktop, gli utenti possono gestire le operazioni di pianificazione da qualsiasi luogo.<\/p>\n","protected":false},"author":19,"featured_media":87230,"parent":87246,"menu_order":0,"comment_status":"open","ping_status":"closed","template":"g1_template_page_review_new.php","meta":{"_acf_changed":false,"cwp_meta_box_check":"No","cwp_rev_product_name":"","cwp_rev_product_image":"","wppr_links":[],"cwp_rev_price":"","wppr_options":[],"wppr_pros":[],"wppr_cons":[],"_monsterinsights_skip_tracking":false,"_monsterinsights_sitenote_active":false,"_monsterinsights_sitenote_note":"","_monsterinsights_sitenote_category":0,"footnotes":""},"categories":[16111],"tags":[16116,16113,16114,16115,16112,16117],"features":[],"class_list":{"0":"post-87227","1":"page","2":"type-page","3":"status-publish","4":"has-post-thumbnail","6":"category-programmi-per-turni-di-lavoro","7":"tag-piattaforma-per-turni-di-lavoro","8":"tag-programmi-per-turni-di-lavoro","9":"tag-software-per-turni-di-lavoro","10":"tag-soluzione-per-turni-di-lavoro","11":"tag-timezynk","12":"tag-turini-di-lavoro"},"wppr_data":{"cwp_meta_box_check":"No"},"acf":[],"yoast_head":"<!-- This site is optimized with the Yoast SEO plugin v27.4 - https:\/\/yoast.com\/product\/yoast-seo-wordpress\/ -->\n<title>Timezynk: recensione software turni di lavoro - Accurate Reviews<\/title>\n<meta name=\"description\" content=\"Timezynk: recensione software pianificazione che consente di gestire orari, rendicontazione delle ore, buste paga e richieste di prenotazione\" \/>\n<meta name=\"robots\" content=\"index, follow, max-snippet:-1, max-image-preview:large, max-video-preview:-1\" \/>\n<link rel=\"canonical\" href=\"https:\/\/www.accuratereviews.com\/it\/programmi-gestione-turni-lavoro\/timezynk-recensione\/\" \/>\n<meta property=\"og:locale\" content=\"it_IT\" \/>\n<meta property=\"og:type\" content=\"article\" \/>\n<meta property=\"og:title\" content=\"Timezynk: recensione software turni di lavoro - Accurate Reviews\" \/>\n<meta property=\"og:description\" content=\"Timezynk: recensione software pianificazione che consente di gestire orari, rendicontazione delle ore, buste paga e richieste di prenotazione\" \/>\n<meta property=\"og:url\" content=\"https:\/\/www.accuratereviews.com\/it\/programmi-gestione-turni-lavoro\/timezynk-recensione\/\" \/>\n<meta property=\"og:site_name\" content=\"Accurate Reviews\" \/>\n<meta property=\"article:modified_time\" content=\"2025-04-16T09:46:21+00:00\" \/>\n<meta property=\"og:image\" content=\"https:\/\/www.accuratereviews.com\/wp-content\/uploads\/2025\/04\/timezynk.webp\" \/>\n\t<meta property=\"og:image:width\" content=\"240\" \/>\n\t<meta property=\"og:image:height\" content=\"240\" \/>\n\t<meta property=\"og:image:type\" content=\"image\/webp\" \/>\n<meta name=\"twitter:card\" content=\"summary_large_image\" \/>\n<meta name=\"twitter:label1\" content=\"Tempo di lettura stimato\" \/>\n\t<meta name=\"twitter:data1\" content=\"5 minuti\" \/>\n<script type=\"application\/ld+json\" class=\"yoast-schema-graph\">{\"@context\":\"https:\\\/\\\/schema.org\",\"@graph\":[{\"@type\":\"WebPage\",\"@id\":\"https:\\\/\\\/www.accuratereviews.com\\\/it\\\/programmi-gestione-turni-lavoro\\\/timezynk-recensione\\\/\",\"url\":\"https:\\\/\\\/www.accuratereviews.com\\\/it\\\/programmi-gestione-turni-lavoro\\\/timezynk-recensione\\\/\",\"name\":\"Timezynk: recensione software turni di lavoro - Accurate Reviews\",\"isPartOf\":{\"@id\":\"https:\\\/\\\/www.accuratereviews.com\\\/it\\\/#website\"},\"primaryImageOfPage\":{\"@id\":\"https:\\\/\\\/www.accuratereviews.com\\\/it\\\/programmi-gestione-turni-lavoro\\\/timezynk-recensione\\\/#primaryimage\"},\"image\":{\"@id\":\"https:\\\/\\\/www.accuratereviews.com\\\/it\\\/programmi-gestione-turni-lavoro\\\/timezynk-recensione\\\/#primaryimage\"},\"thumbnailUrl\":\"https:\\\/\\\/www.accuratereviews.com\\\/wp-content\\\/uploads\\\/2025\\\/04\\\/timezynk.webp\",\"datePublished\":\"2025-04-15T16:48:57+00:00\",\"dateModified\":\"2025-04-16T09:46:21+00:00\",\"description\":\"Timezynk: recensione software pianificazione che consente di gestire orari, rendicontazione delle ore, buste paga e richieste di prenotazione\",\"breadcrumb\":{\"@id\":\"https:\\\/\\\/www.accuratereviews.com\\\/it\\\/programmi-gestione-turni-lavoro\\\/timezynk-recensione\\\/#breadcrumb\"},\"inLanguage\":\"it-IT\",\"potentialAction\":[{\"@type\":\"ReadAction\",\"target\":[\"https:\\\/\\\/www.accuratereviews.com\\\/it\\\/programmi-gestione-turni-lavoro\\\/timezynk-recensione\\\/\"]}]},{\"@type\":\"ImageObject\",\"inLanguage\":\"it-IT\",\"@id\":\"https:\\\/\\\/www.accuratereviews.com\\\/it\\\/programmi-gestione-turni-lavoro\\\/timezynk-recensione\\\/#primaryimage\",\"url\":\"https:\\\/\\\/www.accuratereviews.com\\\/wp-content\\\/uploads\\\/2025\\\/04\\\/timezynk.webp\",\"contentUrl\":\"https:\\\/\\\/www.accuratereviews.com\\\/wp-content\\\/uploads\\\/2025\\\/04\\\/timezynk.webp\",\"width\":240,\"height\":240},{\"@type\":\"BreadcrumbList\",\"@id\":\"https:\\\/\\\/www.accuratereviews.com\\\/it\\\/programmi-gestione-turni-lavoro\\\/timezynk-recensione\\\/#breadcrumb\",\"itemListElement\":[{\"@type\":\"ListItem\",\"position\":1,\"name\":\"Home\",\"item\":\"https:\\\/\\\/www.accuratereviews.com\\\/it\\\/\"},{\"@type\":\"ListItem\",\"position\":2,\"name\":\"Programmi per turni di lavoro\",\"item\":\"https:\\\/\\\/www.accuratereviews.com\\\/it\\\/programmi-gestione-turni-lavoro\\\/\"},{\"@type\":\"ListItem\",\"position\":3,\"name\":\"Timezynk\"}]},{\"@type\":\"WebSite\",\"@id\":\"https:\\\/\\\/www.accuratereviews.com\\\/it\\\/#website\",\"url\":\"https:\\\/\\\/www.accuratereviews.com\\\/it\\\/\",\"name\":\"Accurate Reviews\",\"description\":\"\",\"potentialAction\":[{\"@type\":\"SearchAction\",\"target\":{\"@type\":\"EntryPoint\",\"urlTemplate\":\"https:\\\/\\\/www.accuratereviews.com\\\/it\\\/?s={search_term_string}\"},\"query-input\":{\"@type\":\"PropertyValueSpecification\",\"valueRequired\":true,\"valueName\":\"search_term_string\"}}],\"inLanguage\":\"it-IT\"}]}<\/script>\n<!-- \/ Yoast SEO plugin. -->","yoast_head_json":{"title":"Timezynk: recensione software turni di lavoro - Accurate Reviews","description":"Timezynk: recensione software pianificazione che consente di gestire orari, rendicontazione delle ore, buste paga e richieste di prenotazione","robots":{"index":"index","follow":"follow","max-snippet":"max-snippet:-1","max-image-preview":"max-image-preview:large","max-video-preview":"max-video-preview:-1"},"canonical":"https:\/\/www.accuratereviews.com\/it\/programmi-gestione-turni-lavoro\/timezynk-recensione\/","og_locale":"it_IT","og_type":"article","og_title":"Timezynk: recensione software turni di lavoro - Accurate Reviews","og_description":"Timezynk: recensione software pianificazione che consente di gestire orari, rendicontazione delle ore, buste paga e richieste di prenotazione","og_url":"https:\/\/www.accuratereviews.com\/it\/programmi-gestione-turni-lavoro\/timezynk-recensione\/","og_site_name":"Accurate Reviews","article_modified_time":"2025-04-16T09:46:21+00:00","og_image":[{"width":240,"height":240,"url":"https:\/\/www.accuratereviews.com\/wp-content\/uploads\/2025\/04\/timezynk.webp","type":"image\/webp"}],"twitter_card":"summary_large_image","twitter_misc":{"Tempo di lettura stimato":"5 minuti"},"schema":{"@context":"https:\/\/schema.org","@graph":[{"@type":"WebPage","@id":"https:\/\/www.accuratereviews.com\/it\/programmi-gestione-turni-lavoro\/timezynk-recensione\/","url":"https:\/\/www.accuratereviews.com\/it\/programmi-gestione-turni-lavoro\/timezynk-recensione\/","name":"Timezynk: recensione software turni di lavoro - Accurate Reviews","isPartOf":{"@id":"https:\/\/www.accuratereviews.com\/it\/#website"},"primaryImageOfPage":{"@id":"https:\/\/www.accuratereviews.com\/it\/programmi-gestione-turni-lavoro\/timezynk-recensione\/#primaryimage"},"image":{"@id":"https:\/\/www.accuratereviews.com\/it\/programmi-gestione-turni-lavoro\/timezynk-recensione\/#primaryimage"},"thumbnailUrl":"https:\/\/www.accuratereviews.com\/wp-content\/uploads\/2025\/04\/timezynk.webp","datePublished":"2025-04-15T16:48:57+00:00","dateModified":"2025-04-16T09:46:21+00:00","description":"Timezynk: recensione software pianificazione che consente di gestire orari, rendicontazione delle ore, buste paga e richieste di prenotazione","breadcrumb":{"@id":"https:\/\/www.accuratereviews.com\/it\/programmi-gestione-turni-lavoro\/timezynk-recensione\/#breadcrumb"},"inLanguage":"it-IT","potentialAction":[{"@type":"ReadAction","target":["https:\/\/www.accuratereviews.com\/it\/programmi-gestione-turni-lavoro\/timezynk-recensione\/"]}]},{"@type":"ImageObject","inLanguage":"it-IT","@id":"https:\/\/www.accuratereviews.com\/it\/programmi-gestione-turni-lavoro\/timezynk-recensione\/#primaryimage","url":"https:\/\/www.accuratereviews.com\/wp-content\/uploads\/2025\/04\/timezynk.webp","contentUrl":"https:\/\/www.accuratereviews.com\/wp-content\/uploads\/2025\/04\/timezynk.webp","width":240,"height":240},{"@type":"BreadcrumbList","@id":"https:\/\/www.accuratereviews.com\/it\/programmi-gestione-turni-lavoro\/timezynk-recensione\/#breadcrumb","itemListElement":[{"@type":"ListItem","position":1,"name":"Home","item":"https:\/\/www.accuratereviews.com\/it\/"},{"@type":"ListItem","position":2,"name":"Programmi per turni di lavoro","item":"https:\/\/www.accuratereviews.com\/it\/programmi-gestione-turni-lavoro\/"},{"@type":"ListItem","position":3,"name":"Timezynk"}]},{"@type":"WebSite","@id":"https:\/\/www.accuratereviews.com\/it\/#website","url":"https:\/\/www.accuratereviews.com\/it\/","name":"Accurate Reviews","description":"","potentialAction":[{"@type":"SearchAction","target":{"@type":"EntryPoint","urlTemplate":"https:\/\/www.accuratereviews.com\/it\/?s={search_term_string}"},"query-input":{"@type":"PropertyValueSpecification","valueRequired":true,"valueName":"search_term_string"}}],"inLanguage":"it-IT"}]}},"_links":{"self":[{"href":"https:\/\/www.accuratereviews.com\/it\/wp-json\/wp\/v2\/pages\/87227","targetHints":{"allow":["GET"]}}],"collection":[{"href":"https:\/\/www.accuratereviews.com\/it\/wp-json\/wp\/v2\/pages"}],"about":[{"href":"https:\/\/www.accuratereviews.com\/it\/wp-json\/wp\/v2\/types\/page"}],"author":[{"embeddable":true,"href":"https:\/\/www.accuratereviews.com\/it\/wp-json\/wp\/v2\/users\/19"}],"replies":[{"embeddable":true,"href":"https:\/\/www.accuratereviews.com\/it\/wp-json\/wp\/v2\/comments?post=87227"}],"version-history":[{"count":17,"href":"https:\/\/www.accuratereviews.com\/it\/wp-json\/wp\/v2\/pages\/87227\/revisions"}],"predecessor-version":[{"id":87328,"href":"https:\/\/www.accuratereviews.com\/it\/wp-json\/wp\/v2\/pages\/87227\/revisions\/87328"}],"up":[{"embeddable":true,"href":"https:\/\/www.accuratereviews.com\/it\/wp-json\/wp\/v2\/pages\/87246"}],"wp:featuredmedia":[{"embeddable":true,"href":"https:\/\/www.accuratereviews.com\/it\/wp-json\/wp\/v2\/media\/87230"}],"wp:attachment":[{"href":"https:\/\/www.accuratereviews.com\/it\/wp-json\/wp\/v2\/media?parent=87227"}],"wp:term":[{"taxonomy":"category","embeddable":true,"href":"https:\/\/www.accuratereviews.com\/it\/wp-json\/wp\/v2\/categories?post=87227"},{"taxonomy":"post_tag","embeddable":true,"href":"https:\/\/www.accuratereviews.com\/it\/wp-json\/wp\/v2\/tags?post=87227"},{"taxonomy":"features","embeddable":true,"href":"https:\/\/www.accuratereviews.com\/it\/wp-json\/wp\/v2\/features?post=87227"}],"curies":[{"name":"wp","href":"https:\/\/api.w.org\/{rel}","templated":true}]}}