{"id":87254,"date":"2025-04-14T21:22:19","date_gmt":"2025-04-14T21:22:19","guid":{"rendered":"https:\/\/www.accuratereviews.com\/?page_id=87254"},"modified":"2025-04-14T21:22:19","modified_gmt":"2025-04-14T21:22:19","slug":"programmi-turni-lavoro-guida-utente","status":"publish","type":"page","link":"https:\/\/www.accuratereviews.com\/it\/programmi-turni-lavoro-guida-utente\/","title":{"rendered":"Programmi per turni di lavoro"},"content":{"rendered":"<p class=\"\" data-start=\"89\" data-end=\"452\">La <strong>gestione dei turni di lavoro<\/strong> \u00e8 un\u2019attivit\u00e0 fondamentale per aziende di ogni dimensione, soprattutto nei settori in cui l\u2019organizzazione del personale \u00e8 dinamica e complessa, come nella sanit\u00e0, nella ristorazione o nel retail. I software per la gestione dei turni semplificano la pianificazione, ottimizzano la copertura dei turni e riducono gli errori manuali.<\/p>\n<p class=\"\" data-start=\"454\" data-end=\"711\">Gli esperti di Accurate Reviews hanno selezionato i migliori strumenti per organizzare i turni del personale, analizzando le funzionalit\u00e0, i vantaggi e le eventuali limitazioni per aiutarti a trovare la soluzione pi\u00f9 adatta alle esigenze della tua attivit\u00e0.<\/p>\n","protected":false},"excerpt":{"rendered":"<p>La gestione dei turni di lavoro \u00e8 un\u2019attivit\u00e0 fondamentale per aziende di ogni dimensione, soprattutto nei settori in cui l\u2019organizzazione del personale \u00e8 dinamica e complessa, come nella sanit\u00e0, nella ristorazione o nel retail. I software per la gestione dei turni semplificano la pianificazione, ottimizzano la copertura dei turni e riducono gli errori manuali. Gli [&hellip;]<\/p>\n","protected":false},"author":17,"featured_media":0,"parent":0,"menu_order":0,"comment_status":"open","ping_status":"closed","template":"g1_template_page_category_userguide.php","meta":{"_acf_changed":false,"cwp_meta_box_check":"No","cwp_rev_product_name":"","cwp_rev_product_image":"","wppr_links":[],"cwp_rev_price":"","wppr_options":[],"wppr_pros":[],"wppr_cons":[],"_monsterinsights_skip_tracking":false,"_monsterinsights_sitenote_active":false,"_monsterinsights_sitenote_note":"","_monsterinsights_sitenote_category":0,"footnotes":""},"categories":[16111],"tags":[16119,16122,16114,16115,16123],"features":[],"class_list":{"0":"post-87254","1":"page","2":"type-page","3":"status-publish","5":"category-programmi-per-turni-di-lavoro","6":"tag-gestione-turni-di-lavoro","7":"tag-piattaforma-gestione-turni-di-lavoro","8":"tag-software-per-turni-di-lavoro","9":"tag-soluzione-per-turni-di-lavoro","10":"tag-turni-di-lavoro"},"wppr_data":{"cwp_meta_box_check":"No"},"acf":[],"yoast_head":"<!-- This site is optimized with the Yoast SEO plugin v27.4 - https:\/\/yoast.com\/product\/yoast-seo-wordpress\/ -->\n<title>Programmi per turni di lavoro - Accurate Reviews<\/title>\n<meta name=\"description\" content=\"Gli esperti di Accurate Reviews ti guidano nella scelta dei programmi per la gestione dei turni di lavoro.\" \/>\n<meta name=\"robots\" content=\"index, follow, max-snippet:-1, max-image-preview:large, max-video-preview:-1\" \/>\n<link rel=\"canonical\" href=\"https:\/\/www.accuratereviews.com\/it\/programmi-turni-lavoro-guida-utente\/\" \/>\n<meta property=\"og:locale\" content=\"it_IT\" \/>\n<meta property=\"og:type\" content=\"article\" \/>\n<meta property=\"og:title\" content=\"Programmi per turni di lavoro - Accurate Reviews\" \/>\n<meta property=\"og:description\" content=\"Gli esperti di Accurate Reviews ti guidano nella scelta dei programmi per la gestione dei turni di lavoro.\" \/>\n<meta property=\"og:url\" content=\"https:\/\/www.accuratereviews.com\/it\/programmi-turni-lavoro-guida-utente\/\" \/>\n<meta property=\"og:site_name\" content=\"Accurate Reviews\" \/>\n<meta name=\"twitter:card\" content=\"summary_large_image\" \/>\n<meta name=\"twitter:label1\" content=\"Tempo di lettura stimato\" \/>\n\t<meta name=\"twitter:data1\" content=\"1 minuto\" \/>\n<script type=\"application\/ld+json\" class=\"yoast-schema-graph\">{\"@context\":\"https:\\\/\\\/schema.org\",\"@graph\":[{\"@type\":\"WebPage\",\"@id\":\"https:\\\/\\\/www.accuratereviews.com\\\/it\\\/programmi-turni-lavoro-guida-utente\\\/\",\"url\":\"https:\\\/\\\/www.accuratereviews.com\\\/it\\\/programmi-turni-lavoro-guida-utente\\\/\",\"name\":\"Programmi per turni di lavoro - Accurate Reviews\",\"isPartOf\":{\"@id\":\"https:\\\/\\\/www.accuratereviews.com\\\/it\\\/#website\"},\"datePublished\":\"2025-04-14T21:22:19+00:00\",\"description\":\"Gli esperti di Accurate Reviews ti guidano nella scelta dei programmi per la gestione dei turni di lavoro.\",\"breadcrumb\":{\"@id\":\"https:\\\/\\\/www.accuratereviews.com\\\/it\\\/programmi-turni-lavoro-guida-utente\\\/#breadcrumb\"},\"inLanguage\":\"it-IT\",\"potentialAction\":[{\"@type\":\"ReadAction\",\"target\":[\"https:\\\/\\\/www.accuratereviews.com\\\/it\\\/programmi-turni-lavoro-guida-utente\\\/\"]}]},{\"@type\":\"BreadcrumbList\",\"@id\":\"https:\\\/\\\/www.accuratereviews.com\\\/it\\\/programmi-turni-lavoro-guida-utente\\\/#breadcrumb\",\"itemListElement\":[{\"@type\":\"ListItem\",\"position\":1,\"name\":\"Home\",\"item\":\"https:\\\/\\\/www.accuratereviews.com\\\/it\\\/\"},{\"@type\":\"ListItem\",\"position\":2,\"name\":\"Programmi per turni di lavoro\"}]},{\"@type\":\"WebSite\",\"@id\":\"https:\\\/\\\/www.accuratereviews.com\\\/it\\\/#website\",\"url\":\"https:\\\/\\\/www.accuratereviews.com\\\/it\\\/\",\"name\":\"Accurate Reviews\",\"description\":\"\",\"potentialAction\":[{\"@type\":\"SearchAction\",\"target\":{\"@type\":\"EntryPoint\",\"urlTemplate\":\"https:\\\/\\\/www.accuratereviews.com\\\/it\\\/?s={search_term_string}\"},\"query-input\":{\"@type\":\"PropertyValueSpecification\",\"valueRequired\":true,\"valueName\":\"search_term_string\"}}],\"inLanguage\":\"it-IT\"}]}<\/script>\n<!-- \/ Yoast SEO plugin. -->","yoast_head_json":{"title":"Programmi per turni di lavoro - Accurate Reviews","description":"Gli esperti di Accurate Reviews ti guidano nella scelta dei programmi per la gestione dei turni di lavoro.","robots":{"index":"index","follow":"follow","max-snippet":"max-snippet:-1","max-image-preview":"max-image-preview:large","max-video-preview":"max-video-preview:-1"},"canonical":"https:\/\/www.accuratereviews.com\/it\/programmi-turni-lavoro-guida-utente\/","og_locale":"it_IT","og_type":"article","og_title":"Programmi per turni di lavoro - Accurate Reviews","og_description":"Gli esperti di Accurate Reviews ti guidano nella scelta dei programmi per la gestione dei turni di lavoro.","og_url":"https:\/\/www.accuratereviews.com\/it\/programmi-turni-lavoro-guida-utente\/","og_site_name":"Accurate Reviews","twitter_card":"summary_large_image","twitter_misc":{"Tempo di lettura stimato":"1 minuto"},"schema":{"@context":"https:\/\/schema.org","@graph":[{"@type":"WebPage","@id":"https:\/\/www.accuratereviews.com\/it\/programmi-turni-lavoro-guida-utente\/","url":"https:\/\/www.accuratereviews.com\/it\/programmi-turni-lavoro-guida-utente\/","name":"Programmi per turni di lavoro - Accurate Reviews","isPartOf":{"@id":"https:\/\/www.accuratereviews.com\/it\/#website"},"datePublished":"2025-04-14T21:22:19+00:00","description":"Gli esperti di Accurate Reviews ti guidano nella scelta dei programmi per la gestione dei turni di lavoro.","breadcrumb":{"@id":"https:\/\/www.accuratereviews.com\/it\/programmi-turni-lavoro-guida-utente\/#breadcrumb"},"inLanguage":"it-IT","potentialAction":[{"@type":"ReadAction","target":["https:\/\/www.accuratereviews.com\/it\/programmi-turni-lavoro-guida-utente\/"]}]},{"@type":"BreadcrumbList","@id":"https:\/\/www.accuratereviews.com\/it\/programmi-turni-lavoro-guida-utente\/#breadcrumb","itemListElement":[{"@type":"ListItem","position":1,"name":"Home","item":"https:\/\/www.accuratereviews.com\/it\/"},{"@type":"ListItem","position":2,"name":"Programmi per turni di lavoro"}]},{"@type":"WebSite","@id":"https:\/\/www.accuratereviews.com\/it\/#website","url":"https:\/\/www.accuratereviews.com\/it\/","name":"Accurate Reviews","description":"","potentialAction":[{"@type":"SearchAction","target":{"@type":"EntryPoint","urlTemplate":"https:\/\/www.accuratereviews.com\/it\/?s={search_term_string}"},"query-input":{"@type":"PropertyValueSpecification","valueRequired":true,"valueName":"search_term_string"}}],"inLanguage":"it-IT"}]}},"_links":{"self":[{"href":"https:\/\/www.accuratereviews.com\/it\/wp-json\/wp\/v2\/pages\/87254","targetHints":{"allow":["GET"]}}],"collection":[{"href":"https:\/\/www.accuratereviews.com\/it\/wp-json\/wp\/v2\/pages"}],"about":[{"href":"https:\/\/www.accuratereviews.com\/it\/wp-json\/wp\/v2\/types\/page"}],"author":[{"embeddable":true,"href":"https:\/\/www.accuratereviews.com\/it\/wp-json\/wp\/v2\/users\/17"}],"replies":[{"embeddable":true,"href":"https:\/\/www.accuratereviews.com\/it\/wp-json\/wp\/v2\/comments?post=87254"}],"version-history":[{"count":1,"href":"https:\/\/www.accuratereviews.com\/it\/wp-json\/wp\/v2\/pages\/87254\/revisions"}],"predecessor-version":[{"id":87256,"href":"https:\/\/www.accuratereviews.com\/it\/wp-json\/wp\/v2\/pages\/87254\/revisions\/87256"}],"wp:attachment":[{"href":"https:\/\/www.accuratereviews.com\/it\/wp-json\/wp\/v2\/media?parent=87254"}],"wp:term":[{"taxonomy":"category","embeddable":true,"href":"https:\/\/www.accuratereviews.com\/it\/wp-json\/wp\/v2\/categories?post=87254"},{"taxonomy":"post_tag","embeddable":true,"href":"https:\/\/www.accuratereviews.com\/it\/wp-json\/wp\/v2\/tags?post=87254"},{"taxonomy":"features","embeddable":true,"href":"https:\/\/www.accuratereviews.com\/it\/wp-json\/wp\/v2\/features?post=87254"}],"curies":[{"name":"wp","href":"https:\/\/api.w.org\/{rel}","templated":true}]}}