{"id":87286,"date":"2025-04-16T21:37:37","date_gmt":"2025-04-16T21:37:37","guid":{"rendered":"https:\/\/www.accuratereviews.com\/?page_id=87286"},"modified":"2025-04-17T09:30:25","modified_gmt":"2025-04-17T09:30:25","slug":"stayhome-ai-recensione","status":"publish","type":"page","link":"https:\/\/www.accuratereviews.com\/it\/programmi-gestione-turni-lavoro\/stayhome-ai-recensione\/","title":{"rendered":"Stayhome.ai"},"content":{"rendered":"<p><strong>Stayhome.ai<\/strong> facilita la pianificazione e il bilanciamento degli spazi in base alle richieste dei dipendenti, sia in ufficio che da remoto. Con \u00a0questa piattaforma\u00a0le aziende possono consentire ai dipendenti di prenotare giornate di lavoro da casa o specificare l&#8217;orario desiderato tramite l&#8217;app self-service per i dipendenti; l&#8217;<strong>algoritmo di intelligenza artificiale (IA)<\/strong> dell&#8217;app genera automaticamente un piano in base alla disponibilit\u00e0 di spazio. Ai dipendenti viene fornito un orario personalizzato che consente loro di sapere in quali giorni \u00e8 previsto che lavorino da casa e in quali giorni possono lavorare dall&#8217;ufficio. Questo facilita la gestione della capacit\u00e0 e l&#8217;ottimizzazione degli spazi.<br \/>\nAltre funzionalit\u00e0 della soluzione includono il monitoraggio dei KPI, report sulla produttivit\u00e0, il monitoraggio delle presenze, la gestione delle attivit\u00e0 e altro ancora. S<strong>tayhome.ai<\/strong> fornisce un&#8217;API aperta che consente agli utenti di connettere la piattaforma con app di terze parti.<\/p>\n<h2>STAYHOME.AI &#8211; TUTORIAL<\/h2>\n<div id=\"fluid-wrapper-counter-1\" class=\"g1-fluid-wrapper \" style=\"width:686px;\">\n<div style=\"padding-bottom:56.268221574344%;\"><iframe loading=\"lazy\" title=\"Introduction to stayhome.ai\" width=\"686\" height=\"386\" src=\"https:\/\/www.youtube.com\/embed\/MX02cg24j94?feature=oembed&amp;wmode=transparent&amp;autohide=1&amp;autoplay=0&amp;disablekb=0&amp;fs=1&amp;loop=0&amp;enablejsapi=1&amp;rel=0&amp;controls=2&amp;showinfo=0&amp;wmode=transparent&amp;autohide=2&amp;autoplay=0&amp;disablekb=0&amp;fs=1&amp;loop=0&amp;enablejsapi=1&amp;rel=0&amp;controls=2&amp;showinfo=1\" frameborder=\"0\" allow=\"accelerometer; autoplay; clipboard-write; encrypted-media; gyroscope; picture-in-picture; web-share\" referrerpolicy=\"strict-origin-when-cross-origin\" allowfullscreen><\/iframe><\/div>\n<\/div>\n<h3>STAYHOME.AI &#8211; CARATTERISTICHE<\/h3>\n<ul>\n<li><strong>Gestione delle attivit\u00e0<\/strong>: puoi creare o importare qualsiasi elenco di attivit\u00e0 per i tuoi team, assegnare e gestire le attivit\u00e0, fornire ai dipendenti indicatori chiave di prestazione (KPI), pianificarle e monitorarne i progressi. Il task manager funziona anche con altri sistemi e l&#8217;applicazione di pianificazione dei progetti pu\u00f2 essere utilizzata per organizzare le attivit\u00e0.<\/li>\n<li><strong>Monitoraggio del tempo<\/strong>: facilita il monitoraggio e la raccolta di dati relativi al tempo trascorso al lavoro dai dipendenti. All&#8217;inizio della giornata lavorativa, premi il pulsante &#8220;Inizia lavoro&#8221; e alla fine della giornata lavorativa, premi il pulsante &#8220;Termina lavoro&#8221;. Questo \u00e8 tutto ci\u00f2 che devi fare. Sono state aggiunte ulteriori funzionalit\u00e0, tra cui promemoria e avvisi per la pausa pranzo, tra le altre cose.<\/li>\n<li><strong>Efficacia ed efficienza<\/strong>: inizia con il dipendente che segnala le proprie prestazioni e poi passa al supervisore per l&#8217;approvazione o la modifica. Offrire ai dipendenti l&#8217;opportunit\u00e0 di valutare autonomamente il proprio lavoro \u00e8 un metodo eccellente per promuovere fiducia e lealt\u00e0.<\/li>\n<\/ul>\n<h4>LE RECENSIONI DEGLI UTENTI<\/h4>\n<p><strong>Ralph &#8220;Uno strumento semplice per gestire i dipendenti e delegare le attivit\u00e0, soprattutto per i team remoti&#8221;<\/strong><br \/>\n<strong>Pro<\/strong>: Il concetto alla base del software \u00e8 la semplicit\u00e0. In qualit\u00e0 di manager, puoi facilmente aggiungere membri del tuo team all&#8217;account aziendale, gestire i loro impegni e assegnare loro compiti tramite una semplice bacheca. La gestione degli uffici \u00e8 una funzionalit\u00e0 inclusa in Stayhome.ai. Puoi pianificare turni, giorni liberi e anche gestire il calendario degli appuntamenti della tua azienda. Inoltre, c&#8217;\u00e8 una scheda report che fornisce una stima del risparmio che stai ottenendo semplicemente consentendo ai tuoi dipendenti di lavorare da remoto, se ti interessano statistiche di questo tipo. Se hai un team che lavora da remoto, troverai Stayhome.ai molto utile, sebbene sia uno strumento molto semplice a mio parere.<br \/>\n<strong>Contro<\/strong>: Non ho nulla di cui lamentarmi. Il software \u00e8 pensato principalmente per i team che desiderano gestire i propri dipendenti da remoto, e lo fa alla perfezione.<\/p>\n<p><strong>Amit &#8220;Vuoi risparmiare il 30% sulle tue spese operative? Scopri Stayhome.ai!&#8221;<\/strong><br \/>\n<strong>Commenti<\/strong>: A marzo 2020 abbiamo iniziato a mandare a casa alcuni dei nostri dipendenti (a causa della pandemia), quindi eravamo alla ricerca di un sistema per gestire i team in un ambiente &#8220;parzialmente remoto&#8221;. Abbiamo contattato i ragazzi di Stayhome.ai e, dopo una breve prova su un numero limitato di team (andata alla grande), abbiamo acquistato una licenza per la nostra azienda. \u00c8 stato allora che sono iniziate ad accadere le cose VERAMENTE entusiasmanti. Dopo aver utilizzato il sistema per 3 mesi, ci siamo resi conto che, in realt\u00e0, non avevamo bisogno di far tornare i dipendenti in ufficio (non che lo volessero comunque): la loro produttivit\u00e0 era aumentata, si sentivano pi\u00f9 felici a casa, perch\u00e9 farli tornare? In breve, siamo riusciti a ridimensionare il nostro ufficio e a tagliare i costi di circa il 30%, tutto grazie a Stayhome.ai.<br \/>\n<strong>Pro<\/strong>: Abbiamo ridotto i costi dei nostri uffici di circa il 30% semplicemente passando a questa piattaforma. La consiglio vivamente. L&#8217;offerta di valore della piattaforma \u00e8 davvero unica, quindi non so da dove iniziare. Dal monitoraggio dei KPI, alla rilevazione delle presenze e alla gestione complessiva della forza lavoro, questa piattaforma non solo ci ha semplificato la vita, ma ha anche contribuito a far risparmiare molti soldi all&#8217;azienda: ha effettivamente salvato la nostra attivit\u00e0.<br \/>\n<strong>Contro<\/strong>: Ci \u00e8 voluto un po&#8217; di tempo per comprenderne il valore, quindi se stai cercando qualcosa che ti aiuter\u00e0 nel breve termine, potresti non renderti conto di quanto possa cambiare la tua attivit\u00e0.<\/p>\n<p><strong>Ron &#8220;Stayhome.ai ha trasformato completamente il modo in cui gestisco i miei team!&#8221;<\/strong><br \/>\n<strong>Commenti<\/strong>: Stayhome.ai ha trasformato completamente il modo in cui gestisco i miei team! Mentre entravamo nella realt\u00e0 post-COVID, con il lavoro in parte da remoto e in parte in ufficio, mi sono ritrovato a passare sempre pi\u00f9 tempo a tenermi aggiornato su chi era dove e a cosa stava lavorando. La pianificazione tramite foglio di calcolo Excel non \u00e8 durata a lungo&#8230; Ma da quando ho scoperto stayhome.ai, la gestione dei team \u00e8 stata una benedizione. Ricevi una notifica push nell&#8217;app, genera il programma, fatto! Grazie ragazzi!<br \/>\n<strong>Pro<\/strong>: La piattaforma \u00e8 agile e molto facile da usare<br \/>\n<strong>Contro<\/strong>: Non c&#8217;\u00e8 niente che non mi piaccia in questo momento<\/p>\n","protected":false},"excerpt":{"rendered":"<p>Stayhome.ai facilita la pianificazione e il bilanciamento degli spazi in base alle richieste dei dipendenti, sia in ufficio che da remoto. Con \u00a0questa piattaforma\u00a0le aziende possono consentire ai dipendenti di prenotare giornate di lavoro da casa o specificare l&#8217;orario desiderato tramite l&#8217;app self-service per i dipendenti<\/p>\n","protected":false},"author":19,"featured_media":87320,"parent":87246,"menu_order":0,"comment_status":"open","ping_status":"closed","template":"g1_template_page_review_new.php","meta":{"_acf_changed":false,"cwp_meta_box_check":"No","cwp_rev_product_name":"","cwp_rev_product_image":"","wppr_links":[],"cwp_rev_price":"","wppr_options":[],"wppr_pros":[],"wppr_cons":[],"_monsterinsights_skip_tracking":false,"_monsterinsights_sitenote_active":false,"_monsterinsights_sitenote_note":"","_monsterinsights_sitenote_category":0,"footnotes":""},"categories":[16111],"tags":[11684,16121,16120,16144,16141,16123],"features":[],"class_list":{"0":"post-87286","1":"page","2":"type-page","3":"status-publish","4":"has-post-thumbnail","6":"category-programmi-per-turni-di-lavoro","7":"tag-estensione-chrome","8":"tag-programma-turni-di-lavoro","9":"tag-software-turni-di-lavoro","10":"tag-soluzione-turni-di-lavoro","11":"tag-stayhome-ai","12":"tag-turni-di-lavoro"},"wppr_data":{"cwp_meta_box_check":"No"},"acf":[],"yoast_head":"<!-- This site is optimized with the Yoast SEO plugin v27.4 - https:\/\/yoast.com\/product\/yoast-seo-wordpress\/ -->\n<title>Stayhome.ai: recensione software turni di lavoro - Accurate Reviews<\/title>\n<meta name=\"description\" content=\"Stayhome.ai: recensione soluzione che facilita la pianificazione e il bilanciamento degli spazi in base alle richieste dei dipendenti.\" \/>\n<meta name=\"robots\" content=\"index, follow, max-snippet:-1, max-image-preview:large, max-video-preview:-1\" \/>\n<link rel=\"canonical\" href=\"https:\/\/www.accuratereviews.com\/it\/programmi-gestione-turni-lavoro\/stayhome-ai-recensione\/\" \/>\n<meta property=\"og:locale\" content=\"it_IT\" \/>\n<meta property=\"og:type\" content=\"article\" \/>\n<meta property=\"og:title\" content=\"Stayhome.ai: recensione software turni di lavoro - Accurate Reviews\" \/>\n<meta property=\"og:description\" content=\"Stayhome.ai: recensione soluzione che facilita la pianificazione e il bilanciamento degli spazi in base alle richieste dei dipendenti.\" \/>\n<meta property=\"og:url\" content=\"https:\/\/www.accuratereviews.com\/it\/programmi-gestione-turni-lavoro\/stayhome-ai-recensione\/\" \/>\n<meta property=\"og:site_name\" content=\"Accurate Reviews\" \/>\n<meta property=\"article:modified_time\" content=\"2025-04-17T09:30:25+00:00\" \/>\n<meta property=\"og:image\" content=\"https:\/\/www.accuratereviews.com\/wp-content\/uploads\/2025\/04\/stayhome.ai_.webp\" \/>\n\t<meta property=\"og:image:width\" content=\"200\" \/>\n\t<meta property=\"og:image:height\" content=\"200\" \/>\n\t<meta property=\"og:image:type\" content=\"image\/webp\" \/>\n<meta name=\"twitter:card\" content=\"summary_large_image\" \/>\n<meta name=\"twitter:label1\" content=\"Tempo di lettura stimato\" \/>\n\t<meta name=\"twitter:data1\" content=\"6 minuti\" \/>\n<script type=\"application\/ld+json\" class=\"yoast-schema-graph\">{\"@context\":\"https:\\\/\\\/schema.org\",\"@graph\":[{\"@type\":\"WebPage\",\"@id\":\"https:\\\/\\\/www.accuratereviews.com\\\/it\\\/programmi-gestione-turni-lavoro\\\/stayhome-ai-recensione\\\/\",\"url\":\"https:\\\/\\\/www.accuratereviews.com\\\/it\\\/programmi-gestione-turni-lavoro\\\/stayhome-ai-recensione\\\/\",\"name\":\"Stayhome.ai: recensione software turni di lavoro - Accurate Reviews\",\"isPartOf\":{\"@id\":\"https:\\\/\\\/www.accuratereviews.com\\\/it\\\/#website\"},\"primaryImageOfPage\":{\"@id\":\"https:\\\/\\\/www.accuratereviews.com\\\/it\\\/programmi-gestione-turni-lavoro\\\/stayhome-ai-recensione\\\/#primaryimage\"},\"image\":{\"@id\":\"https:\\\/\\\/www.accuratereviews.com\\\/it\\\/programmi-gestione-turni-lavoro\\\/stayhome-ai-recensione\\\/#primaryimage\"},\"thumbnailUrl\":\"https:\\\/\\\/www.accuratereviews.com\\\/wp-content\\\/uploads\\\/2025\\\/04\\\/stayhome.ai_.webp\",\"datePublished\":\"2025-04-16T21:37:37+00:00\",\"dateModified\":\"2025-04-17T09:30:25+00:00\",\"description\":\"Stayhome.ai: recensione soluzione che facilita la pianificazione e il bilanciamento degli spazi in base alle richieste dei dipendenti.\",\"breadcrumb\":{\"@id\":\"https:\\\/\\\/www.accuratereviews.com\\\/it\\\/programmi-gestione-turni-lavoro\\\/stayhome-ai-recensione\\\/#breadcrumb\"},\"inLanguage\":\"it-IT\",\"potentialAction\":[{\"@type\":\"ReadAction\",\"target\":[\"https:\\\/\\\/www.accuratereviews.com\\\/it\\\/programmi-gestione-turni-lavoro\\\/stayhome-ai-recensione\\\/\"]}]},{\"@type\":\"ImageObject\",\"inLanguage\":\"it-IT\",\"@id\":\"https:\\\/\\\/www.accuratereviews.com\\\/it\\\/programmi-gestione-turni-lavoro\\\/stayhome-ai-recensione\\\/#primaryimage\",\"url\":\"https:\\\/\\\/www.accuratereviews.com\\\/wp-content\\\/uploads\\\/2025\\\/04\\\/stayhome.ai_.webp\",\"contentUrl\":\"https:\\\/\\\/www.accuratereviews.com\\\/wp-content\\\/uploads\\\/2025\\\/04\\\/stayhome.ai_.webp\",\"width\":200,\"height\":200},{\"@type\":\"BreadcrumbList\",\"@id\":\"https:\\\/\\\/www.accuratereviews.com\\\/it\\\/programmi-gestione-turni-lavoro\\\/stayhome-ai-recensione\\\/#breadcrumb\",\"itemListElement\":[{\"@type\":\"ListItem\",\"position\":1,\"name\":\"Home\",\"item\":\"https:\\\/\\\/www.accuratereviews.com\\\/it\\\/\"},{\"@type\":\"ListItem\",\"position\":2,\"name\":\"Programmi per turni di lavoro\",\"item\":\"https:\\\/\\\/www.accuratereviews.com\\\/it\\\/programmi-gestione-turni-lavoro\\\/\"},{\"@type\":\"ListItem\",\"position\":3,\"name\":\"Stayhome.ai\"}]},{\"@type\":\"WebSite\",\"@id\":\"https:\\\/\\\/www.accuratereviews.com\\\/it\\\/#website\",\"url\":\"https:\\\/\\\/www.accuratereviews.com\\\/it\\\/\",\"name\":\"Accurate Reviews\",\"description\":\"\",\"potentialAction\":[{\"@type\":\"SearchAction\",\"target\":{\"@type\":\"EntryPoint\",\"urlTemplate\":\"https:\\\/\\\/www.accuratereviews.com\\\/it\\\/?s={search_term_string}\"},\"query-input\":{\"@type\":\"PropertyValueSpecification\",\"valueRequired\":true,\"valueName\":\"search_term_string\"}}],\"inLanguage\":\"it-IT\"}]}<\/script>\n<!-- \/ Yoast SEO plugin. -->","yoast_head_json":{"title":"Stayhome.ai: recensione software turni di lavoro - Accurate Reviews","description":"Stayhome.ai: recensione soluzione che facilita la pianificazione e il bilanciamento degli spazi in base alle richieste dei dipendenti.","robots":{"index":"index","follow":"follow","max-snippet":"max-snippet:-1","max-image-preview":"max-image-preview:large","max-video-preview":"max-video-preview:-1"},"canonical":"https:\/\/www.accuratereviews.com\/it\/programmi-gestione-turni-lavoro\/stayhome-ai-recensione\/","og_locale":"it_IT","og_type":"article","og_title":"Stayhome.ai: recensione software turni di lavoro - Accurate Reviews","og_description":"Stayhome.ai: recensione soluzione che facilita la pianificazione e il bilanciamento degli spazi in base alle richieste dei dipendenti.","og_url":"https:\/\/www.accuratereviews.com\/it\/programmi-gestione-turni-lavoro\/stayhome-ai-recensione\/","og_site_name":"Accurate Reviews","article_modified_time":"2025-04-17T09:30:25+00:00","og_image":[{"width":200,"height":200,"url":"https:\/\/www.accuratereviews.com\/wp-content\/uploads\/2025\/04\/stayhome.ai_.webp","type":"image\/webp"}],"twitter_card":"summary_large_image","twitter_misc":{"Tempo di lettura stimato":"6 minuti"},"schema":{"@context":"https:\/\/schema.org","@graph":[{"@type":"WebPage","@id":"https:\/\/www.accuratereviews.com\/it\/programmi-gestione-turni-lavoro\/stayhome-ai-recensione\/","url":"https:\/\/www.accuratereviews.com\/it\/programmi-gestione-turni-lavoro\/stayhome-ai-recensione\/","name":"Stayhome.ai: recensione software turni di lavoro - Accurate Reviews","isPartOf":{"@id":"https:\/\/www.accuratereviews.com\/it\/#website"},"primaryImageOfPage":{"@id":"https:\/\/www.accuratereviews.com\/it\/programmi-gestione-turni-lavoro\/stayhome-ai-recensione\/#primaryimage"},"image":{"@id":"https:\/\/www.accuratereviews.com\/it\/programmi-gestione-turni-lavoro\/stayhome-ai-recensione\/#primaryimage"},"thumbnailUrl":"https:\/\/www.accuratereviews.com\/wp-content\/uploads\/2025\/04\/stayhome.ai_.webp","datePublished":"2025-04-16T21:37:37+00:00","dateModified":"2025-04-17T09:30:25+00:00","description":"Stayhome.ai: recensione soluzione che facilita la pianificazione e il bilanciamento degli spazi in base alle richieste dei dipendenti.","breadcrumb":{"@id":"https:\/\/www.accuratereviews.com\/it\/programmi-gestione-turni-lavoro\/stayhome-ai-recensione\/#breadcrumb"},"inLanguage":"it-IT","potentialAction":[{"@type":"ReadAction","target":["https:\/\/www.accuratereviews.com\/it\/programmi-gestione-turni-lavoro\/stayhome-ai-recensione\/"]}]},{"@type":"ImageObject","inLanguage":"it-IT","@id":"https:\/\/www.accuratereviews.com\/it\/programmi-gestione-turni-lavoro\/stayhome-ai-recensione\/#primaryimage","url":"https:\/\/www.accuratereviews.com\/wp-content\/uploads\/2025\/04\/stayhome.ai_.webp","contentUrl":"https:\/\/www.accuratereviews.com\/wp-content\/uploads\/2025\/04\/stayhome.ai_.webp","width":200,"height":200},{"@type":"BreadcrumbList","@id":"https:\/\/www.accuratereviews.com\/it\/programmi-gestione-turni-lavoro\/stayhome-ai-recensione\/#breadcrumb","itemListElement":[{"@type":"ListItem","position":1,"name":"Home","item":"https:\/\/www.accuratereviews.com\/it\/"},{"@type":"ListItem","position":2,"name":"Programmi per turni di lavoro","item":"https:\/\/www.accuratereviews.com\/it\/programmi-gestione-turni-lavoro\/"},{"@type":"ListItem","position":3,"name":"Stayhome.ai"}]},{"@type":"WebSite","@id":"https:\/\/www.accuratereviews.com\/it\/#website","url":"https:\/\/www.accuratereviews.com\/it\/","name":"Accurate Reviews","description":"","potentialAction":[{"@type":"SearchAction","target":{"@type":"EntryPoint","urlTemplate":"https:\/\/www.accuratereviews.com\/it\/?s={search_term_string}"},"query-input":{"@type":"PropertyValueSpecification","valueRequired":true,"valueName":"search_term_string"}}],"inLanguage":"it-IT"}]}},"_links":{"self":[{"href":"https:\/\/www.accuratereviews.com\/it\/wp-json\/wp\/v2\/pages\/87286","targetHints":{"allow":["GET"]}}],"collection":[{"href":"https:\/\/www.accuratereviews.com\/it\/wp-json\/wp\/v2\/pages"}],"about":[{"href":"https:\/\/www.accuratereviews.com\/it\/wp-json\/wp\/v2\/types\/page"}],"author":[{"embeddable":true,"href":"https:\/\/www.accuratereviews.com\/it\/wp-json\/wp\/v2\/users\/19"}],"replies":[{"embeddable":true,"href":"https:\/\/www.accuratereviews.com\/it\/wp-json\/wp\/v2\/comments?post=87286"}],"version-history":[{"count":8,"href":"https:\/\/www.accuratereviews.com\/it\/wp-json\/wp\/v2\/pages\/87286\/revisions"}],"predecessor-version":[{"id":87341,"href":"https:\/\/www.accuratereviews.com\/it\/wp-json\/wp\/v2\/pages\/87286\/revisions\/87341"}],"up":[{"embeddable":true,"href":"https:\/\/www.accuratereviews.com\/it\/wp-json\/wp\/v2\/pages\/87246"}],"wp:featuredmedia":[{"embeddable":true,"href":"https:\/\/www.accuratereviews.com\/it\/wp-json\/wp\/v2\/media\/87320"}],"wp:attachment":[{"href":"https:\/\/www.accuratereviews.com\/it\/wp-json\/wp\/v2\/media?parent=87286"}],"wp:term":[{"taxonomy":"category","embeddable":true,"href":"https:\/\/www.accuratereviews.com\/it\/wp-json\/wp\/v2\/categories?post=87286"},{"taxonomy":"post_tag","embeddable":true,"href":"https:\/\/www.accuratereviews.com\/it\/wp-json\/wp\/v2\/tags?post=87286"},{"taxonomy":"features","embeddable":true,"href":"https:\/\/www.accuratereviews.com\/it\/wp-json\/wp\/v2\/features?post=87286"}],"curies":[{"name":"wp","href":"https:\/\/api.w.org\/{rel}","templated":true}]}}