{"id":87346,"date":"2025-04-17T13:36:14","date_gmt":"2025-04-17T13:36:14","guid":{"rendered":"https:\/\/www.accuratereviews.com\/?page_id=87346"},"modified":"2025-05-05T18:34:36","modified_gmt":"2025-05-05T18:34:36","slug":"shifton-recensione","status":"publish","type":"page","link":"https:\/\/www.accuratereviews.com\/it\/programmi-gestione-turni-lavoro\/shifton-recensione\/","title":{"rendered":"Shifton"},"content":{"rendered":"<p><strong>Shifton<\/strong> \u00e8 una soluzione avanzata per la <strong>pianificazione dei turni<\/strong> e la<strong> gestione della forza lavoro<\/strong>, progettata per ottimizzare tempi e risorse per aziende di tutte le dimensioni.\u00a0Le funzionalit\u00e0 di <strong>Shifton<\/strong> affrontano le sfide pi\u00f9 comuni nella gestione della forza lavoro. Il modulo di pianificazione dei turni consente agli stakeholder di generare automaticamente programmi efficienti in base alla disponibilit\u00e0 dei dipendenti e alle esigenze aziendali. Le funzionalit\u00e0 di monitoraggio in tempo reale consentono ai manager di rimanere informati, modificare i programmi al volo e prevenire la carenza di personale. Inoltre, le informazioni basate sui dati fornite dalle analisi dettagliate aiutano le aziende a prendere decisioni consapevoli e a ottimizzare l&#8217;allocazione della forza lavoro per ottenere risultati migliori.<br \/>\nIntegrandosi perfettamente con altri strumenti di gestione della forza lavoro, <strong>Shifton<\/strong> offre una soluzione completa per semplificare le operazioni.<\/p>\n<h2>SHIFTON &#8211; TUTORIAL<\/h2>\n<div id=\"fluid-wrapper-counter-1\" class=\"g1-fluid-wrapper \" style=\"width:686px;\">\n<div style=\"padding-bottom:56.268221574344%;\"><iframe loading=\"lazy\" title=\"How to mass assign the shifts in the online scheduling system Shifton \/ Shifton Tech-Support\" width=\"686\" height=\"386\" src=\"https:\/\/www.youtube.com\/embed\/n2ODkX8FS7o?feature=oembed&amp;wmode=transparent&amp;autohide=1&amp;autoplay=0&amp;disablekb=0&amp;fs=1&amp;loop=0&amp;enablejsapi=1&amp;rel=0&amp;controls=2&amp;showinfo=0&amp;wmode=transparent&amp;autohide=2&amp;autoplay=0&amp;disablekb=0&amp;fs=1&amp;loop=0&amp;enablejsapi=1&amp;rel=0&amp;controls=2&amp;showinfo=1\" frameborder=\"0\" allow=\"accelerometer; autoplay; clipboard-write; encrypted-media; gyroscope; picture-in-picture; web-share\" referrerpolicy=\"strict-origin-when-cross-origin\" allowfullscreen><\/iframe><\/div>\n<\/div>\n<h3>SHIFTON &#8211; CARATTERISTICHE<\/h3>\n<ul>\n<li>Automazione che fa risparmiare tempo: riduce il lavoro manuale e crea gli orari rapidamente.<\/li>\n<li>Riduzione degli errori; assicura l\u2019assegnazione corretta di tutti i turni, minimizzando gli errori di pianificazione.<\/li>\n<li>Equa distribuzione del carico di lavoro: crea orari giusti ed efficienti per prevenire sovraccarichi o sottorganico.<\/li>\n<li>Miglior allocazione delle risorse: i manager possono pianificare con maggiore chiarezza ed efficienza.<\/li>\n<li>Maggiore trasparenza per i dipendenti: i dipendenti ricevono i loro orari in anticipo, migliorando le previsioni dei turni.<\/li>\n<li>Rilevamento in tempo reale dei conflitti: previene sovrapposizioni doppie e reclami sugli orari.<\/li>\n<li>Controllo degli straordinari: consente ai manager di creare limiti settimanali obbligatori di tempo.<\/li>\n<li>Ottimizzazione dei costi del lavoro: riduce i costi non necessari dovuti a straordinari inefficienti.<\/li>\n<li>Benessere dei dipendenti: garantisce l\u2019equa distribuzione dei turni per prevenire il burnout.<\/li>\n<li>Opzioni di programmazione flessibili: accoglie turni imprevisti e assenze.<\/li>\n<li>Notifiche istantanee: dipendenti e manager ricevono aggiornamenti in tempo reale sui cambiamenti di orario.<\/li>\n<li>Regolazioni senza intoppi dei turni: i manager possono modificare gli orari rapidamente, senza problemi.<\/li>\n<li>Comunicazione centralizzata: elimina email inutili e confusioni sugli orari.<\/li>\n<li>Integrazione di reporting e analisi del tempo: fornisce informazioni su presenze dei dipendenti, costi del lavoro e produttivit\u00e0.<\/li>\n<li>Miglior collaborazione del team: assicura che gli orari, le mansioni e la disponibilit\u00e0 di tutti siano allineate.<\/li>\n<li>Pianificazione drag-and-drop: crea elenchi settimanali in pochi minuti.<\/li>\n<li>Scambi di turno in tempo reale: consenti ai dipendenti di richiedere scambi con approvazioni automatiche.<\/li>\n<li>Accesso mobile: aggiorna orari in movimento e notifica i team istantaneamente.<\/li>\n<li>Log di controllo: traccia modifiche agli orari e approvazioni.<\/li>\n<li>Avvisi di leggi sul lavoro: ricevi avvisi per rischi di straordinario o violazioni delle pause.<\/li>\n<li>Integrazione del libro paga: sincronizza le ore lavorate con i sistemi paga.<\/li>\n<li>Modelli di attivit\u00e0: assegna compiti ricorrenti (es., liste di controllo per la pulizia nei ristoranti).<\/li>\n<li>Etichettatura della priorit\u00e0: evidenzia compiti urgenti per ruoli specifici.<\/li>\n<li>Approfondimenti sulle prestazioni: traccia tassi di completamento delle attivit\u00e0 e identifica i colli di bottiglia.<\/li>\n<\/ul>\n<h4>LE RECENSIONI DEGLI UTENTI<\/h4>\n<p><strong>\u0410\u043b\u0438\u043d\u0430 &#8220;Software molto utile!&#8221;<\/strong><br \/>\n<strong>Commenti<\/strong>: Shifton \u00e8 un buon software e ora non ho pi\u00f9 problemi a vedere l&#8217;orario di lavoro di ogni dipendente.<br \/>\n<strong>Pro<\/strong>: Ci\u00f2 che pi\u00f9 mi piace \u00e8 la semplicit\u00e0 d&#8217;uso e la possibilit\u00e0 di controllare l&#8217;orario di lavoro del personale.<br \/>\n<strong>Contro<\/strong>: Finora non ho trovato svantaggi.<\/p>\n<p><strong>Alina &#8220;Il miglior prodotto per la pianificazione!&#8221;<\/strong><br \/>\n<strong>Commenti<\/strong>: Shifton \u00e8 uno dei software pi\u00f9 comodi per l&#8217;uso quotidiano!<br \/>\n<strong>Pro<\/strong>: Soprattutto, apprezzo la semplicit\u00e0 di gestione e la modifica del programma. \u00c8 anche positivo che i dipendenti possano concedere l&#8217;inizio e la fine di un turno.<br \/>\n<strong>Contro<\/strong>: Mi piace tutto di questo software! Non riesco a trovare svantaggi.<\/p>\n<p><strong>Kostia &#8220;Mi piace tutto di Shifton&#8221;<\/strong><br \/>\n<strong>Commenti<\/strong>: creazione di un programma settimanale degli operatori del call center, visualizzazione delle modifiche al web e all&#8217;applicazione, visualizzazione di pause, pranzi, assenze, ferie<br \/>\n<strong>Pro<\/strong>: Pause elettroniche, contabilizzazione delle ore di lavoro, creazione di un orario in formato libero<br \/>\n<strong>Contro<\/strong>: non sono stati riscontrati svantaggi, tutto bene<\/p>\n","protected":false},"excerpt":{"rendered":"<p>Shifton \u00e8 una soluzione avanzata per la pianificazione dei turni e la gestione della forza lavoro, progettata per ottimizzare tempi e risorse per aziende di tutte le dimensioni.\u00a0Le funzionalit\u00e0 di Shifton affrontano le sfide pi\u00f9 comuni nella gestione della forza lavoro. Il modulo di pianificazione dei turni consente agli stakeholder di generare automaticamente programmi efficienti in base alla disponibilit\u00e0 dei dipendenti e alle esigenze aziendali.<\/p>\n","protected":false},"author":19,"featured_media":87347,"parent":87246,"menu_order":0,"comment_status":"open","ping_status":"closed","template":"g1_template_page_review_new.php","meta":{"_acf_changed":false,"cwp_meta_box_check":"Yes","cwp_rev_product_name":"","cwp_rev_product_image":"","wppr_links":[],"cwp_rev_price":"0.00","wppr_options":[{"name":"Usability","value":"0"},{"name":"Speed","value":"0"},{"name":"Features","value":"0"},{"name":"Support","value":"0"},{"name":"Pricing","value":"0"}],"wppr_pros":["","","","",""],"wppr_cons":["","","","",""],"_monsterinsights_skip_tracking":false,"_monsterinsights_sitenote_active":false,"_monsterinsights_sitenote_note":"","_monsterinsights_sitenote_category":0,"footnotes":""},"categories":[16111],"tags":[16146,16121,16145,16120,16144,16123],"features":[],"class_list":{"0":"post-87346","1":"page","2":"type-page","3":"status-publish","4":"has-post-thumbnail","6":"category-programmi-per-turni-di-lavoro","7":"tag-piattaforma-turni-di-lavoro","8":"tag-programma-turni-di-lavoro","9":"tag-shifton","10":"tag-software-turni-di-lavoro","11":"tag-soluzione-turni-di-lavoro","12":"tag-turni-di-lavoro"},"wppr_data":{"cwp_meta_box_check":"Yes","_wppr_review_template":"default","cwp_rev_product_image":"","cwp_image_link":"image","wppr_links":[],"cwp_rev_price":"0.00","wppr_pros":["","","","",""],"wppr_cons":["","","","",""],"wppr_rating":"0.00","wppr_options":{"1":{"name":"Usability","value":"0"},"2":{"name":"Speed","value":"0"},"3":{"name":"Features","value":"0"},"4":{"name":"Support","value":"0"},"5":{"name":"Pricing","value":"0"}},"wppr_review_type":"Product","wppr_review_custom_fields":{"additionalProperty":"","additionalType":"","aggregateRating":"","alternateName":"","audience":"","award":"","awards":"","brand":"","color":"","depth":"","description":"","disambiguatingDescription":"","gtin12":"","gtin13":"","gtin14":"","gtin8":"","height":"","identifier":"","image":"","isAccessoryOrSparePartFor":"","isConsumableFor":"","isRelatedTo":"","isSimilarTo":"","itemCondition":"","logo":"","mainEntityOfPage":"","manufacturer":"","material":"","model":"","mpn":"","name":"","offers":"","potentialAction":"","productID":"","productionDate":"","purchaseDate":"","releaseDate":"","review":"","reviews":"","sameAs":"","sku":"","slogan":"","subjectOf":"","url":"","weight":"","width":""}},"acf":[],"yoast_head":"<!-- This site is optimized with the Yoast SEO plugin v27.4 - https:\/\/yoast.com\/product\/yoast-seo-wordpress\/ -->\n<title>Shifton: recensione software turni di lavoro - Accurate Reviews<\/title>\n<meta name=\"description\" content=\"Shifton: recensione soluzione per la pianificazione dei turni e la gestione della forza lavoro, progettata per ottimizzare tempi e risorse.\" \/>\n<meta name=\"robots\" content=\"index, follow, max-snippet:-1, max-image-preview:large, max-video-preview:-1\" \/>\n<link rel=\"canonical\" href=\"https:\/\/www.accuratereviews.com\/it\/programmi-gestione-turni-lavoro\/shifton-recensione\/\" \/>\n<meta property=\"og:locale\" content=\"it_IT\" \/>\n<meta property=\"og:type\" content=\"article\" \/>\n<meta property=\"og:title\" content=\"Shifton: recensione software turni di lavoro - Accurate Reviews\" \/>\n<meta property=\"og:description\" content=\"Shifton: recensione soluzione per la pianificazione dei turni e la gestione della forza lavoro, progettata per ottimizzare tempi e risorse.\" \/>\n<meta property=\"og:url\" content=\"https:\/\/www.accuratereviews.com\/it\/programmi-gestione-turni-lavoro\/shifton-recensione\/\" \/>\n<meta property=\"og:site_name\" content=\"Accurate Reviews\" \/>\n<meta property=\"article:modified_time\" content=\"2025-05-05T18:34:36+00:00\" \/>\n<meta property=\"og:image\" content=\"https:\/\/www.accuratereviews.com\/wp-content\/uploads\/2025\/04\/Shifton.webp\" \/>\n\t<meta property=\"og:image:width\" content=\"240\" \/>\n\t<meta property=\"og:image:height\" content=\"240\" \/>\n\t<meta property=\"og:image:type\" content=\"image\/webp\" \/>\n<meta name=\"twitter:card\" content=\"summary_large_image\" \/>\n<meta name=\"twitter:label1\" content=\"Tempo di lettura stimato\" \/>\n\t<meta name=\"twitter:data1\" content=\"5 minuti\" \/>\n<script type=\"application\/ld+json\" class=\"yoast-schema-graph\">{\"@context\":\"https:\\\/\\\/schema.org\",\"@graph\":[{\"@type\":\"WebPage\",\"@id\":\"https:\\\/\\\/www.accuratereviews.com\\\/it\\\/programmi-gestione-turni-lavoro\\\/shifton-recensione\\\/\",\"url\":\"https:\\\/\\\/www.accuratereviews.com\\\/it\\\/programmi-gestione-turni-lavoro\\\/shifton-recensione\\\/\",\"name\":\"Shifton: recensione software turni di lavoro - Accurate Reviews\",\"isPartOf\":{\"@id\":\"https:\\\/\\\/www.accuratereviews.com\\\/it\\\/#website\"},\"primaryImageOfPage\":{\"@id\":\"https:\\\/\\\/www.accuratereviews.com\\\/it\\\/programmi-gestione-turni-lavoro\\\/shifton-recensione\\\/#primaryimage\"},\"image\":{\"@id\":\"https:\\\/\\\/www.accuratereviews.com\\\/it\\\/programmi-gestione-turni-lavoro\\\/shifton-recensione\\\/#primaryimage\"},\"thumbnailUrl\":\"https:\\\/\\\/www.accuratereviews.com\\\/wp-content\\\/uploads\\\/2025\\\/04\\\/Shifton.webp\",\"datePublished\":\"2025-04-17T13:36:14+00:00\",\"dateModified\":\"2025-05-05T18:34:36+00:00\",\"description\":\"Shifton: recensione soluzione per la pianificazione dei turni e la gestione della forza lavoro, progettata per ottimizzare tempi e risorse.\",\"breadcrumb\":{\"@id\":\"https:\\\/\\\/www.accuratereviews.com\\\/it\\\/programmi-gestione-turni-lavoro\\\/shifton-recensione\\\/#breadcrumb\"},\"inLanguage\":\"it-IT\",\"potentialAction\":[{\"@type\":\"ReadAction\",\"target\":[\"https:\\\/\\\/www.accuratereviews.com\\\/it\\\/programmi-gestione-turni-lavoro\\\/shifton-recensione\\\/\"]}]},{\"@type\":\"ImageObject\",\"inLanguage\":\"it-IT\",\"@id\":\"https:\\\/\\\/www.accuratereviews.com\\\/it\\\/programmi-gestione-turni-lavoro\\\/shifton-recensione\\\/#primaryimage\",\"url\":\"https:\\\/\\\/www.accuratereviews.com\\\/wp-content\\\/uploads\\\/2025\\\/04\\\/Shifton.webp\",\"contentUrl\":\"https:\\\/\\\/www.accuratereviews.com\\\/wp-content\\\/uploads\\\/2025\\\/04\\\/Shifton.webp\",\"width\":240,\"height\":240},{\"@type\":\"BreadcrumbList\",\"@id\":\"https:\\\/\\\/www.accuratereviews.com\\\/it\\\/programmi-gestione-turni-lavoro\\\/shifton-recensione\\\/#breadcrumb\",\"itemListElement\":[{\"@type\":\"ListItem\",\"position\":1,\"name\":\"Home\",\"item\":\"https:\\\/\\\/www.accuratereviews.com\\\/it\\\/\"},{\"@type\":\"ListItem\",\"position\":2,\"name\":\"Programmi per turni di lavoro\",\"item\":\"https:\\\/\\\/www.accuratereviews.com\\\/it\\\/programmi-gestione-turni-lavoro\\\/\"},{\"@type\":\"ListItem\",\"position\":3,\"name\":\"Shifton\"}]},{\"@type\":\"WebSite\",\"@id\":\"https:\\\/\\\/www.accuratereviews.com\\\/it\\\/#website\",\"url\":\"https:\\\/\\\/www.accuratereviews.com\\\/it\\\/\",\"name\":\"Accurate Reviews\",\"description\":\"\",\"potentialAction\":[{\"@type\":\"SearchAction\",\"target\":{\"@type\":\"EntryPoint\",\"urlTemplate\":\"https:\\\/\\\/www.accuratereviews.com\\\/it\\\/?s={search_term_string}\"},\"query-input\":{\"@type\":\"PropertyValueSpecification\",\"valueRequired\":true,\"valueName\":\"search_term_string\"}}],\"inLanguage\":\"it-IT\"}]}<\/script>\n<!-- \/ Yoast SEO plugin. -->","yoast_head_json":{"title":"Shifton: recensione software turni di lavoro - Accurate Reviews","description":"Shifton: recensione soluzione per la pianificazione dei turni e la gestione della forza lavoro, progettata per ottimizzare tempi e risorse.","robots":{"index":"index","follow":"follow","max-snippet":"max-snippet:-1","max-image-preview":"max-image-preview:large","max-video-preview":"max-video-preview:-1"},"canonical":"https:\/\/www.accuratereviews.com\/it\/programmi-gestione-turni-lavoro\/shifton-recensione\/","og_locale":"it_IT","og_type":"article","og_title":"Shifton: recensione software turni di lavoro - Accurate Reviews","og_description":"Shifton: recensione soluzione per la pianificazione dei turni e la gestione della forza lavoro, progettata per ottimizzare tempi e risorse.","og_url":"https:\/\/www.accuratereviews.com\/it\/programmi-gestione-turni-lavoro\/shifton-recensione\/","og_site_name":"Accurate Reviews","article_modified_time":"2025-05-05T18:34:36+00:00","og_image":[{"width":240,"height":240,"url":"https:\/\/www.accuratereviews.com\/wp-content\/uploads\/2025\/04\/Shifton.webp","type":"image\/webp"}],"twitter_card":"summary_large_image","twitter_misc":{"Tempo di lettura stimato":"5 minuti"},"schema":{"@context":"https:\/\/schema.org","@graph":[{"@type":"WebPage","@id":"https:\/\/www.accuratereviews.com\/it\/programmi-gestione-turni-lavoro\/shifton-recensione\/","url":"https:\/\/www.accuratereviews.com\/it\/programmi-gestione-turni-lavoro\/shifton-recensione\/","name":"Shifton: recensione software turni di lavoro - Accurate Reviews","isPartOf":{"@id":"https:\/\/www.accuratereviews.com\/it\/#website"},"primaryImageOfPage":{"@id":"https:\/\/www.accuratereviews.com\/it\/programmi-gestione-turni-lavoro\/shifton-recensione\/#primaryimage"},"image":{"@id":"https:\/\/www.accuratereviews.com\/it\/programmi-gestione-turni-lavoro\/shifton-recensione\/#primaryimage"},"thumbnailUrl":"https:\/\/www.accuratereviews.com\/wp-content\/uploads\/2025\/04\/Shifton.webp","datePublished":"2025-04-17T13:36:14+00:00","dateModified":"2025-05-05T18:34:36+00:00","description":"Shifton: recensione soluzione per la pianificazione dei turni e la gestione della forza lavoro, progettata per ottimizzare tempi e risorse.","breadcrumb":{"@id":"https:\/\/www.accuratereviews.com\/it\/programmi-gestione-turni-lavoro\/shifton-recensione\/#breadcrumb"},"inLanguage":"it-IT","potentialAction":[{"@type":"ReadAction","target":["https:\/\/www.accuratereviews.com\/it\/programmi-gestione-turni-lavoro\/shifton-recensione\/"]}]},{"@type":"ImageObject","inLanguage":"it-IT","@id":"https:\/\/www.accuratereviews.com\/it\/programmi-gestione-turni-lavoro\/shifton-recensione\/#primaryimage","url":"https:\/\/www.accuratereviews.com\/wp-content\/uploads\/2025\/04\/Shifton.webp","contentUrl":"https:\/\/www.accuratereviews.com\/wp-content\/uploads\/2025\/04\/Shifton.webp","width":240,"height":240},{"@type":"BreadcrumbList","@id":"https:\/\/www.accuratereviews.com\/it\/programmi-gestione-turni-lavoro\/shifton-recensione\/#breadcrumb","itemListElement":[{"@type":"ListItem","position":1,"name":"Home","item":"https:\/\/www.accuratereviews.com\/it\/"},{"@type":"ListItem","position":2,"name":"Programmi per turni di lavoro","item":"https:\/\/www.accuratereviews.com\/it\/programmi-gestione-turni-lavoro\/"},{"@type":"ListItem","position":3,"name":"Shifton"}]},{"@type":"WebSite","@id":"https:\/\/www.accuratereviews.com\/it\/#website","url":"https:\/\/www.accuratereviews.com\/it\/","name":"Accurate Reviews","description":"","potentialAction":[{"@type":"SearchAction","target":{"@type":"EntryPoint","urlTemplate":"https:\/\/www.accuratereviews.com\/it\/?s={search_term_string}"},"query-input":{"@type":"PropertyValueSpecification","valueRequired":true,"valueName":"search_term_string"}}],"inLanguage":"it-IT"}]}},"_links":{"self":[{"href":"https:\/\/www.accuratereviews.com\/it\/wp-json\/wp\/v2\/pages\/87346","targetHints":{"allow":["GET"]}}],"collection":[{"href":"https:\/\/www.accuratereviews.com\/it\/wp-json\/wp\/v2\/pages"}],"about":[{"href":"https:\/\/www.accuratereviews.com\/it\/wp-json\/wp\/v2\/types\/page"}],"author":[{"embeddable":true,"href":"https:\/\/www.accuratereviews.com\/it\/wp-json\/wp\/v2\/users\/19"}],"replies":[{"embeddable":true,"href":"https:\/\/www.accuratereviews.com\/it\/wp-json\/wp\/v2\/comments?post=87346"}],"version-history":[{"count":15,"href":"https:\/\/www.accuratereviews.com\/it\/wp-json\/wp\/v2\/pages\/87346\/revisions"}],"predecessor-version":[{"id":90390,"href":"https:\/\/www.accuratereviews.com\/it\/wp-json\/wp\/v2\/pages\/87346\/revisions\/90390"}],"up":[{"embeddable":true,"href":"https:\/\/www.accuratereviews.com\/it\/wp-json\/wp\/v2\/pages\/87246"}],"wp:featuredmedia":[{"embeddable":true,"href":"https:\/\/www.accuratereviews.com\/it\/wp-json\/wp\/v2\/media\/87347"}],"wp:attachment":[{"href":"https:\/\/www.accuratereviews.com\/it\/wp-json\/wp\/v2\/media?parent=87346"}],"wp:term":[{"taxonomy":"category","embeddable":true,"href":"https:\/\/www.accuratereviews.com\/it\/wp-json\/wp\/v2\/categories?post=87346"},{"taxonomy":"post_tag","embeddable":true,"href":"https:\/\/www.accuratereviews.com\/it\/wp-json\/wp\/v2\/tags?post=87346"},{"taxonomy":"features","embeddable":true,"href":"https:\/\/www.accuratereviews.com\/it\/wp-json\/wp\/v2\/features?post=87346"}],"curies":[{"name":"wp","href":"https:\/\/api.w.org\/{rel}","templated":true}]}}