{"id":87370,"date":"2025-04-18T17:19:10","date_gmt":"2025-04-18T17:19:10","guid":{"rendered":"https:\/\/www.accuratereviews.com\/?page_id=87370"},"modified":"2025-04-18T17:19:10","modified_gmt":"2025-04-18T17:19:10","slug":"iflow-recensione","status":"publish","type":"page","link":"https:\/\/www.accuratereviews.com\/it\/programmi-gestione-turni-lavoro\/iflow-recensione\/","title":{"rendered":"iFlow"},"content":{"rendered":"<p><strong>iFlow<\/strong> \u00e8 una <strong>soluzione di monitoraggio del tempo<\/strong> che consente di gestire i dati e gli orari di lavoro dei dipendenti da qualsiasi dispositivo e ovunque ti trovi. Pu\u00f2 generare schede attivit\u00e0 accurate che vengono aggiornate automaticamente in base alle attivit\u00e0 dei dipendenti. Dispone anche di un&#8217;app mobile che pu\u00f2 supportare un numero illimitato di utenti.<br \/>\nL&#8217;app, che funziona come soluzione self-service per i dipendenti, consente loro di effettuare il check-in o il check-out da qualsiasi dispositivo. Pu\u00f2 rilevare automaticamente la posizione dei dipendenti da dove hanno effettuato il check-in o il check-out. Inoltre, poich\u00e9 tutto viene eseguito in tempo reale, \u00e8 possibile rifiutare o approvare le richieste di eventi, come le richieste di ferie, esattamente nel momento in cui vengono aggiunte.<\/p>\n<h2>IFLOW &#8211; TUTORIAL<\/h2>\n<div id=\"fluid-wrapper-counter-1\" class=\"g1-fluid-wrapper \" style=\"width:686px;\">\n<div style=\"padding-bottom:56.268221574344%;\"><iframe loading=\"lazy\" title=\"iFlow Kiosk\" width=\"686\" height=\"386\" src=\"https:\/\/www.youtube.com\/embed\/wV1vxC51_Gc?feature=oembed&amp;wmode=transparent&amp;autohide=1&amp;autoplay=0&amp;disablekb=0&amp;fs=1&amp;loop=0&amp;enablejsapi=1&amp;rel=0&amp;controls=2&amp;showinfo=0&amp;wmode=transparent&amp;autohide=2&amp;autoplay=0&amp;disablekb=0&amp;fs=1&amp;loop=0&amp;enablejsapi=1&amp;rel=0&amp;controls=2&amp;showinfo=1\" frameborder=\"0\" allow=\"accelerometer; autoplay; clipboard-write; encrypted-media; gyroscope; picture-in-picture; web-share\" referrerpolicy=\"strict-origin-when-cross-origin\" allowfullscreen><\/iframe><\/div>\n<\/div>\n<h3>IFLOW &#8211; CARATTERISTICHE<\/h3>\n<ul>\n<li><strong>Valutazioni delle prestazioni<\/strong>: panoramica completa delle prestazioni e dello sviluppo del team.<\/li>\n<li><strong>Gestione progetti<\/strong>: monitoraggio dell&#8217;avanzamento dei progetti e dell&#8217;efficienza delle risorse.<\/li>\n<li><strong>Documenti<\/strong>: archivio digitale per la generazione e l&#8217;archiviazione di documenti sicuri.<\/li>\n<li><strong>Gestione degli straordinari:<\/strong> retribuzione di straordinari e ferie, con trasparenza del tempo lavorato.<\/li>\n<li><strong>Promemoria<\/strong>: notifiche automatiche per scadenze ed eventi importanti.<\/li>\n<li><strong>Monitoraggio del tempo<\/strong>: una piattaforma per la gestione dei fogli presenze e calcoli automatici.<\/li>\n<li><strong>Report HR<\/strong>: report HR automatizzati con analisi e statistiche essenziali.<\/li>\n<li><strong>Gestione ferie<\/strong>: richieste e pianificazione ferie digitali per l&#8217;intera azienda.<\/li>\n<li><strong>Pianificatore turni<\/strong>: strumento flessibile per la configurazione dell&#8217;orario di lavoro.<\/li>\n<li><strong>Software HR:<\/strong> software HR basato su cloud per la gestione dei dati dei dipendenti in modo sicuro e legale.<\/li>\n<li><strong>Opzioni di timbratura<\/strong>: soluzioni di rilevazione presenze digitale per dipendenti di tutti i settori.<\/li>\n<\/ul>\n<h4>LE RECENSIONI DEGLI UTENTI<\/h4>\n<p><strong>Stef &#8220;Strumento utile per l&#8217;intera azienda&#8221;<\/strong><br \/>\n<strong>Commenti<\/strong>: Facile da usare, tutti gli utenti sono stati in grado di connettersi dai loro smartphone, senza errori nel reparto risorse umane.<br \/>\n<strong>Pro<\/strong>: Come HR, \u00e8 stato molto facile lavorare con Iflow, perch\u00e9 riduce notevolmente il lavoro operativo. Ad esempio: puoi scaricare certificati per tutti i dipendenti, rapporti sulla cronologia, hai il vantaggio di modificare tutti i suggerimenti sui congedi (maternit\u00e0, giorno di malattia, ecc.).<br \/>\n<strong>Contro<\/strong>: Un solo pensiero: integrazione con Slack.<\/p>\n<p><strong>Petru &#8220;Recensione di Iflow&#8221;<\/strong><br \/>\n<strong>Commenti<\/strong>: In generale sono soddisfatto dei servizi offerti.<br \/>\n<strong>Pro<\/strong>: \u00c8 una soluzione integrata che semplifica il mio lavoro.<br \/>\n<strong>Contro<\/strong>: I giorni di riposo dovrebbero essere cumulativi, perch\u00e9 mi ci \u00e8 voluto un po &#8216;prima di notare che era necessario selezionare l&#8217;anno corrispondente.<\/p>\n<p><strong>Liviu &#8220;Buon software iFlow&#8221;<\/strong><br \/>\n<strong>Pro<\/strong>: Mi piace il fatto che siamo diventati operativi molto velocemente, un software molto intuitivo, facile da eseguire.<br \/>\n<strong>Contro<\/strong>: Manca di alcune funzionalit\u00e0, ma suppongo siano in cantiere.<\/p>\n","protected":false},"excerpt":{"rendered":"<p>iFlow \u00e8 una soluzione di monitoraggio del tempo che consente di gestire i dati e gli orari di lavoro dei dipendenti da qualsiasi dispositivo e ovunque ti trovi. Pu\u00f2 generare schede attivit\u00e0 accurate che vengono aggiornate automaticamente in base alle attivit\u00e0 dei dipendenti. Dispone anche di un&#8217;app mobile che pu\u00f2 supportare un numero illimitato di utenti.<\/p>\n","protected":false},"author":19,"featured_media":87380,"parent":87246,"menu_order":0,"comment_status":"open","ping_status":"closed","template":"g1_template_page_review_new.php","meta":{"_acf_changed":false,"cwp_meta_box_check":"No","cwp_rev_product_name":"","cwp_rev_product_image":"","wppr_links":[],"cwp_rev_price":"","wppr_options":[],"wppr_pros":[],"wppr_cons":[],"_monsterinsights_skip_tracking":false,"_monsterinsights_sitenote_active":false,"_monsterinsights_sitenote_note":"","_monsterinsights_sitenote_category":0,"footnotes":""},"categories":[16111],"tags":[16150,16154,16121,16120,16144,16123],"features":[],"class_list":{"0":"post-87370","1":"page","2":"type-page","3":"status-publish","4":"has-post-thumbnail","6":"category-programmi-per-turni-di-lavoro","7":"tag-iflow","8":"tag-piattaforma-turni-di-lavori","9":"tag-programma-turni-di-lavoro","10":"tag-software-turni-di-lavoro","11":"tag-soluzione-turni-di-lavoro","12":"tag-turni-di-lavoro"},"wppr_data":{"cwp_meta_box_check":"No"},"acf":[],"yoast_head":"<!-- This site is optimized with the Yoast SEO plugin v27.4 - https:\/\/yoast.com\/product\/yoast-seo-wordpress\/ -->\n<title>iFlow: recensione software turni di lavoro - Accurate Reviews<\/title>\n<meta name=\"description\" content=\"iFlow: recensione software monitoraggio del tempo che consente di gestire i dati e gli orari dei dipendenti da qualsiasi dispositivo.\" \/>\n<meta name=\"robots\" content=\"index, follow, max-snippet:-1, max-image-preview:large, max-video-preview:-1\" \/>\n<link rel=\"canonical\" href=\"https:\/\/www.accuratereviews.com\/it\/programmi-gestione-turni-lavoro\/iflow-recensione\/\" \/>\n<meta property=\"og:locale\" content=\"it_IT\" \/>\n<meta property=\"og:type\" content=\"article\" \/>\n<meta property=\"og:title\" content=\"iFlow: recensione software turni di lavoro - Accurate Reviews\" \/>\n<meta property=\"og:description\" content=\"iFlow: recensione software monitoraggio del tempo che consente di gestire i dati e gli orari dei dipendenti da qualsiasi dispositivo.\" \/>\n<meta property=\"og:url\" content=\"https:\/\/www.accuratereviews.com\/it\/programmi-gestione-turni-lavoro\/iflow-recensione\/\" \/>\n<meta property=\"og:site_name\" content=\"Accurate Reviews\" \/>\n<meta property=\"og:image\" content=\"https:\/\/www.accuratereviews.com\/wp-content\/uploads\/2025\/04\/iFlow-2.png\" \/>\n\t<meta property=\"og:image:width\" content=\"225\" \/>\n\t<meta property=\"og:image:height\" content=\"225\" \/>\n\t<meta property=\"og:image:type\" content=\"image\/png\" \/>\n<meta name=\"twitter:card\" content=\"summary_large_image\" \/>\n<meta name=\"twitter:label1\" content=\"Tempo di lettura stimato\" \/>\n\t<meta name=\"twitter:data1\" content=\"4 minuti\" \/>\n<script type=\"application\/ld+json\" class=\"yoast-schema-graph\">{\"@context\":\"https:\\\/\\\/schema.org\",\"@graph\":[{\"@type\":\"WebPage\",\"@id\":\"https:\\\/\\\/www.accuratereviews.com\\\/it\\\/programmi-gestione-turni-lavoro\\\/iflow-recensione\\\/\",\"url\":\"https:\\\/\\\/www.accuratereviews.com\\\/it\\\/programmi-gestione-turni-lavoro\\\/iflow-recensione\\\/\",\"name\":\"iFlow: recensione software turni di lavoro - Accurate Reviews\",\"isPartOf\":{\"@id\":\"https:\\\/\\\/www.accuratereviews.com\\\/it\\\/#website\"},\"primaryImageOfPage\":{\"@id\":\"https:\\\/\\\/www.accuratereviews.com\\\/it\\\/programmi-gestione-turni-lavoro\\\/iflow-recensione\\\/#primaryimage\"},\"image\":{\"@id\":\"https:\\\/\\\/www.accuratereviews.com\\\/it\\\/programmi-gestione-turni-lavoro\\\/iflow-recensione\\\/#primaryimage\"},\"thumbnailUrl\":\"https:\\\/\\\/www.accuratereviews.com\\\/wp-content\\\/uploads\\\/2025\\\/04\\\/iFlow-2.png\",\"datePublished\":\"2025-04-18T17:19:10+00:00\",\"description\":\"iFlow: recensione software monitoraggio del tempo che consente di gestire i dati e gli orari dei dipendenti da qualsiasi dispositivo.\",\"breadcrumb\":{\"@id\":\"https:\\\/\\\/www.accuratereviews.com\\\/it\\\/programmi-gestione-turni-lavoro\\\/iflow-recensione\\\/#breadcrumb\"},\"inLanguage\":\"it-IT\",\"potentialAction\":[{\"@type\":\"ReadAction\",\"target\":[\"https:\\\/\\\/www.accuratereviews.com\\\/it\\\/programmi-gestione-turni-lavoro\\\/iflow-recensione\\\/\"]}]},{\"@type\":\"ImageObject\",\"inLanguage\":\"it-IT\",\"@id\":\"https:\\\/\\\/www.accuratereviews.com\\\/it\\\/programmi-gestione-turni-lavoro\\\/iflow-recensione\\\/#primaryimage\",\"url\":\"https:\\\/\\\/www.accuratereviews.com\\\/wp-content\\\/uploads\\\/2025\\\/04\\\/iFlow-2.png\",\"contentUrl\":\"https:\\\/\\\/www.accuratereviews.com\\\/wp-content\\\/uploads\\\/2025\\\/04\\\/iFlow-2.png\",\"width\":225,\"height\":225},{\"@type\":\"BreadcrumbList\",\"@id\":\"https:\\\/\\\/www.accuratereviews.com\\\/it\\\/programmi-gestione-turni-lavoro\\\/iflow-recensione\\\/#breadcrumb\",\"itemListElement\":[{\"@type\":\"ListItem\",\"position\":1,\"name\":\"Home\",\"item\":\"https:\\\/\\\/www.accuratereviews.com\\\/it\\\/\"},{\"@type\":\"ListItem\",\"position\":2,\"name\":\"Programmi per turni di lavoro\",\"item\":\"https:\\\/\\\/www.accuratereviews.com\\\/it\\\/programmi-gestione-turni-lavoro\\\/\"},{\"@type\":\"ListItem\",\"position\":3,\"name\":\"iFlow\"}]},{\"@type\":\"WebSite\",\"@id\":\"https:\\\/\\\/www.accuratereviews.com\\\/it\\\/#website\",\"url\":\"https:\\\/\\\/www.accuratereviews.com\\\/it\\\/\",\"name\":\"Accurate Reviews\",\"description\":\"\",\"potentialAction\":[{\"@type\":\"SearchAction\",\"target\":{\"@type\":\"EntryPoint\",\"urlTemplate\":\"https:\\\/\\\/www.accuratereviews.com\\\/it\\\/?s={search_term_string}\"},\"query-input\":{\"@type\":\"PropertyValueSpecification\",\"valueRequired\":true,\"valueName\":\"search_term_string\"}}],\"inLanguage\":\"it-IT\"}]}<\/script>\n<!-- \/ Yoast SEO plugin. -->","yoast_head_json":{"title":"iFlow: recensione software turni di lavoro - Accurate Reviews","description":"iFlow: recensione software monitoraggio del tempo che consente di gestire i dati e gli orari dei dipendenti da qualsiasi dispositivo.","robots":{"index":"index","follow":"follow","max-snippet":"max-snippet:-1","max-image-preview":"max-image-preview:large","max-video-preview":"max-video-preview:-1"},"canonical":"https:\/\/www.accuratereviews.com\/it\/programmi-gestione-turni-lavoro\/iflow-recensione\/","og_locale":"it_IT","og_type":"article","og_title":"iFlow: recensione software turni di lavoro - Accurate Reviews","og_description":"iFlow: recensione software monitoraggio del tempo che consente di gestire i dati e gli orari dei dipendenti da qualsiasi dispositivo.","og_url":"https:\/\/www.accuratereviews.com\/it\/programmi-gestione-turni-lavoro\/iflow-recensione\/","og_site_name":"Accurate Reviews","og_image":[{"width":225,"height":225,"url":"https:\/\/www.accuratereviews.com\/wp-content\/uploads\/2025\/04\/iFlow-2.png","type":"image\/png"}],"twitter_card":"summary_large_image","twitter_misc":{"Tempo di lettura stimato":"4 minuti"},"schema":{"@context":"https:\/\/schema.org","@graph":[{"@type":"WebPage","@id":"https:\/\/www.accuratereviews.com\/it\/programmi-gestione-turni-lavoro\/iflow-recensione\/","url":"https:\/\/www.accuratereviews.com\/it\/programmi-gestione-turni-lavoro\/iflow-recensione\/","name":"iFlow: recensione software turni di lavoro - Accurate Reviews","isPartOf":{"@id":"https:\/\/www.accuratereviews.com\/it\/#website"},"primaryImageOfPage":{"@id":"https:\/\/www.accuratereviews.com\/it\/programmi-gestione-turni-lavoro\/iflow-recensione\/#primaryimage"},"image":{"@id":"https:\/\/www.accuratereviews.com\/it\/programmi-gestione-turni-lavoro\/iflow-recensione\/#primaryimage"},"thumbnailUrl":"https:\/\/www.accuratereviews.com\/wp-content\/uploads\/2025\/04\/iFlow-2.png","datePublished":"2025-04-18T17:19:10+00:00","description":"iFlow: recensione software monitoraggio del tempo che consente di gestire i dati e gli orari dei dipendenti da qualsiasi dispositivo.","breadcrumb":{"@id":"https:\/\/www.accuratereviews.com\/it\/programmi-gestione-turni-lavoro\/iflow-recensione\/#breadcrumb"},"inLanguage":"it-IT","potentialAction":[{"@type":"ReadAction","target":["https:\/\/www.accuratereviews.com\/it\/programmi-gestione-turni-lavoro\/iflow-recensione\/"]}]},{"@type":"ImageObject","inLanguage":"it-IT","@id":"https:\/\/www.accuratereviews.com\/it\/programmi-gestione-turni-lavoro\/iflow-recensione\/#primaryimage","url":"https:\/\/www.accuratereviews.com\/wp-content\/uploads\/2025\/04\/iFlow-2.png","contentUrl":"https:\/\/www.accuratereviews.com\/wp-content\/uploads\/2025\/04\/iFlow-2.png","width":225,"height":225},{"@type":"BreadcrumbList","@id":"https:\/\/www.accuratereviews.com\/it\/programmi-gestione-turni-lavoro\/iflow-recensione\/#breadcrumb","itemListElement":[{"@type":"ListItem","position":1,"name":"Home","item":"https:\/\/www.accuratereviews.com\/it\/"},{"@type":"ListItem","position":2,"name":"Programmi per turni di lavoro","item":"https:\/\/www.accuratereviews.com\/it\/programmi-gestione-turni-lavoro\/"},{"@type":"ListItem","position":3,"name":"iFlow"}]},{"@type":"WebSite","@id":"https:\/\/www.accuratereviews.com\/it\/#website","url":"https:\/\/www.accuratereviews.com\/it\/","name":"Accurate Reviews","description":"","potentialAction":[{"@type":"SearchAction","target":{"@type":"EntryPoint","urlTemplate":"https:\/\/www.accuratereviews.com\/it\/?s={search_term_string}"},"query-input":{"@type":"PropertyValueSpecification","valueRequired":true,"valueName":"search_term_string"}}],"inLanguage":"it-IT"}]}},"_links":{"self":[{"href":"https:\/\/www.accuratereviews.com\/it\/wp-json\/wp\/v2\/pages\/87370","targetHints":{"allow":["GET"]}}],"collection":[{"href":"https:\/\/www.accuratereviews.com\/it\/wp-json\/wp\/v2\/pages"}],"about":[{"href":"https:\/\/www.accuratereviews.com\/it\/wp-json\/wp\/v2\/types\/page"}],"author":[{"embeddable":true,"href":"https:\/\/www.accuratereviews.com\/it\/wp-json\/wp\/v2\/users\/19"}],"replies":[{"embeddable":true,"href":"https:\/\/www.accuratereviews.com\/it\/wp-json\/wp\/v2\/comments?post=87370"}],"version-history":[{"count":12,"href":"https:\/\/www.accuratereviews.com\/it\/wp-json\/wp\/v2\/pages\/87370\/revisions"}],"predecessor-version":[{"id":87428,"href":"https:\/\/www.accuratereviews.com\/it\/wp-json\/wp\/v2\/pages\/87370\/revisions\/87428"}],"up":[{"embeddable":true,"href":"https:\/\/www.accuratereviews.com\/it\/wp-json\/wp\/v2\/pages\/87246"}],"wp:featuredmedia":[{"embeddable":true,"href":"https:\/\/www.accuratereviews.com\/it\/wp-json\/wp\/v2\/media\/87380"}],"wp:attachment":[{"href":"https:\/\/www.accuratereviews.com\/it\/wp-json\/wp\/v2\/media?parent=87370"}],"wp:term":[{"taxonomy":"category","embeddable":true,"href":"https:\/\/www.accuratereviews.com\/it\/wp-json\/wp\/v2\/categories?post=87370"},{"taxonomy":"post_tag","embeddable":true,"href":"https:\/\/www.accuratereviews.com\/it\/wp-json\/wp\/v2\/tags?post=87370"},{"taxonomy":"features","embeddable":true,"href":"https:\/\/www.accuratereviews.com\/it\/wp-json\/wp\/v2\/features?post=87370"}],"curies":[{"name":"wp","href":"https:\/\/api.w.org\/{rel}","templated":true}]}}