{"id":8759,"date":"2017-03-31T08:27:34","date_gmt":"2017-03-31T08:27:34","guid":{"rendered":"http:\/\/www.accuratereviews.com\/software-di-gestione-disco-lista\/stellar-phoenix-windows-data-recovery\/"},"modified":"2018-09-03T08:28:22","modified_gmt":"2018-09-03T08:28:22","slug":"stellar-phoenix-windows-data-recovery","status":"publish","type":"page","link":"https:\/\/www.accuratereviews.com\/it\/software-di-gestione-disco-lista\/stellar-phoenix-windows-data-recovery\/","title":{"rendered":"Stellar Phoenix Windows Data Recovery"},"content":{"rendered":"<p><img loading=\"lazy\" decoding=\"async\" class=\"alignnone size-medium\" src=\"https:\/\/i0.wp.com\/www.accuratereviews.com\/wp-content\/uploads\/2017\/03\/Schermata-2017-03-31-alle-10.00.15.png?w=738\" alt=\"Stellar Phoenix Windows Data Recovery\" width=\"738\" height=\"487\" \/><\/p>\n<p><strong>Perdere file e dati \u00e8 facilissimo<\/strong>: pu\u00f2 succedere in qualsiasi momento <strong>a causa di un errore umano<\/strong>, di un problema software, <strong>dell\u2019hardware che ci lascia a piedi oppure per colpa di disastri naturali<\/strong>, sbalzi di tensione, virus e malware di ogni genere. I pericoli per i nostri file si trovano un po\u2019 ovunque.<br \/>\n<strong>\u2028Stellar Phoenix Windows Data Recovery \u00e8 una delle migliori soluzioni per agire in una di queste evenienze<\/strong>: il software permette di recuperare intere cartelle, file singoli, musica, foto e molto altro ancora. \u00c8 infatti in grado di recuperare dati da partizioni corrotte, danneggiate, formattate e addirittura cancellate su Windows 10, 8, 7 e Vista.<\/p>\n<h2>La prima impressione<\/h2>\n<p><strong>L\u2019installazione di Stellar Phoenix Data Recovery \u00e8 estremamente semplice<\/strong>, basta seguire le indicazioni passo passo, e l\u2019interfaccia utente \u00e8 chiara e facilmente utilizzabile da qualsiasi tipo di utente. Che siate esperti o alla prima esperienza, questo software vi guida dall\u2019inizio alla fine delle operazioni. <strong>La percentuale di successo nel recupero di dati \u00e8 molto alta.<\/strong><\/p>\n<h2>Le funzionalit\u00e0<\/h2>\n<p><strong>L\u2019interfaccia principale del software mostra tre opzioni di recupero<\/strong>: capire quale fa per voi \u00e8 semplicissimo grazie alle brevi spiegazioni che accompagnano ogni opzione. Potete scegliere tra:<\/p>\n<ul>\n<li><strong>Everything<\/strong>, per recuperare tutti I dati da un drive o da un luogo in particolare, sia che si tratti di storage interni o esterni;<\/li>\n<li><strong>Documents, Folder and Emails<\/strong>, per recuperare file, documenti Office, email da alcuni client e cartelle intere;<\/li>\n<li><strong>Multimedia Files<\/strong> per recuperare file audio, fotografie o video.<\/li>\n<\/ul>\n<p><strong>I bottoni nell\u2019interfaccia sono a scomparsa<\/strong>: li potete vedere passando il mouse sulla parte superiore della finestra. Tramite questi tasti possiamo trovare le opzioni avanzate, ottenere assistenza nel caso di problemi a recuperare dei file, registrare il software o comprarlo dopo aver testato la versione gratuita.<\/p>\n<p><img loading=\"lazy\" decoding=\"async\" class=\"alignnone size-medium\" src=\"https:\/\/i2.wp.com\/www.accuratereviews.com\/wp-content\/uploads\/2017\/03\/Schermata-2017-03-31-alle-10.00.30.png?w=738\" width=\"738\" height=\"496\" \/><\/p>\n<p><strong>Una volta effettuato lo scan, tutti i file e le cartelle che possono essere recuperate vengono mostrati<\/strong>: \u00e8 possibile ordinare i risultati per tipo di file. Cercare un file in particolare? <strong>L\u2019opzione Search File viene in vostro aiuto<\/strong>. Potete scegliere se recuperare tutti i file mostrati oppure selezionarne alcuni in particolari.<\/p>\n<p>Stellar Phoenix Windows Data Recovery \u00e8 in grado di <strong>recuperare dati persi o cancellati anche da chiavette USB e memory card<\/strong>. Se il risultato dello scan rapido non ci ha restituito i file che cercavamo, <strong>possiamo effettuare uno scan approfondito (deep scan)<\/strong>, che per\u00f2 richiede molto pi\u00f9 tempo e pazienza. Lo scan approfondito \u00e8 <strong>pi\u00f9 lento rispetto a quello di molti altri software concorrenti<\/strong>.<\/p>\n<p><strong>Il software permette di recuperare partizioni perse o inaccessibili<\/strong>, oppure di creare un\u2019immagine di un\u2019intera partizione per salvarne i dati persi. <strong>Tutti i passaggi richiesti dall\u2019applicazione sono semplici da effettuare<\/strong>: vi sembrer\u00e0 di usare Stellar Phoenix Windows Disk Recovery da sempre.<\/p>\n<h2>Prezzo<\/h2>\n<p><strong>Esiste una versione gratuita di Stellar Phoenix Windows Data Recovery che per\u00f2 permette di recuperare file fino ad un massimo di 1GB<\/strong>. Per utilizzo casalingo possiamo acquistare <strong>la versione Home al prezzo di $59.99<\/strong>. Per un utilizzo aziendale esistono invece le versioni <strong>Professional, al costo di $99<\/strong>, oppure il <strong>Professional Bundle<\/strong> che aggiunge funzioni di backup e recupero password al prezzo di <strong>$119<\/strong>.<\/p>\n","protected":false},"excerpt":{"rendered":"<p>Perdere file e dati \u00e8 facilissimo: pu\u00f2 succedere in qualsiasi momento a causa di un errore umano, di un problema software, dell\u2019hardware che ci lascia a piedi oppure per colpa di disastri naturali, sbalzi di tensione, virus e malware di ogni genere. I pericoli per i nostri file si trovano un po\u2019 ovunque.<\/p>\n","protected":false},"author":16,"featured_media":0,"parent":6963,"menu_order":0,"comment_status":"open","ping_status":"closed","template":"g1_template_page_review_new.php","meta":{"_acf_changed":false,"cwp_meta_box_check":"Yes","cwp_rev_product_name":"","cwp_rev_product_image":"","wppr_links":[],"cwp_rev_price":"","wppr_options":[],"wppr_pros":[],"wppr_cons":[],"_monsterinsights_skip_tracking":false,"_monsterinsights_sitenote_active":false,"_monsterinsights_sitenote_note":"","_monsterinsights_sitenote_category":0,"footnotes":""},"categories":[157],"tags":[],"features":[],"class_list":{"0":"post-8759","1":"page","2":"type-page","3":"status-publish","5":"category-gestione-disco"},"wppr_data":{"cwp_meta_box_check":"Yes","cwp_rev_product_name":"","cwp_rev_product_image":"","cwp_image_link":"image","cwp_rev_price":"","wppr_rating":"0.00"},"acf":[],"yoast_head":"<!-- This site is optimized with the Yoast SEO plugin v27.4 - https:\/\/yoast.com\/product\/yoast-seo-wordpress\/ -->\n<title>Stellar Phoenix Windows Data Recovery Recensione miglior software per la gestione disco<\/title>\n<meta name=\"description\" content=\"Stellar Phoenix Windows Data Recovery: un software per recuperare file persi o cancellati, cartelle corrotte, in generale salvarvi da situazioni complicate.\" \/>\n<meta name=\"robots\" content=\"index, follow, max-snippet:-1, max-image-preview:large, max-video-preview:-1\" \/>\n<link rel=\"canonical\" href=\"https:\/\/www.accuratereviews.com\/it\/software-di-gestione-disco-lista\/stellar-phoenix-windows-data-recovery\/\" \/>\n<meta property=\"og:locale\" content=\"it_IT\" \/>\n<meta property=\"og:type\" content=\"article\" \/>\n<meta property=\"og:title\" content=\"Stellar Phoenix Windows Data Recovery Recensione miglior software per la gestione disco\" \/>\n<meta property=\"og:description\" content=\"Stellar Phoenix Windows Data Recovery: un software per recuperare file persi o cancellati, cartelle corrotte, in generale salvarvi da situazioni complicate.\" \/>\n<meta property=\"og:url\" content=\"https:\/\/www.accuratereviews.com\/it\/software-di-gestione-disco-lista\/stellar-phoenix-windows-data-recovery\/\" \/>\n<meta property=\"og:site_name\" content=\"Accurate Reviews\" \/>\n<meta property=\"article:modified_time\" content=\"2018-09-03T08:28:22+00:00\" \/>\n<meta property=\"og:image\" content=\"https:\/\/www.accuratereviews.com\/wp-content\/uploads\/2017\/03\/Schermata-2017-03-31-alle-10.00.15.png\" \/>\n\t<meta property=\"og:image:width\" content=\"738\" \/>\n\t<meta property=\"og:image:height\" content=\"487\" \/>\n\t<meta property=\"og:image:type\" content=\"image\/png\" \/>\n<meta name=\"twitter:card\" content=\"summary_large_image\" \/>\n<meta name=\"twitter:label1\" content=\"Tempo di lettura stimato\" \/>\n\t<meta name=\"twitter:data1\" content=\"3 minuti\" \/>\n<script type=\"application\/ld+json\" class=\"yoast-schema-graph\">{\"@context\":\"https:\\\/\\\/schema.org\",\"@graph\":[{\"@type\":\"WebPage\",\"@id\":\"https:\\\/\\\/www.accuratereviews.com\\\/it\\\/software-di-gestione-disco-lista\\\/stellar-phoenix-windows-data-recovery\\\/\",\"url\":\"https:\\\/\\\/www.accuratereviews.com\\\/it\\\/software-di-gestione-disco-lista\\\/stellar-phoenix-windows-data-recovery\\\/\",\"name\":\"Stellar Phoenix Windows Data Recovery Recensione miglior software per la gestione disco\",\"isPartOf\":{\"@id\":\"https:\\\/\\\/www.accuratereviews.com\\\/it\\\/#website\"},\"primaryImageOfPage\":{\"@id\":\"https:\\\/\\\/www.accuratereviews.com\\\/it\\\/software-di-gestione-disco-lista\\\/stellar-phoenix-windows-data-recovery\\\/#primaryimage\"},\"image\":{\"@id\":\"https:\\\/\\\/www.accuratereviews.com\\\/it\\\/software-di-gestione-disco-lista\\\/stellar-phoenix-windows-data-recovery\\\/#primaryimage\"},\"thumbnailUrl\":\"https:\\\/\\\/i0.wp.com\\\/www.accuratereviews.com\\\/wp-content\\\/uploads\\\/2017\\\/03\\\/Schermata-2017-03-31-alle-10.00.15.png?w=738\",\"datePublished\":\"2017-03-31T08:27:34+00:00\",\"dateModified\":\"2018-09-03T08:28:22+00:00\",\"description\":\"Stellar Phoenix Windows Data Recovery: un software per recuperare file persi o cancellati, cartelle corrotte, in generale salvarvi da situazioni complicate.\",\"breadcrumb\":{\"@id\":\"https:\\\/\\\/www.accuratereviews.com\\\/it\\\/software-di-gestione-disco-lista\\\/stellar-phoenix-windows-data-recovery\\\/#breadcrumb\"},\"inLanguage\":\"it-IT\",\"potentialAction\":[{\"@type\":\"ReadAction\",\"target\":[\"https:\\\/\\\/www.accuratereviews.com\\\/it\\\/software-di-gestione-disco-lista\\\/stellar-phoenix-windows-data-recovery\\\/\"]}]},{\"@type\":\"ImageObject\",\"inLanguage\":\"it-IT\",\"@id\":\"https:\\\/\\\/www.accuratereviews.com\\\/it\\\/software-di-gestione-disco-lista\\\/stellar-phoenix-windows-data-recovery\\\/#primaryimage\",\"url\":\"https:\\\/\\\/i0.wp.com\\\/www.accuratereviews.com\\\/wp-content\\\/uploads\\\/2017\\\/03\\\/Schermata-2017-03-31-alle-10.00.15.png?w=738\",\"contentUrl\":\"https:\\\/\\\/i0.wp.com\\\/www.accuratereviews.com\\\/wp-content\\\/uploads\\\/2017\\\/03\\\/Schermata-2017-03-31-alle-10.00.15.png?w=738\"},{\"@type\":\"BreadcrumbList\",\"@id\":\"https:\\\/\\\/www.accuratereviews.com\\\/it\\\/software-di-gestione-disco-lista\\\/stellar-phoenix-windows-data-recovery\\\/#breadcrumb\",\"itemListElement\":[{\"@type\":\"ListItem\",\"position\":1,\"name\":\"Home\",\"item\":\"https:\\\/\\\/www.accuratereviews.com\\\/it\\\/\"},{\"@type\":\"ListItem\",\"position\":2,\"name\":\"Software di gestione disco\",\"item\":\"https:\\\/\\\/www.accuratereviews.com\\\/it\\\/software-di-gestione-disco-lista\\\/\"},{\"@type\":\"ListItem\",\"position\":3,\"name\":\"Stellar Phoenix Windows Data Recovery\"}]},{\"@type\":\"WebSite\",\"@id\":\"https:\\\/\\\/www.accuratereviews.com\\\/it\\\/#website\",\"url\":\"https:\\\/\\\/www.accuratereviews.com\\\/it\\\/\",\"name\":\"Accurate Reviews\",\"description\":\"\",\"potentialAction\":[{\"@type\":\"SearchAction\",\"target\":{\"@type\":\"EntryPoint\",\"urlTemplate\":\"https:\\\/\\\/www.accuratereviews.com\\\/it\\\/?s={search_term_string}\"},\"query-input\":{\"@type\":\"PropertyValueSpecification\",\"valueRequired\":true,\"valueName\":\"search_term_string\"}}],\"inLanguage\":\"it-IT\"}]}<\/script>\n<!-- \/ Yoast SEO plugin. -->","yoast_head_json":{"title":"Stellar Phoenix Windows Data Recovery Recensione miglior software per la gestione disco","description":"Stellar Phoenix Windows Data Recovery: un software per recuperare file persi o cancellati, cartelle corrotte, in generale salvarvi da situazioni complicate.","robots":{"index":"index","follow":"follow","max-snippet":"max-snippet:-1","max-image-preview":"max-image-preview:large","max-video-preview":"max-video-preview:-1"},"canonical":"https:\/\/www.accuratereviews.com\/it\/software-di-gestione-disco-lista\/stellar-phoenix-windows-data-recovery\/","og_locale":"it_IT","og_type":"article","og_title":"Stellar Phoenix Windows Data Recovery Recensione miglior software per la gestione disco","og_description":"Stellar Phoenix Windows Data Recovery: un software per recuperare file persi o cancellati, cartelle corrotte, in generale salvarvi da situazioni complicate.","og_url":"https:\/\/www.accuratereviews.com\/it\/software-di-gestione-disco-lista\/stellar-phoenix-windows-data-recovery\/","og_site_name":"Accurate Reviews","article_modified_time":"2018-09-03T08:28:22+00:00","og_image":[{"width":738,"height":487,"url":"https:\/\/www.accuratereviews.com\/wp-content\/uploads\/2017\/03\/Schermata-2017-03-31-alle-10.00.15.png","type":"image\/png"}],"twitter_card":"summary_large_image","twitter_misc":{"Tempo di lettura stimato":"3 minuti"},"schema":{"@context":"https:\/\/schema.org","@graph":[{"@type":"WebPage","@id":"https:\/\/www.accuratereviews.com\/it\/software-di-gestione-disco-lista\/stellar-phoenix-windows-data-recovery\/","url":"https:\/\/www.accuratereviews.com\/it\/software-di-gestione-disco-lista\/stellar-phoenix-windows-data-recovery\/","name":"Stellar Phoenix Windows Data Recovery Recensione miglior software per la gestione disco","isPartOf":{"@id":"https:\/\/www.accuratereviews.com\/it\/#website"},"primaryImageOfPage":{"@id":"https:\/\/www.accuratereviews.com\/it\/software-di-gestione-disco-lista\/stellar-phoenix-windows-data-recovery\/#primaryimage"},"image":{"@id":"https:\/\/www.accuratereviews.com\/it\/software-di-gestione-disco-lista\/stellar-phoenix-windows-data-recovery\/#primaryimage"},"thumbnailUrl":"https:\/\/i0.wp.com\/www.accuratereviews.com\/wp-content\/uploads\/2017\/03\/Schermata-2017-03-31-alle-10.00.15.png?w=738","datePublished":"2017-03-31T08:27:34+00:00","dateModified":"2018-09-03T08:28:22+00:00","description":"Stellar Phoenix Windows Data Recovery: un software per recuperare file persi o cancellati, cartelle corrotte, in generale salvarvi da situazioni complicate.","breadcrumb":{"@id":"https:\/\/www.accuratereviews.com\/it\/software-di-gestione-disco-lista\/stellar-phoenix-windows-data-recovery\/#breadcrumb"},"inLanguage":"it-IT","potentialAction":[{"@type":"ReadAction","target":["https:\/\/www.accuratereviews.com\/it\/software-di-gestione-disco-lista\/stellar-phoenix-windows-data-recovery\/"]}]},{"@type":"ImageObject","inLanguage":"it-IT","@id":"https:\/\/www.accuratereviews.com\/it\/software-di-gestione-disco-lista\/stellar-phoenix-windows-data-recovery\/#primaryimage","url":"https:\/\/i0.wp.com\/www.accuratereviews.com\/wp-content\/uploads\/2017\/03\/Schermata-2017-03-31-alle-10.00.15.png?w=738","contentUrl":"https:\/\/i0.wp.com\/www.accuratereviews.com\/wp-content\/uploads\/2017\/03\/Schermata-2017-03-31-alle-10.00.15.png?w=738"},{"@type":"BreadcrumbList","@id":"https:\/\/www.accuratereviews.com\/it\/software-di-gestione-disco-lista\/stellar-phoenix-windows-data-recovery\/#breadcrumb","itemListElement":[{"@type":"ListItem","position":1,"name":"Home","item":"https:\/\/www.accuratereviews.com\/it\/"},{"@type":"ListItem","position":2,"name":"Software di gestione disco","item":"https:\/\/www.accuratereviews.com\/it\/software-di-gestione-disco-lista\/"},{"@type":"ListItem","position":3,"name":"Stellar Phoenix Windows Data Recovery"}]},{"@type":"WebSite","@id":"https:\/\/www.accuratereviews.com\/it\/#website","url":"https:\/\/www.accuratereviews.com\/it\/","name":"Accurate Reviews","description":"","potentialAction":[{"@type":"SearchAction","target":{"@type":"EntryPoint","urlTemplate":"https:\/\/www.accuratereviews.com\/it\/?s={search_term_string}"},"query-input":{"@type":"PropertyValueSpecification","valueRequired":true,"valueName":"search_term_string"}}],"inLanguage":"it-IT"}]}},"_links":{"self":[{"href":"https:\/\/www.accuratereviews.com\/it\/wp-json\/wp\/v2\/pages\/8759","targetHints":{"allow":["GET"]}}],"collection":[{"href":"https:\/\/www.accuratereviews.com\/it\/wp-json\/wp\/v2\/pages"}],"about":[{"href":"https:\/\/www.accuratereviews.com\/it\/wp-json\/wp\/v2\/types\/page"}],"author":[{"embeddable":true,"href":"https:\/\/www.accuratereviews.com\/it\/wp-json\/wp\/v2\/users\/16"}],"replies":[{"embeddable":true,"href":"https:\/\/www.accuratereviews.com\/it\/wp-json\/wp\/v2\/comments?post=8759"}],"version-history":[{"count":6,"href":"https:\/\/www.accuratereviews.com\/it\/wp-json\/wp\/v2\/pages\/8759\/revisions"}],"predecessor-version":[{"id":10449,"href":"https:\/\/www.accuratereviews.com\/it\/wp-json\/wp\/v2\/pages\/8759\/revisions\/10449"}],"up":[{"embeddable":true,"href":"https:\/\/www.accuratereviews.com\/it\/wp-json\/wp\/v2\/pages\/6963"}],"wp:attachment":[{"href":"https:\/\/www.accuratereviews.com\/it\/wp-json\/wp\/v2\/media?parent=8759"}],"wp:term":[{"taxonomy":"category","embeddable":true,"href":"https:\/\/www.accuratereviews.com\/it\/wp-json\/wp\/v2\/categories?post=8759"},{"taxonomy":"post_tag","embeddable":true,"href":"https:\/\/www.accuratereviews.com\/it\/wp-json\/wp\/v2\/tags?post=8759"},{"taxonomy":"features","embeddable":true,"href":"https:\/\/www.accuratereviews.com\/it\/wp-json\/wp\/v2\/features?post=8759"}],"curies":[{"name":"wp","href":"https:\/\/api.w.org\/{rel}","templated":true}]}}