{"id":87614,"date":"2025-05-02T10:04:36","date_gmt":"2025-05-02T10:04:36","guid":{"rendered":"https:\/\/www.accuratereviews.com\/?page_id=87614"},"modified":"2025-05-06T08:17:24","modified_gmt":"2025-05-06T08:17:24","slug":"evohrp-recensione","status":"publish","type":"page","link":"https:\/\/www.accuratereviews.com\/it\/programmi-gestione-turni-lavoro\/evohrp-recensione\/","title":{"rendered":"Evohrp"},"content":{"rendered":"<p><strong>Evohrp<\/strong> \u00e8 un software <strong>per le risorse umane<\/strong> che semplifica le funzioni HR, dal reclutamento e onboarding alla gestione delle performance e all&#8217;elaborazione delle paghe. Offre una piattaforma centralizzata in cui i team HR possono gestire i dati dei dipendenti, monitorare le presenze e gestire le paghe con facilit\u00e0. Include un portale self-service per i dipendenti, che consente loro di visualizzare le buste paga, richiedere permessi e aggiornare le informazioni personali. Gli strumenti di analisi di <strong>evohrp<\/strong> forniscono<strong> informazioni sulla produttivit\u00e0<\/strong> della forza lavoro, sui tassi di turnover e su altre metriche chiave per le risorse umane, aiutando le organizzazioni a prendere decisioni basate sui dati. Grazie alle funzionalit\u00e0 di gestione della conformit\u00e0, la piattaforma garantisce il rispetto delle leggi e delle normative sul lavoro. Ideale per le aziende che desiderano migliorare l&#8217;efficienza delle risorse umane, supportare il coinvolgimento dei dipendenti e mantenere una forza lavoro produttiva e conforme.<\/p>\n<h2>EVOHRP &#8211; TUTORIAL<\/h2>\n<div id=\"fluid-wrapper-counter-1\" class=\"g1-fluid-wrapper \" style=\"width:686px;\">\n<div style=\"padding-bottom:56.268221574344%;\"><iframe loading=\"lazy\" title=\"Evohrp - Trasferte e Note spese\" width=\"515\" height=\"386\" src=\"https:\/\/www.youtube.com\/embed\/V43QJB8H7jg?feature=oembed&amp;wmode=transparent&amp;autohide=1&amp;autoplay=0&amp;disablekb=0&amp;fs=1&amp;loop=0&amp;enablejsapi=1&amp;rel=0&amp;controls=2&amp;showinfo=0&amp;wmode=transparent&amp;autohide=2&amp;autoplay=0&amp;disablekb=0&amp;fs=1&amp;loop=0&amp;enablejsapi=1&amp;rel=0&amp;controls=2&amp;showinfo=1\" frameborder=\"0\" allow=\"accelerometer; autoplay; clipboard-write; encrypted-media; gyroscope; picture-in-picture; web-share\" referrerpolicy=\"strict-origin-when-cross-origin\" allowfullscreen><\/iframe><\/div>\n<\/div>\n<h3>EVOHRP &#8211; CARATTERISTICHE<\/h3>\n<ul>\n<li><strong>Organigramma<\/strong>: definisci e modifica velocemente il tuo organigramma aziendale.<\/li>\n<li><strong>Notifiche<\/strong>: ricevile via email o app. HR Manager, responsabili e dipendenti risparmiano tempo e risorse al fine di prendere decisioni strategiche tempestive e puntuali.<\/li>\n<li><strong>Dashboard interattive\u200b:<\/strong> consulta le dashboard che mostrano in maniera dinamica e intuitiva l\u2019andamento di un preciso processo.<\/li>\n<li><strong>Workflow autorizzativi:<\/strong> definisci i passi dei tuoi processi autorizzativi e assegna deleghe o eccezioni<\/li>\n<li><strong>Report personalizzati:<\/strong> elabora report personalizzati sulla base delle tue esigenze di gestione. Genera report in Excel o PDF inviabili automaticamente tramite posta elettronica.<\/li>\n<li><strong>AI<\/strong>: sfrutta le potenzialit\u00e0 dell\u2019intelligenza artificiale generativa per analizzare in maniera interattiva i tuoi dati.<\/li>\n<li><strong>Sicurezza<\/strong>: la conservazione, gli accessi e la consultazione dei dati raccolti rispondono sempre alle direttive GDPR.<\/li>\n<li><strong>Strumento di gestione<\/strong>: aiuta a documentare e tracciare il percorso professionale e l&#8217;interazione del dipendente con l&#8217;organizzazione nel corso del tempo.<\/li>\n<li><strong>Organizzazione<\/strong>: puoi comporre, disegnare e configurare la base dati del fascicolo in base alle tue specifiche esigenze. Puoi consultare e gestire le informazioni rilevanti per la tua impresa allegando anche i documenti fisici cos\u00ec da avere sempre tutto a portata di mano.<\/li>\n<li><strong>Precisione e affidabilit\u00e0<\/strong>: ogni informazione inserita a sistema sulle presenze viene elaborata in tempo reale senza nessun spreco di tempo e nessuna attesa di sincronizzazione. Questo garantisce di avere sempre il controllo \u201clive\u201d di marcature e presenze.<\/li>\n<li><strong>Flessibilit\u00e0 e adattabilit\u00e0:<\/strong> siamo consapevoli che ogni azienda ha esigenze diverse in termini di gestione delle presenze. Ecco perch\u00e9 il software \u00e8 altamente flessibile e adattabile. Potrai personalizzare le impostazioni in base alle esigenze specifiche della tua azienda, dalle politiche di timbratura alle regole di calcolo delle ore lavorate.<\/li>\n<\/ul>\n<h4>LE RECENSIONE DEGLI UTENTI<\/h4>\n<p><strong>Emanuele&#8221;Evohrp&#8221;<\/strong><br \/>\n<strong>Pro<\/strong>: ottima gestione delle autorizzazioni utenti.Moduli fascicoli dipendenti e rilevazione presenze completi e funzionali<br \/>\n<strong>Contro<\/strong>: sarebbe utile una funzione per poter personalizzare i report in autonomia, senza dover scrivere codice SQL.<\/p>\n<p><strong>Cinzia&#8221;Consigliato&#8221;<\/strong><br \/>\n<strong>Commenti<\/strong>: molto soddisfatta nell&#8217;utilizzo del programma e delle personalizzazioni che la Dynaset ha predisposto (report, analisi ecc)<br \/>\n<strong>Pro<\/strong>: l&#8217;implementazione \u00e8 stata molto veloce. La possibilit\u00e0 di avere report in formato excel semplifica le statistiche e i referenti dell&#8217;azienda Dynaset per le eventuali problematiche di utilizzo sono sempre molto disponibili e veloci nella risposta. Facile utilizzo.<br \/>\n<strong>Contro<\/strong>: la parte di evohrp.lite pu\u00f2 essere migliorata nell&#8217;interfaccia come la struttura per l&#8217;amministratore a livello visivo, ma \u00e8 un di pi\u00f9.<\/p>\n<p><strong>Stefania&#8221;La mia esperienza co Evo Hrp&#8221;<\/strong><br \/>\n<strong>Commenti<\/strong>: la mia esperienza complessiva \u00e8 assolutamente positiva<br \/>\n<strong>Pro<\/strong>: le funzionalit\u00e0 pi\u00f9 importanti sono tenuta presenze, anagrafica dipendenti di facile accesso, report e statistiche presenze in periodi di lavoro diversi, il tutto di facile lettura in quanto la base sono moduli excel con i quali lavorare diventa facilissimo.<br \/>\n<strong>Contro<\/strong>: non ho riscontrato inconvenienti bloccanti e il supporto \u00e8 sempre stato preciso ed immediato<\/p>\n","protected":false},"excerpt":{"rendered":"<p>Evohrp \u00e8 un software per le risorse umane che semplifica le funzioni HR, dal reclutamento e onboarding alla gestione delle performance e all&#8217;elaborazione delle paghe. Offre una piattaforma centralizzata in cui i team HR possono gestire i dati dei dipendenti, monitorare le presenze e gestire le paghe con facilit\u00e0.<\/p>\n","protected":false},"author":19,"featured_media":87620,"parent":87246,"menu_order":0,"comment_status":"open","ping_status":"closed","template":"g1_template_page_review_new.php","meta":{"_acf_changed":false,"cwp_meta_box_check":"No","cwp_rev_product_name":"","cwp_rev_product_image":"","wppr_links":[],"cwp_rev_price":"","wppr_options":[],"wppr_pros":[],"wppr_cons":[],"_monsterinsights_skip_tracking":false,"_monsterinsights_sitenote_active":false,"_monsterinsights_sitenote_note":"","_monsterinsights_sitenote_category":0,"footnotes":""},"categories":[16111],"tags":[16162,4505,16146,16121,16120,16144,16123],"features":[],"class_list":{"0":"post-87614","1":"page","2":"type-page","3":"status-publish","4":"has-post-thumbnail","6":"category-programmi-per-turni-di-lavoro","7":"tag-evohrp","8":"tag-gestione-personale","9":"tag-piattaforma-turni-di-lavoro","10":"tag-programma-turni-di-lavoro","11":"tag-software-turni-di-lavoro","12":"tag-soluzione-turni-di-lavoro","13":"tag-turni-di-lavoro"},"wppr_data":{"cwp_meta_box_check":"No"},"acf":[],"yoast_head":"<!-- This site is optimized with the Yoast SEO plugin v27.4 - https:\/\/yoast.com\/product\/yoast-seo-wordpress\/ -->\n<title>Evohrp: recensione software turni di lavoro - Accurate Reviews<\/title>\n<meta name=\"description\" content=\"Evohrp: recensione software per le risorse umane che semplifica le funzioni HR, dal reclutamento all&#039;elaborazione delle paghe.\" \/>\n<meta name=\"robots\" content=\"index, follow, max-snippet:-1, max-image-preview:large, max-video-preview:-1\" \/>\n<link rel=\"canonical\" href=\"https:\/\/www.accuratereviews.com\/it\/programmi-gestione-turni-lavoro\/evohrp-recensione\/\" \/>\n<meta property=\"og:locale\" content=\"it_IT\" \/>\n<meta property=\"og:type\" content=\"article\" \/>\n<meta property=\"og:title\" content=\"Evohrp: recensione software turni di lavoro - Accurate Reviews\" \/>\n<meta property=\"og:description\" content=\"Evohrp: recensione software per le risorse umane che semplifica le funzioni HR, dal reclutamento all&#039;elaborazione delle paghe.\" \/>\n<meta property=\"og:url\" content=\"https:\/\/www.accuratereviews.com\/it\/programmi-gestione-turni-lavoro\/evohrp-recensione\/\" \/>\n<meta property=\"og:site_name\" content=\"Accurate Reviews\" \/>\n<meta property=\"article:modified_time\" content=\"2025-05-06T08:17:24+00:00\" \/>\n<meta property=\"og:image\" content=\"https:\/\/www.accuratereviews.com\/wp-content\/uploads\/2025\/04\/evohrp.png\" \/>\n\t<meta property=\"og:image:width\" content=\"397\" \/>\n\t<meta property=\"og:image:height\" content=\"127\" \/>\n\t<meta property=\"og:image:type\" content=\"image\/png\" \/>\n<meta name=\"twitter:card\" content=\"summary_large_image\" \/>\n<meta name=\"twitter:label1\" content=\"Tempo di lettura stimato\" \/>\n\t<meta name=\"twitter:data1\" content=\"5 minuti\" \/>\n<script type=\"application\/ld+json\" class=\"yoast-schema-graph\">{\"@context\":\"https:\\\/\\\/schema.org\",\"@graph\":[{\"@type\":\"WebPage\",\"@id\":\"https:\\\/\\\/www.accuratereviews.com\\\/it\\\/programmi-gestione-turni-lavoro\\\/evohrp-recensione\\\/\",\"url\":\"https:\\\/\\\/www.accuratereviews.com\\\/it\\\/programmi-gestione-turni-lavoro\\\/evohrp-recensione\\\/\",\"name\":\"Evohrp: recensione software turni di lavoro - Accurate Reviews\",\"isPartOf\":{\"@id\":\"https:\\\/\\\/www.accuratereviews.com\\\/it\\\/#website\"},\"primaryImageOfPage\":{\"@id\":\"https:\\\/\\\/www.accuratereviews.com\\\/it\\\/programmi-gestione-turni-lavoro\\\/evohrp-recensione\\\/#primaryimage\"},\"image\":{\"@id\":\"https:\\\/\\\/www.accuratereviews.com\\\/it\\\/programmi-gestione-turni-lavoro\\\/evohrp-recensione\\\/#primaryimage\"},\"thumbnailUrl\":\"https:\\\/\\\/www.accuratereviews.com\\\/wp-content\\\/uploads\\\/2025\\\/04\\\/evohrp.png\",\"datePublished\":\"2025-05-02T10:04:36+00:00\",\"dateModified\":\"2025-05-06T08:17:24+00:00\",\"description\":\"Evohrp: recensione software per le risorse umane che semplifica le funzioni HR, dal reclutamento all'elaborazione delle paghe.\",\"breadcrumb\":{\"@id\":\"https:\\\/\\\/www.accuratereviews.com\\\/it\\\/programmi-gestione-turni-lavoro\\\/evohrp-recensione\\\/#breadcrumb\"},\"inLanguage\":\"it-IT\",\"potentialAction\":[{\"@type\":\"ReadAction\",\"target\":[\"https:\\\/\\\/www.accuratereviews.com\\\/it\\\/programmi-gestione-turni-lavoro\\\/evohrp-recensione\\\/\"]}]},{\"@type\":\"ImageObject\",\"inLanguage\":\"it-IT\",\"@id\":\"https:\\\/\\\/www.accuratereviews.com\\\/it\\\/programmi-gestione-turni-lavoro\\\/evohrp-recensione\\\/#primaryimage\",\"url\":\"https:\\\/\\\/www.accuratereviews.com\\\/wp-content\\\/uploads\\\/2025\\\/04\\\/evohrp.png\",\"contentUrl\":\"https:\\\/\\\/www.accuratereviews.com\\\/wp-content\\\/uploads\\\/2025\\\/04\\\/evohrp.png\",\"width\":397,\"height\":127},{\"@type\":\"BreadcrumbList\",\"@id\":\"https:\\\/\\\/www.accuratereviews.com\\\/it\\\/programmi-gestione-turni-lavoro\\\/evohrp-recensione\\\/#breadcrumb\",\"itemListElement\":[{\"@type\":\"ListItem\",\"position\":1,\"name\":\"Home\",\"item\":\"https:\\\/\\\/www.accuratereviews.com\\\/it\\\/\"},{\"@type\":\"ListItem\",\"position\":2,\"name\":\"Programmi per turni di lavoro\",\"item\":\"https:\\\/\\\/www.accuratereviews.com\\\/it\\\/programmi-gestione-turni-lavoro\\\/\"},{\"@type\":\"ListItem\",\"position\":3,\"name\":\"Evohrp\"}]},{\"@type\":\"WebSite\",\"@id\":\"https:\\\/\\\/www.accuratereviews.com\\\/it\\\/#website\",\"url\":\"https:\\\/\\\/www.accuratereviews.com\\\/it\\\/\",\"name\":\"Accurate Reviews\",\"description\":\"\",\"potentialAction\":[{\"@type\":\"SearchAction\",\"target\":{\"@type\":\"EntryPoint\",\"urlTemplate\":\"https:\\\/\\\/www.accuratereviews.com\\\/it\\\/?s={search_term_string}\"},\"query-input\":{\"@type\":\"PropertyValueSpecification\",\"valueRequired\":true,\"valueName\":\"search_term_string\"}}],\"inLanguage\":\"it-IT\"}]}<\/script>\n<!-- \/ Yoast SEO plugin. -->","yoast_head_json":{"title":"Evohrp: recensione software turni di lavoro - Accurate Reviews","description":"Evohrp: recensione software per le risorse umane che semplifica le funzioni HR, dal reclutamento all'elaborazione delle paghe.","robots":{"index":"index","follow":"follow","max-snippet":"max-snippet:-1","max-image-preview":"max-image-preview:large","max-video-preview":"max-video-preview:-1"},"canonical":"https:\/\/www.accuratereviews.com\/it\/programmi-gestione-turni-lavoro\/evohrp-recensione\/","og_locale":"it_IT","og_type":"article","og_title":"Evohrp: recensione software turni di lavoro - Accurate Reviews","og_description":"Evohrp: recensione software per le risorse umane che semplifica le funzioni HR, dal reclutamento all'elaborazione delle paghe.","og_url":"https:\/\/www.accuratereviews.com\/it\/programmi-gestione-turni-lavoro\/evohrp-recensione\/","og_site_name":"Accurate Reviews","article_modified_time":"2025-05-06T08:17:24+00:00","og_image":[{"width":397,"height":127,"url":"https:\/\/www.accuratereviews.com\/wp-content\/uploads\/2025\/04\/evohrp.png","type":"image\/png"}],"twitter_card":"summary_large_image","twitter_misc":{"Tempo di lettura stimato":"5 minuti"},"schema":{"@context":"https:\/\/schema.org","@graph":[{"@type":"WebPage","@id":"https:\/\/www.accuratereviews.com\/it\/programmi-gestione-turni-lavoro\/evohrp-recensione\/","url":"https:\/\/www.accuratereviews.com\/it\/programmi-gestione-turni-lavoro\/evohrp-recensione\/","name":"Evohrp: recensione software turni di lavoro - Accurate Reviews","isPartOf":{"@id":"https:\/\/www.accuratereviews.com\/it\/#website"},"primaryImageOfPage":{"@id":"https:\/\/www.accuratereviews.com\/it\/programmi-gestione-turni-lavoro\/evohrp-recensione\/#primaryimage"},"image":{"@id":"https:\/\/www.accuratereviews.com\/it\/programmi-gestione-turni-lavoro\/evohrp-recensione\/#primaryimage"},"thumbnailUrl":"https:\/\/www.accuratereviews.com\/wp-content\/uploads\/2025\/04\/evohrp.png","datePublished":"2025-05-02T10:04:36+00:00","dateModified":"2025-05-06T08:17:24+00:00","description":"Evohrp: recensione software per le risorse umane che semplifica le funzioni HR, dal reclutamento all'elaborazione delle paghe.","breadcrumb":{"@id":"https:\/\/www.accuratereviews.com\/it\/programmi-gestione-turni-lavoro\/evohrp-recensione\/#breadcrumb"},"inLanguage":"it-IT","potentialAction":[{"@type":"ReadAction","target":["https:\/\/www.accuratereviews.com\/it\/programmi-gestione-turni-lavoro\/evohrp-recensione\/"]}]},{"@type":"ImageObject","inLanguage":"it-IT","@id":"https:\/\/www.accuratereviews.com\/it\/programmi-gestione-turni-lavoro\/evohrp-recensione\/#primaryimage","url":"https:\/\/www.accuratereviews.com\/wp-content\/uploads\/2025\/04\/evohrp.png","contentUrl":"https:\/\/www.accuratereviews.com\/wp-content\/uploads\/2025\/04\/evohrp.png","width":397,"height":127},{"@type":"BreadcrumbList","@id":"https:\/\/www.accuratereviews.com\/it\/programmi-gestione-turni-lavoro\/evohrp-recensione\/#breadcrumb","itemListElement":[{"@type":"ListItem","position":1,"name":"Home","item":"https:\/\/www.accuratereviews.com\/it\/"},{"@type":"ListItem","position":2,"name":"Programmi per turni di lavoro","item":"https:\/\/www.accuratereviews.com\/it\/programmi-gestione-turni-lavoro\/"},{"@type":"ListItem","position":3,"name":"Evohrp"}]},{"@type":"WebSite","@id":"https:\/\/www.accuratereviews.com\/it\/#website","url":"https:\/\/www.accuratereviews.com\/it\/","name":"Accurate Reviews","description":"","potentialAction":[{"@type":"SearchAction","target":{"@type":"EntryPoint","urlTemplate":"https:\/\/www.accuratereviews.com\/it\/?s={search_term_string}"},"query-input":{"@type":"PropertyValueSpecification","valueRequired":true,"valueName":"search_term_string"}}],"inLanguage":"it-IT"}]}},"_links":{"self":[{"href":"https:\/\/www.accuratereviews.com\/it\/wp-json\/wp\/v2\/pages\/87614","targetHints":{"allow":["GET"]}}],"collection":[{"href":"https:\/\/www.accuratereviews.com\/it\/wp-json\/wp\/v2\/pages"}],"about":[{"href":"https:\/\/www.accuratereviews.com\/it\/wp-json\/wp\/v2\/types\/page"}],"author":[{"embeddable":true,"href":"https:\/\/www.accuratereviews.com\/it\/wp-json\/wp\/v2\/users\/19"}],"replies":[{"embeddable":true,"href":"https:\/\/www.accuratereviews.com\/it\/wp-json\/wp\/v2\/comments?post=87614"}],"version-history":[{"count":9,"href":"https:\/\/www.accuratereviews.com\/it\/wp-json\/wp\/v2\/pages\/87614\/revisions"}],"predecessor-version":[{"id":90411,"href":"https:\/\/www.accuratereviews.com\/it\/wp-json\/wp\/v2\/pages\/87614\/revisions\/90411"}],"up":[{"embeddable":true,"href":"https:\/\/www.accuratereviews.com\/it\/wp-json\/wp\/v2\/pages\/87246"}],"wp:featuredmedia":[{"embeddable":true,"href":"https:\/\/www.accuratereviews.com\/it\/wp-json\/wp\/v2\/media\/87620"}],"wp:attachment":[{"href":"https:\/\/www.accuratereviews.com\/it\/wp-json\/wp\/v2\/media?parent=87614"}],"wp:term":[{"taxonomy":"category","embeddable":true,"href":"https:\/\/www.accuratereviews.com\/it\/wp-json\/wp\/v2\/categories?post=87614"},{"taxonomy":"post_tag","embeddable":true,"href":"https:\/\/www.accuratereviews.com\/it\/wp-json\/wp\/v2\/tags?post=87614"},{"taxonomy":"features","embeddable":true,"href":"https:\/\/www.accuratereviews.com\/it\/wp-json\/wp\/v2\/features?post=87614"}],"curies":[{"name":"wp","href":"https:\/\/api.w.org\/{rel}","templated":true}]}}