{"id":8847,"date":"2017-04-05T14:06:54","date_gmt":"2017-04-05T14:06:54","guid":{"rendered":"http:\/\/www.accuratereviews.com\/se-ranking\/"},"modified":"2021-11-11T16:29:28","modified_gmt":"2021-11-11T16:29:28","slug":"se-ranking","status":"publish","type":"page","link":"https:\/\/www.accuratereviews.com\/it\/strumenti-seo-lista-software\/se-ranking\/","title":{"rendered":"SE Ranking"},"content":{"rendered":"<p><img loading=\"lazy\" decoding=\"async\" class=\"alignnone size-full wp-image-8815\" src=\"http:\/\/www.accuratereviews.com\/wp-content\/uploads\/2017\/04\/SE_Ranking.jpg\" alt=\"SE Ranking\" width=\"1120\" height=\"530\" srcset=\"https:\/\/www.accuratereviews.com\/wp-content\/uploads\/2017\/04\/SE_Ranking.jpg 1120w, https:\/\/www.accuratereviews.com\/wp-content\/uploads\/2017\/04\/SE_Ranking-300x142.jpg 300w, https:\/\/www.accuratereviews.com\/wp-content\/uploads\/2017\/04\/SE_Ranking-768x363.jpg 768w, https:\/\/www.accuratereviews.com\/wp-content\/uploads\/2017\/04\/SE_Ranking-1024x485.jpg 1024w, https:\/\/www.accuratereviews.com\/wp-content\/uploads\/2017\/04\/SE_Ranking-260x123.jpg 260w, https:\/\/www.accuratereviews.com\/wp-content\/uploads\/2017\/04\/SE_Ranking-50x24.jpg 50w, https:\/\/www.accuratereviews.com\/wp-content\/uploads\/2017\/04\/SE_Ranking-968x458.jpg 968w, https:\/\/www.accuratereviews.com\/wp-content\/uploads\/2017\/04\/SE_Ranking-636x301.jpg 636w, https:\/\/www.accuratereviews.com\/wp-content\/uploads\/2017\/04\/SE_Ranking-320x151.jpg 320w, https:\/\/www.accuratereviews.com\/wp-content\/uploads\/2017\/04\/SE_Ranking-239x113.jpg 239w\" sizes=\"auto, (max-width: 1120px) 100vw, 1120px\" \/><\/p>\n<p>Nessuno ha mai voglia di fare attivit\u00e0 di ottimizzazione sui motori di ricerca, ma tutti vogliamo <strong>ottimi risultati SEO per i nostri siti<\/strong>. Tutto quello che desideriamo \u00e8 di vedere le nostre pagine tra i primi risultati di ricerca di Google, cavalcando le ricerche e ottenendo un flusso costante di clienti gratuiti.<\/p>\n<p>I clienti non sono mai gratuiti, ma il risultato di duro lavoro speso <strong>analizzando le keyword, creando backlink e cercando di migliorare il proprio ranking<\/strong>. \u00c8 un lavoro non molto divertente, lungo e impegnativo: qualsiasi cosa possa renderlo pi\u00f9 rapido e semplice \u00e8 sempre ben accetto. <strong>SE Ranking<\/strong> fa esattamente questo e i suoi risultati sono noti per essere estremamente accurati.<\/p>\n<p>Tra i clienti della piattaforma troviamo anche <strong>societ\u00e0 che offrono consulenza SEO proprio perch\u00e9 SE Ranking offre report estremamente completi<\/strong> (con tanto di sommario e tabella dei contenuti). La funzionalit\u00e0 legata ai report pu\u00f2 sembrare scontata, ma \u00e8 comunque un dettaglio molto importante da tenere presente quando cerchiamo uno <strong>strumento SEO completo e affidabile<\/strong>. SE Ranking rientra in questa categoria.<\/p>\n<p>I risultati salvati nei report possono essere aggiornati continuamente. Possiamo decidere per quale periodo riceverlo e controllarne lo stato di aggiornamento diverse volte al giorno\u2026 Se proprio siete cos\u00ec impazienti. La <strong>funzionalit\u00e0 SEO Audit<\/strong> permette di creare grafici colorati che ci mostrano l\u2019effettiva efficacia delle diverse categorie SEO per una keyword selezionata su una specifica pagina. Con un colpo d\u2019occhio possiamo capire in quale punto la nostra pagina \u00e8 debole e ha bisogno di intervento.<\/p>\n<p>Un men\u00f9 a tendina nella parte superiore della pagina apre una lunga lista di strumenti, come la <strong>ricerca dei concorrenti, il suggerimento delle keyword, uno strumento per il controllo dei volumi di ricerca, il controllo dei backlink<\/strong> e molto altro ancora. Gli utenti possono controllare il posizionamento del proprio sito su diversi motori di ricerca ed esaminare come stanno funzionando delle specifiche keyword su specifici mercati. Una simile funzionalit\u00e0 \u00e8 perfetta sia per i professionisti del SEO che lavorano con clienti che cercano di posizionarsi sui mercati locali, sia per aiutare qualsiasi utente a creare pagine mirate a livello locale per scalare i risultati di ricerca.<\/p>\n<p><img loading=\"lazy\" decoding=\"async\" class=\"alignnone size-full wp-image-8816\" src=\"http:\/\/www.accuratereviews.com\/wp-content\/uploads\/2017\/04\/SE_Ranking-1.jpg\" alt=\"SE Ranking\" width=\"1110\" height=\"690\" srcset=\"https:\/\/www.accuratereviews.com\/wp-content\/uploads\/2017\/04\/SE_Ranking-1.jpg 1110w, https:\/\/www.accuratereviews.com\/wp-content\/uploads\/2017\/04\/SE_Ranking-1-300x186.jpg 300w, https:\/\/www.accuratereviews.com\/wp-content\/uploads\/2017\/04\/SE_Ranking-1-768x477.jpg 768w, https:\/\/www.accuratereviews.com\/wp-content\/uploads\/2017\/04\/SE_Ranking-1-1024x637.jpg 1024w, https:\/\/www.accuratereviews.com\/wp-content\/uploads\/2017\/04\/SE_Ranking-1-201x125.jpg 201w, https:\/\/www.accuratereviews.com\/wp-content\/uploads\/2017\/04\/SE_Ranking-1-50x31.jpg 50w, https:\/\/www.accuratereviews.com\/wp-content\/uploads\/2017\/04\/SE_Ranking-1-968x602.jpg 968w, https:\/\/www.accuratereviews.com\/wp-content\/uploads\/2017\/04\/SE_Ranking-1-636x395.jpg 636w, https:\/\/www.accuratereviews.com\/wp-content\/uploads\/2017\/04\/SE_Ranking-1-320x199.jpg 320w, https:\/\/www.accuratereviews.com\/wp-content\/uploads\/2017\/04\/SE_Ranking-1-239x149.jpg 239w\" sizes=\"auto, (max-width: 1110px) 100vw, 1110px\" \/><\/p>\n<p>Oltre a queste utili funzionalit\u00e0, SE Ranking ha altri assi nella manica. Prima di tutto, <strong>\u00e8 molto semplice da usare<\/strong>. La piattaforma \u00e8 pulita e priva di fronzoli, aspetto importante per chi deve concentrarsi sul complesso mondo del SEO. La possibilit\u00e0 di utilizzare uno strumento SEO professionale senza dover guardare tutorial video \u00e8 un lusso.<\/p>\n<p><strong>Altro punto a favore di SE Ranking \u00e8 il prezzo<\/strong>. La piattaforma offre due settimane di trial gratuito, poi offre piani di pagamento che partono da 5 euro al mese. SE Ranking \u00e8 un\u2019ottima soluzione sia per i possessori di un singolo sito che per un\u2019agenzia di consulenza che si occupa di numerosi siti. L&#8217;interfaccia \u00e8 disponibile in lingua italiana.<\/p>\n","protected":false},"excerpt":{"rendered":"<p>Nessuno ha mai voglia di fare attivit\u00e0 di ottimizzazione sui motori di ricerca, ma tutti vogliamo ottimi risultati SEO per i nostri siti. Tutto quello che desideriamo \u00e8 di vedere le nostre pagine tra i primi risultati di ricerca di Google.<\/p>\n","protected":false},"author":16,"featured_media":0,"parent":8849,"menu_order":1,"comment_status":"open","ping_status":"closed","template":"g1_template_page_review_new.php","meta":{"_acf_changed":false,"cwp_meta_box_check":"No","cwp_rev_product_name":"","cwp_rev_product_image":"","wppr_links":[],"cwp_rev_price":"","wppr_options":[],"wppr_pros":[],"wppr_cons":[],"_monsterinsights_skip_tracking":false,"_monsterinsights_sitenote_active":false,"_monsterinsights_sitenote_note":"","_monsterinsights_sitenote_category":0,"footnotes":""},"categories":[175],"tags":[],"features":[],"class_list":{"0":"post-8847","1":"page","2":"type-page","3":"status-publish","5":"category-strumenti-seo-categoria"},"wppr_data":{"cwp_meta_box_check":"No"},"acf":[],"yoast_head":"<!-- This site is optimized with the Yoast SEO plugin v27.4 - https:\/\/yoast.com\/product\/yoast-seo-wordpress\/ -->\n<title>SE Ranking | Recensione dei migliori strumenti SEO | Accurate Reviews<\/title>\n<meta name=\"description\" content=\"SE Ranking \u00e8 un ottimo strumento SEO per l&#039;analisi delle performance del nostro sito adatto sia ad esperti che ad utenti alla prima esperienza.\" \/>\n<meta name=\"robots\" content=\"index, follow, max-snippet:-1, max-image-preview:large, max-video-preview:-1\" \/>\n<link rel=\"canonical\" href=\"https:\/\/www.accuratereviews.com\/it\/strumenti-seo-lista-software\/se-ranking\/\" \/>\n<meta property=\"og:locale\" content=\"it_IT\" \/>\n<meta property=\"og:type\" content=\"article\" \/>\n<meta property=\"og:title\" content=\"SE Ranking | Recensione dei migliori strumenti SEO | Accurate Reviews\" \/>\n<meta property=\"og:description\" content=\"SE Ranking \u00e8 un ottimo strumento SEO per l&#039;analisi delle performance del nostro sito adatto sia ad esperti che ad utenti alla prima esperienza.\" \/>\n<meta property=\"og:url\" content=\"https:\/\/www.accuratereviews.com\/it\/strumenti-seo-lista-software\/se-ranking\/\" \/>\n<meta property=\"og:site_name\" content=\"Accurate Reviews\" \/>\n<meta property=\"article:modified_time\" content=\"2021-11-11T16:29:28+00:00\" \/>\n<meta property=\"og:image\" content=\"http:\/\/www.accuratereviews.com\/wp-content\/uploads\/2017\/04\/SE_Ranking.jpg\" \/>\n<meta name=\"twitter:card\" content=\"summary_large_image\" \/>\n<meta name=\"twitter:label1\" content=\"Tempo di lettura stimato\" \/>\n\t<meta name=\"twitter:data1\" content=\"2 minuti\" \/>\n<script type=\"application\/ld+json\" class=\"yoast-schema-graph\">{\"@context\":\"https:\\\/\\\/schema.org\",\"@graph\":[{\"@type\":\"WebPage\",\"@id\":\"https:\\\/\\\/www.accuratereviews.com\\\/it\\\/strumenti-seo-lista-software\\\/se-ranking\\\/\",\"url\":\"https:\\\/\\\/www.accuratereviews.com\\\/it\\\/strumenti-seo-lista-software\\\/se-ranking\\\/\",\"name\":\"SE Ranking | Recensione dei migliori strumenti SEO | Accurate Reviews\",\"isPartOf\":{\"@id\":\"https:\\\/\\\/www.accuratereviews.com\\\/it\\\/#website\"},\"primaryImageOfPage\":{\"@id\":\"https:\\\/\\\/www.accuratereviews.com\\\/it\\\/strumenti-seo-lista-software\\\/se-ranking\\\/#primaryimage\"},\"image\":{\"@id\":\"https:\\\/\\\/www.accuratereviews.com\\\/it\\\/strumenti-seo-lista-software\\\/se-ranking\\\/#primaryimage\"},\"thumbnailUrl\":\"http:\\\/\\\/www.accuratereviews.com\\\/wp-content\\\/uploads\\\/2017\\\/04\\\/SE_Ranking.jpg\",\"datePublished\":\"2017-04-05T14:06:54+00:00\",\"dateModified\":\"2021-11-11T16:29:28+00:00\",\"description\":\"SE Ranking \u00e8 un ottimo strumento SEO per l'analisi delle performance del nostro sito adatto sia ad esperti che ad utenti alla prima esperienza.\",\"breadcrumb\":{\"@id\":\"https:\\\/\\\/www.accuratereviews.com\\\/it\\\/strumenti-seo-lista-software\\\/se-ranking\\\/#breadcrumb\"},\"inLanguage\":\"it-IT\",\"potentialAction\":[{\"@type\":\"ReadAction\",\"target\":[\"https:\\\/\\\/www.accuratereviews.com\\\/it\\\/strumenti-seo-lista-software\\\/se-ranking\\\/\"]}]},{\"@type\":\"ImageObject\",\"inLanguage\":\"it-IT\",\"@id\":\"https:\\\/\\\/www.accuratereviews.com\\\/it\\\/strumenti-seo-lista-software\\\/se-ranking\\\/#primaryimage\",\"url\":\"http:\\\/\\\/www.accuratereviews.com\\\/wp-content\\\/uploads\\\/2017\\\/04\\\/SE_Ranking.jpg\",\"contentUrl\":\"http:\\\/\\\/www.accuratereviews.com\\\/wp-content\\\/uploads\\\/2017\\\/04\\\/SE_Ranking.jpg\"},{\"@type\":\"BreadcrumbList\",\"@id\":\"https:\\\/\\\/www.accuratereviews.com\\\/it\\\/strumenti-seo-lista-software\\\/se-ranking\\\/#breadcrumb\",\"itemListElement\":[{\"@type\":\"ListItem\",\"position\":1,\"name\":\"Home\",\"item\":\"https:\\\/\\\/www.accuratereviews.com\\\/it\\\/\"},{\"@type\":\"ListItem\",\"position\":2,\"name\":\"Strumenti SEO\",\"item\":\"https:\\\/\\\/www.accuratereviews.com\\\/it\\\/strumenti-seo-lista-software\\\/\"},{\"@type\":\"ListItem\",\"position\":3,\"name\":\"SE Ranking\"}]},{\"@type\":\"WebSite\",\"@id\":\"https:\\\/\\\/www.accuratereviews.com\\\/it\\\/#website\",\"url\":\"https:\\\/\\\/www.accuratereviews.com\\\/it\\\/\",\"name\":\"Accurate Reviews\",\"description\":\"\",\"potentialAction\":[{\"@type\":\"SearchAction\",\"target\":{\"@type\":\"EntryPoint\",\"urlTemplate\":\"https:\\\/\\\/www.accuratereviews.com\\\/it\\\/?s={search_term_string}\"},\"query-input\":{\"@type\":\"PropertyValueSpecification\",\"valueRequired\":true,\"valueName\":\"search_term_string\"}}],\"inLanguage\":\"it-IT\"}]}<\/script>\n<!-- \/ Yoast SEO plugin. -->","yoast_head_json":{"title":"SE Ranking | Recensione dei migliori strumenti SEO | Accurate Reviews","description":"SE Ranking \u00e8 un ottimo strumento SEO per l'analisi delle performance del nostro sito adatto sia ad esperti che ad utenti alla prima esperienza.","robots":{"index":"index","follow":"follow","max-snippet":"max-snippet:-1","max-image-preview":"max-image-preview:large","max-video-preview":"max-video-preview:-1"},"canonical":"https:\/\/www.accuratereviews.com\/it\/strumenti-seo-lista-software\/se-ranking\/","og_locale":"it_IT","og_type":"article","og_title":"SE Ranking | Recensione dei migliori strumenti SEO | Accurate Reviews","og_description":"SE Ranking \u00e8 un ottimo strumento SEO per l'analisi delle performance del nostro sito adatto sia ad esperti che ad utenti alla prima esperienza.","og_url":"https:\/\/www.accuratereviews.com\/it\/strumenti-seo-lista-software\/se-ranking\/","og_site_name":"Accurate Reviews","article_modified_time":"2021-11-11T16:29:28+00:00","og_image":[{"url":"http:\/\/www.accuratereviews.com\/wp-content\/uploads\/2017\/04\/SE_Ranking.jpg","type":"","width":"","height":""}],"twitter_card":"summary_large_image","twitter_misc":{"Tempo di lettura stimato":"2 minuti"},"schema":{"@context":"https:\/\/schema.org","@graph":[{"@type":"WebPage","@id":"https:\/\/www.accuratereviews.com\/it\/strumenti-seo-lista-software\/se-ranking\/","url":"https:\/\/www.accuratereviews.com\/it\/strumenti-seo-lista-software\/se-ranking\/","name":"SE Ranking | Recensione dei migliori strumenti SEO | Accurate Reviews","isPartOf":{"@id":"https:\/\/www.accuratereviews.com\/it\/#website"},"primaryImageOfPage":{"@id":"https:\/\/www.accuratereviews.com\/it\/strumenti-seo-lista-software\/se-ranking\/#primaryimage"},"image":{"@id":"https:\/\/www.accuratereviews.com\/it\/strumenti-seo-lista-software\/se-ranking\/#primaryimage"},"thumbnailUrl":"http:\/\/www.accuratereviews.com\/wp-content\/uploads\/2017\/04\/SE_Ranking.jpg","datePublished":"2017-04-05T14:06:54+00:00","dateModified":"2021-11-11T16:29:28+00:00","description":"SE Ranking \u00e8 un ottimo strumento SEO per l'analisi delle performance del nostro sito adatto sia ad esperti che ad utenti alla prima esperienza.","breadcrumb":{"@id":"https:\/\/www.accuratereviews.com\/it\/strumenti-seo-lista-software\/se-ranking\/#breadcrumb"},"inLanguage":"it-IT","potentialAction":[{"@type":"ReadAction","target":["https:\/\/www.accuratereviews.com\/it\/strumenti-seo-lista-software\/se-ranking\/"]}]},{"@type":"ImageObject","inLanguage":"it-IT","@id":"https:\/\/www.accuratereviews.com\/it\/strumenti-seo-lista-software\/se-ranking\/#primaryimage","url":"http:\/\/www.accuratereviews.com\/wp-content\/uploads\/2017\/04\/SE_Ranking.jpg","contentUrl":"http:\/\/www.accuratereviews.com\/wp-content\/uploads\/2017\/04\/SE_Ranking.jpg"},{"@type":"BreadcrumbList","@id":"https:\/\/www.accuratereviews.com\/it\/strumenti-seo-lista-software\/se-ranking\/#breadcrumb","itemListElement":[{"@type":"ListItem","position":1,"name":"Home","item":"https:\/\/www.accuratereviews.com\/it\/"},{"@type":"ListItem","position":2,"name":"Strumenti SEO","item":"https:\/\/www.accuratereviews.com\/it\/strumenti-seo-lista-software\/"},{"@type":"ListItem","position":3,"name":"SE Ranking"}]},{"@type":"WebSite","@id":"https:\/\/www.accuratereviews.com\/it\/#website","url":"https:\/\/www.accuratereviews.com\/it\/","name":"Accurate Reviews","description":"","potentialAction":[{"@type":"SearchAction","target":{"@type":"EntryPoint","urlTemplate":"https:\/\/www.accuratereviews.com\/it\/?s={search_term_string}"},"query-input":{"@type":"PropertyValueSpecification","valueRequired":true,"valueName":"search_term_string"}}],"inLanguage":"it-IT"}]}},"_links":{"self":[{"href":"https:\/\/www.accuratereviews.com\/it\/wp-json\/wp\/v2\/pages\/8847","targetHints":{"allow":["GET"]}}],"collection":[{"href":"https:\/\/www.accuratereviews.com\/it\/wp-json\/wp\/v2\/pages"}],"about":[{"href":"https:\/\/www.accuratereviews.com\/it\/wp-json\/wp\/v2\/types\/page"}],"author":[{"embeddable":true,"href":"https:\/\/www.accuratereviews.com\/it\/wp-json\/wp\/v2\/users\/16"}],"replies":[{"embeddable":true,"href":"https:\/\/www.accuratereviews.com\/it\/wp-json\/wp\/v2\/comments?post=8847"}],"version-history":[{"count":5,"href":"https:\/\/www.accuratereviews.com\/it\/wp-json\/wp\/v2\/pages\/8847\/revisions"}],"predecessor-version":[{"id":49864,"href":"https:\/\/www.accuratereviews.com\/it\/wp-json\/wp\/v2\/pages\/8847\/revisions\/49864"}],"up":[{"embeddable":true,"href":"https:\/\/www.accuratereviews.com\/it\/wp-json\/wp\/v2\/pages\/8849"}],"wp:attachment":[{"href":"https:\/\/www.accuratereviews.com\/it\/wp-json\/wp\/v2\/media?parent=8847"}],"wp:term":[{"taxonomy":"category","embeddable":true,"href":"https:\/\/www.accuratereviews.com\/it\/wp-json\/wp\/v2\/categories?post=8847"},{"taxonomy":"post_tag","embeddable":true,"href":"https:\/\/www.accuratereviews.com\/it\/wp-json\/wp\/v2\/tags?post=8847"},{"taxonomy":"features","embeddable":true,"href":"https:\/\/www.accuratereviews.com\/it\/wp-json\/wp\/v2\/features?post=8847"}],"curies":[{"name":"wp","href":"https:\/\/api.w.org\/{rel}","templated":true}]}}