{"id":89575,"date":"2025-04-29T10:01:46","date_gmt":"2025-04-29T10:01:46","guid":{"rendered":"https:\/\/www.accuratereviews.com\/?page_id=89575"},"modified":"2025-05-14T10:41:30","modified_gmt":"2025-05-14T10:41:30","slug":"hubstar-connec-recensione","status":"publish","type":"page","link":"https:\/\/www.accuratereviews.com\/it\/programmi-gestione-turni-lavoro\/hubstar-connec-recensione\/","title":{"rendered":"HubStar Connect"},"content":{"rendered":"<p><strong>HubStar Connect<\/strong> \u00e8 uno strumento <strong>intelligente<\/strong> per la <strong>pianificazione del lavoro<\/strong> in ufficio che offre un&#8217;esperienza di prenotazione fluida per i dipendenti e un elevato grado di flessibilit\u00e0 per gli amministratori. Dalla prenotazione di postazioni di lavoro e sale riunioni al parcheggio e ai servizi, <strong>HubStar Connect<\/strong> \u00e8 l&#8217;assistente virtuale a portata di mano che coordina gli orari di lavoro ibridi, individua gli orari migliori per entrare e suggerisce persino gli spazi e le risorse pi\u00f9 adatti per l&#8217;attivit\u00e0 da svolgere. E con una suite di motori configurabili e dashboard in tempo reale, <strong>HubStar<\/strong> rende il tuo ambiente di lavoro adattabile ai continui cambiamenti del lavoro.<\/p>\n<h2>HUBSTAR CONNECT &#8211; TUTORIAL<\/h2>\n<div id=\"fluid-wrapper-counter-1\" class=\"g1-fluid-wrapper \" style=\"width:686px;\">\n<div style=\"padding-bottom:56.268221574344%;\"><iframe loading=\"lazy\" title=\"Introducing: HubStar Connect!\" width=\"686\" height=\"386\" src=\"https:\/\/www.youtube.com\/embed\/IPwxKNf91w8?feature=oembed&amp;wmode=transparent&amp;autohide=1&amp;autoplay=0&amp;disablekb=0&amp;fs=1&amp;loop=0&amp;enablejsapi=1&amp;rel=0&amp;controls=2&amp;showinfo=0&amp;wmode=transparent&amp;autohide=2&amp;autoplay=0&amp;disablekb=0&amp;fs=1&amp;loop=0&amp;enablejsapi=1&amp;rel=0&amp;controls=2&amp;showinfo=1\" frameborder=\"0\" allow=\"accelerometer; autoplay; clipboard-write; encrypted-media; gyroscope; picture-in-picture; web-share\" referrerpolicy=\"strict-origin-when-cross-origin\" allowfullscreen><\/iframe><\/div>\n<\/div>\n<h3>HUBSTAR CONNECT &#8211; CARATTERISTICHE<\/h3>\n<ul>\n<li><strong>Promuovi il tuo ufficio<\/strong>: promuovi eventi e servizi per incoraggiare un&#8217;interazione proficua e rafforzare le relazioni sociali.<\/li>\n<li><strong>Utilizzo degli spazi in tempo reale<\/strong>: aggrega i dati provenienti da wi-fi, sensori, pianificazione e swipe dei badge in un&#8217;unica fonte di dati.<\/li>\n<li><strong>Gestione dei visitatori<\/strong>: offri un&#8217;esperienza fluida ai tuoi ospiti con una gestione dei visitatori completamente integrata e automatizzata.<\/li>\n<li><strong>Pianificazione delle sale:<\/strong> rendi tutto prenotabile, dalle sale riunioni alle postazioni dedicate, dalle cabine per dormire ai parcheggi.<\/li>\n<li><strong>Collaborazione di gruppo<\/strong>: consenti a tutti di scegliere il giorno ideale in base a chi sar\u00e0 presente e a cosa succeder\u00e0.<\/li>\n<li><strong>Pianificazione del campus<\/strong>: comprendi l&#8217;utilizzo del campus e delle aule per orientare le decisioni sulla progettazione dell&#8217;esperienza e sulla programmazione degli orari.<\/li>\n<li><strong>Analisi avanzata del posto di lavoro:<\/strong> metriche pronte all&#8217;uso, analisi predittive e suggerimenti intelligenti per guidare la tua strategia sul posto di lavoro<\/li>\n<li><strong>Assistente digitale AI<\/strong>: lascia che la tecnologia trovi il momento perfetto per entrare in ufficio e la scrivania o la sala migliore, quindi prenota tutto per te.<\/li>\n<li><strong>Regole di prenotazione e notifiche:<\/strong> abilita l&#8217;adozione globale e gestisci il cambiamento ibrido con regole di prenotazione e notifiche configurabili.<\/li>\n<li><strong>Gestione dati ibrida<\/strong>: gestisci persone, luoghi e policy in un unico hub e ripeti la tua strategia di occupazione ibrida.<\/li>\n<li><strong>Prenotazione della postazione di lavoro<\/strong>: prenotazione intelligente della postazione di lavoro che ti aiuta a trovare i colleghi, suggerisce la posizione perfetta ed elimina le difficolt\u00e0.<\/li>\n<li><strong>Gestione dinamica dell&#8217;occupazione:<\/strong> ottimizza la presenza ibrida, gestisci i quartieri e aumenta i rapporti di condivisione<\/li>\n<\/ul>\n<h4>LE RECENSIONI DEGLI UTENTI<\/h4>\n<p><strong>Joe &#8220;Perfetto per le nostre esigenze di prenotazione&#8221;<\/strong><br \/>\n<strong>Commenti<\/strong>: Come gi\u00e0 detto, questo era necessario per la prenotazione del desk, ma da allora abbiamo implementato funzionalit\u00e0 VR, EV e altre funzionalit\u00e0 su pi\u00f9 sedi. Abbiamo ricevuto pochissime chiamate di supporto dagli utenti e il feedback \u00e8 complessivamente positivo da quando il servizio \u00e8 stato implementato.<br \/>\n<strong>Pro<\/strong>: L&#8217;applicazione funziona molto bene, ma il supporto fornito \u00e8 stato eccezionale. Inizialmente, questo era necessario per la prenotazione degli uffici durante il COVID, ma l&#8217;azienda ha rapidamente adottato il sistema e da allora ha richiesto ulteriori funzionalit\u00e0. La maggior parte, se non tutte, di queste funzionalit\u00e0 avevano scadenze ravvicinate, ma queste sono state rispettate grazie alla straordinaria reattivit\u00e0 del nostro Account Manager.<br \/>\n<strong>Contro<\/strong>: Sarebbe utile avere qualche comunicazione sulle nuove funzionalit\u00e0\/aggiornamenti futuri.<\/p>\n<p><strong>Emily &#8220;Prenotazione della scrivania per supportare nuove modalit\u00e0 di lavoro&#8221;<\/strong><br \/>\n<strong>Commenti<\/strong>: Smartway2 ha buone funzionalit\u00e0 di reporting che ci aiutano a visualizzare l&#8217;utilizzo dei nostri spazi d&#8217;ufficio, il che ci aiuter\u00e0 a dare forma al futuro dei nostri uffici,<br \/>\n<strong>Pro<\/strong>: La possibilit\u00e0 di precompilare una serie di punti di controllo prima che i dipendenti possano prenotare una postazione: questa funzionalit\u00e0 si \u00e8 rivelata preziosa per supportare il rientro dei dipendenti durante la pandemia.<br \/>\n<strong>Contro<\/strong>: Una caratteristica che sarebbe utile implementare \u00e8 quella di poter essere indirizzati direttamente al piano in cui prenoti regolarmente le scrivanie come impostazione predefinita, invece di doverlo selezionare ogni volta.<\/p>\n<p><strong>David &#8220;Consigliato al 100%&#8221;<\/strong><br \/>\n<strong>Commenti<\/strong>: Nel complesso, sono soddisfatto del sistema e non vedo l&#8217;ora di scoprire nuove funzioni che potrebbero aiutare la nostra attivit\u00e0. Devo dire che Raj \u00e8 di gran lunga la persona migliore e pi\u00f9 disponibile che abbia mai incontrato in qualsiasi contratto su cui abbia lavorato. Niente \u00e8 troppo. Raj ha sempre la risposta giusta e ci aiuta ad apportare i cambiamenti di cui abbiamo bisogno e che desideriamo. Avere questo tipo di servizio clienti fa davvero la differenza.<br \/>\n<strong>Pro<\/strong>: Facile da usare dal punto di vista dell&#8217;utente. Facile da usare e modificare dal punto di vista dell&#8217;amministratore. Visivamente facile da capire e senza complicazioni.<br \/>\n<strong>Contro<\/strong>: Consigliamo all&#8217;utente di premere spesso il pulsante Cancella per aggiornare e apportare modifiche.<\/p>\n","protected":false},"excerpt":{"rendered":"<p>HubStar Connect \u00e8 uno strumento intelligente per la pianificazione del lavoro in ufficio che offre un&#8217;esperienza di prenotazione fluida per i dipendenti e un elevato grado di flessibilit\u00e0 per gli amministratori. Dalla prenotazione di postazioni di lavoro e sale riunioni al parcheggio e ai servizi, HubStar Connect \u00e8 l&#8217;assistente virtuale a portata di mano che coordina gli orari di lavoro ibridi, individua gli orari migliori per entrare e suggerisce persino gli spazi e le risorse pi\u00f9 adatti per l&#8217;attivit\u00e0 da svolgere<\/p>\n","protected":false},"author":19,"featured_media":89592,"parent":87246,"menu_order":0,"comment_status":"open","ping_status":"closed","template":"g1_template_page_review_new.php","meta":{"_acf_changed":false,"cwp_meta_box_check":"No","cwp_rev_product_name":"","cwp_rev_product_image":"","wppr_links":[],"cwp_rev_price":"","wppr_options":[],"wppr_pros":[],"wppr_cons":[],"_monsterinsights_skip_tracking":false,"_monsterinsights_sitenote_active":false,"_monsterinsights_sitenote_note":"","_monsterinsights_sitenote_category":0,"footnotes":""},"categories":[16111],"tags":[16168,16146,16169,16120,16144,16123],"features":[],"class_list":{"0":"post-89575","1":"page","2":"type-page","3":"status-publish","4":"has-post-thumbnail","6":"category-programmi-per-turni-di-lavoro","7":"tag-hubstar-connect","8":"tag-piattaforma-turni-di-lavoro","9":"tag-programma-turno-di-lavoro","10":"tag-software-turni-di-lavoro","11":"tag-soluzione-turni-di-lavoro","12":"tag-turni-di-lavoro"},"wppr_data":{"cwp_meta_box_check":"No"},"acf":[],"yoast_head":"<!-- This site is optimized with the Yoast SEO plugin v27.4 - https:\/\/yoast.com\/product\/yoast-seo-wordpress\/ -->\n<title>HubStar Connect: recensione software turni di lavoro - Accurate Reviews<\/title>\n<meta name=\"description\" content=\"HubStar Connect: recensione strumento intelligente per la pianificazione del lavoro in ufficio che offre un&#039;esperienza di prenotazione fluida\" \/>\n<meta name=\"robots\" content=\"index, follow, max-snippet:-1, max-image-preview:large, max-video-preview:-1\" \/>\n<link rel=\"canonical\" href=\"https:\/\/www.accuratereviews.com\/it\/programmi-gestione-turni-lavoro\/hubstar-connec-recensione\/\" \/>\n<meta property=\"og:locale\" content=\"it_IT\" \/>\n<meta property=\"og:type\" content=\"article\" \/>\n<meta property=\"og:title\" content=\"HubStar Connect: recensione software turni di lavoro - Accurate Reviews\" \/>\n<meta property=\"og:description\" content=\"HubStar Connect: recensione strumento intelligente per la pianificazione del lavoro in ufficio che offre un&#039;esperienza di prenotazione fluida\" \/>\n<meta property=\"og:url\" content=\"https:\/\/www.accuratereviews.com\/it\/programmi-gestione-turni-lavoro\/hubstar-connec-recensione\/\" \/>\n<meta property=\"og:site_name\" content=\"Accurate Reviews\" \/>\n<meta property=\"article:modified_time\" content=\"2025-05-14T10:41:30+00:00\" \/>\n<meta property=\"og:image\" content=\"https:\/\/www.accuratereviews.com\/wp-content\/uploads\/2025\/04\/HubStar.jpg\" \/>\n\t<meta property=\"og:image:width\" content=\"900\" \/>\n\t<meta property=\"og:image:height\" content=\"460\" \/>\n\t<meta property=\"og:image:type\" content=\"image\/jpeg\" \/>\n<meta name=\"twitter:card\" content=\"summary_large_image\" \/>\n<meta name=\"twitter:label1\" content=\"Tempo di lettura stimato\" \/>\n\t<meta name=\"twitter:data1\" content=\"5 minuti\" \/>\n<script type=\"application\/ld+json\" class=\"yoast-schema-graph\">{\"@context\":\"https:\\\/\\\/schema.org\",\"@graph\":[{\"@type\":\"WebPage\",\"@id\":\"https:\\\/\\\/www.accuratereviews.com\\\/it\\\/programmi-gestione-turni-lavoro\\\/hubstar-connec-recensione\\\/\",\"url\":\"https:\\\/\\\/www.accuratereviews.com\\\/it\\\/programmi-gestione-turni-lavoro\\\/hubstar-connec-recensione\\\/\",\"name\":\"HubStar Connect: recensione software turni di lavoro - Accurate Reviews\",\"isPartOf\":{\"@id\":\"https:\\\/\\\/www.accuratereviews.com\\\/it\\\/#website\"},\"primaryImageOfPage\":{\"@id\":\"https:\\\/\\\/www.accuratereviews.com\\\/it\\\/programmi-gestione-turni-lavoro\\\/hubstar-connec-recensione\\\/#primaryimage\"},\"image\":{\"@id\":\"https:\\\/\\\/www.accuratereviews.com\\\/it\\\/programmi-gestione-turni-lavoro\\\/hubstar-connec-recensione\\\/#primaryimage\"},\"thumbnailUrl\":\"https:\\\/\\\/www.accuratereviews.com\\\/wp-content\\\/uploads\\\/2025\\\/04\\\/HubStar.jpg\",\"datePublished\":\"2025-04-29T10:01:46+00:00\",\"dateModified\":\"2025-05-14T10:41:30+00:00\",\"description\":\"HubStar Connect: recensione strumento intelligente per la pianificazione del lavoro in ufficio che offre un'esperienza di prenotazione fluida\",\"breadcrumb\":{\"@id\":\"https:\\\/\\\/www.accuratereviews.com\\\/it\\\/programmi-gestione-turni-lavoro\\\/hubstar-connec-recensione\\\/#breadcrumb\"},\"inLanguage\":\"it-IT\",\"potentialAction\":[{\"@type\":\"ReadAction\",\"target\":[\"https:\\\/\\\/www.accuratereviews.com\\\/it\\\/programmi-gestione-turni-lavoro\\\/hubstar-connec-recensione\\\/\"]}]},{\"@type\":\"ImageObject\",\"inLanguage\":\"it-IT\",\"@id\":\"https:\\\/\\\/www.accuratereviews.com\\\/it\\\/programmi-gestione-turni-lavoro\\\/hubstar-connec-recensione\\\/#primaryimage\",\"url\":\"https:\\\/\\\/www.accuratereviews.com\\\/wp-content\\\/uploads\\\/2025\\\/04\\\/HubStar.jpg\",\"contentUrl\":\"https:\\\/\\\/www.accuratereviews.com\\\/wp-content\\\/uploads\\\/2025\\\/04\\\/HubStar.jpg\",\"width\":900,\"height\":460},{\"@type\":\"BreadcrumbList\",\"@id\":\"https:\\\/\\\/www.accuratereviews.com\\\/it\\\/programmi-gestione-turni-lavoro\\\/hubstar-connec-recensione\\\/#breadcrumb\",\"itemListElement\":[{\"@type\":\"ListItem\",\"position\":1,\"name\":\"Home\",\"item\":\"https:\\\/\\\/www.accuratereviews.com\\\/it\\\/\"},{\"@type\":\"ListItem\",\"position\":2,\"name\":\"Programmi per turni di lavoro\",\"item\":\"https:\\\/\\\/www.accuratereviews.com\\\/it\\\/programmi-gestione-turni-lavoro\\\/\"},{\"@type\":\"ListItem\",\"position\":3,\"name\":\"HubStar Connect\"}]},{\"@type\":\"WebSite\",\"@id\":\"https:\\\/\\\/www.accuratereviews.com\\\/it\\\/#website\",\"url\":\"https:\\\/\\\/www.accuratereviews.com\\\/it\\\/\",\"name\":\"Accurate Reviews\",\"description\":\"\",\"potentialAction\":[{\"@type\":\"SearchAction\",\"target\":{\"@type\":\"EntryPoint\",\"urlTemplate\":\"https:\\\/\\\/www.accuratereviews.com\\\/it\\\/?s={search_term_string}\"},\"query-input\":{\"@type\":\"PropertyValueSpecification\",\"valueRequired\":true,\"valueName\":\"search_term_string\"}}],\"inLanguage\":\"it-IT\"}]}<\/script>\n<!-- \/ Yoast SEO plugin. -->","yoast_head_json":{"title":"HubStar Connect: recensione software turni di lavoro - Accurate Reviews","description":"HubStar Connect: recensione strumento intelligente per la pianificazione del lavoro in ufficio che offre un'esperienza di prenotazione fluida","robots":{"index":"index","follow":"follow","max-snippet":"max-snippet:-1","max-image-preview":"max-image-preview:large","max-video-preview":"max-video-preview:-1"},"canonical":"https:\/\/www.accuratereviews.com\/it\/programmi-gestione-turni-lavoro\/hubstar-connec-recensione\/","og_locale":"it_IT","og_type":"article","og_title":"HubStar Connect: recensione software turni di lavoro - Accurate Reviews","og_description":"HubStar Connect: recensione strumento intelligente per la pianificazione del lavoro in ufficio che offre un'esperienza di prenotazione fluida","og_url":"https:\/\/www.accuratereviews.com\/it\/programmi-gestione-turni-lavoro\/hubstar-connec-recensione\/","og_site_name":"Accurate Reviews","article_modified_time":"2025-05-14T10:41:30+00:00","og_image":[{"width":900,"height":460,"url":"https:\/\/www.accuratereviews.com\/wp-content\/uploads\/2025\/04\/HubStar.jpg","type":"image\/jpeg"}],"twitter_card":"summary_large_image","twitter_misc":{"Tempo di lettura stimato":"5 minuti"},"schema":{"@context":"https:\/\/schema.org","@graph":[{"@type":"WebPage","@id":"https:\/\/www.accuratereviews.com\/it\/programmi-gestione-turni-lavoro\/hubstar-connec-recensione\/","url":"https:\/\/www.accuratereviews.com\/it\/programmi-gestione-turni-lavoro\/hubstar-connec-recensione\/","name":"HubStar Connect: recensione software turni di lavoro - Accurate Reviews","isPartOf":{"@id":"https:\/\/www.accuratereviews.com\/it\/#website"},"primaryImageOfPage":{"@id":"https:\/\/www.accuratereviews.com\/it\/programmi-gestione-turni-lavoro\/hubstar-connec-recensione\/#primaryimage"},"image":{"@id":"https:\/\/www.accuratereviews.com\/it\/programmi-gestione-turni-lavoro\/hubstar-connec-recensione\/#primaryimage"},"thumbnailUrl":"https:\/\/www.accuratereviews.com\/wp-content\/uploads\/2025\/04\/HubStar.jpg","datePublished":"2025-04-29T10:01:46+00:00","dateModified":"2025-05-14T10:41:30+00:00","description":"HubStar Connect: recensione strumento intelligente per la pianificazione del lavoro in ufficio che offre un'esperienza di prenotazione fluida","breadcrumb":{"@id":"https:\/\/www.accuratereviews.com\/it\/programmi-gestione-turni-lavoro\/hubstar-connec-recensione\/#breadcrumb"},"inLanguage":"it-IT","potentialAction":[{"@type":"ReadAction","target":["https:\/\/www.accuratereviews.com\/it\/programmi-gestione-turni-lavoro\/hubstar-connec-recensione\/"]}]},{"@type":"ImageObject","inLanguage":"it-IT","@id":"https:\/\/www.accuratereviews.com\/it\/programmi-gestione-turni-lavoro\/hubstar-connec-recensione\/#primaryimage","url":"https:\/\/www.accuratereviews.com\/wp-content\/uploads\/2025\/04\/HubStar.jpg","contentUrl":"https:\/\/www.accuratereviews.com\/wp-content\/uploads\/2025\/04\/HubStar.jpg","width":900,"height":460},{"@type":"BreadcrumbList","@id":"https:\/\/www.accuratereviews.com\/it\/programmi-gestione-turni-lavoro\/hubstar-connec-recensione\/#breadcrumb","itemListElement":[{"@type":"ListItem","position":1,"name":"Home","item":"https:\/\/www.accuratereviews.com\/it\/"},{"@type":"ListItem","position":2,"name":"Programmi per turni di lavoro","item":"https:\/\/www.accuratereviews.com\/it\/programmi-gestione-turni-lavoro\/"},{"@type":"ListItem","position":3,"name":"HubStar Connect"}]},{"@type":"WebSite","@id":"https:\/\/www.accuratereviews.com\/it\/#website","url":"https:\/\/www.accuratereviews.com\/it\/","name":"Accurate Reviews","description":"","potentialAction":[{"@type":"SearchAction","target":{"@type":"EntryPoint","urlTemplate":"https:\/\/www.accuratereviews.com\/it\/?s={search_term_string}"},"query-input":{"@type":"PropertyValueSpecification","valueRequired":true,"valueName":"search_term_string"}}],"inLanguage":"it-IT"}]}},"_links":{"self":[{"href":"https:\/\/www.accuratereviews.com\/it\/wp-json\/wp\/v2\/pages\/89575","targetHints":{"allow":["GET"]}}],"collection":[{"href":"https:\/\/www.accuratereviews.com\/it\/wp-json\/wp\/v2\/pages"}],"about":[{"href":"https:\/\/www.accuratereviews.com\/it\/wp-json\/wp\/v2\/types\/page"}],"author":[{"embeddable":true,"href":"https:\/\/www.accuratereviews.com\/it\/wp-json\/wp\/v2\/users\/19"}],"replies":[{"embeddable":true,"href":"https:\/\/www.accuratereviews.com\/it\/wp-json\/wp\/v2\/comments?post=89575"}],"version-history":[{"count":10,"href":"https:\/\/www.accuratereviews.com\/it\/wp-json\/wp\/v2\/pages\/89575\/revisions"}],"predecessor-version":[{"id":90689,"href":"https:\/\/www.accuratereviews.com\/it\/wp-json\/wp\/v2\/pages\/89575\/revisions\/90689"}],"up":[{"embeddable":true,"href":"https:\/\/www.accuratereviews.com\/it\/wp-json\/wp\/v2\/pages\/87246"}],"wp:featuredmedia":[{"embeddable":true,"href":"https:\/\/www.accuratereviews.com\/it\/wp-json\/wp\/v2\/media\/89592"}],"wp:attachment":[{"href":"https:\/\/www.accuratereviews.com\/it\/wp-json\/wp\/v2\/media?parent=89575"}],"wp:term":[{"taxonomy":"category","embeddable":true,"href":"https:\/\/www.accuratereviews.com\/it\/wp-json\/wp\/v2\/categories?post=89575"},{"taxonomy":"post_tag","embeddable":true,"href":"https:\/\/www.accuratereviews.com\/it\/wp-json\/wp\/v2\/tags?post=89575"},{"taxonomy":"features","embeddable":true,"href":"https:\/\/www.accuratereviews.com\/it\/wp-json\/wp\/v2\/features?post=89575"}],"curies":[{"name":"wp","href":"https:\/\/api.w.org\/{rel}","templated":true}]}}