{"id":90327,"date":"2025-05-05T18:10:56","date_gmt":"2025-05-05T18:10:56","guid":{"rendered":"https:\/\/www.accuratereviews.com\/?page_id=90327"},"modified":"2025-05-27T09:50:10","modified_gmt":"2025-05-27T09:50:10","slug":"liveforce-recensione","status":"publish","type":"page","link":"https:\/\/www.accuratereviews.com\/it\/programmi-gestione-turni-lavoro\/liveforce-recensione\/","title":{"rendered":"Liveforce"},"content":{"rendered":"<p><strong>Liveforce<\/strong> \u00e8 una piattaforma completa per la <strong>gestione del personale<\/strong> per eventi, progettata per semplificare la gestione e la pianificazione del personale temporaneo e freelance. Efficiente, reattiva, ottimizzata per i dispositivi mobili e scalabile, la soluzione \u00e8 in grado di gestire campagne di qualsiasi dimensione. Completamente personalizzabile e ricco di funzionalit\u00e0, dall&#8217;inizio alla fine. Modifica le ore, approva le spese, esamina i fogli presenze e genera report sui pagamenti: tutto in un unico posto.<\/p>\n<h2>LIVEFORCE &#8211; TUTORIAL<\/h2>\n<div id=\"fluid-wrapper-counter-1\" class=\"g1-fluid-wrapper \" style=\"width:686px;\">\n<div style=\"padding-bottom:56.268221574344%;\"><iframe loading=\"lazy\" title=\"Free Trial Introduction\" width=\"686\" height=\"386\" src=\"https:\/\/www.youtube.com\/embed\/6GlMClWlknY?feature=oembed&amp;wmode=transparent&amp;autohide=1&amp;autoplay=0&amp;disablekb=0&amp;fs=1&amp;loop=0&amp;enablejsapi=1&amp;rel=0&amp;controls=2&amp;showinfo=0&amp;wmode=transparent&amp;autohide=2&amp;autoplay=0&amp;disablekb=0&amp;fs=1&amp;loop=0&amp;enablejsapi=1&amp;rel=0&amp;controls=2&amp;showinfo=1\" frameborder=\"0\" allow=\"accelerometer; autoplay; clipboard-write; encrypted-media; gyroscope; picture-in-picture; web-share\" referrerpolicy=\"strict-origin-when-cross-origin\" allowfullscreen><\/iframe><\/div>\n<\/div>\n<h3>LIVEFORCE &#8211; CARATTERISTICHE<\/h3>\n<ul>\n<li><strong>Recluta e gestisci<\/strong>: crea il team dei tuoi sogni. Dagli ambasciatori del marchio al personale del bar, il software per la gestione del personale ti aiuter\u00e0 a trovarli, assumerli e fidelizzarli.<\/li>\n<li><strong>Pianifica e prenota<\/strong>: con questa soluzione, hai il controllo completo sulla pianificazione dei turni del personale. Trova il personale temporaneo, freelance o il professionista per eventi pi\u00f9 adatto a ogni lavoro, ruolo e turno e pianificali facilmente.<\/li>\n<li><strong>Fogli presenze e retribuzioni<\/strong>: modifica le ore, approva le spese, rivedi i fogli presenze e genera report sui pagamenti, tutto in un unico posto.<\/li>\n<li><strong>Comunicazione<\/strong>: la comunicazione \u00e8 la chiave per relazioni di successo. Ti offre la possibilit\u00e0 di comunicare con il tuo personale in ogni fase del processo di gestione del personale per eventi.<\/li>\n<li><strong>App per il personale<\/strong>: un&#8217;app dedicata per il tuo personale freelance, temporaneo e per eventi. Intuitivo e facile da usare, il tuo personale temporaneo o il personale addetto agli eventi rimarr\u00e0 informato e aggiornato grazie all&#8217;accesso a Liveforce 24 ore su 24, 7 giorni su 7.<\/li>\n<li><strong>Supporto e onboarding<\/strong>: ti accompagna in ogni fase del percorso, offrendoti un processo di onboarding strutturato per iniziare, un&#8217;accademia di formazione online per gli amministratori, diverse guide e supporto tramite live chat per il tuo personale.<\/li>\n<li><strong>Copia e incolla<\/strong>: la\u00a0funzione copia e incolla ti consente di replicare rapidamente singoli lavori o interi gruppi e di creare una bacheca in pochi minuti. Utile per eventi su larga scala che si svolgono in pi\u00f9 date.<\/li>\n<li><strong>Email<\/strong>: puoi scegliere l&#8217;email se devi spiegare dettagliatamente un&#8217;attivit\u00e0 o condividere link per candidarti a un ruolo.<\/li>\n<li><strong>Invia note spese:<\/strong> la semplice procedura passo passo \u00e8 infallibile. Il membro del personale scatta una foto della ricevuta, la carica sull&#8217;app e verr\u00e0 sincronizzata con la pagina Approvazioni per consentirti di consultarla.<\/li>\n<li><strong>Risoluzione delle controversie<\/strong>: la risoluzione rapida con audit trail e la comunicazione in-app con il tuo equipaggio semplificano la risoluzione delle controversie.<\/li>\n<li><strong>Controlla e modifica i fogli presenze<\/strong>: controlla l&#8217;orario di check-in\/out del personale e le note per eventuali modifiche. L&#8217;amministratore pu\u00f2 facilmente modificare orari e tariffe per la revisione del personale o annullarle per un pagamento rapido.<\/li>\n<\/ul>\n<h4>LE RECENSIONI DEGLI UTENTI<\/h4>\n<p><strong>Tom &#8220;Fantastica piattaforma per il personale e la gestione&#8221;<\/strong><br \/>\n<strong>Commenti<\/strong>: liveforce \u00e8 stato lo strumento perfetto per aiutarci a gestire il nostro personale in diverse campagne. Il team del servizio clienti \u00e8 stato disponibile e l&#8217;interfaccia del sistema \u00e8 stata efficace e intuitiva sia per gli amministratori che per il personale.<br \/>\n<strong>Pro<\/strong>: un servizio incredibilmente intuitivo, sia per gli amministratori che per il personale. Un team di assistenza clienti disponibile e preparato. Incredibilmente personalizzabile per soddisfare le esigenze della tua azienda.<br \/>\n<strong>Contro<\/strong>: ci sono voluti alcuni tentativi ed errori per impostare il processo, ma una volta sistemato tutto, Liveforce si \u00e8 rivelato semplice ed efficace da usare.<\/p>\n<p><strong>Anthony &#8220;Molto facile da usare&#8221;<\/strong><br \/>\n<strong>Commenti<\/strong>: mi \u00e8 piaciuto usare la piattaforma per i due anni in cui l&#8217;ho usata. La consiglio per una pianificazione semplice.<br \/>\n<strong>Pro<\/strong>: molto semplice da usare, l&#8217;interfaccia \u00e8 piuttosto elementare e tutto pu\u00f2 essere fatto praticamente da un&#8217;unica schermata.<br \/>\n<strong>Contro<\/strong>: non ha tutte le funzionalit\u00e0 di altri software simili.<\/p>\n<p><strong>Saheed &#8220;Ottima app Liveforce&#8221;<\/strong><br \/>\n<strong>Commenti<\/strong>: questa \u00e8 un&#8217;app fantastica e indispensabile che ti consente di essere davvero mobile quando accedi e rispondi a problemi e aggiornamenti relativi alle risorse umane.<br \/>\n<strong>Pro<\/strong>: il fatto che sia compatibile con i dispositivi mobili per la gestione delle risorse umane e delle funzioni e attivit\u00e0 dei dipendenti mi fa apprezzare. Liveforce \u00e8 un&#8217;app che consente a pi\u00f9 aziende con attivit\u00e0 diverse o correlate di coesistere sulla stessa piattaforma.<br \/>\n<strong>Contro<\/strong>: uno degli svantaggi di Liveforce \u00e8 che la visualizzazione \u00e8 limitata sui dispositivi mobili quando si devono cercare le attivit\u00e0 elencate sull&#8217;app.<\/p>\n","protected":false},"excerpt":{"rendered":"<p>Liveforce \u00e8 una piattaforma completa per la gestione del personale per eventi, progettata per semplificare la gestione e la pianificazione del personale temporaneo e freelance. Efficiente, reattiva, ottimizzata per i dispositivi mobili e scalabile, la soluzione \u00e8 in grado di gestire campagne di qualsiasi dimensione.<\/p>\n","protected":false},"author":19,"featured_media":90328,"parent":87246,"menu_order":0,"comment_status":"open","ping_status":"closed","template":"g1_template_page_review_new.php","meta":{"_acf_changed":false,"cwp_meta_box_check":"No","cwp_rev_product_name":"","cwp_rev_product_image":"","wppr_links":[],"cwp_rev_price":"","wppr_options":[],"wppr_pros":[],"wppr_cons":[],"_monsterinsights_skip_tracking":false,"_monsterinsights_sitenote_active":false,"_monsterinsights_sitenote_note":"","_monsterinsights_sitenote_category":0,"footnotes":""},"categories":[16111],"tags":[16171,16146,16121,16120,16144,16123],"features":[],"class_list":{"0":"post-90327","1":"page","2":"type-page","3":"status-publish","4":"has-post-thumbnail","6":"category-programmi-per-turni-di-lavoro","7":"tag-liveforce","8":"tag-piattaforma-turni-di-lavoro","9":"tag-programma-turni-di-lavoro","10":"tag-software-turni-di-lavoro","11":"tag-soluzione-turni-di-lavoro","12":"tag-turni-di-lavoro"},"wppr_data":{"cwp_meta_box_check":"No"},"acf":[],"yoast_head":"<!-- This site is optimized with the Yoast SEO plugin v27.4 - https:\/\/yoast.com\/product\/yoast-seo-wordpress\/ -->\n<title>Liveforce: recensione software per turni di lavoro - Accurate Reviews<\/title>\n<meta name=\"description\" content=\"Liveforce: recensione piattaforma completa per la gestione del personale per eventi di qualsiasi dimensione.\" \/>\n<meta name=\"robots\" content=\"index, follow, max-snippet:-1, max-image-preview:large, max-video-preview:-1\" \/>\n<link rel=\"canonical\" href=\"https:\/\/www.accuratereviews.com\/it\/programmi-gestione-turni-lavoro\/liveforce-recensione\/\" \/>\n<meta property=\"og:locale\" content=\"it_IT\" \/>\n<meta property=\"og:type\" content=\"article\" \/>\n<meta property=\"og:title\" content=\"Liveforce: recensione software per turni di lavoro - Accurate Reviews\" \/>\n<meta property=\"og:description\" content=\"Liveforce: recensione piattaforma completa per la gestione del personale per eventi di qualsiasi dimensione.\" \/>\n<meta property=\"og:url\" content=\"https:\/\/www.accuratereviews.com\/it\/programmi-gestione-turni-lavoro\/liveforce-recensione\/\" \/>\n<meta property=\"og:site_name\" content=\"Accurate Reviews\" \/>\n<meta property=\"article:modified_time\" content=\"2025-05-27T09:50:10+00:00\" \/>\n<meta property=\"og:image\" content=\"https:\/\/www.accuratereviews.com\/wp-content\/uploads\/2025\/05\/Liveforce.jpeg\" \/>\n\t<meta property=\"og:image:width\" content=\"200\" \/>\n\t<meta property=\"og:image:height\" content=\"200\" \/>\n\t<meta property=\"og:image:type\" content=\"image\/jpeg\" \/>\n<meta name=\"twitter:card\" content=\"summary_large_image\" \/>\n<meta name=\"twitter:label1\" content=\"Tempo di lettura stimato\" \/>\n\t<meta name=\"twitter:data1\" content=\"5 minuti\" \/>\n<script type=\"application\/ld+json\" class=\"yoast-schema-graph\">{\"@context\":\"https:\\\/\\\/schema.org\",\"@graph\":[{\"@type\":\"WebPage\",\"@id\":\"https:\\\/\\\/www.accuratereviews.com\\\/it\\\/programmi-gestione-turni-lavoro\\\/liveforce-recensione\\\/\",\"url\":\"https:\\\/\\\/www.accuratereviews.com\\\/it\\\/programmi-gestione-turni-lavoro\\\/liveforce-recensione\\\/\",\"name\":\"Liveforce: recensione software per turni di lavoro - Accurate Reviews\",\"isPartOf\":{\"@id\":\"https:\\\/\\\/www.accuratereviews.com\\\/it\\\/#website\"},\"primaryImageOfPage\":{\"@id\":\"https:\\\/\\\/www.accuratereviews.com\\\/it\\\/programmi-gestione-turni-lavoro\\\/liveforce-recensione\\\/#primaryimage\"},\"image\":{\"@id\":\"https:\\\/\\\/www.accuratereviews.com\\\/it\\\/programmi-gestione-turni-lavoro\\\/liveforce-recensione\\\/#primaryimage\"},\"thumbnailUrl\":\"https:\\\/\\\/www.accuratereviews.com\\\/wp-content\\\/uploads\\\/2025\\\/05\\\/Liveforce.jpeg\",\"datePublished\":\"2025-05-05T18:10:56+00:00\",\"dateModified\":\"2025-05-27T09:50:10+00:00\",\"description\":\"Liveforce: recensione piattaforma completa per la gestione del personale per eventi di qualsiasi dimensione.\",\"breadcrumb\":{\"@id\":\"https:\\\/\\\/www.accuratereviews.com\\\/it\\\/programmi-gestione-turni-lavoro\\\/liveforce-recensione\\\/#breadcrumb\"},\"inLanguage\":\"it-IT\",\"potentialAction\":[{\"@type\":\"ReadAction\",\"target\":[\"https:\\\/\\\/www.accuratereviews.com\\\/it\\\/programmi-gestione-turni-lavoro\\\/liveforce-recensione\\\/\"]}]},{\"@type\":\"ImageObject\",\"inLanguage\":\"it-IT\",\"@id\":\"https:\\\/\\\/www.accuratereviews.com\\\/it\\\/programmi-gestione-turni-lavoro\\\/liveforce-recensione\\\/#primaryimage\",\"url\":\"https:\\\/\\\/www.accuratereviews.com\\\/wp-content\\\/uploads\\\/2025\\\/05\\\/Liveforce.jpeg\",\"contentUrl\":\"https:\\\/\\\/www.accuratereviews.com\\\/wp-content\\\/uploads\\\/2025\\\/05\\\/Liveforce.jpeg\",\"width\":200,\"height\":200},{\"@type\":\"BreadcrumbList\",\"@id\":\"https:\\\/\\\/www.accuratereviews.com\\\/it\\\/programmi-gestione-turni-lavoro\\\/liveforce-recensione\\\/#breadcrumb\",\"itemListElement\":[{\"@type\":\"ListItem\",\"position\":1,\"name\":\"Home\",\"item\":\"https:\\\/\\\/www.accuratereviews.com\\\/it\\\/\"},{\"@type\":\"ListItem\",\"position\":2,\"name\":\"Programmi per turni di lavoro\",\"item\":\"https:\\\/\\\/www.accuratereviews.com\\\/it\\\/programmi-gestione-turni-lavoro\\\/\"},{\"@type\":\"ListItem\",\"position\":3,\"name\":\"Liveforce\"}]},{\"@type\":\"WebSite\",\"@id\":\"https:\\\/\\\/www.accuratereviews.com\\\/it\\\/#website\",\"url\":\"https:\\\/\\\/www.accuratereviews.com\\\/it\\\/\",\"name\":\"Accurate Reviews\",\"description\":\"\",\"potentialAction\":[{\"@type\":\"SearchAction\",\"target\":{\"@type\":\"EntryPoint\",\"urlTemplate\":\"https:\\\/\\\/www.accuratereviews.com\\\/it\\\/?s={search_term_string}\"},\"query-input\":{\"@type\":\"PropertyValueSpecification\",\"valueRequired\":true,\"valueName\":\"search_term_string\"}}],\"inLanguage\":\"it-IT\"}]}<\/script>\n<!-- \/ Yoast SEO plugin. -->","yoast_head_json":{"title":"Liveforce: recensione software per turni di lavoro - Accurate Reviews","description":"Liveforce: recensione piattaforma completa per la gestione del personale per eventi di qualsiasi dimensione.","robots":{"index":"index","follow":"follow","max-snippet":"max-snippet:-1","max-image-preview":"max-image-preview:large","max-video-preview":"max-video-preview:-1"},"canonical":"https:\/\/www.accuratereviews.com\/it\/programmi-gestione-turni-lavoro\/liveforce-recensione\/","og_locale":"it_IT","og_type":"article","og_title":"Liveforce: recensione software per turni di lavoro - Accurate Reviews","og_description":"Liveforce: recensione piattaforma completa per la gestione del personale per eventi di qualsiasi dimensione.","og_url":"https:\/\/www.accuratereviews.com\/it\/programmi-gestione-turni-lavoro\/liveforce-recensione\/","og_site_name":"Accurate Reviews","article_modified_time":"2025-05-27T09:50:10+00:00","og_image":[{"width":200,"height":200,"url":"https:\/\/www.accuratereviews.com\/wp-content\/uploads\/2025\/05\/Liveforce.jpeg","type":"image\/jpeg"}],"twitter_card":"summary_large_image","twitter_misc":{"Tempo di lettura stimato":"5 minuti"},"schema":{"@context":"https:\/\/schema.org","@graph":[{"@type":"WebPage","@id":"https:\/\/www.accuratereviews.com\/it\/programmi-gestione-turni-lavoro\/liveforce-recensione\/","url":"https:\/\/www.accuratereviews.com\/it\/programmi-gestione-turni-lavoro\/liveforce-recensione\/","name":"Liveforce: recensione software per turni di lavoro - Accurate Reviews","isPartOf":{"@id":"https:\/\/www.accuratereviews.com\/it\/#website"},"primaryImageOfPage":{"@id":"https:\/\/www.accuratereviews.com\/it\/programmi-gestione-turni-lavoro\/liveforce-recensione\/#primaryimage"},"image":{"@id":"https:\/\/www.accuratereviews.com\/it\/programmi-gestione-turni-lavoro\/liveforce-recensione\/#primaryimage"},"thumbnailUrl":"https:\/\/www.accuratereviews.com\/wp-content\/uploads\/2025\/05\/Liveforce.jpeg","datePublished":"2025-05-05T18:10:56+00:00","dateModified":"2025-05-27T09:50:10+00:00","description":"Liveforce: recensione piattaforma completa per la gestione del personale per eventi di qualsiasi dimensione.","breadcrumb":{"@id":"https:\/\/www.accuratereviews.com\/it\/programmi-gestione-turni-lavoro\/liveforce-recensione\/#breadcrumb"},"inLanguage":"it-IT","potentialAction":[{"@type":"ReadAction","target":["https:\/\/www.accuratereviews.com\/it\/programmi-gestione-turni-lavoro\/liveforce-recensione\/"]}]},{"@type":"ImageObject","inLanguage":"it-IT","@id":"https:\/\/www.accuratereviews.com\/it\/programmi-gestione-turni-lavoro\/liveforce-recensione\/#primaryimage","url":"https:\/\/www.accuratereviews.com\/wp-content\/uploads\/2025\/05\/Liveforce.jpeg","contentUrl":"https:\/\/www.accuratereviews.com\/wp-content\/uploads\/2025\/05\/Liveforce.jpeg","width":200,"height":200},{"@type":"BreadcrumbList","@id":"https:\/\/www.accuratereviews.com\/it\/programmi-gestione-turni-lavoro\/liveforce-recensione\/#breadcrumb","itemListElement":[{"@type":"ListItem","position":1,"name":"Home","item":"https:\/\/www.accuratereviews.com\/it\/"},{"@type":"ListItem","position":2,"name":"Programmi per turni di lavoro","item":"https:\/\/www.accuratereviews.com\/it\/programmi-gestione-turni-lavoro\/"},{"@type":"ListItem","position":3,"name":"Liveforce"}]},{"@type":"WebSite","@id":"https:\/\/www.accuratereviews.com\/it\/#website","url":"https:\/\/www.accuratereviews.com\/it\/","name":"Accurate Reviews","description":"","potentialAction":[{"@type":"SearchAction","target":{"@type":"EntryPoint","urlTemplate":"https:\/\/www.accuratereviews.com\/it\/?s={search_term_string}"},"query-input":{"@type":"PropertyValueSpecification","valueRequired":true,"valueName":"search_term_string"}}],"inLanguage":"it-IT"}]}},"_links":{"self":[{"href":"https:\/\/www.accuratereviews.com\/it\/wp-json\/wp\/v2\/pages\/90327","targetHints":{"allow":["GET"]}}],"collection":[{"href":"https:\/\/www.accuratereviews.com\/it\/wp-json\/wp\/v2\/pages"}],"about":[{"href":"https:\/\/www.accuratereviews.com\/it\/wp-json\/wp\/v2\/types\/page"}],"author":[{"embeddable":true,"href":"https:\/\/www.accuratereviews.com\/it\/wp-json\/wp\/v2\/users\/19"}],"replies":[{"embeddable":true,"href":"https:\/\/www.accuratereviews.com\/it\/wp-json\/wp\/v2\/comments?post=90327"}],"version-history":[{"count":13,"href":"https:\/\/www.accuratereviews.com\/it\/wp-json\/wp\/v2\/pages\/90327\/revisions"}],"predecessor-version":[{"id":91035,"href":"https:\/\/www.accuratereviews.com\/it\/wp-json\/wp\/v2\/pages\/90327\/revisions\/91035"}],"up":[{"embeddable":true,"href":"https:\/\/www.accuratereviews.com\/it\/wp-json\/wp\/v2\/pages\/87246"}],"wp:featuredmedia":[{"embeddable":true,"href":"https:\/\/www.accuratereviews.com\/it\/wp-json\/wp\/v2\/media\/90328"}],"wp:attachment":[{"href":"https:\/\/www.accuratereviews.com\/it\/wp-json\/wp\/v2\/media?parent=90327"}],"wp:term":[{"taxonomy":"category","embeddable":true,"href":"https:\/\/www.accuratereviews.com\/it\/wp-json\/wp\/v2\/categories?post=90327"},{"taxonomy":"post_tag","embeddable":true,"href":"https:\/\/www.accuratereviews.com\/it\/wp-json\/wp\/v2\/tags?post=90327"},{"taxonomy":"features","embeddable":true,"href":"https:\/\/www.accuratereviews.com\/it\/wp-json\/wp\/v2\/features?post=90327"}],"curies":[{"name":"wp","href":"https:\/\/api.w.org\/{rel}","templated":true}]}}