{"id":9034,"date":"2017-04-20T08:34:36","date_gmt":"2017-04-20T08:34:36","guid":{"rendered":"http:\/\/www.accuratereviews.com\/antivirus-la-lista-dei-migliori\/ranstop\/"},"modified":"2019-06-04T15:27:19","modified_gmt":"2019-06-04T15:27:19","slug":"ranstop","status":"publish","type":"page","link":"https:\/\/www.accuratereviews.com\/it\/antivirus-la-lista-dei-migliori\/ranstop\/","title":{"rendered":"Ranstop"},"content":{"rendered":"<p><img loading=\"lazy\" decoding=\"async\" class=\"alignnone size-full wp-image-9023\" src=\"http:\/\/www.accuratereviews.com\/wp-content\/uploads\/2017\/04\/Cattura.PNG.png\" alt=\"Ranstop\" width=\"859\" height=\"580\" srcset=\"https:\/\/www.accuratereviews.com\/wp-content\/uploads\/2017\/04\/Cattura.PNG.png 859w, https:\/\/www.accuratereviews.com\/wp-content\/uploads\/2017\/04\/Cattura.PNG-300x203.png 300w, https:\/\/www.accuratereviews.com\/wp-content\/uploads\/2017\/04\/Cattura.PNG-768x519.png 768w, https:\/\/www.accuratereviews.com\/wp-content\/uploads\/2017\/04\/Cattura.PNG-185x125.png 185w, https:\/\/www.accuratereviews.com\/wp-content\/uploads\/2017\/04\/Cattura.PNG-50x34.png 50w, https:\/\/www.accuratereviews.com\/wp-content\/uploads\/2017\/04\/Cattura.PNG-636x429.png 636w, https:\/\/www.accuratereviews.com\/wp-content\/uploads\/2017\/04\/Cattura.PNG-320x216.png 320w, https:\/\/www.accuratereviews.com\/wp-content\/uploads\/2017\/04\/Cattura.PNG-239x161.png 239w\" sizes=\"auto, (max-width: 859px) 100vw, 859px\" \/><\/p>\n<p>Il <a href=\"https:\/\/www.accuratereviews.com\/it\/ransomware-italiano-la-strage-di-cerber\/\" target=\"_blank\" rel=\"noopener noreferrer\"><strong>ransomware<\/strong> \u00e8 uno dei peggiori pericoli<\/a> in cui possiamo incappare di questi tempi col nostro PC. Si tratta di un tipo di virus molto aggressivo in grado di bloccare alcuni file o tutto il nostro sistema, <strong>applicando la crittografia e chiedendoci un riscatto da pagare<\/strong> in soldi veri o bitcoin per tornare in possesso dei nostri dati. Non crediate che pagare (spesso cifre molto alte) risolva il problema: sono molti i casi di aziende rimaste fregate dopo aver pagato. I file, infatti, non sono mai pi\u00f9 stati sbloccati.<\/p>\n<p>Se avete un&#8217;azienda ben informatizzata o tutta la vostra vita lavorativa si trova su file dovete premurarvi di <a href=\"https:\/\/www.accuratereviews.com\/it\/backup-i-migliori-software-e-servizi-guida\/\" target=\"_blank\" rel=\"noopener noreferrer\">effettuare backup continui<\/a> e cercare un <strong>software anti-ransomware affidabile<\/strong>. <strong>Ranstop, l&#8217;anti-ransomware creato da Temasoft<\/strong>, nasce come <strong>soluzione affidabile ed efficiente per le aziende<\/strong>. Oltre ad essere in grado di identificare l&#8217;attivit\u00e0 di un ransomware, fa partire un <strong>immediato ripristino dei vostri file ed effettua il backup in tempo reale<\/strong> dei vostri dati importanti in un sistema di storage sicuro.<\/p>\n<p><strong>Ranstop funziona su PC Windows<\/strong> ed \u00e8 in grado di proteggervi sia dalle attuali che dalle future varianti di ransomware.<\/p>\n<h2>Prime impressioni<\/h2>\n<p>Come vi anticipavo, Ranstop \u00e8 pensato per le compagnie, che si tratti di aziende di piccole o grandi dimensioni. Per essere installato richiede Microsoft Visual C++ Redistributable e l&#8217;ultima versione .NET Framework. Non preoccupatevi e niente panico: tutte queste cose sono <strong>contenute nell&#8217;installer di Ranstop<\/strong>, partiranno in automatico e non dovrete far altro che cliccare su qualche OK. <strong>Il processo di installazione \u00e8 davvero pi\u00f9 semplice<\/strong> di quel che sembra, non dovrete richiedere l&#8217;assistenza del vostro dipartimento IT.<\/p>\n<p>Una volta correttamente installato, Ranstop vi apparir\u00e0 facile da utilizzare e piuttosto autonomo: richiede un intervento minimo da parte vostra per funzionare.<\/p>\n<p><img loading=\"lazy\" decoding=\"async\" class=\"alignnone size-full wp-image-9024\" src=\"http:\/\/www.accuratereviews.com\/wp-content\/uploads\/2017\/04\/ranstop-1.PNG.png\" alt=\"Ranstop\" width=\"860\" height=\"580\" srcset=\"https:\/\/www.accuratereviews.com\/wp-content\/uploads\/2017\/04\/ranstop-1.PNG.png 860w, https:\/\/www.accuratereviews.com\/wp-content\/uploads\/2017\/04\/ranstop-1.PNG-300x202.png 300w, https:\/\/www.accuratereviews.com\/wp-content\/uploads\/2017\/04\/ranstop-1.PNG-768x518.png 768w, https:\/\/www.accuratereviews.com\/wp-content\/uploads\/2017\/04\/ranstop-1.PNG-185x125.png 185w, https:\/\/www.accuratereviews.com\/wp-content\/uploads\/2017\/04\/ranstop-1.PNG-50x34.png 50w, https:\/\/www.accuratereviews.com\/wp-content\/uploads\/2017\/04\/ranstop-1.PNG-636x429.png 636w, https:\/\/www.accuratereviews.com\/wp-content\/uploads\/2017\/04\/ranstop-1.PNG-320x216.png 320w, https:\/\/www.accuratereviews.com\/wp-content\/uploads\/2017\/04\/ranstop-1.PNG-239x161.png 239w\" sizes=\"auto, (max-width: 860px) 100vw, 860px\" \/><\/p>\n<h2>Le funzionalit\u00e0 di Ranstop<\/h2>\n<p><strong>Ranstop offre una soluzione completa ed evoluta che offre<\/strong>:<\/p>\n<ul>\n<li><em>Automatic Ransomware Blocking<\/em>: il software \u00e8 in grado di <strong>identificare e bloccare processi malevoli dopo pochi secondi<\/strong> che il ransomware ha iniziato a compromettere dati sul vostro PC. L&#8217;intervento \u00e8 quindi praticamente immediato, cos\u00ec come il <strong>processo di recupero dei file <\/strong>intaccati.<\/li>\n<li><em>Crypto-lockers and screen-lockers detection<\/em>: Ranstop pu\u00f2 <strong>identificare numerosi tipi di ransomware<\/strong> screen-locker e crypto-locker.<\/li>\n<li><em>Automatic and manual file recovery<\/em>: nel momento in cui Ranstop identifica un ransomware, tutti i vostri file vengono recuperati. Questa <strong>funzionalit\u00e0 di recupero pu\u00f2 essere sfruttata anche nel caso in cui perdiate o cancelliate per errore dei dati<\/strong>. Una possibilit\u00e0 davvero allettante per qualsiasi azienda.<\/li>\n<li><em>MBR Protection<\/em>: Ranstop <strong>protegge il Master Boot Record<\/strong> contro qualsiasi tentativo di cambiamento tentato dal ransomware, bloccando quindi il processo di crittografia dei file sul nascere.<\/li>\n<li><em>Automatic isolation of infected machines<\/em>: il software identifica le macchine infettate da un ransomware e le <strong>isola dal collegamento<\/strong> di rete per evitare che infettino altri PC dell&#8217;azienda. Per attivare questa funzionalit\u00e0 dobbiamo andare in <em>Settings &gt; Reactions<\/em>.<\/li>\n<\/ul>\n<p><img loading=\"lazy\" decoding=\"async\" class=\"alignnone size-full wp-image-9025\" src=\"http:\/\/www.accuratereviews.com\/wp-content\/uploads\/2017\/04\/ranstop-3.PNG.png\" alt=\"Ranstop\" width=\"860\" height=\"580\" srcset=\"https:\/\/www.accuratereviews.com\/wp-content\/uploads\/2017\/04\/ranstop-3.PNG.png 860w, https:\/\/www.accuratereviews.com\/wp-content\/uploads\/2017\/04\/ranstop-3.PNG-300x202.png 300w, https:\/\/www.accuratereviews.com\/wp-content\/uploads\/2017\/04\/ranstop-3.PNG-768x518.png 768w, https:\/\/www.accuratereviews.com\/wp-content\/uploads\/2017\/04\/ranstop-3.PNG-185x125.png 185w, https:\/\/www.accuratereviews.com\/wp-content\/uploads\/2017\/04\/ranstop-3.PNG-50x34.png 50w, https:\/\/www.accuratereviews.com\/wp-content\/uploads\/2017\/04\/ranstop-3.PNG-636x429.png 636w, https:\/\/www.accuratereviews.com\/wp-content\/uploads\/2017\/04\/ranstop-3.PNG-320x216.png 320w, https:\/\/www.accuratereviews.com\/wp-content\/uploads\/2017\/04\/ranstop-3.PNG-239x161.png 239w\" sizes=\"auto, (max-width: 860px) 100vw, 860px\" \/><\/p>\n<p>Andando in <em>Settings &gt; Backup Configuration<\/em> possiamo anche scegliere che tipo di file vogliamo includere nei backup automatici effettuati dal software. \u00c8 sufficiente aggiungere, editare o eliminare le estensioni dei file. Grazie all&#8217;interfaccia cos\u00ec pulita, semplice ed elementare, <strong>qualsiasi azione \u00e8 applicabile anche da utenti inesperti<\/strong>.<\/p>\n<h2>Prezzo<\/h2>\n<p>Ranstop \u00e8 pensato per essere utilizzato solo a livello aziendale ed \u00e8 acquistabile in forma di abbonamento. \u00c8 possibile scegliere un abbonamento per minimo un PC valido per un anno. L&#8217;offerta \u00e8 la seguente:<\/p>\n<ul>\n<li>da 1 a 9 PC costa 29$\/anno,<\/li>\n<li>da 10 a 99 PC costa 27$\/anno,<\/li>\n<li>da 100 a 199 PC costa 25$\/anno.<\/li>\n<\/ul>\n<p><strong>\u00c8 disponibile una prova gratuita<\/strong>, ma \u00e8 necessario compilare un form e attendere il file della licenza via email.<\/p>\n","protected":false},"excerpt":{"rendered":"<p>Il ransomware \u00e8 uno dei peggiori pericoli in cui possiamo incappare di questi tempi col nostro PC. Si tratta di un tipo di virus molto aggressivo in grado di bloccare alcuni file o tutto il nostro sistema, applicando la crittografia e chiedendoci un riscatto da pagare in soldi veri o bitcoin per tornare in possesso dei nostri dati. Non crediate che pagare (spesso cifre molto alte) risolva il problema: sono molti i casi di aziende rimaste fregate dopo aver pagato. I file, infatti, non sono mai pi\u00f9 stati bloccati.<\/p>\n","protected":false},"author":16,"featured_media":0,"parent":5635,"menu_order":0,"comment_status":"open","ping_status":"closed","template":"g1_template_page_review_new.php","meta":{"_acf_changed":false,"cwp_meta_box_check":"Yes","cwp_rev_product_name":"","cwp_rev_product_image":"","wppr_links":[],"cwp_rev_price":"","wppr_options":[],"wppr_pros":[],"wppr_cons":[],"_monsterinsights_skip_tracking":false,"_monsterinsights_sitenote_active":false,"_monsterinsights_sitenote_note":"","_monsterinsights_sitenote_category":0,"footnotes":""},"categories":[109],"tags":[731,732,730,710,709],"features":[],"class_list":{"0":"post-9034","1":"page","2":"type-page","3":"status-publish","5":"category-antivirus-software-pc-it","6":"tag-anti-ransomware","7":"tag-backup-in-tempo-reale","8":"tag-crittografia","9":"tag-programma-antivirus","10":"tag-software-antivirus"},"wppr_data":{"cwp_meta_box_check":"Yes","cwp_rev_product_name":"","cwp_rev_product_image":"","cwp_image_link":"image","cwp_rev_price":"","wppr_rating":"0.00"},"acf":[],"yoast_head":"<!-- This site is optimized with the Yoast SEO plugin v27.4 - https:\/\/yoast.com\/product\/yoast-seo-wordpress\/ -->\n<title>Ranstop Temasoft | Il Migliore Anti-Ransomware | Accurate Reviews<\/title>\n<meta name=\"description\" content=\"Ranstop \u00e8 la soluzione pi\u00f9 efficace per proteggere la vostra azienda dai ransomware: combina la tecnologia anti-ransomware con quella di recupero dei file.\" \/>\n<meta name=\"robots\" content=\"index, follow, max-snippet:-1, max-image-preview:large, max-video-preview:-1\" \/>\n<link rel=\"canonical\" href=\"https:\/\/www.accuratereviews.com\/it\/antivirus-la-lista-dei-migliori\/ranstop\/\" \/>\n<meta property=\"og:locale\" content=\"it_IT\" \/>\n<meta property=\"og:type\" content=\"article\" \/>\n<meta property=\"og:title\" content=\"Ranstop Temasoft | Il Migliore Anti-Ransomware | Accurate Reviews\" \/>\n<meta property=\"og:description\" content=\"Ranstop \u00e8 la soluzione pi\u00f9 efficace per proteggere la vostra azienda dai ransomware: combina la tecnologia anti-ransomware con quella di recupero dei file.\" \/>\n<meta property=\"og:url\" content=\"https:\/\/www.accuratereviews.com\/it\/antivirus-la-lista-dei-migliori\/ranstop\/\" \/>\n<meta property=\"og:site_name\" content=\"Accurate Reviews\" \/>\n<meta property=\"article:modified_time\" content=\"2019-06-04T15:27:19+00:00\" \/>\n<meta property=\"og:image\" content=\"http:\/\/www.accuratereviews.com\/wp-content\/uploads\/2017\/04\/Cattura.PNG.png\" \/>\n<meta name=\"twitter:card\" content=\"summary_large_image\" \/>\n<meta name=\"twitter:label1\" content=\"Tempo di lettura stimato\" \/>\n\t<meta name=\"twitter:data1\" content=\"3 minuti\" \/>\n<script type=\"application\/ld+json\" class=\"yoast-schema-graph\">{\"@context\":\"https:\\\/\\\/schema.org\",\"@graph\":[{\"@type\":\"WebPage\",\"@id\":\"https:\\\/\\\/www.accuratereviews.com\\\/it\\\/antivirus-la-lista-dei-migliori\\\/ranstop\\\/\",\"url\":\"https:\\\/\\\/www.accuratereviews.com\\\/it\\\/antivirus-la-lista-dei-migliori\\\/ranstop\\\/\",\"name\":\"Ranstop Temasoft | Il Migliore Anti-Ransomware | Accurate Reviews\",\"isPartOf\":{\"@id\":\"https:\\\/\\\/www.accuratereviews.com\\\/it\\\/#website\"},\"primaryImageOfPage\":{\"@id\":\"https:\\\/\\\/www.accuratereviews.com\\\/it\\\/antivirus-la-lista-dei-migliori\\\/ranstop\\\/#primaryimage\"},\"image\":{\"@id\":\"https:\\\/\\\/www.accuratereviews.com\\\/it\\\/antivirus-la-lista-dei-migliori\\\/ranstop\\\/#primaryimage\"},\"thumbnailUrl\":\"http:\\\/\\\/www.accuratereviews.com\\\/wp-content\\\/uploads\\\/2017\\\/04\\\/Cattura.PNG.png\",\"datePublished\":\"2017-04-20T08:34:36+00:00\",\"dateModified\":\"2019-06-04T15:27:19+00:00\",\"description\":\"Ranstop \u00e8 la soluzione pi\u00f9 efficace per proteggere la vostra azienda dai ransomware: combina la tecnologia anti-ransomware con quella di recupero dei file.\",\"breadcrumb\":{\"@id\":\"https:\\\/\\\/www.accuratereviews.com\\\/it\\\/antivirus-la-lista-dei-migliori\\\/ranstop\\\/#breadcrumb\"},\"inLanguage\":\"it-IT\",\"potentialAction\":[{\"@type\":\"ReadAction\",\"target\":[\"https:\\\/\\\/www.accuratereviews.com\\\/it\\\/antivirus-la-lista-dei-migliori\\\/ranstop\\\/\"]}]},{\"@type\":\"ImageObject\",\"inLanguage\":\"it-IT\",\"@id\":\"https:\\\/\\\/www.accuratereviews.com\\\/it\\\/antivirus-la-lista-dei-migliori\\\/ranstop\\\/#primaryimage\",\"url\":\"http:\\\/\\\/www.accuratereviews.com\\\/wp-content\\\/uploads\\\/2017\\\/04\\\/Cattura.PNG.png\",\"contentUrl\":\"http:\\\/\\\/www.accuratereviews.com\\\/wp-content\\\/uploads\\\/2017\\\/04\\\/Cattura.PNG.png\"},{\"@type\":\"BreadcrumbList\",\"@id\":\"https:\\\/\\\/www.accuratereviews.com\\\/it\\\/antivirus-la-lista-dei-migliori\\\/ranstop\\\/#breadcrumb\",\"itemListElement\":[{\"@type\":\"ListItem\",\"position\":1,\"name\":\"Home\",\"item\":\"https:\\\/\\\/www.accuratereviews.com\\\/it\\\/\"},{\"@type\":\"ListItem\",\"position\":2,\"name\":\"Antivirus: i Migliori Antivirus per PC\",\"item\":\"https:\\\/\\\/www.accuratereviews.com\\\/it\\\/antivirus-la-lista-dei-migliori\\\/\"},{\"@type\":\"ListItem\",\"position\":3,\"name\":\"Ranstop\"}]},{\"@type\":\"WebSite\",\"@id\":\"https:\\\/\\\/www.accuratereviews.com\\\/it\\\/#website\",\"url\":\"https:\\\/\\\/www.accuratereviews.com\\\/it\\\/\",\"name\":\"Accurate Reviews\",\"description\":\"\",\"potentialAction\":[{\"@type\":\"SearchAction\",\"target\":{\"@type\":\"EntryPoint\",\"urlTemplate\":\"https:\\\/\\\/www.accuratereviews.com\\\/it\\\/?s={search_term_string}\"},\"query-input\":{\"@type\":\"PropertyValueSpecification\",\"valueRequired\":true,\"valueName\":\"search_term_string\"}}],\"inLanguage\":\"it-IT\"}]}<\/script>\n<!-- \/ Yoast SEO plugin. -->","yoast_head_json":{"title":"Ranstop Temasoft | Il Migliore Anti-Ransomware | Accurate Reviews","description":"Ranstop \u00e8 la soluzione pi\u00f9 efficace per proteggere la vostra azienda dai ransomware: combina la tecnologia anti-ransomware con quella di recupero dei file.","robots":{"index":"index","follow":"follow","max-snippet":"max-snippet:-1","max-image-preview":"max-image-preview:large","max-video-preview":"max-video-preview:-1"},"canonical":"https:\/\/www.accuratereviews.com\/it\/antivirus-la-lista-dei-migliori\/ranstop\/","og_locale":"it_IT","og_type":"article","og_title":"Ranstop Temasoft | Il Migliore Anti-Ransomware | Accurate Reviews","og_description":"Ranstop \u00e8 la soluzione pi\u00f9 efficace per proteggere la vostra azienda dai ransomware: combina la tecnologia anti-ransomware con quella di recupero dei file.","og_url":"https:\/\/www.accuratereviews.com\/it\/antivirus-la-lista-dei-migliori\/ranstop\/","og_site_name":"Accurate Reviews","article_modified_time":"2019-06-04T15:27:19+00:00","og_image":[{"url":"http:\/\/www.accuratereviews.com\/wp-content\/uploads\/2017\/04\/Cattura.PNG.png","type":"","width":"","height":""}],"twitter_card":"summary_large_image","twitter_misc":{"Tempo di lettura stimato":"3 minuti"},"schema":{"@context":"https:\/\/schema.org","@graph":[{"@type":"WebPage","@id":"https:\/\/www.accuratereviews.com\/it\/antivirus-la-lista-dei-migliori\/ranstop\/","url":"https:\/\/www.accuratereviews.com\/it\/antivirus-la-lista-dei-migliori\/ranstop\/","name":"Ranstop Temasoft | Il Migliore Anti-Ransomware | Accurate Reviews","isPartOf":{"@id":"https:\/\/www.accuratereviews.com\/it\/#website"},"primaryImageOfPage":{"@id":"https:\/\/www.accuratereviews.com\/it\/antivirus-la-lista-dei-migliori\/ranstop\/#primaryimage"},"image":{"@id":"https:\/\/www.accuratereviews.com\/it\/antivirus-la-lista-dei-migliori\/ranstop\/#primaryimage"},"thumbnailUrl":"http:\/\/www.accuratereviews.com\/wp-content\/uploads\/2017\/04\/Cattura.PNG.png","datePublished":"2017-04-20T08:34:36+00:00","dateModified":"2019-06-04T15:27:19+00:00","description":"Ranstop \u00e8 la soluzione pi\u00f9 efficace per proteggere la vostra azienda dai ransomware: combina la tecnologia anti-ransomware con quella di recupero dei file.","breadcrumb":{"@id":"https:\/\/www.accuratereviews.com\/it\/antivirus-la-lista-dei-migliori\/ranstop\/#breadcrumb"},"inLanguage":"it-IT","potentialAction":[{"@type":"ReadAction","target":["https:\/\/www.accuratereviews.com\/it\/antivirus-la-lista-dei-migliori\/ranstop\/"]}]},{"@type":"ImageObject","inLanguage":"it-IT","@id":"https:\/\/www.accuratereviews.com\/it\/antivirus-la-lista-dei-migliori\/ranstop\/#primaryimage","url":"http:\/\/www.accuratereviews.com\/wp-content\/uploads\/2017\/04\/Cattura.PNG.png","contentUrl":"http:\/\/www.accuratereviews.com\/wp-content\/uploads\/2017\/04\/Cattura.PNG.png"},{"@type":"BreadcrumbList","@id":"https:\/\/www.accuratereviews.com\/it\/antivirus-la-lista-dei-migliori\/ranstop\/#breadcrumb","itemListElement":[{"@type":"ListItem","position":1,"name":"Home","item":"https:\/\/www.accuratereviews.com\/it\/"},{"@type":"ListItem","position":2,"name":"Antivirus: i Migliori Antivirus per PC","item":"https:\/\/www.accuratereviews.com\/it\/antivirus-la-lista-dei-migliori\/"},{"@type":"ListItem","position":3,"name":"Ranstop"}]},{"@type":"WebSite","@id":"https:\/\/www.accuratereviews.com\/it\/#website","url":"https:\/\/www.accuratereviews.com\/it\/","name":"Accurate Reviews","description":"","potentialAction":[{"@type":"SearchAction","target":{"@type":"EntryPoint","urlTemplate":"https:\/\/www.accuratereviews.com\/it\/?s={search_term_string}"},"query-input":{"@type":"PropertyValueSpecification","valueRequired":true,"valueName":"search_term_string"}}],"inLanguage":"it-IT"}]}},"_links":{"self":[{"href":"https:\/\/www.accuratereviews.com\/it\/wp-json\/wp\/v2\/pages\/9034","targetHints":{"allow":["GET"]}}],"collection":[{"href":"https:\/\/www.accuratereviews.com\/it\/wp-json\/wp\/v2\/pages"}],"about":[{"href":"https:\/\/www.accuratereviews.com\/it\/wp-json\/wp\/v2\/types\/page"}],"author":[{"embeddable":true,"href":"https:\/\/www.accuratereviews.com\/it\/wp-json\/wp\/v2\/users\/16"}],"replies":[{"embeddable":true,"href":"https:\/\/www.accuratereviews.com\/it\/wp-json\/wp\/v2\/comments?post=9034"}],"version-history":[{"count":5,"href":"https:\/\/www.accuratereviews.com\/it\/wp-json\/wp\/v2\/pages\/9034\/revisions"}],"predecessor-version":[{"id":15477,"href":"https:\/\/www.accuratereviews.com\/it\/wp-json\/wp\/v2\/pages\/9034\/revisions\/15477"}],"up":[{"embeddable":true,"href":"https:\/\/www.accuratereviews.com\/it\/wp-json\/wp\/v2\/pages\/5635"}],"wp:attachment":[{"href":"https:\/\/www.accuratereviews.com\/it\/wp-json\/wp\/v2\/media?parent=9034"}],"wp:term":[{"taxonomy":"category","embeddable":true,"href":"https:\/\/www.accuratereviews.com\/it\/wp-json\/wp\/v2\/categories?post=9034"},{"taxonomy":"post_tag","embeddable":true,"href":"https:\/\/www.accuratereviews.com\/it\/wp-json\/wp\/v2\/tags?post=9034"},{"taxonomy":"features","embeddable":true,"href":"https:\/\/www.accuratereviews.com\/it\/wp-json\/wp\/v2\/features?post=9034"}],"curies":[{"name":"wp","href":"https:\/\/api.w.org\/{rel}","templated":true}]}}