{"id":90367,"date":"2025-05-06T15:03:18","date_gmt":"2025-05-06T15:03:18","guid":{"rendered":"https:\/\/www.accuratereviews.com\/?page_id=90367"},"modified":"2025-05-06T15:03:18","modified_gmt":"2025-05-06T15:03:18","slug":"etime-recensione","status":"publish","type":"page","link":"https:\/\/www.accuratereviews.com\/it\/programmi-gestione-turni-lavoro\/etime-recensione\/","title":{"rendered":"eTime"},"content":{"rendered":"<p><strong>eTime<\/strong> \u00e8 un<strong> software di rilevamento delle presenze<\/strong> per monitorare ferie, sedi e orari di lavoro dei dipendenti. Le funzionalit\u00e0 includono multilingua, controllo degli accessi, dati in tempo reale e accesso offline. Offre una funzione di timbratura, che permette ai dipendenti di registrarsi in entrata e in uscita presso le sedi di lavoro, consentendo ai supervisori di monitorare e verificare la presenza dei dipendenti in pi\u00f9 sedi.<br \/>\n<strong>eTime<\/strong> offre diversi controlli antifrode, come ricevere avvisi su alterazioni del GPS, disconnessione dei sensori, coordinate insolite e molto altro. I dipendenti possono anche inviare richieste di ferie, visualizzare lo stato di approvazione in tempo reale e ricevere notifiche per le ferie non godute. Consente ai manager di visualizzare lo stato attuale delle mansioni del personale e di monitorare i progetti a loro assegnati. Le aziende possono integrare<strong> eTime<\/strong> con le applicazioni di rilevamento delle presenze, HRMS e gestione paghe esistenti tramite API.<\/p>\n<h2>ETIME &#8211; TUTORIAL<\/h2>\n<div id=\"fluid-wrapper-counter-1\" class=\"g1-fluid-wrapper \" style=\"width:686px;\">\n<div style=\"padding-bottom:56.268221574344%;\"><iframe loading=\"lazy\" title=\"EcosAgile Recruiting - Reclutare Talenti con l&#039;Intelligenza Artificiale\" width=\"686\" height=\"386\" src=\"https:\/\/www.youtube.com\/embed\/Y0P4ZfRV_6w?feature=oembed&amp;wmode=transparent&amp;autohide=1&amp;autoplay=0&amp;disablekb=0&amp;fs=1&amp;loop=0&amp;enablejsapi=1&amp;rel=0&amp;controls=2&amp;showinfo=0&amp;wmode=transparent&amp;autohide=2&amp;autoplay=0&amp;disablekb=0&amp;fs=1&amp;loop=0&amp;enablejsapi=1&amp;rel=0&amp;controls=2&amp;showinfo=1\" frameborder=\"0\" allow=\"accelerometer; autoplay; clipboard-write; encrypted-media; gyroscope; picture-in-picture; web-share\" referrerpolicy=\"strict-origin-when-cross-origin\" allowfullscreen><\/iframe><\/div>\n<\/div>\n<h3>ETIME &#8211; CARATTERISTICHE<\/h3>\n<ul>\n<li><strong>Timbratura<\/strong>: timbra cartellino mobile per la rilevazione presenze e il controllo accessi con riduzione dei costi e una gestione pi\u00f9 evoluta.<\/li>\n<li><strong>Richiesta ferie<\/strong>: invia le richieste in qualsiasi momento e ne controlla l&#8217;approvazione; segnala la situazione ferie.<\/li>\n<li><strong>Risparmio di denaro<\/strong>: studiata per ottimizzare e ridurre al minimo i costi di gestione.<\/li>\n<li><strong>Aperta<\/strong>: fornisce i dati ai vostri attuali sistemi amministrativi e aiuta nelle procedure di back-end e per l&#8217;integrazione in tempo reale con API \/ Web Services.<\/li>\n<li><strong>Sincronizzazione in tempo reale<\/strong>: fornisce all&#8217;azienda i dati per le elaborazioni e al collaboratore lo stato delle richieste.<\/li>\n<li><strong>Applica numerosi controlli di autenticit\u00e0<\/strong>: identifica e segnala eventuali tentativi di abuso con algoritmi di controllo proprietari.<\/li>\n<li><strong>Rilevazione presenze:<\/strong> rileva le presenze fuori sede con un\u2019accurata precisione dei dati, per una gestione del lavoro del tutto rivoluzionaria per gli operatori che lavorano in mobilit\u00e0.<\/li>\n<li><strong>Attivit\u00e0<\/strong>: invia orario, dati di inizio e di fine, geolocalizzazione sede e attivit\u00e0 in tempo reale all&#8217;azienda, che sar\u00e0 in grado di elaborare e approvare i dati ricevuti.<\/li>\n<li><strong>Richiesta ferie<\/strong>: invia le richieste in qualsiasi momento e ne controlla l&#8217;approvazione; segnala alle persone la situazione ferie.<\/li>\n<\/ul>\n<h4>LE RECENSIONI DEGLI UTENTI<\/h4>\n<p><strong>Davide &#8220;Fruibilit\u00e0 condivisa&#8221;<\/strong><br \/>\n<strong>Commenti<\/strong>: Molto positiva<br \/>\n<strong>Pro<\/strong>: E&#8217; stato molto semplice configurare la gerarchia degli utenti e fare in modo che il sistema rispecchiasse esattamente l&#8217;organizzazione aziendale. molto utile anche il sistema di archiviazione documentale per risorsa ed il servizio di reminder<br \/>\n<strong>Contro<\/strong>: Non ho trovato particolari critiche da muovere al sistema<\/p>\n<p><strong>John &#8220;eTime \u00e8 uno strumento utile per il monitoraggio del tempo&#8221;<\/strong><br \/>\n<strong>Commenti<\/strong>: Nel complesso \u00e8 uno strumento facile da usare per inserire e approvare il tempo per le buste paga. Tuttavia il reporting deve essere migliorato.<br \/>\n<strong>Pro<\/strong>: Quasi tutti possono facilmente accedere e utilizzare per inserire il proprio tempo. Pu\u00f2 essere utilizzato anche per &#8220;punch in&#8221; e &#8220;punch out&#8221; e non solo per l&#8217;inserimento manuale. \u00c8 anche facile entrare e approvare l&#8217;orario e firmare i cartellini dei dipendenti.<br \/>\n<strong>Contro<\/strong>: Gli strumenti di reporting (compresi i report preconfezionati) sono arcaici e difficili da districare. Sicuramente hanno bisogno di miglioramenti su questi.<\/p>\n<p><strong>Savannah &#8220;Pro e contro&#8221;<\/strong><br \/>\n<strong>Commenti<\/strong>: Addetto alla pianificazione del personale infermieristico presso un ospedale riabilitativo.<br \/>\n<strong>Pro<\/strong>: \u00c8 possibile creare pi\u00f9 codici per diversificare turni e reparti<br \/>\n<strong>Contro<\/strong>: \u00c8 molto capriccioso e in certe cose bisogna ripetere lo stesso passaggio pi\u00f9 volte affinch\u00e9 funzioni correttamente.<\/p>\n","protected":false},"excerpt":{"rendered":"<p>eTime \u00e8 un software di rilevamento delle presenze per monitorare ferie, sedi e orari di lavoro dei dipendenti. Le funzionalit\u00e0 includono multilingua, controllo degli accessi, dati in tempo reale e accesso offline. Offre una funzione di timbratura, che permette ai dipendenti di registrarsi in entrata e in uscita presso le sedi di lavoro, consentendo ai supervisori di monitorare e verificare la presenza dei dipendenti in pi\u00f9 sedi.<\/p>\n","protected":false},"author":19,"featured_media":90370,"parent":87246,"menu_order":0,"comment_status":"open","ping_status":"closed","template":"g1_template_page_review_new.php","meta":{"_acf_changed":false,"cwp_meta_box_check":"Yes","cwp_rev_product_name":"","cwp_rev_product_image":"","wppr_links":[],"cwp_rev_price":"0.00","wppr_options":[{"name":"Usability","value":"0"},{"name":"Speed","value":"0"},{"name":"Features","value":"0"},{"name":"Support","value":"0"},{"name":"Pricing","value":"0"}],"wppr_pros":["","","","",""],"wppr_cons":["","","","",""],"_monsterinsights_skip_tracking":false,"_monsterinsights_sitenote_active":false,"_monsterinsights_sitenote_note":"","_monsterinsights_sitenote_category":0,"footnotes":""},"categories":[16111],"tags":[16161,16172,16146,16121,16120,16144,16123],"features":[],"class_list":{"0":"post-90367","1":"page","2":"type-page","3":"status-publish","4":"has-post-thumbnail","6":"category-programmi-per-turni-di-lavoro","7":"tag-app-turni-di-lavoro","8":"tag-etime","9":"tag-piattaforma-turni-di-lavoro","10":"tag-programma-turni-di-lavoro","11":"tag-software-turni-di-lavoro","12":"tag-soluzione-turni-di-lavoro","13":"tag-turni-di-lavoro"},"wppr_data":{"cwp_meta_box_check":"Yes","_wppr_review_template":"default","cwp_rev_product_image":"","cwp_image_link":"image","wppr_links":[],"cwp_rev_price":"0.00","wppr_pros":["","","","",""],"wppr_cons":["","","","",""],"wppr_rating":"0.00","wppr_options":{"1":{"name":"Usability","value":"0"},"2":{"name":"Speed","value":"0"},"3":{"name":"Features","value":"0"},"4":{"name":"Support","value":"0"},"5":{"name":"Pricing","value":"0"}},"wppr_review_type":"Product","wppr_review_custom_fields":{"additionalProperty":"","additionalType":"","aggregateRating":"","alternateName":"","audience":"","award":"","awards":"","brand":"","color":"","depth":"","description":"","disambiguatingDescription":"","gtin12":"","gtin13":"","gtin14":"","gtin8":"","height":"","identifier":"","image":"","isAccessoryOrSparePartFor":"","isConsumableFor":"","isRelatedTo":"","isSimilarTo":"","itemCondition":"","logo":"","mainEntityOfPage":"","manufacturer":"","material":"","model":"","mpn":"","name":"","offers":"","potentialAction":"","productID":"","productionDate":"","purchaseDate":"","releaseDate":"","review":"","reviews":"","sameAs":"","sku":"","slogan":"","subjectOf":"","url":"","weight":"","width":""}},"acf":[],"yoast_head":"<!-- This site is optimized with the Yoast SEO plugin v27.4 - https:\/\/yoast.com\/product\/yoast-seo-wordpress\/ -->\n<title>eTime: recensione software per turni di lavoro - Accurate Reviews<\/title>\n<meta name=\"description\" content=\"eTime: recensione software di rilevamento delle presenze per monitorare ferie, sedi e orari di lavoro dei dipendenti.\" \/>\n<meta name=\"robots\" content=\"index, follow, max-snippet:-1, max-image-preview:large, max-video-preview:-1\" \/>\n<link rel=\"canonical\" href=\"https:\/\/www.accuratereviews.com\/it\/programmi-gestione-turni-lavoro\/etime-recensione\/\" \/>\n<meta property=\"og:locale\" content=\"it_IT\" \/>\n<meta property=\"og:type\" content=\"article\" \/>\n<meta property=\"og:title\" content=\"eTime: recensione software per turni di lavoro - Accurate Reviews\" \/>\n<meta property=\"og:description\" content=\"eTime: recensione software di rilevamento delle presenze per monitorare ferie, sedi e orari di lavoro dei dipendenti.\" \/>\n<meta property=\"og:url\" content=\"https:\/\/www.accuratereviews.com\/it\/programmi-gestione-turni-lavoro\/etime-recensione\/\" \/>\n<meta property=\"og:site_name\" content=\"Accurate Reviews\" \/>\n<meta property=\"og:image\" content=\"https:\/\/www.accuratereviews.com\/wp-content\/uploads\/2025\/05\/etime.webp\" \/>\n\t<meta property=\"og:image:width\" content=\"240\" \/>\n\t<meta property=\"og:image:height\" content=\"240\" \/>\n\t<meta property=\"og:image:type\" content=\"image\/webp\" \/>\n<meta name=\"twitter:card\" content=\"summary_large_image\" \/>\n<meta name=\"twitter:label1\" content=\"Tempo di lettura stimato\" \/>\n\t<meta name=\"twitter:data1\" content=\"4 minuti\" \/>\n<script type=\"application\/ld+json\" class=\"yoast-schema-graph\">{\"@context\":\"https:\\\/\\\/schema.org\",\"@graph\":[{\"@type\":\"WebPage\",\"@id\":\"https:\\\/\\\/www.accuratereviews.com\\\/it\\\/programmi-gestione-turni-lavoro\\\/etime-recensione\\\/\",\"url\":\"https:\\\/\\\/www.accuratereviews.com\\\/it\\\/programmi-gestione-turni-lavoro\\\/etime-recensione\\\/\",\"name\":\"eTime: recensione software per turni di lavoro - Accurate Reviews\",\"isPartOf\":{\"@id\":\"https:\\\/\\\/www.accuratereviews.com\\\/it\\\/#website\"},\"primaryImageOfPage\":{\"@id\":\"https:\\\/\\\/www.accuratereviews.com\\\/it\\\/programmi-gestione-turni-lavoro\\\/etime-recensione\\\/#primaryimage\"},\"image\":{\"@id\":\"https:\\\/\\\/www.accuratereviews.com\\\/it\\\/programmi-gestione-turni-lavoro\\\/etime-recensione\\\/#primaryimage\"},\"thumbnailUrl\":\"https:\\\/\\\/www.accuratereviews.com\\\/wp-content\\\/uploads\\\/2025\\\/05\\\/etime.webp\",\"datePublished\":\"2025-05-06T15:03:18+00:00\",\"description\":\"eTime: recensione software di rilevamento delle presenze per monitorare ferie, sedi e orari di lavoro dei dipendenti.\",\"breadcrumb\":{\"@id\":\"https:\\\/\\\/www.accuratereviews.com\\\/it\\\/programmi-gestione-turni-lavoro\\\/etime-recensione\\\/#breadcrumb\"},\"inLanguage\":\"it-IT\",\"potentialAction\":[{\"@type\":\"ReadAction\",\"target\":[\"https:\\\/\\\/www.accuratereviews.com\\\/it\\\/programmi-gestione-turni-lavoro\\\/etime-recensione\\\/\"]}]},{\"@type\":\"ImageObject\",\"inLanguage\":\"it-IT\",\"@id\":\"https:\\\/\\\/www.accuratereviews.com\\\/it\\\/programmi-gestione-turni-lavoro\\\/etime-recensione\\\/#primaryimage\",\"url\":\"https:\\\/\\\/www.accuratereviews.com\\\/wp-content\\\/uploads\\\/2025\\\/05\\\/etime.webp\",\"contentUrl\":\"https:\\\/\\\/www.accuratereviews.com\\\/wp-content\\\/uploads\\\/2025\\\/05\\\/etime.webp\",\"width\":240,\"height\":240},{\"@type\":\"BreadcrumbList\",\"@id\":\"https:\\\/\\\/www.accuratereviews.com\\\/it\\\/programmi-gestione-turni-lavoro\\\/etime-recensione\\\/#breadcrumb\",\"itemListElement\":[{\"@type\":\"ListItem\",\"position\":1,\"name\":\"Home\",\"item\":\"https:\\\/\\\/www.accuratereviews.com\\\/it\\\/\"},{\"@type\":\"ListItem\",\"position\":2,\"name\":\"Programmi per turni di lavoro\",\"item\":\"https:\\\/\\\/www.accuratereviews.com\\\/it\\\/programmi-gestione-turni-lavoro\\\/\"},{\"@type\":\"ListItem\",\"position\":3,\"name\":\"eTime\"}]},{\"@type\":\"WebSite\",\"@id\":\"https:\\\/\\\/www.accuratereviews.com\\\/it\\\/#website\",\"url\":\"https:\\\/\\\/www.accuratereviews.com\\\/it\\\/\",\"name\":\"Accurate Reviews\",\"description\":\"\",\"potentialAction\":[{\"@type\":\"SearchAction\",\"target\":{\"@type\":\"EntryPoint\",\"urlTemplate\":\"https:\\\/\\\/www.accuratereviews.com\\\/it\\\/?s={search_term_string}\"},\"query-input\":{\"@type\":\"PropertyValueSpecification\",\"valueRequired\":true,\"valueName\":\"search_term_string\"}}],\"inLanguage\":\"it-IT\"}]}<\/script>\n<!-- \/ Yoast SEO plugin. -->","yoast_head_json":{"title":"eTime: recensione software per turni di lavoro - Accurate Reviews","description":"eTime: recensione software di rilevamento delle presenze per monitorare ferie, sedi e orari di lavoro dei dipendenti.","robots":{"index":"index","follow":"follow","max-snippet":"max-snippet:-1","max-image-preview":"max-image-preview:large","max-video-preview":"max-video-preview:-1"},"canonical":"https:\/\/www.accuratereviews.com\/it\/programmi-gestione-turni-lavoro\/etime-recensione\/","og_locale":"it_IT","og_type":"article","og_title":"eTime: recensione software per turni di lavoro - Accurate Reviews","og_description":"eTime: recensione software di rilevamento delle presenze per monitorare ferie, sedi e orari di lavoro dei dipendenti.","og_url":"https:\/\/www.accuratereviews.com\/it\/programmi-gestione-turni-lavoro\/etime-recensione\/","og_site_name":"Accurate Reviews","og_image":[{"width":240,"height":240,"url":"https:\/\/www.accuratereviews.com\/wp-content\/uploads\/2025\/05\/etime.webp","type":"image\/webp"}],"twitter_card":"summary_large_image","twitter_misc":{"Tempo di lettura stimato":"4 minuti"},"schema":{"@context":"https:\/\/schema.org","@graph":[{"@type":"WebPage","@id":"https:\/\/www.accuratereviews.com\/it\/programmi-gestione-turni-lavoro\/etime-recensione\/","url":"https:\/\/www.accuratereviews.com\/it\/programmi-gestione-turni-lavoro\/etime-recensione\/","name":"eTime: recensione software per turni di lavoro - Accurate Reviews","isPartOf":{"@id":"https:\/\/www.accuratereviews.com\/it\/#website"},"primaryImageOfPage":{"@id":"https:\/\/www.accuratereviews.com\/it\/programmi-gestione-turni-lavoro\/etime-recensione\/#primaryimage"},"image":{"@id":"https:\/\/www.accuratereviews.com\/it\/programmi-gestione-turni-lavoro\/etime-recensione\/#primaryimage"},"thumbnailUrl":"https:\/\/www.accuratereviews.com\/wp-content\/uploads\/2025\/05\/etime.webp","datePublished":"2025-05-06T15:03:18+00:00","description":"eTime: recensione software di rilevamento delle presenze per monitorare ferie, sedi e orari di lavoro dei dipendenti.","breadcrumb":{"@id":"https:\/\/www.accuratereviews.com\/it\/programmi-gestione-turni-lavoro\/etime-recensione\/#breadcrumb"},"inLanguage":"it-IT","potentialAction":[{"@type":"ReadAction","target":["https:\/\/www.accuratereviews.com\/it\/programmi-gestione-turni-lavoro\/etime-recensione\/"]}]},{"@type":"ImageObject","inLanguage":"it-IT","@id":"https:\/\/www.accuratereviews.com\/it\/programmi-gestione-turni-lavoro\/etime-recensione\/#primaryimage","url":"https:\/\/www.accuratereviews.com\/wp-content\/uploads\/2025\/05\/etime.webp","contentUrl":"https:\/\/www.accuratereviews.com\/wp-content\/uploads\/2025\/05\/etime.webp","width":240,"height":240},{"@type":"BreadcrumbList","@id":"https:\/\/www.accuratereviews.com\/it\/programmi-gestione-turni-lavoro\/etime-recensione\/#breadcrumb","itemListElement":[{"@type":"ListItem","position":1,"name":"Home","item":"https:\/\/www.accuratereviews.com\/it\/"},{"@type":"ListItem","position":2,"name":"Programmi per turni di lavoro","item":"https:\/\/www.accuratereviews.com\/it\/programmi-gestione-turni-lavoro\/"},{"@type":"ListItem","position":3,"name":"eTime"}]},{"@type":"WebSite","@id":"https:\/\/www.accuratereviews.com\/it\/#website","url":"https:\/\/www.accuratereviews.com\/it\/","name":"Accurate Reviews","description":"","potentialAction":[{"@type":"SearchAction","target":{"@type":"EntryPoint","urlTemplate":"https:\/\/www.accuratereviews.com\/it\/?s={search_term_string}"},"query-input":{"@type":"PropertyValueSpecification","valueRequired":true,"valueName":"search_term_string"}}],"inLanguage":"it-IT"}]}},"_links":{"self":[{"href":"https:\/\/www.accuratereviews.com\/it\/wp-json\/wp\/v2\/pages\/90367","targetHints":{"allow":["GET"]}}],"collection":[{"href":"https:\/\/www.accuratereviews.com\/it\/wp-json\/wp\/v2\/pages"}],"about":[{"href":"https:\/\/www.accuratereviews.com\/it\/wp-json\/wp\/v2\/types\/page"}],"author":[{"embeddable":true,"href":"https:\/\/www.accuratereviews.com\/it\/wp-json\/wp\/v2\/users\/19"}],"replies":[{"embeddable":true,"href":"https:\/\/www.accuratereviews.com\/it\/wp-json\/wp\/v2\/comments?post=90367"}],"version-history":[{"count":7,"href":"https:\/\/www.accuratereviews.com\/it\/wp-json\/wp\/v2\/pages\/90367\/revisions"}],"predecessor-version":[{"id":90448,"href":"https:\/\/www.accuratereviews.com\/it\/wp-json\/wp\/v2\/pages\/90367\/revisions\/90448"}],"up":[{"embeddable":true,"href":"https:\/\/www.accuratereviews.com\/it\/wp-json\/wp\/v2\/pages\/87246"}],"wp:featuredmedia":[{"embeddable":true,"href":"https:\/\/www.accuratereviews.com\/it\/wp-json\/wp\/v2\/media\/90370"}],"wp:attachment":[{"href":"https:\/\/www.accuratereviews.com\/it\/wp-json\/wp\/v2\/media?parent=90367"}],"wp:term":[{"taxonomy":"category","embeddable":true,"href":"https:\/\/www.accuratereviews.com\/it\/wp-json\/wp\/v2\/categories?post=90367"},{"taxonomy":"post_tag","embeddable":true,"href":"https:\/\/www.accuratereviews.com\/it\/wp-json\/wp\/v2\/tags?post=90367"},{"taxonomy":"features","embeddable":true,"href":"https:\/\/www.accuratereviews.com\/it\/wp-json\/wp\/v2\/features?post=90367"}],"curies":[{"name":"wp","href":"https:\/\/api.w.org\/{rel}","templated":true}]}}