{"id":90424,"date":"2025-05-08T16:31:50","date_gmt":"2025-05-08T16:31:50","guid":{"rendered":"https:\/\/www.accuratereviews.com\/?page_id=90424"},"modified":"2025-05-08T16:31:50","modified_gmt":"2025-05-08T16:31:50","slug":"wobbly-recensione","status":"publish","type":"page","link":"https:\/\/www.accuratereviews.com\/it\/programmi-gestione-turni-lavoro\/wobbly-recensione\/","title":{"rendered":"Wobbly"},"content":{"rendered":"<p><strong>Wobbly<\/strong> \u00e8 una soluzione completa e intuitiva per il <strong>monitoraggio del tempo<\/strong> che semplifica la gestione di attivit\u00e0 e progetti. Questo strumento <strong>gratuito<\/strong> offre un&#8217;interfaccia intuitiva e funzionalit\u00e0 facili da usare, garantendo un controllo impeccabile sulle ore di lavoro e sul processo di fatturazione. Progettato in modo efficiente, permette di impostare progetti, creare attivit\u00e0 e monitorare il tempo con un semplice clic. La funzione di reporting automatico genera rapporti dettagliati sul lavoro, che \u00e8 possibile inviare comodamente via e-mail o caricare in formato PDF, offrendo una panoramica trasparente della produttivit\u00e0.<br \/>\n<strong>Wobbly <\/strong>\u00e8 un sistema automatizzato che elimina la necessit\u00e0 di inserimento manuale del tempo, riducendo cos\u00ec gli errori. L&#8217;applicazione mobile e le estensioni per<strong> Google Chrome\/Mozilla Firefox<\/strong> aumentano la praticit\u00e0 dello strumento, rendendo il monitoraggio del tempo pi\u00f9 accessibile. Si integra con software popolari come Jira, GitLab e GitHub per fornire una soluzione olistica di gestione dei progetti, permettendo la sincronizzazione delle attivit\u00e0 su diverse piattaforme<\/p>\n<h2>WOBBLY &#8211; TUTORIAL<\/h2>\n<div id=\"fluid-wrapper-counter-1\" class=\"g1-fluid-wrapper \" style=\"width:686px;\">\n<div style=\"padding-bottom:56.268221574344%;\"><iframe loading=\"lazy\" title=\"Wobbly Time Tracker for the Teams, Free\" width=\"686\" height=\"386\" src=\"https:\/\/www.youtube.com\/embed\/hjhznM-E7wM?feature=oembed&amp;wmode=transparent&amp;autohide=1&amp;autoplay=0&amp;disablekb=0&amp;fs=1&amp;loop=0&amp;enablejsapi=1&amp;rel=0&amp;controls=2&amp;showinfo=0&amp;wmode=transparent&amp;autohide=2&amp;autoplay=0&amp;disablekb=0&amp;fs=1&amp;loop=0&amp;enablejsapi=1&amp;rel=0&amp;controls=2&amp;showinfo=1\" frameborder=\"0\" allow=\"accelerometer; autoplay; clipboard-write; encrypted-media; gyroscope; picture-in-picture; web-share\" referrerpolicy=\"strict-origin-when-cross-origin\" allowfullscreen><\/iframe><\/div>\n<\/div>\n<h3><span style=\"background-color: #e1bee7; font-size: 16px;\">WOBBLY &#8211; CARATTERISTICHE<\/span><\/h3>\n<ul>\n<li><strong>Monitoraggio e fatturazione<\/strong>: opportunit\u00e0 di fatturare ai clienti e monitoraggio dei dati<\/li>\n<li><strong>App di registrazione del tempo<\/strong>: strumento semplice per riepilogare il tempo impiegato con un clic<\/li>\n<li><strong>Generatore di fatture gratuito<\/strong>: invia fatture gratuitamente e senza registrazione<\/li>\n<li><strong>Organizza la pianificazione<\/strong>: monitora le pianificazioni dei dipendenti, stima i carichi di lavoro e pianifica le scadenze in modo efficace con la pianificazione del team. Ottimizza il flusso di lavoro e ottieni informazioni precise per risultati migliori.<\/li>\n<li><strong>Report in tempo reale<\/strong>: gestisci le pianificazioni dei dipendenti in tempo reale con il software di pianificazione del lavoro. Ottieni informazioni sullo stato e sul carico di lavoro dei progetti: report in tempo reale per una gestione efficiente di attivit\u00e0 e progetti.<\/li>\n<li><strong>Gestisci le attivit\u00e0<\/strong>: garantisci informazioni aggiornate su attivit\u00e0 e progetti con uno strumento online gratuito per la pianificazione dei dipendenti. Centralizza dati, file, aggiornamenti e feedback per una collaborazione e una presa di appunti fluide.<\/li>\n<li><strong>Pianifica le risorse<\/strong>: pianifica in modo efficiente i carichi di lavoro specialistici, identifica la disponibilit\u00e0 per nuovi progetti e distribuisci uniformemente le attivit\u00e0. Monitora il carico di lavoro complessivo per un&#8217;allocazione efficace delle risorse.<\/li>\n<li><strong>Monitora le assenze dei dipendenti<\/strong>: controlla senza sforzo ferie, malattia e permessi in un unico software di pianificazione basato sul web. Visualizza istantaneamente le assenze sulla dashboard, semplificando la pianificazione del carico di lavoro per dipendenti pi\u00f9 soddisfatti e progetti di successo.<\/li>\n<li><strong>Controlla le informazioni sulla dashboard<\/strong>: monitora all&#8217;istante il tempo del team. La dashboard riassume le ore fatturabili e le attivit\u00e0. Non sono necessari download. Utilizza filtri per avanzamento progetti, persone e burnout.<\/li>\n<li><strong>Filtra i report per ottenere informazioni dettagliate<\/strong>: filtra i report per clienti, utenti, specialisti, progetti e altro ancora. Prepara e rivedi i report in base ai membri del team con il sistema di reporting del tempo.<\/li>\n<li><strong>Controlla i report in tempo reale<\/strong>: monitora il carico di lavoro degli specialisti senza sforzo. Niente pi\u00f9 richieste manuali. Monitora in modo efficiente la produttivit\u00e0 e supervisiona i progetti in corso in tempo reale.<\/li>\n<li><strong>Scarica i report in formato CSV<\/strong>: personalizza l&#8217;aspetto dei report: classico, decimale o migliorato. Accedi ai report di riepilogo e decimali. Scegli il formato desiderato per ottenere il massimo delle informazioni e del valore.<\/li>\n<\/ul>\n<h4>LE RECENSIONI DEGLI UTENTI<\/h4>\n<p><strong>Alexandra &#8220;\u00c8 uno strumento indispensabile per i project manager che vogliono semplificare il flusso di lavoro e rispettare le scadenze.&#8221;<\/strong><br \/>\n<strong>Commenti<\/strong>: La pianificazione delle risorse e i report in tempo reale ci hanno aiutato a pianificare e monitorare il flusso di lavoro, analizzare i budget e garantire la trasparenza con i nostri clienti. Grazie ai tag per gli utenti nella pianificazione delle risorse, posso trovare un sostituto per uno sviluppatore addetto alle assenze per malattia in pochi minuti.<br \/>\n<strong>Pro<\/strong>: pianificazione delle risorse e report in tempo reale<br \/>\n<strong>Contro<\/strong>: Ho un&#8217;opinione positiva di Wobbly e non ho commenti negativi su questo software.<\/p>\n<p><strong>Yevhenii &#8220;Mi consente di tenere traccia delle mie ore di lavoro&#8221;<\/strong><br \/>\n<strong>Commenti<\/strong>: Il rilevatore di tempo di Wobbly mi consente di tenere traccia delle mie ore di lavoro, pianificare le attivit\u00e0 in anticipo e tenere sotto controllo i miei compiti.<br \/>\n<strong>Pro<\/strong>: L&#8217;interfaccia intuitiva e semplice di Wobbly.<br \/>\n<strong>Contro<\/strong>: Non c&#8217;\u00e8 praticamente nulla da criticare in questo prodotto. Mantiene costantemente le sue promesse, senza fallire.<\/p>\n<p><strong>Vitalii&#8221;L&#8217;integrazione di Jira, GitHub e GitLab mi consente di sincronizzare facilmente i dati tra le piattaforme.&#8221;<\/strong><br \/>\n<strong>Commenti<\/strong>: Mi piace quel software. Posso completare le attivit\u00e0 e rispettare le scadenze perch\u00e9 ho il controllo del mio tempo. Inoltre, posso avviare il tracker su GitHub o GitLab e tutto il tempo tracciato verr\u00e0 visualizzato nel tracker.<br \/>\n<strong>Pro<\/strong>: Uno degli aspetti che apprezzo di Wobbly \u00e8 la sua interfaccia semplice e intuitiva, che semplifica l&#8217;organizzazione e la concentrazione sul lavoro di alta qualit\u00e0.<br \/>\n<strong>Contro<\/strong>: \u00c8 un buon misuratore di tempo, non ho trovato particolari svantaggi.<\/p>\n","protected":false},"excerpt":{"rendered":"<p>Wobbly \u00e8 una soluzione completa e intuitiva per il monitoraggio del tempo che semplifica la gestione di attivit\u00e0 e progetti. Questo strumento gratuito offre un&#8217;interfaccia intuitiva e funzionalit\u00e0 facili da usare, garantendo un controllo impeccabile sulle ore di lavoro e sul processo di fatturazione.<\/p>\n","protected":false},"author":19,"featured_media":90454,"parent":87246,"menu_order":0,"comment_status":"open","ping_status":"closed","template":"g1_template_page_review_new.php","meta":{"_acf_changed":false,"cwp_meta_box_check":"Yes","cwp_rev_product_name":"","cwp_rev_product_image":"","wppr_links":[],"cwp_rev_price":"0.00","wppr_options":[{"name":"Usability","value":"0"},{"name":"Speed","value":"0"},{"name":"Features","value":"0"},{"name":"Support","value":"0"},{"name":"Pricing","value":"0"}],"wppr_pros":["","","","",""],"wppr_cons":["","","","",""],"_monsterinsights_skip_tracking":false,"_monsterinsights_sitenote_active":false,"_monsterinsights_sitenote_note":"","_monsterinsights_sitenote_category":0,"footnotes":""},"categories":[16111],"tags":[16146,16121,16120,16144,16123,16192],"features":[],"class_list":{"0":"post-90424","1":"page","2":"type-page","3":"status-publish","4":"has-post-thumbnail","6":"category-programmi-per-turni-di-lavoro","7":"tag-piattaforma-turni-di-lavoro","8":"tag-programma-turni-di-lavoro","9":"tag-software-turni-di-lavoro","10":"tag-soluzione-turni-di-lavoro","11":"tag-turni-di-lavoro","12":"tag-wobbly"},"wppr_data":{"cwp_meta_box_check":"Yes","_wppr_review_template":"default","cwp_rev_product_image":"","cwp_image_link":"image","wppr_links":[],"cwp_rev_price":"0.00","wppr_pros":["","","","",""],"wppr_cons":["","","","",""],"wppr_rating":"0.00","wppr_options":{"1":{"name":"Usability","value":"0"},"2":{"name":"Speed","value":"0"},"3":{"name":"Features","value":"0"},"4":{"name":"Support","value":"0"},"5":{"name":"Pricing","value":"0"}},"wppr_review_type":"Product","wppr_review_custom_fields":{"additionalProperty":"","additionalType":"","aggregateRating":"","alternateName":"","audience":"","award":"","awards":"","brand":"","color":"","depth":"","description":"","disambiguatingDescription":"","gtin12":"","gtin13":"","gtin14":"","gtin8":"","height":"","identifier":"","image":"","isAccessoryOrSparePartFor":"","isConsumableFor":"","isRelatedTo":"","isSimilarTo":"","itemCondition":"","logo":"","mainEntityOfPage":"","manufacturer":"","material":"","model":"","mpn":"","name":"","offers":"","potentialAction":"","productID":"","productionDate":"","purchaseDate":"","releaseDate":"","review":"","reviews":"","sameAs":"","sku":"","slogan":"","subjectOf":"","url":"","weight":"","width":""}},"acf":[],"yoast_head":"<!-- This site is optimized with the Yoast SEO plugin v27.4 - https:\/\/yoast.com\/product\/yoast-seo-wordpress\/ -->\n<title>Wobbly: recensione software turni di lavoro - Accurate Reviews<\/title>\n<meta name=\"description\" content=\"Wobbly: recensione soluzione completa e intuitiva per il monitoraggio del tempo che semplifica la gestione di attivit\u00e0 e progetti.\" \/>\n<meta name=\"robots\" content=\"index, follow, max-snippet:-1, max-image-preview:large, max-video-preview:-1\" \/>\n<link rel=\"canonical\" href=\"https:\/\/www.accuratereviews.com\/it\/programmi-gestione-turni-lavoro\/wobbly-recensione\/\" \/>\n<meta property=\"og:locale\" content=\"it_IT\" \/>\n<meta property=\"og:type\" content=\"article\" \/>\n<meta property=\"og:title\" content=\"Wobbly: recensione software turni di lavoro - Accurate Reviews\" \/>\n<meta property=\"og:description\" content=\"Wobbly: recensione soluzione completa e intuitiva per il monitoraggio del tempo che semplifica la gestione di attivit\u00e0 e progetti.\" \/>\n<meta property=\"og:url\" content=\"https:\/\/www.accuratereviews.com\/it\/programmi-gestione-turni-lavoro\/wobbly-recensione\/\" \/>\n<meta property=\"og:site_name\" content=\"Accurate Reviews\" \/>\n<meta property=\"og:image\" content=\"https:\/\/www.accuratereviews.com\/wp-content\/uploads\/2025\/05\/wobbly-1.webp\" \/>\n\t<meta property=\"og:image:width\" content=\"256\" \/>\n\t<meta property=\"og:image:height\" content=\"256\" \/>\n\t<meta property=\"og:image:type\" content=\"image\/webp\" \/>\n<meta name=\"twitter:card\" content=\"summary_large_image\" \/>\n<meta name=\"twitter:label1\" content=\"Tempo di lettura stimato\" \/>\n\t<meta name=\"twitter:data1\" content=\"5 minuti\" \/>\n<script type=\"application\/ld+json\" class=\"yoast-schema-graph\">{\"@context\":\"https:\\\/\\\/schema.org\",\"@graph\":[{\"@type\":\"WebPage\",\"@id\":\"https:\\\/\\\/www.accuratereviews.com\\\/it\\\/programmi-gestione-turni-lavoro\\\/wobbly-recensione\\\/\",\"url\":\"https:\\\/\\\/www.accuratereviews.com\\\/it\\\/programmi-gestione-turni-lavoro\\\/wobbly-recensione\\\/\",\"name\":\"Wobbly: recensione software turni di lavoro - Accurate Reviews\",\"isPartOf\":{\"@id\":\"https:\\\/\\\/www.accuratereviews.com\\\/it\\\/#website\"},\"primaryImageOfPage\":{\"@id\":\"https:\\\/\\\/www.accuratereviews.com\\\/it\\\/programmi-gestione-turni-lavoro\\\/wobbly-recensione\\\/#primaryimage\"},\"image\":{\"@id\":\"https:\\\/\\\/www.accuratereviews.com\\\/it\\\/programmi-gestione-turni-lavoro\\\/wobbly-recensione\\\/#primaryimage\"},\"thumbnailUrl\":\"https:\\\/\\\/www.accuratereviews.com\\\/wp-content\\\/uploads\\\/2025\\\/05\\\/wobbly-1.webp\",\"datePublished\":\"2025-05-08T16:31:50+00:00\",\"description\":\"Wobbly: recensione soluzione completa e intuitiva per il monitoraggio del tempo che semplifica la gestione di attivit\u00e0 e progetti.\",\"breadcrumb\":{\"@id\":\"https:\\\/\\\/www.accuratereviews.com\\\/it\\\/programmi-gestione-turni-lavoro\\\/wobbly-recensione\\\/#breadcrumb\"},\"inLanguage\":\"it-IT\",\"potentialAction\":[{\"@type\":\"ReadAction\",\"target\":[\"https:\\\/\\\/www.accuratereviews.com\\\/it\\\/programmi-gestione-turni-lavoro\\\/wobbly-recensione\\\/\"]}]},{\"@type\":\"ImageObject\",\"inLanguage\":\"it-IT\",\"@id\":\"https:\\\/\\\/www.accuratereviews.com\\\/it\\\/programmi-gestione-turni-lavoro\\\/wobbly-recensione\\\/#primaryimage\",\"url\":\"https:\\\/\\\/www.accuratereviews.com\\\/wp-content\\\/uploads\\\/2025\\\/05\\\/wobbly-1.webp\",\"contentUrl\":\"https:\\\/\\\/www.accuratereviews.com\\\/wp-content\\\/uploads\\\/2025\\\/05\\\/wobbly-1.webp\",\"width\":256,\"height\":256},{\"@type\":\"BreadcrumbList\",\"@id\":\"https:\\\/\\\/www.accuratereviews.com\\\/it\\\/programmi-gestione-turni-lavoro\\\/wobbly-recensione\\\/#breadcrumb\",\"itemListElement\":[{\"@type\":\"ListItem\",\"position\":1,\"name\":\"Home\",\"item\":\"https:\\\/\\\/www.accuratereviews.com\\\/it\\\/\"},{\"@type\":\"ListItem\",\"position\":2,\"name\":\"Programmi per turni di lavoro\",\"item\":\"https:\\\/\\\/www.accuratereviews.com\\\/it\\\/programmi-gestione-turni-lavoro\\\/\"},{\"@type\":\"ListItem\",\"position\":3,\"name\":\"Wobbly\"}]},{\"@type\":\"WebSite\",\"@id\":\"https:\\\/\\\/www.accuratereviews.com\\\/it\\\/#website\",\"url\":\"https:\\\/\\\/www.accuratereviews.com\\\/it\\\/\",\"name\":\"Accurate Reviews\",\"description\":\"\",\"potentialAction\":[{\"@type\":\"SearchAction\",\"target\":{\"@type\":\"EntryPoint\",\"urlTemplate\":\"https:\\\/\\\/www.accuratereviews.com\\\/it\\\/?s={search_term_string}\"},\"query-input\":{\"@type\":\"PropertyValueSpecification\",\"valueRequired\":true,\"valueName\":\"search_term_string\"}}],\"inLanguage\":\"it-IT\"}]}<\/script>\n<!-- \/ Yoast SEO plugin. -->","yoast_head_json":{"title":"Wobbly: recensione software turni di lavoro - Accurate Reviews","description":"Wobbly: recensione soluzione completa e intuitiva per il monitoraggio del tempo che semplifica la gestione di attivit\u00e0 e progetti.","robots":{"index":"index","follow":"follow","max-snippet":"max-snippet:-1","max-image-preview":"max-image-preview:large","max-video-preview":"max-video-preview:-1"},"canonical":"https:\/\/www.accuratereviews.com\/it\/programmi-gestione-turni-lavoro\/wobbly-recensione\/","og_locale":"it_IT","og_type":"article","og_title":"Wobbly: recensione software turni di lavoro - Accurate Reviews","og_description":"Wobbly: recensione soluzione completa e intuitiva per il monitoraggio del tempo che semplifica la gestione di attivit\u00e0 e progetti.","og_url":"https:\/\/www.accuratereviews.com\/it\/programmi-gestione-turni-lavoro\/wobbly-recensione\/","og_site_name":"Accurate Reviews","og_image":[{"width":256,"height":256,"url":"https:\/\/www.accuratereviews.com\/wp-content\/uploads\/2025\/05\/wobbly-1.webp","type":"image\/webp"}],"twitter_card":"summary_large_image","twitter_misc":{"Tempo di lettura stimato":"5 minuti"},"schema":{"@context":"https:\/\/schema.org","@graph":[{"@type":"WebPage","@id":"https:\/\/www.accuratereviews.com\/it\/programmi-gestione-turni-lavoro\/wobbly-recensione\/","url":"https:\/\/www.accuratereviews.com\/it\/programmi-gestione-turni-lavoro\/wobbly-recensione\/","name":"Wobbly: recensione software turni di lavoro - Accurate Reviews","isPartOf":{"@id":"https:\/\/www.accuratereviews.com\/it\/#website"},"primaryImageOfPage":{"@id":"https:\/\/www.accuratereviews.com\/it\/programmi-gestione-turni-lavoro\/wobbly-recensione\/#primaryimage"},"image":{"@id":"https:\/\/www.accuratereviews.com\/it\/programmi-gestione-turni-lavoro\/wobbly-recensione\/#primaryimage"},"thumbnailUrl":"https:\/\/www.accuratereviews.com\/wp-content\/uploads\/2025\/05\/wobbly-1.webp","datePublished":"2025-05-08T16:31:50+00:00","description":"Wobbly: recensione soluzione completa e intuitiva per il monitoraggio del tempo che semplifica la gestione di attivit\u00e0 e progetti.","breadcrumb":{"@id":"https:\/\/www.accuratereviews.com\/it\/programmi-gestione-turni-lavoro\/wobbly-recensione\/#breadcrumb"},"inLanguage":"it-IT","potentialAction":[{"@type":"ReadAction","target":["https:\/\/www.accuratereviews.com\/it\/programmi-gestione-turni-lavoro\/wobbly-recensione\/"]}]},{"@type":"ImageObject","inLanguage":"it-IT","@id":"https:\/\/www.accuratereviews.com\/it\/programmi-gestione-turni-lavoro\/wobbly-recensione\/#primaryimage","url":"https:\/\/www.accuratereviews.com\/wp-content\/uploads\/2025\/05\/wobbly-1.webp","contentUrl":"https:\/\/www.accuratereviews.com\/wp-content\/uploads\/2025\/05\/wobbly-1.webp","width":256,"height":256},{"@type":"BreadcrumbList","@id":"https:\/\/www.accuratereviews.com\/it\/programmi-gestione-turni-lavoro\/wobbly-recensione\/#breadcrumb","itemListElement":[{"@type":"ListItem","position":1,"name":"Home","item":"https:\/\/www.accuratereviews.com\/it\/"},{"@type":"ListItem","position":2,"name":"Programmi per turni di lavoro","item":"https:\/\/www.accuratereviews.com\/it\/programmi-gestione-turni-lavoro\/"},{"@type":"ListItem","position":3,"name":"Wobbly"}]},{"@type":"WebSite","@id":"https:\/\/www.accuratereviews.com\/it\/#website","url":"https:\/\/www.accuratereviews.com\/it\/","name":"Accurate Reviews","description":"","potentialAction":[{"@type":"SearchAction","target":{"@type":"EntryPoint","urlTemplate":"https:\/\/www.accuratereviews.com\/it\/?s={search_term_string}"},"query-input":{"@type":"PropertyValueSpecification","valueRequired":true,"valueName":"search_term_string"}}],"inLanguage":"it-IT"}]}},"_links":{"self":[{"href":"https:\/\/www.accuratereviews.com\/it\/wp-json\/wp\/v2\/pages\/90424","targetHints":{"allow":["GET"]}}],"collection":[{"href":"https:\/\/www.accuratereviews.com\/it\/wp-json\/wp\/v2\/pages"}],"about":[{"href":"https:\/\/www.accuratereviews.com\/it\/wp-json\/wp\/v2\/types\/page"}],"author":[{"embeddable":true,"href":"https:\/\/www.accuratereviews.com\/it\/wp-json\/wp\/v2\/users\/19"}],"replies":[{"embeddable":true,"href":"https:\/\/www.accuratereviews.com\/it\/wp-json\/wp\/v2\/comments?post=90424"}],"version-history":[{"count":9,"href":"https:\/\/www.accuratereviews.com\/it\/wp-json\/wp\/v2\/pages\/90424\/revisions"}],"predecessor-version":[{"id":90514,"href":"https:\/\/www.accuratereviews.com\/it\/wp-json\/wp\/v2\/pages\/90424\/revisions\/90514"}],"up":[{"embeddable":true,"href":"https:\/\/www.accuratereviews.com\/it\/wp-json\/wp\/v2\/pages\/87246"}],"wp:featuredmedia":[{"embeddable":true,"href":"https:\/\/www.accuratereviews.com\/it\/wp-json\/wp\/v2\/media\/90454"}],"wp:attachment":[{"href":"https:\/\/www.accuratereviews.com\/it\/wp-json\/wp\/v2\/media?parent=90424"}],"wp:term":[{"taxonomy":"category","embeddable":true,"href":"https:\/\/www.accuratereviews.com\/it\/wp-json\/wp\/v2\/categories?post=90424"},{"taxonomy":"post_tag","embeddable":true,"href":"https:\/\/www.accuratereviews.com\/it\/wp-json\/wp\/v2\/tags?post=90424"},{"taxonomy":"features","embeddable":true,"href":"https:\/\/www.accuratereviews.com\/it\/wp-json\/wp\/v2\/features?post=90424"}],"curies":[{"name":"wp","href":"https:\/\/api.w.org\/{rel}","templated":true}]}}