{"id":90461,"date":"2025-05-07T15:21:53","date_gmt":"2025-05-07T15:21:53","guid":{"rendered":"https:\/\/www.accuratereviews.com\/?page_id=90461"},"modified":"2025-05-19T13:42:56","modified_gmt":"2025-05-19T13:42:56","slug":"horizon-worlds-recensione","status":"publish","type":"page","link":"https:\/\/www.accuratereviews.com\/it\/piattaforme-metaverso-lista\/horizon-worlds-recensione\/","title":{"rendered":"Horizon Worlds"},"content":{"rendered":"<p><strong data-start=\"138\" data-end=\"156\">Horizon Worlds<\/strong> \u00e8 una <strong>piattaforma di realt\u00e0 virtuale<\/strong> sviluppata da Meta che consente agli utenti di creare e vivere esperienze immersive nel metaverso. \u00c8 progettata per incoraggiare la socializzazione, la collaborazione e la creazione di contenuti attraverso mondi virtuali accessibili tramite i visori Meta Quest. Con strumenti intuitivi per costruire ambienti interattivi e un\u2019interfaccia orientata al community building, <strong>Horizon Worlds<\/strong> punta a rendere il<strong> metaverso<\/strong> una realt\u00e0 condivisa.<br \/>\nGli utenti possono esplorare migliaia di mondi creati dalla community, partecipare a eventi, giochi e incontri sociali in tempo reale. La piattaforma si rivolge sia ai creatori di contenuti che agli utenti in cerca di esperienze immersive e sociali innovative. Sebbene ancora in fase evolutiva, <strong>Horizon Worlds<\/strong> rappresenta un passo importante verso l&#8217;espansione del web 3D.<\/p>\n<h2>HORIZON WORLDS &#8211; TUTORIAL<\/h2>\n<div id=\"fluid-wrapper-counter-1\" class=\"g1-fluid-wrapper \" style=\"width:686px;\">\n<div style=\"padding-bottom:56.268221574344%;\"><iframe loading=\"lazy\" title=\"Horizon Worlds : Creazione Metaverso Facile Land  -  Episodio 1\" width=\"686\" height=\"386\" src=\"https:\/\/www.youtube.com\/embed\/SXqQPmwy2LA?feature=oembed&amp;wmode=transparent&amp;autohide=1&amp;autoplay=0&amp;disablekb=0&amp;fs=1&amp;loop=0&amp;enablejsapi=1&amp;rel=0&amp;controls=2&amp;showinfo=0&amp;wmode=transparent&amp;autohide=2&amp;autoplay=0&amp;disablekb=0&amp;fs=1&amp;loop=0&amp;enablejsapi=1&amp;rel=0&amp;controls=2&amp;showinfo=1\" frameborder=\"0\" allow=\"accelerometer; autoplay; clipboard-write; encrypted-media; gyroscope; picture-in-picture; web-share\" referrerpolicy=\"strict-origin-when-cross-origin\" allowfullscreen><\/iframe><\/div>\n<\/div>\n<h3>HORIZON WORLDS &#8211; CARATTERISTICHE<\/h3>\n<ul>\n<li data-start=\"1039\" data-end=\"1135\"><strong data-start=\"1039\" data-end=\"1065\">Creazione di mondi 3D:<\/strong> strumenti intuitivi per progettare ambienti virtuali personalizzati<\/li>\n<li data-start=\"1138\" data-end=\"1232\"><strong data-start=\"1138\" data-end=\"1171\">Esperienze sociali immersive:<\/strong> chat vocale, avatar personalizzati e interazione real-time<\/li>\n<li data-start=\"1235\" data-end=\"1332\"><strong data-start=\"1235\" data-end=\"1255\">Eventi e giochi:<\/strong> possibilit\u00e0 di partecipare a esperienze create dalla community o ufficiali<\/li>\n<li data-start=\"1335\" data-end=\"1427\"><strong data-start=\"1335\" data-end=\"1363\">Collaborazione virtuale:<\/strong> ambienti condivisi per lavorare o progettare con altri utenti<\/li>\n<li data-start=\"1430\" data-end=\"1517\"><strong data-start=\"1430\" data-end=\"1458\">Piattaforma in crescita:<\/strong> aggiornamenti costanti e supporto per nuove funzionalit\u00e0<\/li>\n<li data-start=\"1520\" data-end=\"1584\"><strong data-start=\"1520\" data-end=\"1543\">Accesso tramite VR:<\/strong> compatibile con dispositivi Meta Quest<\/li>\n<\/ul>\n","protected":false},"excerpt":{"rendered":"<p>Horizon Worlds \u00e8 una piattaforma di realt\u00e0 virtuale sviluppata da Meta che consente agli utenti di creare e vivere esperienze immersive nel metaverso. \u00c8 progettata per incoraggiare la socializzazione, la collaborazione e la creazione di contenuti attraverso mondi virtuali accessibili tramite i visori Meta Quest.<\/p>\n","protected":false},"author":17,"featured_media":90467,"parent":90478,"menu_order":0,"comment_status":"open","ping_status":"closed","template":"g1_template_page_review_new.php","meta":{"_acf_changed":false,"cwp_meta_box_check":"No","cwp_rev_product_name":"","cwp_rev_product_image":"","wppr_links":[],"cwp_rev_price":"","wppr_options":[],"wppr_pros":[],"wppr_cons":[],"_monsterinsights_skip_tracking":false,"_monsterinsights_sitenote_active":false,"_monsterinsights_sitenote_note":"","_monsterinsights_sitenote_category":0,"footnotes":""},"categories":[16193,12929],"tags":[16187,16194,16186,16201,16202],"features":[],"class_list":{"0":"post-90461","1":"page","2":"type-page","3":"status-publish","4":"has-post-thumbnail","6":"category-metaverso","7":"category-software-realta-virtuale-cat","8":"tag-horizon-worlds","9":"tag-meta","10":"tag-metaverso","11":"tag-piattaforma-metaverso","12":"tag-soluzione-metaverso"},"wppr_data":{"cwp_meta_box_check":"No"},"acf":[],"yoast_head":"<!-- This site is optimized with the Yoast SEO plugin v27.4 - https:\/\/yoast.com\/product\/yoast-seo-wordpress\/ -->\n<title>Horizon Worlds: recensione piattaforma realt\u00e0 virtuale metaverso - Accurate Reviews<\/title>\n<meta name=\"description\" content=\"Horizon Worlds: recensione piattaforma di realt\u00e0 virtuale che consente agli utenti di creare e vivere esperienze immersive nel metaverso.\" \/>\n<meta name=\"robots\" content=\"index, follow, max-snippet:-1, max-image-preview:large, max-video-preview:-1\" \/>\n<link rel=\"canonical\" href=\"https:\/\/www.accuratereviews.com\/it\/piattaforme-metaverso-lista\/horizon-worlds-recensione\/\" \/>\n<meta property=\"og:locale\" content=\"it_IT\" \/>\n<meta property=\"og:type\" content=\"article\" \/>\n<meta property=\"og:title\" content=\"Horizon Worlds: recensione piattaforma realt\u00e0 virtuale metaverso - Accurate Reviews\" \/>\n<meta property=\"og:description\" content=\"Horizon Worlds: recensione piattaforma di realt\u00e0 virtuale che consente agli utenti di creare e vivere esperienze immersive nel metaverso.\" \/>\n<meta property=\"og:url\" content=\"https:\/\/www.accuratereviews.com\/it\/piattaforme-metaverso-lista\/horizon-worlds-recensione\/\" \/>\n<meta property=\"og:site_name\" content=\"Accurate Reviews\" \/>\n<meta property=\"article:modified_time\" content=\"2025-05-19T13:42:56+00:00\" \/>\n<meta property=\"og:image\" content=\"https:\/\/www.accuratereviews.com\/wp-content\/uploads\/2025\/05\/Horizon_Worlds_logo.jpg\" \/>\n\t<meta property=\"og:image:width\" content=\"387\" \/>\n\t<meta property=\"og:image:height\" content=\"258\" \/>\n\t<meta property=\"og:image:type\" content=\"image\/jpeg\" \/>\n<meta name=\"twitter:card\" content=\"summary_large_image\" \/>\n<meta name=\"twitter:label1\" content=\"Tempo di lettura stimato\" \/>\n\t<meta name=\"twitter:data1\" content=\"2 minuti\" \/>\n<script type=\"application\/ld+json\" class=\"yoast-schema-graph\">{\"@context\":\"https:\\\/\\\/schema.org\",\"@graph\":[{\"@type\":\"WebPage\",\"@id\":\"https:\\\/\\\/www.accuratereviews.com\\\/it\\\/piattaforme-metaverso-lista\\\/horizon-worlds-recensione\\\/\",\"url\":\"https:\\\/\\\/www.accuratereviews.com\\\/it\\\/piattaforme-metaverso-lista\\\/horizon-worlds-recensione\\\/\",\"name\":\"Horizon Worlds: recensione piattaforma realt\u00e0 virtuale metaverso - Accurate Reviews\",\"isPartOf\":{\"@id\":\"https:\\\/\\\/www.accuratereviews.com\\\/it\\\/#website\"},\"primaryImageOfPage\":{\"@id\":\"https:\\\/\\\/www.accuratereviews.com\\\/it\\\/piattaforme-metaverso-lista\\\/horizon-worlds-recensione\\\/#primaryimage\"},\"image\":{\"@id\":\"https:\\\/\\\/www.accuratereviews.com\\\/it\\\/piattaforme-metaverso-lista\\\/horizon-worlds-recensione\\\/#primaryimage\"},\"thumbnailUrl\":\"https:\\\/\\\/www.accuratereviews.com\\\/wp-content\\\/uploads\\\/2025\\\/05\\\/Horizon_Worlds_logo.jpg\",\"datePublished\":\"2025-05-07T15:21:53+00:00\",\"dateModified\":\"2025-05-19T13:42:56+00:00\",\"description\":\"Horizon Worlds: recensione piattaforma di realt\u00e0 virtuale che consente agli utenti di creare e vivere esperienze immersive nel metaverso.\",\"breadcrumb\":{\"@id\":\"https:\\\/\\\/www.accuratereviews.com\\\/it\\\/piattaforme-metaverso-lista\\\/horizon-worlds-recensione\\\/#breadcrumb\"},\"inLanguage\":\"it-IT\",\"potentialAction\":[{\"@type\":\"ReadAction\",\"target\":[\"https:\\\/\\\/www.accuratereviews.com\\\/it\\\/piattaforme-metaverso-lista\\\/horizon-worlds-recensione\\\/\"]}]},{\"@type\":\"ImageObject\",\"inLanguage\":\"it-IT\",\"@id\":\"https:\\\/\\\/www.accuratereviews.com\\\/it\\\/piattaforme-metaverso-lista\\\/horizon-worlds-recensione\\\/#primaryimage\",\"url\":\"https:\\\/\\\/www.accuratereviews.com\\\/wp-content\\\/uploads\\\/2025\\\/05\\\/Horizon_Worlds_logo.jpg\",\"contentUrl\":\"https:\\\/\\\/www.accuratereviews.com\\\/wp-content\\\/uploads\\\/2025\\\/05\\\/Horizon_Worlds_logo.jpg\",\"width\":387,\"height\":258},{\"@type\":\"BreadcrumbList\",\"@id\":\"https:\\\/\\\/www.accuratereviews.com\\\/it\\\/piattaforme-metaverso-lista\\\/horizon-worlds-recensione\\\/#breadcrumb\",\"itemListElement\":[{\"@type\":\"ListItem\",\"position\":1,\"name\":\"Home\",\"item\":\"https:\\\/\\\/www.accuratereviews.com\\\/it\\\/\"},{\"@type\":\"ListItem\",\"position\":2,\"name\":\"Piattaforme metaverso\",\"item\":\"https:\\\/\\\/www.accuratereviews.com\\\/it\\\/piattaforme-metaverso-lista\\\/\"},{\"@type\":\"ListItem\",\"position\":3,\"name\":\"Horizon Worlds\"}]},{\"@type\":\"WebSite\",\"@id\":\"https:\\\/\\\/www.accuratereviews.com\\\/it\\\/#website\",\"url\":\"https:\\\/\\\/www.accuratereviews.com\\\/it\\\/\",\"name\":\"Accurate Reviews\",\"description\":\"\",\"potentialAction\":[{\"@type\":\"SearchAction\",\"target\":{\"@type\":\"EntryPoint\",\"urlTemplate\":\"https:\\\/\\\/www.accuratereviews.com\\\/it\\\/?s={search_term_string}\"},\"query-input\":{\"@type\":\"PropertyValueSpecification\",\"valueRequired\":true,\"valueName\":\"search_term_string\"}}],\"inLanguage\":\"it-IT\"}]}<\/script>\n<!-- \/ Yoast SEO plugin. -->","yoast_head_json":{"title":"Horizon Worlds: recensione piattaforma realt\u00e0 virtuale metaverso - Accurate Reviews","description":"Horizon Worlds: recensione piattaforma di realt\u00e0 virtuale che consente agli utenti di creare e vivere esperienze immersive nel metaverso.","robots":{"index":"index","follow":"follow","max-snippet":"max-snippet:-1","max-image-preview":"max-image-preview:large","max-video-preview":"max-video-preview:-1"},"canonical":"https:\/\/www.accuratereviews.com\/it\/piattaforme-metaverso-lista\/horizon-worlds-recensione\/","og_locale":"it_IT","og_type":"article","og_title":"Horizon Worlds: recensione piattaforma realt\u00e0 virtuale metaverso - Accurate Reviews","og_description":"Horizon Worlds: recensione piattaforma di realt\u00e0 virtuale che consente agli utenti di creare e vivere esperienze immersive nel metaverso.","og_url":"https:\/\/www.accuratereviews.com\/it\/piattaforme-metaverso-lista\/horizon-worlds-recensione\/","og_site_name":"Accurate Reviews","article_modified_time":"2025-05-19T13:42:56+00:00","og_image":[{"width":387,"height":258,"url":"https:\/\/www.accuratereviews.com\/wp-content\/uploads\/2025\/05\/Horizon_Worlds_logo.jpg","type":"image\/jpeg"}],"twitter_card":"summary_large_image","twitter_misc":{"Tempo di lettura stimato":"2 minuti"},"schema":{"@context":"https:\/\/schema.org","@graph":[{"@type":"WebPage","@id":"https:\/\/www.accuratereviews.com\/it\/piattaforme-metaverso-lista\/horizon-worlds-recensione\/","url":"https:\/\/www.accuratereviews.com\/it\/piattaforme-metaverso-lista\/horizon-worlds-recensione\/","name":"Horizon Worlds: recensione piattaforma realt\u00e0 virtuale metaverso - Accurate Reviews","isPartOf":{"@id":"https:\/\/www.accuratereviews.com\/it\/#website"},"primaryImageOfPage":{"@id":"https:\/\/www.accuratereviews.com\/it\/piattaforme-metaverso-lista\/horizon-worlds-recensione\/#primaryimage"},"image":{"@id":"https:\/\/www.accuratereviews.com\/it\/piattaforme-metaverso-lista\/horizon-worlds-recensione\/#primaryimage"},"thumbnailUrl":"https:\/\/www.accuratereviews.com\/wp-content\/uploads\/2025\/05\/Horizon_Worlds_logo.jpg","datePublished":"2025-05-07T15:21:53+00:00","dateModified":"2025-05-19T13:42:56+00:00","description":"Horizon Worlds: recensione piattaforma di realt\u00e0 virtuale che consente agli utenti di creare e vivere esperienze immersive nel metaverso.","breadcrumb":{"@id":"https:\/\/www.accuratereviews.com\/it\/piattaforme-metaverso-lista\/horizon-worlds-recensione\/#breadcrumb"},"inLanguage":"it-IT","potentialAction":[{"@type":"ReadAction","target":["https:\/\/www.accuratereviews.com\/it\/piattaforme-metaverso-lista\/horizon-worlds-recensione\/"]}]},{"@type":"ImageObject","inLanguage":"it-IT","@id":"https:\/\/www.accuratereviews.com\/it\/piattaforme-metaverso-lista\/horizon-worlds-recensione\/#primaryimage","url":"https:\/\/www.accuratereviews.com\/wp-content\/uploads\/2025\/05\/Horizon_Worlds_logo.jpg","contentUrl":"https:\/\/www.accuratereviews.com\/wp-content\/uploads\/2025\/05\/Horizon_Worlds_logo.jpg","width":387,"height":258},{"@type":"BreadcrumbList","@id":"https:\/\/www.accuratereviews.com\/it\/piattaforme-metaverso-lista\/horizon-worlds-recensione\/#breadcrumb","itemListElement":[{"@type":"ListItem","position":1,"name":"Home","item":"https:\/\/www.accuratereviews.com\/it\/"},{"@type":"ListItem","position":2,"name":"Piattaforme metaverso","item":"https:\/\/www.accuratereviews.com\/it\/piattaforme-metaverso-lista\/"},{"@type":"ListItem","position":3,"name":"Horizon Worlds"}]},{"@type":"WebSite","@id":"https:\/\/www.accuratereviews.com\/it\/#website","url":"https:\/\/www.accuratereviews.com\/it\/","name":"Accurate Reviews","description":"","potentialAction":[{"@type":"SearchAction","target":{"@type":"EntryPoint","urlTemplate":"https:\/\/www.accuratereviews.com\/it\/?s={search_term_string}"},"query-input":{"@type":"PropertyValueSpecification","valueRequired":true,"valueName":"search_term_string"}}],"inLanguage":"it-IT"}]}},"_links":{"self":[{"href":"https:\/\/www.accuratereviews.com\/it\/wp-json\/wp\/v2\/pages\/90461","targetHints":{"allow":["GET"]}}],"collection":[{"href":"https:\/\/www.accuratereviews.com\/it\/wp-json\/wp\/v2\/pages"}],"about":[{"href":"https:\/\/www.accuratereviews.com\/it\/wp-json\/wp\/v2\/types\/page"}],"author":[{"embeddable":true,"href":"https:\/\/www.accuratereviews.com\/it\/wp-json\/wp\/v2\/users\/17"}],"replies":[{"embeddable":true,"href":"https:\/\/www.accuratereviews.com\/it\/wp-json\/wp\/v2\/comments?post=90461"}],"version-history":[{"count":9,"href":"https:\/\/www.accuratereviews.com\/it\/wp-json\/wp\/v2\/pages\/90461\/revisions"}],"predecessor-version":[{"id":90848,"href":"https:\/\/www.accuratereviews.com\/it\/wp-json\/wp\/v2\/pages\/90461\/revisions\/90848"}],"up":[{"embeddable":true,"href":"https:\/\/www.accuratereviews.com\/it\/wp-json\/wp\/v2\/pages\/90478"}],"wp:featuredmedia":[{"embeddable":true,"href":"https:\/\/www.accuratereviews.com\/it\/wp-json\/wp\/v2\/media\/90467"}],"wp:attachment":[{"href":"https:\/\/www.accuratereviews.com\/it\/wp-json\/wp\/v2\/media?parent=90461"}],"wp:term":[{"taxonomy":"category","embeddable":true,"href":"https:\/\/www.accuratereviews.com\/it\/wp-json\/wp\/v2\/categories?post=90461"},{"taxonomy":"post_tag","embeddable":true,"href":"https:\/\/www.accuratereviews.com\/it\/wp-json\/wp\/v2\/tags?post=90461"},{"taxonomy":"features","embeddable":true,"href":"https:\/\/www.accuratereviews.com\/it\/wp-json\/wp\/v2\/features?post=90461"}],"curies":[{"name":"wp","href":"https:\/\/api.w.org\/{rel}","templated":true}]}}