{"id":90481,"date":"2025-05-07T15:32:40","date_gmt":"2025-05-07T15:32:40","guid":{"rendered":"https:\/\/www.accuratereviews.com\/?page_id=90481"},"modified":"2025-05-19T10:51:07","modified_gmt":"2025-05-19T10:51:07","slug":"piattaforme-metaverso-guida-utente","status":"publish","type":"page","link":"https:\/\/www.accuratereviews.com\/it\/piattaforme-metaverso-guida-utente\/","title":{"rendered":"Piattaforme metaverso"},"content":{"rendered":"<p class=\"\" data-start=\"111\" data-end=\"488\">Le piattaforme del <strong>metaverso<\/strong> rappresentano l\u2019evoluzione immersiva di Internet, offrendo spazi digitali tridimensionali in cui socializzare, lavorare, creare e giocare. Questi ambienti virtuali si distinguono per la possibilit\u00e0 di interazione in tempo reale, economia digitale interna e, in molti casi, l\u2019uso di criptovalute e NFT per il commercio di oggetti e terreni virtuali.<\/p>\n<p class=\"\" data-start=\"490\" data-end=\"763\">Gli esperti di Accurate Reviews hanno analizzato le principali <strong>piattaforme del metaverso<\/strong>, valutandone funzionalit\u00e0, accessibilit\u00e0 e potenziale evolutivo, per aiutarti a scegliere quella pi\u00f9 adatta alle tue esigenze di esplorazione, creativit\u00e0 o business nel mondo virtuale.<\/p>\n","protected":false},"excerpt":{"rendered":"<p>Le piattaforme del metaverso rappresentano l\u2019evoluzione immersiva di Internet, offrendo spazi digitali tridimensionali in cui socializzare, lavorare, creare e giocare. Questi ambienti virtuali si distinguono per la possibilit\u00e0 di interazione in tempo reale, economia digitale interna e, in molti casi, l\u2019uso di criptovalute e NFT per il commercio di oggetti e terreni virtuali. Gli esperti [&hellip;]<\/p>\n","protected":false},"author":17,"featured_media":0,"parent":0,"menu_order":0,"comment_status":"open","ping_status":"closed","template":"g1_template_page_category_userguide.php","meta":{"_acf_changed":false,"cwp_meta_box_check":"No","cwp_rev_product_name":"","cwp_rev_product_image":"","wppr_links":[],"cwp_rev_price":"","wppr_options":[],"wppr_pros":[],"wppr_cons":[],"_monsterinsights_skip_tracking":false,"_monsterinsights_sitenote_active":false,"_monsterinsights_sitenote_note":"","_monsterinsights_sitenote_category":0,"footnotes":""},"categories":[16193],"tags":[16186,16195,16197],"features":[],"class_list":{"0":"post-90481","1":"page","2":"type-page","3":"status-publish","5":"category-metaverso","6":"tag-metaverso","7":"tag-piattaforme-metaverso","8":"tag-soluzioni-metaverso"},"wppr_data":{"cwp_meta_box_check":"No"},"acf":[],"yoast_head":"<!-- This site is optimized with the Yoast SEO plugin v27.4 - https:\/\/yoast.com\/product\/yoast-seo-wordpress\/ -->\n<title>Piattaforme metaverso: guida utente - Accurate Reviews<\/title>\n<meta name=\"description\" content=\"Gli esperti di Accurate Reviews hanno analizzato le principali soluzioni del Fediverso, valutandone caratteristiche, vantaggi e criticit\u00e0.\" \/>\n<meta name=\"robots\" content=\"index, follow, max-snippet:-1, max-image-preview:large, max-video-preview:-1\" \/>\n<link rel=\"canonical\" href=\"https:\/\/www.accuratereviews.com\/it\/piattaforme-metaverso-guida-utente\/\" \/>\n<meta property=\"og:locale\" content=\"it_IT\" \/>\n<meta property=\"og:type\" content=\"article\" \/>\n<meta property=\"og:title\" content=\"Piattaforme metaverso: guida utente - Accurate Reviews\" \/>\n<meta property=\"og:description\" content=\"Gli esperti di Accurate Reviews hanno analizzato le principali soluzioni del Fediverso, valutandone caratteristiche, vantaggi e criticit\u00e0.\" \/>\n<meta property=\"og:url\" content=\"https:\/\/www.accuratereviews.com\/it\/piattaforme-metaverso-guida-utente\/\" \/>\n<meta property=\"og:site_name\" content=\"Accurate Reviews\" \/>\n<meta property=\"article:modified_time\" content=\"2025-05-19T10:51:07+00:00\" \/>\n<meta name=\"twitter:card\" content=\"summary_large_image\" \/>\n<meta name=\"twitter:label1\" content=\"Tempo di lettura stimato\" \/>\n\t<meta name=\"twitter:data1\" content=\"1 minuto\" \/>\n<script type=\"application\/ld+json\" class=\"yoast-schema-graph\">{\"@context\":\"https:\\\/\\\/schema.org\",\"@graph\":[{\"@type\":\"WebPage\",\"@id\":\"https:\\\/\\\/www.accuratereviews.com\\\/it\\\/piattaforme-metaverso-guida-utente\\\/\",\"url\":\"https:\\\/\\\/www.accuratereviews.com\\\/it\\\/piattaforme-metaverso-guida-utente\\\/\",\"name\":\"Piattaforme metaverso: guida utente - Accurate Reviews\",\"isPartOf\":{\"@id\":\"https:\\\/\\\/www.accuratereviews.com\\\/it\\\/#website\"},\"datePublished\":\"2025-05-07T15:32:40+00:00\",\"dateModified\":\"2025-05-19T10:51:07+00:00\",\"description\":\"Gli esperti di Accurate Reviews hanno analizzato le principali soluzioni del Fediverso, valutandone caratteristiche, vantaggi e criticit\u00e0.\",\"breadcrumb\":{\"@id\":\"https:\\\/\\\/www.accuratereviews.com\\\/it\\\/piattaforme-metaverso-guida-utente\\\/#breadcrumb\"},\"inLanguage\":\"it-IT\",\"potentialAction\":[{\"@type\":\"ReadAction\",\"target\":[\"https:\\\/\\\/www.accuratereviews.com\\\/it\\\/piattaforme-metaverso-guida-utente\\\/\"]}]},{\"@type\":\"BreadcrumbList\",\"@id\":\"https:\\\/\\\/www.accuratereviews.com\\\/it\\\/piattaforme-metaverso-guida-utente\\\/#breadcrumb\",\"itemListElement\":[{\"@type\":\"ListItem\",\"position\":1,\"name\":\"Home\",\"item\":\"https:\\\/\\\/www.accuratereviews.com\\\/it\\\/\"},{\"@type\":\"ListItem\",\"position\":2,\"name\":\"Piattaforme metaverso\"}]},{\"@type\":\"WebSite\",\"@id\":\"https:\\\/\\\/www.accuratereviews.com\\\/it\\\/#website\",\"url\":\"https:\\\/\\\/www.accuratereviews.com\\\/it\\\/\",\"name\":\"Accurate Reviews\",\"description\":\"\",\"potentialAction\":[{\"@type\":\"SearchAction\",\"target\":{\"@type\":\"EntryPoint\",\"urlTemplate\":\"https:\\\/\\\/www.accuratereviews.com\\\/it\\\/?s={search_term_string}\"},\"query-input\":{\"@type\":\"PropertyValueSpecification\",\"valueRequired\":true,\"valueName\":\"search_term_string\"}}],\"inLanguage\":\"it-IT\"}]}<\/script>\n<!-- \/ Yoast SEO plugin. -->","yoast_head_json":{"title":"Piattaforme metaverso: guida utente - Accurate Reviews","description":"Gli esperti di Accurate Reviews hanno analizzato le principali soluzioni del Fediverso, valutandone caratteristiche, vantaggi e criticit\u00e0.","robots":{"index":"index","follow":"follow","max-snippet":"max-snippet:-1","max-image-preview":"max-image-preview:large","max-video-preview":"max-video-preview:-1"},"canonical":"https:\/\/www.accuratereviews.com\/it\/piattaforme-metaverso-guida-utente\/","og_locale":"it_IT","og_type":"article","og_title":"Piattaforme metaverso: guida utente - Accurate Reviews","og_description":"Gli esperti di Accurate Reviews hanno analizzato le principali soluzioni del Fediverso, valutandone caratteristiche, vantaggi e criticit\u00e0.","og_url":"https:\/\/www.accuratereviews.com\/it\/piattaforme-metaverso-guida-utente\/","og_site_name":"Accurate Reviews","article_modified_time":"2025-05-19T10:51:07+00:00","twitter_card":"summary_large_image","twitter_misc":{"Tempo di lettura stimato":"1 minuto"},"schema":{"@context":"https:\/\/schema.org","@graph":[{"@type":"WebPage","@id":"https:\/\/www.accuratereviews.com\/it\/piattaforme-metaverso-guida-utente\/","url":"https:\/\/www.accuratereviews.com\/it\/piattaforme-metaverso-guida-utente\/","name":"Piattaforme metaverso: guida utente - Accurate Reviews","isPartOf":{"@id":"https:\/\/www.accuratereviews.com\/it\/#website"},"datePublished":"2025-05-07T15:32:40+00:00","dateModified":"2025-05-19T10:51:07+00:00","description":"Gli esperti di Accurate Reviews hanno analizzato le principali soluzioni del Fediverso, valutandone caratteristiche, vantaggi e criticit\u00e0.","breadcrumb":{"@id":"https:\/\/www.accuratereviews.com\/it\/piattaforme-metaverso-guida-utente\/#breadcrumb"},"inLanguage":"it-IT","potentialAction":[{"@type":"ReadAction","target":["https:\/\/www.accuratereviews.com\/it\/piattaforme-metaverso-guida-utente\/"]}]},{"@type":"BreadcrumbList","@id":"https:\/\/www.accuratereviews.com\/it\/piattaforme-metaverso-guida-utente\/#breadcrumb","itemListElement":[{"@type":"ListItem","position":1,"name":"Home","item":"https:\/\/www.accuratereviews.com\/it\/"},{"@type":"ListItem","position":2,"name":"Piattaforme metaverso"}]},{"@type":"WebSite","@id":"https:\/\/www.accuratereviews.com\/it\/#website","url":"https:\/\/www.accuratereviews.com\/it\/","name":"Accurate Reviews","description":"","potentialAction":[{"@type":"SearchAction","target":{"@type":"EntryPoint","urlTemplate":"https:\/\/www.accuratereviews.com\/it\/?s={search_term_string}"},"query-input":{"@type":"PropertyValueSpecification","valueRequired":true,"valueName":"search_term_string"}}],"inLanguage":"it-IT"}]}},"_links":{"self":[{"href":"https:\/\/www.accuratereviews.com\/it\/wp-json\/wp\/v2\/pages\/90481","targetHints":{"allow":["GET"]}}],"collection":[{"href":"https:\/\/www.accuratereviews.com\/it\/wp-json\/wp\/v2\/pages"}],"about":[{"href":"https:\/\/www.accuratereviews.com\/it\/wp-json\/wp\/v2\/types\/page"}],"author":[{"embeddable":true,"href":"https:\/\/www.accuratereviews.com\/it\/wp-json\/wp\/v2\/users\/17"}],"replies":[{"embeddable":true,"href":"https:\/\/www.accuratereviews.com\/it\/wp-json\/wp\/v2\/comments?post=90481"}],"version-history":[{"count":2,"href":"https:\/\/www.accuratereviews.com\/it\/wp-json\/wp\/v2\/pages\/90481\/revisions"}],"predecessor-version":[{"id":90827,"href":"https:\/\/www.accuratereviews.com\/it\/wp-json\/wp\/v2\/pages\/90481\/revisions\/90827"}],"wp:attachment":[{"href":"https:\/\/www.accuratereviews.com\/it\/wp-json\/wp\/v2\/media?parent=90481"}],"wp:term":[{"taxonomy":"category","embeddable":true,"href":"https:\/\/www.accuratereviews.com\/it\/wp-json\/wp\/v2\/categories?post=90481"},{"taxonomy":"post_tag","embeddable":true,"href":"https:\/\/www.accuratereviews.com\/it\/wp-json\/wp\/v2\/tags?post=90481"},{"taxonomy":"features","embeddable":true,"href":"https:\/\/www.accuratereviews.com\/it\/wp-json\/wp\/v2\/features?post=90481"}],"curies":[{"name":"wp","href":"https:\/\/api.w.org\/{rel}","templated":true}]}}