{"id":90614,"date":"2025-05-13T16:55:32","date_gmt":"2025-05-13T16:55:32","guid":{"rendered":"https:\/\/www.accuratereviews.com\/?page_id=90614"},"modified":"2025-05-14T08:24:26","modified_gmt":"2025-05-14T08:24:26","slug":"empxtrack-recensione","status":"publish","type":"page","link":"https:\/\/www.accuratereviews.com\/it\/programmi-gestione-turni-lavoro\/empxtrack-recensione\/","title":{"rendered":"Empxtrack"},"content":{"rendered":"<p><strong> Empxtrack<\/strong>\u00a0\u00e8 un <strong>software per turni di lavoro<\/strong> che automatizza una vasta gamma di processi relativi alle persone, come la gestione delle prestazioni, l&#8217;acquisizione di talenti, i self-service per i dipendenti e altro ancora. Il prodotto si basa sul concetto a quattro livelli di coinvolgimento, misurazione, elaborazione ed excel, che copre tutti gli aspetti del ciclo di vita di un dipendente. Il prodotto velocizza le<strong> transazioni HR<\/strong> quotidiane, riducendo cos\u00ec il tempo dedicato e accelerando la produttivit\u00e0.<br \/>\n<strong>Empxtrack<\/strong> \u00e8 un software <strong>HR<\/strong> semplicissimo, altamente personalizzabile, configurabile e facile da usare, dotato di una struttura di navigazione intuitiva, una curva di apprendimento ridotta e un&#8217;assenza di menu complessi. La sua interfaccia semplificata inoltre permette di eseguire l&#8217;80% delle attivit\u00e0 in pochi clic.<\/p>\n<h2>EMPXTRACK &#8211; TUTORIAL<\/h2>\n<div id=\"fluid-wrapper-counter-1\" class=\"g1-fluid-wrapper \" style=\"width:686px;\">\n<div style=\"padding-bottom:56.268221574344%;\"><iframe loading=\"lazy\" title=\"How to Setup Basic Leave Rules\" width=\"686\" height=\"386\" src=\"https:\/\/www.youtube.com\/embed\/-I_PVeTmo-M?feature=oembed&amp;wmode=transparent&amp;autohide=1&amp;autoplay=0&amp;disablekb=0&amp;fs=1&amp;loop=0&amp;enablejsapi=1&amp;rel=0&amp;controls=2&amp;showinfo=0&amp;wmode=transparent&amp;autohide=2&amp;autoplay=0&amp;disablekb=0&amp;fs=1&amp;loop=0&amp;enablejsapi=1&amp;rel=0&amp;controls=2&amp;showinfo=1\" frameborder=\"0\" allow=\"accelerometer; autoplay; clipboard-write; encrypted-media; gyroscope; picture-in-picture; web-share\" referrerpolicy=\"strict-origin-when-cross-origin\" allowfullscreen><\/iframe><\/div>\n<\/div>\n<h3>EMPXTRACK &#8211; CARATTERISTICHE<\/h3>\n<ul>\n<li>Note sulle prestazioni e risultati<\/li>\n<li>Stipendio e incrementi, promozioni, trasferimenti<\/li>\n<li>Esperienza, formazione, qualifiche, progetti speciali e storia lavorativa<\/li>\n<li>Premi e riconoscimenti<\/li>\n<li>Disciplina e azioni correttive<\/li>\n<li>Obiettivi e risultati dei periodi di performance passati<\/li>\n<li>Dati su competenze e formazione<\/li>\n<li>Piani di carriera e successione e molto altro<\/li>\n<li>Migliorare la fidelizzazione degli HIPO (High Performance Potential)<\/li>\n<li>Incoraggiare un migliore inserimento dei dipendenti attraverso la mobilit\u00e0 interna<\/li>\n<li>Aumentare la coerenza nelle prestazioni dei dipendenti<\/li>\n<li>Fornire coaching e formazione tempestivi<\/li>\n<li>Sviluppare una pipeline di talenti per i ruoli critici<\/li>\n<li>Libreria di obiettivi preconfigurata con obiettivi e competenze per oltre 25 descrizioni di lavoro chiave<\/li>\n<li>Un&#8217;interfaccia utente semplice e intuitiva standardizzata su tutte le pagine<\/li>\n<\/ul>\n<h4>LE RECENSIONI DEGLI UTENTI<\/h4>\n<p><strong>Umesh &#8220;Nel complesso il prodotto \u00e8 buono&#8221;<\/strong><br \/>\n<strong>Commenti<\/strong>: Molto buono, pu\u00f2 essere raccomandato, per l&#8217;adozione del mercato \u00e8 necessario aggiungere una nuova funzionalit\u00e0 in base al feedback e alle esigenze del cliente<br \/>\n<strong>Pro<\/strong>: Facile da usare, supporto di squadra, possibilit\u00e0 di personalizzazione<br \/>\n<strong>Contro<\/strong>: Area di personalizzazione limitata, funzionalit\u00e0 limitate aggiunte nelle nuove versioni,<\/p>\n<p><strong>Noorun &#8220;Una soluzione HR semplice, affidabile e conveniente&#8221;<\/strong><br \/>\n<strong>Commenti<\/strong>: Empxtrack \u00e8 stata per noi una soluzione affidabile e intuitiva. Ci ha aiutato a semplificare diversi processi HR come la gestione delle paghe, delle presenze e dei permessi. In seguito, l&#8217;aggiornamento alla versione a pagamento ci ha offerto maggiori opzioni di personalizzazione e integrazione.<br \/>\n<strong>Pro<\/strong>: Empxtrack \u00e8 davvero semplice da usare e ha tutte le funzionalit\u00e0 di cui la nostra organizzazione ha bisogno. \u00c8 altamente personalizzabile e conveniente.<br \/>\n<strong>Contro<\/strong>: L&#8217;unico neo \u00e8 che al momento il software offre la presenza gratuita per un massimo di 25 dipendenti. Ma avrei voluto che fosse disponibile per un numero maggiore di dipendenti.<\/p>\n<p><strong>Narayanan &#8220;La mia esperienza con Empxtrack&#8221;<\/strong><br \/>\n<strong>Commenti<\/strong>: Sono stati 10 anni fantastici. Abbiamo fatto molta strada dall&#8217;inizio ed Empx \u00e8 stata la nostra salvezza in tutti i momenti difficili.<br \/>\n<strong>Pro<\/strong>: Facile da usare. Ha tutte le funzionalit\u00e0. Offre la flessibilit\u00e0 necessaria per adattarsi al tuo processo. E un team di supporto eccellente pronto ad aiutarti.<br \/>\n<strong>Contro<\/strong>: Utilizziamo Empx da quasi 10 anni. Un grosso svantaggio, direi, \u00e8 l&#8217;assenza di un&#8217;app, che renderebbe il servizio pi\u00f9 pratico per i dipendenti e ne migliorerebbe ulteriormente la portata.<\/p>\n","protected":false},"excerpt":{"rendered":"<p>Empxtrack \u00e8 un software per turni di lavoro che automatizza una vasta gamma di processi relativi alle persone, come la gestione delle prestazioni, l&#8217;acquisizione di talenti, i self-service per i dipendenti e altro ancora. Il prodotto si basa sul concetto a quattro livelli di coinvolgimento, misurazione, elaborazione ed excel, che copre tutti gli aspetti del ciclo di vita di un dipendente.<\/p>\n","protected":false},"author":19,"featured_media":90615,"parent":87246,"menu_order":0,"comment_status":"open","ping_status":"closed","template":"g1_template_page_review_new.php","meta":{"_acf_changed":false,"cwp_meta_box_check":"No","cwp_rev_product_name":"","cwp_rev_product_image":"","wppr_links":[],"cwp_rev_price":"","wppr_options":[],"wppr_pros":[],"wppr_cons":[],"_monsterinsights_skip_tracking":false,"_monsterinsights_sitenote_active":false,"_monsterinsights_sitenote_note":"","_monsterinsights_sitenote_category":0,"footnotes":""},"categories":[16111],"tags":[16210,16146,16121,16120,16144,16211],"features":[],"class_list":{"0":"post-90614","1":"page","2":"type-page","3":"status-publish","4":"has-post-thumbnail","6":"category-programmi-per-turni-di-lavoro","7":"tag-empxtrack","8":"tag-piattaforma-turni-di-lavoro","9":"tag-programma-turni-di-lavoro","10":"tag-software-turni-di-lavoro","11":"tag-soluzione-turni-di-lavoro","12":"tag-turni-di-lavori"},"wppr_data":{"cwp_meta_box_check":"No"},"acf":[],"yoast_head":"<!-- This site is optimized with the Yoast SEO plugin v27.4 - https:\/\/yoast.com\/product\/yoast-seo-wordpress\/ -->\n<title>Empxtrack: recensione software turni di lavoro - Accurate Reviews<\/title>\n<meta name=\"description\" content=\"Empxtrack: recensione software per turni di lavoro che automatizza una vasta gamma di processi relativi al personale.\" \/>\n<meta name=\"robots\" content=\"index, follow, max-snippet:-1, max-image-preview:large, max-video-preview:-1\" \/>\n<link rel=\"canonical\" href=\"https:\/\/www.accuratereviews.com\/it\/programmi-gestione-turni-lavoro\/empxtrack-recensione\/\" \/>\n<meta property=\"og:locale\" content=\"it_IT\" \/>\n<meta property=\"og:type\" content=\"article\" \/>\n<meta property=\"og:title\" content=\"Empxtrack: recensione software turni di lavoro - Accurate Reviews\" \/>\n<meta property=\"og:description\" content=\"Empxtrack: recensione software per turni di lavoro che automatizza una vasta gamma di processi relativi al personale.\" \/>\n<meta property=\"og:url\" content=\"https:\/\/www.accuratereviews.com\/it\/programmi-gestione-turni-lavoro\/empxtrack-recensione\/\" \/>\n<meta property=\"og:site_name\" content=\"Accurate Reviews\" \/>\n<meta property=\"article:modified_time\" content=\"2025-05-14T08:24:26+00:00\" \/>\n<meta property=\"og:image\" content=\"https:\/\/www.accuratereviews.com\/wp-content\/uploads\/2025\/05\/Empxtrack.jpeg\" \/>\n\t<meta property=\"og:image:width\" content=\"200\" \/>\n\t<meta property=\"og:image:height\" content=\"200\" \/>\n\t<meta property=\"og:image:type\" content=\"image\/jpeg\" \/>\n<meta name=\"twitter:card\" content=\"summary_large_image\" \/>\n<meta name=\"twitter:label1\" content=\"Tempo di lettura stimato\" \/>\n\t<meta name=\"twitter:data1\" content=\"4 minuti\" \/>\n<script type=\"application\/ld+json\" class=\"yoast-schema-graph\">{\"@context\":\"https:\\\/\\\/schema.org\",\"@graph\":[{\"@type\":\"WebPage\",\"@id\":\"https:\\\/\\\/www.accuratereviews.com\\\/it\\\/programmi-gestione-turni-lavoro\\\/empxtrack-recensione\\\/\",\"url\":\"https:\\\/\\\/www.accuratereviews.com\\\/it\\\/programmi-gestione-turni-lavoro\\\/empxtrack-recensione\\\/\",\"name\":\"Empxtrack: recensione software turni di lavoro - Accurate Reviews\",\"isPartOf\":{\"@id\":\"https:\\\/\\\/www.accuratereviews.com\\\/it\\\/#website\"},\"primaryImageOfPage\":{\"@id\":\"https:\\\/\\\/www.accuratereviews.com\\\/it\\\/programmi-gestione-turni-lavoro\\\/empxtrack-recensione\\\/#primaryimage\"},\"image\":{\"@id\":\"https:\\\/\\\/www.accuratereviews.com\\\/it\\\/programmi-gestione-turni-lavoro\\\/empxtrack-recensione\\\/#primaryimage\"},\"thumbnailUrl\":\"https:\\\/\\\/www.accuratereviews.com\\\/wp-content\\\/uploads\\\/2025\\\/05\\\/Empxtrack.jpeg\",\"datePublished\":\"2025-05-13T16:55:32+00:00\",\"dateModified\":\"2025-05-14T08:24:26+00:00\",\"description\":\"Empxtrack: recensione software per turni di lavoro che automatizza una vasta gamma di processi relativi al personale.\",\"breadcrumb\":{\"@id\":\"https:\\\/\\\/www.accuratereviews.com\\\/it\\\/programmi-gestione-turni-lavoro\\\/empxtrack-recensione\\\/#breadcrumb\"},\"inLanguage\":\"it-IT\",\"potentialAction\":[{\"@type\":\"ReadAction\",\"target\":[\"https:\\\/\\\/www.accuratereviews.com\\\/it\\\/programmi-gestione-turni-lavoro\\\/empxtrack-recensione\\\/\"]}]},{\"@type\":\"ImageObject\",\"inLanguage\":\"it-IT\",\"@id\":\"https:\\\/\\\/www.accuratereviews.com\\\/it\\\/programmi-gestione-turni-lavoro\\\/empxtrack-recensione\\\/#primaryimage\",\"url\":\"https:\\\/\\\/www.accuratereviews.com\\\/wp-content\\\/uploads\\\/2025\\\/05\\\/Empxtrack.jpeg\",\"contentUrl\":\"https:\\\/\\\/www.accuratereviews.com\\\/wp-content\\\/uploads\\\/2025\\\/05\\\/Empxtrack.jpeg\",\"width\":200,\"height\":200},{\"@type\":\"BreadcrumbList\",\"@id\":\"https:\\\/\\\/www.accuratereviews.com\\\/it\\\/programmi-gestione-turni-lavoro\\\/empxtrack-recensione\\\/#breadcrumb\",\"itemListElement\":[{\"@type\":\"ListItem\",\"position\":1,\"name\":\"Home\",\"item\":\"https:\\\/\\\/www.accuratereviews.com\\\/it\\\/\"},{\"@type\":\"ListItem\",\"position\":2,\"name\":\"Programmi per turni di lavoro\",\"item\":\"https:\\\/\\\/www.accuratereviews.com\\\/it\\\/programmi-gestione-turni-lavoro\\\/\"},{\"@type\":\"ListItem\",\"position\":3,\"name\":\"Empxtrack\"}]},{\"@type\":\"WebSite\",\"@id\":\"https:\\\/\\\/www.accuratereviews.com\\\/it\\\/#website\",\"url\":\"https:\\\/\\\/www.accuratereviews.com\\\/it\\\/\",\"name\":\"Accurate Reviews\",\"description\":\"\",\"potentialAction\":[{\"@type\":\"SearchAction\",\"target\":{\"@type\":\"EntryPoint\",\"urlTemplate\":\"https:\\\/\\\/www.accuratereviews.com\\\/it\\\/?s={search_term_string}\"},\"query-input\":{\"@type\":\"PropertyValueSpecification\",\"valueRequired\":true,\"valueName\":\"search_term_string\"}}],\"inLanguage\":\"it-IT\"}]}<\/script>\n<!-- \/ Yoast SEO plugin. -->","yoast_head_json":{"title":"Empxtrack: recensione software turni di lavoro - Accurate Reviews","description":"Empxtrack: recensione software per turni di lavoro che automatizza una vasta gamma di processi relativi al personale.","robots":{"index":"index","follow":"follow","max-snippet":"max-snippet:-1","max-image-preview":"max-image-preview:large","max-video-preview":"max-video-preview:-1"},"canonical":"https:\/\/www.accuratereviews.com\/it\/programmi-gestione-turni-lavoro\/empxtrack-recensione\/","og_locale":"it_IT","og_type":"article","og_title":"Empxtrack: recensione software turni di lavoro - Accurate Reviews","og_description":"Empxtrack: recensione software per turni di lavoro che automatizza una vasta gamma di processi relativi al personale.","og_url":"https:\/\/www.accuratereviews.com\/it\/programmi-gestione-turni-lavoro\/empxtrack-recensione\/","og_site_name":"Accurate Reviews","article_modified_time":"2025-05-14T08:24:26+00:00","og_image":[{"width":200,"height":200,"url":"https:\/\/www.accuratereviews.com\/wp-content\/uploads\/2025\/05\/Empxtrack.jpeg","type":"image\/jpeg"}],"twitter_card":"summary_large_image","twitter_misc":{"Tempo di lettura stimato":"4 minuti"},"schema":{"@context":"https:\/\/schema.org","@graph":[{"@type":"WebPage","@id":"https:\/\/www.accuratereviews.com\/it\/programmi-gestione-turni-lavoro\/empxtrack-recensione\/","url":"https:\/\/www.accuratereviews.com\/it\/programmi-gestione-turni-lavoro\/empxtrack-recensione\/","name":"Empxtrack: recensione software turni di lavoro - Accurate Reviews","isPartOf":{"@id":"https:\/\/www.accuratereviews.com\/it\/#website"},"primaryImageOfPage":{"@id":"https:\/\/www.accuratereviews.com\/it\/programmi-gestione-turni-lavoro\/empxtrack-recensione\/#primaryimage"},"image":{"@id":"https:\/\/www.accuratereviews.com\/it\/programmi-gestione-turni-lavoro\/empxtrack-recensione\/#primaryimage"},"thumbnailUrl":"https:\/\/www.accuratereviews.com\/wp-content\/uploads\/2025\/05\/Empxtrack.jpeg","datePublished":"2025-05-13T16:55:32+00:00","dateModified":"2025-05-14T08:24:26+00:00","description":"Empxtrack: recensione software per turni di lavoro che automatizza una vasta gamma di processi relativi al personale.","breadcrumb":{"@id":"https:\/\/www.accuratereviews.com\/it\/programmi-gestione-turni-lavoro\/empxtrack-recensione\/#breadcrumb"},"inLanguage":"it-IT","potentialAction":[{"@type":"ReadAction","target":["https:\/\/www.accuratereviews.com\/it\/programmi-gestione-turni-lavoro\/empxtrack-recensione\/"]}]},{"@type":"ImageObject","inLanguage":"it-IT","@id":"https:\/\/www.accuratereviews.com\/it\/programmi-gestione-turni-lavoro\/empxtrack-recensione\/#primaryimage","url":"https:\/\/www.accuratereviews.com\/wp-content\/uploads\/2025\/05\/Empxtrack.jpeg","contentUrl":"https:\/\/www.accuratereviews.com\/wp-content\/uploads\/2025\/05\/Empxtrack.jpeg","width":200,"height":200},{"@type":"BreadcrumbList","@id":"https:\/\/www.accuratereviews.com\/it\/programmi-gestione-turni-lavoro\/empxtrack-recensione\/#breadcrumb","itemListElement":[{"@type":"ListItem","position":1,"name":"Home","item":"https:\/\/www.accuratereviews.com\/it\/"},{"@type":"ListItem","position":2,"name":"Programmi per turni di lavoro","item":"https:\/\/www.accuratereviews.com\/it\/programmi-gestione-turni-lavoro\/"},{"@type":"ListItem","position":3,"name":"Empxtrack"}]},{"@type":"WebSite","@id":"https:\/\/www.accuratereviews.com\/it\/#website","url":"https:\/\/www.accuratereviews.com\/it\/","name":"Accurate Reviews","description":"","potentialAction":[{"@type":"SearchAction","target":{"@type":"EntryPoint","urlTemplate":"https:\/\/www.accuratereviews.com\/it\/?s={search_term_string}"},"query-input":{"@type":"PropertyValueSpecification","valueRequired":true,"valueName":"search_term_string"}}],"inLanguage":"it-IT"}]}},"_links":{"self":[{"href":"https:\/\/www.accuratereviews.com\/it\/wp-json\/wp\/v2\/pages\/90614","targetHints":{"allow":["GET"]}}],"collection":[{"href":"https:\/\/www.accuratereviews.com\/it\/wp-json\/wp\/v2\/pages"}],"about":[{"href":"https:\/\/www.accuratereviews.com\/it\/wp-json\/wp\/v2\/types\/page"}],"author":[{"embeddable":true,"href":"https:\/\/www.accuratereviews.com\/it\/wp-json\/wp\/v2\/users\/19"}],"replies":[{"embeddable":true,"href":"https:\/\/www.accuratereviews.com\/it\/wp-json\/wp\/v2\/comments?post=90614"}],"version-history":[{"count":11,"href":"https:\/\/www.accuratereviews.com\/it\/wp-json\/wp\/v2\/pages\/90614\/revisions"}],"predecessor-version":[{"id":90662,"href":"https:\/\/www.accuratereviews.com\/it\/wp-json\/wp\/v2\/pages\/90614\/revisions\/90662"}],"up":[{"embeddable":true,"href":"https:\/\/www.accuratereviews.com\/it\/wp-json\/wp\/v2\/pages\/87246"}],"wp:featuredmedia":[{"embeddable":true,"href":"https:\/\/www.accuratereviews.com\/it\/wp-json\/wp\/v2\/media\/90615"}],"wp:attachment":[{"href":"https:\/\/www.accuratereviews.com\/it\/wp-json\/wp\/v2\/media?parent=90614"}],"wp:term":[{"taxonomy":"category","embeddable":true,"href":"https:\/\/www.accuratereviews.com\/it\/wp-json\/wp\/v2\/categories?post=90614"},{"taxonomy":"post_tag","embeddable":true,"href":"https:\/\/www.accuratereviews.com\/it\/wp-json\/wp\/v2\/tags?post=90614"},{"taxonomy":"features","embeddable":true,"href":"https:\/\/www.accuratereviews.com\/it\/wp-json\/wp\/v2\/features?post=90614"}],"curies":[{"name":"wp","href":"https:\/\/api.w.org\/{rel}","templated":true}]}}