{"id":90661,"date":"2025-05-14T11:23:42","date_gmt":"2025-05-14T11:23:42","guid":{"rendered":"https:\/\/www.accuratereviews.com\/?page_id=90661"},"modified":"2025-05-16T07:06:28","modified_gmt":"2025-05-16T07:06:28","slug":"alloc8-recensione","status":"publish","type":"page","link":"https:\/\/www.accuratereviews.com\/it\/programmi-gestione-turni-lavoro\/alloc8-recensione\/","title":{"rendered":"Alloc8"},"content":{"rendered":"<p><strong>Alloc8<\/strong> \u00e8 una <strong>soluzione di gestione della forza lavoro<\/strong> che offre funzionalit\u00e0 come pianificazione, fogli presenze, premi e buste paga. Grazie alle funzionalit\u00e0 di pianificazione, le aziende possono beneficiare della possibilit\u00e0 di gestire la disponibilit\u00e0 del personale in base al proprio calendario e ridurre il tempo dedicato alla pianificazione manuale.<br \/>\n<strong>Alloc8 <\/strong>offre, inoltre, la possibilit\u00e0 di compilare fogli presenze da dispositivi mobili o tablet, ridurre al minimo gli errori grazie a regole di convalida pi\u00f9 stringenti e tenere traccia di tutte le modifiche a fini di audit. I manager possono gestire l&#8217;intera settimana in pochi clic, ordinare i dipendenti in base alla distanza dalle attivit\u00e0 per ridurre i costi di viaggio e gestire la disponibilit\u00e0 e i calendari del personale. Infine, la piattaforma consente alle aziende di aggiungere moduli di sicurezza e checklist ai lavori e di mantenere un registro di controllo dettagliato.<\/p>\n<h2>ALLOC8 &#8211; TUTORIAL<\/h2>\n<div id=\"fluid-wrapper-counter-1\" class=\"g1-fluid-wrapper \" style=\"width:686px;\">\n<div style=\"padding-bottom:56.268221574344%;\"><iframe loading=\"lazy\" title=\"Alloc8 - Creating a new Employee\" width=\"686\" height=\"386\" src=\"https:\/\/www.youtube.com\/embed\/iAGU4Nj3bNc?list=PL8BKrKNofxb619Rqu_ZE9RSMvW5mcfiLN\" frameborder=\"0\" allow=\"accelerometer; autoplay; clipboard-write; encrypted-media; gyroscope; picture-in-picture; web-share\" referrerpolicy=\"strict-origin-when-cross-origin\" allowfullscreen><\/iframe><\/div>\n<\/div>\n<h3>ALLOC8 &#8211; CARATTERISTICHE<\/h3>\n<ul>\n<li>Visualizza le persone giuste per il lavoro in base alle tue regole personalizzate<\/li>\n<li>Regole di pianificazione intelligenti aiutano a evitare violazioni della conformit\u00e0 ed errori umani<\/li>\n<li>Utilizza le risorse per l&#8217;intera settimana in pochi clic<\/li>\n<li>Riduci i costi di viaggio: ordina i dipendenti in base alla distanza dal lavoro<\/li>\n<li>Gestisci la disponibilit\u00e0 e i calendari del personale<\/li>\n<li>Accreditamenti e inserimenti<\/li>\n<li>Aggiungi i lavoratori preferiti o non preferiti dai tuoi clienti<\/li>\n<li>Gestisci le competenze e la formazione dei dipendenti<\/li>\n<li>Regole di blocco personalizzabili<\/li>\n<li>Aggiungi moduli di sicurezza e checklist a un lavoro<\/li>\n<li>Tracciamento e audit trail<\/li>\n<li>Compila i fogli presenze direttamente da tablet o cellulare<\/li>\n<li>Regole di convalida avanzate riducono al minimo gli errori di inserimento dei fogli presenze<\/li>\n<li>Firme digitali e timestamp GPS<\/li>\n<li>Aggiornamento immediato nell&#8217;app web e invio via email al referente in sede<\/li>\n<li>Reporting e audit trail di tutte le modifiche<\/li>\n<li>Paga il personale in modo accurato e puntuale<\/li>\n<li>Gestisci le regole di assegnazione pi\u00f9 complesse<\/li>\n<li>Interpretazione dei fogli presenze in pochi minuti<\/li>\n<li>Integrazione con il sistema di gestione paghe<\/li>\n<li>Tariffari personalizzati<\/li>\n<li>Visualizza in anteprima e genera fatture dai fogli presenze completati<\/li>\n<li>Crea Fatture indipendenti<\/li>\n<li>Sincronizzazione con il software di contabilit\u00e0 o invio fatture direttamente da Alloc8<\/li>\n<li>Creazione di moduli dinamici utilizzando il generatore di moduli<\/li>\n<li>I moduli possono essere collegati a qualsiasi lavoro e impostati a livello di filiale, azienda, risorsa o lavoro.<\/li>\n<li>Garantire la conformit\u00e0 impostando i moduli obbligatori per i dipendenti<\/li>\n<li>Scegliere cosa includere nella documentazione inviata ai clienti<\/li>\n<li>Messaggi e comunicazioni in tempo reale<\/li>\n<li>Ricezione e accettazione di lavori<\/li>\n<li>Accesso ai dettagli del lavoro, inclusi documenti, piani e moduli, anche in viaggio<\/li>\n<li>Caricamento di foto e documenti pertinenti al lavoro<\/li>\n<li>Compilazione di moduli nell&#8217;app, come SWMS, checklist, ecc.<\/li>\n<\/ul>\n<h4>LE RECENSIONI DEGLI UTENTI<\/h4>\n<p><strong>Brayan &#8220;Alloc8 non te ne pentirai&#8221;<\/strong><br \/>\n<strong>Pro<\/strong>: \u00c8 un&#8217;applicazione molto completa, facile da implementare nelle aziende e, grazie al suo ampio catalogo di strumenti, soddisfa la maggior parte delle esigenze.<br \/>\n<strong>Contro<\/strong>: Finora non ho trovato alcun aspetto negativo in questa applicazione.<\/p>\n<p><strong>Nerea &#8220;La sicurezza prima di tutto&#8221;<\/strong><br \/>\n<strong>Commenti<\/strong>: Non lo user\u00f2 pi\u00f9 perch\u00e9 non \u00e8 utile per i miei progetti, ma penso che potrebbe essere molto utile per le aziende con un numeroso personale.<br \/>\n<strong>Pro<\/strong>: Ha una buona gestione amministrativa. Aiuta a ridurre i costi inutili.<br \/>\n<strong>Contro<\/strong>: Non \u00e8 un software che fa al caso mio. Potrebbe essere utile per le aziende con molti dipendenti.<\/p>\n<p><strong>Scott &#8220;Ottimo prodotto!&#8221;<\/strong><br \/>\n<strong>Commenti<\/strong>: Abbiamo notato che la pianificazione \u00e8 migliorata, con pochi o nessun eccesso di programmazione.<br \/>\n<strong>Pro<\/strong>: Adoro la flessibilit\u00e0 e le funzionalit\u00e0 di reporting del prodotto. Inoltre, la funzionalit\u00e0 Timecard funziona alla grande e riduce notevolmente la burocrazia.<br \/>\n<strong>Contro<\/strong>: le forme limitate che forniscono, ma compensano con la possibilit\u00e0 di crearne di proprie.<\/p>\n","protected":false},"excerpt":{"rendered":"<p>Alloc8 \u00e8 una soluzione di gestione della forza lavoro che offre funzionalit\u00e0 come pianificazione, fogli presenze, premi e buste paga. Grazie alle funzionalit\u00e0 di pianificazione, le aziende possono beneficiare della possibilit\u00e0 di gestire la disponibilit\u00e0 del personale in base al proprio calendario e ridurre il tempo dedicato alla pianificazione manuale.<\/p>\n","protected":false},"author":19,"featured_media":90671,"parent":87246,"menu_order":0,"comment_status":"open","ping_status":"closed","template":"g1_template_page_review_new.php","meta":{"_acf_changed":false,"cwp_meta_box_check":"No","cwp_rev_product_name":"","cwp_rev_product_image":"","wppr_links":[],"cwp_rev_price":"","wppr_options":[],"wppr_pros":[],"wppr_cons":[],"_monsterinsights_skip_tracking":false,"_monsterinsights_sitenote_active":false,"_monsterinsights_sitenote_note":"","_monsterinsights_sitenote_category":0,"footnotes":""},"categories":[16111],"tags":[16214,16146,16121,16120,16144,16123],"features":[],"class_list":{"0":"post-90661","1":"page","2":"type-page","3":"status-publish","4":"has-post-thumbnail","6":"category-programmi-per-turni-di-lavoro","7":"tag-alloc8","8":"tag-piattaforma-turni-di-lavoro","9":"tag-programma-turni-di-lavoro","10":"tag-software-turni-di-lavoro","11":"tag-soluzione-turni-di-lavoro","12":"tag-turni-di-lavoro"},"wppr_data":{"cwp_meta_box_check":"No"},"acf":[],"yoast_head":"<!-- This site is optimized with the Yoast SEO plugin v27.4 - https:\/\/yoast.com\/product\/yoast-seo-wordpress\/ -->\n<title>Alloc8: recensione software per turni di lavoro - Accurate Reviews<\/title>\n<meta name=\"description\" content=\"Alloc8: recensione soluzione di gestione della forza lavoro che offre funzionalit\u00e0 come pianificazione, fogli presenze, premi e buste paga.\" \/>\n<meta name=\"robots\" content=\"index, follow, max-snippet:-1, max-image-preview:large, max-video-preview:-1\" \/>\n<link rel=\"canonical\" href=\"https:\/\/www.accuratereviews.com\/it\/programmi-gestione-turni-lavoro\/alloc8-recensione\/\" \/>\n<meta property=\"og:locale\" content=\"it_IT\" \/>\n<meta property=\"og:type\" content=\"article\" \/>\n<meta property=\"og:title\" content=\"Alloc8: recensione software per turni di lavoro - Accurate Reviews\" \/>\n<meta property=\"og:description\" content=\"Alloc8: recensione soluzione di gestione della forza lavoro che offre funzionalit\u00e0 come pianificazione, fogli presenze, premi e buste paga.\" \/>\n<meta property=\"og:url\" content=\"https:\/\/www.accuratereviews.com\/it\/programmi-gestione-turni-lavoro\/alloc8-recensione\/\" \/>\n<meta property=\"og:site_name\" content=\"Accurate Reviews\" \/>\n<meta property=\"article:modified_time\" content=\"2025-05-16T07:06:28+00:00\" \/>\n<meta property=\"og:image\" content=\"https:\/\/www.accuratereviews.com\/wp-content\/uploads\/2025\/05\/Alloc8.webp\" \/>\n\t<meta property=\"og:image:width\" content=\"240\" \/>\n\t<meta property=\"og:image:height\" content=\"240\" \/>\n\t<meta property=\"og:image:type\" content=\"image\/webp\" \/>\n<meta name=\"twitter:card\" content=\"summary_large_image\" \/>\n<meta name=\"twitter:label1\" content=\"Tempo di lettura stimato\" \/>\n\t<meta name=\"twitter:data1\" content=\"5 minuti\" \/>\n<script type=\"application\/ld+json\" class=\"yoast-schema-graph\">{\"@context\":\"https:\\\/\\\/schema.org\",\"@graph\":[{\"@type\":\"WebPage\",\"@id\":\"https:\\\/\\\/www.accuratereviews.com\\\/it\\\/programmi-gestione-turni-lavoro\\\/alloc8-recensione\\\/\",\"url\":\"https:\\\/\\\/www.accuratereviews.com\\\/it\\\/programmi-gestione-turni-lavoro\\\/alloc8-recensione\\\/\",\"name\":\"Alloc8: recensione software per turni di lavoro - Accurate Reviews\",\"isPartOf\":{\"@id\":\"https:\\\/\\\/www.accuratereviews.com\\\/it\\\/#website\"},\"primaryImageOfPage\":{\"@id\":\"https:\\\/\\\/www.accuratereviews.com\\\/it\\\/programmi-gestione-turni-lavoro\\\/alloc8-recensione\\\/#primaryimage\"},\"image\":{\"@id\":\"https:\\\/\\\/www.accuratereviews.com\\\/it\\\/programmi-gestione-turni-lavoro\\\/alloc8-recensione\\\/#primaryimage\"},\"thumbnailUrl\":\"https:\\\/\\\/www.accuratereviews.com\\\/wp-content\\\/uploads\\\/2025\\\/05\\\/Alloc8.webp\",\"datePublished\":\"2025-05-14T11:23:42+00:00\",\"dateModified\":\"2025-05-16T07:06:28+00:00\",\"description\":\"Alloc8: recensione soluzione di gestione della forza lavoro che offre funzionalit\u00e0 come pianificazione, fogli presenze, premi e buste paga.\",\"breadcrumb\":{\"@id\":\"https:\\\/\\\/www.accuratereviews.com\\\/it\\\/programmi-gestione-turni-lavoro\\\/alloc8-recensione\\\/#breadcrumb\"},\"inLanguage\":\"it-IT\",\"potentialAction\":[{\"@type\":\"ReadAction\",\"target\":[\"https:\\\/\\\/www.accuratereviews.com\\\/it\\\/programmi-gestione-turni-lavoro\\\/alloc8-recensione\\\/\"]}]},{\"@type\":\"ImageObject\",\"inLanguage\":\"it-IT\",\"@id\":\"https:\\\/\\\/www.accuratereviews.com\\\/it\\\/programmi-gestione-turni-lavoro\\\/alloc8-recensione\\\/#primaryimage\",\"url\":\"https:\\\/\\\/www.accuratereviews.com\\\/wp-content\\\/uploads\\\/2025\\\/05\\\/Alloc8.webp\",\"contentUrl\":\"https:\\\/\\\/www.accuratereviews.com\\\/wp-content\\\/uploads\\\/2025\\\/05\\\/Alloc8.webp\",\"width\":240,\"height\":240},{\"@type\":\"BreadcrumbList\",\"@id\":\"https:\\\/\\\/www.accuratereviews.com\\\/it\\\/programmi-gestione-turni-lavoro\\\/alloc8-recensione\\\/#breadcrumb\",\"itemListElement\":[{\"@type\":\"ListItem\",\"position\":1,\"name\":\"Home\",\"item\":\"https:\\\/\\\/www.accuratereviews.com\\\/it\\\/\"},{\"@type\":\"ListItem\",\"position\":2,\"name\":\"Programmi per turni di lavoro\",\"item\":\"https:\\\/\\\/www.accuratereviews.com\\\/it\\\/programmi-gestione-turni-lavoro\\\/\"},{\"@type\":\"ListItem\",\"position\":3,\"name\":\"Alloc8\"}]},{\"@type\":\"WebSite\",\"@id\":\"https:\\\/\\\/www.accuratereviews.com\\\/it\\\/#website\",\"url\":\"https:\\\/\\\/www.accuratereviews.com\\\/it\\\/\",\"name\":\"Accurate Reviews\",\"description\":\"\",\"potentialAction\":[{\"@type\":\"SearchAction\",\"target\":{\"@type\":\"EntryPoint\",\"urlTemplate\":\"https:\\\/\\\/www.accuratereviews.com\\\/it\\\/?s={search_term_string}\"},\"query-input\":{\"@type\":\"PropertyValueSpecification\",\"valueRequired\":true,\"valueName\":\"search_term_string\"}}],\"inLanguage\":\"it-IT\"}]}<\/script>\n<!-- \/ Yoast SEO plugin. -->","yoast_head_json":{"title":"Alloc8: recensione software per turni di lavoro - Accurate Reviews","description":"Alloc8: recensione soluzione di gestione della forza lavoro che offre funzionalit\u00e0 come pianificazione, fogli presenze, premi e buste paga.","robots":{"index":"index","follow":"follow","max-snippet":"max-snippet:-1","max-image-preview":"max-image-preview:large","max-video-preview":"max-video-preview:-1"},"canonical":"https:\/\/www.accuratereviews.com\/it\/programmi-gestione-turni-lavoro\/alloc8-recensione\/","og_locale":"it_IT","og_type":"article","og_title":"Alloc8: recensione software per turni di lavoro - Accurate Reviews","og_description":"Alloc8: recensione soluzione di gestione della forza lavoro che offre funzionalit\u00e0 come pianificazione, fogli presenze, premi e buste paga.","og_url":"https:\/\/www.accuratereviews.com\/it\/programmi-gestione-turni-lavoro\/alloc8-recensione\/","og_site_name":"Accurate Reviews","article_modified_time":"2025-05-16T07:06:28+00:00","og_image":[{"width":240,"height":240,"url":"https:\/\/www.accuratereviews.com\/wp-content\/uploads\/2025\/05\/Alloc8.webp","type":"image\/webp"}],"twitter_card":"summary_large_image","twitter_misc":{"Tempo di lettura stimato":"5 minuti"},"schema":{"@context":"https:\/\/schema.org","@graph":[{"@type":"WebPage","@id":"https:\/\/www.accuratereviews.com\/it\/programmi-gestione-turni-lavoro\/alloc8-recensione\/","url":"https:\/\/www.accuratereviews.com\/it\/programmi-gestione-turni-lavoro\/alloc8-recensione\/","name":"Alloc8: recensione software per turni di lavoro - Accurate Reviews","isPartOf":{"@id":"https:\/\/www.accuratereviews.com\/it\/#website"},"primaryImageOfPage":{"@id":"https:\/\/www.accuratereviews.com\/it\/programmi-gestione-turni-lavoro\/alloc8-recensione\/#primaryimage"},"image":{"@id":"https:\/\/www.accuratereviews.com\/it\/programmi-gestione-turni-lavoro\/alloc8-recensione\/#primaryimage"},"thumbnailUrl":"https:\/\/www.accuratereviews.com\/wp-content\/uploads\/2025\/05\/Alloc8.webp","datePublished":"2025-05-14T11:23:42+00:00","dateModified":"2025-05-16T07:06:28+00:00","description":"Alloc8: recensione soluzione di gestione della forza lavoro che offre funzionalit\u00e0 come pianificazione, fogli presenze, premi e buste paga.","breadcrumb":{"@id":"https:\/\/www.accuratereviews.com\/it\/programmi-gestione-turni-lavoro\/alloc8-recensione\/#breadcrumb"},"inLanguage":"it-IT","potentialAction":[{"@type":"ReadAction","target":["https:\/\/www.accuratereviews.com\/it\/programmi-gestione-turni-lavoro\/alloc8-recensione\/"]}]},{"@type":"ImageObject","inLanguage":"it-IT","@id":"https:\/\/www.accuratereviews.com\/it\/programmi-gestione-turni-lavoro\/alloc8-recensione\/#primaryimage","url":"https:\/\/www.accuratereviews.com\/wp-content\/uploads\/2025\/05\/Alloc8.webp","contentUrl":"https:\/\/www.accuratereviews.com\/wp-content\/uploads\/2025\/05\/Alloc8.webp","width":240,"height":240},{"@type":"BreadcrumbList","@id":"https:\/\/www.accuratereviews.com\/it\/programmi-gestione-turni-lavoro\/alloc8-recensione\/#breadcrumb","itemListElement":[{"@type":"ListItem","position":1,"name":"Home","item":"https:\/\/www.accuratereviews.com\/it\/"},{"@type":"ListItem","position":2,"name":"Programmi per turni di lavoro","item":"https:\/\/www.accuratereviews.com\/it\/programmi-gestione-turni-lavoro\/"},{"@type":"ListItem","position":3,"name":"Alloc8"}]},{"@type":"WebSite","@id":"https:\/\/www.accuratereviews.com\/it\/#website","url":"https:\/\/www.accuratereviews.com\/it\/","name":"Accurate Reviews","description":"","potentialAction":[{"@type":"SearchAction","target":{"@type":"EntryPoint","urlTemplate":"https:\/\/www.accuratereviews.com\/it\/?s={search_term_string}"},"query-input":{"@type":"PropertyValueSpecification","valueRequired":true,"valueName":"search_term_string"}}],"inLanguage":"it-IT"}]}},"_links":{"self":[{"href":"https:\/\/www.accuratereviews.com\/it\/wp-json\/wp\/v2\/pages\/90661","targetHints":{"allow":["GET"]}}],"collection":[{"href":"https:\/\/www.accuratereviews.com\/it\/wp-json\/wp\/v2\/pages"}],"about":[{"href":"https:\/\/www.accuratereviews.com\/it\/wp-json\/wp\/v2\/types\/page"}],"author":[{"embeddable":true,"href":"https:\/\/www.accuratereviews.com\/it\/wp-json\/wp\/v2\/users\/19"}],"replies":[{"embeddable":true,"href":"https:\/\/www.accuratereviews.com\/it\/wp-json\/wp\/v2\/comments?post=90661"}],"version-history":[{"count":12,"href":"https:\/\/www.accuratereviews.com\/it\/wp-json\/wp\/v2\/pages\/90661\/revisions"}],"predecessor-version":[{"id":90760,"href":"https:\/\/www.accuratereviews.com\/it\/wp-json\/wp\/v2\/pages\/90661\/revisions\/90760"}],"up":[{"embeddable":true,"href":"https:\/\/www.accuratereviews.com\/it\/wp-json\/wp\/v2\/pages\/87246"}],"wp:featuredmedia":[{"embeddable":true,"href":"https:\/\/www.accuratereviews.com\/it\/wp-json\/wp\/v2\/media\/90671"}],"wp:attachment":[{"href":"https:\/\/www.accuratereviews.com\/it\/wp-json\/wp\/v2\/media?parent=90661"}],"wp:term":[{"taxonomy":"category","embeddable":true,"href":"https:\/\/www.accuratereviews.com\/it\/wp-json\/wp\/v2\/categories?post=90661"},{"taxonomy":"post_tag","embeddable":true,"href":"https:\/\/www.accuratereviews.com\/it\/wp-json\/wp\/v2\/tags?post=90661"},{"taxonomy":"features","embeddable":true,"href":"https:\/\/www.accuratereviews.com\/it\/wp-json\/wp\/v2\/features?post=90661"}],"curies":[{"name":"wp","href":"https:\/\/api.w.org\/{rel}","templated":true}]}}