{"id":90716,"date":"2025-05-15T20:11:16","date_gmt":"2025-05-15T20:11:16","guid":{"rendered":"https:\/\/www.accuratereviews.com\/?page_id=90716"},"modified":"2025-05-16T10:04:50","modified_gmt":"2025-05-16T10:04:50","slug":"timecheck-recensione","status":"publish","type":"page","link":"https:\/\/www.accuratereviews.com\/it\/programmi-gestione-turni-lavoro\/timecheck-recensione\/","title":{"rendered":"TimeCheck"},"content":{"rendered":"<p><strong>TimeCheck<\/strong> \u00e8 un <strong>software di gestione presenze<\/strong>, basato sul <strong>web<\/strong>, progettato per aiutare le organizzazioni a monitorare e registrare le ore di lavoro dei dipendenti. Le funzionalit\u00e0 includono autenticazione biometrica, geolocalizzazione, accesso remoto, importazione\/esportazione dati, gestione delle autorizzazioni utente e tracciabilit\u00e0. L&#8217;applicazione consente ai manager di approvare permessi o straordinari, gestire i cambi di turno tra pi\u00f9 gruppi e monitorare il numero di dipendenti presenti tramite una scheda attivit\u00e0 online in tempo reale.<br \/>\nLa funzione di <strong>TimeCheck<\/strong> per le ferie retribuite consente agli stakeholder di configurare il numero minimo di ore di lavoro all&#8217;interno dell&#8217;organizzazione e di impostare i giorni di validit\u00e0\/scadenza per l&#8217;invio delle richieste di indennit\u00e0. Grazie alla dashboard, gli amministratori possono visualizzare e monitorare lo stato attuale del personale presente o assente, monitorare le approvazioni di permessi o lavoro in sospeso e registrare eventuali discrepanze di orario tramite rappresentazioni grafiche.<\/p>\n<h2>TIMECHECK &#8211; TUTORIAL<\/h2>\n<div id=\"fluid-wrapper-counter-1\" class=\"g1-fluid-wrapper \" style=\"width:686px;\">\n<div style=\"padding-bottom:56.268221574344%;\"><iframe loading=\"lazy\" title=\"Timecheck Software solutions\" width=\"515\" height=\"386\" src=\"https:\/\/www.youtube.com\/embed\/zx4S9_D48I0?feature=oembed&amp;wmode=transparent&amp;autohide=1&amp;autoplay=0&amp;disablekb=0&amp;fs=1&amp;loop=0&amp;enablejsapi=1&amp;rel=0&amp;controls=2&amp;showinfo=0&amp;wmode=transparent&amp;autohide=2&amp;autoplay=0&amp;disablekb=0&amp;fs=1&amp;loop=0&amp;enablejsapi=1&amp;rel=0&amp;controls=2&amp;showinfo=1\" frameborder=\"0\" allow=\"accelerometer; autoplay; clipboard-write; encrypted-media; gyroscope; picture-in-picture; web-share\" referrerpolicy=\"strict-origin-when-cross-origin\" allowfullscreen><\/iframe><\/div>\n<\/div>\n<h3>TIMECHECK &#8211; CARATTERISTICHE<\/h3>\n<ul>\n<li><strong>Gerarchia di approvazione multilivello<\/strong>: l&#8217;approvazione di ferie\/permessi\/straordinari\/turni con promemoria di notifica consente ai manager di pianificare strategicamente la forza lavoro.<\/li>\n<li><strong>Visibilit\u00e0 in tempo reale<\/strong>: ottieni i dati sulle presenze da diverse fonti in tempo reale e ottieni la trasparenza necessaria per visualizzare le schede presenze online con un solo clic.<\/li>\n<li><strong>Generazione di report completa<\/strong>: acquisisci\u00a0un&#8217;ampia gamma di report sulle presenze in base alle tue esigenze di gestione paghe e ottieni informazioni utili per migliorare la produttivit\u00e0 dei dipendenti.<\/li>\n<li><strong>App mobile<\/strong>: visualizza facilmente i rapporti della dashboard e gestisci le presenze dei tuoi dipendenti ovunque ti trovi, in qualsiasi momento e con facilit\u00e0 dal tuo smartphone.<\/li>\n<li><strong>Gestisci qualsiasi tipo di turno<\/strong>: elimina gli sforzi manuali nella gestione dei turni dei dipendenti e semplifica l&#8217;intera gestione dei turni per diversi gruppi di dipendenti.<\/li>\n<li><strong>Tracciamento delle presenze geolocalizzato<\/strong>: i\u00a0dipendenti sul campo non devono pi\u00f9 affidarsi al terminale di rilevazione presenze biometrico, possono timbrare anche da remoto utilizzando la loro app mobile.<\/li>\n<li><strong>Integrazione con la gestione paghe<\/strong>: riduci errori costosi e perdite di tempo grazie all&#8217;integrazione perfetta delle informazioni su ferie e presenze per tutti i dipendenti.<\/li>\n<li><strong>Prodotto certificato Microsoft<\/strong>: l&#8217;applicazione \u00e8 progettata e sviluppata da professionisti certificati Microsoft con una conoscenza approfondita della tecnologia Microsoft.<\/li>\n<\/ul>\n<h4>LE RECENSIONI DEGLI UTENTI<\/h4>\n<p><strong>Raphael &#8220;Buon software, ha il potenziale per fare ci\u00f2 che \u00e8 necessario&#8221;<\/strong><br \/>\n<strong>Commenti<\/strong>: Questa applicazione \u00e8 facile da usare, ha un efficace sistema di gestione delle presenze, conveniente e aiuta a raggiungere gli obiettivi dell&#8217;organizzazione.<br \/>\n<strong>Pro<\/strong>: Le opzioni del dashboard e del calendario sono utili per un datore di lavoro per monitorare a colpo d&#8217;occhio il riepilogo delle presenze dei propri dipendenti.<br \/>\n<strong>Contro<\/strong>: Non c&#8217;\u00e8 niente che non piaccia in questo software in quanto \u00e8 facile da usare ed efficace. Ma diventer\u00e0 pi\u00f9 simpatico se questo software \u00e8 pi\u00f9 pertinente alle migliori pratiche specifiche del settore.<\/p>\n<p><strong>Luella &#8220;\u00c8 una buona applicazione per la gestione delle presenze dei dipendenti&#8221;<\/strong><br \/>\n<strong>Commenti<\/strong>: Utilizzo questa applicazione da tre anni e la trovo di gran lunga migliore di qualsiasi altra abbia mai usato finora.<br \/>\n<strong>Pro<\/strong>: \u00c8 molto intuitivo e ci consente di ottenere numerosi report in un lasso di tempo molto breve.<br \/>\n<strong>Contro<\/strong>: Finora non ho trovato alcun aspetto negativo in TimeCheck.<\/p>\n<p><strong>Subhakant &#8220;Un&#8217;applicazione molto utile per la gestione del sistema di presenza dei dipendenti&#8221;<\/strong><br \/>\n<strong>Commenti<\/strong>: Riduce gran parte del lavoro manuale e fornisce la maggior parte dei report nella dashboard su presenze, assenze, ingressi in ritardo e registrazioni non elaborate. Il modulo di gestione dei turni \u00e8 stato personalizzato da TimeCheck in base alle esigenze della nostra organizzazione.<br \/>\n<strong>Pro<\/strong>: Semplice e intuitivo, ma molto accattivante, possiede la maggior parte delle funzionalit\u00e0 che stiamo cercando.<br \/>\n<strong>Contro<\/strong>: Per ora non ho particolari controindicazioni e l&#8217;assistenza fa un ottimo lavoro.<\/p>\n","protected":false},"excerpt":{"rendered":"<p>TimeCheck \u00e8 un software di gestione presenze basato sul web, progettato per aiutare le organizzazioni a monitorare e registrare le ore di lavoro dei dipendenti. Le funzionalit\u00e0 includono autenticazione biometrica, geolocalizzazione, accesso remoto, importazione\/esportazione dati, gestione delle autorizzazioni utente e tracciabilit\u00e0.<\/p>\n","protected":false},"author":19,"featured_media":90719,"parent":87246,"menu_order":0,"comment_status":"open","ping_status":"closed","template":"g1_template_page_review_new.php","meta":{"_acf_changed":false,"cwp_meta_box_check":"Yes","cwp_rev_product_name":"","cwp_rev_product_image":"","wppr_links":[],"cwp_rev_price":"0.00","wppr_options":[{"name":"Usability","value":"0"},{"name":"Speed","value":"0"},{"name":"Features","value":"0"},{"name":"Support","value":"0"},{"name":"Pricing","value":"0"}],"wppr_pros":["","","","",""],"wppr_cons":["","","","",""],"_monsterinsights_skip_tracking":false,"_monsterinsights_sitenote_active":false,"_monsterinsights_sitenote_note":"","_monsterinsights_sitenote_category":0,"footnotes":""},"categories":[16111],"tags":[16146,16121,16120,16144,16225,16123],"features":[],"class_list":{"0":"post-90716","1":"page","2":"type-page","3":"status-publish","4":"has-post-thumbnail","6":"category-programmi-per-turni-di-lavoro","7":"tag-piattaforma-turni-di-lavoro","8":"tag-programma-turni-di-lavoro","9":"tag-software-turni-di-lavoro","10":"tag-soluzione-turni-di-lavoro","11":"tag-timecheck","12":"tag-turni-di-lavoro"},"wppr_data":{"cwp_meta_box_check":"Yes","_wppr_review_template":"default","cwp_rev_product_image":"","cwp_image_link":"image","wppr_links":[],"cwp_rev_price":"0.00","wppr_pros":["","","","",""],"wppr_cons":["","","","",""],"wppr_rating":"0.00","wppr_options":{"1":{"name":"Usability","value":"0"},"2":{"name":"Speed","value":"0"},"3":{"name":"Features","value":"0"},"4":{"name":"Support","value":"0"},"5":{"name":"Pricing","value":"0"}},"wppr_review_type":"Product","wppr_review_custom_fields":{"additionalProperty":"","additionalType":"","aggregateRating":"","alternateName":"","audience":"","award":"","awards":"","brand":"","color":"","depth":"","description":"","disambiguatingDescription":"","gtin12":"","gtin13":"","gtin14":"","gtin8":"","height":"","identifier":"","image":"","isAccessoryOrSparePartFor":"","isConsumableFor":"","isRelatedTo":"","isSimilarTo":"","itemCondition":"","logo":"","mainEntityOfPage":"","manufacturer":"","material":"","model":"","mpn":"","name":"","offers":"","potentialAction":"","productID":"","productionDate":"","purchaseDate":"","releaseDate":"","review":"","reviews":"","sameAs":"","sku":"","slogan":"","subjectOf":"","url":"","weight":"","width":""}},"acf":[],"yoast_head":"<!-- This site is optimized with the Yoast SEO plugin v27.4 - https:\/\/yoast.com\/product\/yoast-seo-wordpress\/ -->\n<title>TimeCheck: recensione software turni di lavoro - Accurate Reviews<\/title>\n<meta name=\"description\" content=\"TimeCheck: recensione software gestione presenze progettato per aiutare le organizzazioni a monitorare e registrare le ore di lavoro.\" \/>\n<meta name=\"robots\" content=\"index, follow, max-snippet:-1, max-image-preview:large, max-video-preview:-1\" \/>\n<link rel=\"canonical\" href=\"https:\/\/www.accuratereviews.com\/it\/programmi-gestione-turni-lavoro\/timecheck-recensione\/\" \/>\n<meta property=\"og:locale\" content=\"it_IT\" \/>\n<meta property=\"og:type\" content=\"article\" \/>\n<meta property=\"og:title\" content=\"TimeCheck: recensione software turni di lavoro - Accurate Reviews\" \/>\n<meta property=\"og:description\" content=\"TimeCheck: recensione software gestione presenze progettato per aiutare le organizzazioni a monitorare e registrare le ore di lavoro.\" \/>\n<meta property=\"og:url\" content=\"https:\/\/www.accuratereviews.com\/it\/programmi-gestione-turni-lavoro\/timecheck-recensione\/\" \/>\n<meta property=\"og:site_name\" content=\"Accurate Reviews\" \/>\n<meta property=\"article:modified_time\" content=\"2025-05-16T10:04:50+00:00\" \/>\n<meta property=\"og:image\" content=\"https:\/\/www.accuratereviews.com\/wp-content\/uploads\/2025\/05\/TimeCheck.jpeg\" \/>\n\t<meta property=\"og:image:width\" content=\"225\" \/>\n\t<meta property=\"og:image:height\" content=\"225\" \/>\n\t<meta property=\"og:image:type\" content=\"image\/jpeg\" \/>\n<meta name=\"twitter:card\" content=\"summary_large_image\" \/>\n<meta name=\"twitter:label1\" content=\"Tempo di lettura stimato\" \/>\n\t<meta name=\"twitter:data1\" content=\"5 minuti\" \/>\n<script type=\"application\/ld+json\" class=\"yoast-schema-graph\">{\"@context\":\"https:\\\/\\\/schema.org\",\"@graph\":[{\"@type\":\"WebPage\",\"@id\":\"https:\\\/\\\/www.accuratereviews.com\\\/it\\\/programmi-gestione-turni-lavoro\\\/timecheck-recensione\\\/\",\"url\":\"https:\\\/\\\/www.accuratereviews.com\\\/it\\\/programmi-gestione-turni-lavoro\\\/timecheck-recensione\\\/\",\"name\":\"TimeCheck: recensione software turni di lavoro - Accurate Reviews\",\"isPartOf\":{\"@id\":\"https:\\\/\\\/www.accuratereviews.com\\\/it\\\/#website\"},\"primaryImageOfPage\":{\"@id\":\"https:\\\/\\\/www.accuratereviews.com\\\/it\\\/programmi-gestione-turni-lavoro\\\/timecheck-recensione\\\/#primaryimage\"},\"image\":{\"@id\":\"https:\\\/\\\/www.accuratereviews.com\\\/it\\\/programmi-gestione-turni-lavoro\\\/timecheck-recensione\\\/#primaryimage\"},\"thumbnailUrl\":\"https:\\\/\\\/www.accuratereviews.com\\\/wp-content\\\/uploads\\\/2025\\\/05\\\/TimeCheck.jpeg\",\"datePublished\":\"2025-05-15T20:11:16+00:00\",\"dateModified\":\"2025-05-16T10:04:50+00:00\",\"description\":\"TimeCheck: recensione software gestione presenze progettato per aiutare le organizzazioni a monitorare e registrare le ore di lavoro.\",\"breadcrumb\":{\"@id\":\"https:\\\/\\\/www.accuratereviews.com\\\/it\\\/programmi-gestione-turni-lavoro\\\/timecheck-recensione\\\/#breadcrumb\"},\"inLanguage\":\"it-IT\",\"potentialAction\":[{\"@type\":\"ReadAction\",\"target\":[\"https:\\\/\\\/www.accuratereviews.com\\\/it\\\/programmi-gestione-turni-lavoro\\\/timecheck-recensione\\\/\"]}]},{\"@type\":\"ImageObject\",\"inLanguage\":\"it-IT\",\"@id\":\"https:\\\/\\\/www.accuratereviews.com\\\/it\\\/programmi-gestione-turni-lavoro\\\/timecheck-recensione\\\/#primaryimage\",\"url\":\"https:\\\/\\\/www.accuratereviews.com\\\/wp-content\\\/uploads\\\/2025\\\/05\\\/TimeCheck.jpeg\",\"contentUrl\":\"https:\\\/\\\/www.accuratereviews.com\\\/wp-content\\\/uploads\\\/2025\\\/05\\\/TimeCheck.jpeg\",\"width\":225,\"height\":225},{\"@type\":\"BreadcrumbList\",\"@id\":\"https:\\\/\\\/www.accuratereviews.com\\\/it\\\/programmi-gestione-turni-lavoro\\\/timecheck-recensione\\\/#breadcrumb\",\"itemListElement\":[{\"@type\":\"ListItem\",\"position\":1,\"name\":\"Home\",\"item\":\"https:\\\/\\\/www.accuratereviews.com\\\/it\\\/\"},{\"@type\":\"ListItem\",\"position\":2,\"name\":\"Programmi per turni di lavoro\",\"item\":\"https:\\\/\\\/www.accuratereviews.com\\\/it\\\/programmi-gestione-turni-lavoro\\\/\"},{\"@type\":\"ListItem\",\"position\":3,\"name\":\"TimeCheck\"}]},{\"@type\":\"WebSite\",\"@id\":\"https:\\\/\\\/www.accuratereviews.com\\\/it\\\/#website\",\"url\":\"https:\\\/\\\/www.accuratereviews.com\\\/it\\\/\",\"name\":\"Accurate Reviews\",\"description\":\"\",\"potentialAction\":[{\"@type\":\"SearchAction\",\"target\":{\"@type\":\"EntryPoint\",\"urlTemplate\":\"https:\\\/\\\/www.accuratereviews.com\\\/it\\\/?s={search_term_string}\"},\"query-input\":{\"@type\":\"PropertyValueSpecification\",\"valueRequired\":true,\"valueName\":\"search_term_string\"}}],\"inLanguage\":\"it-IT\"}]}<\/script>\n<!-- \/ Yoast SEO plugin. -->","yoast_head_json":{"title":"TimeCheck: recensione software turni di lavoro - Accurate Reviews","description":"TimeCheck: recensione software gestione presenze progettato per aiutare le organizzazioni a monitorare e registrare le ore di lavoro.","robots":{"index":"index","follow":"follow","max-snippet":"max-snippet:-1","max-image-preview":"max-image-preview:large","max-video-preview":"max-video-preview:-1"},"canonical":"https:\/\/www.accuratereviews.com\/it\/programmi-gestione-turni-lavoro\/timecheck-recensione\/","og_locale":"it_IT","og_type":"article","og_title":"TimeCheck: recensione software turni di lavoro - Accurate Reviews","og_description":"TimeCheck: recensione software gestione presenze progettato per aiutare le organizzazioni a monitorare e registrare le ore di lavoro.","og_url":"https:\/\/www.accuratereviews.com\/it\/programmi-gestione-turni-lavoro\/timecheck-recensione\/","og_site_name":"Accurate Reviews","article_modified_time":"2025-05-16T10:04:50+00:00","og_image":[{"width":225,"height":225,"url":"https:\/\/www.accuratereviews.com\/wp-content\/uploads\/2025\/05\/TimeCheck.jpeg","type":"image\/jpeg"}],"twitter_card":"summary_large_image","twitter_misc":{"Tempo di lettura stimato":"5 minuti"},"schema":{"@context":"https:\/\/schema.org","@graph":[{"@type":"WebPage","@id":"https:\/\/www.accuratereviews.com\/it\/programmi-gestione-turni-lavoro\/timecheck-recensione\/","url":"https:\/\/www.accuratereviews.com\/it\/programmi-gestione-turni-lavoro\/timecheck-recensione\/","name":"TimeCheck: recensione software turni di lavoro - Accurate Reviews","isPartOf":{"@id":"https:\/\/www.accuratereviews.com\/it\/#website"},"primaryImageOfPage":{"@id":"https:\/\/www.accuratereviews.com\/it\/programmi-gestione-turni-lavoro\/timecheck-recensione\/#primaryimage"},"image":{"@id":"https:\/\/www.accuratereviews.com\/it\/programmi-gestione-turni-lavoro\/timecheck-recensione\/#primaryimage"},"thumbnailUrl":"https:\/\/www.accuratereviews.com\/wp-content\/uploads\/2025\/05\/TimeCheck.jpeg","datePublished":"2025-05-15T20:11:16+00:00","dateModified":"2025-05-16T10:04:50+00:00","description":"TimeCheck: recensione software gestione presenze progettato per aiutare le organizzazioni a monitorare e registrare le ore di lavoro.","breadcrumb":{"@id":"https:\/\/www.accuratereviews.com\/it\/programmi-gestione-turni-lavoro\/timecheck-recensione\/#breadcrumb"},"inLanguage":"it-IT","potentialAction":[{"@type":"ReadAction","target":["https:\/\/www.accuratereviews.com\/it\/programmi-gestione-turni-lavoro\/timecheck-recensione\/"]}]},{"@type":"ImageObject","inLanguage":"it-IT","@id":"https:\/\/www.accuratereviews.com\/it\/programmi-gestione-turni-lavoro\/timecheck-recensione\/#primaryimage","url":"https:\/\/www.accuratereviews.com\/wp-content\/uploads\/2025\/05\/TimeCheck.jpeg","contentUrl":"https:\/\/www.accuratereviews.com\/wp-content\/uploads\/2025\/05\/TimeCheck.jpeg","width":225,"height":225},{"@type":"BreadcrumbList","@id":"https:\/\/www.accuratereviews.com\/it\/programmi-gestione-turni-lavoro\/timecheck-recensione\/#breadcrumb","itemListElement":[{"@type":"ListItem","position":1,"name":"Home","item":"https:\/\/www.accuratereviews.com\/it\/"},{"@type":"ListItem","position":2,"name":"Programmi per turni di lavoro","item":"https:\/\/www.accuratereviews.com\/it\/programmi-gestione-turni-lavoro\/"},{"@type":"ListItem","position":3,"name":"TimeCheck"}]},{"@type":"WebSite","@id":"https:\/\/www.accuratereviews.com\/it\/#website","url":"https:\/\/www.accuratereviews.com\/it\/","name":"Accurate Reviews","description":"","potentialAction":[{"@type":"SearchAction","target":{"@type":"EntryPoint","urlTemplate":"https:\/\/www.accuratereviews.com\/it\/?s={search_term_string}"},"query-input":{"@type":"PropertyValueSpecification","valueRequired":true,"valueName":"search_term_string"}}],"inLanguage":"it-IT"}]}},"_links":{"self":[{"href":"https:\/\/www.accuratereviews.com\/it\/wp-json\/wp\/v2\/pages\/90716","targetHints":{"allow":["GET"]}}],"collection":[{"href":"https:\/\/www.accuratereviews.com\/it\/wp-json\/wp\/v2\/pages"}],"about":[{"href":"https:\/\/www.accuratereviews.com\/it\/wp-json\/wp\/v2\/types\/page"}],"author":[{"embeddable":true,"href":"https:\/\/www.accuratereviews.com\/it\/wp-json\/wp\/v2\/users\/19"}],"replies":[{"embeddable":true,"href":"https:\/\/www.accuratereviews.com\/it\/wp-json\/wp\/v2\/comments?post=90716"}],"version-history":[{"count":13,"href":"https:\/\/www.accuratereviews.com\/it\/wp-json\/wp\/v2\/pages\/90716\/revisions"}],"predecessor-version":[{"id":90748,"href":"https:\/\/www.accuratereviews.com\/it\/wp-json\/wp\/v2\/pages\/90716\/revisions\/90748"}],"up":[{"embeddable":true,"href":"https:\/\/www.accuratereviews.com\/it\/wp-json\/wp\/v2\/pages\/87246"}],"wp:featuredmedia":[{"embeddable":true,"href":"https:\/\/www.accuratereviews.com\/it\/wp-json\/wp\/v2\/media\/90719"}],"wp:attachment":[{"href":"https:\/\/www.accuratereviews.com\/it\/wp-json\/wp\/v2\/media?parent=90716"}],"wp:term":[{"taxonomy":"category","embeddable":true,"href":"https:\/\/www.accuratereviews.com\/it\/wp-json\/wp\/v2\/categories?post=90716"},{"taxonomy":"post_tag","embeddable":true,"href":"https:\/\/www.accuratereviews.com\/it\/wp-json\/wp\/v2\/tags?post=90716"},{"taxonomy":"features","embeddable":true,"href":"https:\/\/www.accuratereviews.com\/it\/wp-json\/wp\/v2\/features?post=90716"}],"curies":[{"name":"wp","href":"https:\/\/api.w.org\/{rel}","templated":true}]}}