{"id":90876,"date":"2025-05-20T17:57:36","date_gmt":"2025-05-20T17:57:36","guid":{"rendered":"https:\/\/www.accuratereviews.com\/?page_id=90876"},"modified":"2025-05-21T10:14:48","modified_gmt":"2025-05-21T10:14:48","slug":"vrchat-recensione","status":"publish","type":"page","link":"https:\/\/www.accuratereviews.com\/it\/piattaforme-metaverso-lista\/vrchat-recensione\/","title":{"rendered":"VRChat"},"content":{"rendered":"<p class=\"\" data-start=\"100\" data-end=\"783\"><strong data-start=\"100\" data-end=\"110\">VRChat<\/strong> \u00e8 una delle piattaforme social pi\u00f9 popolari nel panorama del <strong>metaverso<\/strong>, progettata per creare, condividere e vivere esperienze immersive in realt\u00e0 virtuale. La sua forza principale risiede nella possibilit\u00e0 di personalizzare gli avatar in modo dettagliato e di accedere a migliaia di mondi generati dagli utenti, dove \u00e8 possibile socializzare, partecipare a eventi, giocare o semplicemente esplorare.<br data-start=\"511\" data-end=\"514\" \/>Non \u00e8 necessaria una visore VR per utilizzare <strong>VRChat<\/strong>: \u00e8 accessibile anche da desktop, rendendolo fruibile a una fascia di pubblico pi\u00f9 ampia. La community \u00e8 al centro del progetto, con spazi dedicati al roleplay, alla musica, alle arti visive e ai giochi collaborativi.<\/p>\n<h2 data-start=\"100\" data-end=\"783\">VRCHAT &#8211; TUTORIAL<\/h2>\n<div id=\"fluid-wrapper-counter-1\" class=\"g1-fluid-wrapper \" style=\"width:686px;\">\n<div style=\"padding-bottom:56.268221574344%;\"><iframe loading=\"lazy\" title=\"Introducing the Avatar Marketplace | VRChat Developer Update\" width=\"686\" height=\"386\" src=\"https:\/\/www.youtube.com\/embed\/MWH1RA3bEz0?feature=oembed&amp;wmode=transparent&amp;autohide=1&amp;autoplay=0&amp;disablekb=0&amp;fs=1&amp;loop=0&amp;enablejsapi=1&amp;rel=0&amp;controls=2&amp;showinfo=0&amp;wmode=transparent&amp;autohide=2&amp;autoplay=0&amp;disablekb=0&amp;fs=1&amp;loop=0&amp;enablejsapi=1&amp;rel=0&amp;controls=2&amp;showinfo=1\" frameborder=\"0\" allow=\"accelerometer; autoplay; clipboard-write; encrypted-media; gyroscope; picture-in-picture; web-share\" referrerpolicy=\"strict-origin-when-cross-origin\" allowfullscreen><\/iframe><\/div>\n<\/div>\n<h3>VRCHAT &#8211; CARATTERISTICHE<\/h3>\n<ul>\n<li class=\"\" data-start=\"1041\" data-end=\"1108\">\n<p class=\"\" data-start=\"1043\" data-end=\"1108\">Avatar completamente personalizzabili (anche in 3D tramite Unity)<\/p>\n<\/li>\n<li class=\"\" data-start=\"1109\" data-end=\"1149\">\n<p class=\"\" data-start=\"1111\" data-end=\"1149\">Oltre 25.000 mondi creati dagli utenti<\/p>\n<\/li>\n<li class=\"\" data-start=\"1150\" data-end=\"1210\">\n<p class=\"\" data-start=\"1152\" data-end=\"1210\">Supporto per eventi live, concerti, talk e giochi di ruolo<\/p>\n<\/li>\n<li class=\"\" data-start=\"1211\" data-end=\"1266\">\n<p class=\"\" data-start=\"1213\" data-end=\"1266\">Integrazione con visori VR (Oculus Rift, Quest, Vive)<\/p>\n<\/li>\n<li class=\"\" data-start=\"1267\" data-end=\"1319\">\n<p class=\"\" data-start=\"1269\" data-end=\"1319\">Compatibilit\u00e0 anche in modalit\u00e0 desktop (senza VR)<\/p>\n<\/li>\n<li class=\"\" data-start=\"1320\" data-end=\"1379\">\n<p class=\"\" data-start=\"1322\" data-end=\"1379\">Community attiva con moderazione e strumenti di sicurezza<\/p>\n<\/li>\n<li class=\"\" data-start=\"1380\" data-end=\"1442\">\n<p class=\"\" data-start=\"1382\" data-end=\"1442\">Sistema di espressioni facciali e movimento labiale (per VR)<\/p>\n<\/li>\n<li class=\"\" data-start=\"1443\" data-end=\"1486\">\n<p class=\"\" data-start=\"1445\" data-end=\"1486\">Voice chat in tempo reale e chat di testo<\/p>\n<\/li>\n<li class=\"\" data-start=\"1487\" data-end=\"1535\">\n<p class=\"\" data-start=\"1489\" data-end=\"1535\">Supporto alla creazione di mondi via Unity SDK<\/p>\n<\/li>\n<li class=\"\" data-start=\"1536\" data-end=\"1604\">\n<p class=\"\" data-start=\"1538\" data-end=\"1604\">Ingresso libero e gratuita per la maggior parte delle funzionalit\u00e0.<\/p>\n<\/li>\n<\/ul>\n","protected":false},"excerpt":{"rendered":"<p>VRChat \u00e8 una delle piattaforme social pi\u00f9 popolari nel panorama del metaverso, progettata per creare, condividere e vivere esperienze immersive in realt\u00e0 virtuale. La sua forza principale risiede nella possibilit\u00e0 di personalizzare gli avatar in modo dettagliato e di accedere a migliaia di mondi generati dagli utenti, dove \u00e8 possibile socializzare, partecipare a eventi, giocare o semplicemente esplorare.<\/p>\n","protected":false},"author":17,"featured_media":90884,"parent":90478,"menu_order":0,"comment_status":"open","ping_status":"closed","template":"g1_template_page_review_new.php","meta":{"_acf_changed":false,"cwp_meta_box_check":"No","cwp_rev_product_name":"","cwp_rev_product_image":"","wppr_links":[],"cwp_rev_price":"","wppr_options":[],"wppr_pros":[],"wppr_cons":[],"_monsterinsights_skip_tracking":false,"_monsterinsights_sitenote_active":false,"_monsterinsights_sitenote_note":"","_monsterinsights_sitenote_category":0,"footnotes":""},"categories":[16193],"tags":[16196,16186,16201,16252,16202,16251],"features":[],"class_list":{"0":"post-90876","1":"page","2":"type-page","3":"status-publish","4":"has-post-thumbnail","6":"category-metaverso","7":"tag-esplorare-il-metaverso","8":"tag-metaverso","9":"tag-piattaforma-metaverso","10":"tag-software-metaverso","11":"tag-soluzione-metaverso","12":"tag-vrchat"},"wppr_data":{"cwp_meta_box_check":"No"},"acf":[],"yoast_head":"<!-- This site is optimized with the Yoast SEO plugin v27.4 - https:\/\/yoast.com\/product\/yoast-seo-wordpress\/ -->\n<title>VRChat: piattaforma metaverso recensione - Accurate Reviews<\/title>\n<meta name=\"description\" content=\"VRChat: recensione piattaforma del metaverso, progettata per creare, condividere e vivere esperienze immersive in realt\u00e0 virtuale.\" \/>\n<meta name=\"robots\" content=\"index, follow, max-snippet:-1, max-image-preview:large, max-video-preview:-1\" \/>\n<link rel=\"canonical\" href=\"https:\/\/www.accuratereviews.com\/it\/piattaforme-metaverso-lista\/vrchat-recensione\/\" \/>\n<meta property=\"og:locale\" content=\"it_IT\" \/>\n<meta property=\"og:type\" content=\"article\" \/>\n<meta property=\"og:title\" content=\"VRChat: piattaforma metaverso recensione - Accurate Reviews\" \/>\n<meta property=\"og:description\" content=\"VRChat: recensione piattaforma del metaverso, progettata per creare, condividere e vivere esperienze immersive in realt\u00e0 virtuale.\" \/>\n<meta property=\"og:url\" content=\"https:\/\/www.accuratereviews.com\/it\/piattaforme-metaverso-lista\/vrchat-recensione\/\" \/>\n<meta property=\"og:site_name\" content=\"Accurate Reviews\" \/>\n<meta property=\"article:modified_time\" content=\"2025-05-21T10:14:48+00:00\" \/>\n<meta property=\"og:image\" content=\"https:\/\/www.accuratereviews.com\/wp-content\/uploads\/2025\/05\/images-3.png\" \/>\n\t<meta property=\"og:image:width\" content=\"422\" \/>\n\t<meta property=\"og:image:height\" content=\"241\" \/>\n\t<meta property=\"og:image:type\" content=\"image\/png\" \/>\n<meta name=\"twitter:card\" content=\"summary_large_image\" \/>\n<meta name=\"twitter:label1\" content=\"Tempo di lettura stimato\" \/>\n\t<meta name=\"twitter:data1\" content=\"2 minuti\" \/>\n<script type=\"application\/ld+json\" class=\"yoast-schema-graph\">{\"@context\":\"https:\\\/\\\/schema.org\",\"@graph\":[{\"@type\":\"WebPage\",\"@id\":\"https:\\\/\\\/www.accuratereviews.com\\\/it\\\/piattaforme-metaverso-lista\\\/vrchat-recensione\\\/\",\"url\":\"https:\\\/\\\/www.accuratereviews.com\\\/it\\\/piattaforme-metaverso-lista\\\/vrchat-recensione\\\/\",\"name\":\"VRChat: piattaforma metaverso recensione - Accurate Reviews\",\"isPartOf\":{\"@id\":\"https:\\\/\\\/www.accuratereviews.com\\\/it\\\/#website\"},\"primaryImageOfPage\":{\"@id\":\"https:\\\/\\\/www.accuratereviews.com\\\/it\\\/piattaforme-metaverso-lista\\\/vrchat-recensione\\\/#primaryimage\"},\"image\":{\"@id\":\"https:\\\/\\\/www.accuratereviews.com\\\/it\\\/piattaforme-metaverso-lista\\\/vrchat-recensione\\\/#primaryimage\"},\"thumbnailUrl\":\"https:\\\/\\\/www.accuratereviews.com\\\/wp-content\\\/uploads\\\/2025\\\/05\\\/images-3.png\",\"datePublished\":\"2025-05-20T17:57:36+00:00\",\"dateModified\":\"2025-05-21T10:14:48+00:00\",\"description\":\"VRChat: recensione piattaforma del metaverso, progettata per creare, condividere e vivere esperienze immersive in realt\u00e0 virtuale.\",\"breadcrumb\":{\"@id\":\"https:\\\/\\\/www.accuratereviews.com\\\/it\\\/piattaforme-metaverso-lista\\\/vrchat-recensione\\\/#breadcrumb\"},\"inLanguage\":\"it-IT\",\"potentialAction\":[{\"@type\":\"ReadAction\",\"target\":[\"https:\\\/\\\/www.accuratereviews.com\\\/it\\\/piattaforme-metaverso-lista\\\/vrchat-recensione\\\/\"]}]},{\"@type\":\"ImageObject\",\"inLanguage\":\"it-IT\",\"@id\":\"https:\\\/\\\/www.accuratereviews.com\\\/it\\\/piattaforme-metaverso-lista\\\/vrchat-recensione\\\/#primaryimage\",\"url\":\"https:\\\/\\\/www.accuratereviews.com\\\/wp-content\\\/uploads\\\/2025\\\/05\\\/images-3.png\",\"contentUrl\":\"https:\\\/\\\/www.accuratereviews.com\\\/wp-content\\\/uploads\\\/2025\\\/05\\\/images-3.png\",\"width\":422,\"height\":241},{\"@type\":\"BreadcrumbList\",\"@id\":\"https:\\\/\\\/www.accuratereviews.com\\\/it\\\/piattaforme-metaverso-lista\\\/vrchat-recensione\\\/#breadcrumb\",\"itemListElement\":[{\"@type\":\"ListItem\",\"position\":1,\"name\":\"Home\",\"item\":\"https:\\\/\\\/www.accuratereviews.com\\\/it\\\/\"},{\"@type\":\"ListItem\",\"position\":2,\"name\":\"Piattaforme metaverso\",\"item\":\"https:\\\/\\\/www.accuratereviews.com\\\/it\\\/piattaforme-metaverso-lista\\\/\"},{\"@type\":\"ListItem\",\"position\":3,\"name\":\"VRChat\"}]},{\"@type\":\"WebSite\",\"@id\":\"https:\\\/\\\/www.accuratereviews.com\\\/it\\\/#website\",\"url\":\"https:\\\/\\\/www.accuratereviews.com\\\/it\\\/\",\"name\":\"Accurate Reviews\",\"description\":\"\",\"potentialAction\":[{\"@type\":\"SearchAction\",\"target\":{\"@type\":\"EntryPoint\",\"urlTemplate\":\"https:\\\/\\\/www.accuratereviews.com\\\/it\\\/?s={search_term_string}\"},\"query-input\":{\"@type\":\"PropertyValueSpecification\",\"valueRequired\":true,\"valueName\":\"search_term_string\"}}],\"inLanguage\":\"it-IT\"}]}<\/script>\n<!-- \/ Yoast SEO plugin. -->","yoast_head_json":{"title":"VRChat: piattaforma metaverso recensione - Accurate Reviews","description":"VRChat: recensione piattaforma del metaverso, progettata per creare, condividere e vivere esperienze immersive in realt\u00e0 virtuale.","robots":{"index":"index","follow":"follow","max-snippet":"max-snippet:-1","max-image-preview":"max-image-preview:large","max-video-preview":"max-video-preview:-1"},"canonical":"https:\/\/www.accuratereviews.com\/it\/piattaforme-metaverso-lista\/vrchat-recensione\/","og_locale":"it_IT","og_type":"article","og_title":"VRChat: piattaforma metaverso recensione - Accurate Reviews","og_description":"VRChat: recensione piattaforma del metaverso, progettata per creare, condividere e vivere esperienze immersive in realt\u00e0 virtuale.","og_url":"https:\/\/www.accuratereviews.com\/it\/piattaforme-metaverso-lista\/vrchat-recensione\/","og_site_name":"Accurate Reviews","article_modified_time":"2025-05-21T10:14:48+00:00","og_image":[{"width":422,"height":241,"url":"https:\/\/www.accuratereviews.com\/wp-content\/uploads\/2025\/05\/images-3.png","type":"image\/png"}],"twitter_card":"summary_large_image","twitter_misc":{"Tempo di lettura stimato":"2 minuti"},"schema":{"@context":"https:\/\/schema.org","@graph":[{"@type":"WebPage","@id":"https:\/\/www.accuratereviews.com\/it\/piattaforme-metaverso-lista\/vrchat-recensione\/","url":"https:\/\/www.accuratereviews.com\/it\/piattaforme-metaverso-lista\/vrchat-recensione\/","name":"VRChat: piattaforma metaverso recensione - Accurate Reviews","isPartOf":{"@id":"https:\/\/www.accuratereviews.com\/it\/#website"},"primaryImageOfPage":{"@id":"https:\/\/www.accuratereviews.com\/it\/piattaforme-metaverso-lista\/vrchat-recensione\/#primaryimage"},"image":{"@id":"https:\/\/www.accuratereviews.com\/it\/piattaforme-metaverso-lista\/vrchat-recensione\/#primaryimage"},"thumbnailUrl":"https:\/\/www.accuratereviews.com\/wp-content\/uploads\/2025\/05\/images-3.png","datePublished":"2025-05-20T17:57:36+00:00","dateModified":"2025-05-21T10:14:48+00:00","description":"VRChat: recensione piattaforma del metaverso, progettata per creare, condividere e vivere esperienze immersive in realt\u00e0 virtuale.","breadcrumb":{"@id":"https:\/\/www.accuratereviews.com\/it\/piattaforme-metaverso-lista\/vrchat-recensione\/#breadcrumb"},"inLanguage":"it-IT","potentialAction":[{"@type":"ReadAction","target":["https:\/\/www.accuratereviews.com\/it\/piattaforme-metaverso-lista\/vrchat-recensione\/"]}]},{"@type":"ImageObject","inLanguage":"it-IT","@id":"https:\/\/www.accuratereviews.com\/it\/piattaforme-metaverso-lista\/vrchat-recensione\/#primaryimage","url":"https:\/\/www.accuratereviews.com\/wp-content\/uploads\/2025\/05\/images-3.png","contentUrl":"https:\/\/www.accuratereviews.com\/wp-content\/uploads\/2025\/05\/images-3.png","width":422,"height":241},{"@type":"BreadcrumbList","@id":"https:\/\/www.accuratereviews.com\/it\/piattaforme-metaverso-lista\/vrchat-recensione\/#breadcrumb","itemListElement":[{"@type":"ListItem","position":1,"name":"Home","item":"https:\/\/www.accuratereviews.com\/it\/"},{"@type":"ListItem","position":2,"name":"Piattaforme metaverso","item":"https:\/\/www.accuratereviews.com\/it\/piattaforme-metaverso-lista\/"},{"@type":"ListItem","position":3,"name":"VRChat"}]},{"@type":"WebSite","@id":"https:\/\/www.accuratereviews.com\/it\/#website","url":"https:\/\/www.accuratereviews.com\/it\/","name":"Accurate Reviews","description":"","potentialAction":[{"@type":"SearchAction","target":{"@type":"EntryPoint","urlTemplate":"https:\/\/www.accuratereviews.com\/it\/?s={search_term_string}"},"query-input":{"@type":"PropertyValueSpecification","valueRequired":true,"valueName":"search_term_string"}}],"inLanguage":"it-IT"}]}},"_links":{"self":[{"href":"https:\/\/www.accuratereviews.com\/it\/wp-json\/wp\/v2\/pages\/90876","targetHints":{"allow":["GET"]}}],"collection":[{"href":"https:\/\/www.accuratereviews.com\/it\/wp-json\/wp\/v2\/pages"}],"about":[{"href":"https:\/\/www.accuratereviews.com\/it\/wp-json\/wp\/v2\/types\/page"}],"author":[{"embeddable":true,"href":"https:\/\/www.accuratereviews.com\/it\/wp-json\/wp\/v2\/users\/17"}],"replies":[{"embeddable":true,"href":"https:\/\/www.accuratereviews.com\/it\/wp-json\/wp\/v2\/comments?post=90876"}],"version-history":[{"count":2,"href":"https:\/\/www.accuratereviews.com\/it\/wp-json\/wp\/v2\/pages\/90876\/revisions"}],"predecessor-version":[{"id":90890,"href":"https:\/\/www.accuratereviews.com\/it\/wp-json\/wp\/v2\/pages\/90876\/revisions\/90890"}],"up":[{"embeddable":true,"href":"https:\/\/www.accuratereviews.com\/it\/wp-json\/wp\/v2\/pages\/90478"}],"wp:featuredmedia":[{"embeddable":true,"href":"https:\/\/www.accuratereviews.com\/it\/wp-json\/wp\/v2\/media\/90884"}],"wp:attachment":[{"href":"https:\/\/www.accuratereviews.com\/it\/wp-json\/wp\/v2\/media?parent=90876"}],"wp:term":[{"taxonomy":"category","embeddable":true,"href":"https:\/\/www.accuratereviews.com\/it\/wp-json\/wp\/v2\/categories?post=90876"},{"taxonomy":"post_tag","embeddable":true,"href":"https:\/\/www.accuratereviews.com\/it\/wp-json\/wp\/v2\/tags?post=90876"},{"taxonomy":"features","embeddable":true,"href":"https:\/\/www.accuratereviews.com\/it\/wp-json\/wp\/v2\/features?post=90876"}],"curies":[{"name":"wp","href":"https:\/\/api.w.org\/{rel}","templated":true}]}}