{"id":90898,"date":"2025-05-21T15:54:04","date_gmt":"2025-05-21T15:54:04","guid":{"rendered":"https:\/\/www.accuratereviews.com\/?page_id=90898"},"modified":"2025-05-22T09:40:18","modified_gmt":"2025-05-22T09:40:18","slug":"attendlab-recensione","status":"publish","type":"page","link":"https:\/\/www.accuratereviews.com\/it\/programmi-gestione-turni-lavoro\/attendlab-recensione\/","title":{"rendered":"AttendLab"},"content":{"rendered":"<p><strong>AttendLab<\/strong> \u00e8 una soluzione di <strong>monitoraggio delle presenze<\/strong>, basata su <strong>cloud<\/strong>, progettata per aiutare le aziende a gestire i dati dei dipendenti e a monitorarne le presenze in pi\u00f9 sedi. Consente agli utenti di raccogliere informazioni cruciali sui dipendenti, incluse le foto per il riconoscimento facciale, all&#8217;interno di un database unificato di riferimento.<br \/>\nLe funzionalit\u00e0 principali sono il riconoscimento biometrico, il monitoraggio del tempo, l&#8217;accesso da dispositivi mobili e la gestione delle schede attivit\u00e0. Il sistema consente agli amministratori di monitorare le attivit\u00e0 dei dipendenti, tenere traccia degli orari di accesso\/uscita e concedere autorizzazioni di accesso ai membri del team per la visualizzazione dei dati.<strong> AttendLab<\/strong> utilizza il riconoscimento facciale, che riconosce diverse caratteristiche fisiche dei dipendenti, come barba e veli religiosi, con la possibilit\u00e0 di abilitare restrizioni geografiche e relative all&#8217;indirizzo IP.<\/p>\n<h2>ATTENDLAB &#8211; TUTORIAL<\/h2>\n<div id=\"fluid-wrapper-counter-1\" class=\"g1-fluid-wrapper \" style=\"width:686px;\">\n<div style=\"padding-bottom:56.268221574344%;\"><iframe loading=\"lazy\" title=\"AttendLab User Guide\" width=\"686\" height=\"386\" src=\"https:\/\/www.youtube.com\/embed\/oJ-El5m5zHM?feature=oembed&amp;wmode=transparent&amp;autohide=1&amp;autoplay=0&amp;disablekb=0&amp;fs=1&amp;loop=0&amp;enablejsapi=1&amp;rel=0&amp;controls=2&amp;showinfo=0&amp;wmode=transparent&amp;autohide=2&amp;autoplay=0&amp;disablekb=0&amp;fs=1&amp;loop=0&amp;enablejsapi=1&amp;rel=0&amp;controls=2&amp;showinfo=1\" frameborder=\"0\" allow=\"accelerometer; autoplay; clipboard-write; encrypted-media; gyroscope; picture-in-picture; web-share\" referrerpolicy=\"strict-origin-when-cross-origin\" allowfullscreen><\/iframe><\/div>\n<\/div>\n<h3>ATTENDLAB &#8211; CARATTERISTICHE<\/h3>\n<ul>\n<li>Identificazione rapida e accurata dei dipendenti, anche con mascherine, occhiali o cambiamenti di aspetto.<\/li>\n<li>Elimina la timbratura a coppie e le registrazioni fraudolente delle presenze.<\/li>\n<li>Registra istantaneamente il check-in e il check-out dei dipendenti.<\/li>\n<li>Dashboard in tempo reale per supervisori e Risorse Umane per monitorare la presenza e la puntualit\u00e0 del personale.<\/li>\n<li>Concedi l&#8217;accesso in base al ruolo: amministratori, Risorse Umane, responsabili e supervisori.<\/li>\n<li>Limita la visibilit\u00e0 dei dati in base a sede, team o reparto.<\/li>\n<li>I registri di controllo completi mostrano chi ha effettuato l&#8217;accesso a cosa e quando.<\/li>\n<li>Allinea automaticamente i dati delle presenze al fuso orario locale di ciascun dipendente.<\/li>\n<li>Reporting centralizzato per tutti i fusi orari.<\/li>\n<li>Genera fogli presenze dettagliati per dipendente in base ai dati effettivi di presenza.<\/li>\n<li>Supporta periodi di retribuzione personalizzati, calcoli degli straordinari ed esportazione in buste paga.<\/li>\n<li>Riduce gli errori manuali e semplifica l&#8217;elaborazione delle risorse umane.<\/li>\n<li>Non richiede server o installazioni locali. \u2014 Completamente ospitato nel cloud.<\/li>\n<li>Accesso in qualsiasi momento tramite interfaccia web e mobile sicura.<\/li>\n<li>Si integra perfettamente con NetSuite, Zoho, SAP e altri sistemi.<\/li>\n<li>Consente la sincronizzazione di buste paga, gestione delle ferie e reporting della forza lavoro.<\/li>\n<li>Conserva registri storici completi con timestamp per conformit\u00e0 e uso legale.<\/li>\n<li>Report esportabili per audit o revisioni interne.<\/li>\n<\/ul>\n<h4>LE RECENSIONI DEGLI UTENTI<\/h4>\n<p><strong>Alex &#8220;Un ottimo strumento per la gestione delle presenze&#8221;<\/strong><br \/>\n<strong>Pro<\/strong>: Cercavo uno strumento per la gestione delle presenze sul lavoro che fosse facile da usare. La verit\u00e0 \u00e8 che ha soddisfatto le mie aspettative.<br \/>\n<strong>Contro<\/strong>: Vorrei che fosse tradotto anche in spagnolo.<\/p>\n<p><strong>Laura &#8220;Buon software di cronometraggio&#8221;<\/strong><br \/>\n<strong>Commenti<\/strong>: \u00c8 uno strumento molto utile per timbrare il cartellino e controllare chi sta lavorando, quali dispositivi sta utilizzando e quando entra ed esce. \u00c8 disponibile per Android ed \u00e8 ancora in fase di sviluppo per iOS.<br \/>\n<strong>Pro<\/strong>: \u00c8 molto facile da installare e utilizzare. Gratuito per un singolo dispositivo. Supporto eccellente per tutti gli utenti, indipendentemente dal fatto che paghino di pi\u00f9 o di meno.<br \/>\n<strong>Contro<\/strong>: Non \u00e8 ancora implementato per iOS e questo potrebbe rappresentare un problema.<\/p>\n<p><strong>H\u00e9ctor &#8220;Semplificare la gestione del personale e dell&#8217;assistenza&#8221;<\/strong><br \/>\n<strong>Commenti<\/strong>: Una vera scoperta per migliorare la produttivit\u00e0 lavorativa. Inoltre, la dashboard e la funzionalit\u00e0 di reporting esportabile sono strumenti utili per la gestione dei dati e il processo decisionale.<br \/>\n<strong>Pro<\/strong>: Le funzionalit\u00e0 di riconoscimento facciale e la possibilit\u00e0 di verificare le foto dei dipendenti garantiscono qualit\u00e0 ed efficienza nel monitoraggio delle presenze. Inoltre, la sua capacit\u00e0 di generare report esportabili in diversi formati potrebbe rivelarsi utile per la gestione dei dati e il processo decisionale in azienda.<br \/>\n<strong>Contro<\/strong>: Solo in inglese. Anche se, fortunatamente, \u00e8 facile da capire. Non abbiamo riscontrato alcuna compatibilit\u00e0 nemmeno con i dispositivi iOS. Forse in un futuro aggiornamento potr\u00e0 essere utilizzato con questi.<\/p>\n","protected":false},"excerpt":{"rendered":"<p>AttendLab \u00e8 una soluzione di monitoraggio delle presenze, basata su cloud, progettata per aiutare le aziende a gestire i dati dei dipendenti e a monitorarne le presenze in pi\u00f9 sedi. Consente agli utenti di raccogliere informazioni cruciali sui dipendenti, incluse le foto per il riconoscimento facciale, all&#8217;interno di un database unificato di riferimento. <\/p>\n","protected":false},"author":19,"featured_media":90900,"parent":87246,"menu_order":0,"comment_status":"open","ping_status":"closed","template":"g1_template_page_review_new.php","meta":{"_acf_changed":false,"cwp_meta_box_check":"No","cwp_rev_product_name":"","cwp_rev_product_image":"","wppr_links":[],"cwp_rev_price":"","wppr_options":[],"wppr_pros":[],"wppr_cons":[],"_monsterinsights_skip_tracking":false,"_monsterinsights_sitenote_active":false,"_monsterinsights_sitenote_note":"","_monsterinsights_sitenote_category":0,"footnotes":""},"categories":[16111],"tags":[16250,16146,16121,16120,16144,16123],"features":[],"class_list":{"0":"post-90898","1":"page","2":"type-page","3":"status-publish","4":"has-post-thumbnail","6":"category-programmi-per-turni-di-lavoro","7":"tag-attendlab","8":"tag-piattaforma-turni-di-lavoro","9":"tag-programma-turni-di-lavoro","10":"tag-software-turni-di-lavoro","11":"tag-soluzione-turni-di-lavoro","12":"tag-turni-di-lavoro"},"wppr_data":{"cwp_meta_box_check":"No"},"acf":[],"yoast_head":"<!-- This site is optimized with the Yoast SEO plugin v27.4 - https:\/\/yoast.com\/product\/yoast-seo-wordpress\/ -->\n<title>AttendLab: recensione software turni di lavoro - Accurate Reviews<\/title>\n<meta name=\"description\" content=\"AttendLab: recensione software monitoraggio delle presenze per gestire i dati dei dipendenti e monitorarne le presenze in pi\u00f9 sedi.\" \/>\n<meta name=\"robots\" content=\"index, follow, max-snippet:-1, max-image-preview:large, max-video-preview:-1\" \/>\n<link rel=\"canonical\" href=\"https:\/\/www.accuratereviews.com\/it\/programmi-gestione-turni-lavoro\/attendlab-recensione\/\" \/>\n<meta property=\"og:locale\" content=\"it_IT\" \/>\n<meta property=\"og:type\" content=\"article\" \/>\n<meta property=\"og:title\" content=\"AttendLab: recensione software turni di lavoro - Accurate Reviews\" \/>\n<meta property=\"og:description\" content=\"AttendLab: recensione software monitoraggio delle presenze per gestire i dati dei dipendenti e monitorarne le presenze in pi\u00f9 sedi.\" \/>\n<meta property=\"og:url\" content=\"https:\/\/www.accuratereviews.com\/it\/programmi-gestione-turni-lavoro\/attendlab-recensione\/\" \/>\n<meta property=\"og:site_name\" content=\"Accurate Reviews\" \/>\n<meta property=\"article:modified_time\" content=\"2025-05-22T09:40:18+00:00\" \/>\n<meta property=\"og:image\" content=\"https:\/\/www.accuratereviews.com\/wp-content\/uploads\/2025\/05\/AttendLab.jpeg\" \/>\n\t<meta property=\"og:image:width\" content=\"225\" \/>\n\t<meta property=\"og:image:height\" content=\"225\" \/>\n\t<meta property=\"og:image:type\" content=\"image\/jpeg\" \/>\n<meta name=\"twitter:card\" content=\"summary_large_image\" \/>\n<meta name=\"twitter:label1\" content=\"Tempo di lettura stimato\" \/>\n\t<meta name=\"twitter:data1\" content=\"5 minuti\" \/>\n<script type=\"application\/ld+json\" class=\"yoast-schema-graph\">{\"@context\":\"https:\\\/\\\/schema.org\",\"@graph\":[{\"@type\":\"WebPage\",\"@id\":\"https:\\\/\\\/www.accuratereviews.com\\\/it\\\/programmi-gestione-turni-lavoro\\\/attendlab-recensione\\\/\",\"url\":\"https:\\\/\\\/www.accuratereviews.com\\\/it\\\/programmi-gestione-turni-lavoro\\\/attendlab-recensione\\\/\",\"name\":\"AttendLab: recensione software turni di lavoro - Accurate Reviews\",\"isPartOf\":{\"@id\":\"https:\\\/\\\/www.accuratereviews.com\\\/it\\\/#website\"},\"primaryImageOfPage\":{\"@id\":\"https:\\\/\\\/www.accuratereviews.com\\\/it\\\/programmi-gestione-turni-lavoro\\\/attendlab-recensione\\\/#primaryimage\"},\"image\":{\"@id\":\"https:\\\/\\\/www.accuratereviews.com\\\/it\\\/programmi-gestione-turni-lavoro\\\/attendlab-recensione\\\/#primaryimage\"},\"thumbnailUrl\":\"https:\\\/\\\/www.accuratereviews.com\\\/wp-content\\\/uploads\\\/2025\\\/05\\\/AttendLab.jpeg\",\"datePublished\":\"2025-05-21T15:54:04+00:00\",\"dateModified\":\"2025-05-22T09:40:18+00:00\",\"description\":\"AttendLab: recensione software monitoraggio delle presenze per gestire i dati dei dipendenti e monitorarne le presenze in pi\u00f9 sedi.\",\"breadcrumb\":{\"@id\":\"https:\\\/\\\/www.accuratereviews.com\\\/it\\\/programmi-gestione-turni-lavoro\\\/attendlab-recensione\\\/#breadcrumb\"},\"inLanguage\":\"it-IT\",\"potentialAction\":[{\"@type\":\"ReadAction\",\"target\":[\"https:\\\/\\\/www.accuratereviews.com\\\/it\\\/programmi-gestione-turni-lavoro\\\/attendlab-recensione\\\/\"]}]},{\"@type\":\"ImageObject\",\"inLanguage\":\"it-IT\",\"@id\":\"https:\\\/\\\/www.accuratereviews.com\\\/it\\\/programmi-gestione-turni-lavoro\\\/attendlab-recensione\\\/#primaryimage\",\"url\":\"https:\\\/\\\/www.accuratereviews.com\\\/wp-content\\\/uploads\\\/2025\\\/05\\\/AttendLab.jpeg\",\"contentUrl\":\"https:\\\/\\\/www.accuratereviews.com\\\/wp-content\\\/uploads\\\/2025\\\/05\\\/AttendLab.jpeg\",\"width\":225,\"height\":225},{\"@type\":\"BreadcrumbList\",\"@id\":\"https:\\\/\\\/www.accuratereviews.com\\\/it\\\/programmi-gestione-turni-lavoro\\\/attendlab-recensione\\\/#breadcrumb\",\"itemListElement\":[{\"@type\":\"ListItem\",\"position\":1,\"name\":\"Home\",\"item\":\"https:\\\/\\\/www.accuratereviews.com\\\/it\\\/\"},{\"@type\":\"ListItem\",\"position\":2,\"name\":\"Programmi per turni di lavoro\",\"item\":\"https:\\\/\\\/www.accuratereviews.com\\\/it\\\/programmi-gestione-turni-lavoro\\\/\"},{\"@type\":\"ListItem\",\"position\":3,\"name\":\"AttendLab\"}]},{\"@type\":\"WebSite\",\"@id\":\"https:\\\/\\\/www.accuratereviews.com\\\/it\\\/#website\",\"url\":\"https:\\\/\\\/www.accuratereviews.com\\\/it\\\/\",\"name\":\"Accurate Reviews\",\"description\":\"\",\"potentialAction\":[{\"@type\":\"SearchAction\",\"target\":{\"@type\":\"EntryPoint\",\"urlTemplate\":\"https:\\\/\\\/www.accuratereviews.com\\\/it\\\/?s={search_term_string}\"},\"query-input\":{\"@type\":\"PropertyValueSpecification\",\"valueRequired\":true,\"valueName\":\"search_term_string\"}}],\"inLanguage\":\"it-IT\"}]}<\/script>\n<!-- \/ Yoast SEO plugin. -->","yoast_head_json":{"title":"AttendLab: recensione software turni di lavoro - Accurate Reviews","description":"AttendLab: recensione software monitoraggio delle presenze per gestire i dati dei dipendenti e monitorarne le presenze in pi\u00f9 sedi.","robots":{"index":"index","follow":"follow","max-snippet":"max-snippet:-1","max-image-preview":"max-image-preview:large","max-video-preview":"max-video-preview:-1"},"canonical":"https:\/\/www.accuratereviews.com\/it\/programmi-gestione-turni-lavoro\/attendlab-recensione\/","og_locale":"it_IT","og_type":"article","og_title":"AttendLab: recensione software turni di lavoro - Accurate Reviews","og_description":"AttendLab: recensione software monitoraggio delle presenze per gestire i dati dei dipendenti e monitorarne le presenze in pi\u00f9 sedi.","og_url":"https:\/\/www.accuratereviews.com\/it\/programmi-gestione-turni-lavoro\/attendlab-recensione\/","og_site_name":"Accurate Reviews","article_modified_time":"2025-05-22T09:40:18+00:00","og_image":[{"width":225,"height":225,"url":"https:\/\/www.accuratereviews.com\/wp-content\/uploads\/2025\/05\/AttendLab.jpeg","type":"image\/jpeg"}],"twitter_card":"summary_large_image","twitter_misc":{"Tempo di lettura stimato":"5 minuti"},"schema":{"@context":"https:\/\/schema.org","@graph":[{"@type":"WebPage","@id":"https:\/\/www.accuratereviews.com\/it\/programmi-gestione-turni-lavoro\/attendlab-recensione\/","url":"https:\/\/www.accuratereviews.com\/it\/programmi-gestione-turni-lavoro\/attendlab-recensione\/","name":"AttendLab: recensione software turni di lavoro - Accurate Reviews","isPartOf":{"@id":"https:\/\/www.accuratereviews.com\/it\/#website"},"primaryImageOfPage":{"@id":"https:\/\/www.accuratereviews.com\/it\/programmi-gestione-turni-lavoro\/attendlab-recensione\/#primaryimage"},"image":{"@id":"https:\/\/www.accuratereviews.com\/it\/programmi-gestione-turni-lavoro\/attendlab-recensione\/#primaryimage"},"thumbnailUrl":"https:\/\/www.accuratereviews.com\/wp-content\/uploads\/2025\/05\/AttendLab.jpeg","datePublished":"2025-05-21T15:54:04+00:00","dateModified":"2025-05-22T09:40:18+00:00","description":"AttendLab: recensione software monitoraggio delle presenze per gestire i dati dei dipendenti e monitorarne le presenze in pi\u00f9 sedi.","breadcrumb":{"@id":"https:\/\/www.accuratereviews.com\/it\/programmi-gestione-turni-lavoro\/attendlab-recensione\/#breadcrumb"},"inLanguage":"it-IT","potentialAction":[{"@type":"ReadAction","target":["https:\/\/www.accuratereviews.com\/it\/programmi-gestione-turni-lavoro\/attendlab-recensione\/"]}]},{"@type":"ImageObject","inLanguage":"it-IT","@id":"https:\/\/www.accuratereviews.com\/it\/programmi-gestione-turni-lavoro\/attendlab-recensione\/#primaryimage","url":"https:\/\/www.accuratereviews.com\/wp-content\/uploads\/2025\/05\/AttendLab.jpeg","contentUrl":"https:\/\/www.accuratereviews.com\/wp-content\/uploads\/2025\/05\/AttendLab.jpeg","width":225,"height":225},{"@type":"BreadcrumbList","@id":"https:\/\/www.accuratereviews.com\/it\/programmi-gestione-turni-lavoro\/attendlab-recensione\/#breadcrumb","itemListElement":[{"@type":"ListItem","position":1,"name":"Home","item":"https:\/\/www.accuratereviews.com\/it\/"},{"@type":"ListItem","position":2,"name":"Programmi per turni di lavoro","item":"https:\/\/www.accuratereviews.com\/it\/programmi-gestione-turni-lavoro\/"},{"@type":"ListItem","position":3,"name":"AttendLab"}]},{"@type":"WebSite","@id":"https:\/\/www.accuratereviews.com\/it\/#website","url":"https:\/\/www.accuratereviews.com\/it\/","name":"Accurate Reviews","description":"","potentialAction":[{"@type":"SearchAction","target":{"@type":"EntryPoint","urlTemplate":"https:\/\/www.accuratereviews.com\/it\/?s={search_term_string}"},"query-input":{"@type":"PropertyValueSpecification","valueRequired":true,"valueName":"search_term_string"}}],"inLanguage":"it-IT"}]}},"_links":{"self":[{"href":"https:\/\/www.accuratereviews.com\/it\/wp-json\/wp\/v2\/pages\/90898","targetHints":{"allow":["GET"]}}],"collection":[{"href":"https:\/\/www.accuratereviews.com\/it\/wp-json\/wp\/v2\/pages"}],"about":[{"href":"https:\/\/www.accuratereviews.com\/it\/wp-json\/wp\/v2\/types\/page"}],"author":[{"embeddable":true,"href":"https:\/\/www.accuratereviews.com\/it\/wp-json\/wp\/v2\/users\/19"}],"replies":[{"embeddable":true,"href":"https:\/\/www.accuratereviews.com\/it\/wp-json\/wp\/v2\/comments?post=90898"}],"version-history":[{"count":7,"href":"https:\/\/www.accuratereviews.com\/it\/wp-json\/wp\/v2\/pages\/90898\/revisions"}],"predecessor-version":[{"id":90934,"href":"https:\/\/www.accuratereviews.com\/it\/wp-json\/wp\/v2\/pages\/90898\/revisions\/90934"}],"up":[{"embeddable":true,"href":"https:\/\/www.accuratereviews.com\/it\/wp-json\/wp\/v2\/pages\/87246"}],"wp:featuredmedia":[{"embeddable":true,"href":"https:\/\/www.accuratereviews.com\/it\/wp-json\/wp\/v2\/media\/90900"}],"wp:attachment":[{"href":"https:\/\/www.accuratereviews.com\/it\/wp-json\/wp\/v2\/media?parent=90898"}],"wp:term":[{"taxonomy":"category","embeddable":true,"href":"https:\/\/www.accuratereviews.com\/it\/wp-json\/wp\/v2\/categories?post=90898"},{"taxonomy":"post_tag","embeddable":true,"href":"https:\/\/www.accuratereviews.com\/it\/wp-json\/wp\/v2\/tags?post=90898"},{"taxonomy":"features","embeddable":true,"href":"https:\/\/www.accuratereviews.com\/it\/wp-json\/wp\/v2\/features?post=90898"}],"curies":[{"name":"wp","href":"https:\/\/api.w.org\/{rel}","templated":true}]}}