{"id":90925,"date":"2025-05-22T11:25:59","date_gmt":"2025-05-22T11:25:59","guid":{"rendered":"https:\/\/www.accuratereviews.com\/?page_id=90925"},"modified":"2025-05-22T11:25:59","modified_gmt":"2025-05-22T11:25:59","slug":"hourstack-recensione","status":"publish","type":"page","link":"https:\/\/www.accuratereviews.com\/it\/programmi-gestione-turni-lavoro\/hourstack-recensione\/","title":{"rendered":"HourStack"},"content":{"rendered":"<p><strong>HourStack<\/strong> \u00e8 un calendario visivo completo che ti aiuta a <strong>visualizzare, pianificare e monitorare il tempo<\/strong> del tuo team in attivit\u00e0 e progetti in una visione completa. Personalizzato in base al tuo flusso di lavoro, pu\u00f2 essere integralo con i tuoi strumenti preferiti come Asana, Todoist, Google Calendar, Trello e altri ancora.<br \/>\nCon <strong>HourStack <\/strong>puoi pianificare facilmente le attivit\u00e0, monitorare con precisione il tempo, creare report fruibili e personalizzare il tuo spazio di lavoro e le tue autorizzazioni.<\/p>\n<h2>HOURSTACK &#8211; TUTORIAL<\/h2>\n<div id=\"fluid-wrapper-counter-1\" class=\"g1-fluid-wrapper \" style=\"width:686px;\">\n<div style=\"padding-bottom:56.268221574344%;\"><iframe loading=\"lazy\" title=\"Hourstack test\" width=\"686\" height=\"386\" src=\"https:\/\/www.youtube.com\/embed\/yhDALLlFmVg?feature=oembed&amp;wmode=transparent&amp;autohide=1&amp;autoplay=0&amp;disablekb=0&amp;fs=1&amp;loop=0&amp;enablejsapi=1&amp;rel=0&amp;controls=2&amp;showinfo=0&amp;wmode=transparent&amp;autohide=2&amp;autoplay=0&amp;disablekb=0&amp;fs=1&amp;loop=0&amp;enablejsapi=1&amp;rel=0&amp;controls=2&amp;showinfo=1\" frameborder=\"0\" allow=\"accelerometer; autoplay; clipboard-write; encrypted-media; gyroscope; picture-in-picture; web-share\" referrerpolicy=\"strict-origin-when-cross-origin\" allowfullscreen><\/iframe><\/div>\n<\/div>\n<h3>HOURSTACK &#8211; CARATTERISTICHE<\/h3>\n<ul>\n<li>Riduci i tempi di consegna con modelli personalizzati<\/li>\n<li>Monitora l&#8217;impegno per ottenere risultati con la pianificazione OKR<\/li>\n<li>Gestisci progetti complessi su larga scala<\/li>\n<li>Crea piani visivi che mantengano i team sulla buona strada<\/li>\n<li>Accelera la consegna con modelli e calendari<\/li>\n<li>Sfrutta l&#8217;intelligenza artificiale per accelerare la creazione di contenuti<\/li>\n<li>Ottieni flussi di lavoro flessibili e agili per team in rapida evoluzione<\/li>\n<li>Riduci i tempi di sviluppo con roadmap visive<\/li>\n<li>Comunica aggiornamenti e priorit\u00e0 di prodotto<\/li>\n<li>Ottieni flussi di lavoro flessibili e agili per team in rapida evoluzione<\/li>\n<li>Monitora dipendenze e risorse tra i team<\/li>\n<li>Automatizza e integra nel tuo stack tecnologico<\/li>\n<li>Visualizza progetti, progressi e lavoro di squadra<\/li>\n<li>Accelera i cicli di collaborazione e feedback<\/li>\n<li>Ottimizza risorse e produttivit\u00e0<\/li>\n<\/ul>\n<h4>LE RECENSIONI DEGLI UTENTI<\/h4>\n<p><strong>Steve &#8220;\u00c8 diventato pi\u00f9 costoso, ma \u00e8 ancora il tracker del tempo pi\u00f9 intuitivo&#8221;<\/strong><br \/>\n<strong>Commenti<\/strong>: Eccellente nel complesso e ne sono soddisfatto, ma sono contento di non dover pagare per i livelli di prezzo pi\u00f9 alti.<br \/>\n<strong>Pro<\/strong>: Adoro il modo in cui HourStack mostra le tue voci di tempo. \u00c8 di gran lunga il programma pi\u00f9 intuitivo (almeno per me) per lanciare attivit\u00e0 da vari programmi (tonnellate di task manager connessi) e mettersi al lavoro. Vedere visivamente ci\u00f2 che hai fatto e devi fare \u00e8 molto facile e rende semplicissimo vedere dove hai trascorso la giornata.<br \/>\n<strong>Contro<\/strong>: Il prezzo \u00e8 piuttosto alto per il piano aziendale e anche per il piano del team. La versione Enterprise \u00e8 pi\u00f9 che programmi completi di gestione dei progetti, alcuni dei quali hanno il loro monitoraggio del tempo integrato!<\/p>\n<p><strong>Sander &#8220;Ottimo strumento per un libero professionista&#8221;<\/strong><br \/>\n<strong>Pro<\/strong>: l&#8217;integrazione con strumenti di gestione progetti come Trello e la creazione di report lo rendono uno strumento eccellente!<br \/>\n<strong>Contro<\/strong>: Non c&#8217;\u00e8 niente che non mi piaccia di questo strumento, quando ho avuto domande i ragazzi di Hourstack sono stati disponibili ad aiutarmi molto rapidamente.<\/p>\n<p><strong>Ayodele &#8220;Facile da usare, efficiente, efficace&#8221;<\/strong><br \/>\n<strong>Commenti<\/strong>: Pianificazione coerente di riunioni e attivit\u00e0 su due piattaforme di calendario: Google Calendar e Asana. Reporting accurato dell&#8217;utilizzo delle risorse per progetto.<br \/>\n<strong>Pro<\/strong>: Le integrazioni e il reporting. Posso estrarre dati dal mio Google Calendar e dall&#8217;elenco attivit\u00e0 di Asana per una visualizzazione consolidata degli eventi. Apprezzo anche il tagging e le associazioni di progetto con Asana. Posso generare report sui progetti che mi assorbono la maggior parte del tempo.<br \/>\n<strong>Contro<\/strong>: Non riesco a generare facilmente riunioni ripetute. Posso usare la funzione modello, ma non ho avuto il tempo di provarla. Se potessimo rendere un&#8217;attivit\u00e0 ripetibile, ridurremmo i tempi amministrativi del 50%.<\/p>\n","protected":false},"excerpt":{"rendered":"<p>HourStack \u00e8 un calendario visivo completo che ti aiuta a visualizzare, pianificare e monitorare il tempo del tuo team in attivit\u00e0 e progetti in una visione completa. Personalizzato in base al tuo flusso di lavoro, pu\u00f2 essere integralo con i tuoi strumenti preferiti come Asana, Todoist, Google Calendar, Trello e altri ancora.<\/p>\n","protected":false},"author":19,"featured_media":90926,"parent":87246,"menu_order":0,"comment_status":"open","ping_status":"closed","template":"g1_template_page_review_new.php","meta":{"_acf_changed":false,"cwp_meta_box_check":"No","cwp_rev_product_name":"","cwp_rev_product_image":"","wppr_links":[],"cwp_rev_price":"","wppr_options":[],"wppr_pros":[],"wppr_cons":[],"_monsterinsights_skip_tracking":false,"_monsterinsights_sitenote_active":false,"_monsterinsights_sitenote_note":"","_monsterinsights_sitenote_category":0,"footnotes":""},"categories":[16111],"tags":[16253,16146,16121,16120,16144,16123],"features":[],"class_list":{"0":"post-90925","1":"page","2":"type-page","3":"status-publish","4":"has-post-thumbnail","6":"category-programmi-per-turni-di-lavoro","7":"tag-hourstack","8":"tag-piattaforma-turni-di-lavoro","9":"tag-programma-turni-di-lavoro","10":"tag-software-turni-di-lavoro","11":"tag-soluzione-turni-di-lavoro","12":"tag-turni-di-lavoro"},"wppr_data":{"cwp_meta_box_check":"No"},"acf":[],"yoast_head":"<!-- This site is optimized with the Yoast SEO plugin v27.4 - https:\/\/yoast.com\/product\/yoast-seo-wordpress\/ -->\n<title>HourStack: recensione software turni di lavoro - Accurate Reviews<\/title>\n<meta name=\"description\" content=\"HourStack: recensione soluzione che ti aiuta a pianificare e monitorare il tempo del tuo team in attivit\u00e0 e progetti in una visione completa.\" \/>\n<meta name=\"robots\" content=\"index, follow, max-snippet:-1, max-image-preview:large, max-video-preview:-1\" \/>\n<link rel=\"canonical\" href=\"https:\/\/www.accuratereviews.com\/it\/programmi-gestione-turni-lavoro\/hourstack-recensione\/\" \/>\n<meta property=\"og:locale\" content=\"it_IT\" \/>\n<meta property=\"og:type\" content=\"article\" \/>\n<meta property=\"og:title\" content=\"HourStack: recensione software turni di lavoro - Accurate Reviews\" \/>\n<meta property=\"og:description\" content=\"HourStack: recensione soluzione che ti aiuta a pianificare e monitorare il tempo del tuo team in attivit\u00e0 e progetti in una visione completa.\" \/>\n<meta property=\"og:url\" content=\"https:\/\/www.accuratereviews.com\/it\/programmi-gestione-turni-lavoro\/hourstack-recensione\/\" \/>\n<meta property=\"og:site_name\" content=\"Accurate Reviews\" \/>\n<meta property=\"og:image\" content=\"https:\/\/www.accuratereviews.com\/wp-content\/uploads\/2025\/05\/HourStack.png\" \/>\n\t<meta property=\"og:image:width\" content=\"600\" \/>\n\t<meta property=\"og:image:height\" content=\"315\" \/>\n\t<meta property=\"og:image:type\" content=\"image\/png\" \/>\n<meta name=\"twitter:card\" content=\"summary_large_image\" \/>\n<meta name=\"twitter:label1\" content=\"Tempo di lettura stimato\" \/>\n\t<meta name=\"twitter:data1\" content=\"4 minuti\" \/>\n<script type=\"application\/ld+json\" class=\"yoast-schema-graph\">{\"@context\":\"https:\\\/\\\/schema.org\",\"@graph\":[{\"@type\":\"WebPage\",\"@id\":\"https:\\\/\\\/www.accuratereviews.com\\\/it\\\/programmi-gestione-turni-lavoro\\\/hourstack-recensione\\\/\",\"url\":\"https:\\\/\\\/www.accuratereviews.com\\\/it\\\/programmi-gestione-turni-lavoro\\\/hourstack-recensione\\\/\",\"name\":\"HourStack: recensione software turni di lavoro - Accurate Reviews\",\"isPartOf\":{\"@id\":\"https:\\\/\\\/www.accuratereviews.com\\\/it\\\/#website\"},\"primaryImageOfPage\":{\"@id\":\"https:\\\/\\\/www.accuratereviews.com\\\/it\\\/programmi-gestione-turni-lavoro\\\/hourstack-recensione\\\/#primaryimage\"},\"image\":{\"@id\":\"https:\\\/\\\/www.accuratereviews.com\\\/it\\\/programmi-gestione-turni-lavoro\\\/hourstack-recensione\\\/#primaryimage\"},\"thumbnailUrl\":\"https:\\\/\\\/www.accuratereviews.com\\\/wp-content\\\/uploads\\\/2025\\\/05\\\/HourStack.png\",\"datePublished\":\"2025-05-22T11:25:59+00:00\",\"description\":\"HourStack: recensione soluzione che ti aiuta a pianificare e monitorare il tempo del tuo team in attivit\u00e0 e progetti in una visione completa.\",\"breadcrumb\":{\"@id\":\"https:\\\/\\\/www.accuratereviews.com\\\/it\\\/programmi-gestione-turni-lavoro\\\/hourstack-recensione\\\/#breadcrumb\"},\"inLanguage\":\"it-IT\",\"potentialAction\":[{\"@type\":\"ReadAction\",\"target\":[\"https:\\\/\\\/www.accuratereviews.com\\\/it\\\/programmi-gestione-turni-lavoro\\\/hourstack-recensione\\\/\"]}]},{\"@type\":\"ImageObject\",\"inLanguage\":\"it-IT\",\"@id\":\"https:\\\/\\\/www.accuratereviews.com\\\/it\\\/programmi-gestione-turni-lavoro\\\/hourstack-recensione\\\/#primaryimage\",\"url\":\"https:\\\/\\\/www.accuratereviews.com\\\/wp-content\\\/uploads\\\/2025\\\/05\\\/HourStack.png\",\"contentUrl\":\"https:\\\/\\\/www.accuratereviews.com\\\/wp-content\\\/uploads\\\/2025\\\/05\\\/HourStack.png\",\"width\":600,\"height\":315},{\"@type\":\"BreadcrumbList\",\"@id\":\"https:\\\/\\\/www.accuratereviews.com\\\/it\\\/programmi-gestione-turni-lavoro\\\/hourstack-recensione\\\/#breadcrumb\",\"itemListElement\":[{\"@type\":\"ListItem\",\"position\":1,\"name\":\"Home\",\"item\":\"https:\\\/\\\/www.accuratereviews.com\\\/it\\\/\"},{\"@type\":\"ListItem\",\"position\":2,\"name\":\"Programmi per turni di lavoro\",\"item\":\"https:\\\/\\\/www.accuratereviews.com\\\/it\\\/programmi-gestione-turni-lavoro\\\/\"},{\"@type\":\"ListItem\",\"position\":3,\"name\":\"HourStack\"}]},{\"@type\":\"WebSite\",\"@id\":\"https:\\\/\\\/www.accuratereviews.com\\\/it\\\/#website\",\"url\":\"https:\\\/\\\/www.accuratereviews.com\\\/it\\\/\",\"name\":\"Accurate Reviews\",\"description\":\"\",\"potentialAction\":[{\"@type\":\"SearchAction\",\"target\":{\"@type\":\"EntryPoint\",\"urlTemplate\":\"https:\\\/\\\/www.accuratereviews.com\\\/it\\\/?s={search_term_string}\"},\"query-input\":{\"@type\":\"PropertyValueSpecification\",\"valueRequired\":true,\"valueName\":\"search_term_string\"}}],\"inLanguage\":\"it-IT\"}]}<\/script>\n<!-- \/ Yoast SEO plugin. -->","yoast_head_json":{"title":"HourStack: recensione software turni di lavoro - Accurate Reviews","description":"HourStack: recensione soluzione che ti aiuta a pianificare e monitorare il tempo del tuo team in attivit\u00e0 e progetti in una visione completa.","robots":{"index":"index","follow":"follow","max-snippet":"max-snippet:-1","max-image-preview":"max-image-preview:large","max-video-preview":"max-video-preview:-1"},"canonical":"https:\/\/www.accuratereviews.com\/it\/programmi-gestione-turni-lavoro\/hourstack-recensione\/","og_locale":"it_IT","og_type":"article","og_title":"HourStack: recensione software turni di lavoro - Accurate Reviews","og_description":"HourStack: recensione soluzione che ti aiuta a pianificare e monitorare il tempo del tuo team in attivit\u00e0 e progetti in una visione completa.","og_url":"https:\/\/www.accuratereviews.com\/it\/programmi-gestione-turni-lavoro\/hourstack-recensione\/","og_site_name":"Accurate Reviews","og_image":[{"width":600,"height":315,"url":"https:\/\/www.accuratereviews.com\/wp-content\/uploads\/2025\/05\/HourStack.png","type":"image\/png"}],"twitter_card":"summary_large_image","twitter_misc":{"Tempo di lettura stimato":"4 minuti"},"schema":{"@context":"https:\/\/schema.org","@graph":[{"@type":"WebPage","@id":"https:\/\/www.accuratereviews.com\/it\/programmi-gestione-turni-lavoro\/hourstack-recensione\/","url":"https:\/\/www.accuratereviews.com\/it\/programmi-gestione-turni-lavoro\/hourstack-recensione\/","name":"HourStack: recensione software turni di lavoro - Accurate Reviews","isPartOf":{"@id":"https:\/\/www.accuratereviews.com\/it\/#website"},"primaryImageOfPage":{"@id":"https:\/\/www.accuratereviews.com\/it\/programmi-gestione-turni-lavoro\/hourstack-recensione\/#primaryimage"},"image":{"@id":"https:\/\/www.accuratereviews.com\/it\/programmi-gestione-turni-lavoro\/hourstack-recensione\/#primaryimage"},"thumbnailUrl":"https:\/\/www.accuratereviews.com\/wp-content\/uploads\/2025\/05\/HourStack.png","datePublished":"2025-05-22T11:25:59+00:00","description":"HourStack: recensione soluzione che ti aiuta a pianificare e monitorare il tempo del tuo team in attivit\u00e0 e progetti in una visione completa.","breadcrumb":{"@id":"https:\/\/www.accuratereviews.com\/it\/programmi-gestione-turni-lavoro\/hourstack-recensione\/#breadcrumb"},"inLanguage":"it-IT","potentialAction":[{"@type":"ReadAction","target":["https:\/\/www.accuratereviews.com\/it\/programmi-gestione-turni-lavoro\/hourstack-recensione\/"]}]},{"@type":"ImageObject","inLanguage":"it-IT","@id":"https:\/\/www.accuratereviews.com\/it\/programmi-gestione-turni-lavoro\/hourstack-recensione\/#primaryimage","url":"https:\/\/www.accuratereviews.com\/wp-content\/uploads\/2025\/05\/HourStack.png","contentUrl":"https:\/\/www.accuratereviews.com\/wp-content\/uploads\/2025\/05\/HourStack.png","width":600,"height":315},{"@type":"BreadcrumbList","@id":"https:\/\/www.accuratereviews.com\/it\/programmi-gestione-turni-lavoro\/hourstack-recensione\/#breadcrumb","itemListElement":[{"@type":"ListItem","position":1,"name":"Home","item":"https:\/\/www.accuratereviews.com\/it\/"},{"@type":"ListItem","position":2,"name":"Programmi per turni di lavoro","item":"https:\/\/www.accuratereviews.com\/it\/programmi-gestione-turni-lavoro\/"},{"@type":"ListItem","position":3,"name":"HourStack"}]},{"@type":"WebSite","@id":"https:\/\/www.accuratereviews.com\/it\/#website","url":"https:\/\/www.accuratereviews.com\/it\/","name":"Accurate Reviews","description":"","potentialAction":[{"@type":"SearchAction","target":{"@type":"EntryPoint","urlTemplate":"https:\/\/www.accuratereviews.com\/it\/?s={search_term_string}"},"query-input":{"@type":"PropertyValueSpecification","valueRequired":true,"valueName":"search_term_string"}}],"inLanguage":"it-IT"}]}},"_links":{"self":[{"href":"https:\/\/www.accuratereviews.com\/it\/wp-json\/wp\/v2\/pages\/90925","targetHints":{"allow":["GET"]}}],"collection":[{"href":"https:\/\/www.accuratereviews.com\/it\/wp-json\/wp\/v2\/pages"}],"about":[{"href":"https:\/\/www.accuratereviews.com\/it\/wp-json\/wp\/v2\/types\/page"}],"author":[{"embeddable":true,"href":"https:\/\/www.accuratereviews.com\/it\/wp-json\/wp\/v2\/users\/19"}],"replies":[{"embeddable":true,"href":"https:\/\/www.accuratereviews.com\/it\/wp-json\/wp\/v2\/comments?post=90925"}],"version-history":[{"count":7,"href":"https:\/\/www.accuratereviews.com\/it\/wp-json\/wp\/v2\/pages\/90925\/revisions"}],"predecessor-version":[{"id":90954,"href":"https:\/\/www.accuratereviews.com\/it\/wp-json\/wp\/v2\/pages\/90925\/revisions\/90954"}],"up":[{"embeddable":true,"href":"https:\/\/www.accuratereviews.com\/it\/wp-json\/wp\/v2\/pages\/87246"}],"wp:featuredmedia":[{"embeddable":true,"href":"https:\/\/www.accuratereviews.com\/it\/wp-json\/wp\/v2\/media\/90926"}],"wp:attachment":[{"href":"https:\/\/www.accuratereviews.com\/it\/wp-json\/wp\/v2\/media?parent=90925"}],"wp:term":[{"taxonomy":"category","embeddable":true,"href":"https:\/\/www.accuratereviews.com\/it\/wp-json\/wp\/v2\/categories?post=90925"},{"taxonomy":"post_tag","embeddable":true,"href":"https:\/\/www.accuratereviews.com\/it\/wp-json\/wp\/v2\/tags?post=90925"},{"taxonomy":"features","embeddable":true,"href":"https:\/\/www.accuratereviews.com\/it\/wp-json\/wp\/v2\/features?post=90925"}],"curies":[{"name":"wp","href":"https:\/\/api.w.org\/{rel}","templated":true}]}}