{"id":9093,"date":"2017-04-21T09:49:15","date_gmt":"2017-04-21T09:49:15","guid":{"rendered":"http:\/\/www.accuratereviews.com\/paintshop-pro\/"},"modified":"2019-06-19T16:28:07","modified_gmt":"2019-06-19T16:28:07","slug":"paintshop-pro","status":"publish","type":"page","link":"https:\/\/www.accuratereviews.com\/it\/photo-editing-lista-software\/paintshop-pro\/","title":{"rendered":"PaintShop Pro"},"content":{"rendered":"<p><img loading=\"lazy\" decoding=\"async\" class=\"alignnone size-full wp-image-9079\" src=\"http:\/\/www.accuratereviews.com\/wp-content\/uploads\/2017\/04\/Paintshop_Pro.jpg\" alt=\"Paintshop Pro\" width=\"562\" height=\"337\" srcset=\"https:\/\/www.accuratereviews.com\/wp-content\/uploads\/2017\/04\/Paintshop_Pro.jpg 562w, https:\/\/www.accuratereviews.com\/wp-content\/uploads\/2017\/04\/Paintshop_Pro-300x180.jpg 300w, https:\/\/www.accuratereviews.com\/wp-content\/uploads\/2017\/04\/Paintshop_Pro-208x125.jpg 208w, https:\/\/www.accuratereviews.com\/wp-content\/uploads\/2017\/04\/Paintshop_Pro-50x30.jpg 50w, https:\/\/www.accuratereviews.com\/wp-content\/uploads\/2017\/04\/Paintshop_Pro-320x192.jpg 320w, https:\/\/www.accuratereviews.com\/wp-content\/uploads\/2017\/04\/Paintshop_Pro-239x143.jpg 239w\" sizes=\"auto, (max-width: 562px) 100vw, 562px\" \/><\/p>\n<p>Ormai anche gli smartphone offrono strumenti, piuttosto basilari in realt\u00e0, per la <strong>modifica delle immagini<\/strong> che vengono inclusi anticamente nella fotocamera. In questo panorama, i <strong>software per il photo editing<\/strong> devono promettere funzionalit\u00e0 pi\u00f9 esclusive per vendere, una facilit\u00e0 di utilizzo che venga incontro anche all\u2019utente meno esperto e un prezzo commisurato al pubblico che si vuole conquistare.<\/p>\n<p><strong>PaintShop Pro di Corel \u00e8 una soluzione che incontra tutti questi punti fondamentali<\/strong>. Mentre i designer professionali spendono cifre ragguardevoli per l\u2019acquisto di Photoshop e devono dedicare diverse ore per comprenderne appieno le potenzialit\u00e0, chi vuole dedicarsi all\u2019<strong>editing fotografico per hobby o curiosit\u00e0 pu\u00f2 spendere una cifra pi\u00f9 contenuta scegliendo PaintShop<\/strong>, ottenendo quasi tutte le funzionalit\u00e0 dei software anche pi\u00f9 avanzati. Inoltre, \u00e8 decisamente pi\u00f9 semplice da utilizzare di tante altre alternative.<\/p>\n<p>PaintShop \u00e8 organizzato in tre modalit\u00e0. <em>Manage<\/em> permette di organizzare la vostra collezione di foto, ma con alcuni compromessi: non \u00e8 permessa la preview o la possibilit\u00e0 di inserire tag mentre vi importiamo le immagini. Una volta importate, per\u00f2, possiamo inserire tutti i tag e le keyword desiderate, creando cos\u00ec le vostre collezioni. La funzionalit\u00e0 <em>Smart Collections<\/em> permette di creare album completi basati su criteri specifici. Il tutto in modo semplice, senza troppi passaggi o complicazioni.<\/p>\n<p>La funzionalit\u00e0 <em>Adjust<\/em> offre un sistema di personalizzazione di luci e colori tramite istogramma ed \u00e8 molto semplice da utilizzare, tanto che suggerisce come ottenere in modo rapido alcune correzioni e migliorie. Se non avete tempo da perdere nel cercare di capire come migliorare le vostre fotografie, grazie ad <em>Adjust<\/em> e alla funzionalit\u00e0 <em>Suggest Settings<\/em> potete ottenere una correzione rapida degli errori in pochissimi click.<\/p>\n<p>Con la feature <em>Edit<\/em> possiamo scatenare la nostra creativit\u00e0 aggiungendo livelli, spostare oggetti, selezionare aree ed effettuare la maggior parte delle modifiche che anche PhotoShop permette. Esistono funzionalit\u00e0 che troviamo in Photoshop e non in PaintShop, ma si tratta generalmente di cose cos\u00ec avanzate e specifiche che difficilmente ne sentireste la mancanza. Se il vostro obiettivo \u00e8 quello di migliorare le foto scattate, allora con Adjust ci riuscirete alla grande. Volete spingervi oltre? Edit accontenter\u00e0 egregiamente tutte le vostre esigenze.<\/p>\n<p><img loading=\"lazy\" decoding=\"async\" class=\"alignnone size-full wp-image-9080\" src=\"http:\/\/www.accuratereviews.com\/wp-content\/uploads\/2017\/04\/Paintshop_Pro_review.jpg\" alt=\"Paintshop Pro\" width=\"553\" height=\"337\" srcset=\"https:\/\/www.accuratereviews.com\/wp-content\/uploads\/2017\/04\/Paintshop_Pro_review.jpg 553w, https:\/\/www.accuratereviews.com\/wp-content\/uploads\/2017\/04\/Paintshop_Pro_review-300x183.jpg 300w, https:\/\/www.accuratereviews.com\/wp-content\/uploads\/2017\/04\/Paintshop_Pro_review-205x125.jpg 205w, https:\/\/www.accuratereviews.com\/wp-content\/uploads\/2017\/04\/Paintshop_Pro_review-50x30.jpg 50w, https:\/\/www.accuratereviews.com\/wp-content\/uploads\/2017\/04\/Paintshop_Pro_review-320x195.jpg 320w, https:\/\/www.accuratereviews.com\/wp-content\/uploads\/2017\/04\/Paintshop_Pro_review-239x146.jpg 239w\" sizes=\"auto, (max-width: 553px) 100vw, 553px\" \/><\/p>\n<p><strong>I tutorial e le immagini sample vi guidano<\/strong> e vi insegnano ciao che dovete capire delle varie funzionalit\u00e0 offerte, quindi se siete utenti alle primissime armi prendetevi un pochino di tempo per capire come usare al meglio PaintShop Pro. Non ci vorr\u00e0 molto e ne varr\u00e0 la pena.<\/p>\n<p><strong>PaintShop Pro \u00e8 sul mercato da tempo<\/strong> e l\u2019ultima versione aggiornata offre un sacco di funzionalit\u00e0 extra molto interessanti, compresa la possibilit\u00e0 di catturare screenshot e di utilizzare i template per velocizzare i vostri progetti.<\/p>\n","protected":false},"excerpt":{"rendered":"<p>Ormai anche gli smartphone offrono strumenti, piuttosto basilari in realt\u00e0, per la modifica delle immagini che vengono inclusi anticamente nella fotocamera. In questo panorama, i software per il photo editing devono promettere funzionalit\u00e0 pi\u00f9 esclusive per vendere, una facilit\u00e0 di utilizzo che venga incontro anche all\u2019utente meno esperto e un prezzo commisurato al pubblico che si vuole conquistare. <\/p>\n","protected":false},"author":16,"featured_media":0,"parent":9097,"menu_order":1,"comment_status":"open","ping_status":"closed","template":"g1_template_page_review_new.php","meta":{"_acf_changed":false,"cwp_meta_box_check":"Yes","cwp_rev_product_name":"","cwp_rev_product_image":"","wppr_links":[],"cwp_rev_price":"","wppr_options":[],"wppr_pros":[],"wppr_cons":[],"_monsterinsights_skip_tracking":false,"_monsterinsights_sitenote_active":false,"_monsterinsights_sitenote_note":"","_monsterinsights_sitenote_category":0,"footnotes":""},"categories":[178],"tags":[569,570,601],"features":[],"class_list":{"0":"post-9093","1":"page","2":"type-page","3":"status-publish","5":"category-photo-editing-it","6":"tag-photo-editing","7":"tag-photo-editor","8":"tag-software-di-fotoritocco"},"wppr_data":{"cwp_meta_box_check":"Yes","cwp_rev_product_name":"","cwp_rev_product_image":"","cwp_image_link":"image","cwp_rev_price":"","wppr_rating":"0.00"},"acf":[],"yoast_head":"<!-- This site is optimized with the Yoast SEO plugin v27.4 - https:\/\/yoast.com\/product\/yoast-seo-wordpress\/ -->\n<title>PaintShop Pro | I Migliori Software per il Photo Editing | Accurate Reviews<\/title>\n<meta name=\"description\" content=\"PaintShop Pro \u00e8 la scelta adeguata per tutti quelli che si dedicato alle foto e al photo editing come hobby: costa poco ed \u00e8 semplice da utilizzare.\" \/>\n<meta name=\"robots\" content=\"index, follow, max-snippet:-1, max-image-preview:large, max-video-preview:-1\" \/>\n<link rel=\"canonical\" href=\"https:\/\/www.accuratereviews.com\/it\/photo-editing-lista-software\/paintshop-pro\/\" \/>\n<meta property=\"og:locale\" content=\"it_IT\" \/>\n<meta property=\"og:type\" content=\"article\" \/>\n<meta property=\"og:title\" content=\"PaintShop Pro | I Migliori Software per il Photo Editing | Accurate Reviews\" \/>\n<meta property=\"og:description\" content=\"PaintShop Pro \u00e8 la scelta adeguata per tutti quelli che si dedicato alle foto e al photo editing come hobby: costa poco ed \u00e8 semplice da utilizzare.\" \/>\n<meta property=\"og:url\" content=\"https:\/\/www.accuratereviews.com\/it\/photo-editing-lista-software\/paintshop-pro\/\" \/>\n<meta property=\"og:site_name\" content=\"Accurate Reviews\" \/>\n<meta property=\"article:modified_time\" content=\"2019-06-19T16:28:07+00:00\" \/>\n<meta property=\"og:image\" content=\"http:\/\/www.accuratereviews.com\/wp-content\/uploads\/2017\/04\/Paintshop_Pro.jpg\" \/>\n<meta name=\"twitter:card\" content=\"summary_large_image\" \/>\n<meta name=\"twitter:label1\" content=\"Tempo di lettura stimato\" \/>\n\t<meta name=\"twitter:data1\" content=\"2 minuti\" \/>\n<script type=\"application\/ld+json\" class=\"yoast-schema-graph\">{\"@context\":\"https:\\\/\\\/schema.org\",\"@graph\":[{\"@type\":\"WebPage\",\"@id\":\"https:\\\/\\\/www.accuratereviews.com\\\/it\\\/photo-editing-lista-software\\\/paintshop-pro\\\/\",\"url\":\"https:\\\/\\\/www.accuratereviews.com\\\/it\\\/photo-editing-lista-software\\\/paintshop-pro\\\/\",\"name\":\"PaintShop Pro | I Migliori Software per il Photo Editing | Accurate Reviews\",\"isPartOf\":{\"@id\":\"https:\\\/\\\/www.accuratereviews.com\\\/it\\\/#website\"},\"primaryImageOfPage\":{\"@id\":\"https:\\\/\\\/www.accuratereviews.com\\\/it\\\/photo-editing-lista-software\\\/paintshop-pro\\\/#primaryimage\"},\"image\":{\"@id\":\"https:\\\/\\\/www.accuratereviews.com\\\/it\\\/photo-editing-lista-software\\\/paintshop-pro\\\/#primaryimage\"},\"thumbnailUrl\":\"http:\\\/\\\/www.accuratereviews.com\\\/wp-content\\\/uploads\\\/2017\\\/04\\\/Paintshop_Pro.jpg\",\"datePublished\":\"2017-04-21T09:49:15+00:00\",\"dateModified\":\"2019-06-19T16:28:07+00:00\",\"description\":\"PaintShop Pro \u00e8 la scelta adeguata per tutti quelli che si dedicato alle foto e al photo editing come hobby: costa poco ed \u00e8 semplice da utilizzare.\",\"breadcrumb\":{\"@id\":\"https:\\\/\\\/www.accuratereviews.com\\\/it\\\/photo-editing-lista-software\\\/paintshop-pro\\\/#breadcrumb\"},\"inLanguage\":\"it-IT\",\"potentialAction\":[{\"@type\":\"ReadAction\",\"target\":[\"https:\\\/\\\/www.accuratereviews.com\\\/it\\\/photo-editing-lista-software\\\/paintshop-pro\\\/\"]}]},{\"@type\":\"ImageObject\",\"inLanguage\":\"it-IT\",\"@id\":\"https:\\\/\\\/www.accuratereviews.com\\\/it\\\/photo-editing-lista-software\\\/paintshop-pro\\\/#primaryimage\",\"url\":\"http:\\\/\\\/www.accuratereviews.com\\\/wp-content\\\/uploads\\\/2017\\\/04\\\/Paintshop_Pro.jpg\",\"contentUrl\":\"http:\\\/\\\/www.accuratereviews.com\\\/wp-content\\\/uploads\\\/2017\\\/04\\\/Paintshop_Pro.jpg\"},{\"@type\":\"BreadcrumbList\",\"@id\":\"https:\\\/\\\/www.accuratereviews.com\\\/it\\\/photo-editing-lista-software\\\/paintshop-pro\\\/#breadcrumb\",\"itemListElement\":[{\"@type\":\"ListItem\",\"position\":1,\"name\":\"Home\",\"item\":\"https:\\\/\\\/www.accuratereviews.com\\\/it\\\/\"},{\"@type\":\"ListItem\",\"position\":2,\"name\":\"Photo Editing\",\"item\":\"https:\\\/\\\/www.accuratereviews.com\\\/it\\\/photo-editing-lista-software\\\/\"},{\"@type\":\"ListItem\",\"position\":3,\"name\":\"PaintShop Pro\"}]},{\"@type\":\"WebSite\",\"@id\":\"https:\\\/\\\/www.accuratereviews.com\\\/it\\\/#website\",\"url\":\"https:\\\/\\\/www.accuratereviews.com\\\/it\\\/\",\"name\":\"Accurate Reviews\",\"description\":\"\",\"potentialAction\":[{\"@type\":\"SearchAction\",\"target\":{\"@type\":\"EntryPoint\",\"urlTemplate\":\"https:\\\/\\\/www.accuratereviews.com\\\/it\\\/?s={search_term_string}\"},\"query-input\":{\"@type\":\"PropertyValueSpecification\",\"valueRequired\":true,\"valueName\":\"search_term_string\"}}],\"inLanguage\":\"it-IT\"}]}<\/script>\n<!-- \/ Yoast SEO plugin. -->","yoast_head_json":{"title":"PaintShop Pro | I Migliori Software per il Photo Editing | Accurate Reviews","description":"PaintShop Pro \u00e8 la scelta adeguata per tutti quelli che si dedicato alle foto e al photo editing come hobby: costa poco ed \u00e8 semplice da utilizzare.","robots":{"index":"index","follow":"follow","max-snippet":"max-snippet:-1","max-image-preview":"max-image-preview:large","max-video-preview":"max-video-preview:-1"},"canonical":"https:\/\/www.accuratereviews.com\/it\/photo-editing-lista-software\/paintshop-pro\/","og_locale":"it_IT","og_type":"article","og_title":"PaintShop Pro | I Migliori Software per il Photo Editing | Accurate Reviews","og_description":"PaintShop Pro \u00e8 la scelta adeguata per tutti quelli che si dedicato alle foto e al photo editing come hobby: costa poco ed \u00e8 semplice da utilizzare.","og_url":"https:\/\/www.accuratereviews.com\/it\/photo-editing-lista-software\/paintshop-pro\/","og_site_name":"Accurate Reviews","article_modified_time":"2019-06-19T16:28:07+00:00","og_image":[{"url":"http:\/\/www.accuratereviews.com\/wp-content\/uploads\/2017\/04\/Paintshop_Pro.jpg","type":"","width":"","height":""}],"twitter_card":"summary_large_image","twitter_misc":{"Tempo di lettura stimato":"2 minuti"},"schema":{"@context":"https:\/\/schema.org","@graph":[{"@type":"WebPage","@id":"https:\/\/www.accuratereviews.com\/it\/photo-editing-lista-software\/paintshop-pro\/","url":"https:\/\/www.accuratereviews.com\/it\/photo-editing-lista-software\/paintshop-pro\/","name":"PaintShop Pro | I Migliori Software per il Photo Editing | Accurate Reviews","isPartOf":{"@id":"https:\/\/www.accuratereviews.com\/it\/#website"},"primaryImageOfPage":{"@id":"https:\/\/www.accuratereviews.com\/it\/photo-editing-lista-software\/paintshop-pro\/#primaryimage"},"image":{"@id":"https:\/\/www.accuratereviews.com\/it\/photo-editing-lista-software\/paintshop-pro\/#primaryimage"},"thumbnailUrl":"http:\/\/www.accuratereviews.com\/wp-content\/uploads\/2017\/04\/Paintshop_Pro.jpg","datePublished":"2017-04-21T09:49:15+00:00","dateModified":"2019-06-19T16:28:07+00:00","description":"PaintShop Pro \u00e8 la scelta adeguata per tutti quelli che si dedicato alle foto e al photo editing come hobby: costa poco ed \u00e8 semplice da utilizzare.","breadcrumb":{"@id":"https:\/\/www.accuratereviews.com\/it\/photo-editing-lista-software\/paintshop-pro\/#breadcrumb"},"inLanguage":"it-IT","potentialAction":[{"@type":"ReadAction","target":["https:\/\/www.accuratereviews.com\/it\/photo-editing-lista-software\/paintshop-pro\/"]}]},{"@type":"ImageObject","inLanguage":"it-IT","@id":"https:\/\/www.accuratereviews.com\/it\/photo-editing-lista-software\/paintshop-pro\/#primaryimage","url":"http:\/\/www.accuratereviews.com\/wp-content\/uploads\/2017\/04\/Paintshop_Pro.jpg","contentUrl":"http:\/\/www.accuratereviews.com\/wp-content\/uploads\/2017\/04\/Paintshop_Pro.jpg"},{"@type":"BreadcrumbList","@id":"https:\/\/www.accuratereviews.com\/it\/photo-editing-lista-software\/paintshop-pro\/#breadcrumb","itemListElement":[{"@type":"ListItem","position":1,"name":"Home","item":"https:\/\/www.accuratereviews.com\/it\/"},{"@type":"ListItem","position":2,"name":"Photo Editing","item":"https:\/\/www.accuratereviews.com\/it\/photo-editing-lista-software\/"},{"@type":"ListItem","position":3,"name":"PaintShop Pro"}]},{"@type":"WebSite","@id":"https:\/\/www.accuratereviews.com\/it\/#website","url":"https:\/\/www.accuratereviews.com\/it\/","name":"Accurate Reviews","description":"","potentialAction":[{"@type":"SearchAction","target":{"@type":"EntryPoint","urlTemplate":"https:\/\/www.accuratereviews.com\/it\/?s={search_term_string}"},"query-input":{"@type":"PropertyValueSpecification","valueRequired":true,"valueName":"search_term_string"}}],"inLanguage":"it-IT"}]}},"_links":{"self":[{"href":"https:\/\/www.accuratereviews.com\/it\/wp-json\/wp\/v2\/pages\/9093","targetHints":{"allow":["GET"]}}],"collection":[{"href":"https:\/\/www.accuratereviews.com\/it\/wp-json\/wp\/v2\/pages"}],"about":[{"href":"https:\/\/www.accuratereviews.com\/it\/wp-json\/wp\/v2\/types\/page"}],"author":[{"embeddable":true,"href":"https:\/\/www.accuratereviews.com\/it\/wp-json\/wp\/v2\/users\/16"}],"replies":[{"embeddable":true,"href":"https:\/\/www.accuratereviews.com\/it\/wp-json\/wp\/v2\/comments?post=9093"}],"version-history":[{"count":5,"href":"https:\/\/www.accuratereviews.com\/it\/wp-json\/wp\/v2\/pages\/9093\/revisions"}],"predecessor-version":[{"id":15882,"href":"https:\/\/www.accuratereviews.com\/it\/wp-json\/wp\/v2\/pages\/9093\/revisions\/15882"}],"up":[{"embeddable":true,"href":"https:\/\/www.accuratereviews.com\/it\/wp-json\/wp\/v2\/pages\/9097"}],"wp:attachment":[{"href":"https:\/\/www.accuratereviews.com\/it\/wp-json\/wp\/v2\/media?parent=9093"}],"wp:term":[{"taxonomy":"category","embeddable":true,"href":"https:\/\/www.accuratereviews.com\/it\/wp-json\/wp\/v2\/categories?post=9093"},{"taxonomy":"post_tag","embeddable":true,"href":"https:\/\/www.accuratereviews.com\/it\/wp-json\/wp\/v2\/tags?post=9093"},{"taxonomy":"features","embeddable":true,"href":"https:\/\/www.accuratereviews.com\/it\/wp-json\/wp\/v2\/features?post=9093"}],"curies":[{"name":"wp","href":"https:\/\/api.w.org\/{rel}","templated":true}]}}