{"id":90993,"date":"2025-05-26T18:01:40","date_gmt":"2025-05-26T18:01:40","guid":{"rendered":"https:\/\/www.accuratereviews.com\/?page_id=90993"},"modified":"2025-05-27T17:44:25","modified_gmt":"2025-05-27T17:44:25","slug":"crunchtime-recensione","status":"publish","type":"page","link":"https:\/\/www.accuratereviews.com\/it\/programmi-gestione-turni-lavoro\/crunchtime-recensione\/","title":{"rendered":"Crunchtime"},"content":{"rendered":"<p><strong>Crunchtime<\/strong> \u00e8 il modo in cui i migliori marchi di ristoranti al mondo raggiungono l&#8217;eccellenza operativa in ogni sede. Il software \u00e8 utilizzato in oltre 100.000 sedi in pi\u00f9 di 100 paesi per gestire inventario,<strong> pianificazione del personale<\/strong>, formazione e sviluppo, sicurezza alimentare, attivit\u00e0 operative e audit.<br \/>\n<strong>Crunchtime <\/strong>consente a clienti come <strong>Chipotle, Culver&#8217;s, Domino&#8217;s, Dunkin&#8217;, Five Guys e P.F. Chang&#8217;s<\/strong> di controllare i costi di cibo e manodopera e di offrire esperienze eccellenti ai clienti. La piattaforma semplifica il reporting con strumenti di previsione, report di inventario, analisi delle prestazioni e business intelligence in tempo reale. La soluzione pu\u00f2 essere integrata con fornitori di POS di terze parti come<strong> Oracle Micros, Toast, Par, NCR Aloha<\/strong> e altri per un flusso di dati bidirezionale ed esportazioni automatiche che sincronizzano i dati tra le piattaforme.<\/p>\n<h2>CRUNCHTIME &#8211; TUTORIAL<\/h2>\n<div id=\"fluid-wrapper-counter-1\" class=\"g1-fluid-wrapper \" style=\"width:686px;\">\n<div style=\"padding-bottom:56.268221574344%;\"><iframe loading=\"lazy\" title=\"Introduction to Crunchtime Operations Execution\" width=\"686\" height=\"386\" src=\"https:\/\/www.youtube.com\/embed\/LdbVTsuioLc?feature=oembed&amp;wmode=transparent&amp;autohide=1&amp;autoplay=0&amp;disablekb=0&amp;fs=1&amp;loop=0&amp;enablejsapi=1&amp;rel=0&amp;controls=2&amp;showinfo=0&amp;wmode=transparent&amp;autohide=2&amp;autoplay=0&amp;disablekb=0&amp;fs=1&amp;loop=0&amp;enablejsapi=1&amp;rel=0&amp;controls=2&amp;showinfo=1\" frameborder=\"0\" allow=\"accelerometer; autoplay; clipboard-write; encrypted-media; gyroscope; picture-in-picture; web-share\" referrerpolicy=\"strict-origin-when-cross-origin\" allowfullscreen><\/iframe><\/div>\n<\/div>\n<h3>CRUNCHTIME &#8211; CARATTERISTICHE<\/h3>\n<ul>\n<li><strong>Operazioni<\/strong>: cresci con le soluzioni di gestione operativa utilizzate da oltre 750 marchi di ristoranti<\/li>\n<li><strong>IT<\/strong>: affidati al miglior software della categoria con il supporto, la sicurezza e l&#8217;affidabilit\u00e0 di cui hai bisogno<\/li>\n<li><strong>Finanza<\/strong>: riduci i costi del cibo e aumenta l&#8217;efficienza della manodopera con risultati quantificabili e un ROI comprovato<\/li>\n<li><strong>Formazione<\/strong>: accelera la formazione e migliora la fidelizzazione con l&#8217;apprendimento e lo sviluppo da dispositivi mobili<\/li>\n<li><strong>Sicurezza alimentare<\/strong>: garantisci operazioni sicure e il rispetto degli standard del marchio in ogni sede<\/li>\n<li><strong>Risorse umane<\/strong>: assicurati la conformit\u00e0 al diritto del lavoro e ottimizza il personale e la fidelizzazione<\/li>\n<li><strong>Affiliato<\/strong>: gestisci operazioni migliori, apri nuovi negozi pi\u00f9 velocemente e raggiungi gli obiettivi di crescita<\/li>\n<li><strong>Migliora la fidelizzazione responsabilizzando i dipendenti<\/strong>: aumenta la durata media del rapporto di lavoro consentendo ai dipendenti di controllare i propri orari e la propria disponibilit\u00e0. Abilita la messaggistica bidirezionale tra tutti i livelli dell&#8217;organizzazione tramite app mobili e utilizza funzionalit\u00e0 di auditing per garantire una comunicazione conforme alle normative.<\/li>\n<li><strong>Cresci pi\u00f9 rapidamente con una soluzione scalabile<\/strong>: \u00a0progettato per crescere ed evolversi con le esigenze della tua organizzazione. Grazie a report affidabili e dati in tempo reale sulle tue attivit\u00e0 lavorative, puoi prendere decisioni consapevoli e sicure sulla crescita e individuare le aree di miglioramento.<\/li>\n<\/ul>\n<h4>LE RECENSIONI DEGLI UTENTI<\/h4>\n<p><strong>Mitch &#8220;Crunchtime \u00e8 stato uno strumento utile per noi nella gestione di diversi ambiti della nostra attivit\u00e0.&#8221;<\/strong><br \/>\n<strong>Commenti<\/strong>: la nostra esperienza complessiva \u00e8 stata molto positiva. Il team di assistenza ci ha incontrato prima di iniziare per illustrarci le parti pi\u00f9 utilizzate del sistema e rispondere a tutte le nostre domande. Siamo rimasti molto colpiti dal loro lavoro e abbiamo apprezzato il tempo dedicato all&#8217;onboarding del software. Siamo riusciti a fare tutto il necessario e siamo rimasti molto soddisfatti del prodotto.<br \/>\n<strong>Pro<\/strong>: ho apprezzato la semplicit\u00e0 d&#8217;uso del software. \u00c8 possibile apportare modifiche dove necessario, in un modo che sia intuitivo sia per i contabili nel back-end che per gli utenti front-end del nostro ristorante. Apprezzo anche la robustezza del sistema e la possibilit\u00e0 di visualizzare ed eseguire un&#8217;ampia variet\u00e0 di funzioni.<br \/>\n<strong>Contro<\/strong>: per modificare le impostazioni globali della tua azienda, devi accedere a un sito diverso rispetto a quello utilizzato per svolgere la maggior parte delle altre funzioni. Sarebbe perfetto se potessi fare tutto ci\u00f2 di cui hai bisogno per la tua azienda da un unico posto.<\/p>\n<p><strong>Jennifer &#8220;Facile da usare&#8221;<\/strong><br \/>\n<strong>Pro<\/strong>: adoriamo usare questo prodotto per effettuare gli ordini dei nostri camion e inserire l&#8217;inventario, ottimo layout e facile da usare<br \/>\n<strong>Contro<\/strong>: funziona benissimo, non ho problemi con questo software<\/p>\n<p><strong>Tiffany &#8220;Cos\u00ec facile che anche un bambino piccolo pu\u00f2 usare&#8221;<\/strong><br \/>\n<strong>Pro<\/strong>: Adoro le funzionalit\u00e0 che questa piattaforma ha da offrire e adoro il fatto che tenga traccia dell&#8217;inventario e delle vendite di una cosa e la mantenga anche organizzata<br \/>\n<strong>Contro<\/strong>: Non mi viene in mente niente, \u00e8 un software fantastico<\/p>\n","protected":false},"excerpt":{"rendered":"<p>Crunchtime \u00e8 il modo in cui i migliori marchi di ristoranti al mondo raggiungono l&#8217;eccellenza operativa in ogni sede. Il software \u00e8 utilizzato in oltre 100.000 sedi in pi\u00f9 di 100 paesi per gestire inventario, pianificazione del personale, formazione e sviluppo, sicurezza alimentare, attivit\u00e0 operative e audit.<\/p>\n","protected":false},"author":19,"featured_media":90996,"parent":87246,"menu_order":0,"comment_status":"open","ping_status":"closed","template":"g1_template_page_review_new.php","meta":{"_acf_changed":false,"cwp_meta_box_check":"Yes","cwp_rev_product_name":"","cwp_rev_product_image":"","wppr_links":[],"cwp_rev_price":"0.00","wppr_options":[{"name":"Usability","value":"0"},{"name":"Speed","value":"0"},{"name":"Features","value":"0"},{"name":"Support","value":"0"},{"name":"Pricing","value":"0"}],"wppr_pros":["","","","",""],"wppr_cons":["","","","",""],"_monsterinsights_skip_tracking":false,"_monsterinsights_sitenote_active":false,"_monsterinsights_sitenote_note":"","_monsterinsights_sitenote_category":0,"footnotes":""},"categories":[16111],"tags":[16256,16257,16119,16121,16120,16144],"features":[],"class_list":{"0":"post-90993","1":"page","2":"type-page","3":"status-publish","4":"has-post-thumbnail","6":"category-programmi-per-turni-di-lavoro","7":"tag-crunchtime","8":"tag-gestione-ristoranti","9":"tag-gestione-turni-di-lavoro","10":"tag-programma-turni-di-lavoro","11":"tag-software-turni-di-lavoro","12":"tag-soluzione-turni-di-lavoro"},"wppr_data":{"cwp_meta_box_check":"Yes","_wppr_review_template":"default","cwp_rev_product_image":"","cwp_image_link":"image","wppr_links":[],"cwp_rev_price":"0.00","wppr_pros":["","","","",""],"wppr_cons":["","","","",""],"wppr_rating":"0.00","wppr_options":{"1":{"name":"Usability","value":"0"},"2":{"name":"Speed","value":"0"},"3":{"name":"Features","value":"0"},"4":{"name":"Support","value":"0"},"5":{"name":"Pricing","value":"0"}},"wppr_review_type":"Product","wppr_review_custom_fields":{"additionalProperty":"","additionalType":"","aggregateRating":"","alternateName":"","audience":"","award":"","awards":"","brand":"","color":"","depth":"","description":"","disambiguatingDescription":"","gtin12":"","gtin13":"","gtin14":"","gtin8":"","height":"","identifier":"","image":"","isAccessoryOrSparePartFor":"","isConsumableFor":"","isRelatedTo":"","isSimilarTo":"","itemCondition":"","logo":"","mainEntityOfPage":"","manufacturer":"","material":"","model":"","mpn":"","name":"","offers":"","potentialAction":"","productID":"","productionDate":"","purchaseDate":"","releaseDate":"","review":"","reviews":"","sameAs":"","sku":"","slogan":"","subjectOf":"","url":"","weight":"","width":""}},"acf":[],"yoast_head":"<!-- This site is optimized with the Yoast SEO plugin v27.4 - https:\/\/yoast.com\/product\/yoast-seo-wordpress\/ -->\n<title>Crunchtime: recensione software turno di lavoro - Accurate Reviews<\/title>\n<meta name=\"description\" content=\"Crunchtime: recensione soluzione di back office per tutti i tipi di ristoranti per migliorare le operazioni di gestione dei locali.\" \/>\n<meta name=\"robots\" content=\"index, follow, max-snippet:-1, max-image-preview:large, max-video-preview:-1\" \/>\n<link rel=\"canonical\" href=\"https:\/\/www.accuratereviews.com\/it\/programmi-gestione-turni-lavoro\/crunchtime-recensione\/\" \/>\n<meta property=\"og:locale\" content=\"it_IT\" \/>\n<meta property=\"og:type\" content=\"article\" \/>\n<meta property=\"og:title\" content=\"Crunchtime: recensione software turno di lavoro - Accurate Reviews\" \/>\n<meta property=\"og:description\" content=\"Crunchtime: recensione soluzione di back office per tutti i tipi di ristoranti per migliorare le operazioni di gestione dei locali.\" \/>\n<meta property=\"og:url\" content=\"https:\/\/www.accuratereviews.com\/it\/programmi-gestione-turni-lavoro\/crunchtime-recensione\/\" \/>\n<meta property=\"og:site_name\" content=\"Accurate Reviews\" \/>\n<meta property=\"article:modified_time\" content=\"2025-05-27T17:44:25+00:00\" \/>\n<meta property=\"og:image\" content=\"https:\/\/www.accuratereviews.com\/wp-content\/uploads\/2025\/05\/Crunchtime.jpg\" \/>\n\t<meta property=\"og:image:width\" content=\"900\" \/>\n\t<meta property=\"og:image:height\" content=\"900\" \/>\n\t<meta property=\"og:image:type\" content=\"image\/jpeg\" \/>\n<meta name=\"twitter:card\" content=\"summary_large_image\" \/>\n<meta name=\"twitter:label1\" content=\"Tempo di lettura stimato\" \/>\n\t<meta name=\"twitter:data1\" content=\"5 minuti\" \/>\n<script type=\"application\/ld+json\" class=\"yoast-schema-graph\">{\"@context\":\"https:\\\/\\\/schema.org\",\"@graph\":[{\"@type\":\"WebPage\",\"@id\":\"https:\\\/\\\/www.accuratereviews.com\\\/it\\\/programmi-gestione-turni-lavoro\\\/crunchtime-recensione\\\/\",\"url\":\"https:\\\/\\\/www.accuratereviews.com\\\/it\\\/programmi-gestione-turni-lavoro\\\/crunchtime-recensione\\\/\",\"name\":\"Crunchtime: recensione software turno di lavoro - Accurate Reviews\",\"isPartOf\":{\"@id\":\"https:\\\/\\\/www.accuratereviews.com\\\/it\\\/#website\"},\"primaryImageOfPage\":{\"@id\":\"https:\\\/\\\/www.accuratereviews.com\\\/it\\\/programmi-gestione-turni-lavoro\\\/crunchtime-recensione\\\/#primaryimage\"},\"image\":{\"@id\":\"https:\\\/\\\/www.accuratereviews.com\\\/it\\\/programmi-gestione-turni-lavoro\\\/crunchtime-recensione\\\/#primaryimage\"},\"thumbnailUrl\":\"https:\\\/\\\/www.accuratereviews.com\\\/wp-content\\\/uploads\\\/2025\\\/05\\\/Crunchtime.jpg\",\"datePublished\":\"2025-05-26T18:01:40+00:00\",\"dateModified\":\"2025-05-27T17:44:25+00:00\",\"description\":\"Crunchtime: recensione soluzione di back office per tutti i tipi di ristoranti per migliorare le operazioni di gestione dei locali.\",\"breadcrumb\":{\"@id\":\"https:\\\/\\\/www.accuratereviews.com\\\/it\\\/programmi-gestione-turni-lavoro\\\/crunchtime-recensione\\\/#breadcrumb\"},\"inLanguage\":\"it-IT\",\"potentialAction\":[{\"@type\":\"ReadAction\",\"target\":[\"https:\\\/\\\/www.accuratereviews.com\\\/it\\\/programmi-gestione-turni-lavoro\\\/crunchtime-recensione\\\/\"]}]},{\"@type\":\"ImageObject\",\"inLanguage\":\"it-IT\",\"@id\":\"https:\\\/\\\/www.accuratereviews.com\\\/it\\\/programmi-gestione-turni-lavoro\\\/crunchtime-recensione\\\/#primaryimage\",\"url\":\"https:\\\/\\\/www.accuratereviews.com\\\/wp-content\\\/uploads\\\/2025\\\/05\\\/Crunchtime.jpg\",\"contentUrl\":\"https:\\\/\\\/www.accuratereviews.com\\\/wp-content\\\/uploads\\\/2025\\\/05\\\/Crunchtime.jpg\",\"width\":900,\"height\":900},{\"@type\":\"BreadcrumbList\",\"@id\":\"https:\\\/\\\/www.accuratereviews.com\\\/it\\\/programmi-gestione-turni-lavoro\\\/crunchtime-recensione\\\/#breadcrumb\",\"itemListElement\":[{\"@type\":\"ListItem\",\"position\":1,\"name\":\"Home\",\"item\":\"https:\\\/\\\/www.accuratereviews.com\\\/it\\\/\"},{\"@type\":\"ListItem\",\"position\":2,\"name\":\"Programmi per turni di lavoro\",\"item\":\"https:\\\/\\\/www.accuratereviews.com\\\/it\\\/programmi-gestione-turni-lavoro\\\/\"},{\"@type\":\"ListItem\",\"position\":3,\"name\":\"Crunchtime\"}]},{\"@type\":\"WebSite\",\"@id\":\"https:\\\/\\\/www.accuratereviews.com\\\/it\\\/#website\",\"url\":\"https:\\\/\\\/www.accuratereviews.com\\\/it\\\/\",\"name\":\"Accurate Reviews\",\"description\":\"\",\"potentialAction\":[{\"@type\":\"SearchAction\",\"target\":{\"@type\":\"EntryPoint\",\"urlTemplate\":\"https:\\\/\\\/www.accuratereviews.com\\\/it\\\/?s={search_term_string}\"},\"query-input\":{\"@type\":\"PropertyValueSpecification\",\"valueRequired\":true,\"valueName\":\"search_term_string\"}}],\"inLanguage\":\"it-IT\"}]}<\/script>\n<!-- \/ Yoast SEO plugin. -->","yoast_head_json":{"title":"Crunchtime: recensione software turno di lavoro - Accurate Reviews","description":"Crunchtime: recensione soluzione di back office per tutti i tipi di ristoranti per migliorare le operazioni di gestione dei locali.","robots":{"index":"index","follow":"follow","max-snippet":"max-snippet:-1","max-image-preview":"max-image-preview:large","max-video-preview":"max-video-preview:-1"},"canonical":"https:\/\/www.accuratereviews.com\/it\/programmi-gestione-turni-lavoro\/crunchtime-recensione\/","og_locale":"it_IT","og_type":"article","og_title":"Crunchtime: recensione software turno di lavoro - Accurate Reviews","og_description":"Crunchtime: recensione soluzione di back office per tutti i tipi di ristoranti per migliorare le operazioni di gestione dei locali.","og_url":"https:\/\/www.accuratereviews.com\/it\/programmi-gestione-turni-lavoro\/crunchtime-recensione\/","og_site_name":"Accurate Reviews","article_modified_time":"2025-05-27T17:44:25+00:00","og_image":[{"width":900,"height":900,"url":"https:\/\/www.accuratereviews.com\/wp-content\/uploads\/2025\/05\/Crunchtime.jpg","type":"image\/jpeg"}],"twitter_card":"summary_large_image","twitter_misc":{"Tempo di lettura stimato":"5 minuti"},"schema":{"@context":"https:\/\/schema.org","@graph":[{"@type":"WebPage","@id":"https:\/\/www.accuratereviews.com\/it\/programmi-gestione-turni-lavoro\/crunchtime-recensione\/","url":"https:\/\/www.accuratereviews.com\/it\/programmi-gestione-turni-lavoro\/crunchtime-recensione\/","name":"Crunchtime: recensione software turno di lavoro - Accurate Reviews","isPartOf":{"@id":"https:\/\/www.accuratereviews.com\/it\/#website"},"primaryImageOfPage":{"@id":"https:\/\/www.accuratereviews.com\/it\/programmi-gestione-turni-lavoro\/crunchtime-recensione\/#primaryimage"},"image":{"@id":"https:\/\/www.accuratereviews.com\/it\/programmi-gestione-turni-lavoro\/crunchtime-recensione\/#primaryimage"},"thumbnailUrl":"https:\/\/www.accuratereviews.com\/wp-content\/uploads\/2025\/05\/Crunchtime.jpg","datePublished":"2025-05-26T18:01:40+00:00","dateModified":"2025-05-27T17:44:25+00:00","description":"Crunchtime: recensione soluzione di back office per tutti i tipi di ristoranti per migliorare le operazioni di gestione dei locali.","breadcrumb":{"@id":"https:\/\/www.accuratereviews.com\/it\/programmi-gestione-turni-lavoro\/crunchtime-recensione\/#breadcrumb"},"inLanguage":"it-IT","potentialAction":[{"@type":"ReadAction","target":["https:\/\/www.accuratereviews.com\/it\/programmi-gestione-turni-lavoro\/crunchtime-recensione\/"]}]},{"@type":"ImageObject","inLanguage":"it-IT","@id":"https:\/\/www.accuratereviews.com\/it\/programmi-gestione-turni-lavoro\/crunchtime-recensione\/#primaryimage","url":"https:\/\/www.accuratereviews.com\/wp-content\/uploads\/2025\/05\/Crunchtime.jpg","contentUrl":"https:\/\/www.accuratereviews.com\/wp-content\/uploads\/2025\/05\/Crunchtime.jpg","width":900,"height":900},{"@type":"BreadcrumbList","@id":"https:\/\/www.accuratereviews.com\/it\/programmi-gestione-turni-lavoro\/crunchtime-recensione\/#breadcrumb","itemListElement":[{"@type":"ListItem","position":1,"name":"Home","item":"https:\/\/www.accuratereviews.com\/it\/"},{"@type":"ListItem","position":2,"name":"Programmi per turni di lavoro","item":"https:\/\/www.accuratereviews.com\/it\/programmi-gestione-turni-lavoro\/"},{"@type":"ListItem","position":3,"name":"Crunchtime"}]},{"@type":"WebSite","@id":"https:\/\/www.accuratereviews.com\/it\/#website","url":"https:\/\/www.accuratereviews.com\/it\/","name":"Accurate Reviews","description":"","potentialAction":[{"@type":"SearchAction","target":{"@type":"EntryPoint","urlTemplate":"https:\/\/www.accuratereviews.com\/it\/?s={search_term_string}"},"query-input":{"@type":"PropertyValueSpecification","valueRequired":true,"valueName":"search_term_string"}}],"inLanguage":"it-IT"}]}},"_links":{"self":[{"href":"https:\/\/www.accuratereviews.com\/it\/wp-json\/wp\/v2\/pages\/90993","targetHints":{"allow":["GET"]}}],"collection":[{"href":"https:\/\/www.accuratereviews.com\/it\/wp-json\/wp\/v2\/pages"}],"about":[{"href":"https:\/\/www.accuratereviews.com\/it\/wp-json\/wp\/v2\/types\/page"}],"author":[{"embeddable":true,"href":"https:\/\/www.accuratereviews.com\/it\/wp-json\/wp\/v2\/users\/19"}],"replies":[{"embeddable":true,"href":"https:\/\/www.accuratereviews.com\/it\/wp-json\/wp\/v2\/comments?post=90993"}],"version-history":[{"count":12,"href":"https:\/\/www.accuratereviews.com\/it\/wp-json\/wp\/v2\/pages\/90993\/revisions"}],"predecessor-version":[{"id":91034,"href":"https:\/\/www.accuratereviews.com\/it\/wp-json\/wp\/v2\/pages\/90993\/revisions\/91034"}],"up":[{"embeddable":true,"href":"https:\/\/www.accuratereviews.com\/it\/wp-json\/wp\/v2\/pages\/87246"}],"wp:featuredmedia":[{"embeddable":true,"href":"https:\/\/www.accuratereviews.com\/it\/wp-json\/wp\/v2\/media\/90996"}],"wp:attachment":[{"href":"https:\/\/www.accuratereviews.com\/it\/wp-json\/wp\/v2\/media?parent=90993"}],"wp:term":[{"taxonomy":"category","embeddable":true,"href":"https:\/\/www.accuratereviews.com\/it\/wp-json\/wp\/v2\/categories?post=90993"},{"taxonomy":"post_tag","embeddable":true,"href":"https:\/\/www.accuratereviews.com\/it\/wp-json\/wp\/v2\/tags?post=90993"},{"taxonomy":"features","embeddable":true,"href":"https:\/\/www.accuratereviews.com\/it\/wp-json\/wp\/v2\/features?post=90993"}],"curies":[{"name":"wp","href":"https:\/\/api.w.org\/{rel}","templated":true}]}}