{"id":91077,"date":"2025-05-29T14:52:47","date_gmt":"2025-05-29T14:52:47","guid":{"rendered":"https:\/\/www.accuratereviews.com\/?page_id=91077"},"modified":"2025-06-05T21:59:46","modified_gmt":"2025-06-05T21:59:46","slug":"timemoto-recensione","status":"publish","type":"page","link":"https:\/\/www.accuratereviews.com\/it\/programmi-gestione-turni-lavoro\/timemoto-recensione\/","title":{"rendered":"TimeMoto"},"content":{"rendered":"<p><strong>TimeMoto<\/strong> \u00e8 una soluzione completa per la<strong> gestione delle presenze e degli orari<\/strong> di lavoro per aziende di qualsiasi dimensione. Gestisci esattamente dove e quando i tuoi dipendenti timbrano l&#8217;ingresso e l&#8217;uscita. Grazie a codice PIN, Face ID, impronta digitale, <strong>RFID, DESFire, MIFARE e HID<\/strong>, i dipendenti possono timbrare l&#8217;ingresso e l&#8217;uscita facilmente e esattamente come desideri.<br \/>\n<strong>TimeMoto<\/strong> include la possibilit\u00e0 di registrare le ore di lavoro, monitorare le presenze, pianificare turni e assenze, generare report e altro ancora.<\/p>\n<h2>TIMEMOTO &#8211; TUTORIAL<\/h2>\n<div id=\"fluid-wrapper-counter-1\" class=\"g1-fluid-wrapper \" style=\"width:686px;\">\n<div style=\"padding-bottom:56.268221574344%;\"><iframe loading=\"lazy\" title=\"Terminal: Setting up your terminal for Daylight Saving Time (DLST)\" width=\"686\" height=\"386\" src=\"https:\/\/www.youtube.com\/embed\/2IPVhnUq2u4?feature=oembed&amp;wmode=transparent&amp;autohide=1&amp;autoplay=0&amp;disablekb=0&amp;fs=1&amp;loop=0&amp;enablejsapi=1&amp;rel=0&amp;controls=2&amp;showinfo=0&amp;wmode=transparent&amp;autohide=2&amp;autoplay=0&amp;disablekb=0&amp;fs=1&amp;loop=0&amp;enablejsapi=1&amp;rel=0&amp;controls=2&amp;showinfo=1\" frameborder=\"0\" allow=\"accelerometer; autoplay; clipboard-write; encrypted-media; gyroscope; picture-in-picture; web-share\" referrerpolicy=\"strict-origin-when-cross-origin\" allowfullscreen><\/iframe><\/div>\n<\/div>\n<h3>TIMEMOTO &#8211; CARATTERISTICHE<\/h3>\n<ul>\n<li>Differenti metodi di registrazione: Potete timbrare il cartellino utilizzando badge o portachiavi RFID, MIFARE\/DESFire o metodi di autenticazione biometrica come la scansione delle impronte digitali o il riconoscimento facciale. \u00c9 inoltre disponibile la piattaforma web o l&#8217;app mobile.<\/li>\n<li>Gestione pi\u00f9 semplice delle ore di lavoro: combina il tuo rilevatore di presenza con i piani cloud per gestire i tuoi fogli presenza, programmi e rapporti. Controllo in tempo reale sui dati di presenza e orario dei dipendenti, permettendoti di prendere decisioni informate riguardo alla programmazione e al personale.<\/li>\n<li>Conformit\u00e0 alle leggi sul lavoro: Molti Paesi richiedono ai datori di lavoro sistemi di rilevazione delle presenze per registrare le ore di lavoro. Con questa soluzione, potrete gestire un&#8217;amministrazione accurata e trasparente dei tempi di lavoro. Inoltre, la soluzione \u00e8 conforme alle normative locali (UE e USA) in materia di privacy e sicurezza.<\/li>\n<li>Sicurezza integrata nella progettazione: i dati sono protetti dal potente cloud. Costruito sulla piattaforma Microsoft Azure.<\/li>\n<li>Conforme alla legge sul lavoro: modelli che aiutano a calcolare gli straordinari e a rispettare le leggi locali sul lavoro.<\/li>\n<li>Facile da installare: sar\u00e0 tutto pronto in pochissimo tempo, a prescindere.<\/li>\n<li>Funzionalit\u00e0 estese: Varie funzionalit\u00e0: dalla modalit\u00e0 notturna ai reports personali. Rendilo tuo.<\/li>\n<li>Connettivit\u00e0 affidabile: i rilevatori di presenza memorizzano le timbrature in modo sicuro fino a quando la connessione viene ripristinata.<\/li>\n<li>Sicurezza integrata nella progettazione: la sicurezza completa \u00e8 integrata nella progettazione. Non importa quale metodo d\u2019identificazione utilizzi.<\/li>\n<li>Sistema di verifica presenza trasparente: i dipendenti possono vedere il proprio orario di lavoro direttamente sull\u2019orologio. Cos\u00ec tutti rimangono informati.<\/li>\n<li>Rapporti: ottenete una panoramica dettagliata, aggiungete regole di pagamento e ricevete notifiche.<\/li>\n<\/ul>\n<h4>LA RECENSIONE DEGLI UTENTI<\/h4>\n<p><strong>Nathan &#8220;Facile da usare e a un prezzo ragionevole&#8221;<\/strong><br \/>\n<strong>Commenti<\/strong>: Avevamo bisogno di una nuova macchina per il cartellino e di un software che si integrasse con essa, ma non volevamo pagare cifre esorbitanti per quella che ERA un&#8217;azienda da 10 dipendenti (ora quasi 50)<br \/>\nTimemoto ci \u00e8 stata consigliata per la macchina che abbiamo acquistato e configurato, \u00e8 stato indolore.<br \/>\nOttenere le informazioni di cui ho bisogno ogni periodo per pagare il nostro personale \u00e8 estremamente semplice, cos\u00ec come apportare modifiche quando il personale dimentica di timbrare l&#8217;ingresso o l&#8217;uscita!<br \/>\n<strong>Pro<\/strong>: Mi piace che il software sia basato sul cloud e che l&#8217;abbonamento mensile abbia un prezzo ragionevole<br \/>\n<strong>Contro<\/strong>: Non posso impostare i miei intervalli di pagamento. Paghiamo il nostro personale l&#8217;ultimo venerd\u00ec di ogni mese, ma le impostazioni predefinite sono settimanali o mensili<\/p>\n<p><strong>Norman &#8220;Sta andando come dovrebbe andare. Anche l&#8217;app!&#8221;<\/strong><br \/>\n<strong>Commenti<\/strong>: Il monitoraggio del tempo funziona molto bene. Il supporto \u00e8 eccellente! Grazie ancora per il gentile supporto.<br \/>\nL&#8217;app funziona benissimo anche se si imposta tutto correttamente fin dall&#8217;inizio. LEGGETE prima di procedere all&#8217;installazione! Le FAQ del sito web non lasciano alcuna domanda senza risposta. Quindi prima pensa, leggi e poi valuta!<br \/>\n<strong>Pro<\/strong>: La funzionalit\u00e0 e il supporto. Super amichevole!<br \/>\n<strong>Contro<\/strong>: Non riesco a trovare alcuno svantaggio, funziona come dovrebbe.<\/p>\n<p><strong>Alioune &#8220;Recensione per TimeMoto&#8221;<\/strong><br \/>\n<strong>Pro<\/strong>: \u00c8 economico, facile da installare e amministrare e si adatta bene ai programmi che gli vengono assegnati.<br \/>\n<strong>Contro<\/strong>: \u00c8 troppo lento e l&#8217;interfaccia si blocca molto spesso durante l&#8217;esecuzione di determinate attivit\u00e0<\/p>\n","protected":false},"excerpt":{"rendered":"<p>TimeMoto \u00e8 una soluzione completa per la gestione delle presenze e degli orari di lavoro per aziende di qualsiasi dimensione. Gestisci esattamente dove e quando i tuoi dipendenti timbrano l&#8217;ingresso e l&#8217;uscita. Grazie a codice PIN, Face ID, impronta digitale, RFID, DESFire, MIFARE e HID, i dipendenti possono timbrare l&#8217;ingresso e l&#8217;uscita facilmente e esattamente come desideri.<\/p>\n","protected":false},"author":19,"featured_media":91079,"parent":87246,"menu_order":0,"comment_status":"open","ping_status":"closed","template":"g1_template_page_review_new.php","meta":{"_acf_changed":false,"cwp_meta_box_check":"No","cwp_rev_product_name":"","cwp_rev_product_image":"","wppr_links":[],"cwp_rev_price":"","wppr_options":[],"wppr_pros":[],"wppr_cons":[],"_monsterinsights_skip_tracking":false,"_monsterinsights_sitenote_active":false,"_monsterinsights_sitenote_note":"","_monsterinsights_sitenote_category":0,"footnotes":""},"categories":[16111],"tags":[16146,16121,16120,16144,16266,16123],"features":[],"class_list":{"0":"post-91077","1":"page","2":"type-page","3":"status-publish","4":"has-post-thumbnail","6":"category-programmi-per-turni-di-lavoro","7":"tag-piattaforma-turni-di-lavoro","8":"tag-programma-turni-di-lavoro","9":"tag-software-turni-di-lavoro","10":"tag-soluzione-turni-di-lavoro","11":"tag-timemoto","12":"tag-turni-di-lavoro"},"wppr_data":{"cwp_meta_box_check":"No"},"acf":[],"yoast_head":"<!-- This site is optimized with the Yoast SEO plugin v27.4 - https:\/\/yoast.com\/product\/yoast-seo-wordpress\/ -->\n<title>TimeMoto: recensione software turni di lavoro - Accurate Reviews<\/title>\n<meta name=\"description\" content=\"TimeMoto: recensione soluzione completa per la gestione delle presenze e degli orari di lavoro per aziende di qualsiasi dimensione.\" \/>\n<meta name=\"robots\" content=\"index, follow, max-snippet:-1, max-image-preview:large, max-video-preview:-1\" \/>\n<link rel=\"canonical\" href=\"https:\/\/www.accuratereviews.com\/it\/programmi-gestione-turni-lavoro\/timemoto-recensione\/\" \/>\n<meta property=\"og:locale\" content=\"it_IT\" \/>\n<meta property=\"og:type\" content=\"article\" \/>\n<meta property=\"og:title\" content=\"TimeMoto: recensione software turni di lavoro - Accurate Reviews\" \/>\n<meta property=\"og:description\" content=\"TimeMoto: recensione soluzione completa per la gestione delle presenze e degli orari di lavoro per aziende di qualsiasi dimensione.\" \/>\n<meta property=\"og:url\" content=\"https:\/\/www.accuratereviews.com\/it\/programmi-gestione-turni-lavoro\/timemoto-recensione\/\" \/>\n<meta property=\"og:site_name\" content=\"Accurate Reviews\" \/>\n<meta property=\"article:modified_time\" content=\"2025-06-05T21:59:46+00:00\" \/>\n<meta name=\"twitter:card\" content=\"summary_large_image\" \/>\n<meta name=\"twitter:label1\" content=\"Tempo di lettura stimato\" \/>\n\t<meta name=\"twitter:data1\" content=\"5 minuti\" \/>\n<script type=\"application\/ld+json\" class=\"yoast-schema-graph\">{\"@context\":\"https:\\\/\\\/schema.org\",\"@graph\":[{\"@type\":\"WebPage\",\"@id\":\"https:\\\/\\\/www.accuratereviews.com\\\/it\\\/programmi-gestione-turni-lavoro\\\/timemoto-recensione\\\/\",\"url\":\"https:\\\/\\\/www.accuratereviews.com\\\/it\\\/programmi-gestione-turni-lavoro\\\/timemoto-recensione\\\/\",\"name\":\"TimeMoto: recensione software turni di lavoro - Accurate Reviews\",\"isPartOf\":{\"@id\":\"https:\\\/\\\/www.accuratereviews.com\\\/it\\\/#website\"},\"primaryImageOfPage\":{\"@id\":\"https:\\\/\\\/www.accuratereviews.com\\\/it\\\/programmi-gestione-turni-lavoro\\\/timemoto-recensione\\\/#primaryimage\"},\"image\":{\"@id\":\"https:\\\/\\\/www.accuratereviews.com\\\/it\\\/programmi-gestione-turni-lavoro\\\/timemoto-recensione\\\/#primaryimage\"},\"thumbnailUrl\":\"https:\\\/\\\/www.accuratereviews.com\\\/wp-content\\\/uploads\\\/2025\\\/05\\\/TimeMoto.avif\",\"datePublished\":\"2025-05-29T14:52:47+00:00\",\"dateModified\":\"2025-06-05T21:59:46+00:00\",\"description\":\"TimeMoto: recensione soluzione completa per la gestione delle presenze e degli orari di lavoro per aziende di qualsiasi dimensione.\",\"breadcrumb\":{\"@id\":\"https:\\\/\\\/www.accuratereviews.com\\\/it\\\/programmi-gestione-turni-lavoro\\\/timemoto-recensione\\\/#breadcrumb\"},\"inLanguage\":\"it-IT\",\"potentialAction\":[{\"@type\":\"ReadAction\",\"target\":[\"https:\\\/\\\/www.accuratereviews.com\\\/it\\\/programmi-gestione-turni-lavoro\\\/timemoto-recensione\\\/\"]}]},{\"@type\":\"ImageObject\",\"inLanguage\":\"it-IT\",\"@id\":\"https:\\\/\\\/www.accuratereviews.com\\\/it\\\/programmi-gestione-turni-lavoro\\\/timemoto-recensione\\\/#primaryimage\",\"url\":\"https:\\\/\\\/www.accuratereviews.com\\\/wp-content\\\/uploads\\\/2025\\\/05\\\/TimeMoto.avif\",\"contentUrl\":\"https:\\\/\\\/www.accuratereviews.com\\\/wp-content\\\/uploads\\\/2025\\\/05\\\/TimeMoto.avif\",\"width\":270,\"height\":270},{\"@type\":\"BreadcrumbList\",\"@id\":\"https:\\\/\\\/www.accuratereviews.com\\\/it\\\/programmi-gestione-turni-lavoro\\\/timemoto-recensione\\\/#breadcrumb\",\"itemListElement\":[{\"@type\":\"ListItem\",\"position\":1,\"name\":\"Home\",\"item\":\"https:\\\/\\\/www.accuratereviews.com\\\/it\\\/\"},{\"@type\":\"ListItem\",\"position\":2,\"name\":\"Programmi per turni di lavoro\",\"item\":\"https:\\\/\\\/www.accuratereviews.com\\\/it\\\/programmi-gestione-turni-lavoro\\\/\"},{\"@type\":\"ListItem\",\"position\":3,\"name\":\"TimeMoto\"}]},{\"@type\":\"WebSite\",\"@id\":\"https:\\\/\\\/www.accuratereviews.com\\\/it\\\/#website\",\"url\":\"https:\\\/\\\/www.accuratereviews.com\\\/it\\\/\",\"name\":\"Accurate Reviews\",\"description\":\"\",\"potentialAction\":[{\"@type\":\"SearchAction\",\"target\":{\"@type\":\"EntryPoint\",\"urlTemplate\":\"https:\\\/\\\/www.accuratereviews.com\\\/it\\\/?s={search_term_string}\"},\"query-input\":{\"@type\":\"PropertyValueSpecification\",\"valueRequired\":true,\"valueName\":\"search_term_string\"}}],\"inLanguage\":\"it-IT\"}]}<\/script>\n<!-- \/ Yoast SEO plugin. -->","yoast_head_json":{"title":"TimeMoto: recensione software turni di lavoro - Accurate Reviews","description":"TimeMoto: recensione soluzione completa per la gestione delle presenze e degli orari di lavoro per aziende di qualsiasi dimensione.","robots":{"index":"index","follow":"follow","max-snippet":"max-snippet:-1","max-image-preview":"max-image-preview:large","max-video-preview":"max-video-preview:-1"},"canonical":"https:\/\/www.accuratereviews.com\/it\/programmi-gestione-turni-lavoro\/timemoto-recensione\/","og_locale":"it_IT","og_type":"article","og_title":"TimeMoto: recensione software turni di lavoro - Accurate Reviews","og_description":"TimeMoto: recensione soluzione completa per la gestione delle presenze e degli orari di lavoro per aziende di qualsiasi dimensione.","og_url":"https:\/\/www.accuratereviews.com\/it\/programmi-gestione-turni-lavoro\/timemoto-recensione\/","og_site_name":"Accurate Reviews","article_modified_time":"2025-06-05T21:59:46+00:00","twitter_card":"summary_large_image","twitter_misc":{"Tempo di lettura stimato":"5 minuti"},"schema":{"@context":"https:\/\/schema.org","@graph":[{"@type":"WebPage","@id":"https:\/\/www.accuratereviews.com\/it\/programmi-gestione-turni-lavoro\/timemoto-recensione\/","url":"https:\/\/www.accuratereviews.com\/it\/programmi-gestione-turni-lavoro\/timemoto-recensione\/","name":"TimeMoto: recensione software turni di lavoro - Accurate Reviews","isPartOf":{"@id":"https:\/\/www.accuratereviews.com\/it\/#website"},"primaryImageOfPage":{"@id":"https:\/\/www.accuratereviews.com\/it\/programmi-gestione-turni-lavoro\/timemoto-recensione\/#primaryimage"},"image":{"@id":"https:\/\/www.accuratereviews.com\/it\/programmi-gestione-turni-lavoro\/timemoto-recensione\/#primaryimage"},"thumbnailUrl":"https:\/\/www.accuratereviews.com\/wp-content\/uploads\/2025\/05\/TimeMoto.avif","datePublished":"2025-05-29T14:52:47+00:00","dateModified":"2025-06-05T21:59:46+00:00","description":"TimeMoto: recensione soluzione completa per la gestione delle presenze e degli orari di lavoro per aziende di qualsiasi dimensione.","breadcrumb":{"@id":"https:\/\/www.accuratereviews.com\/it\/programmi-gestione-turni-lavoro\/timemoto-recensione\/#breadcrumb"},"inLanguage":"it-IT","potentialAction":[{"@type":"ReadAction","target":["https:\/\/www.accuratereviews.com\/it\/programmi-gestione-turni-lavoro\/timemoto-recensione\/"]}]},{"@type":"ImageObject","inLanguage":"it-IT","@id":"https:\/\/www.accuratereviews.com\/it\/programmi-gestione-turni-lavoro\/timemoto-recensione\/#primaryimage","url":"https:\/\/www.accuratereviews.com\/wp-content\/uploads\/2025\/05\/TimeMoto.avif","contentUrl":"https:\/\/www.accuratereviews.com\/wp-content\/uploads\/2025\/05\/TimeMoto.avif","width":270,"height":270},{"@type":"BreadcrumbList","@id":"https:\/\/www.accuratereviews.com\/it\/programmi-gestione-turni-lavoro\/timemoto-recensione\/#breadcrumb","itemListElement":[{"@type":"ListItem","position":1,"name":"Home","item":"https:\/\/www.accuratereviews.com\/it\/"},{"@type":"ListItem","position":2,"name":"Programmi per turni di lavoro","item":"https:\/\/www.accuratereviews.com\/it\/programmi-gestione-turni-lavoro\/"},{"@type":"ListItem","position":3,"name":"TimeMoto"}]},{"@type":"WebSite","@id":"https:\/\/www.accuratereviews.com\/it\/#website","url":"https:\/\/www.accuratereviews.com\/it\/","name":"Accurate Reviews","description":"","potentialAction":[{"@type":"SearchAction","target":{"@type":"EntryPoint","urlTemplate":"https:\/\/www.accuratereviews.com\/it\/?s={search_term_string}"},"query-input":{"@type":"PropertyValueSpecification","valueRequired":true,"valueName":"search_term_string"}}],"inLanguage":"it-IT"}]}},"_links":{"self":[{"href":"https:\/\/www.accuratereviews.com\/it\/wp-json\/wp\/v2\/pages\/91077","targetHints":{"allow":["GET"]}}],"collection":[{"href":"https:\/\/www.accuratereviews.com\/it\/wp-json\/wp\/v2\/pages"}],"about":[{"href":"https:\/\/www.accuratereviews.com\/it\/wp-json\/wp\/v2\/types\/page"}],"author":[{"embeddable":true,"href":"https:\/\/www.accuratereviews.com\/it\/wp-json\/wp\/v2\/users\/19"}],"replies":[{"embeddable":true,"href":"https:\/\/www.accuratereviews.com\/it\/wp-json\/wp\/v2\/comments?post=91077"}],"version-history":[{"count":7,"href":"https:\/\/www.accuratereviews.com\/it\/wp-json\/wp\/v2\/pages\/91077\/revisions"}],"predecessor-version":[{"id":91431,"href":"https:\/\/www.accuratereviews.com\/it\/wp-json\/wp\/v2\/pages\/91077\/revisions\/91431"}],"up":[{"embeddable":true,"href":"https:\/\/www.accuratereviews.com\/it\/wp-json\/wp\/v2\/pages\/87246"}],"wp:featuredmedia":[{"embeddable":true,"href":"https:\/\/www.accuratereviews.com\/it\/wp-json\/wp\/v2\/media\/91079"}],"wp:attachment":[{"href":"https:\/\/www.accuratereviews.com\/it\/wp-json\/wp\/v2\/media?parent=91077"}],"wp:term":[{"taxonomy":"category","embeddable":true,"href":"https:\/\/www.accuratereviews.com\/it\/wp-json\/wp\/v2\/categories?post=91077"},{"taxonomy":"post_tag","embeddable":true,"href":"https:\/\/www.accuratereviews.com\/it\/wp-json\/wp\/v2\/tags?post=91077"},{"taxonomy":"features","embeddable":true,"href":"https:\/\/www.accuratereviews.com\/it\/wp-json\/wp\/v2\/features?post=91077"}],"curies":[{"name":"wp","href":"https:\/\/api.w.org\/{rel}","templated":true}]}}