{"id":9120,"date":"2017-04-26T10:33:40","date_gmt":"2017-04-26T10:33:40","guid":{"rendered":"http:\/\/www.accuratereviews.com\/video-editing-lista-software\/pinnacle-studio\/"},"modified":"2019-06-03T14:03:18","modified_gmt":"2019-06-03T14:03:18","slug":"pinnacle-studio","status":"publish","type":"page","link":"https:\/\/www.accuratereviews.com\/it\/video-editing-lista-software\/pinnacle-studio\/","title":{"rendered":"Pinnacle Studio"},"content":{"rendered":"<p><img loading=\"lazy\" decoding=\"async\" class=\"alignnone size-full wp-image-9113\" src=\"http:\/\/www.accuratereviews.com\/wp-content\/uploads\/2017\/04\/pinnacle_studio.jpg\" alt=\"pinnacle studio\" width=\"560\" height=\"364\" srcset=\"https:\/\/www.accuratereviews.com\/wp-content\/uploads\/2017\/04\/pinnacle_studio.jpg 560w, https:\/\/www.accuratereviews.com\/wp-content\/uploads\/2017\/04\/pinnacle_studio-300x195.jpg 300w, https:\/\/www.accuratereviews.com\/wp-content\/uploads\/2017\/04\/pinnacle_studio-192x125.jpg 192w, https:\/\/www.accuratereviews.com\/wp-content\/uploads\/2017\/04\/pinnacle_studio-50x33.jpg 50w, https:\/\/www.accuratereviews.com\/wp-content\/uploads\/2017\/04\/pinnacle_studio-320x208.jpg 320w, https:\/\/www.accuratereviews.com\/wp-content\/uploads\/2017\/04\/pinnacle_studio-239x155.jpg 239w\" sizes=\"auto, (max-width: 560px) 100vw, 560px\" \/><\/p>\n<p>Tra tutti i software per il video editing <strong>Pinnacle Studio 20 emerge per funzionalit\u00e0 e per gli strumenti offerti<\/strong>, battendosi bene con altri due colossi altrettanto valevoli quali Adobe Premiere e Corel VideoStudio. Tutti e tre si propongono come eccellenti video editor che offrono funzionalit\u00e0 simili e molto alla mano. Questa premessa per chiederci se <strong>Pinnacle Studio offra abbastanza appeal ai filmmarker principianti<\/strong> per convincerli ad abbandonare le interfacce pi\u00f9 familiari e famose dei due concorrenti.<\/p>\n<p>Ad un primo sguardo, i motivi sembrano esserci. <strong>Pinnacle Studio offre molte delle feature che un utente di software di video editing si aspetta di trovare<\/strong> in uno strumento simile: editing multi camera, animazione stop-motion, uno storyboarding semplificato grazie ai template, una libreria corposa e una larga scelta di possibili transizioni.<\/p>\n<p>Il software offre un accesso libero per 21 giorni per permettere all\u2019utente di studiare il materiale informativo e navigare la libreria. Tutti gli strumenti pi\u00f9 essenziali sono presenti, esattamente come in Adobe Premiere e Corel VideoStudio.<br \/>\nAd uno sguardo pi\u00f9 approfondito, invece, le differenze rispetto ai due concorrenti sono pi\u00f9 profonde. <strong>Il layout offerto da Pinnacle Studio \u00e8 piuttosto inusual<\/strong>e. Mentre i normali video editor permettono all\u2019utente di passare tra diverse timeline e storyboard, Pinnacle Studio mette tutto sulla stessa schermata. Si tratta di una scelta che semplifica il lavoro in modo piacevole.<\/p>\n<p><img loading=\"lazy\" decoding=\"async\" class=\"alignnone size-full wp-image-9114\" src=\"http:\/\/www.accuratereviews.com\/wp-content\/uploads\/2017\/04\/pinnacle_studio-1.jpg\" alt=\"pinnacle studio\" width=\"561\" height=\"256\" srcset=\"https:\/\/www.accuratereviews.com\/wp-content\/uploads\/2017\/04\/pinnacle_studio-1.jpg 561w, https:\/\/www.accuratereviews.com\/wp-content\/uploads\/2017\/04\/pinnacle_studio-1-300x137.jpg 300w, https:\/\/www.accuratereviews.com\/wp-content\/uploads\/2017\/04\/pinnacle_studio-1-260x119.jpg 260w, https:\/\/www.accuratereviews.com\/wp-content\/uploads\/2017\/04\/pinnacle_studio-1-50x23.jpg 50w, https:\/\/www.accuratereviews.com\/wp-content\/uploads\/2017\/04\/pinnacle_studio-1-320x146.jpg 320w, https:\/\/www.accuratereviews.com\/wp-content\/uploads\/2017\/04\/pinnacle_studio-1-239x109.jpg 239w\" sizes=\"auto, (max-width: 561px) 100vw, 561px\" \/><\/p>\n<p>Inoltre, aspetto pi\u00f9 importante, Pinnacle Studio Ultimate \u00e8 solo una delle tre versioni dello stesso software offerte. Ognuna delle tre versioni &#8211; Studio, Studio Plus e Studio Ultimate, offrono gli strumenti base per l\u2019editing video, ma Studio Ultimate va ben oltre. Offre pi\u00f9 di 2000 transizioni ed effetti &#8211; rispetto alla versione Studio che ne offre 1500 -, permette l\u2019editing di fino a sei fonti video rispetto alle due della versione Studio, include inoltre un blur a mosaico e la possibilit\u00e0 della cattura live screen a differenza delle altre versioni.<\/p>\n<p>In aggiunta, Pinnacle Studio Ultimate offre il video editing a 360 gradi, effetti bonus e tracce video\/audio illimitate. (La versione Studio offre sei tracce, mentre la Studio Plus ne consente 24). Pinnacle Studio quindi non si propone solo come un video editor capace e ricco, ma offre anche una <strong>scelta di feature commisurata a quanto desideriamo pagare<\/strong>. Pu\u00f2 sembrare scontato o un vantaggio da poco, ma molti software di video editing obbligano a pagare funzionalit\u00e0 che non interessano all\u2019utente.<\/p>\n<p>La capacit\u00e0 di Pinnacle di offrire pacchetti pi\u00f9 adeguati alle esigenze di ogni utente rende il suo software una scelta sensata per chiunque. Pinnacle Studio offre inoltre semplicit\u00e0 di utilizzo e aiuta gli utenti a comprendere esattamente cosa acquistare a seconda delle esigenze.<\/p>\n","protected":false},"excerpt":{"rendered":"<p>Tra tutti i software per il video editing Pinnacle Studio 20 emerge per funzionalit\u00e0 e per gli strumenti offerti, battendosi bene con altri due colossi altrettanto valevoli quali Adobe Premiere e Corel VideoStudio. Tutti e tre si propongono come eccellenti video editor che offrono funzionalit\u00e0 simili e molto alla mano. Questa premessa per chiederci se Pinnacle Studio offra abbastanza appeal ai filmmarker principianti per convincerli ad abbandonare le interfacce pi\u00f9 familiari e famose dei due concorrenti.<\/p>\n","protected":false},"author":16,"featured_media":0,"parent":7571,"menu_order":0,"comment_status":"open","ping_status":"closed","template":"g1_template_page_review_new.php","meta":{"_acf_changed":false,"cwp_meta_box_check":"Yes","cwp_rev_product_name":"","cwp_rev_product_image":"","wppr_links":[],"cwp_rev_price":"","wppr_options":[],"wppr_pros":[],"wppr_cons":[],"_monsterinsights_skip_tracking":false,"_monsterinsights_sitenote_active":false,"_monsterinsights_sitenote_note":"","_monsterinsights_sitenote_category":0,"footnotes":""},"categories":[169],"tags":[],"features":[],"class_list":{"0":"post-9120","1":"page","2":"type-page","3":"status-publish","5":"category-video-editing-software-it"},"wppr_data":{"cwp_meta_box_check":"Yes","cwp_rev_product_name":"","cwp_rev_product_image":"","cwp_image_link":"image","cwp_rev_price":"","wppr_rating":"0.00"},"acf":[],"yoast_head":"<!-- This site is optimized with the Yoast SEO plugin v27.4 - https:\/\/yoast.com\/product\/yoast-seo-wordpress\/ -->\n<title>Pinnacle Studio Review | Best Video Editing Tools | Accurate Reviews<\/title>\n<meta name=\"description\" content=\"Pinnacle Studio offre tutte le funzionalit\u00e0 che potete desiderare se vi affacciate al mondo del video editing e potete scegliere quanto spendere.\" \/>\n<meta name=\"robots\" content=\"index, follow, max-snippet:-1, max-image-preview:large, max-video-preview:-1\" \/>\n<link rel=\"canonical\" href=\"https:\/\/www.accuratereviews.com\/it\/video-editing-lista-software\/pinnacle-studio\/\" \/>\n<meta property=\"og:locale\" content=\"it_IT\" \/>\n<meta property=\"og:type\" content=\"article\" \/>\n<meta property=\"og:title\" content=\"Pinnacle Studio Review | Best Video Editing Tools | Accurate Reviews\" \/>\n<meta property=\"og:description\" content=\"Pinnacle Studio offre tutte le funzionalit\u00e0 che potete desiderare se vi affacciate al mondo del video editing e potete scegliere quanto spendere.\" \/>\n<meta property=\"og:url\" content=\"https:\/\/www.accuratereviews.com\/it\/video-editing-lista-software\/pinnacle-studio\/\" \/>\n<meta property=\"og:site_name\" content=\"Accurate Reviews\" \/>\n<meta property=\"article:modified_time\" content=\"2019-06-03T14:03:18+00:00\" \/>\n<meta property=\"og:image\" content=\"http:\/\/www.accuratereviews.com\/wp-content\/uploads\/2017\/04\/pinnacle_studio.jpg\" \/>\n<meta name=\"twitter:card\" content=\"summary_large_image\" \/>\n<meta name=\"twitter:label1\" content=\"Tempo di lettura stimato\" \/>\n\t<meta name=\"twitter:data1\" content=\"2 minuti\" \/>\n<script type=\"application\/ld+json\" class=\"yoast-schema-graph\">{\"@context\":\"https:\\\/\\\/schema.org\",\"@graph\":[{\"@type\":\"WebPage\",\"@id\":\"https:\\\/\\\/www.accuratereviews.com\\\/it\\\/video-editing-lista-software\\\/pinnacle-studio\\\/\",\"url\":\"https:\\\/\\\/www.accuratereviews.com\\\/it\\\/video-editing-lista-software\\\/pinnacle-studio\\\/\",\"name\":\"Pinnacle Studio Review | Best Video Editing Tools | Accurate Reviews\",\"isPartOf\":{\"@id\":\"https:\\\/\\\/www.accuratereviews.com\\\/it\\\/#website\"},\"primaryImageOfPage\":{\"@id\":\"https:\\\/\\\/www.accuratereviews.com\\\/it\\\/video-editing-lista-software\\\/pinnacle-studio\\\/#primaryimage\"},\"image\":{\"@id\":\"https:\\\/\\\/www.accuratereviews.com\\\/it\\\/video-editing-lista-software\\\/pinnacle-studio\\\/#primaryimage\"},\"thumbnailUrl\":\"http:\\\/\\\/www.accuratereviews.com\\\/wp-content\\\/uploads\\\/2017\\\/04\\\/pinnacle_studio.jpg\",\"datePublished\":\"2017-04-26T10:33:40+00:00\",\"dateModified\":\"2019-06-03T14:03:18+00:00\",\"description\":\"Pinnacle Studio offre tutte le funzionalit\u00e0 che potete desiderare se vi affacciate al mondo del video editing e potete scegliere quanto spendere.\",\"breadcrumb\":{\"@id\":\"https:\\\/\\\/www.accuratereviews.com\\\/it\\\/video-editing-lista-software\\\/pinnacle-studio\\\/#breadcrumb\"},\"inLanguage\":\"it-IT\",\"potentialAction\":[{\"@type\":\"ReadAction\",\"target\":[\"https:\\\/\\\/www.accuratereviews.com\\\/it\\\/video-editing-lista-software\\\/pinnacle-studio\\\/\"]}]},{\"@type\":\"ImageObject\",\"inLanguage\":\"it-IT\",\"@id\":\"https:\\\/\\\/www.accuratereviews.com\\\/it\\\/video-editing-lista-software\\\/pinnacle-studio\\\/#primaryimage\",\"url\":\"http:\\\/\\\/www.accuratereviews.com\\\/wp-content\\\/uploads\\\/2017\\\/04\\\/pinnacle_studio.jpg\",\"contentUrl\":\"http:\\\/\\\/www.accuratereviews.com\\\/wp-content\\\/uploads\\\/2017\\\/04\\\/pinnacle_studio.jpg\"},{\"@type\":\"BreadcrumbList\",\"@id\":\"https:\\\/\\\/www.accuratereviews.com\\\/it\\\/video-editing-lista-software\\\/pinnacle-studio\\\/#breadcrumb\",\"itemListElement\":[{\"@type\":\"ListItem\",\"position\":1,\"name\":\"Home\",\"item\":\"https:\\\/\\\/www.accuratereviews.com\\\/it\\\/\"},{\"@type\":\"ListItem\",\"position\":2,\"name\":\"Software per il video editing\",\"item\":\"https:\\\/\\\/www.accuratereviews.com\\\/it\\\/video-editing-lista-software\\\/\"},{\"@type\":\"ListItem\",\"position\":3,\"name\":\"Pinnacle Studio\"}]},{\"@type\":\"WebSite\",\"@id\":\"https:\\\/\\\/www.accuratereviews.com\\\/it\\\/#website\",\"url\":\"https:\\\/\\\/www.accuratereviews.com\\\/it\\\/\",\"name\":\"Accurate Reviews\",\"description\":\"\",\"potentialAction\":[{\"@type\":\"SearchAction\",\"target\":{\"@type\":\"EntryPoint\",\"urlTemplate\":\"https:\\\/\\\/www.accuratereviews.com\\\/it\\\/?s={search_term_string}\"},\"query-input\":{\"@type\":\"PropertyValueSpecification\",\"valueRequired\":true,\"valueName\":\"search_term_string\"}}],\"inLanguage\":\"it-IT\"}]}<\/script>\n<!-- \/ Yoast SEO plugin. -->","yoast_head_json":{"title":"Pinnacle Studio Review | Best Video Editing Tools | Accurate Reviews","description":"Pinnacle Studio offre tutte le funzionalit\u00e0 che potete desiderare se vi affacciate al mondo del video editing e potete scegliere quanto spendere.","robots":{"index":"index","follow":"follow","max-snippet":"max-snippet:-1","max-image-preview":"max-image-preview:large","max-video-preview":"max-video-preview:-1"},"canonical":"https:\/\/www.accuratereviews.com\/it\/video-editing-lista-software\/pinnacle-studio\/","og_locale":"it_IT","og_type":"article","og_title":"Pinnacle Studio Review | Best Video Editing Tools | Accurate Reviews","og_description":"Pinnacle Studio offre tutte le funzionalit\u00e0 che potete desiderare se vi affacciate al mondo del video editing e potete scegliere quanto spendere.","og_url":"https:\/\/www.accuratereviews.com\/it\/video-editing-lista-software\/pinnacle-studio\/","og_site_name":"Accurate Reviews","article_modified_time":"2019-06-03T14:03:18+00:00","og_image":[{"url":"http:\/\/www.accuratereviews.com\/wp-content\/uploads\/2017\/04\/pinnacle_studio.jpg","type":"","width":"","height":""}],"twitter_card":"summary_large_image","twitter_misc":{"Tempo di lettura stimato":"2 minuti"},"schema":{"@context":"https:\/\/schema.org","@graph":[{"@type":"WebPage","@id":"https:\/\/www.accuratereviews.com\/it\/video-editing-lista-software\/pinnacle-studio\/","url":"https:\/\/www.accuratereviews.com\/it\/video-editing-lista-software\/pinnacle-studio\/","name":"Pinnacle Studio Review | Best Video Editing Tools | Accurate Reviews","isPartOf":{"@id":"https:\/\/www.accuratereviews.com\/it\/#website"},"primaryImageOfPage":{"@id":"https:\/\/www.accuratereviews.com\/it\/video-editing-lista-software\/pinnacle-studio\/#primaryimage"},"image":{"@id":"https:\/\/www.accuratereviews.com\/it\/video-editing-lista-software\/pinnacle-studio\/#primaryimage"},"thumbnailUrl":"http:\/\/www.accuratereviews.com\/wp-content\/uploads\/2017\/04\/pinnacle_studio.jpg","datePublished":"2017-04-26T10:33:40+00:00","dateModified":"2019-06-03T14:03:18+00:00","description":"Pinnacle Studio offre tutte le funzionalit\u00e0 che potete desiderare se vi affacciate al mondo del video editing e potete scegliere quanto spendere.","breadcrumb":{"@id":"https:\/\/www.accuratereviews.com\/it\/video-editing-lista-software\/pinnacle-studio\/#breadcrumb"},"inLanguage":"it-IT","potentialAction":[{"@type":"ReadAction","target":["https:\/\/www.accuratereviews.com\/it\/video-editing-lista-software\/pinnacle-studio\/"]}]},{"@type":"ImageObject","inLanguage":"it-IT","@id":"https:\/\/www.accuratereviews.com\/it\/video-editing-lista-software\/pinnacle-studio\/#primaryimage","url":"http:\/\/www.accuratereviews.com\/wp-content\/uploads\/2017\/04\/pinnacle_studio.jpg","contentUrl":"http:\/\/www.accuratereviews.com\/wp-content\/uploads\/2017\/04\/pinnacle_studio.jpg"},{"@type":"BreadcrumbList","@id":"https:\/\/www.accuratereviews.com\/it\/video-editing-lista-software\/pinnacle-studio\/#breadcrumb","itemListElement":[{"@type":"ListItem","position":1,"name":"Home","item":"https:\/\/www.accuratereviews.com\/it\/"},{"@type":"ListItem","position":2,"name":"Software per il video editing","item":"https:\/\/www.accuratereviews.com\/it\/video-editing-lista-software\/"},{"@type":"ListItem","position":3,"name":"Pinnacle Studio"}]},{"@type":"WebSite","@id":"https:\/\/www.accuratereviews.com\/it\/#website","url":"https:\/\/www.accuratereviews.com\/it\/","name":"Accurate Reviews","description":"","potentialAction":[{"@type":"SearchAction","target":{"@type":"EntryPoint","urlTemplate":"https:\/\/www.accuratereviews.com\/it\/?s={search_term_string}"},"query-input":{"@type":"PropertyValueSpecification","valueRequired":true,"valueName":"search_term_string"}}],"inLanguage":"it-IT"}]}},"_links":{"self":[{"href":"https:\/\/www.accuratereviews.com\/it\/wp-json\/wp\/v2\/pages\/9120","targetHints":{"allow":["GET"]}}],"collection":[{"href":"https:\/\/www.accuratereviews.com\/it\/wp-json\/wp\/v2\/pages"}],"about":[{"href":"https:\/\/www.accuratereviews.com\/it\/wp-json\/wp\/v2\/types\/page"}],"author":[{"embeddable":true,"href":"https:\/\/www.accuratereviews.com\/it\/wp-json\/wp\/v2\/users\/16"}],"replies":[{"embeddable":true,"href":"https:\/\/www.accuratereviews.com\/it\/wp-json\/wp\/v2\/comments?post=9120"}],"version-history":[{"count":4,"href":"https:\/\/www.accuratereviews.com\/it\/wp-json\/wp\/v2\/pages\/9120\/revisions"}],"predecessor-version":[{"id":15398,"href":"https:\/\/www.accuratereviews.com\/it\/wp-json\/wp\/v2\/pages\/9120\/revisions\/15398"}],"up":[{"embeddable":true,"href":"https:\/\/www.accuratereviews.com\/it\/wp-json\/wp\/v2\/pages\/7571"}],"wp:attachment":[{"href":"https:\/\/www.accuratereviews.com\/it\/wp-json\/wp\/v2\/media?parent=9120"}],"wp:term":[{"taxonomy":"category","embeddable":true,"href":"https:\/\/www.accuratereviews.com\/it\/wp-json\/wp\/v2\/categories?post=9120"},{"taxonomy":"post_tag","embeddable":true,"href":"https:\/\/www.accuratereviews.com\/it\/wp-json\/wp\/v2\/tags?post=9120"},{"taxonomy":"features","embeddable":true,"href":"https:\/\/www.accuratereviews.com\/it\/wp-json\/wp\/v2\/features?post=9120"}],"curies":[{"name":"wp","href":"https:\/\/api.w.org\/{rel}","templated":true}]}}