{"id":91215,"date":"2025-06-04T20:09:16","date_gmt":"2025-06-04T20:09:16","guid":{"rendered":"https:\/\/www.accuratereviews.com\/?page_id=91215"},"modified":"2025-06-05T09:36:40","modified_gmt":"2025-06-05T09:36:40","slug":"clockon-recensione","status":"publish","type":"page","link":"https:\/\/www.accuratereviews.com\/it\/programmi-gestione-turni-lavoro\/clockon-recensione\/","title":{"rendered":"ClockOn"},"content":{"rendered":"<p><strong>ClockOn <\/strong>\u00e8 un\u00a0<strong>software per turni di lavoro<\/strong> che include un&#8217;<strong>app mobile gratuita<\/strong> che pu\u00f2 essere utilizzata per la pianificazione, il monitoraggio delle presenze, l&#8217;invio di buste paga, la comunicazione con i dipendenti e altro ancora. Include un modulo di monitoraggio del tempo, che consente agli amministratori di registrare e visualizzare le ore di turno, inviare avvisi di accesso anticipato o posticipato in tempo reale ed esportare i dati in fogli Excel.<br \/>\n<strong>ClockOn <\/strong>offre numerose funzionalit\u00e0 come la<strong> posizione GPS,<\/strong> il geofencing, una procedura guidata di approvazione delle schede attivit\u00e0, notifiche push, un calendario di pianificazione delle ferie, un&#8217;interfaccia drag-and-drop, modelli personalizzabili, scansione biometrica e altro ancora. Inoltre, la funzionalit\u00e0 di gestione delle paghe consente ai manager di gestire stipendi e permessi utilizzando un calcolatore di indennit\u00e0 e aggiornamenti automatici delle tariffe, garantendo la conformit\u00e0 alle normative governative.<\/p>\n<h2>CLOCKON &#8211; TUTORIAL<\/h2>\n<div id=\"fluid-wrapper-counter-1\" class=\"g1-fluid-wrapper \" style=\"width:686px;\">\n<div style=\"padding-bottom:56.268221574344%;\"><iframe loading=\"lazy\" title=\"Rostering &amp; Scheduling Software for Australian Businesses | ClockOn\" width=\"686\" height=\"386\" src=\"https:\/\/www.youtube.com\/embed\/hois9i1JJ3M?feature=oembed&amp;wmode=transparent&amp;autohide=1&amp;autoplay=0&amp;disablekb=0&amp;fs=1&amp;loop=0&amp;enablejsapi=1&amp;rel=0&amp;controls=2&amp;showinfo=0&amp;wmode=transparent&amp;autohide=2&amp;autoplay=0&amp;disablekb=0&amp;fs=1&amp;loop=0&amp;enablejsapi=1&amp;rel=0&amp;controls=2&amp;showinfo=1\" frameborder=\"0\" allow=\"accelerometer; autoplay; clipboard-write; encrypted-media; gyroscope; picture-in-picture; web-share\" referrerpolicy=\"strict-origin-when-cross-origin\" allowfullscreen><\/iframe><\/div>\n<\/div>\n<h3>CLOCKON &#8211; CARATTERISTICHE<\/h3>\n<ul>\n<li><strong>Soluzione conveniente<\/strong>: con un controllo preciso dei costi del lavoro, puoi risparmiare e ottenere il massimo dalla tua forza lavoro.<\/li>\n<li><strong>Avvisi in tempo reale<\/strong>: con gli avvisi in tempo reale, puoi rimanere aggiornato su qualsiasi modifica al tuo elenco.<\/li>\n<li><strong>Controllo dei costi del lavoro<\/strong>: con le funzionalit\u00e0 di controllo dei costi, puoi monitorare e gestire facilmente i tuoi costi del lavoro.<\/li>\n<li><strong>Interfaccia drag-and-drop<\/strong>: con la semplice interfaccia drag-and-drop, sarai in grado di creare elenchi con facilit\u00e0.<\/li>\n<li><strong>Procedura guidata di approvazione dei fogli presenze<\/strong>: ottieni una ripartizione delle ore lavorate, incluso il valore in soldi delle ore normali, di penalit\u00e0, di carico e straordinarie<\/li>\n<li><strong>Avvisi in tempo reale<\/strong>: con gli avvisi in tempo reale, puoi tenere sotto controllo le timbrature anticipate e posticipate per garantire puntualit\u00e0 e conformit\u00e0<\/li>\n<li><strong>Integrazione con fogli presenze di terze parti<\/strong>: esporta i dati dei tuoi fogli presenze su MYOB o Xero, oppure elabora le paghe direttamente nella soluzione.<\/li>\n<li><strong>Ampia selezione di report sulle presenze<\/strong>: con la semplice interfaccia drag-and-drop puoi creare turni con facilit\u00e0.<\/li>\n<li><strong>Riduci gli errori nelle paghe<\/strong>: garantisci la precisione con calcoli automatizzati, riducendo gli errori nelle paghe e risparmiando tempo sui controlli manuali per i team pi\u00f9 grandi.<\/li>\n<li><strong>Rimani conforme con facilit\u00e0<\/strong>: mantieni la tua azienda conforme con un&#8217;interpretazione aggiornata dei premi e avvisi in tempo reale per eventuali modifiche alle normative sulle paghe.<\/li>\n<li><strong>Gestione efficiente delle paghe:<\/strong> gestisci senza sforzo i requisiti complessi relativi alle paghe con strumenti avanzati progettati per aziende con esigenze diverse dei dipendenti.<\/li>\n<\/ul>\n<h4>LE RECENSIONI DEGLI UTENTI<\/h4>\n<p><strong>Naresh &#8220;Ottimo prodotto. Facile da usare.&#8221;<\/strong><br \/>\n<strong>Commenti<\/strong>: Bene<br \/>\n<strong>Pro<\/strong>: Facile da usare. L&#8217;assistenza \u00e8 stata buona. Puoi vedere tutte le informazioni importanti su un&#8217;unica schermata.<br \/>\n<strong>Contro<\/strong>: Alcune cose avrebbero potuto essere spiegate meglio.<\/p>\n<p><strong>Lisbeth &#8220;Ottimo supporto e abbastanza facile da usare&#8221;<\/strong><br \/>\n<strong>Commenti<\/strong>: Bene<br \/>\n<strong>Pro<\/strong>: I servizi di supporto. I gestori clienti e il supporto tecnico sono gentili, comunicativi e disponibili.<br \/>\n<strong>Contro<\/strong>: Non \u00e8 autoesplicativo n\u00e9 facile da retrodatare. Ho dovuto pagare qualcuno per fare questo lavoro.<\/p>\n<p><strong>Rowena &#8220;Software STP davvero buono&#8221;<\/strong><br \/>\n<strong>Commenti<\/strong>: Mi occupo del software STP con questa azienda. L&#8217;ho trovato molto facile da usare e compatibile con l&#8217;ATO. Sono quindi molto contento di essere entrato a far parte della loro rete e di aver iniziato con questa azienda.<br \/>\n<strong>Pro<\/strong>: L&#8217;azienda \u00e8 stata molto disponibile nell&#8217;insegnarmi come usare il prodotto. \u00c8 stato estremamente facile capirne il funzionamento. Lo uso da due anni e sono molto soddisfatto dell&#8217;assistenza clienti che mi \u00e8 stata fornita. Lo consiglier\u00f2 sicuramente a chiunque.<br \/>\n<strong>Contro<\/strong>: Adoro quasi tutto di questo software. Non ho trovato nulla di cui lamentarmi.<\/p>\n","protected":false},"excerpt":{"rendered":"<p>ClockOn \u00e8 un software per turni di lavoro che include un&#8217;app mobile gratuita che pu\u00f2 essere utilizzata per la pianificazione, il monitoraggio delle presenze, l&#8217;invio di buste paga, la comunicazione con i dipendenti e altro ancora. Include un modulo di monitoraggio del tempo, che consente agli amministratori di registrare e visualizzare le ore di turno, inviare avvisi di accesso anticipato o posticipato in tempo reale ed esportare i dati in fogli Excel.<\/p>\n","protected":false},"author":19,"featured_media":91217,"parent":87246,"menu_order":0,"comment_status":"open","ping_status":"closed","template":"g1_template_page_review_new.php","meta":{"_acf_changed":false,"cwp_meta_box_check":"No","cwp_rev_product_name":"","cwp_rev_product_image":"","wppr_links":[],"cwp_rev_price":"","wppr_options":[],"wppr_pros":[],"wppr_cons":[],"_monsterinsights_skip_tracking":false,"_monsterinsights_sitenote_active":false,"_monsterinsights_sitenote_note":"","_monsterinsights_sitenote_category":0,"footnotes":""},"categories":[16111],"tags":[16280,16146,16121,16120,16144,16123],"features":[],"class_list":{"0":"post-91215","1":"page","2":"type-page","3":"status-publish","4":"has-post-thumbnail","6":"category-programmi-per-turni-di-lavoro","7":"tag-clockon","8":"tag-piattaforma-turni-di-lavoro","9":"tag-programma-turni-di-lavoro","10":"tag-software-turni-di-lavoro","11":"tag-soluzione-turni-di-lavoro","12":"tag-turni-di-lavoro"},"wppr_data":{"cwp_meta_box_check":"No"},"acf":[],"yoast_head":"<!-- This site is optimized with the Yoast SEO plugin v27.4 - https:\/\/yoast.com\/product\/yoast-seo-wordpress\/ -->\n<title>ClockOn: recensione software per turno di lavoro - Accurate Reviews<\/title>\n<meta name=\"description\" content=\"ClockOn: recensione software per turni di lavoro utilizzata per la pianificazione, il monitoraggio delle presenze, l&#039;invio di buste paga ecc.\" \/>\n<meta name=\"robots\" content=\"index, follow, max-snippet:-1, max-image-preview:large, max-video-preview:-1\" \/>\n<link rel=\"canonical\" href=\"https:\/\/www.accuratereviews.com\/it\/programmi-gestione-turni-lavoro\/clockon-recensione\/\" \/>\n<meta property=\"og:locale\" content=\"it_IT\" \/>\n<meta property=\"og:type\" content=\"article\" \/>\n<meta property=\"og:title\" content=\"ClockOn: recensione software per turno di lavoro - Accurate Reviews\" \/>\n<meta property=\"og:description\" content=\"ClockOn: recensione software per turni di lavoro utilizzata per la pianificazione, il monitoraggio delle presenze, l&#039;invio di buste paga ecc.\" \/>\n<meta property=\"og:url\" content=\"https:\/\/www.accuratereviews.com\/it\/programmi-gestione-turni-lavoro\/clockon-recensione\/\" \/>\n<meta property=\"og:site_name\" content=\"Accurate Reviews\" \/>\n<meta property=\"article:modified_time\" content=\"2025-06-05T09:36:40+00:00\" \/>\n<meta property=\"og:image\" content=\"https:\/\/www.accuratereviews.com\/wp-content\/uploads\/2025\/06\/ClockOn.jpeg\" \/>\n\t<meta property=\"og:image:width\" content=\"200\" \/>\n\t<meta property=\"og:image:height\" content=\"200\" \/>\n\t<meta property=\"og:image:type\" content=\"image\/jpeg\" \/>\n<meta name=\"twitter:card\" content=\"summary_large_image\" \/>\n<meta name=\"twitter:label1\" content=\"Tempo di lettura stimato\" \/>\n\t<meta name=\"twitter:data1\" content=\"4 minuti\" \/>\n<script type=\"application\/ld+json\" class=\"yoast-schema-graph\">{\"@context\":\"https:\\\/\\\/schema.org\",\"@graph\":[{\"@type\":\"WebPage\",\"@id\":\"https:\\\/\\\/www.accuratereviews.com\\\/it\\\/programmi-gestione-turni-lavoro\\\/clockon-recensione\\\/\",\"url\":\"https:\\\/\\\/www.accuratereviews.com\\\/it\\\/programmi-gestione-turni-lavoro\\\/clockon-recensione\\\/\",\"name\":\"ClockOn: recensione software per turno di lavoro - Accurate Reviews\",\"isPartOf\":{\"@id\":\"https:\\\/\\\/www.accuratereviews.com\\\/it\\\/#website\"},\"primaryImageOfPage\":{\"@id\":\"https:\\\/\\\/www.accuratereviews.com\\\/it\\\/programmi-gestione-turni-lavoro\\\/clockon-recensione\\\/#primaryimage\"},\"image\":{\"@id\":\"https:\\\/\\\/www.accuratereviews.com\\\/it\\\/programmi-gestione-turni-lavoro\\\/clockon-recensione\\\/#primaryimage\"},\"thumbnailUrl\":\"https:\\\/\\\/www.accuratereviews.com\\\/wp-content\\\/uploads\\\/2025\\\/06\\\/ClockOn.jpeg\",\"datePublished\":\"2025-06-04T20:09:16+00:00\",\"dateModified\":\"2025-06-05T09:36:40+00:00\",\"description\":\"ClockOn: recensione software per turni di lavoro utilizzata per la pianificazione, il monitoraggio delle presenze, l'invio di buste paga ecc.\",\"breadcrumb\":{\"@id\":\"https:\\\/\\\/www.accuratereviews.com\\\/it\\\/programmi-gestione-turni-lavoro\\\/clockon-recensione\\\/#breadcrumb\"},\"inLanguage\":\"it-IT\",\"potentialAction\":[{\"@type\":\"ReadAction\",\"target\":[\"https:\\\/\\\/www.accuratereviews.com\\\/it\\\/programmi-gestione-turni-lavoro\\\/clockon-recensione\\\/\"]}]},{\"@type\":\"ImageObject\",\"inLanguage\":\"it-IT\",\"@id\":\"https:\\\/\\\/www.accuratereviews.com\\\/it\\\/programmi-gestione-turni-lavoro\\\/clockon-recensione\\\/#primaryimage\",\"url\":\"https:\\\/\\\/www.accuratereviews.com\\\/wp-content\\\/uploads\\\/2025\\\/06\\\/ClockOn.jpeg\",\"contentUrl\":\"https:\\\/\\\/www.accuratereviews.com\\\/wp-content\\\/uploads\\\/2025\\\/06\\\/ClockOn.jpeg\",\"width\":200,\"height\":200},{\"@type\":\"BreadcrumbList\",\"@id\":\"https:\\\/\\\/www.accuratereviews.com\\\/it\\\/programmi-gestione-turni-lavoro\\\/clockon-recensione\\\/#breadcrumb\",\"itemListElement\":[{\"@type\":\"ListItem\",\"position\":1,\"name\":\"Home\",\"item\":\"https:\\\/\\\/www.accuratereviews.com\\\/it\\\/\"},{\"@type\":\"ListItem\",\"position\":2,\"name\":\"Programmi per turni di lavoro\",\"item\":\"https:\\\/\\\/www.accuratereviews.com\\\/it\\\/programmi-gestione-turni-lavoro\\\/\"},{\"@type\":\"ListItem\",\"position\":3,\"name\":\"ClockOn\"}]},{\"@type\":\"WebSite\",\"@id\":\"https:\\\/\\\/www.accuratereviews.com\\\/it\\\/#website\",\"url\":\"https:\\\/\\\/www.accuratereviews.com\\\/it\\\/\",\"name\":\"Accurate Reviews\",\"description\":\"\",\"potentialAction\":[{\"@type\":\"SearchAction\",\"target\":{\"@type\":\"EntryPoint\",\"urlTemplate\":\"https:\\\/\\\/www.accuratereviews.com\\\/it\\\/?s={search_term_string}\"},\"query-input\":{\"@type\":\"PropertyValueSpecification\",\"valueRequired\":true,\"valueName\":\"search_term_string\"}}],\"inLanguage\":\"it-IT\"}]}<\/script>\n<!-- \/ Yoast SEO plugin. -->","yoast_head_json":{"title":"ClockOn: recensione software per turno di lavoro - Accurate Reviews","description":"ClockOn: recensione software per turni di lavoro utilizzata per la pianificazione, il monitoraggio delle presenze, l'invio di buste paga ecc.","robots":{"index":"index","follow":"follow","max-snippet":"max-snippet:-1","max-image-preview":"max-image-preview:large","max-video-preview":"max-video-preview:-1"},"canonical":"https:\/\/www.accuratereviews.com\/it\/programmi-gestione-turni-lavoro\/clockon-recensione\/","og_locale":"it_IT","og_type":"article","og_title":"ClockOn: recensione software per turno di lavoro - Accurate Reviews","og_description":"ClockOn: recensione software per turni di lavoro utilizzata per la pianificazione, il monitoraggio delle presenze, l'invio di buste paga ecc.","og_url":"https:\/\/www.accuratereviews.com\/it\/programmi-gestione-turni-lavoro\/clockon-recensione\/","og_site_name":"Accurate Reviews","article_modified_time":"2025-06-05T09:36:40+00:00","og_image":[{"width":200,"height":200,"url":"https:\/\/www.accuratereviews.com\/wp-content\/uploads\/2025\/06\/ClockOn.jpeg","type":"image\/jpeg"}],"twitter_card":"summary_large_image","twitter_misc":{"Tempo di lettura stimato":"4 minuti"},"schema":{"@context":"https:\/\/schema.org","@graph":[{"@type":"WebPage","@id":"https:\/\/www.accuratereviews.com\/it\/programmi-gestione-turni-lavoro\/clockon-recensione\/","url":"https:\/\/www.accuratereviews.com\/it\/programmi-gestione-turni-lavoro\/clockon-recensione\/","name":"ClockOn: recensione software per turno di lavoro - Accurate Reviews","isPartOf":{"@id":"https:\/\/www.accuratereviews.com\/it\/#website"},"primaryImageOfPage":{"@id":"https:\/\/www.accuratereviews.com\/it\/programmi-gestione-turni-lavoro\/clockon-recensione\/#primaryimage"},"image":{"@id":"https:\/\/www.accuratereviews.com\/it\/programmi-gestione-turni-lavoro\/clockon-recensione\/#primaryimage"},"thumbnailUrl":"https:\/\/www.accuratereviews.com\/wp-content\/uploads\/2025\/06\/ClockOn.jpeg","datePublished":"2025-06-04T20:09:16+00:00","dateModified":"2025-06-05T09:36:40+00:00","description":"ClockOn: recensione software per turni di lavoro utilizzata per la pianificazione, il monitoraggio delle presenze, l'invio di buste paga ecc.","breadcrumb":{"@id":"https:\/\/www.accuratereviews.com\/it\/programmi-gestione-turni-lavoro\/clockon-recensione\/#breadcrumb"},"inLanguage":"it-IT","potentialAction":[{"@type":"ReadAction","target":["https:\/\/www.accuratereviews.com\/it\/programmi-gestione-turni-lavoro\/clockon-recensione\/"]}]},{"@type":"ImageObject","inLanguage":"it-IT","@id":"https:\/\/www.accuratereviews.com\/it\/programmi-gestione-turni-lavoro\/clockon-recensione\/#primaryimage","url":"https:\/\/www.accuratereviews.com\/wp-content\/uploads\/2025\/06\/ClockOn.jpeg","contentUrl":"https:\/\/www.accuratereviews.com\/wp-content\/uploads\/2025\/06\/ClockOn.jpeg","width":200,"height":200},{"@type":"BreadcrumbList","@id":"https:\/\/www.accuratereviews.com\/it\/programmi-gestione-turni-lavoro\/clockon-recensione\/#breadcrumb","itemListElement":[{"@type":"ListItem","position":1,"name":"Home","item":"https:\/\/www.accuratereviews.com\/it\/"},{"@type":"ListItem","position":2,"name":"Programmi per turni di lavoro","item":"https:\/\/www.accuratereviews.com\/it\/programmi-gestione-turni-lavoro\/"},{"@type":"ListItem","position":3,"name":"ClockOn"}]},{"@type":"WebSite","@id":"https:\/\/www.accuratereviews.com\/it\/#website","url":"https:\/\/www.accuratereviews.com\/it\/","name":"Accurate Reviews","description":"","potentialAction":[{"@type":"SearchAction","target":{"@type":"EntryPoint","urlTemplate":"https:\/\/www.accuratereviews.com\/it\/?s={search_term_string}"},"query-input":{"@type":"PropertyValueSpecification","valueRequired":true,"valueName":"search_term_string"}}],"inLanguage":"it-IT"}]}},"_links":{"self":[{"href":"https:\/\/www.accuratereviews.com\/it\/wp-json\/wp\/v2\/pages\/91215","targetHints":{"allow":["GET"]}}],"collection":[{"href":"https:\/\/www.accuratereviews.com\/it\/wp-json\/wp\/v2\/pages"}],"about":[{"href":"https:\/\/www.accuratereviews.com\/it\/wp-json\/wp\/v2\/types\/page"}],"author":[{"embeddable":true,"href":"https:\/\/www.accuratereviews.com\/it\/wp-json\/wp\/v2\/users\/19"}],"replies":[{"embeddable":true,"href":"https:\/\/www.accuratereviews.com\/it\/wp-json\/wp\/v2\/comments?post=91215"}],"version-history":[{"count":10,"href":"https:\/\/www.accuratereviews.com\/it\/wp-json\/wp\/v2\/pages\/91215\/revisions"}],"predecessor-version":[{"id":91305,"href":"https:\/\/www.accuratereviews.com\/it\/wp-json\/wp\/v2\/pages\/91215\/revisions\/91305"}],"up":[{"embeddable":true,"href":"https:\/\/www.accuratereviews.com\/it\/wp-json\/wp\/v2\/pages\/87246"}],"wp:featuredmedia":[{"embeddable":true,"href":"https:\/\/www.accuratereviews.com\/it\/wp-json\/wp\/v2\/media\/91217"}],"wp:attachment":[{"href":"https:\/\/www.accuratereviews.com\/it\/wp-json\/wp\/v2\/media?parent=91215"}],"wp:term":[{"taxonomy":"category","embeddable":true,"href":"https:\/\/www.accuratereviews.com\/it\/wp-json\/wp\/v2\/categories?post=91215"},{"taxonomy":"post_tag","embeddable":true,"href":"https:\/\/www.accuratereviews.com\/it\/wp-json\/wp\/v2\/tags?post=91215"},{"taxonomy":"features","embeddable":true,"href":"https:\/\/www.accuratereviews.com\/it\/wp-json\/wp\/v2\/features?post=91215"}],"curies":[{"name":"wp","href":"https:\/\/api.w.org\/{rel}","templated":true}]}}