{"id":91286,"date":"2025-06-05T21:07:15","date_gmt":"2025-06-05T21:07:15","guid":{"rendered":"https:\/\/www.accuratereviews.com\/?page_id=91286"},"modified":"2025-06-05T21:07:15","modified_gmt":"2025-06-05T21:07:15","slug":"momentum-scheduling-recensione","status":"publish","type":"page","link":"https:\/\/www.accuratereviews.com\/it\/programmi-gestione-turni-lavoro\/momentum-scheduling-recensione\/","title":{"rendered":"Momentum Scheduling"},"content":{"rendered":"<p><strong>Momentum Scheduling<\/strong> \u00e8 una soluzione web per la <strong>pianificazione di medici e personale.<\/strong> Sfruttando l&#8217;automazione centralizzata della pianificazione di <strong>Momentum<\/strong>, si riducono in genere gli straordinari del personale di oltre il 20% e si riduce significativamente i tempi di creazione della pianificazione di oltre l&#8217;80% rispetto ai metodi di pianificazione tradizionali. Tra le funzionalit\u00e0 specifiche \u00e8 inclusa la gestione integrata delle richieste, che tiene traccia delle richieste di ferie e permessi di ciascun dipendente, integrandole nelle pianificazioni generate. Ci\u00f2 consente inoltre agli amministratori di creare regole per i permessi e bloccare le date in cui le richieste di permessi non possono essere avviate.<br \/>\nUna volta che l&#8217;amministratore della pianificazione si dedica a definire attentamente i criteri che soddisfano le esigenze della propria organizzazione, tutte le successive attivit\u00e0 di pianificazione risultano pressoch\u00e9 prive di sforzo sia per gli amministratori che per gli utenti. Per garantire la facilit\u00e0 d&#8217;uso, <strong>Momentum<\/strong> offre anche filtri personalizzati e ampie funzionalit\u00e0 di reporting.<\/p>\n<h2>MOMENTUM SCHEDULING &#8211; TUTORIAL<\/h2>\n<div id=\"fluid-wrapper-counter-1\" class=\"g1-fluid-wrapper \" style=\"width:686px;\">\n<div style=\"padding-bottom:56.268221574344%;\"><iframe loading=\"lazy\" title=\"Automated On-Call Scheduling with Momentum\" width=\"686\" height=\"386\" src=\"https:\/\/www.youtube.com\/embed\/TVfqryYQM8A?feature=oembed&amp;wmode=transparent&amp;autohide=1&amp;autoplay=0&amp;disablekb=0&amp;fs=1&amp;loop=0&amp;enablejsapi=1&amp;rel=0&amp;controls=2&amp;showinfo=0&amp;wmode=transparent&amp;autohide=2&amp;autoplay=0&amp;disablekb=0&amp;fs=1&amp;loop=0&amp;enablejsapi=1&amp;rel=0&amp;controls=2&amp;showinfo=1\" frameborder=\"0\" allow=\"accelerometer; autoplay; clipboard-write; encrypted-media; gyroscope; picture-in-picture; web-share\" referrerpolicy=\"strict-origin-when-cross-origin\" allowfullscreen><\/iframe><\/div>\n<\/div>\n<h3>MOMENTUM SCHEDULING &#8211; CARATTERISTICHE<\/h3>\n<ul>\n<li><strong>Pianificazione del personale reperibile:<\/strong> sviluppato per soddisfare le esigenze di personale reperibile del tuo team, sia a lungo che a breve termine. I tuoi pazienti possono stare tranquilli sapendo che l&#8217;assistenza sar\u00e0 sempre prontamente disponibile quando ne hanno bisogno.<\/li>\n<li><strong>Gestione presenze:<\/strong> pu\u00f2 essere utilizzato per timbrare ingressi e uscite, controllare le ore programmate rispetto a quelle lavorate, inclusi gli straordinari, inviare richieste di ferie e persino gestire i contratti.<\/li>\n<li><strong>Pianificazione collaborativa<\/strong>: con la soluzione, il tuo personale pu\u00f2 gestire in modo indipendente le modifiche ai turni pubblicati. Concedi al tuo personale il controllo sullo scambio dei turni, l&#8217;assegnazione e l&#8217;accettazione di incarichi e la comunicazione di quali turni possono o non possono lavorare.<\/li>\n<li><strong>Analisi e approfondimenti:<\/strong> grazie alla generazione di report personalizzati, le principali parti interessate possono prendere decisioni informate in modo rapido e semplice, basate su dati pertinenti e in tempo reale.<\/li>\n<li><strong>Accesso mobile e notifiche<\/strong>: un altro vantaggio dell&#8217;utilizzo del programma \u00e8 l&#8217;accesso mobile abbinato ad avvisi in tempo reale. Tieni aggiornato il tuo team su tutte le modifiche importanti tramite notifiche push.<\/li>\n<\/ul>\n","protected":false},"excerpt":{"rendered":"<p>Momentum Scheduling \u00e8 una soluzione web per la pianificazione di medici e personale. Sfruttando l&#8217;automazione centralizzata della pianificazione di Momentum, si riducono in genere gli straordinari del personale di oltre il 20% e si riduce significativamente i tempi di creazione della pianificazione di oltre l&#8217;80% rispetto ai metodi di pianificazione tradizionali.<\/p>\n","protected":false},"author":19,"featured_media":91287,"parent":87246,"menu_order":0,"comment_status":"open","ping_status":"closed","template":"g1_template_page_review_new.php","meta":{"_acf_changed":false,"cwp_meta_box_check":"No","cwp_rev_product_name":"","cwp_rev_product_image":"","wppr_links":[],"cwp_rev_price":"","wppr_options":[],"wppr_pros":[],"wppr_cons":[],"_monsterinsights_skip_tracking":false,"_monsterinsights_sitenote_active":false,"_monsterinsights_sitenote_note":"","_monsterinsights_sitenote_category":0,"footnotes":""},"categories":[16111],"tags":[16282,16146,16121,16120,16144,16123],"features":[],"class_list":{"0":"post-91286","1":"page","2":"type-page","3":"status-publish","4":"has-post-thumbnail","6":"category-programmi-per-turni-di-lavoro","7":"tag-momentum-scheduling","8":"tag-piattaforma-turni-di-lavoro","9":"tag-programma-turni-di-lavoro","10":"tag-software-turni-di-lavoro","11":"tag-soluzione-turni-di-lavoro","12":"tag-turni-di-lavoro"},"wppr_data":{"cwp_meta_box_check":"No"},"acf":[],"yoast_head":"<!-- This site is optimized with the Yoast SEO plugin v27.4 - https:\/\/yoast.com\/product\/yoast-seo-wordpress\/ -->\n<title>Momentum Scheduling: recensione software turni di lavoro - Accurate Reviews<\/title>\n<meta name=\"description\" content=\"Momentum Scheduling: soluzione per la pianificazione di medici e personale offre filtri personalizzati e ampie funzionalit\u00e0 di reporting.\" \/>\n<meta name=\"robots\" content=\"index, follow, max-snippet:-1, max-image-preview:large, max-video-preview:-1\" \/>\n<link rel=\"canonical\" href=\"https:\/\/www.accuratereviews.com\/it\/programmi-gestione-turni-lavoro\/momentum-scheduling-recensione\/\" \/>\n<meta property=\"og:locale\" content=\"it_IT\" \/>\n<meta property=\"og:type\" content=\"article\" \/>\n<meta property=\"og:title\" content=\"Momentum Scheduling: recensione software turni di lavoro - Accurate Reviews\" \/>\n<meta property=\"og:description\" content=\"Momentum Scheduling: soluzione per la pianificazione di medici e personale offre filtri personalizzati e ampie funzionalit\u00e0 di reporting.\" \/>\n<meta property=\"og:url\" content=\"https:\/\/www.accuratereviews.com\/it\/programmi-gestione-turni-lavoro\/momentum-scheduling-recensione\/\" \/>\n<meta property=\"og:site_name\" content=\"Accurate Reviews\" \/>\n<meta property=\"og:image\" content=\"https:\/\/www.accuratereviews.com\/wp-content\/uploads\/2025\/06\/Momentum-Scheduling.jpg\" \/>\n\t<meta property=\"og:image:width\" content=\"512\" \/>\n\t<meta property=\"og:image:height\" content=\"512\" \/>\n\t<meta property=\"og:image:type\" content=\"image\/jpeg\" \/>\n<meta name=\"twitter:card\" content=\"summary_large_image\" \/>\n<meta name=\"twitter:label1\" content=\"Tempo di lettura stimato\" \/>\n\t<meta name=\"twitter:data1\" content=\"3 minuti\" \/>\n<script type=\"application\/ld+json\" class=\"yoast-schema-graph\">{\"@context\":\"https:\\\/\\\/schema.org\",\"@graph\":[{\"@type\":\"WebPage\",\"@id\":\"https:\\\/\\\/www.accuratereviews.com\\\/it\\\/programmi-gestione-turni-lavoro\\\/momentum-scheduling-recensione\\\/\",\"url\":\"https:\\\/\\\/www.accuratereviews.com\\\/it\\\/programmi-gestione-turni-lavoro\\\/momentum-scheduling-recensione\\\/\",\"name\":\"Momentum Scheduling: recensione software turni di lavoro - Accurate Reviews\",\"isPartOf\":{\"@id\":\"https:\\\/\\\/www.accuratereviews.com\\\/it\\\/#website\"},\"primaryImageOfPage\":{\"@id\":\"https:\\\/\\\/www.accuratereviews.com\\\/it\\\/programmi-gestione-turni-lavoro\\\/momentum-scheduling-recensione\\\/#primaryimage\"},\"image\":{\"@id\":\"https:\\\/\\\/www.accuratereviews.com\\\/it\\\/programmi-gestione-turni-lavoro\\\/momentum-scheduling-recensione\\\/#primaryimage\"},\"thumbnailUrl\":\"https:\\\/\\\/www.accuratereviews.com\\\/wp-content\\\/uploads\\\/2025\\\/06\\\/Momentum-Scheduling.jpg\",\"datePublished\":\"2025-06-05T21:07:15+00:00\",\"description\":\"Momentum Scheduling: soluzione per la pianificazione di medici e personale offre filtri personalizzati e ampie funzionalit\u00e0 di reporting.\",\"breadcrumb\":{\"@id\":\"https:\\\/\\\/www.accuratereviews.com\\\/it\\\/programmi-gestione-turni-lavoro\\\/momentum-scheduling-recensione\\\/#breadcrumb\"},\"inLanguage\":\"it-IT\",\"potentialAction\":[{\"@type\":\"ReadAction\",\"target\":[\"https:\\\/\\\/www.accuratereviews.com\\\/it\\\/programmi-gestione-turni-lavoro\\\/momentum-scheduling-recensione\\\/\"]}]},{\"@type\":\"ImageObject\",\"inLanguage\":\"it-IT\",\"@id\":\"https:\\\/\\\/www.accuratereviews.com\\\/it\\\/programmi-gestione-turni-lavoro\\\/momentum-scheduling-recensione\\\/#primaryimage\",\"url\":\"https:\\\/\\\/www.accuratereviews.com\\\/wp-content\\\/uploads\\\/2025\\\/06\\\/Momentum-Scheduling.jpg\",\"contentUrl\":\"https:\\\/\\\/www.accuratereviews.com\\\/wp-content\\\/uploads\\\/2025\\\/06\\\/Momentum-Scheduling.jpg\",\"width\":512,\"height\":512,\"caption\":\"1.90.3-D7YTJB2Q4JSZJOGATJVEBI6D4Q.0.1-3\"},{\"@type\":\"BreadcrumbList\",\"@id\":\"https:\\\/\\\/www.accuratereviews.com\\\/it\\\/programmi-gestione-turni-lavoro\\\/momentum-scheduling-recensione\\\/#breadcrumb\",\"itemListElement\":[{\"@type\":\"ListItem\",\"position\":1,\"name\":\"Home\",\"item\":\"https:\\\/\\\/www.accuratereviews.com\\\/it\\\/\"},{\"@type\":\"ListItem\",\"position\":2,\"name\":\"Programmi per turni di lavoro\",\"item\":\"https:\\\/\\\/www.accuratereviews.com\\\/it\\\/programmi-gestione-turni-lavoro\\\/\"},{\"@type\":\"ListItem\",\"position\":3,\"name\":\"Momentum Scheduling\"}]},{\"@type\":\"WebSite\",\"@id\":\"https:\\\/\\\/www.accuratereviews.com\\\/it\\\/#website\",\"url\":\"https:\\\/\\\/www.accuratereviews.com\\\/it\\\/\",\"name\":\"Accurate Reviews\",\"description\":\"\",\"potentialAction\":[{\"@type\":\"SearchAction\",\"target\":{\"@type\":\"EntryPoint\",\"urlTemplate\":\"https:\\\/\\\/www.accuratereviews.com\\\/it\\\/?s={search_term_string}\"},\"query-input\":{\"@type\":\"PropertyValueSpecification\",\"valueRequired\":true,\"valueName\":\"search_term_string\"}}],\"inLanguage\":\"it-IT\"}]}<\/script>\n<!-- \/ Yoast SEO plugin. -->","yoast_head_json":{"title":"Momentum Scheduling: recensione software turni di lavoro - Accurate Reviews","description":"Momentum Scheduling: soluzione per la pianificazione di medici e personale offre filtri personalizzati e ampie funzionalit\u00e0 di reporting.","robots":{"index":"index","follow":"follow","max-snippet":"max-snippet:-1","max-image-preview":"max-image-preview:large","max-video-preview":"max-video-preview:-1"},"canonical":"https:\/\/www.accuratereviews.com\/it\/programmi-gestione-turni-lavoro\/momentum-scheduling-recensione\/","og_locale":"it_IT","og_type":"article","og_title":"Momentum Scheduling: recensione software turni di lavoro - Accurate Reviews","og_description":"Momentum Scheduling: soluzione per la pianificazione di medici e personale offre filtri personalizzati e ampie funzionalit\u00e0 di reporting.","og_url":"https:\/\/www.accuratereviews.com\/it\/programmi-gestione-turni-lavoro\/momentum-scheduling-recensione\/","og_site_name":"Accurate Reviews","og_image":[{"width":512,"height":512,"url":"https:\/\/www.accuratereviews.com\/wp-content\/uploads\/2025\/06\/Momentum-Scheduling.jpg","type":"image\/jpeg"}],"twitter_card":"summary_large_image","twitter_misc":{"Tempo di lettura stimato":"3 minuti"},"schema":{"@context":"https:\/\/schema.org","@graph":[{"@type":"WebPage","@id":"https:\/\/www.accuratereviews.com\/it\/programmi-gestione-turni-lavoro\/momentum-scheduling-recensione\/","url":"https:\/\/www.accuratereviews.com\/it\/programmi-gestione-turni-lavoro\/momentum-scheduling-recensione\/","name":"Momentum Scheduling: recensione software turni di lavoro - Accurate Reviews","isPartOf":{"@id":"https:\/\/www.accuratereviews.com\/it\/#website"},"primaryImageOfPage":{"@id":"https:\/\/www.accuratereviews.com\/it\/programmi-gestione-turni-lavoro\/momentum-scheduling-recensione\/#primaryimage"},"image":{"@id":"https:\/\/www.accuratereviews.com\/it\/programmi-gestione-turni-lavoro\/momentum-scheduling-recensione\/#primaryimage"},"thumbnailUrl":"https:\/\/www.accuratereviews.com\/wp-content\/uploads\/2025\/06\/Momentum-Scheduling.jpg","datePublished":"2025-06-05T21:07:15+00:00","description":"Momentum Scheduling: soluzione per la pianificazione di medici e personale offre filtri personalizzati e ampie funzionalit\u00e0 di reporting.","breadcrumb":{"@id":"https:\/\/www.accuratereviews.com\/it\/programmi-gestione-turni-lavoro\/momentum-scheduling-recensione\/#breadcrumb"},"inLanguage":"it-IT","potentialAction":[{"@type":"ReadAction","target":["https:\/\/www.accuratereviews.com\/it\/programmi-gestione-turni-lavoro\/momentum-scheduling-recensione\/"]}]},{"@type":"ImageObject","inLanguage":"it-IT","@id":"https:\/\/www.accuratereviews.com\/it\/programmi-gestione-turni-lavoro\/momentum-scheduling-recensione\/#primaryimage","url":"https:\/\/www.accuratereviews.com\/wp-content\/uploads\/2025\/06\/Momentum-Scheduling.jpg","contentUrl":"https:\/\/www.accuratereviews.com\/wp-content\/uploads\/2025\/06\/Momentum-Scheduling.jpg","width":512,"height":512,"caption":"1.90.3-D7YTJB2Q4JSZJOGATJVEBI6D4Q.0.1-3"},{"@type":"BreadcrumbList","@id":"https:\/\/www.accuratereviews.com\/it\/programmi-gestione-turni-lavoro\/momentum-scheduling-recensione\/#breadcrumb","itemListElement":[{"@type":"ListItem","position":1,"name":"Home","item":"https:\/\/www.accuratereviews.com\/it\/"},{"@type":"ListItem","position":2,"name":"Programmi per turni di lavoro","item":"https:\/\/www.accuratereviews.com\/it\/programmi-gestione-turni-lavoro\/"},{"@type":"ListItem","position":3,"name":"Momentum Scheduling"}]},{"@type":"WebSite","@id":"https:\/\/www.accuratereviews.com\/it\/#website","url":"https:\/\/www.accuratereviews.com\/it\/","name":"Accurate Reviews","description":"","potentialAction":[{"@type":"SearchAction","target":{"@type":"EntryPoint","urlTemplate":"https:\/\/www.accuratereviews.com\/it\/?s={search_term_string}"},"query-input":{"@type":"PropertyValueSpecification","valueRequired":true,"valueName":"search_term_string"}}],"inLanguage":"it-IT"}]}},"_links":{"self":[{"href":"https:\/\/www.accuratereviews.com\/it\/wp-json\/wp\/v2\/pages\/91286","targetHints":{"allow":["GET"]}}],"collection":[{"href":"https:\/\/www.accuratereviews.com\/it\/wp-json\/wp\/v2\/pages"}],"about":[{"href":"https:\/\/www.accuratereviews.com\/it\/wp-json\/wp\/v2\/types\/page"}],"author":[{"embeddable":true,"href":"https:\/\/www.accuratereviews.com\/it\/wp-json\/wp\/v2\/users\/19"}],"replies":[{"embeddable":true,"href":"https:\/\/www.accuratereviews.com\/it\/wp-json\/wp\/v2\/comments?post=91286"}],"version-history":[{"count":9,"href":"https:\/\/www.accuratereviews.com\/it\/wp-json\/wp\/v2\/pages\/91286\/revisions"}],"predecessor-version":[{"id":91414,"href":"https:\/\/www.accuratereviews.com\/it\/wp-json\/wp\/v2\/pages\/91286\/revisions\/91414"}],"up":[{"embeddable":true,"href":"https:\/\/www.accuratereviews.com\/it\/wp-json\/wp\/v2\/pages\/87246"}],"wp:featuredmedia":[{"embeddable":true,"href":"https:\/\/www.accuratereviews.com\/it\/wp-json\/wp\/v2\/media\/91287"}],"wp:attachment":[{"href":"https:\/\/www.accuratereviews.com\/it\/wp-json\/wp\/v2\/media?parent=91286"}],"wp:term":[{"taxonomy":"category","embeddable":true,"href":"https:\/\/www.accuratereviews.com\/it\/wp-json\/wp\/v2\/categories?post=91286"},{"taxonomy":"post_tag","embeddable":true,"href":"https:\/\/www.accuratereviews.com\/it\/wp-json\/wp\/v2\/tags?post=91286"},{"taxonomy":"features","embeddable":true,"href":"https:\/\/www.accuratereviews.com\/it\/wp-json\/wp\/v2\/features?post=91286"}],"curies":[{"name":"wp","href":"https:\/\/api.w.org\/{rel}","templated":true}]}}