{"id":9152,"date":"2017-04-11T12:53:17","date_gmt":"2017-04-11T12:53:17","guid":{"rendered":"http:\/\/www.accuratereviews.com\/backup-i-migliori-software-e-servizi-software-lista\/cloudberry-backup\/"},"modified":"2021-01-26T09:46:35","modified_gmt":"2021-01-26T09:46:35","slug":"cloudberry-backup","status":"publish","type":"page","link":"https:\/\/www.accuratereviews.com\/it\/backup-i-migliori-software-e-servizi-software-lista\/cloudberry-backup\/","title":{"rendered":"CloudBerry Backup"},"content":{"rendered":"<p><img loading=\"lazy\" decoding=\"async\" class=\"alignnone size-full wp-image-8909\" src=\"http:\/\/www.accuratereviews.com\/wp-content\/uploads\/2017\/04\/cloudberry-backup-windows.png\" alt=\"cloudberry backup\" width=\"643\" height=\"502\" srcset=\"https:\/\/www.accuratereviews.com\/wp-content\/uploads\/2017\/04\/cloudberry-backup-windows.png 643w, https:\/\/www.accuratereviews.com\/wp-content\/uploads\/2017\/04\/cloudberry-backup-windows-300x234.png 300w, https:\/\/www.accuratereviews.com\/wp-content\/uploads\/2017\/04\/cloudberry-backup-windows-160x125.png 160w, https:\/\/www.accuratereviews.com\/wp-content\/uploads\/2017\/04\/cloudberry-backup-windows-50x39.png 50w, https:\/\/www.accuratereviews.com\/wp-content\/uploads\/2017\/04\/cloudberry-backup-windows-636x497.png 636w, https:\/\/www.accuratereviews.com\/wp-content\/uploads\/2017\/04\/cloudberry-backup-windows-320x250.png 320w, https:\/\/www.accuratereviews.com\/wp-content\/uploads\/2017\/04\/cloudberry-backup-windows-239x187.png 239w\" sizes=\"auto, (max-width: 643px) 100vw, 643px\" \/><\/p>\n<p><strong>\u201cProtezione dei dati\u201d e \u201crecupero di emergenza\u201d dovrebbero essere concetti familiari e verso i quali avete gi\u00e0 approntato delle soluzioni, se tenete almeno un po\u2019 al vostro lavoro e al vostro tempo<\/strong>. Ci sono tante opzioni in giro, pertanto dovrete solo trovare quella adatta a voi. In questa recensione parliamo di <strong>CloudBerry Lab, una societ\u00e0 americana che ha sviluppato due prodotti differenti e allo stesso tempo simili, per proteggere i vostri dati<\/strong>.<\/p>\n<h2>Prime impressioni<\/h2>\n<p>Di prim\u2019acchito avremmo pensato che CloudBerry fosse un servizio di backup completo, mentre in realt\u00e0 loro offrono \u201csoltanto\u201d gli strumenti per effettuare il backup: <strong>dovrete preoccuparvi di scegliere la vostra soluzione di storage personale<\/strong> (il vostro server, Amazon S3, Microsoft Azure, Rackspace, quello che preferite). Il loro sito vi offre due strade, e in effetti sono <strong>due i prodotti principali: il backup, come detto, e CloudBerry Explorer, che potete usare per gestire i vostri file nel cloud<\/strong>. CloudBerry Lab ha sviluppato un\u2019app all\u2019apparenza comune e semplice: ma sotto le sembianze banali si nascondono in realt\u00e0 funzionali notevoli e gli utenti non si perdono cercando di fare le operazioni pi\u00f9 comuni, il che \u00e8 per noi segno di grande qualit\u00e0.<\/p>\n<p><img loading=\"lazy\" decoding=\"async\" class=\"alignnone size-full wp-image-8910\" src=\"http:\/\/www.accuratereviews.com\/wp-content\/uploads\/2017\/04\/cloudberry-backup-explorer.png\" alt=\"cloudberry backup\" width=\"951\" height=\"600\" srcset=\"https:\/\/www.accuratereviews.com\/wp-content\/uploads\/2017\/04\/cloudberry-backup-explorer.png 951w, https:\/\/www.accuratereviews.com\/wp-content\/uploads\/2017\/04\/cloudberry-backup-explorer-300x189.png 300w, https:\/\/www.accuratereviews.com\/wp-content\/uploads\/2017\/04\/cloudberry-backup-explorer-768x485.png 768w, https:\/\/www.accuratereviews.com\/wp-content\/uploads\/2017\/04\/cloudberry-backup-explorer-198x125.png 198w, https:\/\/www.accuratereviews.com\/wp-content\/uploads\/2017\/04\/cloudberry-backup-explorer-50x32.png 50w, https:\/\/www.accuratereviews.com\/wp-content\/uploads\/2017\/04\/cloudberry-backup-explorer-636x401.png 636w, https:\/\/www.accuratereviews.com\/wp-content\/uploads\/2017\/04\/cloudberry-backup-explorer-320x202.png 320w, https:\/\/www.accuratereviews.com\/wp-content\/uploads\/2017\/04\/cloudberry-backup-explorer-239x151.png 239w\" sizes=\"auto, (max-width: 951px) 100vw, 951px\" \/><\/p>\n<h2>Funzioni<\/h2>\n<p>Come detto, CloudBerry non offre spazio per il vostro backup: <strong>da loro comprerete solo la licenza per usare i prodotti<\/strong>. Se il costo delle loro licenze \u00e8 abbastanza conveniente per l\u2019utilizzo che ne farete, be\u2019, quello dipende sicuramente dalle vostre necessit\u00e0 e aspettative. <strong>Per molti utenti potrebbe essere sufficiente l\u2019edizione gratuita, mentre gli IT manager probabilmente saranno felici di pagare per CloudBerry Managed Backup<\/strong>. Gli sviluppatori sono piuttosto fieri di CloudBerry Explorer, e ne hanno ben donde: <strong>il loro prodotto funziona bene con pi\u00f9 di cinquanta provider di cloud storage<\/strong>, \u00e8 semplice da usare e allo stesso tempo, molto efficace. Cos\u2019altro volere?<\/p>\n<p>CloudBerry inoltre \u00e8 specializzato nei backup, di fascia professionale o stand-alone, come lo chiamano, orientato per utenze private oppure utenti che non hanno una preparazione tecnica. <strong>I Managed backup, come spiegato, sono pensati per un uso all\u2019interno di aziende medie o grandi, o service providers con molti clienti<\/strong>. Dalla Dashboard potete avere una visuale completa dei computer di cui avete il controllo, e all\u2019occorrenza potreste recuperare un file specifico. Potete gestire tutti i computer della vostra azienda (o dei vostri clienti) da remoto, programmandone per esempio i backup; <strong>se avete bisogno di spostare un file da un computer all\u2019altro, potrete farlo<\/strong>.<\/p>\n<p><img loading=\"lazy\" decoding=\"async\" class=\"alignnone size-full wp-image-8911\" src=\"http:\/\/www.accuratereviews.com\/wp-content\/uploads\/2017\/04\/cloudberry-backup-managed-backup.png\" alt=\"cloudberry backup\" width=\"1170\" height=\"766\" srcset=\"https:\/\/www.accuratereviews.com\/wp-content\/uploads\/2017\/04\/cloudberry-backup-managed-backup.png 1170w, https:\/\/www.accuratereviews.com\/wp-content\/uploads\/2017\/04\/cloudberry-backup-managed-backup-300x196.png 300w, https:\/\/www.accuratereviews.com\/wp-content\/uploads\/2017\/04\/cloudberry-backup-managed-backup-768x503.png 768w, https:\/\/www.accuratereviews.com\/wp-content\/uploads\/2017\/04\/cloudberry-backup-managed-backup-1024x670.png 1024w, https:\/\/www.accuratereviews.com\/wp-content\/uploads\/2017\/04\/cloudberry-backup-managed-backup-191x125.png 191w, https:\/\/www.accuratereviews.com\/wp-content\/uploads\/2017\/04\/cloudberry-backup-managed-backup-50x33.png 50w, https:\/\/www.accuratereviews.com\/wp-content\/uploads\/2017\/04\/cloudberry-backup-managed-backup-968x634.png 968w, https:\/\/www.accuratereviews.com\/wp-content\/uploads\/2017\/04\/cloudberry-backup-managed-backup-636x416.png 636w, https:\/\/www.accuratereviews.com\/wp-content\/uploads\/2017\/04\/cloudberry-backup-managed-backup-320x210.png 320w, https:\/\/www.accuratereviews.com\/wp-content\/uploads\/2017\/04\/cloudberry-backup-managed-backup-239x156.png 239w\" sizes=\"auto, (max-width: 1170px) 100vw, 1170px\" \/><\/p>\n<p><strong>I backup stand-alone sono piuttosto semplici, come potrete immaginare<\/strong>. Dovete comunque procurarvi da soli lo spazio su cloud, ma a parte questo, c\u2019\u00e8 tutto quello che vi aspettereste da un software di backup. Potete impostare la banda, programmare i backup, ottenere delle immagini disco, <strong>crittografia<\/strong>: tutto \u00e8 molto flessibile.<\/p>\n<h2>Supporto<\/h2>\n<p><strong>CloudBerry Lab ha investito molte risorse ed energie nel suo sistema di supporto, e si vede<\/strong>: \u00e8 pieno di informazioni utili, veicolate anche attraverso canali inusuali come Reddit. \u00c8 presente un sistema di ticket, ma funziona soltanto per i clienti delle versioni a pagamento.<\/p>\n<h2>Prezzo<\/h2>\n<p>I prodotti di CloudBerry Lab non sono poi cari, tenendo conto che <strong>\u00e8 un costo una tantum<\/strong> &#8211; ovviamente, i costi delle versioni aziendali o da service providers sono modulati secondo logiche diverse e dovrete chiedere un preventivo per sapere esattamente quanto pagare. <strong>Ricordatevi comunque che dovrete aggiungere il costo del vostro cloud storage, a seconda del vostro provider<\/strong>.<\/p>\n","protected":false},"excerpt":{"rendered":"<p>\u201cProtezione dei dati\u201d e \u201crecupero di emergenza\u201d dovrebbero essere concetti familiari e verso i quali avete gi\u00e0 approntato delle soluzioni, se tenete almeno un po\u2019 al vostro lavoro e al vostro tempo. Ci sono tante opzioni in giro, pertanto dovrete solo trovare quella adatta a voi.<\/p>\n","protected":false},"author":16,"featured_media":0,"parent":6671,"menu_order":0,"comment_status":"open","ping_status":"closed","template":"g1_template_page_review_new.php","meta":{"_acf_changed":false,"cwp_meta_box_check":"Yes","cwp_rev_product_name":"","cwp_rev_product_image":"","wppr_links":[],"cwp_rev_price":"","wppr_options":[],"wppr_pros":[],"wppr_cons":[],"_monsterinsights_skip_tracking":false,"_monsterinsights_sitenote_active":false,"_monsterinsights_sitenote_note":"","_monsterinsights_sitenote_category":0,"footnotes":""},"categories":[98],"tags":[792,791,790,776,775],"features":[],"class_list":{"0":"post-9152","1":"page","2":"type-page","3":"status-publish","5":"category-backup","6":"tag-cloud-storage","7":"tag-eidizione-gratuita","8":"tag-file-cloud","9":"tag-programma-per-backup","10":"tag-software-per-backup"},"wppr_data":{"cwp_meta_box_check":"Yes","cwp_rev_product_name":"","cwp_rev_product_image":"","cwp_image_link":"image","cwp_rev_price":"","wppr_rating":"0.00"},"acf":[],"yoast_head":"<!-- This site is optimized with the Yoast SEO plugin v27.4 - https:\/\/yoast.com\/product\/yoast-seo-wordpress\/ -->\n<title>CloudBerry Backup recensione miglior software di backup | Accurate Reviews<\/title>\n<meta name=\"description\" content=\"CloudBerry \u00e8 specializzato in backup: che siano di fascia professionale e aziendale, oppure stand-alone per utenti che hanno una sola macchina da salvare.\" \/>\n<meta name=\"robots\" content=\"index, follow, max-snippet:-1, max-image-preview:large, max-video-preview:-1\" \/>\n<link rel=\"canonical\" href=\"https:\/\/www.accuratereviews.com\/it\/backup-i-migliori-software-e-servizi-software-lista\/cloudberry-backup\/\" \/>\n<meta property=\"og:locale\" content=\"it_IT\" \/>\n<meta property=\"og:type\" content=\"article\" \/>\n<meta property=\"og:title\" content=\"CloudBerry Backup recensione miglior software di backup | Accurate Reviews\" \/>\n<meta property=\"og:description\" content=\"CloudBerry \u00e8 specializzato in backup: che siano di fascia professionale e aziendale, oppure stand-alone per utenti che hanno una sola macchina da salvare.\" \/>\n<meta property=\"og:url\" content=\"https:\/\/www.accuratereviews.com\/it\/backup-i-migliori-software-e-servizi-software-lista\/cloudberry-backup\/\" \/>\n<meta property=\"og:site_name\" content=\"Accurate Reviews\" \/>\n<meta property=\"article:modified_time\" content=\"2021-01-26T09:46:35+00:00\" \/>\n<meta property=\"og:image\" content=\"http:\/\/www.accuratereviews.com\/wp-content\/uploads\/2017\/04\/cloudberry-backup-windows.png\" \/>\n<meta name=\"twitter:card\" content=\"summary_large_image\" \/>\n<meta name=\"twitter:label1\" content=\"Tempo di lettura stimato\" \/>\n\t<meta name=\"twitter:data1\" content=\"3 minuti\" \/>\n<script type=\"application\/ld+json\" class=\"yoast-schema-graph\">{\"@context\":\"https:\\\/\\\/schema.org\",\"@graph\":[{\"@type\":\"WebPage\",\"@id\":\"https:\\\/\\\/www.accuratereviews.com\\\/it\\\/backup-i-migliori-software-e-servizi-software-lista\\\/cloudberry-backup\\\/\",\"url\":\"https:\\\/\\\/www.accuratereviews.com\\\/it\\\/backup-i-migliori-software-e-servizi-software-lista\\\/cloudberry-backup\\\/\",\"name\":\"CloudBerry Backup recensione miglior software di backup | Accurate Reviews\",\"isPartOf\":{\"@id\":\"https:\\\/\\\/www.accuratereviews.com\\\/it\\\/#website\"},\"primaryImageOfPage\":{\"@id\":\"https:\\\/\\\/www.accuratereviews.com\\\/it\\\/backup-i-migliori-software-e-servizi-software-lista\\\/cloudberry-backup\\\/#primaryimage\"},\"image\":{\"@id\":\"https:\\\/\\\/www.accuratereviews.com\\\/it\\\/backup-i-migliori-software-e-servizi-software-lista\\\/cloudberry-backup\\\/#primaryimage\"},\"thumbnailUrl\":\"http:\\\/\\\/www.accuratereviews.com\\\/wp-content\\\/uploads\\\/2017\\\/04\\\/cloudberry-backup-windows.png\",\"datePublished\":\"2017-04-11T12:53:17+00:00\",\"dateModified\":\"2021-01-26T09:46:35+00:00\",\"description\":\"CloudBerry \u00e8 specializzato in backup: che siano di fascia professionale e aziendale, oppure stand-alone per utenti che hanno una sola macchina da salvare.\",\"breadcrumb\":{\"@id\":\"https:\\\/\\\/www.accuratereviews.com\\\/it\\\/backup-i-migliori-software-e-servizi-software-lista\\\/cloudberry-backup\\\/#breadcrumb\"},\"inLanguage\":\"it-IT\",\"potentialAction\":[{\"@type\":\"ReadAction\",\"target\":[\"https:\\\/\\\/www.accuratereviews.com\\\/it\\\/backup-i-migliori-software-e-servizi-software-lista\\\/cloudberry-backup\\\/\"]}]},{\"@type\":\"ImageObject\",\"inLanguage\":\"it-IT\",\"@id\":\"https:\\\/\\\/www.accuratereviews.com\\\/it\\\/backup-i-migliori-software-e-servizi-software-lista\\\/cloudberry-backup\\\/#primaryimage\",\"url\":\"http:\\\/\\\/www.accuratereviews.com\\\/wp-content\\\/uploads\\\/2017\\\/04\\\/cloudberry-backup-windows.png\",\"contentUrl\":\"http:\\\/\\\/www.accuratereviews.com\\\/wp-content\\\/uploads\\\/2017\\\/04\\\/cloudberry-backup-windows.png\"},{\"@type\":\"BreadcrumbList\",\"@id\":\"https:\\\/\\\/www.accuratereviews.com\\\/it\\\/backup-i-migliori-software-e-servizi-software-lista\\\/cloudberry-backup\\\/#breadcrumb\",\"itemListElement\":[{\"@type\":\"ListItem\",\"position\":1,\"name\":\"Home\",\"item\":\"https:\\\/\\\/www.accuratereviews.com\\\/it\\\/\"},{\"@type\":\"ListItem\",\"position\":2,\"name\":\"Backup: i migliori software e servizi\",\"item\":\"https:\\\/\\\/www.accuratereviews.com\\\/it\\\/backup-i-migliori-software-e-servizi-software-lista\\\/\"},{\"@type\":\"ListItem\",\"position\":3,\"name\":\"CloudBerry Backup\"}]},{\"@type\":\"WebSite\",\"@id\":\"https:\\\/\\\/www.accuratereviews.com\\\/it\\\/#website\",\"url\":\"https:\\\/\\\/www.accuratereviews.com\\\/it\\\/\",\"name\":\"Accurate Reviews\",\"description\":\"\",\"potentialAction\":[{\"@type\":\"SearchAction\",\"target\":{\"@type\":\"EntryPoint\",\"urlTemplate\":\"https:\\\/\\\/www.accuratereviews.com\\\/it\\\/?s={search_term_string}\"},\"query-input\":{\"@type\":\"PropertyValueSpecification\",\"valueRequired\":true,\"valueName\":\"search_term_string\"}}],\"inLanguage\":\"it-IT\"}]}<\/script>\n<!-- \/ Yoast SEO plugin. -->","yoast_head_json":{"title":"CloudBerry Backup recensione miglior software di backup | Accurate Reviews","description":"CloudBerry \u00e8 specializzato in backup: che siano di fascia professionale e aziendale, oppure stand-alone per utenti che hanno una sola macchina da salvare.","robots":{"index":"index","follow":"follow","max-snippet":"max-snippet:-1","max-image-preview":"max-image-preview:large","max-video-preview":"max-video-preview:-1"},"canonical":"https:\/\/www.accuratereviews.com\/it\/backup-i-migliori-software-e-servizi-software-lista\/cloudberry-backup\/","og_locale":"it_IT","og_type":"article","og_title":"CloudBerry Backup recensione miglior software di backup | Accurate Reviews","og_description":"CloudBerry \u00e8 specializzato in backup: che siano di fascia professionale e aziendale, oppure stand-alone per utenti che hanno una sola macchina da salvare.","og_url":"https:\/\/www.accuratereviews.com\/it\/backup-i-migliori-software-e-servizi-software-lista\/cloudberry-backup\/","og_site_name":"Accurate Reviews","article_modified_time":"2021-01-26T09:46:35+00:00","og_image":[{"url":"http:\/\/www.accuratereviews.com\/wp-content\/uploads\/2017\/04\/cloudberry-backup-windows.png","type":"","width":"","height":""}],"twitter_card":"summary_large_image","twitter_misc":{"Tempo di lettura stimato":"3 minuti"},"schema":{"@context":"https:\/\/schema.org","@graph":[{"@type":"WebPage","@id":"https:\/\/www.accuratereviews.com\/it\/backup-i-migliori-software-e-servizi-software-lista\/cloudberry-backup\/","url":"https:\/\/www.accuratereviews.com\/it\/backup-i-migliori-software-e-servizi-software-lista\/cloudberry-backup\/","name":"CloudBerry Backup recensione miglior software di backup | Accurate Reviews","isPartOf":{"@id":"https:\/\/www.accuratereviews.com\/it\/#website"},"primaryImageOfPage":{"@id":"https:\/\/www.accuratereviews.com\/it\/backup-i-migliori-software-e-servizi-software-lista\/cloudberry-backup\/#primaryimage"},"image":{"@id":"https:\/\/www.accuratereviews.com\/it\/backup-i-migliori-software-e-servizi-software-lista\/cloudberry-backup\/#primaryimage"},"thumbnailUrl":"http:\/\/www.accuratereviews.com\/wp-content\/uploads\/2017\/04\/cloudberry-backup-windows.png","datePublished":"2017-04-11T12:53:17+00:00","dateModified":"2021-01-26T09:46:35+00:00","description":"CloudBerry \u00e8 specializzato in backup: che siano di fascia professionale e aziendale, oppure stand-alone per utenti che hanno una sola macchina da salvare.","breadcrumb":{"@id":"https:\/\/www.accuratereviews.com\/it\/backup-i-migliori-software-e-servizi-software-lista\/cloudberry-backup\/#breadcrumb"},"inLanguage":"it-IT","potentialAction":[{"@type":"ReadAction","target":["https:\/\/www.accuratereviews.com\/it\/backup-i-migliori-software-e-servizi-software-lista\/cloudberry-backup\/"]}]},{"@type":"ImageObject","inLanguage":"it-IT","@id":"https:\/\/www.accuratereviews.com\/it\/backup-i-migliori-software-e-servizi-software-lista\/cloudberry-backup\/#primaryimage","url":"http:\/\/www.accuratereviews.com\/wp-content\/uploads\/2017\/04\/cloudberry-backup-windows.png","contentUrl":"http:\/\/www.accuratereviews.com\/wp-content\/uploads\/2017\/04\/cloudberry-backup-windows.png"},{"@type":"BreadcrumbList","@id":"https:\/\/www.accuratereviews.com\/it\/backup-i-migliori-software-e-servizi-software-lista\/cloudberry-backup\/#breadcrumb","itemListElement":[{"@type":"ListItem","position":1,"name":"Home","item":"https:\/\/www.accuratereviews.com\/it\/"},{"@type":"ListItem","position":2,"name":"Backup: i migliori software e servizi","item":"https:\/\/www.accuratereviews.com\/it\/backup-i-migliori-software-e-servizi-software-lista\/"},{"@type":"ListItem","position":3,"name":"CloudBerry Backup"}]},{"@type":"WebSite","@id":"https:\/\/www.accuratereviews.com\/it\/#website","url":"https:\/\/www.accuratereviews.com\/it\/","name":"Accurate Reviews","description":"","potentialAction":[{"@type":"SearchAction","target":{"@type":"EntryPoint","urlTemplate":"https:\/\/www.accuratereviews.com\/it\/?s={search_term_string}"},"query-input":{"@type":"PropertyValueSpecification","valueRequired":true,"valueName":"search_term_string"}}],"inLanguage":"it-IT"}]}},"_links":{"self":[{"href":"https:\/\/www.accuratereviews.com\/it\/wp-json\/wp\/v2\/pages\/9152","targetHints":{"allow":["GET"]}}],"collection":[{"href":"https:\/\/www.accuratereviews.com\/it\/wp-json\/wp\/v2\/pages"}],"about":[{"href":"https:\/\/www.accuratereviews.com\/it\/wp-json\/wp\/v2\/types\/page"}],"author":[{"embeddable":true,"href":"https:\/\/www.accuratereviews.com\/it\/wp-json\/wp\/v2\/users\/16"}],"replies":[{"embeddable":true,"href":"https:\/\/www.accuratereviews.com\/it\/wp-json\/wp\/v2\/comments?post=9152"}],"version-history":[{"count":4,"href":"https:\/\/www.accuratereviews.com\/it\/wp-json\/wp\/v2\/pages\/9152\/revisions"}],"predecessor-version":[{"id":9156,"href":"https:\/\/www.accuratereviews.com\/it\/wp-json\/wp\/v2\/pages\/9152\/revisions\/9156"}],"up":[{"embeddable":true,"href":"https:\/\/www.accuratereviews.com\/it\/wp-json\/wp\/v2\/pages\/6671"}],"wp:attachment":[{"href":"https:\/\/www.accuratereviews.com\/it\/wp-json\/wp\/v2\/media?parent=9152"}],"wp:term":[{"taxonomy":"category","embeddable":true,"href":"https:\/\/www.accuratereviews.com\/it\/wp-json\/wp\/v2\/categories?post=9152"},{"taxonomy":"post_tag","embeddable":true,"href":"https:\/\/www.accuratereviews.com\/it\/wp-json\/wp\/v2\/tags?post=9152"},{"taxonomy":"features","embeddable":true,"href":"https:\/\/www.accuratereviews.com\/it\/wp-json\/wp\/v2\/features?post=9152"}],"curies":[{"name":"wp","href":"https:\/\/api.w.org\/{rel}","templated":true}]}}