{"id":9165,"date":"2017-04-10T07:29:51","date_gmt":"2017-04-10T07:29:51","guid":{"rendered":"http:\/\/www.accuratereviews.com\/strumenti-seo-lista-software\/serpstat\/"},"modified":"2021-11-12T09:50:00","modified_gmt":"2021-11-12T09:50:00","slug":"serpstat","status":"publish","type":"page","link":"https:\/\/www.accuratereviews.com\/it\/strumenti-seo-lista-software\/serpstat\/","title":{"rendered":"Serpstat"},"content":{"rendered":"<p><img loading=\"lazy\" decoding=\"async\" class=\"alignnone size-full wp-image-8690\" src=\"http:\/\/www.accuratereviews.com\/wp-content\/uploads\/2017\/03\/Serpstat_\u2014_search-1.jpg\" alt=\"Serpstat search\" width=\"1153\" height=\"633\" srcset=\"https:\/\/www.accuratereviews.com\/wp-content\/uploads\/2017\/03\/Serpstat_\u2014_search-1.jpg 1153w, https:\/\/www.accuratereviews.com\/wp-content\/uploads\/2017\/03\/Serpstat_\u2014_search-1-300x165.jpg 300w, https:\/\/www.accuratereviews.com\/wp-content\/uploads\/2017\/03\/Serpstat_\u2014_search-1-768x422.jpg 768w, https:\/\/www.accuratereviews.com\/wp-content\/uploads\/2017\/03\/Serpstat_\u2014_search-1-1024x562.jpg 1024w, https:\/\/www.accuratereviews.com\/wp-content\/uploads\/2017\/03\/Serpstat_\u2014_search-1-228x125.jpg 228w, https:\/\/www.accuratereviews.com\/wp-content\/uploads\/2017\/03\/Serpstat_\u2014_search-1-50x27.jpg 50w, https:\/\/www.accuratereviews.com\/wp-content\/uploads\/2017\/03\/Serpstat_\u2014_search-1-968x531.jpg 968w, https:\/\/www.accuratereviews.com\/wp-content\/uploads\/2017\/03\/Serpstat_\u2014_search-1-636x349.jpg 636w, https:\/\/www.accuratereviews.com\/wp-content\/uploads\/2017\/03\/Serpstat_\u2014_search-1-320x176.jpg 320w, https:\/\/www.accuratereviews.com\/wp-content\/uploads\/2017\/03\/Serpstat_\u2014_search-1-239x131.jpg 239w\" sizes=\"auto, (max-width: 1153px) 100vw, 1153px\" \/><\/p>\n<p><strong>Serpstat \u00e8 una piattaforma SEO professionale online, pensata per specialisti del SEO, esperti di analytics, specialisti di PPC, content manager e marketer digitali<\/strong>. Vi aiuta a tenere traccia dei vostri progetti online, risparmiando tempo e venendo a conoscenza di dettagli importanti dei vostri competitor.<\/p>\n<h2>Prime impressioni<\/h2>\n<p>L\u2019homepage di Serpstat vi offre tutte le informazioni che vi servono per capire le potenzialit\u00e0 della piattaforma. <strong>La dashboard \u00e8 chiara<\/strong>, semplice e potete trovare subito tutte le funzionalit\u00e0 importanti nel men\u00f9 a sinistra. <strong>Serpstat \u00e8 uno strumento accattivante e potente<\/strong>.<\/p>\n<h2>Serpstat: funzioni<\/h2>\n<p><strong>Potete provare il servizio gratuitamente, prima di scegliere un piano a pagamento a seconda delle vostre necessit\u00e0<\/strong>. Una volta che vi sarete iscritti, il pannello di controllo vi permetter\u00e0 di scegliere se dare una\u2019occhiata alla pagina Manual and Use Case, molto approfondita, per capire come usare al meglio Serpstat, iniziare le analytics con un nuovo progetto, oppure contattare il supporto clienti per risolvere qualsiasi dubbio.<\/p>\n<p><img loading=\"lazy\" decoding=\"async\" class=\"alignnone size-full wp-image-8691\" src=\"http:\/\/www.accuratereviews.com\/wp-content\/uploads\/2017\/03\/Serpstat_-_Dashboard.jpg\" alt=\"Serpstat Dashboard\" width=\"1270\" height=\"579\" srcset=\"https:\/\/www.accuratereviews.com\/wp-content\/uploads\/2017\/03\/Serpstat_-_Dashboard.jpg 1270w, https:\/\/www.accuratereviews.com\/wp-content\/uploads\/2017\/03\/Serpstat_-_Dashboard-300x137.jpg 300w, https:\/\/www.accuratereviews.com\/wp-content\/uploads\/2017\/03\/Serpstat_-_Dashboard-768x350.jpg 768w, https:\/\/www.accuratereviews.com\/wp-content\/uploads\/2017\/03\/Serpstat_-_Dashboard-1024x467.jpg 1024w, https:\/\/www.accuratereviews.com\/wp-content\/uploads\/2017\/03\/Serpstat_-_Dashboard-260x119.jpg 260w, https:\/\/www.accuratereviews.com\/wp-content\/uploads\/2017\/03\/Serpstat_-_Dashboard-50x23.jpg 50w, https:\/\/www.accuratereviews.com\/wp-content\/uploads\/2017\/03\/Serpstat_-_Dashboard-968x441.jpg 968w, https:\/\/www.accuratereviews.com\/wp-content\/uploads\/2017\/03\/Serpstat_-_Dashboard-636x290.jpg 636w, https:\/\/www.accuratereviews.com\/wp-content\/uploads\/2017\/03\/Serpstat_-_Dashboard-320x146.jpg 320w, https:\/\/www.accuratereviews.com\/wp-content\/uploads\/2017\/03\/Serpstat_-_Dashboard-239x109.jpg 239w\" sizes=\"auto, (max-width: 1270px) 100vw, 1270px\" \/><\/p>\n<p><strong>Creare un nuovo progetto \u00e8 molto semplice<\/strong>: andate su <em>List of Projects &gt; Add New Project<\/em> e inserite il dominio, il nome del progetto, e un gruppo. Potete ora iniziare l\u2019analisi di un sito e tracciare il posizionamento delle sue keyword. <strong>L\u2019analisi riguarda tutte le pagine e controlla diversi fattori di posizionamento<\/strong>, identificando in questo modo gli errori di ottimizzazione (catalogati in base alla priorit\u00e0), e mostrandovi cosa migliorare. Potete analizzare a fondo dettagli come codice di status delle singole pagine, meta tag, titoli, accessibilit\u00e0 e indicizzazione, redirect, link, velocit\u00e0 di caricamento, parametri del server e una panoramica generale.<\/p>\n<p><strong>All\u2019interno della sezione Website Analysis nella dashboard potete analizzare il dominio e la url<\/strong>. Nella parte analisi del dominio possiamo avere una panoramica, una ricerca SEO e PPC, analisi d\u2019insieme e infografiche. Potete analizzare le url che desiderate e ottenere panoramiche, e informazioni per le keyword, i competitor, e anche confrontare le url. Come potete immaginare, queste <strong>sono tutte funzionalit\u00e0 che un professionista del digital marketing ricerca<\/strong>.<\/p>\n<p>Per iniziare ad analizzare la posizione delle vostre keyword dovrete aggiungere al progetto alcune informazioni (per esempio il fuso orario, i competitor, motori di ricerca e paesi, le keyword che volete monitorare) e otterrete report che potete programmare, condividere con membri del vostro team, e altro ancora.<br \/>\nTra le varie funzionalit\u00e0, <strong>trovate anche l\u2019analisi dei backlink e il tracker del rank<\/strong>. Report avanzati vi aiuteranno a capire come ottenere risultati migliori.<\/p>\n<h2>Serpstat: Prezzo<\/h2>\n<p><strong>Serpstat offre abbonamenti mensili e annuali<\/strong>. Se optate per questa opzione, potrete risparmiare il 20% del costo. Potete scegliere tra 4 piani personali (che partono da 15$ al mese fino ai 23,90$ al mese per gli abbonamenti annuali) e 4 professionali (a partire da 399.20$ al mese fino a 2000$ al mese per gli abbonamenti annuali). <strong>Pi\u00f9 pagate, pi\u00f9 informazioni potrete ottenere<\/strong>. <strong>Potete scegliere comunque anche il piano gratuito &#8211; e limitato<\/strong>.<\/p>\n","protected":false},"excerpt":{"rendered":"<p>Serpstat \u00e8 una piattaforma SEO professionale online, pensata per specialisti del SEO, esperti di analytics, specialisti di PPC, content manager e marketer digitali. Vi aiuta a tenere traccia dei vostri progetti online, risparmiando tempo e venendo a conoscenza di dettagli importanti dei vostri competitor.<\/p>\n","protected":false},"author":16,"featured_media":0,"parent":8849,"menu_order":1,"comment_status":"closed","ping_status":"closed","template":"g1_template_page_review_new.php","meta":{"_acf_changed":false,"cwp_meta_box_check":"No","cwp_rev_product_name":"","cwp_rev_product_image":"","wppr_links":[],"cwp_rev_price":"","wppr_options":[],"wppr_pros":[],"wppr_cons":[],"_monsterinsights_skip_tracking":false,"_monsterinsights_sitenote_active":false,"_monsterinsights_sitenote_note":"","_monsterinsights_sitenote_category":0,"footnotes":""},"categories":[175],"tags":[],"features":[],"class_list":{"0":"post-9165","1":"page","2":"type-page","3":"status-publish","5":"category-strumenti-seo-categoria"},"wppr_data":{"cwp_meta_box_check":"No"},"acf":[],"yoast_head":"<!-- This site is optimized with the Yoast SEO plugin v27.4 - https:\/\/yoast.com\/product\/yoast-seo-wordpress\/ -->\n<title>Serpstat recensione miglior servizio di analisi SEO | Accurate Reviews<\/title>\n<meta name=\"description\" content=\"Serpstat \u00e8 una piattaforma di analisi SEO professionale, con un&#039;ottima dashboard. \u00c8 uno strumento ricco di funzioni per ottenere le analisi che vi servono.\" \/>\n<meta name=\"robots\" content=\"index, follow, max-snippet:-1, max-image-preview:large, max-video-preview:-1\" \/>\n<link rel=\"canonical\" href=\"https:\/\/www.accuratereviews.com\/it\/strumenti-seo-lista-software\/serpstat\/\" \/>\n<meta property=\"og:locale\" content=\"it_IT\" \/>\n<meta property=\"og:type\" content=\"article\" \/>\n<meta property=\"og:title\" content=\"Serpstat recensione miglior servizio di analisi SEO | Accurate Reviews\" \/>\n<meta property=\"og:description\" content=\"Serpstat \u00e8 una piattaforma di analisi SEO professionale, con un&#039;ottima dashboard. \u00c8 uno strumento ricco di funzioni per ottenere le analisi che vi servono.\" \/>\n<meta property=\"og:url\" content=\"https:\/\/www.accuratereviews.com\/it\/strumenti-seo-lista-software\/serpstat\/\" \/>\n<meta property=\"og:site_name\" content=\"Accurate Reviews\" \/>\n<meta property=\"article:modified_time\" content=\"2021-11-12T09:50:00+00:00\" \/>\n<meta property=\"og:image\" content=\"http:\/\/www.accuratereviews.com\/wp-content\/uploads\/2017\/03\/Serpstat_-_Dashboard.jpg\" \/>\n<meta name=\"twitter:card\" content=\"summary_large_image\" \/>\n<meta name=\"twitter:label1\" content=\"Tempo di lettura stimato\" \/>\n\t<meta name=\"twitter:data1\" content=\"2 minuti\" \/>\n<script type=\"application\/ld+json\" class=\"yoast-schema-graph\">{\"@context\":\"https:\\\/\\\/schema.org\",\"@graph\":[{\"@type\":\"WebPage\",\"@id\":\"https:\\\/\\\/www.accuratereviews.com\\\/it\\\/strumenti-seo-lista-software\\\/serpstat\\\/\",\"url\":\"https:\\\/\\\/www.accuratereviews.com\\\/it\\\/strumenti-seo-lista-software\\\/serpstat\\\/\",\"name\":\"Serpstat recensione miglior servizio di analisi SEO | Accurate Reviews\",\"isPartOf\":{\"@id\":\"https:\\\/\\\/www.accuratereviews.com\\\/it\\\/#website\"},\"primaryImageOfPage\":{\"@id\":\"https:\\\/\\\/www.accuratereviews.com\\\/it\\\/strumenti-seo-lista-software\\\/serpstat\\\/#primaryimage\"},\"image\":{\"@id\":\"https:\\\/\\\/www.accuratereviews.com\\\/it\\\/strumenti-seo-lista-software\\\/serpstat\\\/#primaryimage\"},\"thumbnailUrl\":\"http:\\\/\\\/www.accuratereviews.com\\\/wp-content\\\/uploads\\\/2017\\\/03\\\/Serpstat_-_Dashboard.jpg\",\"datePublished\":\"2017-04-10T07:29:51+00:00\",\"dateModified\":\"2021-11-12T09:50:00+00:00\",\"description\":\"Serpstat \u00e8 una piattaforma di analisi SEO professionale, con un'ottima dashboard. \u00c8 uno strumento ricco di funzioni per ottenere le analisi che vi servono.\",\"breadcrumb\":{\"@id\":\"https:\\\/\\\/www.accuratereviews.com\\\/it\\\/strumenti-seo-lista-software\\\/serpstat\\\/#breadcrumb\"},\"inLanguage\":\"it-IT\",\"potentialAction\":[{\"@type\":\"ReadAction\",\"target\":[\"https:\\\/\\\/www.accuratereviews.com\\\/it\\\/strumenti-seo-lista-software\\\/serpstat\\\/\"]}]},{\"@type\":\"ImageObject\",\"inLanguage\":\"it-IT\",\"@id\":\"https:\\\/\\\/www.accuratereviews.com\\\/it\\\/strumenti-seo-lista-software\\\/serpstat\\\/#primaryimage\",\"url\":\"http:\\\/\\\/www.accuratereviews.com\\\/wp-content\\\/uploads\\\/2017\\\/03\\\/Serpstat_-_Dashboard.jpg\",\"contentUrl\":\"http:\\\/\\\/www.accuratereviews.com\\\/wp-content\\\/uploads\\\/2017\\\/03\\\/Serpstat_-_Dashboard.jpg\"},{\"@type\":\"BreadcrumbList\",\"@id\":\"https:\\\/\\\/www.accuratereviews.com\\\/it\\\/strumenti-seo-lista-software\\\/serpstat\\\/#breadcrumb\",\"itemListElement\":[{\"@type\":\"ListItem\",\"position\":1,\"name\":\"Home\",\"item\":\"https:\\\/\\\/www.accuratereviews.com\\\/it\\\/\"},{\"@type\":\"ListItem\",\"position\":2,\"name\":\"Strumenti SEO\",\"item\":\"https:\\\/\\\/www.accuratereviews.com\\\/it\\\/strumenti-seo-lista-software\\\/\"},{\"@type\":\"ListItem\",\"position\":3,\"name\":\"Serpstat\"}]},{\"@type\":\"WebSite\",\"@id\":\"https:\\\/\\\/www.accuratereviews.com\\\/it\\\/#website\",\"url\":\"https:\\\/\\\/www.accuratereviews.com\\\/it\\\/\",\"name\":\"Accurate Reviews\",\"description\":\"\",\"potentialAction\":[{\"@type\":\"SearchAction\",\"target\":{\"@type\":\"EntryPoint\",\"urlTemplate\":\"https:\\\/\\\/www.accuratereviews.com\\\/it\\\/?s={search_term_string}\"},\"query-input\":{\"@type\":\"PropertyValueSpecification\",\"valueRequired\":true,\"valueName\":\"search_term_string\"}}],\"inLanguage\":\"it-IT\"}]}<\/script>\n<!-- \/ Yoast SEO plugin. -->","yoast_head_json":{"title":"Serpstat recensione miglior servizio di analisi SEO | Accurate Reviews","description":"Serpstat \u00e8 una piattaforma di analisi SEO professionale, con un'ottima dashboard. \u00c8 uno strumento ricco di funzioni per ottenere le analisi che vi servono.","robots":{"index":"index","follow":"follow","max-snippet":"max-snippet:-1","max-image-preview":"max-image-preview:large","max-video-preview":"max-video-preview:-1"},"canonical":"https:\/\/www.accuratereviews.com\/it\/strumenti-seo-lista-software\/serpstat\/","og_locale":"it_IT","og_type":"article","og_title":"Serpstat recensione miglior servizio di analisi SEO | Accurate Reviews","og_description":"Serpstat \u00e8 una piattaforma di analisi SEO professionale, con un'ottima dashboard. \u00c8 uno strumento ricco di funzioni per ottenere le analisi che vi servono.","og_url":"https:\/\/www.accuratereviews.com\/it\/strumenti-seo-lista-software\/serpstat\/","og_site_name":"Accurate Reviews","article_modified_time":"2021-11-12T09:50:00+00:00","og_image":[{"url":"http:\/\/www.accuratereviews.com\/wp-content\/uploads\/2017\/03\/Serpstat_-_Dashboard.jpg","type":"","width":"","height":""}],"twitter_card":"summary_large_image","twitter_misc":{"Tempo di lettura stimato":"2 minuti"},"schema":{"@context":"https:\/\/schema.org","@graph":[{"@type":"WebPage","@id":"https:\/\/www.accuratereviews.com\/it\/strumenti-seo-lista-software\/serpstat\/","url":"https:\/\/www.accuratereviews.com\/it\/strumenti-seo-lista-software\/serpstat\/","name":"Serpstat recensione miglior servizio di analisi SEO | Accurate Reviews","isPartOf":{"@id":"https:\/\/www.accuratereviews.com\/it\/#website"},"primaryImageOfPage":{"@id":"https:\/\/www.accuratereviews.com\/it\/strumenti-seo-lista-software\/serpstat\/#primaryimage"},"image":{"@id":"https:\/\/www.accuratereviews.com\/it\/strumenti-seo-lista-software\/serpstat\/#primaryimage"},"thumbnailUrl":"http:\/\/www.accuratereviews.com\/wp-content\/uploads\/2017\/03\/Serpstat_-_Dashboard.jpg","datePublished":"2017-04-10T07:29:51+00:00","dateModified":"2021-11-12T09:50:00+00:00","description":"Serpstat \u00e8 una piattaforma di analisi SEO professionale, con un'ottima dashboard. \u00c8 uno strumento ricco di funzioni per ottenere le analisi che vi servono.","breadcrumb":{"@id":"https:\/\/www.accuratereviews.com\/it\/strumenti-seo-lista-software\/serpstat\/#breadcrumb"},"inLanguage":"it-IT","potentialAction":[{"@type":"ReadAction","target":["https:\/\/www.accuratereviews.com\/it\/strumenti-seo-lista-software\/serpstat\/"]}]},{"@type":"ImageObject","inLanguage":"it-IT","@id":"https:\/\/www.accuratereviews.com\/it\/strumenti-seo-lista-software\/serpstat\/#primaryimage","url":"http:\/\/www.accuratereviews.com\/wp-content\/uploads\/2017\/03\/Serpstat_-_Dashboard.jpg","contentUrl":"http:\/\/www.accuratereviews.com\/wp-content\/uploads\/2017\/03\/Serpstat_-_Dashboard.jpg"},{"@type":"BreadcrumbList","@id":"https:\/\/www.accuratereviews.com\/it\/strumenti-seo-lista-software\/serpstat\/#breadcrumb","itemListElement":[{"@type":"ListItem","position":1,"name":"Home","item":"https:\/\/www.accuratereviews.com\/it\/"},{"@type":"ListItem","position":2,"name":"Strumenti SEO","item":"https:\/\/www.accuratereviews.com\/it\/strumenti-seo-lista-software\/"},{"@type":"ListItem","position":3,"name":"Serpstat"}]},{"@type":"WebSite","@id":"https:\/\/www.accuratereviews.com\/it\/#website","url":"https:\/\/www.accuratereviews.com\/it\/","name":"Accurate Reviews","description":"","potentialAction":[{"@type":"SearchAction","target":{"@type":"EntryPoint","urlTemplate":"https:\/\/www.accuratereviews.com\/it\/?s={search_term_string}"},"query-input":{"@type":"PropertyValueSpecification","valueRequired":true,"valueName":"search_term_string"}}],"inLanguage":"it-IT"}]}},"_links":{"self":[{"href":"https:\/\/www.accuratereviews.com\/it\/wp-json\/wp\/v2\/pages\/9165","targetHints":{"allow":["GET"]}}],"collection":[{"href":"https:\/\/www.accuratereviews.com\/it\/wp-json\/wp\/v2\/pages"}],"about":[{"href":"https:\/\/www.accuratereviews.com\/it\/wp-json\/wp\/v2\/types\/page"}],"author":[{"embeddable":true,"href":"https:\/\/www.accuratereviews.com\/it\/wp-json\/wp\/v2\/users\/16"}],"replies":[{"embeddable":true,"href":"https:\/\/www.accuratereviews.com\/it\/wp-json\/wp\/v2\/comments?post=9165"}],"version-history":[{"count":3,"href":"https:\/\/www.accuratereviews.com\/it\/wp-json\/wp\/v2\/pages\/9165\/revisions"}],"predecessor-version":[{"id":49899,"href":"https:\/\/www.accuratereviews.com\/it\/wp-json\/wp\/v2\/pages\/9165\/revisions\/49899"}],"up":[{"embeddable":true,"href":"https:\/\/www.accuratereviews.com\/it\/wp-json\/wp\/v2\/pages\/8849"}],"wp:attachment":[{"href":"https:\/\/www.accuratereviews.com\/it\/wp-json\/wp\/v2\/media?parent=9165"}],"wp:term":[{"taxonomy":"category","embeddable":true,"href":"https:\/\/www.accuratereviews.com\/it\/wp-json\/wp\/v2\/categories?post=9165"},{"taxonomy":"post_tag","embeddable":true,"href":"https:\/\/www.accuratereviews.com\/it\/wp-json\/wp\/v2\/tags?post=9165"},{"taxonomy":"features","embeddable":true,"href":"https:\/\/www.accuratereviews.com\/it\/wp-json\/wp\/v2\/features?post=9165"}],"curies":[{"name":"wp","href":"https:\/\/api.w.org\/{rel}","templated":true}]}}