{"id":91849,"date":"2025-06-09T20:59:09","date_gmt":"2025-06-09T20:59:09","guid":{"rendered":"https:\/\/www.accuratereviews.com\/?page_id=91849"},"modified":"2025-10-14T07:43:56","modified_gmt":"2025-10-14T07:43:56","slug":"sistema-otto-presenze-in-cloud-recensione","status":"publish","type":"page","link":"https:\/\/www.accuratereviews.com\/it\/programmi-gestione-turni-lavoro\/sistema-otto-presenze-in-cloud-recensione\/","title":{"rendered":"Sistema otto presenze in cloud"},"content":{"rendered":"<p><strong>Sistema otto presenze in cloud<\/strong> \u00e8 un software di <strong>gestione del personale<\/strong> che aiuta le aziende a monitorare le presenze dei dipendenti, pianificare i turni, raccogliere dati personali e altro ancora attraverso una piattaforma centralizzata. Le funzionalit\u00e0 principali includono la gestione delle presenze, la contabilit\u00e0, la pianificazione dei turni, la rilevazione delle presenze, il reporting, la gestione documentale e il monitoraggio dei costi e molto altro. Gli amministratori possono utilizzare la piattaforma per raccogliere e accedere a documenti relativi ai dati dei dipendenti, come contratti, bilanci, ferie e permessi.<br \/>\nInoltre, <strong>Sistema otto presenze in cloud <\/strong>fornisce un portale per i dipendenti che consente agli utenti di richiedere assenze, comunicare, gestire le buste paga, monitorare le statistiche e visualizzare i turni di lavoro.<\/p>\n<h2><a href=\"https:\/\/www.accuratereviews.com\/wp-content\/uploads\/2025\/06\/Screenshot-2025-06-09-alle-12.02.46.png\"><img loading=\"lazy\" decoding=\"async\" class=\"size-large wp-image-91873 aligncenter\" src=\"https:\/\/www.accuratereviews.com\/wp-content\/uploads\/2025\/06\/Screenshot-2025-06-09-alle-12.02.46-1024x834.png\" alt=\"\" width=\"686\" height=\"559\" srcset=\"https:\/\/www.accuratereviews.com\/wp-content\/uploads\/2025\/06\/Screenshot-2025-06-09-alle-12.02.46-1024x834.png 1024w, https:\/\/www.accuratereviews.com\/wp-content\/uploads\/2025\/06\/Screenshot-2025-06-09-alle-12.02.46-300x244.png 300w, https:\/\/www.accuratereviews.com\/wp-content\/uploads\/2025\/06\/Screenshot-2025-06-09-alle-12.02.46-768x625.png 768w, https:\/\/www.accuratereviews.com\/wp-content\/uploads\/2025\/06\/Screenshot-2025-06-09-alle-12.02.46-1536x1251.png 1536w, https:\/\/www.accuratereviews.com\/wp-content\/uploads\/2025\/06\/Screenshot-2025-06-09-alle-12.02.46-50x41.png 50w, https:\/\/www.accuratereviews.com\/wp-content\/uploads\/2025\/06\/Screenshot-2025-06-09-alle-12.02.46-153x125.png 153w, https:\/\/www.accuratereviews.com\/wp-content\/uploads\/2025\/06\/Screenshot-2025-06-09-alle-12.02.46-968x788.png 968w, https:\/\/www.accuratereviews.com\/wp-content\/uploads\/2025\/06\/Screenshot-2025-06-09-alle-12.02.46-636x518.png 636w, https:\/\/www.accuratereviews.com\/wp-content\/uploads\/2025\/06\/Screenshot-2025-06-09-alle-12.02.46-320x261.png 320w, https:\/\/www.accuratereviews.com\/wp-content\/uploads\/2025\/06\/Screenshot-2025-06-09-alle-12.02.46-239x195.png 239w, https:\/\/www.accuratereviews.com\/wp-content\/uploads\/2025\/06\/Screenshot-2025-06-09-alle-12.02.46.png 1778w\" sizes=\"auto, (max-width: 686px) 100vw, 686px\" \/><\/a><\/h2>\n<h2>SISTEMA OTTO PRESENZE IN CLOUD \u00a0&#8211; CARATTERISTICHE<\/h2>\n<ul>\n<li>Dati generali, assunzioni, pagamenti, accessi e molto altro.<\/li>\n<li>Lo storico delle variazioni contrattuali facilmente consultabile per periodo<\/li>\n<li>Gestione e tracciabilit\u00e0 di proroghe, passaggi di livello, mansione, qualifica e molto altro<\/li>\n<li>Report automatici per questionari sul personale e per certificazioni<\/li>\n<li>Gestione documenti, visite e formazione<\/li>\n<li>Possibilit\u00e0 di condividere con il dipendente tutti i documenti a lui collegati attraverso il Portale Dipendenti<\/li>\n<li>Tutte le scadenze sotto controllo! Il sistema avvisa con un alert personalizzato, in tempo utile per organizzare i rinnovi<\/li>\n<li>Richieste automatiche di compilazione di moduli per i dipendenti<\/li>\n<li>Per i mezzi possibilit\u00e0 di inserire le revisioni, manutenzioni, contratti di noleggio<\/li>\n<li>Analisi ore per centro di costo<\/li>\n<li>Centri di costo illimitati<\/li>\n<li>Consuntivo ore per centri di costo rilevati da marcatura.<\/li>\n<li>Allineamento consuntivo costi da paghe<\/li>\n<li>Confronto fra preventivo e consuntivo<\/li>\n<li>Alert per centri di costo non in crescita<\/li>\n<li>Impostazione regole di fatturazione dei servizi e prezzi<\/li>\n<li>Collegamento con il software di fatturazione gi\u00e0 presente in azienda<\/li>\n<li>Rendicontazione al cliente tramite accesso online e reportistica in tempo reale<\/li>\n<li>Indicazione andamento centro di costo in pianificazione del personale con il modulo pianificazione<\/li>\n<li>Possibilit\u00e0 di gestire l&#8217;apertura di un cancello, porta o sbarra<\/li>\n<li>Gestione di whitelist differenziate per ogni accesso<\/li>\n<li>Possibilit\u00e0 di creare i profili di accesso per ogni dipendente<\/li>\n<li>Gestione degli orari di accesso<\/li>\n<\/ul>\n<h4>LE RECENSIONI DEGLI UTENTI<\/h4>\n<p><strong>Caterina &#8220;Semplice e chiaro&#8221;<\/strong><br \/>\n<strong>Commenti<\/strong>: La facilit\u00e0 di apprendimento del sistema \u00e8 merito dello Staff molto gentile e disponibile. Anche in caso di necessit\u00e0 successiva all&#8217;apprendimento del sistema, sono stati sempre chiari e disponibili a fornire ulteriori informazioni utili<br \/>\n<strong>Pro<\/strong>: Facile da leggere, facile da usare. Consiglio!!!<br \/>\n<strong>Contro<\/strong>: NESSUN CONTROASSOLUTAMENTE, anzi chiarezza e facilit\u00e0 di utilizzo<\/p>\n<p><strong>Claudio &#8220;Automazione totale per la gestione delle presenze&#8221;<\/strong><br \/>\n<strong>Commenti<\/strong>: E\u2019 stato una variabile rilevante per la gestione in ottica di snellimento dei processi interni sia sul lato amministrativo che produttivo<br \/>\n<strong>Pro<\/strong>: Facilit\u00e0 di utilizzo, integrabilit\u00e0 con altri software e gestionali presenti, possibilit\u00e0 totale di customizzazione rispetto al contesto e le particolarit\u00e0 operative<br \/>\n<strong>Contro<\/strong>: Non ci sono elementi negativi che sono emersi ogni esigenza \u00e8 stata superata dalla possibilit\u00e0 di integrazione con altri sw e dalla possibilit\u00e0 di customizzare il prodotto<\/p>\n<p><strong>Enrico &#8220;Gestione presenze Comune di Radda in Chianti&#8221;<\/strong><br \/>\n<strong>Commenti<\/strong>: Complessivamente molto positiva, soprattutto rapportata al precedente sistema in uso.<br \/>\n<strong>Pro<\/strong>: Rispetto alla precedente gestione (effettuata con sistema automatico delle sole timbrature di ingresso ed uscita e gestione permessi, autorizzazioni straordinario ecc. esclusivamente cartacea) si riscontra un evidente progresso in semplificazione e riduzione dei tempi.<br \/>\n<strong>Contro<\/strong>: La gestione degli straordinari richiede un doppio passaggio che, per chi usa raramente questa funzione, non sempre \u00e8 di facile gestione.<\/p>\n","protected":false},"excerpt":{"rendered":"<p>Sistema otto presenze in cloud \u00e8 un software di gestione del personale che aiuta le aziende a monitorare le presenze dei dipendenti, pianificare i turni, raccogliere dati personali e altro ancora attraverso una piattaforma centralizzata. Le funzionalit\u00e0 principali includono la gestione delle presenze, la contabilit\u00e0, la pianificazione dei turni, la rilevazione delle presenze, il reporting, la gestione documentale e il monitoraggio dei costi e molto altro.<\/p>\n","protected":false},"author":19,"featured_media":91865,"parent":87246,"menu_order":0,"comment_status":"open","ping_status":"closed","template":"g1_template_page_review_new.php","meta":{"_acf_changed":false,"cwp_meta_box_check":"Yes","cwp_rev_product_name":"","cwp_rev_product_image":"","wppr_links":[],"cwp_rev_price":"0.00","wppr_options":[{"name":"Usability","value":"0"},{"name":"Speed","value":"0"},{"name":"Features","value":"0"},{"name":"Support","value":"0"},{"name":"Pricing","value":"0"}],"wppr_pros":["","","","",""],"wppr_cons":["","","","",""],"_monsterinsights_skip_tracking":false,"_monsterinsights_sitenote_active":false,"_monsterinsights_sitenote_note":"","_monsterinsights_sitenote_category":0,"footnotes":""},"categories":[16111],"tags":[16146,16121,16295,16120,16144,16123],"features":[],"class_list":{"0":"post-91849","1":"page","2":"type-page","3":"status-publish","4":"has-post-thumbnail","6":"category-programmi-per-turni-di-lavoro","7":"tag-piattaforma-turni-di-lavoro","8":"tag-programma-turni-di-lavoro","9":"tag-sistema-otto-presenze-in-cloud","10":"tag-software-turni-di-lavoro","11":"tag-soluzione-turni-di-lavoro","12":"tag-turni-di-lavoro"},"wppr_data":{"cwp_meta_box_check":"Yes","_wppr_review_template":"default","cwp_rev_product_image":"","cwp_image_link":"image","wppr_links":[],"cwp_rev_price":"0.00","wppr_pros":["","","","",""],"wppr_cons":["","","","",""],"wppr_rating":"0.00","wppr_options":{"1":{"name":"Usability","value":"0"},"2":{"name":"Speed","value":"0"},"3":{"name":"Features","value":"0"},"4":{"name":"Support","value":"0"},"5":{"name":"Pricing","value":"0"}},"wppr_review_type":"Product","wppr_review_custom_fields":{"additionalProperty":"","additionalType":"","aggregateRating":"","alternateName":"","audience":"","award":"","awards":"","brand":"","color":"","depth":"","description":"","disambiguatingDescription":"","gtin12":"","gtin13":"","gtin14":"","gtin8":"","height":"","identifier":"","image":"","isAccessoryOrSparePartFor":"","isConsumableFor":"","isRelatedTo":"","isSimilarTo":"","itemCondition":"","logo":"","mainEntityOfPage":"","manufacturer":"","material":"","model":"","mpn":"","name":"","offers":"","potentialAction":"","productID":"","productionDate":"","purchaseDate":"","releaseDate":"","review":"","reviews":"","sameAs":"","sku":"","slogan":"","subjectOf":"","url":"","weight":"","width":""}},"acf":[],"yoast_head":"<!-- This site is optimized with the Yoast SEO plugin v27.4 - https:\/\/yoast.com\/product\/yoast-seo-wordpress\/ -->\n<title>Sistema otto presenze in cloud: recensione software turni di lavoro - Accurate Reviews<\/title>\n<meta name=\"description\" content=\"Sistema otto presenze in cloud: recensione software di gestione del personale che aiuta le aziende a monitorare le presenze dei dipendenti.\" \/>\n<meta name=\"robots\" content=\"index, follow, max-snippet:-1, max-image-preview:large, max-video-preview:-1\" \/>\n<link rel=\"canonical\" href=\"https:\/\/www.accuratereviews.com\/it\/programmi-gestione-turni-lavoro\/sistema-otto-presenze-in-cloud-recensione\/\" \/>\n<meta property=\"og:locale\" content=\"it_IT\" \/>\n<meta property=\"og:type\" content=\"article\" \/>\n<meta property=\"og:title\" content=\"Sistema otto presenze in cloud: recensione software turni di lavoro - Accurate Reviews\" \/>\n<meta property=\"og:description\" content=\"Sistema otto presenze in cloud: recensione software di gestione del personale che aiuta le aziende a monitorare le presenze dei dipendenti.\" \/>\n<meta property=\"og:url\" content=\"https:\/\/www.accuratereviews.com\/it\/programmi-gestione-turni-lavoro\/sistema-otto-presenze-in-cloud-recensione\/\" \/>\n<meta property=\"og:site_name\" content=\"Accurate Reviews\" \/>\n<meta property=\"article:modified_time\" content=\"2025-10-14T07:43:56+00:00\" \/>\n<meta name=\"twitter:card\" content=\"summary_large_image\" \/>\n<meta name=\"twitter:label1\" content=\"Tempo di lettura stimato\" \/>\n\t<meta name=\"twitter:data1\" content=\"5 minuti\" \/>\n<script type=\"application\/ld+json\" class=\"yoast-schema-graph\">{\"@context\":\"https:\\\/\\\/schema.org\",\"@graph\":[{\"@type\":\"WebPage\",\"@id\":\"https:\\\/\\\/www.accuratereviews.com\\\/it\\\/programmi-gestione-turni-lavoro\\\/sistema-otto-presenze-in-cloud-recensione\\\/\",\"url\":\"https:\\\/\\\/www.accuratereviews.com\\\/it\\\/programmi-gestione-turni-lavoro\\\/sistema-otto-presenze-in-cloud-recensione\\\/\",\"name\":\"Sistema otto presenze in cloud: recensione software turni di lavoro - Accurate Reviews\",\"isPartOf\":{\"@id\":\"https:\\\/\\\/www.accuratereviews.com\\\/it\\\/#website\"},\"primaryImageOfPage\":{\"@id\":\"https:\\\/\\\/www.accuratereviews.com\\\/it\\\/programmi-gestione-turni-lavoro\\\/sistema-otto-presenze-in-cloud-recensione\\\/#primaryimage\"},\"image\":{\"@id\":\"https:\\\/\\\/www.accuratereviews.com\\\/it\\\/programmi-gestione-turni-lavoro\\\/sistema-otto-presenze-in-cloud-recensione\\\/#primaryimage\"},\"thumbnailUrl\":\"https:\\\/\\\/www.accuratereviews.com\\\/wp-content\\\/uploads\\\/2025\\\/06\\\/SISTEMA-OTTO.avif\",\"datePublished\":\"2025-06-09T20:59:09+00:00\",\"dateModified\":\"2025-10-14T07:43:56+00:00\",\"description\":\"Sistema otto presenze in cloud: recensione software di gestione del personale che aiuta le aziende a monitorare le presenze dei dipendenti.\",\"breadcrumb\":{\"@id\":\"https:\\\/\\\/www.accuratereviews.com\\\/it\\\/programmi-gestione-turni-lavoro\\\/sistema-otto-presenze-in-cloud-recensione\\\/#breadcrumb\"},\"inLanguage\":\"it-IT\",\"potentialAction\":[{\"@type\":\"ReadAction\",\"target\":[\"https:\\\/\\\/www.accuratereviews.com\\\/it\\\/programmi-gestione-turni-lavoro\\\/sistema-otto-presenze-in-cloud-recensione\\\/\"]}]},{\"@type\":\"ImageObject\",\"inLanguage\":\"it-IT\",\"@id\":\"https:\\\/\\\/www.accuratereviews.com\\\/it\\\/programmi-gestione-turni-lavoro\\\/sistema-otto-presenze-in-cloud-recensione\\\/#primaryimage\",\"url\":\"https:\\\/\\\/www.accuratereviews.com\\\/wp-content\\\/uploads\\\/2025\\\/06\\\/SISTEMA-OTTO.avif\",\"contentUrl\":\"https:\\\/\\\/www.accuratereviews.com\\\/wp-content\\\/uploads\\\/2025\\\/06\\\/SISTEMA-OTTO.avif\",\"width\":270,\"height\":270},{\"@type\":\"BreadcrumbList\",\"@id\":\"https:\\\/\\\/www.accuratereviews.com\\\/it\\\/programmi-gestione-turni-lavoro\\\/sistema-otto-presenze-in-cloud-recensione\\\/#breadcrumb\",\"itemListElement\":[{\"@type\":\"ListItem\",\"position\":1,\"name\":\"Home\",\"item\":\"https:\\\/\\\/www.accuratereviews.com\\\/it\\\/\"},{\"@type\":\"ListItem\",\"position\":2,\"name\":\"Programmi per turni di lavoro\",\"item\":\"https:\\\/\\\/www.accuratereviews.com\\\/it\\\/programmi-gestione-turni-lavoro\\\/\"},{\"@type\":\"ListItem\",\"position\":3,\"name\":\"Sistema otto presenze in cloud\"}]},{\"@type\":\"WebSite\",\"@id\":\"https:\\\/\\\/www.accuratereviews.com\\\/it\\\/#website\",\"url\":\"https:\\\/\\\/www.accuratereviews.com\\\/it\\\/\",\"name\":\"Accurate Reviews\",\"description\":\"\",\"potentialAction\":[{\"@type\":\"SearchAction\",\"target\":{\"@type\":\"EntryPoint\",\"urlTemplate\":\"https:\\\/\\\/www.accuratereviews.com\\\/it\\\/?s={search_term_string}\"},\"query-input\":{\"@type\":\"PropertyValueSpecification\",\"valueRequired\":true,\"valueName\":\"search_term_string\"}}],\"inLanguage\":\"it-IT\"}]}<\/script>\n<!-- \/ Yoast SEO plugin. -->","yoast_head_json":{"title":"Sistema otto presenze in cloud: recensione software turni di lavoro - Accurate Reviews","description":"Sistema otto presenze in cloud: recensione software di gestione del personale che aiuta le aziende a monitorare le presenze dei dipendenti.","robots":{"index":"index","follow":"follow","max-snippet":"max-snippet:-1","max-image-preview":"max-image-preview:large","max-video-preview":"max-video-preview:-1"},"canonical":"https:\/\/www.accuratereviews.com\/it\/programmi-gestione-turni-lavoro\/sistema-otto-presenze-in-cloud-recensione\/","og_locale":"it_IT","og_type":"article","og_title":"Sistema otto presenze in cloud: recensione software turni di lavoro - Accurate Reviews","og_description":"Sistema otto presenze in cloud: recensione software di gestione del personale che aiuta le aziende a monitorare le presenze dei dipendenti.","og_url":"https:\/\/www.accuratereviews.com\/it\/programmi-gestione-turni-lavoro\/sistema-otto-presenze-in-cloud-recensione\/","og_site_name":"Accurate Reviews","article_modified_time":"2025-10-14T07:43:56+00:00","twitter_card":"summary_large_image","twitter_misc":{"Tempo di lettura stimato":"5 minuti"},"schema":{"@context":"https:\/\/schema.org","@graph":[{"@type":"WebPage","@id":"https:\/\/www.accuratereviews.com\/it\/programmi-gestione-turni-lavoro\/sistema-otto-presenze-in-cloud-recensione\/","url":"https:\/\/www.accuratereviews.com\/it\/programmi-gestione-turni-lavoro\/sistema-otto-presenze-in-cloud-recensione\/","name":"Sistema otto presenze in cloud: recensione software turni di lavoro - Accurate Reviews","isPartOf":{"@id":"https:\/\/www.accuratereviews.com\/it\/#website"},"primaryImageOfPage":{"@id":"https:\/\/www.accuratereviews.com\/it\/programmi-gestione-turni-lavoro\/sistema-otto-presenze-in-cloud-recensione\/#primaryimage"},"image":{"@id":"https:\/\/www.accuratereviews.com\/it\/programmi-gestione-turni-lavoro\/sistema-otto-presenze-in-cloud-recensione\/#primaryimage"},"thumbnailUrl":"https:\/\/www.accuratereviews.com\/wp-content\/uploads\/2025\/06\/SISTEMA-OTTO.avif","datePublished":"2025-06-09T20:59:09+00:00","dateModified":"2025-10-14T07:43:56+00:00","description":"Sistema otto presenze in cloud: recensione software di gestione del personale che aiuta le aziende a monitorare le presenze dei dipendenti.","breadcrumb":{"@id":"https:\/\/www.accuratereviews.com\/it\/programmi-gestione-turni-lavoro\/sistema-otto-presenze-in-cloud-recensione\/#breadcrumb"},"inLanguage":"it-IT","potentialAction":[{"@type":"ReadAction","target":["https:\/\/www.accuratereviews.com\/it\/programmi-gestione-turni-lavoro\/sistema-otto-presenze-in-cloud-recensione\/"]}]},{"@type":"ImageObject","inLanguage":"it-IT","@id":"https:\/\/www.accuratereviews.com\/it\/programmi-gestione-turni-lavoro\/sistema-otto-presenze-in-cloud-recensione\/#primaryimage","url":"https:\/\/www.accuratereviews.com\/wp-content\/uploads\/2025\/06\/SISTEMA-OTTO.avif","contentUrl":"https:\/\/www.accuratereviews.com\/wp-content\/uploads\/2025\/06\/SISTEMA-OTTO.avif","width":270,"height":270},{"@type":"BreadcrumbList","@id":"https:\/\/www.accuratereviews.com\/it\/programmi-gestione-turni-lavoro\/sistema-otto-presenze-in-cloud-recensione\/#breadcrumb","itemListElement":[{"@type":"ListItem","position":1,"name":"Home","item":"https:\/\/www.accuratereviews.com\/it\/"},{"@type":"ListItem","position":2,"name":"Programmi per turni di lavoro","item":"https:\/\/www.accuratereviews.com\/it\/programmi-gestione-turni-lavoro\/"},{"@type":"ListItem","position":3,"name":"Sistema otto presenze in cloud"}]},{"@type":"WebSite","@id":"https:\/\/www.accuratereviews.com\/it\/#website","url":"https:\/\/www.accuratereviews.com\/it\/","name":"Accurate Reviews","description":"","potentialAction":[{"@type":"SearchAction","target":{"@type":"EntryPoint","urlTemplate":"https:\/\/www.accuratereviews.com\/it\/?s={search_term_string}"},"query-input":{"@type":"PropertyValueSpecification","valueRequired":true,"valueName":"search_term_string"}}],"inLanguage":"it-IT"}]}},"_links":{"self":[{"href":"https:\/\/www.accuratereviews.com\/it\/wp-json\/wp\/v2\/pages\/91849","targetHints":{"allow":["GET"]}}],"collection":[{"href":"https:\/\/www.accuratereviews.com\/it\/wp-json\/wp\/v2\/pages"}],"about":[{"href":"https:\/\/www.accuratereviews.com\/it\/wp-json\/wp\/v2\/types\/page"}],"author":[{"embeddable":true,"href":"https:\/\/www.accuratereviews.com\/it\/wp-json\/wp\/v2\/users\/19"}],"replies":[{"embeddable":true,"href":"https:\/\/www.accuratereviews.com\/it\/wp-json\/wp\/v2\/comments?post=91849"}],"version-history":[{"count":12,"href":"https:\/\/www.accuratereviews.com\/it\/wp-json\/wp\/v2\/pages\/91849\/revisions"}],"predecessor-version":[{"id":104362,"href":"https:\/\/www.accuratereviews.com\/it\/wp-json\/wp\/v2\/pages\/91849\/revisions\/104362"}],"up":[{"embeddable":true,"href":"https:\/\/www.accuratereviews.com\/it\/wp-json\/wp\/v2\/pages\/87246"}],"wp:featuredmedia":[{"embeddable":true,"href":"https:\/\/www.accuratereviews.com\/it\/wp-json\/wp\/v2\/media\/91865"}],"wp:attachment":[{"href":"https:\/\/www.accuratereviews.com\/it\/wp-json\/wp\/v2\/media?parent=91849"}],"wp:term":[{"taxonomy":"category","embeddable":true,"href":"https:\/\/www.accuratereviews.com\/it\/wp-json\/wp\/v2\/categories?post=91849"},{"taxonomy":"post_tag","embeddable":true,"href":"https:\/\/www.accuratereviews.com\/it\/wp-json\/wp\/v2\/tags?post=91849"},{"taxonomy":"features","embeddable":true,"href":"https:\/\/www.accuratereviews.com\/it\/wp-json\/wp\/v2\/features?post=91849"}],"curies":[{"name":"wp","href":"https:\/\/api.w.org\/{rel}","templated":true}]}}