{"id":9188,"date":"2017-05-02T09:01:48","date_gmt":"2017-05-02T09:01:48","guid":{"rendered":"http:\/\/www.accuratereviews.com\/chat-i-migliori-im-lista\/tox\/"},"modified":"2017-05-02T10:16:16","modified_gmt":"2017-05-02T10:16:16","slug":"tox","status":"publish","type":"page","link":"https:\/\/www.accuratereviews.com\/it\/chat-i-migliori-im-lista\/tox\/","title":{"rendered":"Tox"},"content":{"rendered":"<p><img loading=\"lazy\" decoding=\"async\" src=\"http:\/\/www.accuratereviews.com\/wp-content\/uploads\/2017\/05\/Tox.png\" alt=\"Tox\" width=\"1759\" height=\"1132\" class=\"alignnone size-full wp-image-9184\" srcset=\"https:\/\/www.accuratereviews.com\/wp-content\/uploads\/2017\/05\/Tox.png 1759w, https:\/\/www.accuratereviews.com\/wp-content\/uploads\/2017\/05\/Tox-300x193.png 300w, https:\/\/www.accuratereviews.com\/wp-content\/uploads\/2017\/05\/Tox-768x494.png 768w, https:\/\/www.accuratereviews.com\/wp-content\/uploads\/2017\/05\/Tox-1024x659.png 1024w, https:\/\/www.accuratereviews.com\/wp-content\/uploads\/2017\/05\/Tox-194x125.png 194w, https:\/\/www.accuratereviews.com\/wp-content\/uploads\/2017\/05\/Tox-50x32.png 50w, https:\/\/www.accuratereviews.com\/wp-content\/uploads\/2017\/05\/Tox-968x623.png 968w, https:\/\/www.accuratereviews.com\/wp-content\/uploads\/2017\/05\/Tox-636x409.png 636w, https:\/\/www.accuratereviews.com\/wp-content\/uploads\/2017\/05\/Tox-320x206.png 320w, https:\/\/www.accuratereviews.com\/wp-content\/uploads\/2017\/05\/Tox-239x154.png 239w\" sizes=\"auto, (max-width: 1759px) 100vw, 1759px\" \/><\/p>\n<p>Ogni volta che un nuovo software si affaccia ad un mercato affollato, i suoi produttori cercano di proporlo come una scelta rivoluzionaria che permette un passo avanti nel settore: non \u00e8 solo pi\u00f9 rapido e pi\u00f9 bello da vedere, ma include anche funzionalit\u00e0 fantastiche di cui non credevi avresti mai avuto bisogno. <strong>Tox<\/strong> non rientra in questa logica, ma ci\u00f2 non vuol dire che non valga la pena provarlo. La maggior parte delle sue <strong>funzionalit\u00e0 sono quelle che troviamo in qualsiasi servizio di Instant Messaging<\/strong> disponibile sul mercato. <\/p>\n<p>\u00c8 possibile <strong>creare chat con utenti in giro per il mondo<\/strong>, utilizzare <strong>chat di gruppo<\/strong> per coordinarsi su progetti e impegni, \u00e8 possibile <strong>scambiare con colleghi e contatti una quantit\u00e0 illimitata di file<\/strong>. Gli utenti possono inoltre <strong>condividere schermate ed effettuare chat video e vocali<\/strong>. Il tutto assolutamente in modo gratuito. <\/p>\n<p>La caratteristica che rende Tox interessante \u00e8 la <strong>sicurezza garantita all&#8217;utente<\/strong>. Si tratta infatti di un <strong>IM open source<\/strong> e creato da una community ispirata dalle rivelazioni di Edward Snowden. Tutto ci\u00f2 che passa attraverso Tox, che sia chat o file, \u00e8 <strong>criptato sia all&#8217;invio che alla ricezione<\/strong> tramite librerie open source. Il software non utilizza server centrali che possono essere attaccati, buttati gi\u00f9 o dirottati per la manipolazione dei dati. Nessuno pu\u00f2 sapere con chi chattate, tranne la persona che sta ricevendo il messaggio. Come spiegano i creatori di Tox, il software \u00e8 un&#8217;alternativa a tutti i servizi IM che &#8220;ci spiano, tracciano le nostre azioni, ci censurano e non ci permettono di innovare&#8221;. <\/p>\n<p>Se <strong>utilizzate Tox per le vostre comunicazioni aziendali<\/strong> potete avere la certezza in pi\u00f9 della sicurezza, soprattutto se scambiate documenti sensibili. Vi troverete bene anche se lo usate per vostre questioni private a cui tenete particolarmente o se vi ritrovate in un Paese del mondo in cui il controllo su ci\u00f2 che viene detto e scambiato su Internet \u00e8 particolarmente feroce. Le <strong>funzionalit\u00e0 offerte da Tox<\/strong> sono pi\u00f9 che sufficienti per renderlo uno strumento di Instant Messaging degno di essere provato. <\/p>\n","protected":false},"excerpt":{"rendered":"<p>Ogni volta che un nuovo software si affaccia ad un mercato affollato, i suoi produttori cercano di proporlo come una scelta rivoluzionaria che permette un passo avanti nel settore: non \u00e8 solo pi\u00f9 rapido e pi\u00f9 bello da vedere, ma include anche funzionalit\u00e0 fantastiche di cui non credevi avresti mai avuto bisogno. <\/p>\n","protected":false},"author":16,"featured_media":0,"parent":5386,"menu_order":0,"comment_status":"open","ping_status":"closed","template":"g1_template_page_review_new.php","meta":{"_acf_changed":false,"cwp_meta_box_check":"Yes","cwp_rev_product_name":"","cwp_rev_product_image":"","wppr_links":[],"cwp_rev_price":"","wppr_options":[],"wppr_pros":[],"wppr_cons":[],"_monsterinsights_skip_tracking":false,"_monsterinsights_sitenote_active":false,"_monsterinsights_sitenote_note":"","_monsterinsights_sitenote_category":0,"footnotes":""},"categories":[95],"tags":[],"features":[],"class_list":{"0":"post-9188","1":"page","2":"type-page","3":"status-publish","5":"category-chat-im"},"wppr_data":{"cwp_meta_box_check":"Yes","cwp_rev_product_name":"","cwp_rev_product_image":"","cwp_image_link":"image","cwp_rev_price":"","wppr_rating":"0.00"},"acf":[],"yoast_head":"<!-- This site is optimized with the Yoast SEO plugin v27.4 - https:\/\/yoast.com\/product\/yoast-seo-wordpress\/ -->\n<title>Tox | Recensione dei migliori servizi di Instant Messaging e Chat<\/title>\n<meta name=\"description\" content=\"Tox \u00e8 un IM open source che offre un livello di sicurezza uno: tutte le vostre conversazioni e file scambiati sono criptati e al sicuro da occhi indiscreti.\" \/>\n<meta name=\"robots\" content=\"index, follow, max-snippet:-1, max-image-preview:large, max-video-preview:-1\" \/>\n<link rel=\"canonical\" href=\"https:\/\/www.accuratereviews.com\/it\/chat-i-migliori-im-lista\/tox\/\" \/>\n<meta property=\"og:locale\" content=\"it_IT\" \/>\n<meta property=\"og:type\" content=\"article\" \/>\n<meta property=\"og:title\" content=\"Tox | Recensione dei migliori servizi di Instant Messaging e Chat\" \/>\n<meta property=\"og:description\" content=\"Tox \u00e8 un IM open source che offre un livello di sicurezza uno: tutte le vostre conversazioni e file scambiati sono criptati e al sicuro da occhi indiscreti.\" \/>\n<meta property=\"og:url\" content=\"https:\/\/www.accuratereviews.com\/it\/chat-i-migliori-im-lista\/tox\/\" \/>\n<meta property=\"og:site_name\" content=\"Accurate Reviews\" \/>\n<meta property=\"article:modified_time\" content=\"2017-05-02T10:16:16+00:00\" \/>\n<meta property=\"og:image\" content=\"http:\/\/www.accuratereviews.com\/wp-content\/uploads\/2017\/05\/Tox.png\" \/>\n<meta name=\"twitter:card\" content=\"summary_large_image\" \/>\n<meta name=\"twitter:label1\" content=\"Tempo di lettura stimato\" \/>\n\t<meta name=\"twitter:data1\" content=\"2 minuti\" \/>\n<script type=\"application\/ld+json\" class=\"yoast-schema-graph\">{\"@context\":\"https:\\\/\\\/schema.org\",\"@graph\":[{\"@type\":\"WebPage\",\"@id\":\"https:\\\/\\\/www.accuratereviews.com\\\/it\\\/chat-i-migliori-im-lista\\\/tox\\\/\",\"url\":\"https:\\\/\\\/www.accuratereviews.com\\\/it\\\/chat-i-migliori-im-lista\\\/tox\\\/\",\"name\":\"Tox | Recensione dei migliori servizi di Instant Messaging e Chat\",\"isPartOf\":{\"@id\":\"https:\\\/\\\/www.accuratereviews.com\\\/it\\\/#website\"},\"primaryImageOfPage\":{\"@id\":\"https:\\\/\\\/www.accuratereviews.com\\\/it\\\/chat-i-migliori-im-lista\\\/tox\\\/#primaryimage\"},\"image\":{\"@id\":\"https:\\\/\\\/www.accuratereviews.com\\\/it\\\/chat-i-migliori-im-lista\\\/tox\\\/#primaryimage\"},\"thumbnailUrl\":\"http:\\\/\\\/www.accuratereviews.com\\\/wp-content\\\/uploads\\\/2017\\\/05\\\/Tox.png\",\"datePublished\":\"2017-05-02T09:01:48+00:00\",\"dateModified\":\"2017-05-02T10:16:16+00:00\",\"description\":\"Tox \u00e8 un IM open source che offre un livello di sicurezza uno: tutte le vostre conversazioni e file scambiati sono criptati e al sicuro da occhi indiscreti.\",\"breadcrumb\":{\"@id\":\"https:\\\/\\\/www.accuratereviews.com\\\/it\\\/chat-i-migliori-im-lista\\\/tox\\\/#breadcrumb\"},\"inLanguage\":\"it-IT\",\"potentialAction\":[{\"@type\":\"ReadAction\",\"target\":[\"https:\\\/\\\/www.accuratereviews.com\\\/it\\\/chat-i-migliori-im-lista\\\/tox\\\/\"]}]},{\"@type\":\"ImageObject\",\"inLanguage\":\"it-IT\",\"@id\":\"https:\\\/\\\/www.accuratereviews.com\\\/it\\\/chat-i-migliori-im-lista\\\/tox\\\/#primaryimage\",\"url\":\"http:\\\/\\\/www.accuratereviews.com\\\/wp-content\\\/uploads\\\/2017\\\/05\\\/Tox.png\",\"contentUrl\":\"http:\\\/\\\/www.accuratereviews.com\\\/wp-content\\\/uploads\\\/2017\\\/05\\\/Tox.png\"},{\"@type\":\"BreadcrumbList\",\"@id\":\"https:\\\/\\\/www.accuratereviews.com\\\/it\\\/chat-i-migliori-im-lista\\\/tox\\\/#breadcrumb\",\"itemListElement\":[{\"@type\":\"ListItem\",\"position\":1,\"name\":\"Home\",\"item\":\"https:\\\/\\\/www.accuratereviews.com\\\/it\\\/\"},{\"@type\":\"ListItem\",\"position\":2,\"name\":\"Chat: I migliori IM\",\"item\":\"https:\\\/\\\/www.accuratereviews.com\\\/it\\\/chat-i-migliori-im-lista\\\/\"},{\"@type\":\"ListItem\",\"position\":3,\"name\":\"Tox\"}]},{\"@type\":\"WebSite\",\"@id\":\"https:\\\/\\\/www.accuratereviews.com\\\/it\\\/#website\",\"url\":\"https:\\\/\\\/www.accuratereviews.com\\\/it\\\/\",\"name\":\"Accurate Reviews\",\"description\":\"\",\"potentialAction\":[{\"@type\":\"SearchAction\",\"target\":{\"@type\":\"EntryPoint\",\"urlTemplate\":\"https:\\\/\\\/www.accuratereviews.com\\\/it\\\/?s={search_term_string}\"},\"query-input\":{\"@type\":\"PropertyValueSpecification\",\"valueRequired\":true,\"valueName\":\"search_term_string\"}}],\"inLanguage\":\"it-IT\"}]}<\/script>\n<!-- \/ Yoast SEO plugin. -->","yoast_head_json":{"title":"Tox | Recensione dei migliori servizi di Instant Messaging e Chat","description":"Tox \u00e8 un IM open source che offre un livello di sicurezza uno: tutte le vostre conversazioni e file scambiati sono criptati e al sicuro da occhi indiscreti.","robots":{"index":"index","follow":"follow","max-snippet":"max-snippet:-1","max-image-preview":"max-image-preview:large","max-video-preview":"max-video-preview:-1"},"canonical":"https:\/\/www.accuratereviews.com\/it\/chat-i-migliori-im-lista\/tox\/","og_locale":"it_IT","og_type":"article","og_title":"Tox | Recensione dei migliori servizi di Instant Messaging e Chat","og_description":"Tox \u00e8 un IM open source che offre un livello di sicurezza uno: tutte le vostre conversazioni e file scambiati sono criptati e al sicuro da occhi indiscreti.","og_url":"https:\/\/www.accuratereviews.com\/it\/chat-i-migliori-im-lista\/tox\/","og_site_name":"Accurate Reviews","article_modified_time":"2017-05-02T10:16:16+00:00","og_image":[{"url":"http:\/\/www.accuratereviews.com\/wp-content\/uploads\/2017\/05\/Tox.png","type":"","width":"","height":""}],"twitter_card":"summary_large_image","twitter_misc":{"Tempo di lettura stimato":"2 minuti"},"schema":{"@context":"https:\/\/schema.org","@graph":[{"@type":"WebPage","@id":"https:\/\/www.accuratereviews.com\/it\/chat-i-migliori-im-lista\/tox\/","url":"https:\/\/www.accuratereviews.com\/it\/chat-i-migliori-im-lista\/tox\/","name":"Tox | Recensione dei migliori servizi di Instant Messaging e Chat","isPartOf":{"@id":"https:\/\/www.accuratereviews.com\/it\/#website"},"primaryImageOfPage":{"@id":"https:\/\/www.accuratereviews.com\/it\/chat-i-migliori-im-lista\/tox\/#primaryimage"},"image":{"@id":"https:\/\/www.accuratereviews.com\/it\/chat-i-migliori-im-lista\/tox\/#primaryimage"},"thumbnailUrl":"http:\/\/www.accuratereviews.com\/wp-content\/uploads\/2017\/05\/Tox.png","datePublished":"2017-05-02T09:01:48+00:00","dateModified":"2017-05-02T10:16:16+00:00","description":"Tox \u00e8 un IM open source che offre un livello di sicurezza uno: tutte le vostre conversazioni e file scambiati sono criptati e al sicuro da occhi indiscreti.","breadcrumb":{"@id":"https:\/\/www.accuratereviews.com\/it\/chat-i-migliori-im-lista\/tox\/#breadcrumb"},"inLanguage":"it-IT","potentialAction":[{"@type":"ReadAction","target":["https:\/\/www.accuratereviews.com\/it\/chat-i-migliori-im-lista\/tox\/"]}]},{"@type":"ImageObject","inLanguage":"it-IT","@id":"https:\/\/www.accuratereviews.com\/it\/chat-i-migliori-im-lista\/tox\/#primaryimage","url":"http:\/\/www.accuratereviews.com\/wp-content\/uploads\/2017\/05\/Tox.png","contentUrl":"http:\/\/www.accuratereviews.com\/wp-content\/uploads\/2017\/05\/Tox.png"},{"@type":"BreadcrumbList","@id":"https:\/\/www.accuratereviews.com\/it\/chat-i-migliori-im-lista\/tox\/#breadcrumb","itemListElement":[{"@type":"ListItem","position":1,"name":"Home","item":"https:\/\/www.accuratereviews.com\/it\/"},{"@type":"ListItem","position":2,"name":"Chat: I migliori IM","item":"https:\/\/www.accuratereviews.com\/it\/chat-i-migliori-im-lista\/"},{"@type":"ListItem","position":3,"name":"Tox"}]},{"@type":"WebSite","@id":"https:\/\/www.accuratereviews.com\/it\/#website","url":"https:\/\/www.accuratereviews.com\/it\/","name":"Accurate Reviews","description":"","potentialAction":[{"@type":"SearchAction","target":{"@type":"EntryPoint","urlTemplate":"https:\/\/www.accuratereviews.com\/it\/?s={search_term_string}"},"query-input":{"@type":"PropertyValueSpecification","valueRequired":true,"valueName":"search_term_string"}}],"inLanguage":"it-IT"}]}},"_links":{"self":[{"href":"https:\/\/www.accuratereviews.com\/it\/wp-json\/wp\/v2\/pages\/9188","targetHints":{"allow":["GET"]}}],"collection":[{"href":"https:\/\/www.accuratereviews.com\/it\/wp-json\/wp\/v2\/pages"}],"about":[{"href":"https:\/\/www.accuratereviews.com\/it\/wp-json\/wp\/v2\/types\/page"}],"author":[{"embeddable":true,"href":"https:\/\/www.accuratereviews.com\/it\/wp-json\/wp\/v2\/users\/16"}],"replies":[{"embeddable":true,"href":"https:\/\/www.accuratereviews.com\/it\/wp-json\/wp\/v2\/comments?post=9188"}],"version-history":[{"count":3,"href":"https:\/\/www.accuratereviews.com\/it\/wp-json\/wp\/v2\/pages\/9188\/revisions"}],"predecessor-version":[{"id":9193,"href":"https:\/\/www.accuratereviews.com\/it\/wp-json\/wp\/v2\/pages\/9188\/revisions\/9193"}],"up":[{"embeddable":true,"href":"https:\/\/www.accuratereviews.com\/it\/wp-json\/wp\/v2\/pages\/5386"}],"wp:attachment":[{"href":"https:\/\/www.accuratereviews.com\/it\/wp-json\/wp\/v2\/media?parent=9188"}],"wp:term":[{"taxonomy":"category","embeddable":true,"href":"https:\/\/www.accuratereviews.com\/it\/wp-json\/wp\/v2\/categories?post=9188"},{"taxonomy":"post_tag","embeddable":true,"href":"https:\/\/www.accuratereviews.com\/it\/wp-json\/wp\/v2\/tags?post=9188"},{"taxonomy":"features","embeddable":true,"href":"https:\/\/www.accuratereviews.com\/it\/wp-json\/wp\/v2\/features?post=9188"}],"curies":[{"name":"wp","href":"https:\/\/api.w.org\/{rel}","templated":true}]}}